{"id":414,"date":"2016-07-03T15:12:27","date_gmt":"2016-07-03T15:12:27","guid":{"rendered":"http:\/\/moverdb.com\/?page_id=414"},"modified":"2026-01-08T14:39:56","modified_gmt":"2026-01-08T14:39:56","slug":"koltozesi-koltsegek","status":"publish","type":"page","link":"https:\/\/moverdb.com\/hu\/moving-costs\/","title":{"rendered":"Nemzetk\u00f6zi k\u00f6lt\u00f6z\u00e9si k\u00f6lts\u00e9gek: 9 dolog, amit nem hagyhat figyelmen k\u00edv\u00fcl"},"content":{"rendered":"<p><img loading=\"lazy\" decoding=\"async\" src=\"https:\/\/moverdb.com\/wp-content\/uploads\/International-Moving-Costs.jpg\" alt=\"Nemzetk\u00f6zi k\u00f6lt\u00f6z\u00e9si k\u00f6lts\u00e9gek\" width=\"720\" height=\"477\" class=\"aligncenter size-full wp-image-780\" srcset=\"https:\/\/moverdb.com\/wp-content\/uploads\/International-Moving-Costs.jpg 720w, https:\/\/moverdb.com\/wp-content\/uploads\/International-Moving-Costs-300x200.jpg 300w, https:\/\/moverdb.com\/wp-content\/uploads\/International-Moving-Costs-600x398.jpg 600w\" sizes=\"auto, (max-width: 720px) 100vw, 720px\" \/><\/p>\n<p>Sokan, akik k\u00fclf\u00f6ldre k\u00f6lt\u00f6znek, meglep\u0151dnek azon, hogy a nemzetk\u00f6zi k\u00f6lt\u00f6z\u00e9si k\u00f6lts\u00e9gek milyen magasak lehetnek. Az al\u00e1bbiakban \u00e1ttekintj\u00fck a v\u00e1rhat\u00f3 \u00e9s v\u00e1ratlan kiad\u00e1sokat, amelyekkel szembes\u00fclhet, \u00e9s azt, hogyan lehet p\u00e9nzt megtakar\u00edtani. <\/p>\n<div id=\"ez-toc-container\" class=\"ez-toc-v2_0_82_2 ez-toc-wrap-left counter-hierarchy ez-toc-counter ez-toc-transparent ez-toc-container-direction\">\n<div class=\"ez-toc-title-container\">\n<p class=\"ez-toc-title\" style=\"cursor:inherit\">Szakaszok<\/p>\n<span class=\"ez-toc-title-toggle\"><a href=\"#\" class=\"ez-toc-pull-right ez-toc-btn ez-toc-btn-xs ez-toc-btn-default ez-toc-toggle\" aria-label=\"Toggle Tartalomjegyz\u00e9k\"><span class=\"ez-toc-js-icon-con\"><span class=\"\"><span class=\"eztoc-hide\" style=\"display:none;\">Toggle<\/span><span class=\"ez-toc-icon-toggle-span\"><svg style=\"fill: #999;color:#999\" xmlns=\"http:\/\/www.w3.org\/2000\/svg\" class=\"list-377408\" width=\"20px\" height=\"20px\" viewbox=\"0 0 24 24\" fill=\"none\"><path d=\"M6 6H4v2h2V6zm14 0H8v2h12V6zM4 11h2v2H4v-2zm16 0H8v2h12v-2zM4 16h2v2H4v-2zm16 0H8v2h12v-2z\" fill=\"currentColor\"><\/path><\/svg><svg style=\"fill: #999;color:#999\" class=\"arrow-unsorted-368013\" xmlns=\"http:\/\/www.w3.org\/2000\/svg\" width=\"10px\" height=\"10px\" viewbox=\"0 0 24 24\" version=\"1.2\" baseprofile=\"tiny\"><path d=\"M18.2 9.3l-6.2-6.3-6.2 6.3c-.2.2-.3.4-.3.7s.1.5.3.7c.2.2.4.3.7.3h11c.3 0 .5-.1.7-.3.2-.2.3-.5.3-.7s-.1-.5-.3-.7zM5.8 14.7l6.2 6.3 6.2-6.3c.2-.2.3-.5.3-.7s-.1-.5-.3-.7c-.2-.2-.4-.3-.7-.3h-11c-.3 0-.5.1-.7.3-.2.2-.3.5-.3.7s.1.5.3.7z\"\/><\/svg><\/span><\/span><\/span><\/a><\/span><\/div>\n<nav><ul class='ez-toc-list ez-toc-list-level-1 eztoc-toggle-hide-by-default' ><li class='ez-toc-page-1 ez-toc-heading-level-2'><a class=\"ez-toc-link ez-toc-heading-1\" href=\"https:\/\/moverdb.com\/hu\/moving-costs\/#1_Moving_Transportation_Costs\" >1. K\u00f6lt\u00f6z\u00e9si \u00e9s sz\u00e1ll\u00edt\u00e1si k\u00f6lts\u00e9gek<\/a><\/li><li class='ez-toc-page-1 ez-toc-heading-level-2'><a class=\"ez-toc-link ez-toc-heading-2\" href=\"https:\/\/moverdb.com\/hu\/moving-costs\/#2_Packing_Unpacking_Costs\" >2. Csomagol\u00e1si \u00e9s kicsomagol\u00e1si k\u00f6lts\u00e9gek<\/a><\/li><li class='ez-toc-page-1 ez-toc-heading-level-2'><a class=\"ez-toc-link ez-toc-heading-3\" href=\"https:\/\/moverdb.com\/hu\/moving-costs\/#3_Moving_Insurance_Costs\" >3. Mozg\u00f3 biztos\u00edt\u00e1si k\u00f6lts\u00e9gek<\/a><\/li><li class='ez-toc-page-1 ez-toc-heading-level-2'><a class=\"ez-toc-link ez-toc-heading-4\" href=\"https:\/\/moverdb.com\/hu\/moving-costs\/#4_Storage_Costs\" >4. T\u00e1rol\u00e1si k\u00f6lts\u00e9gek<\/a><\/li><li class='ez-toc-page-1 ez-toc-heading-level-2'><a class=\"ez-toc-link ez-toc-heading-5\" href=\"https:\/\/moverdb.com\/hu\/moving-costs\/#5Customs_Duty_Charges_Taxes\" >5.V\u00e1md\u00edjak \u00e9s ad\u00f3k<\/a><\/li><li class='ez-toc-page-1 ez-toc-heading-level-2'><a class=\"ez-toc-link ez-toc-heading-6\" href=\"https:\/\/moverdb.com\/hu\/moving-costs\/#6_Visa_Fees\" >6. V\u00edzumd\u00edjak<\/a><\/li><li class='ez-toc-page-1 ez-toc-heading-level-2'><a class=\"ez-toc-link ez-toc-heading-7\" href=\"https:\/\/moverdb.com\/hu\/moving-costs\/#7_Lawyer_Fees\" >7. \u00dcgyv\u00e9di d\u00edjak<\/a><\/li><li class='ez-toc-page-1 ez-toc-heading-level-2'><a class=\"ez-toc-link ez-toc-heading-8\" href=\"https:\/\/moverdb.com\/hu\/moving-costs\/#8_Housing_Costs\" >8. Lakhat\u00e1si k\u00f6lts\u00e9gek<\/a><\/li><li class='ez-toc-page-1 ez-toc-heading-level-2'><a class=\"ez-toc-link ez-toc-heading-9\" href=\"https:\/\/moverdb.com\/hu\/moving-costs\/#9_Other_Costs\" >9. Egy\u00e9b k\u00f6lts\u00e9gek<\/a><\/li><\/ul><\/nav><\/div>\n<h2><span class=\"ez-toc-section\" id=\"1_Moving_Transportation_Costs\"><\/span>1. K\u00f6lt\u00f6z\u00e9si \u00e9s sz\u00e1ll\u00edt\u00e1si k\u00f6lts\u00e9gek<span class=\"ez-toc-section-end\"><\/span><\/h2>\n<p>A legnagyobb kiad\u00e1s, amivel szembe kell n\u00e9znie, az a b\u00e9rbead\u00e1s. <a href=\"https:\/\/moverdb.com\/hu\/koltozteto-cegek\/\">nemzetk\u00f6zi k\u00f6lt\u00f6ztet\u0151 c\u00e9g<\/a> hogy az A orsz\u00e1gban l\u00e9v\u0151 h\u00e1z\u00e1b\u00f3l az \u00faj otthon\u00e1ba, B orsz\u00e1gba sz\u00e1ll\u00edtsa az \u00e1ruj\u00e1t. A fenti \u0171rlap seg\u00edts\u00e9g\u00e9vel \u00f6sszehasonl\u00edthatja a c\u00e9geket.<\/p>\n<p>A k\u00f6lts\u00e9gek n\u00e9h\u00e1ny f\u0151 t\u00e9nyez\u0151n alapulnak:<\/p>\n<ul>\n<li> <strong>A l\u00e9p\u00e9s m\u00e9rete:<\/strong> Min\u00e9l nagyobb a k\u00f6lt\u00f6z\u00e9s, ann\u00e1l dr\u00e1g\u00e1bb lesz. Ez mind a s\u00faly, mind a t\u00e9rfogat tekintet\u00e9ben igaz. A gy\u0171jt\u0151fuvaroz\u00e1si szolg\u00e1ltat\u00e1sok cs\u00f6kkenthetik ezt a d\u00edjat, ha nincs el\u00e9g \u00e1ruja egy teljes rakom\u00e1nyhoz.<\/li>\n<li> <strong>T\u00e1vols\u00e1g:<\/strong> Min\u00e9l messzebbre kell k\u00f6lt\u00f6znie, ann\u00e1l dr\u00e1g\u00e1bb lesz.<\/li>\n<li> <strong>\u00datvonal:<\/strong> Egyes \u00fati c\u00e9lok meglehet\u0151sen gyakoriak, m\u00edg m\u00e1sok meglehet\u0151sen ritk\u00e1k. P\u00e9ld\u00e1ul a nemzetk\u00f6zi k\u00f6lt\u00f6z\u00e9sek a k\u00f6vetkez\u0151k k\u00f6z\u00f6tt <a href=\"https:\/\/moverdb.com\/hu\/moving-to-canada\/\" data-internallinksmanager029f6b8e52c=\"265\" title=\"K\u00f6lt\u00f6z\u00e9s Kanad\u00e1ba? 2023 \u00c9letk\u00f6lts\u00e9gek \u00e9s k\u00f6lt\u00f6z\u00e9si tippek\">Kanada<\/a> \u00e9s a <a href=\"https:\/\/moverdb.com\/hu\/moving-to-the-united-states\/\" data-internallinksmanager029f6b8e52c=\"94\" title=\"Az Egyes\u00fclt \u00c1llamokba k\u00f6lt\u00f6zik? 2022 Meg\u00e9lhet\u00e9si k\u00f6lts\u00e9gek \u00e9s k\u00f6lt\u00f6z\u00e9si tippek\">Egyes\u00fclt \u00c1llamok<\/a> vagy Eur\u00f3p\u00e1n bel\u00fcl gyakoriak, \u00e9s ezek az \u00fatvonalak a verseny miatt \u00e1ltal\u00e1ban olcs\u00f3bbak, mint a kev\u00e9sb\u00e9 gyakoriak.<\/li>\n<li> <strong>Sz\u00e1ll\u00edt\u00e1si m\u00f3dszer:<\/strong> Az, hogy milyen m\u00f3dszert v\u00e1laszt az \u00e1rusz\u00e1ll\u00edt\u00e1shoz, nagyban befoly\u00e1solja a v\u00e9gs\u0151 \u00e1rat, amit fizetni fog. A tengeri sz\u00e1ll\u00edt\u00e1s a legolcs\u00f3bb megold\u00e1s, m\u00edg a l\u00e9gi sz\u00e1ll\u00edt\u00e1s a legdr\u00e1g\u00e1bb. A teheraut\u00f3k szinte mindig a k\u00f6lt\u00f6ztet\u00e9s els\u0151 \u00e9s utols\u00f3 szakasz\u00e1t v\u00e9gzik, f\u00fcggetlen\u00fcl a kett\u0151 k\u00f6z\u00f6tt haszn\u00e1lt m\u00f3dszer(ek)t\u0151l.<\/li>\n<\/ul>\n<p>Tekintettel arra, hogy a tengeri sz\u00e1ll\u00edt\u00e1s a legolcs\u00f3bb megold\u00e1s, egyesek megpr\u00f3b\u00e1lnak k\u00f6zvetlen\u00fcl egy <a href=\"https:\/\/moverdb.com\/hu\/hajozasi-tarsasagok\/\">nemzetk\u00f6zi haj\u00f3z\u00e1si v\u00e1llalat<\/a>. B\u00e1r ez n\u00e9ha olcs\u00f3bb lehet, a legt\u00f6bb ilyen c\u00e9g nem igaz\u00e1n otthoni k\u00f6lt\u00f6z\u00e9sekre van berendezkedve, hanem els\u0151sorban a k\u00f6vetkez\u0151kkel foglalkozik <a href=\"https:\/\/moverdb.com\/hu\/szallitmanyozo\/\">\u00e1rusz\u00e1ll\u00edt\u00e1s<\/a>.    <\/p>\n<p>A k\u00f6lt\u00f6z\u00e9si \u00e9s sz\u00e1ll\u00edt\u00e1si k\u00f6lts\u00e9gek jobb meg\u00e9rt\u00e9s\u00e9hez \u00e9rdemes elolvasnia a k\u00f6vetkez\u0151 \u00fatmutat\u00f3nkat is <a href=\"https:\/\/moverdb.com\/hu\/kontenerszallitas\/\">Nemzetk\u00f6zi kont\u00e9nersz\u00e1ll\u00edt\u00e1s k\u00f6lts\u00e9gei<\/a> vagy ugorjon egyenesen a <a href=\"https:\/\/moverdb.com\/hu\/idezi\/\">nemzetk\u00f6zi mozg\u00f3 \u00e1raj\u00e1nlatok<\/a>.<\/p>\n<p><strong>Tipikus k\u00f6lts\u00e9g:<\/strong> Kezdve a <strong>$1,000<\/strong> USD (750 font; 900 eur\u00f3), \u00e9s k\u00f6nnyen meghaladhatja az $10,000 doll\u00e1rt a tengerent\u00fali t\u00e1vols\u00e1gi k\u00f6lt\u00f6z\u00e9sekn\u00e9l.<\/p>\n<h2><span class=\"ez-toc-section\" id=\"2_Packing_Unpacking_Costs\"><\/span>2. Csomagol\u00e1si \u00e9s kicsomagol\u00e1si k\u00f6lts\u00e9gek<span class=\"ez-toc-section-end\"><\/span><\/h2>\n<p>B\u00e1r nem minden <a href=\"https:\/\/moverdb.com\/hu\/moving-companies\/\" data-internallinksmanager029f6b8e52c=\"79\" title=\"Top 25 nemzetk\u00f6zi k\u00f6lt\u00f6ztet\u0151 c\u00e9gek online\">k\u00f6lt\u00f6ztet\u0151 c\u00e9gek<\/a> a csomagol\u00e1s\u00e9rt \u00e9s kicsomagol\u00e1s\u00e9rt fel\u00e1rat sz\u00e1m\u00edtanak fel, sokan megteszik. Att\u00f3l f\u00fcgg\u0151en, hogy melyik orsz\u00e1gba k\u00f6lt\u00f6zik, el\u0151fordulhat, hogy nincs v\u00e1laszt\u00e1sa e k\u00f6lts\u00e9g visel\u00e9s\u00e9re. Ennek oka, hogy egyes orsz\u00e1gok v\u00e1mdokumentumai megk\u00f6vetelik, hogy a k\u00f6lt\u00f6ztet\u0151 c\u00e9g kezeskedjen a behozott \u00e1ruk\u00e9rt, \u00e9s biztos\u00edtsa, hogy semmi illeg\u00e1lisat nem sz\u00e1ll\u00edtanak.<\/p>\n<p>Az illeg\u00e1lis t\u00e1rgyak k\u00f6z\u00e9 tartoznak a nyilv\u00e1nval\u00f3 dolgok, p\u00e9ld\u00e1ul a k\u00e1b\u00edt\u00f3szerek \u00e9s a fegyverek, de olyan dolgok is, amelyekr\u0151l nem is tud, p\u00e9ld\u00e1ul bizonyos n\u00f6v\u00e9nyek vagy \u00e1llatok. A t\u00f6rv\u00e9nys\u00e9rt\u00e9sen kapott k\u00f6lt\u00f6ztet\u0151 c\u00e9gek p\u00e9nzb\u00edrs\u00e1gra sz\u00e1m\u00edthatnak, vagy elvesz\u00edthetik az enged\u00e9ly\u00fcket, \u00e9s ez\u00e1ltal az adott orsz\u00e1gban val\u00f3 \u00fczleti tev\u00e9kenys\u00e9g\u00fck lehet\u0151s\u00e9g\u00e9t.<\/p>\n<p>Ha szeretn\u00e9 elker\u00fclni vagy cs\u00f6kkenteni ezt a k\u00f6lts\u00e9get, mindenk\u00e9ppen besz\u00e9ljen a k\u00f6lt\u00f6ztet\u0151j\u00e9vel, \u00e9s n\u00e9zze meg, hogy tehet-e valamit. N\u00e9ha p\u00e9nzt takar\u00edthat meg azzal, ha maga csomagolja be a dolgokat, de a dobozokat nyitva hagyja, hogy a k\u00f6lt\u00f6ztet\u0151 ellen\u0151rizhesse azokat. A m\u00e1sik oldalon pedig mindig sp\u00f3rolhat, ha \u00fagy d\u00f6nt, hogy az \u00faj otthon\u00e1ban maga csomagolja ki a dolgokat. <\/p>\n<p>V\u00e9g\u00fcl, ne feledje, hogy a csomagol\u00f3anyagok, p\u00e9ld\u00e1ul a dobozok, a bubor\u00e9kf\u00f3lia \u00e9s a ragaszt\u00f3szalag beszerz\u00e9s\u00e9t nem lehet megker\u00fclni. <\/p>\n<p><strong>Tipikus k\u00f6lts\u00e9g:<\/strong> Kezdve a <strong>$100<\/strong> USD (\u00a375, \u20ac90), de \u00e1ltal\u00e1ban n\u00e9h\u00e1ny sz\u00e1z doll\u00e1r.    <\/p>\n<h2><span class=\"ez-toc-section\" id=\"3_Moving_Insurance_Costs\"><\/span>3. Mozg\u00f3 biztos\u00edt\u00e1si k\u00f6lts\u00e9gek<span class=\"ez-toc-section-end\"><\/span><\/h2>\n<p>N\u00e9h\u00e1ny k\u00f6lt\u00f6ztet\u0151 c\u00e9g a biztos\u00edt\u00e1si d\u00edjat is tartalmazza, de nem mindegyik. Felt\u00e9tlen\u00fcl ellen\u0151rizze, hogy a biztos\u00edt\u00e1s pontosan mire terjed ki \u00e9s mire nem. <\/p>\n<p>Ha az \u00e1rut tengeri \u00faton k\u00fcldi, akkor meg kell gy\u0151z\u0151dnie arr\u00f3l, hogy van-e valamilyen tengeri biztos\u00edt\u00e1si k\u00f6tv\u00e9ny. Mindenk\u00e9ppen olyan biztos\u00edt\u00e1st kell k\u00f6tnie, amely fedezi az \u00e1ruj\u00e1nak elveszt\u00e9se, ellop\u00e1sa \u00e9s\/vagy k\u00e1rosod\u00e1sa eset\u00e9n a teljes \u00e9rt\u00e9ket.   <\/p>\n<p><strong>Tipikus k\u00f6lts\u00e9g:<\/strong> Kezdve a <strong>$100<\/strong> USD (\u00a375, \u20ac90), de nagy \u00e9rt\u00e9k\u0171, szokatlan \u00e9s\/vagy ritka \u00e1ruk sz\u00e1ll\u00edt\u00e1sa eset\u00e9n ez j\u00f3val magasabb lehet.<\/p>\n<h2><span class=\"ez-toc-section\" id=\"4_Storage_Costs\"><\/span>4. T\u00e1rol\u00e1si k\u00f6lts\u00e9gek<span class=\"ez-toc-section-end\"><\/span><\/h2>\n<p>A tengerent\u00fali k\u00f6lt\u00f6z\u00e9s sor\u00e1n el\u0151fordulhat, hogy a szok\u00e1sos k\u00f6lt\u00f6z\u00e9si k\u00f6lts\u00e9geken fel\u00fcl a t\u00e1rol\u00e1s\u00e9rt is fizetnie kell. Ennek oka, hogy neh\u00e9z lehet \u00f6sszehangolni a k\u00f6lt\u00f6z\u00e9si d\u00e1tumot a sz\u00e1ll\u00edt\u00e1si d\u00e1tumokkal, amelyeket a <a href=\"https:\/\/moverdb.com\/hu\/container-shipping\/\" data-internallinksmanager029f6b8e52c=\"3\" title=\"Nemzetk\u00f6zi kont\u00e9nersz\u00e1ll\u00edt\u00e1si d\u00edjt\u00e1bl\u00e1zat: \u00e1prilis 2026\">nemzetk\u00f6zi sz\u00e1ll\u00edt\u00e1s<\/a> v\u00e1llalatok. <\/p>\n<p>\u00cdgy am\u00edg az \u00d6n \u00e1ruj\u00e1t nem sz\u00e1ll\u00edtj\u00e1k, addig valahol t\u00e1rolni kell. Ezt mindenk\u00e9ppen tartsa szem el\u0151tt, amikor elv\u00e1r\u00e1sokat fogalmaz meg azzal kapcsolatban, hogy mikor \u00e9rkeznek meg az \u00e1rucikkei.<\/p>\n<p>Az is el\u0151fordulhat, hogy szeretn\u00e9 rakt\u00e1rban tartani a holmij\u00e1t, am\u00edg lakhelyet keres az \u00faj orsz\u00e1gban. Vagy csak a dolgok t\u00e1rol\u00e1s\u00e1\u00e9rt akar fizetni, am\u00edg vissza nem t\u00e9r, ha \u00fagy sz\u00e1mol, hogy ez egy ideiglenes k\u00f6lt\u00f6z\u00e9s lesz.  <\/p>\n<p><strong>Tipikus k\u00f6lts\u00e9g:<\/strong> Kezdve a <strong>$100<\/strong> USD (\u00a375, \u20ac90) havonta egy kis egy- vagy k\u00e9tszob\u00e1s apartman\u00e9rt, \u00e9s az \u00e1rak onnan felfel\u00e9 mehetnek. Szerencs\u00e9re el\u00e9g nagy a verseny ezen a ter\u00fcleten, ami seg\u00edt az \u00e1rakat alacsonyan tartani. <\/p>\n<h2><span class=\"ez-toc-section\" id=\"5Customs_Duty_Charges_Taxes\"><\/span>5.V\u00e1md\u00edjak \u00e9s ad\u00f3k<span class=\"ez-toc-section-end\"><\/span><\/h2>\n<p>Egy m\u00e1sik apr\u00f3 k\u00f6lts\u00e9g, amelyet a k\u00f6lt\u00f6z\u00e9s el\u0151tt \u00e9rdemes megvizsg\u00e1lni, a v\u00e1mok az adott orsz\u00e1gban, ahov\u00e1 k\u00f6lt\u00f6zik. Egyes orsz\u00e1gokban, p\u00e9ld\u00e1ul az Egyes\u00fclt \u00c1llamokban a legt\u00f6bb h\u00e1ztart\u00e1si c\u00e9l\u00fa \u00e1rut v\u00e1mmentesen lehet sz\u00e1ll\u00edtani. <\/p>\n<p>M\u00edg az olyan orsz\u00e1gok, mint a <a href=\"https:\/\/moverdb.com\/hu\/moving-to-the-uk\/\" data-internallinksmanager029f6b8e52c=\"93\" title=\"Az Egyes\u00fclt Kir\u00e1lys\u00e1gba k\u00f6lt\u00f6zik? 2022 Meg\u00e9lhet\u00e9si k\u00f6lts\u00e9gek \u00e9s k\u00f6lt\u00f6z\u00e9si tippek\">Egyes\u00fclt Kir\u00e1lys\u00e1g<\/a> bonyolultabb szab\u00e1lyok vannak, amelyek att\u00f3l f\u00fcggnek, hogy honnan k\u00f6lt\u00f6zik. P\u00e9ld\u00e1ul az EU-n bel\u00fcli k\u00f6lt\u00f6z\u00e9sek (a cikk meg\u00edr\u00e1s\u00e1nak id\u0151pontj\u00e1ban) mentes\u00fclnek a v\u00e1mterhek al\u00f3l, m\u00edg az EU-n k\u00edv\u00fcli k\u00f6lt\u00f6z\u00e9sek v\u00e1mot \u00e9s ad\u00f3kat vonhatnak maguk ut\u00e1n, amelyek ut\u00e1n \u00d6n mentess\u00e9get ig\u00e9nyelhet. <\/p>\n<p>Leggyakrabban a v\u00e1mokat \u00e9s a v\u00e1mokat az \u00e1ruk \u00e9rt\u00e9ke alapj\u00e1n sz\u00e1m\u00edtj\u00e1k fel. <\/p>\n<p><strong>Tipikus k\u00f6lts\u00e9g:<\/strong> Az ingyeness\u00e9gt\u0151l a szinte korl\u00e1tlan \u00e9rt\u00e9kig, att\u00f3l f\u00fcgg\u0151en, hogy milyen \u00e9rt\u00e9k\u0171 \u00e9s t\u00edpus\u00fa \u00e1rut hozol magaddal. <\/p>\n<h2><span class=\"ez-toc-section\" id=\"6_Visa_Fees\"><\/span>6. V\u00edzumd\u00edjak<span class=\"ez-toc-section-end\"><\/span><\/h2>\n<p>Ha munkav\u00e1llal\u00e1s vagy tanul\u00e1s c\u00e9lj\u00e1b\u00f3l egy m\u00e1sik orsz\u00e1gba k\u00f6lt\u00f6zik, \u00e1ltal\u00e1ban v\u00edzumot kell k\u00e9rnie, kiv\u00e9ve, ha az EU-n bel\u00fcl k\u00f6lt\u00f6zik, amely lehet\u0151v\u00e9 teszi az orsz\u00e1gok k\u00f6z\u00f6tti v\u00edzummentes utaz\u00e1st. A munkav\u00e1llal\u00e1si \u00e9s tanulm\u00e1nyi v\u00edzum szinte mindig rengeteg pap\u00edrmunk\u00e1val \u00e9s n\u00e9ha igen jelent\u0151s d\u00edjak megfizet\u00e9s\u00e9vel j\u00e1r. <\/p>\n<p>Az Egyes\u00fclt Kir\u00e1lys\u00e1gban p\u00e9ld\u00e1ul egyes v\u00edzumok \u00e1ra meghaladja az 1000 fontot ($1 300 USD; 1200 eur\u00f3). \u00c9s ne feledje, hogy ezt a d\u00edjat minden alkalommal ki kell fizetnie, amikor meg\u00faj\u00edtja a v\u00edzum\u00e1t. Ez jelent\u0151sen megn\u00f6velheti az \u00f6sszk\u00f6lts\u00e9get, \u00e9s ezt a k\u00f6lts\u00e9get a k\u00f6lts\u00e9gvet\u00e9sbe kell beterveznie.<\/p>\n<p><strong>Tipikus k\u00f6lts\u00e9g:<\/strong> Az EU-n bel\u00fcl ingyenes, \u00e9s orsz\u00e1gonk\u00e9nt v\u00e1ltoz\u00f3, de v\u00edzumonk\u00e9nt t\u00f6bb ezer doll\u00e1rba is ker\u00fclhet.<\/p>\n<h2><span class=\"ez-toc-section\" id=\"7_Lawyer_Fees\"><\/span>7. \u00dcgyv\u00e9di d\u00edjak<span class=\"ez-toc-section-end\"><\/span><\/h2>\n<p>\u00c1ltal\u00e1noss\u00e1gban elmondhat\u00f3, hogy a v\u00edzumokat \u00e9s egy\u00e9b v\u00e1mdokumentumokat egy kis internetes kutat\u00e1ssal, a saj\u00e1t orsz\u00e1ga \u00e9s a k\u00f6lt\u00f6z\u00e9st tervez\u0151 orsz\u00e1g korm\u00e1nyzati honlapjainak felhaszn\u00e1l\u00e1s\u00e1val \u00f6nmaga is kit\u00f6ltheti. <\/p>\n<p>Sokan azonban jobban \u00e9rzik magukat, ha \u00fcgyv\u00e9det vesznek ig\u00e9nybe a nemzetk\u00f6zi k\u00f6lt\u00f6z\u00e9sek olykor rendk\u00edv\u00fcl bonyolult vil\u00e1g\u00e1nak rendez\u00e9s\u00e9hez. <\/p>\n<p>Ez\u00e9rt sokan \u00fagy d\u00f6ntenek, hogy \u00fcgyv\u00e9det fogadnak, aki kit\u00f6lti az \u00f6sszes sz\u00fcks\u00e9ges pap\u00edrmunk\u00e1t, ahelyett, hogy maguk int\u00e9zn\u00e9k a dolgokat. B\u00e1r ez nyugalmat adhat, jelent\u0151s k\u00f6lts\u00e9gekkel j\u00e1rhat. <\/p>\n<p><strong>Tipikus k\u00f6lts\u00e9g:<\/strong> Az \u00e1rak orsz\u00e1gonk\u00e9nt nagyban v\u00e1ltoznak, \u00e1ltal\u00e1ban nem kevesebb, mint <strong>$100USD\/\u00f3ra<\/strong> (\u00a375, \u20ac90), a k\u00f6z\u00f6s szolg\u00e1ltat\u00e1sok\u00e9rt fizetend\u0151 \u00e1tal\u00e1nyd\u00edjakkal, amelyek k\u00f6nnyen meghaladhatj\u00e1k a k\u00f6vetkez\u0151 \u00f6sszegeket <strong>$1,000 USD<\/strong> m\u00e9g a legalapvet\u0151bb szolg\u00e1ltat\u00e1sokhoz is.  <\/p>\n<h2><span class=\"ez-toc-section\" id=\"8_Housing_Costs\"><\/span>8. Lakhat\u00e1si k\u00f6lts\u00e9gek<span class=\"ez-toc-section-end\"><\/span><\/h2>\n<p>Az \u00faj orsz\u00e1gban a legnagyobb kiad\u00e1s val\u00f3sz\u00edn\u0171leg a lakhat\u00e1s lesz. Azonban tiszt\u00e1ban kell lennie azzal, hogy a lakhat\u00e1s m\u00f3dja, valamint az ezzel j\u00e1r\u00f3 ad\u00f3k \u00e9s illet\u00e9kek orsz\u00e1gonk\u00e9nt nagyon elt\u00e9r\u0151ek lehetnek. <\/p>\n<p>Az Egyes\u00fclt \u00c1llamokban p\u00e9ld\u00e1ul az ingatlan\u00e1rak a nagy tengerparti v\u00e1rosokon k\u00edv\u00fcl rendk\u00edv\u00fcl alacsonyak. Az ingatlan \u00e9rt\u00e9ke alapj\u00e1n azonban minden \u00e9vben ingatlanad\u00f3t kell fizetnie, de csak akkor, ha \u00d6n a tulajdonos. Ezek a 0,28% k\u00f6z\u00f6tt mozognak a <a href=\"https:\/\/moverdb.com\/hu\/moving-to-the-united-states\/moving-to-hawaii\/\" data-internallinksmanager029f6b8e52c=\"403\" title=\"Hawaiira k\u00f6lt\u00f6zik? 2023 Lakhat\u00e1si k\u00f6lts\u00e9gek \u00e9s k\u00f6lt\u00f6z\u00e9si tippek\">Hawaii<\/a> 2,29%-ig <a href=\"https:\/\/moverdb.com\/hu\/moving-to-the-united-states\/moving-to-new-jersey\/\" data-internallinksmanager029f6b8e52c=\"417\" title=\"New Jerseybe k\u00f6lt\u00f6zik? 2023 Lakhat\u00e1si k\u00f6lts\u00e9gek \u00e9s k\u00f6lt\u00f6z\u00e9si tippek\">New Jersey<\/a>.<\/p>\n<p>M\u00e1sr\u00e9szt az olyan orsz\u00e1gokban, mint az Egyes\u00fclt Kir\u00e1lys\u00e1g, nincs k\u00f6zvetlen ingatlanad\u00f3. Ehelyett \u00d6n fizet <a href=\"https:\/\/www.gov.uk\/stamp-duty-land-tax\/residential-property-rates\" target=\"_blank\" rel=\"noopener\">b\u00e9lyegillet\u00e9k<\/a> porpetya v\u00e1s\u00e1rl\u00e1sakor, amely a v\u00e9tel\u00e1r 12%-ig terjedhet (a vev\u0151 fizeti a teljes d\u00edjat, az elad\u00f3 nem). R\u00e1ad\u00e1sul mind a lak\u00e1stulajdonosoknak, mind a b\u00e9rl\u0151knek fizetni\u00fck kell. <a href=\"https:\/\/www.gov.uk\/council-tax\/working-out-your-council-tax\" target=\"_blank\" rel=\"noopener\">\u00f6nkorm\u00e1nyzati ad\u00f3<\/a> minden \u00e9vben az ingatlan 1991-es \u00e9rt\u00e9ke alapj\u00e1n. \u00c1tlagosan ez k\u00f6r\u00fclbel\u00fcl 1200 fontot ($1 600 USD; 1400 eur\u00f3) jelent \u00e9vente.<\/p>\n<p>Ez\u00e9rt a lakhat\u00e1sn\u00e1l ne csak az ingatlan v\u00e9tel\u00e1r\u00e1t \u00e9s\/vagy b\u00e9rleti d\u00edj\u00e1t n\u00e9zze. Gy\u0151z\u0151dj\u00f6n meg r\u00f3la, hogy tiszt\u00e1ban van az \u00f6sszes d\u00edjjal, illet\u00e9kkel \u00e9s ad\u00f3val, amelyek az \u00d6n \u00e1ltal haszn\u00e1lt lak\u00e1s t\u00edpus\u00e1t, elhelyezked\u00e9s\u00e9t \u00e9s b\u00e9rleti jogviszony\u00e1t tekintve \u00d6nt terhelik. <\/p>\n<p><strong>Tipikus k\u00f6lts\u00e9g:<\/strong> Az ad\u00f3 m\u00e9rt\u00e9ke teljes m\u00e9rt\u00e9kben orsz\u00e1gt\u00f3l f\u00fcgg, de \u00e1ltal\u00e1ban nem kevesebb, mint $1 000 USD \u00e9vente, \u00e9s l\u00e9nyegesen magasabb lehet azokban az orsz\u00e1gokban, ahol sz\u00e1zal\u00e9kos ingatlanad\u00f3-rendszer van \u00e9rv\u00e9nyben.    <\/p>\n<h2><span class=\"ez-toc-section\" id=\"9_Other_Costs\"><\/span>9. Egy\u00e9b k\u00f6lts\u00e9gek<span class=\"ez-toc-section-end\"><\/span><\/h2>\n<p>V\u00e9g\u00fcl, ha nemzetk\u00f6zi k\u00f6lt\u00f6z\u00e9sr\u0151l van sz\u00f3, sz\u00e1molnia kell egy sor m\u00e1s apr\u00f3 \u00e9s kev\u00e9sb\u00e9 apr\u00f3 d\u00edjjal \u00e9s k\u00f6lts\u00e9ggel. Ezek k\u00f6z\u00e9 tartozhat p\u00e9ld\u00e1ul \u00faj b\u00fatorok v\u00e1s\u00e1rl\u00e1sa, ha olyan orsz\u00e1gb\u00f3l k\u00f6lt\u00f6zik, ahol a b\u00fatorozott lak\u00e1sok gyakoriak, olyan orsz\u00e1gokba, mint az Egyes\u00fclt \u00c1llamok vagy Kanada, ahol ez ritka.<\/p>\n<p>M\u00e9g ha saj\u00e1t b\u00fatorokkal is rendelkezik, el\u0151fordulhat, hogy \u00faj k\u00e9sz\u00fcl\u00e9keket kell v\u00e1s\u00e1rolnia, mivel a k\u00fcl\u00f6nb\u00f6z\u0151 orsz\u00e1gokban m\u00e1s-m\u00e1s fesz\u00fclts\u00e9get haszn\u00e1lnak \u00e9s\/vagy m\u00e1s dug\u00f3kkal rendelkeznek. A nem megfelel\u0151 t\u00edpus\u00fa k\u00e9sz\u00fcl\u00e9k haszn\u00e1lata k\u00e1ros\u00edthatja az elektromos rendszert, ez\u00e9rt k\u00f6lt\u00f6z\u00e9s el\u0151tt mindig ellen\u0151rizze. <\/p>\n<p>\u00daj ruh\u00e1zatra lehet sz\u00fcks\u00e9ge, ha hideg id\u0151j\u00e1r\u00e1s\u00fa ter\u00fcletr\u0151l meleg id\u0151j\u00e1r\u00e1s\u00fa ter\u00fcletre k\u00f6lt\u00f6zik, vagy ford\u00edtva. Ha t\u00f6bbet szeretne megtudni az ilyen t\u00edpus\u00fa k\u00f6lts\u00e9gekr\u0151l, a legjobb, ha t\u00f6bbet megtud az adott orsz\u00e1gr\u00f3l, ahov\u00e1 k\u00f6lt\u00f6zik.<\/p>\n<p>Ez\u00e9rt l\u00e9trehoztunk n\u00e9h\u00e1ny orsz\u00e1gspecifikus \u00fatmutat\u00f3t, amelyek seg\u00edtenek \u00d6nnek t\u00f6bbet megtudni a k\u00f6lt\u00f6zni k\u00edv\u00e1nt orsz\u00e1g k\u00f6lts\u00e9geir\u0151l.   <\/p>","protected":false},"excerpt":{"rendered":"<p>Many people who move abroad are surprised a just how high international moving costs can be. Below we look at many of the expected and unexpected expenses you may face and how to save money. 1. Moving &#038; Transportation Costs The biggest single expense you&#8217;ll face is hiring an international moving company to move your [&hellip;]<\/p>\n","protected":false},"author":1,"featured_media":780,"parent":0,"menu_order":0,"comment_status":"closed","ping_status":"closed","template":"","meta":{"_genesis_hide_title":false,"_genesis_hide_breadcrumbs":false,"_genesis_hide_singular_image":false,"_genesis_hide_footer_widgets":false,"_genesis_custom_body_class":"","_genesis_custom_post_class":"","_genesis_layout":"","footnotes":""},"class_list":{"0":"post-414","1":"page","2":"type-page","3":"status-publish","4":"has-post-thumbnail","6":"entry"},"_links":{"self":[{"href":"https:\/\/moverdb.com\/hu\/wp-json\/wp\/v2\/pages\/414","targetHints":{"allow":["GET"]}}],"collection":[{"href":"https:\/\/moverdb.com\/hu\/wp-json\/wp\/v2\/pages"}],"about":[{"href":"https:\/\/moverdb.com\/hu\/wp-json\/wp\/v2\/types\/page"}],"author":[{"embeddable":true,"href":"https:\/\/moverdb.com\/hu\/wp-json\/wp\/v2\/users\/1"}],"replies":[{"embeddable":true,"href":"https:\/\/moverdb.com\/hu\/wp-json\/wp\/v2\/comments?post=414"}],"version-history":[{"count":15,"href":"https:\/\/moverdb.com\/hu\/wp-json\/wp\/v2\/pages\/414\/revisions"}],"predecessor-version":[{"id":13165,"href":"https:\/\/moverdb.com\/hu\/wp-json\/wp\/v2\/pages\/414\/revisions\/13165"}],"wp:featuredmedia":[{"embeddable":true,"href":"https:\/\/moverdb.com\/hu\/wp-json\/wp\/v2\/media\/780"}],"wp:attachment":[{"href":"https:\/\/moverdb.com\/hu\/wp-json\/wp\/v2\/media?parent=414"}],"curies":[{"name":"wp","href":"https:\/\/api.w.org\/{rel}","templated":true}]}}