{"id":3991,"date":"2022-05-18T23:49:05","date_gmt":"2022-05-18T23:49:05","guid":{"rendered":"https:\/\/moverdb.com\/?page_id=3991"},"modified":"2026-01-08T13:19:31","modified_gmt":"2026-01-08T13:19:31","slug":"bangladesi","status":"publish","type":"page","link":"https:\/\/moverdb.com\/hu\/container-shipping\/bangladesh\/","title":{"rendered":"2026 Tengeri tehersz\u00e1ll\u00edt\u00e1si kont\u00e9ner \u00e1rak Bangladesbe \u00e9s Bangladesb\u0151l"},"content":{"rendered":"<div class=\"wp-block-image\"><figure class=\"aligncenter size-full\"><img loading=\"lazy\" decoding=\"async\" width=\"1000\" height=\"667\" src=\"https:\/\/moverdb.com\/wp-content\/uploads\/dhaka-bangladesh.jpg\" alt=\"Banglades f\u0151v\u00e1ros\u00e1nak - Dakk\u00e1nak - l\u00e9gi k\u00e9pe.\" class=\"wp-image-3960\" srcset=\"https:\/\/moverdb.com\/wp-content\/uploads\/dhaka-bangladesh.jpg 1000w, https:\/\/moverdb.com\/wp-content\/uploads\/dhaka-bangladesh-300x200.jpg 300w, https:\/\/moverdb.com\/wp-content\/uploads\/dhaka-bangladesh-18x12.jpg 18w, https:\/\/moverdb.com\/wp-content\/uploads\/dhaka-bangladesh-600x400.jpg 600w\" sizes=\"auto, (max-width: 1000px) 100vw, 1000px\" \/><\/figure><\/div>\n\n\n\n<p>Amellett, hogy egy harmadik vil\u00e1gbeli orsz\u00e1g, <strong><a href=\"https:\/\/moverdb.com\/hu\/moving-to-bangladesh\/\" data-internallinksmanager029f6b8e52c=\"419\" title=\"Bangladesbe k\u00f6lt\u00f6zik? 2023 Meg\u00e9lhet\u00e9si k\u00f6lts\u00e9gek \u00e9s k\u00f6lt\u00f6z\u00e9si tippek\">Banglades<\/a><\/strong> a 21. sz\u00e1zadban a nyugati befektet\u00e9sek egyik f\u0151 csom\u00f3pontja.<\/p>\n\n\n\n<p>Az olyan vezet\u0151 ipar\u00e1gak, mint a textilipar, az idegenforgalom, a haj\u00f3gy\u00e1rt\u00e1s, a technol\u00f3gia \u00e9s a kommunik\u00e1ci\u00f3s ipar nagysz\u00e1m\u00fa k\u00fclf\u00f6ldi \u00e1llampolg\u00e1rt vonzanak ebbe az orsz\u00e1gba, hogy fejlessz\u00e9k \u00e9s b\u0151v\u00edts\u00e9k offshore \u00fczlet\u00e1gukat.<\/p>\n\n\n\n<p>A munk\u00e1val kapcsolatos \u00f6szt\u00f6nz\u0151k\u00f6n k\u00edv\u00fcl Banglades szubtr\u00f3pusi \u00e9ghajlata eg\u00e9sz \u00e9vben nagyon megnyugtat\u00f3, term\u00e9szeti \u00e9s t\u00f6rt\u00e9nelmi l\u00e1tnival\u00f3i pedig b\u0151s\u00e9gesek \u00e9s l\u00e9legzetel\u00e1ll\u00edt\u00f3ak.<\/p>\n\n\n\n<p>Ha teh\u00e1t azon gondolkodik, hogy Dhak\u00e1ba, Chittagongba, Khuln\u00e1ba vagy Banglades b\u00e1rmely m\u00e1s hely\u00e9re k\u00f6lt\u00f6zik vagy onnan elk\u00f6lt\u00f6zik, seg\u00edthet\u00fcnk felfedezni az adott teljes\u00edtm\u00e9ny \u00e1tlagos \u00e1r\u00e1t.<\/p>\n\n\n\n<p>Az al\u00e1bbi t\u00e1bl\u00e1zatok a vil\u00e1g n\u00e9h\u00e1ny olyan sark\u00e1ban tal\u00e1lhat\u00f3 \u00e1rakat sorolj\u00e1k fel, ahonnan \u00d6n Bangladesb\u0151l \u00e9rkezhet vagy ahov\u00e1 k\u00f6lt\u00f6zni szeretne. Vegye figyelembe, hogy ezek a legalacsonyabb bangladesi <a href=\"https:\/\/moverdb.com\/hu\/container-shipping\/\" data-internallinksmanager029f6b8e52c=\"3\" title=\"Nemzetk\u00f6zi kont\u00e9nersz\u00e1ll\u00edt\u00e1si d\u00edjt\u00e1bl\u00e1zat: \u00e1prilis 2026\">kont\u00e9neres sz\u00e1ll\u00edt\u00e1si d\u00edjak<\/a> a 20' \u00e9s 40' sz\u00e1ll\u00edt\u00e1si kont\u00e9nerekre is tal\u00e1ltunk - hogy a legpontosabb \u00e1rat kapja az \u00d6n ig\u00e9nyeihez, haszn\u00e1lja az oldal tetej\u00e9n tal\u00e1lhat\u00f3 \u00e1raj\u00e1nlatk\u00e9r\u0151 eszk\u00f6zt.<\/p>\n\n\n\n<h2 class=\"wp-block-heading\">Kont\u00e9nersz\u00e1ll\u00edt\u00e1s k\u00f6lts\u00e9gei Bangladesbe (Chittagong)<\/h2>\n\n\n\n<div class=\"wp-block-image\"><figure class=\"aligncenter size-large\"><img loading=\"lazy\" decoding=\"async\" width=\"1024\" height=\"539\" src=\"https:\/\/moverdb.com\/wp-content\/uploads\/Shipping-Container-Costs-to-Bangladesh-1024x539.png\" alt=\"Kont\u00e9nersz\u00e1ll\u00edt\u00e1s k\u00f6lts\u00e9gei Bangladesbe (Chittagong)\" class=\"wp-image-3972\" srcset=\"https:\/\/moverdb.com\/wp-content\/uploads\/Shipping-Container-Costs-to-Bangladesh-1024x539.png 1024w, https:\/\/moverdb.com\/wp-content\/uploads\/Shipping-Container-Costs-to-Bangladesh-300x158.png 300w, https:\/\/moverdb.com\/wp-content\/uploads\/Shipping-Container-Costs-to-Bangladesh-1536x809.png 1536w, https:\/\/moverdb.com\/wp-content\/uploads\/Shipping-Container-Costs-to-Bangladesh-2048x1079.png 2048w, https:\/\/moverdb.com\/wp-content\/uploads\/Shipping-Container-Costs-to-Bangladesh-18x9.png 18w, https:\/\/moverdb.com\/wp-content\/uploads\/Shipping-Container-Costs-to-Bangladesh-600x316.png 600w\" sizes=\"auto, (max-width: 1024px) 100vw, 1024px\" \/><\/figure><\/div>\n\n\n\n<table id=\"tablepress-48\" class=\"tablepress tablepress-id-48\">\n<thead>\n<tr class=\"row-1\">\n\t<th class=\"column-1\">C\u00e9lorsz\u00e1g (<a href=\"https:\/\/moverdb.com\/hu\/top-49-container-ports\/\" data-internallinksmanager029f6b8e52c=\"80\" title=\"Top 49 legnagyobb \u00e9s legforgalmasabb kont\u00e9nerkik\u00f6t\u0151 2025-ben\">Port<\/a>\/V\u00e1ros)<\/th><th class=\"column-2\">20FT<\/th><th class=\"column-3\">40FT<\/th>\n<\/tr>\n<\/thead>\n<tbody class=\"row-striping row-hover\">\n<tr class=\"row-2\">\n\t<td class=\"column-1\"><a href=\"https:\/\/moverdb.com\/hu\/container-shipping\/andorra\/\" data-internallinksmanager029f6b8e52c=\"88\" title=\"2026 Tengeri tehersz\u00e1ll\u00edt\u00e1si kont\u00e9ner \u00e1rak Andorr\u00e1b\u00f3l \u00e9s Andorr\u00e1ba\">Andorra (Andorra la Vella)<\/a><\/td><td class=\"column-2\">$1,864<\/td><td class=\"column-3\">$2,318<\/td>\n<\/tr>\n<tr class=\"row-3\">\n\t<td class=\"column-1\"><a href=\"https:\/\/moverdb.com\/hu\/container-shipping\/antigua-and-barbuda\/\" data-internallinksmanager029f6b8e52c=\"92\" title=\"2026 Tengeri tehersz\u00e1ll\u00edt\u00e1si kont\u00e9ner \u00e1rak Antigua \u00e9s Barbuda fel\u00e9 \u00e9s onnan\">Antigua \u00e9s Barbuda (St John's)<\/a><\/td><td class=\"column-2\">$814<\/td><td class=\"column-3\">$1,298<\/td>\n<\/tr>\n<tr class=\"row-4\">\n\t<td class=\"column-1\"><a href=\"https:\/\/moverdb.com\/hu\/container-shipping\/argentina\/\" data-internallinksmanager029f6b8e52c=\"91\" title=\"2026 Tengeri tehersz\u00e1ll\u00edt\u00e1si kont\u00e9ner \u00e1rak Argent\u00edn\u00e1ba \u00e9s Argent\u00edn\u00e1b\u00f3l\">Argent\u00edna (Buenos Aires)<\/a><\/td><td class=\"column-2\">$3,750<\/td><td class=\"column-3\">$5,690<\/td>\n<\/tr>\n<tr class=\"row-5\">\n\t<td class=\"column-1\"><a href=\"https:\/\/moverdb.com\/hu\/container-shipping\/australia\/\" data-internallinksmanager029f6b8e52c=\"89\" title=\"2026 Kont\u00e9nersz\u00e1ll\u00edt\u00e1si d\u00edjak Ausztr\u00e1li\u00e1ba \u00e9s Ausztr\u00e1li\u00e1b\u00f3l\">Ausztr\u00e1lia (Sydney)<\/a><\/td><td class=\"column-2\">$8,053<\/td><td class=\"column-3\">N\/A<\/td>\n<\/tr>\n<tr class=\"row-6\">\n\t<td class=\"column-1\"><a href=\"https:\/\/moverdb.com\/hu\/container-shipping\/china\/\" data-internallinksmanager029f6b8e52c=\"105\" title=\"2026 Tengeri tehersz\u00e1ll\u00edt\u00e1si kont\u00e9ner \u00e1rak K\u00edn\u00e1ba \u00e9s K\u00edn\u00e1b\u00f3l\">K\u00edna (Peking)<\/a><\/td><td class=\"column-2\">$4,895<\/td><td class=\"column-3\">$9,345<\/td>\n<\/tr>\n<tr class=\"row-7\">\n\t<td class=\"column-1\">K\u00edna (Sanghaj)<\/td><td class=\"column-2\">$4,015<\/td><td class=\"column-3\">$7,665<\/td>\n<\/tr>\n<tr class=\"row-8\">\n\t<td class=\"column-1\"><a href=\"https:\/\/moverdb.com\/hu\/container-shipping\/india\/\" data-internallinksmanager029f6b8e52c=\"125\" title=\"2026 Tengeri tehersz\u00e1ll\u00edt\u00e1s kont\u00e9ner \u00e1rak Indi\u00e1ba \u00e9s Indi\u00e1b\u00f3l\">India (Mumbai)<\/a><\/td><td class=\"column-2\">$1,753<\/td><td class=\"column-3\">$3,213<\/td>\n<\/tr>\n<tr class=\"row-9\">\n\t<td class=\"column-1\"><a href=\"https:\/\/moverdb.com\/hu\/container-shipping\/indonesia\/\" data-internallinksmanager029f6b8e52c=\"126\" title=\"2026 Tengeri tehersz\u00e1ll\u00edt\u00e1s kont\u00e9ner \u00e1rak Indon\u00e9zi\u00e1b\u00f3l \u00e9s Indon\u00e9zi\u00e1ba\">Indon\u00e9zia (Jakarta)<\/a><\/td><td class=\"column-2\">$2,679<\/td><td class=\"column-3\">$4,574<\/td>\n<\/tr>\n<tr class=\"row-10\">\n\t<td class=\"column-1\">Laosz (Vientiane)<\/td><td class=\"column-2\">$4,015<\/td><td class=\"column-3\">$7,665<\/td>\n<\/tr>\n<tr class=\"row-11\">\n\t<td class=\"column-1\"><a href=\"https:\/\/moverdb.com\/hu\/container-shipping\/malaysia\/\" data-internallinksmanager029f6b8e52c=\"148\" title=\"2026 Tengeri tehersz\u00e1ll\u00edt\u00e1si kont\u00e9ner \u00e1rak Malajzi\u00e1ba \u00e9s Malajzi\u00e1b\u00f3l\">Malajzia (Port Kelang)<\/a><\/td><td class=\"column-2\">$2,365<\/td><td class=\"column-3\">$4,250<\/td>\n<\/tr>\n<tr class=\"row-12\">\n\t<td class=\"column-1\"><a href=\"https:\/\/moverdb.com\/hu\/container-shipping\/pakistan\/\" data-internallinksmanager029f6b8e52c=\"155\" title=\"2026 Tengeri tehersz\u00e1ll\u00edt\u00e1s kont\u00e9ner \u00e1rak Pakiszt\u00e1nba \u00e9s Pakiszt\u00e1nb\u00f3l\">Pakiszt\u00e1n (Karacsi)<\/a><\/td><td class=\"column-2\">$2,750<\/td><td class=\"column-3\">$4,095<\/td>\n<\/tr>\n<tr class=\"row-13\">\n\t<td class=\"column-1\"><a href=\"https:\/\/moverdb.com\/hu\/container-shipping\/philippines\/\" data-internallinksmanager029f6b8e52c=\"156\" title=\"2026 Tengeri tehersz\u00e1ll\u00edt\u00e1si kont\u00e9ner \u00e1rak a F\u00fcl\u00f6p-szigetekre \u00e9s a F\u00fcl\u00f6p-szigetekr\u0151l\">F\u00fcl\u00f6p-szigetek (Manila)<\/a><\/td><td class=\"column-2\">$2,750<\/td><td class=\"column-3\">N\/A<\/td>\n<\/tr>\n<tr class=\"row-14\">\n\t<td class=\"column-1\"><a href=\"https:\/\/moverdb.com\/hu\/container-shipping\/singapore\/\" data-internallinksmanager029f6b8e52c=\"179\" title=\"2026 Tengeri tehersz\u00e1ll\u00edt\u00e1s kont\u00e9ner \u00e1rak Szingap\u00farba \u00e9s Szingap\u00farb\u00f3l\">Szingap\u00far (Szingap\u00far)<\/a><\/td><td class=\"column-2\">$2,915<\/td><td class=\"column-3\">$5,565<\/td>\n<\/tr>\n<tr class=\"row-15\">\n\t<td class=\"column-1\"><a href=\"https:\/\/moverdb.com\/hu\/container-shipping\/south-africa\/\" data-internallinksmanager029f6b8e52c=\"185\" title=\"2026 Tengeri tehersz\u00e1ll\u00edt\u00e1si kont\u00e9ner\u00e1rak D\u00e9l-Afrik\u00e1ba \u00e9s D\u00e9l-Afrik\u00e1b\u00f3l\">D\u00e9l-Afrika (Durban)<\/a><\/td><td class=\"column-2\">$5,100<\/td><td class=\"column-3\">N\/A<\/td>\n<\/tr>\n<tr class=\"row-16\">\n\t<td class=\"column-1\"><a href=\"https:\/\/moverdb.com\/hu\/container-shipping\/south-korea\/\" data-internallinksmanager029f6b8e52c=\"180\" title=\"2026 Tengeri tehersz\u00e1ll\u00edt\u00e1si kont\u00e9ner\u00e1rak D\u00e9l-Kore\u00e1ba \u00e9s D\u00e9l-Kore\u00e1b\u00f3l\">D\u00e9l-Korea (Busan)<\/a><\/td><td class=\"column-2\">$4,315<\/td><td class=\"column-3\">$6,870<\/td>\n<\/tr>\n<tr class=\"row-17\">\n\t<td class=\"column-1\"><a href=\"https:\/\/moverdb.com\/hu\/container-shipping\/spain\/\" data-internallinksmanager029f6b8e52c=\"182\" title=\"2026 Tengeri tehersz\u00e1ll\u00edt\u00e1si kont\u00e9ner \u00e1rak Spanyolorsz\u00e1gba \u00e9s Spanyolorsz\u00e1gb\u00f3l\">Spanyolorsz\u00e1g (Valencia)<\/a><\/td><td class=\"column-2\">$2,378<\/td><td class=\"column-3\">$3,369<\/td>\n<\/tr>\n<tr class=\"row-18\">\n\t<td class=\"column-1\"><a href=\"https:\/\/moverdb.com\/hu\/container-shipping\/thailand\/\" data-internallinksmanager029f6b8e52c=\"189\" title=\"2026 Tengeri tehersz\u00e1ll\u00edt\u00e1s kont\u00e9ner \u00e1rak Thaif\u00f6ldre \u00e9s Thaif\u00f6ldr\u0151l\">Thaif\u00f6ld (Laem Chabang)<\/a><\/td><td class=\"column-2\">$3,400<\/td><td class=\"column-3\">$5,477<\/td>\n<\/tr>\n<tr class=\"row-19\">\n\t<td class=\"column-1\"><a href=\"https:\/\/moverdb.com\/hu\/container-shipping\/uruguay\/\" data-internallinksmanager029f6b8e52c=\"194\" title=\"2026 Tengeri tehersz\u00e1ll\u00edt\u00e1si kont\u00e9ner \u00e1rak Uruguayba \u00e9s Uruguayb\u00f3l\">Uruguay (Montevideo)<\/a><\/td><td class=\"column-2\">$3,750<\/td><td class=\"column-3\">$5,690<\/td>\n<\/tr>\n<tr class=\"row-20\">\n\t<td class=\"column-1\"><a href=\"https:\/\/moverdb.com\/hu\/moving-to-the-united-states\/\" data-internallinksmanager029f6b8e52c=\"94\" title=\"Az Egyes\u00fclt \u00c1llamokba k\u00f6lt\u00f6zik? 2022 Meg\u00e9lhet\u00e9si k\u00f6lts\u00e9gek \u00e9s k\u00f6lt\u00f6z\u00e9si tippek\">US<\/a> (<a href=\"https:\/\/moverdb.com\/hu\/moving-to-los-angeles\/\" data-internallinksmanager029f6b8e52c=\"51\" title=\"Los Angelesbe k\u00f6lt\u00f6zik? 2026 LA meg\u00e9lhet\u00e9si k\u00f6lts\u00e9gek \u00e9s k\u00f6lt\u00f6z\u00e9si tippek\">Los Angeles<\/a>)<\/td><td class=\"column-2\">$835<\/td><td class=\"column-3\">$1,035<\/td>\n<\/tr>\n<tr class=\"row-21\">\n\t<td class=\"column-1\"><a href=\"https:\/\/moverdb.com\/hu\/container-shipping\/united-states\/\" data-internallinksmanager029f6b8e52c=\"87\" title=\"2026 Tengeri tehersz\u00e1ll\u00edt\u00e1s kont\u00e9ner \u00e1rak az USA-ba \u00e9s az USA-b\u00f3l\">USA (New York)<\/a><\/td><td class=\"column-2\">$2,253<\/td><td class=\"column-3\">$2,534<\/td>\n<\/tr>\n<\/tbody>\n<\/table>\n<!-- #tablepress-48 from cache -->\n\n\n\n<h2 class=\"wp-block-heading\">Sz\u00e1ll\u00edt\u00e1si kont\u00e9nerek k\u00f6lts\u00e9gei Bangladesb\u0151l (Chittagong)<\/h2>\n\n\n\n<div class=\"wp-block-image\"><figure class=\"aligncenter size-large\"><img loading=\"lazy\" decoding=\"async\" width=\"1024\" height=\"539\" src=\"https:\/\/moverdb.com\/wp-content\/uploads\/Shipping-Container-Costs-from-Bangladesh-1024x539.png\" alt=\"Sz\u00e1ll\u00edt\u00e1si kont\u00e9nerek k\u00f6lts\u00e9gei Bangladesb\u0151l (Chittagong)\" class=\"wp-image-3971\" srcset=\"https:\/\/moverdb.com\/wp-content\/uploads\/Shipping-Container-Costs-from-Bangladesh-1024x539.png 1024w, https:\/\/moverdb.com\/wp-content\/uploads\/Shipping-Container-Costs-from-Bangladesh-300x158.png 300w, https:\/\/moverdb.com\/wp-content\/uploads\/Shipping-Container-Costs-from-Bangladesh-1536x809.png 1536w, https:\/\/moverdb.com\/wp-content\/uploads\/Shipping-Container-Costs-from-Bangladesh-2048x1079.png 2048w, https:\/\/moverdb.com\/wp-content\/uploads\/Shipping-Container-Costs-from-Bangladesh-18x9.png 18w, https:\/\/moverdb.com\/wp-content\/uploads\/Shipping-Container-Costs-from-Bangladesh-600x316.png 600w\" sizes=\"auto, (max-width: 1024px) 100vw, 1024px\" \/><\/figure><\/div>\n\n\n\n<table id=\"tablepress-49\" class=\"tablepress tablepress-id-49\">\n<thead>\n<tr class=\"row-1\">\n\t<th class=\"column-1\">C\u00e9lorsz\u00e1g (kik\u00f6t\u0151\/v\u00e1ros)<\/th><th class=\"column-2\">20FT<\/th><th class=\"column-3\">40FT<\/th>\n<\/tr>\n<\/thead>\n<tbody class=\"row-striping row-hover\">\n<tr class=\"row-2\">\n\t<td class=\"column-1\">Andorra (Andorra la Vella)<\/td><td class=\"column-2\">$911<\/td><td class=\"column-3\">$1,138<\/td>\n<\/tr>\n<tr class=\"row-3\">\n\t<td class=\"column-1\">Argent\u00edna (Buenos Aires)<\/td><td class=\"column-2\">$9,373<\/td><td class=\"column-3\">$11,660<\/td>\n<\/tr>\n<tr class=\"row-4\">\n\t<td class=\"column-1\"><a href=\"https:\/\/moverdb.com\/hu\/container-shipping\/aruba\/\" data-internallinksmanager029f6b8e52c=\"90\" title=\"2026 Tengeri tehersz\u00e1ll\u00edt\u00e1si kont\u00e9ner \u00e1rak Arub\u00e1ra \u00e9s Arub\u00e1r\u00f3l\">Aruba (Oranjestad)<\/a><\/td><td class=\"column-2\">$9,373<\/td><td class=\"column-3\">$11,660<\/td>\n<\/tr>\n<tr class=\"row-5\">\n\t<td class=\"column-1\">Ausztr\u00e1lia (Sydney)<\/td><td class=\"column-2\">$2,511<\/td><td class=\"column-3\">N\/A<\/td>\n<\/tr>\n<tr class=\"row-6\">\n\t<td class=\"column-1\"><a href=\"https:\/\/moverdb.com\/hu\/container-shipping\/austria\/\" data-internallinksmanager029f6b8e52c=\"95\" title=\"2026 Tengeri tehersz\u00e1ll\u00edt\u00e1s kont\u00e9nerrel Ausztri\u00e1ba \u00e9s Ausztri\u00e1b\u00f3l\">Ausztria (B\u00e9cs)<\/a><\/td><td class=\"column-2\">N\/A<\/td><td class=\"column-3\">$12,750<\/td>\n<\/tr>\n<tr class=\"row-7\">\n\t<td class=\"column-1\"><a href=\"https:\/\/moverdb.com\/hu\/container-shipping\/bahrain\/\" data-internallinksmanager029f6b8e52c=\"96\" title=\"2026 Tengeri tehersz\u00e1ll\u00edt\u00e1si kont\u00e9ner \u00e1rak Bahreinbe \u00e9s Bahreinb\u0151l\">Bahrein (Manama)<\/a><\/td><td class=\"column-2\">$2,090<\/td><td class=\"column-3\">N\/A<\/td>\n<\/tr>\n<tr class=\"row-8\">\n\t<td class=\"column-1\">India (Mumbai)<\/td><td class=\"column-2\">$990<\/td><td class=\"column-3\">N\/A<\/td>\n<\/tr>\n<tr class=\"row-9\">\n\t<td class=\"column-1\"><a href=\"https:\/\/moverdb.com\/hu\/container-shipping\/kuwait\/\" data-internallinksmanager029f6b8e52c=\"135\" title=\"2026 Tengeri tehersz\u00e1ll\u00edt\u00e1si kont\u00e9ner \u00e1rak Kuvaitba \u00e9s Kuvaitb\u00f3l\">Kuvait (Shuwaikh)<\/a><\/td><td class=\"column-2\">$2,393<\/td><td class=\"column-3\">N\/A<\/td>\n<\/tr>\n<tr class=\"row-10\">\n\t<td class=\"column-1\"><a href=\"https:\/\/moverdb.com\/hu\/container-shipping\/maldives\/\" data-internallinksmanager029f6b8e52c=\"161\" title=\"2026 Tengeri tehersz\u00e1ll\u00edt\u00e1si kont\u00e9ner\u00e1rak a Mald\u00edv-szigetekre \u00e9s a Mald\u00edv-szigetekr\u0151l\">Mald\u00edv-szigetek (Male)<\/a><\/td><td class=\"column-2\">$110<\/td><td class=\"column-3\">N\/A<\/td>\n<\/tr>\n<tr class=\"row-11\">\n\t<td class=\"column-1\"><a href=\"https:\/\/moverdb.com\/hu\/container-shipping\/netherlands\/\" data-internallinksmanager029f6b8e52c=\"151\" title=\"2026 Tengeri tehersz\u00e1ll\u00edt\u00e1s kont\u00e9nerrel Hollandi\u00e1ba \u00e9s Hollandi\u00e1b\u00f3l\">Hollandia (Rotterdam)<\/a><\/td><td class=\"column-2\">$6,492<\/td><td class=\"column-3\">$8,034<\/td>\n<\/tr>\n<tr class=\"row-12\">\n\t<td class=\"column-1\">Pakiszt\u00e1n (Karacsi)<\/td><td class=\"column-2\">$3,808<\/td><td class=\"column-3\">N\/A<\/td>\n<\/tr>\n<tr class=\"row-13\">\n\t<td class=\"column-1\"><a href=\"https:\/\/moverdb.com\/hu\/container-shipping\/qatar\/\" data-internallinksmanager029f6b8e52c=\"159\" title=\"2026 Tengeri tehersz\u00e1ll\u00edt\u00e1s kont\u00e9ner \u00e1rak Katarb\u00f3l \u00e9s Katarba\">Katar (Doha)<\/a><\/td><td class=\"column-2\">$2,810<\/td><td class=\"column-3\">N\/A<\/td>\n<\/tr>\n<tr class=\"row-14\">\n\t<td class=\"column-1\"><a href=\"https:\/\/moverdb.com\/hu\/container-shipping\/saudi-arabia\/\" data-internallinksmanager029f6b8e52c=\"178\" title=\"2026 Tengeri tehersz\u00e1ll\u00edt\u00e1si kont\u00e9ner \u00e1rak Sza\u00fad-Ar\u00e1bi\u00e1ba \u00e9s Sza\u00fad-Ar\u00e1bi\u00e1b\u00f3l\">Sza\u00fad-Ar\u00e1bia (Dzsidda)<\/a><\/td><td class=\"column-2\">$6,977<\/td><td class=\"column-3\">N\/A<\/td>\n<\/tr>\n<tr class=\"row-15\">\n\t<td class=\"column-1\">Szingap\u00far (Szingap\u00far)<\/td><td class=\"column-2\">$110<\/td><td class=\"column-3\">N\/A<\/td>\n<\/tr>\n<tr class=\"row-16\">\n\t<td class=\"column-1\">Spanyolorsz\u00e1g (Valencia)<\/td><td class=\"column-2\">$6,932<\/td><td class=\"column-3\">$10,214<\/td>\n<\/tr>\n<tr class=\"row-17\">\n\t<td class=\"column-1\"><a href=\"https:\/\/moverdb.com\/hu\/container-shipping\/united-arab-emirates\/\" data-internallinksmanager029f6b8e52c=\"188\" title=\"2026 Kont\u00e9nersz\u00e1ll\u00edt\u00e1si d\u00edjak az Egyes\u00fclt Arab Em\u00edrs\u00e9gekbe \u00e9s az Egyes\u00fclt Arab Em\u00edrs\u00e9gekb\u0151l\">Egyes\u00fclt Arab Em\u00edrs\u00e9gek (Jebel Ali)<\/a><\/td><td class=\"column-2\">$1,705<\/td><td class=\"column-3\">$3,273<\/td>\n<\/tr>\n<tr class=\"row-18\">\n\t<td class=\"column-1\">USA (Los Angeles)<\/td><td class=\"column-2\">$8,080<\/td><td class=\"column-3\">$8,400<\/td>\n<\/tr>\n<tr class=\"row-19\">\n\t<td class=\"column-1\">USA (New York)<\/td><td class=\"column-2\">$3,753<\/td><td class=\"column-3\">$4,250<\/td>\n<\/tr>\n<\/tbody>\n<\/table>\n<!-- #tablepress-49 from cache -->\n\n\n\n<h3 class=\"wp-block-heading\">Megjegyz\u00e9sek az adatokr\u00f3l:<\/h3>\n\n\n\n<ul class=\"wp-block-list\"><li>Minden $ sz\u00e1madat Egyes\u00fclt \u00c1llamok doll\u00e1rban (USD);<\/li><li>Az \u00e1rak 2022 elej\u00e9t\u0151l pontosak;<\/li><li>Az ebben a cikkben szerepl\u0151 t\u00e9rk\u00e9pek a <a href=\"https:\/\/www.mapchart.net\" target=\"_blank\" rel=\"noreferrer noopener\">https:\/\/www.mapchart.net<\/a>. A t\u00e9rk\u00e9peket szabadon megoszthatja, amennyiben a linket visszautalja a k\u00f6vetkez\u0151 oldalra <a href=\"https:\/\/moverdb.com\/hu\/\" target=\"_blank\" rel=\"noreferrer noopener\">MoverDB<\/a>;<\/li><li>A fenti \u00e1rak csak becsl\u00e9sek, \u00e9s a cikk megjelen\u00e9se \u00f3ta (2022. \u00e1prilis) v\u00e1ltozhattak. Ezek a legalacsonyabb becs\u00fclt r\u00e1t\u00e1n alapulnak, amelyet a k\u00f6vetkez\u0151k alapj\u00e1n \u00e1llap\u00edtottak meg <a href=\"https:\/\/www.icontainers.com\" target=\"_blank\" rel=\"noreferrer noopener\">https:\/\/www.icontainers.com<\/a> vagy <a href=\"https:\/\/www.freightos.com\" target=\"_blank\" rel=\"noreferrer noopener\">https:\/\/www.freightos.com<\/a>;<\/li><li>Ha pontosabb k\u00e9pet szeretne kapni a k\u00f6lts\u00e9gekr\u0151l, k\u00e9rj\u00fck, haszn\u00e1lja az oldal tetej\u00e9n tal\u00e1lhat\u00f3 \u00e1raj\u00e1nlatk\u00e9r\u0151 \u0171rlapot;<\/li><li>K\u00e9rj\u00fck, tekintse meg az al\u00e1bbi \u00fatmutat\u00f3t is <a href=\"https:\/\/moverdb.com\/hu\/kontenerszallitas\/\" target=\"_blank\" rel=\"noreferrer noopener\">nemzetk\u00f6zi kont\u00e9neres sz\u00e1ll\u00edt\u00e1s<\/a>.<\/li><\/ul>","protected":false},"excerpt":{"rendered":"<p>Besides being a third-world country, Bangladesh is one of the main hubs for western investments in the 21st century. Top industries such as the textile, tourism, shipbuilding, technology, and communication industry draw in a large number of expats in this country to develop and expand their offshore business. Other than the work-related incentives, Bangladesh has [&hellip;]<\/p>\n","protected":false},"author":2,"featured_media":3960,"parent":44,"menu_order":0,"comment_status":"open","ping_status":"closed","template":"","meta":{"_genesis_hide_title":false,"_genesis_hide_breadcrumbs":false,"_genesis_hide_singular_image":false,"_genesis_hide_footer_widgets":false,"_genesis_custom_body_class":"","_genesis_custom_post_class":"","_genesis_layout":"","footnotes":""},"class_list":{"0":"post-3991","1":"page","2":"type-page","3":"status-publish","4":"has-post-thumbnail","6":"entry"},"_links":{"self":[{"href":"https:\/\/moverdb.com\/hu\/wp-json\/wp\/v2\/pages\/3991","targetHints":{"allow":["GET"]}}],"collection":[{"href":"https:\/\/moverdb.com\/hu\/wp-json\/wp\/v2\/pages"}],"about":[{"href":"https:\/\/moverdb.com\/hu\/wp-json\/wp\/v2\/types\/page"}],"author":[{"embeddable":true,"href":"https:\/\/moverdb.com\/hu\/wp-json\/wp\/v2\/users\/2"}],"replies":[{"embeddable":true,"href":"https:\/\/moverdb.com\/hu\/wp-json\/wp\/v2\/comments?post=3991"}],"version-history":[{"count":2,"href":"https:\/\/moverdb.com\/hu\/wp-json\/wp\/v2\/pages\/3991\/revisions"}],"predecessor-version":[{"id":4022,"href":"https:\/\/moverdb.com\/hu\/wp-json\/wp\/v2\/pages\/3991\/revisions\/4022"}],"up":[{"embeddable":true,"href":"https:\/\/moverdb.com\/hu\/wp-json\/wp\/v2\/pages\/44"}],"wp:featuredmedia":[{"embeddable":true,"href":"https:\/\/moverdb.com\/hu\/wp-json\/wp\/v2\/media\/3960"}],"wp:attachment":[{"href":"https:\/\/moverdb.com\/hu\/wp-json\/wp\/v2\/media?parent=3991"}],"curies":[{"name":"wp","href":"https:\/\/api.w.org\/{rel}","templated":true}]}}