{"id":384,"date":"2016-05-26T14:06:53","date_gmt":"2016-05-26T14:06:53","guid":{"rendered":"http:\/\/moverdb.com\/?page_id=384"},"modified":"2026-01-08T14:40:17","modified_gmt":"2026-01-08T14:40:17","slug":"ertekelesek","status":"publish","type":"page","link":"https:\/\/moverdb.com\/hu\/reviews\/","title":{"rendered":"MoverDB Nemzetk\u00f6zi K\u00f6lt\u00f6ztet\u0151 V\u00e9lem\u00e9nyek \u00e9s pontsz\u00e1mok magyar\u00e1zata"},"content":{"rendered":"<p>A MoverDB.com c\u00e9lja, hogy elfogulatlan inform\u00e1ci\u00f3kat \u00e9s \u00e9rt\u00e9kel\u00e9seket ny\u00fajtson a vil\u00e1g legnagyobb \u00e9s legjelent\u0151sebb <a href=\"https:\/\/moverdb.com\/hu\/koltozteto-cegek\/\">legjobb nemzetk\u00f6zi k\u00f6lt\u00f6ztet\u0151 c\u00e9gek<\/a>. Ehhez minden egyes k\u00f6lt\u00f6ztet\u0151 sz\u00e1m\u00e1ra profilokat hoztunk l\u00e9tre.<\/p>\n<p>Minden profil a k\u00f6vetkez\u0151 inform\u00e1ci\u00f3kat tartalmazza:<\/p>\n<ol>\n<li> A v\u00e1llalat \u00e1ltal k\u00edn\u00e1lt k\u00f6lt\u00f6ztet\u00e9si szolg\u00e1ltat\u00e1sok.<\/li>\n<li> V\u00e1llalati profil: bele\u00e9rtve a t\u00f6rt\u00e9nelmet, h\u00edrnevet \u00e9s <a href=\"https:\/\/moverdb.com\/hu\/szervezetek-szovetsegek\/\">szervezetek \u00e9s kapcsolatok<\/a> minden egy\u00e9b \u00e9rdekes t\u00e9nnyel egy\u00fctt.<\/li>\n<li> V\u00e9lem\u00e9nyek a vil\u00e1gh\u00e1l\u00f3r\u00f3l, hogy seg\u00edtsen kiv\u00e1lasztani egy jobb k\u00f6lt\u00f6ztet\u0151t.<\/li>\n<\/ol>\n<p><strong>4. A weboldal fel\u00fclvizsg\u00e1lata<\/strong><\/p>\n<p>V\u00e9g\u00fcl, a MoverDB.com tartalmaz egy weboldal-\u00e9rt\u00e9kel\u00e9si pontsz\u00e1mot is minden egyes k\u00f6lt\u00f6ztet\u0151h\u00f6z. Ez a weboldal hasznoss\u00e1g\u00e1nak \u00e9rt\u00e9kel\u00e9se \u00e9s a <strong>nem t\u00fckr\u00f6zi<\/strong> maga a mozgat\u00f3 min\u0151s\u00e9ge. Ehelyett a k\u00f6vetkez\u0151 dolgokat vizsg\u00e1lja:<\/p>\n<ol>\n<li> Egy\u00e9rtelm\u0171 kapcsolattart\u00e1si inform\u00e1ci\u00f3k<\/li>\n<li> K\u00f6nny\u0171 \u00e1raj\u00e1nlatk\u00e9r\u00e9s<\/li>\n<li> Vil\u00e1gos \u00e9s hasznos inform\u00e1ci\u00f3k a honlapon<\/li>\n<li> Tags\u00e1g nemzetk\u00f6zi mozgat\u00f3 szervezetekben<\/li>\n<li> V\u00e9lem\u00e9nyek \u00e9s aj\u00e1nl\u00e1sok<\/li>\n<\/ol>\n<p><em>K\u00e9rj\u00fck, ezeket saj\u00e1t felel\u0151ss\u00e9g\u00e9re haszn\u00e1lja. A MoverDB.com nem v\u00e1llal felel\u0151ss\u00e9get a bemutatott inform\u00e1ci\u00f3k pontoss\u00e1g\u00e1\u00e9rt. Tov\u00e1bb\u00e1 nem v\u00e1llalunk felel\u0151ss\u00e9get a weboldalon tal\u00e1lhat\u00f3 inform\u00e1ci\u00f3k \u00e9s v\u00e9lem\u00e9nyek felhaszn\u00e1l\u00e1s\u00e1\u00e9rt a k\u00f6lt\u00f6ztet\u0151 kiv\u00e1laszt\u00e1sakor. Egyszer\u0171en csak egy lehet\u0151s\u00e9get k\u00edn\u00e1lunk arra, hogy <a href=\"https:\/\/moverdb.com\/hu\/idezi\/\">\u00f6sszehasonl\u00edtani k\u00f6lt\u00f6ztet\u0151k ingyenes \u00e1raj\u00e1nlatok<\/a>.<\/em><\/p>","protected":false},"excerpt":{"rendered":"<p>At MoverDB.com our goal is to bring you unbiased information and reviews of the world&#8217;s biggest and best international moving companies. To do this we&#8217;ve created profiles for each and every mover. Each profile includes the following information: Moving services offered by the company. Company profile: including history, reputation and organizations &#038; affiliations along with [&hellip;]<\/p>\n","protected":false},"author":1,"featured_media":0,"parent":0,"menu_order":0,"comment_status":"closed","ping_status":"closed","template":"","meta":{"_genesis_hide_title":false,"_genesis_hide_breadcrumbs":false,"_genesis_hide_singular_image":false,"_genesis_hide_footer_widgets":false,"_genesis_custom_body_class":"","_genesis_custom_post_class":"","_genesis_layout":"","footnotes":""},"class_list":{"0":"post-384","1":"page","2":"type-page","3":"status-publish","5":"entry"},"_links":{"self":[{"href":"https:\/\/moverdb.com\/hu\/wp-json\/wp\/v2\/pages\/384","targetHints":{"allow":["GET"]}}],"collection":[{"href":"https:\/\/moverdb.com\/hu\/wp-json\/wp\/v2\/pages"}],"about":[{"href":"https:\/\/moverdb.com\/hu\/wp-json\/wp\/v2\/types\/page"}],"author":[{"embeddable":true,"href":"https:\/\/moverdb.com\/hu\/wp-json\/wp\/v2\/users\/1"}],"replies":[{"embeddable":true,"href":"https:\/\/moverdb.com\/hu\/wp-json\/wp\/v2\/comments?post=384"}],"version-history":[{"count":3,"href":"https:\/\/moverdb.com\/hu\/wp-json\/wp\/v2\/pages\/384\/revisions"}],"predecessor-version":[{"id":387,"href":"https:\/\/moverdb.com\/hu\/wp-json\/wp\/v2\/pages\/384\/revisions\/387"}],"wp:attachment":[{"href":"https:\/\/moverdb.com\/hu\/wp-json\/wp\/v2\/media?parent=384"}],"curies":[{"name":"wp","href":"https:\/\/api.w.org\/{rel}","templated":true}]}}