{"id":366,"date":"2016-05-22T20:25:26","date_gmt":"2016-05-22T20:25:26","guid":{"rendered":"http:\/\/moverdb.com\/?page_id=366"},"modified":"2026-01-08T14:47:18","modified_gmt":"2026-01-08T14:47:18","slug":"szervezetek-szovetsegek","status":"publish","type":"page","link":"https:\/\/moverdb.com\/hu\/organizations-associations\/","title":{"rendered":"28 Nemzetk\u00f6zi k\u00f6lt\u00f6ztet\u0151 \u00e9s sz\u00e1ll\u00edtm\u00e1nyoz\u00f3 szervezetek \u00e9s sz\u00f6vets\u00e9gek"},"content":{"rendered":"<p><img loading=\"lazy\" decoding=\"async\" width=\"720\" height=\"486\" src=\"https:\/\/moverdb.com\/wp-content\/uploads\/number-buttons.jpg\" alt=\"Nemzetk\u00f6zi k\u00f6lt\u00f6ztet\u0151 \u00e9s sz\u00e1ll\u00edtm\u00e1nyoz\u00f3 szervezetek \u00e9s egyes\u00fcletek\" class=\"aligncenter size-full wp-image-367\" srcset=\"https:\/\/moverdb.com\/wp-content\/uploads\/number-buttons.jpg 720w, https:\/\/moverdb.com\/wp-content\/uploads\/number-buttons-300x203.jpg 300w, https:\/\/moverdb.com\/wp-content\/uploads\/number-buttons-600x405.jpg 600w\" sizes=\"auto, (max-width: 720px) 100vw, 720px\" \/><\/p>\n<p>Az al\u00e1bbiakban a legfontosabb nemzetk\u00f6zi k\u00f6lt\u00f6ztet\u0151 \u00e9s sz\u00e1ll\u00edtm\u00e1nyoz\u00e1si szervezetek, egyes\u00fcletek, sz\u00f6vets\u00e9gek, rendszerek, c\u00e9hek, tan\u00e1csok stb. nem teljes k\u00f6r\u0171 felsorol\u00e1sa k\u00f6vetkezik.   <\/p>\n<ol>\n<li> <a href=\"https:\/\/moverdb.com\/hu\/en-vagyok\/\">K\u00f6lt\u00f6ztet\u0151k Nemzetk\u00f6zi Sz\u00f6vets\u00e9ge<\/a> (IAM) - A <a href=\"https:\/\/moverdb.com\/hu\/iam\/\" data-internallinksmanager029f6b8e52c=\"23\" title=\"A K\u00f6lt\u00f6ztet\u0151k Nemzetk\u00f6zi Sz\u00f6vets\u00e9ge (IAM) magyar\u00e1zata\">K\u00f6lt\u00f6ztet\u0151k Nemzetk\u00f6zi Sz\u00f6vets\u00e9ge<\/a> (IAM) egy glob\u00e1lis kereskedelmi szervezet, amelynek tagjai k\u00f6lt\u00f6ztet\u00e9si, sz\u00e1ll\u00edtm\u00e1nyoz\u00e1si, fuvaroz\u00e1si, logisztikai \u00e9s kapcsol\u00f3d\u00f3 szolg\u00e1ltat\u00e1sokat ny\u00fajtanak.<\/li>\n<li> <a href=\"https:\/\/moverdb.com\/hu\/fidi-faim\/\">FIDI &amp; FIDI akkredit\u00e1lt nemzetk\u00f6zi k\u00f6lt\u00f6ztet\u0151<\/a> (<a href=\"https:\/\/moverdb.com\/hu\/fidi-faim\/\" data-internallinksmanager029f6b8e52c=\"16\" title=\"FIDI &amp; FAIM (FIDI akkredit\u00e1lt nemzetk\u00f6zi fuvaroz\u00f3) magyar\u00e1zata\">FAIM<\/a>) - A FIDI (F\u00e9d\u00e9ration Internationale des D\u00e9m\u00e9nageurs Internationaux; The Federation of International Movers) a nemzetk\u00f6zi k\u00f6lt\u00f6ztet\u0151 \u00e9s k\u00f6lt\u00f6ztet\u0151 v\u00e1llalkoz\u00e1sok glob\u00e1lis erny\u0151szervezete.<\/li>\n<li> <a href=\"https:\/\/moverdb.com\/hu\/amsa\/\">Amerikai K\u00f6lt\u00f6ztet\u0151 \u00e9s T\u00e1rol\u00f3 Sz\u00f6vets\u00e9g<\/a> (AMSA) - A <a href=\"https:\/\/moverdb.com\/hu\/amsa\/\" data-internallinksmanager029f6b8e52c=\"5\" title=\"Az Amerikai K\u00f6lt\u00f6ztet\u0151 \u00e9s T\u00e1rol\u00f3 Sz\u00f6vets\u00e9g (AMSA) magyar\u00e1zata\">Amerikai K\u00f6lt\u00f6ztet\u0151 \u00e9s T\u00e1rol\u00f3 Sz\u00f6vets\u00e9g<\/a> (AMSA) az amerikai k\u00f6lt\u00f6ztet\u0151ipar nemzeti szakmai sz\u00f6vets\u00e9ge.<\/li>\n<li> <a href=\"https:\/\/moverdb.com\/hu\/felni-elorejelzo\/\">Regisztr\u00e1lt nemzetk\u00f6zi k\u00f6lt\u00f6ztet\u0151 (RIM) \/ International ProMover<\/a> - A nemzetk\u00f6zi <a href=\"https:\/\/moverdb.com\/hu\/rim-promover\/\" data-internallinksmanager029f6b8e52c=\"76\" title=\"A RIM International ProMover tan\u00fas\u00edt\u00e1s magyar\u00e1zata\">ProMover<\/a> A min\u0151s\u00edt\u00e9s az Amerikai K\u00f6lt\u00f6ztet\u0151 \u00e9s T\u00e1rol\u00f3 Sz\u00f6vets\u00e9g (AMSA) \u00e1ltal l\u00e9trehozott Registered International Mover (RIM) program r\u00e9sze.<\/li>\n<li> <a href=\"https:\/\/moverdb.com\/hu\/british-association-of-removers\/\">Brit K\u00f6lt\u00f6ztet\u0151k Sz\u00f6vets\u00e9ge<\/a> (BAR) - A <a href=\"https:\/\/moverdb.com\/hu\/british-association-of-removers\/\" data-internallinksmanager029f6b8e52c=\"9\" title=\"A Brit K\u00f6lt\u00f6ztet\u0151k Sz\u00f6vets\u00e9ge (BAR) magyar\u00e1zata\">Brit K\u00f6lt\u00f6ztet\u0151k Sz\u00f6vets\u00e9ge<\/a> (BAR) a \"professzion\u00e1lis k\u00f6lt\u00f6ztet\u0151ipar elismert hangjak\u00e9nt\" jellemzi mag\u00e1t, \u00e9s a szakma egyik legfontosabb szerve a <a href=\"https:\/\/moverdb.com\/hu\/moving-to-the-uk\/\" data-internallinksmanager029f6b8e52c=\"93\" title=\"Az Egyes\u00fclt Kir\u00e1lys\u00e1gba k\u00f6lt\u00f6zik? 2022 Meg\u00e9lhet\u00e9si k\u00f6lts\u00e9gek \u00e9s k\u00f6lt\u00f6z\u00e9si tippek\">UK<\/a> mozg\u00f3ipar.<\/li>\n<li> <a href=\"https:\/\/moverdb.com\/hu\/bar-overseas\/\">BAR Overseas Group<\/a> - <a href=\"https:\/\/moverdb.com\/hu\/bar-overseas\/\" data-internallinksmanager029f6b8e52c=\"10\" title=\"A Brit K\u00f6lt\u00f6ztet\u0151k Sz\u00f6vets\u00e9ge (BAR) tengerent\u00fali csoportj\u00e1nak magyar\u00e1zata\">BAR Overseas<\/a> Group a British Association of Removers (BAR) r\u00e9sze, \u00e9s a k\u00f6lt\u00f6ztet\u00e9si ipar\u00e1gban a szakmai kiv\u00e1l\u00f3s\u00e1g el\u0151mozd\u00edt\u00e1sa a c\u00e9lja.<\/li>\n<li> <a href=\"https:\/\/moverdb.com\/hu\/mtc\/\">Movers Trading Club<\/a> (<a href=\"https:\/\/moverdb.com\/hu\/mtc\/\" data-internallinksmanager029f6b8e52c=\"30\" title=\"Movers Trading Club (MTC) magyar\u00e1zata\">MTC<\/a>) - A BAR Overseas Group tagv\u00e1llalatai sz\u00e1m\u00e1ra, hogy seg\u00edtsen cs\u00f6kkenteni a <a href=\"https:\/\/moverdb.com\/hu\/koltozesi-koltsegek\/\">k\u00f6lt\u00f6z\u00e9si k\u00f6lts\u00e9gek<\/a> a <a href=\"https:\/\/moverdb.com\/hu\/moving-to-the-united-states\/\" data-internallinksmanager029f6b8e52c=\"94\" title=\"Az Egyes\u00fclt \u00c1llamokba k\u00f6lt\u00f6zik? 2022 Meg\u00e9lhet\u00e9si k\u00f6lts\u00e9gek \u00e9s k\u00f6lt\u00f6z\u00e9si tippek\">US<\/a> az Egyes\u00fclt Kir\u00e1lys\u00e1gb\u00f3l.<\/li>\n<li> <a href=\"https:\/\/moverdb.com\/hu\/canadian-association-of-movers\/\">Kanadai K\u00f6lt\u00f6ztet\u0151k Sz\u00f6vets\u00e9ge<\/a> (CAM) - A <a href=\"https:\/\/moverdb.com\/hu\/canadian-association-of-movers\/\" data-internallinksmanager029f6b8e52c=\"11\" title=\"A Kanadai K\u00f6lt\u00f6ztet\u0151k Sz\u00f6vets\u00e9ge (CAM) magyar\u00e1zata\">Kanadai K\u00f6lt\u00f6ztet\u0151k Sz\u00f6vets\u00e9ge<\/a> a <a href=\"https:\/\/moverdb.com\/hu\/moving-to-canada\/\" data-internallinksmanager029f6b8e52c=\"265\" title=\"K\u00f6lt\u00f6z\u00e9s Kanad\u00e1ba? 2023 \u00c9letk\u00f6lts\u00e9gek \u00e9s k\u00f6lt\u00f6z\u00e9si tippek\">Kanada<\/a>a k\u00f6lt\u00f6ztet\u0151 \u00e9s rakt\u00e1roz\u00e1si v\u00e1llalkoz\u00e1sokat k\u00e9pvisel\u0151 szakmai sz\u00f6vets\u00e9g. <\/li>\n<li> <a href=\"https:\/\/moverdb.com\/hu\/aima\/\">Ausztr\u00e1l Nemzetk\u00f6zi K\u00f6lt\u00f6ztet\u0151k Sz\u00f6vets\u00e9ge<\/a> (AIMA) - A <a href=\"https:\/\/moverdb.com\/hu\/aima\/\" data-internallinksmanager029f6b8e52c=\"8\" title=\"Az Ausztr\u00e1l Nemzetk\u00f6zi K\u00f6lt\u00f6ztet\u0151k Sz\u00f6vets\u00e9ge (AIMA) magyar\u00e1zata\">Ausztr\u00e1l Nemzetk\u00f6zi K\u00f6lt\u00f6ztet\u0151k Sz\u00f6vets\u00e9ge<\/a> (AIMA) \u00fagy jellemzi mag\u00e1t, mint szakmai f\u00f3rumot a <a href=\"https:\/\/moverdb.com\/hu\/international-removals\/\" data-internallinksmanager029f6b8e52c=\"27\" title=\"36 legjobb nemzetk\u00f6zi k\u00f6lt\u00f6ztet\u0151 c\u00e9gek az Egyes\u00fclt Kir\u00e1lys\u00e1gban\">nemzetk\u00f6zi k\u00f6lt\u00f6ztet\u00e9sek<\/a> ipar.<\/li>\n<li> <a href=\"https:\/\/moverdb.com\/hu\/afra\/\">Ausztr\u00e1l B\u00fatorsz\u00e1ll\u00edt\u00f3k Sz\u00f6vets\u00e9ge<\/a> (AFRA) - A <a href=\"https:\/\/moverdb.com\/hu\/afra\/\" data-internallinksmanager029f6b8e52c=\"7\" title=\"Az Ausztr\u00e1l B\u00fatorsz\u00e1ll\u00edt\u00f3k Sz\u00f6vets\u00e9ge (AFRA) magyar\u00e1zata\">Ausztr\u00e1l B\u00fatorsz\u00e1ll\u00edt\u00f3k Sz\u00f6vets\u00e9ge<\/a> (AFRA) a k\u00f6lt\u00f6ztet\u00e9si \u00e1gazat k\u00e9pvisel\u0151jek\u00e9nt \u00e9s szab\u00e1lyoz\u00f3jak\u00e9nt is jellemzi mag\u00e1t. <a href=\"https:\/\/moverdb.com\/hu\/moving-to-australia\/living-in-australia\/\" data-internallinksmanager029f6b8e52c=\"240\" title=\"21 Titkok az Ausztr\u00e1li\u00e1ban \u00e9l\u0151kr\u0151l, hogy tudd, miel\u0151tt elk\u00f6lt\u00f6z\u00f6l\">Ausztr\u00e1lia<\/a>.<\/li>\n<li> <a href=\"https:\/\/moverdb.com\/hu\/hgfaa\/\">Amerikai H\u00e1ztart\u00e1si \u00c1ruk Sz\u00e1ll\u00edtm\u00e1nyoz\u00f3k Egyes\u00fclete<\/a> (HGFAA) - A <a href=\"https:\/\/moverdb.com\/hu\/hgfaa\/\" data-internallinksmanager029f6b8e52c=\"21\" title=\"Az Amerikai H\u00e1ztart\u00e1si \u00c1ruk Sz\u00e1ll\u00edtm\u00e1nyoz\u00f3k Sz\u00f6vets\u00e9ge (HGFAA) magyar\u00e1zata\">Amerikai H\u00e1ztart\u00e1si \u00c1ruk Sz\u00e1ll\u00edtm\u00e1nyoz\u00f3k Egyes\u00fclete<\/a> (HGFAA) olyan k\u00f6lt\u00f6ztet\u0151k glob\u00e1lis sz\u00f6vets\u00e9gek\u00e9nt \u00edrja le mag\u00e1t, amelyek elk\u00f6telezettek amellett, hogy az \u00fcgyfelek a lehet\u0151 legjobb szolg\u00e1ltat\u00e1st kapj\u00e1k k\u00f6lt\u00f6z\u00e9s\u00fck sor\u00e1n.<\/li>\n<li> <a href=\"https:\/\/moverdb.com\/hu\/ncbfaa\/\">Amerikai Nemzeti V\u00e1m\u00fcgyn\u00f6k\u00f6k \u00e9s Sz\u00e1ll\u00edtm\u00e1nyoz\u00f3k Sz\u00f6vets\u00e9ge<\/a> (NCBFAA) - A <a href=\"https:\/\/moverdb.com\/hu\/ncbfaa\/\" data-internallinksmanager029f6b8e52c=\"73\" title=\"Amerikai V\u00e1m\u00fcgyn\u00f6k\u00f6k \u00e9s Sz\u00e1ll\u00edtm\u00e1nyoz\u00f3k Nemzeti Sz\u00f6vets\u00e9ge (NCBFAA)\">Amerikai Nemzeti V\u00e1m\u00fcgyn\u00f6k\u00f6k \u00e9s Sz\u00e1ll\u00edtm\u00e1nyoz\u00f3k Sz\u00f6vets\u00e9ge<\/a> (NCBFAA) az amerikai sz\u00e1ll\u00edt\u00e1si logisztikai ipar hangjak\u00e9nt tekintik.<\/li>\n<li> <a href=\"https:\/\/moverdb.com\/hu\/lacma\/\">Latin-Amerikai \u00e9s Karibi Nemzetk\u00f6zi K\u00f6lt\u00f6ztet\u0151k Sz\u00f6vets\u00e9ge<\/a> (LACMA) - A <a href=\"https:\/\/moverdb.com\/hu\/lacma\/\" data-internallinksmanager029f6b8e52c=\"28\" title=\"Latin-amerikai \u00e9s Karibi Nemzetk\u00f6zi K\u00f6lt\u00f6ztet\u0151k Sz\u00f6vets\u00e9ge (LACMA)\">Latin-Amerikai \u00e9s Karibi Nemzetk\u00f6zi K\u00f6lt\u00f6ztet\u0151k Sz\u00f6vets\u00e9ge<\/a> (LACIMA) a k\u00f6lt\u00f6ztet\u0151 \u00e9s \u00e1ttelep\u00edt\u0151 c\u00e9gek gy\u0171jtem\u00e9ny\u00e9t k\u00e9pviseli azzal a c\u00e9llal, hogy \u00f6szt\u00f6n\u00f6zze a helyi sz\u00e9khely\u0171 v\u00e1llalkoz\u00e1sok, valamint a vil\u00e1g m\u00e1s r\u00e9szein m\u0171k\u00f6d\u0151 v\u00e1llalkoz\u00e1sok integr\u00e1ci\u00f3j\u00e1t.<\/li>\n<li> <a href=\"https:\/\/moverdb.com\/hu\/iata\/\">Nemzetk\u00f6zi L\u00e9gi Sz\u00e1ll\u00edt\u00e1si Sz\u00f6vets\u00e9g<\/a> (IATA) - A <a href=\"https:\/\/moverdb.com\/hu\/iata\/\" data-internallinksmanager029f6b8e52c=\"22\" title=\"A Nemzetk\u00f6zi L\u00e9gi Sz\u00e1ll\u00edt\u00e1si Sz\u00f6vets\u00e9g (IATA) magyar\u00e1zata\">Nemzetk\u00f6zi L\u00e9gi Sz\u00e1ll\u00edt\u00e1si Sz\u00f6vets\u00e9g<\/a> (IATA) a vil\u00e1g l\u00e9git\u00e1rsas\u00e1gainak glob\u00e1lis kereskedelmi sz\u00f6vets\u00e9ge. K\u00fcldet\u00e9se a tagok vezet\u00e9se \u00e9s szolg\u00e1lata, valamint \u00e9rdekeik k\u00e9pviselete a rep\u00fcl\u0151t\u00e9ri k\u00f6zleked\u00e9si \u00e1gazat fellend\u00edt\u00e9se \u00e9rdek\u00e9ben.<\/li>\n<li> <a href=\"https:\/\/moverdb.com\/hu\/euromovers\/\">Eur\u00f3pai Mover Partners\u00e9g (EUROMOVERS International)<\/a> - <a href=\"https:\/\/moverdb.com\/hu\/euromovers\/\" data-internallinksmanager029f6b8e52c=\"12\" title=\"Az eur\u00f3pai fuvaroz\u00f3i partners\u00e9g (EUROMOVERS International) magyar\u00e1zata\">Euromovers<\/a> sz\u00e9khelye <a href=\"https:\/\/moverdb.com\/hu\/moving-to-luxembourg\/\" data-internallinksmanager029f6b8e52c=\"349\" title=\"Luxemburgba k\u00f6lt\u00f6zik? 2023 Lakhat\u00e1si k\u00f6lts\u00e9gek \u00e9s k\u00f6lt\u00f6z\u00e9si tippek\">Luxemburg<\/a> \u00e9s sz\u00e1mos vezet\u0151 <a href=\"https:\/\/moverdb.com\/hu\/moving-companies\/\" data-internallinksmanager029f6b8e52c=\"79\" title=\"Top 25 nemzetk\u00f6zi k\u00f6lt\u00f6ztet\u0151 c\u00e9gek online\">nemzetk\u00f6zi k\u00f6lt\u00f6ztet\u0151 c\u00e9gek<\/a> akik k\u00f6z\u00f6s szabv\u00e1nyok, j\u00f6v\u0151k\u00e9p \u00e9s ir\u00e1nyvonal alapj\u00e1n h\u00e1l\u00f3zatot alkottak.<\/li>\n<li> <a href=\"https:\/\/moverdb.com\/hu\/employee-relocation-council\/\">Vil\u00e1gszerte ERC<\/a> (Munkav\u00e1llal\u00f3k \u00e1thelyez\u00e9s\u00e9nek tan\u00e1csa) - A <a href=\"https:\/\/moverdb.com\/hu\/employee-relocation-council\/\" data-internallinksmanager029f6b8e52c=\"83\" title=\"A vil\u00e1gm\u00e9ret\u0171 munkav\u00e1llal\u00f3i \u00e1thelyez\u00e9si tan\u00e1cs (ERC) magyar\u00e1zata\">Vil\u00e1gm\u00e9ret\u0171 munkav\u00e1llal\u00f3i \u00e1thelyez\u00e9si tan\u00e1cs<\/a> (ERC) a munkaer\u0151-mobilit\u00e1si sz\u00f6vets\u00e9gk\u00e9nt hat\u00e1rozza meg mag\u00e1t azon szakemberek sz\u00e1m\u00e1ra, akik fel\u00fcgyelik, ir\u00e1ny\u00edtj\u00e1k vagy t\u00e1mogatj\u00e1k az amerikai belf\u00f6ldi \u00e9s nemzetk\u00f6zi munkav\u00e1llal\u00f3i \u00e1thelyez\u00e9seket.<\/li>\n<li> <a href=\"https:\/\/moverdb.com\/hu\/harmony-relocation-network\/\">Harmony Relocation Network<\/a> - A <a href=\"https:\/\/moverdb.com\/hu\/harmony-relocation-network\/\" data-internallinksmanager029f6b8e52c=\"20\" title=\"A Harmony Relocation Network (HRN) magyar\u00e1zata\">Harmony Relocation Network<\/a> (HRN) egy partnerc\u00e9gekb\u0151l \u00e1ll\u00f3 csoport, amelyet azzal a c\u00e9llal hoztak l\u00e9tre, hogy p\u00e1neur\u00f3pai h\u00e1l\u00f3zatot \u00e9p\u00edtsen ki a glob\u00e1lis \u00e1thelyez\u00e9shez.<\/li>\n<li> <a href=\"https:\/\/moverdb.com\/hu\/eura\/\">Eur\u00f3pai K\u00f6lt\u00f6ztet\u00e9si Sz\u00f6vets\u00e9g<\/a> (EuRA) - A <a href=\"https:\/\/moverdb.com\/hu\/eura\/\" data-internallinksmanager029f6b8e52c=\"13\" title=\"Az Eur\u00f3pai K\u00f6lt\u00f6ztet\u00e9si Sz\u00f6vets\u00e9g (EuRA) magyar\u00e1zata\">Eur\u00f3pai K\u00f6lt\u00f6ztet\u00e9si Sz\u00f6vets\u00e9g<\/a> (EuRA) a professzion\u00e1lisan ir\u00e1ny\u00edtott k\u00f6lt\u00f6z\u00e9si \u00e9s mobilit\u00e1si szolg\u00e1ltat\u00e1sok el\u0151nyeit n\u00e9pszer\u0171s\u00edti a glob\u00e1lisan mobilis alkalmazottakkal rendelkez\u0151 v\u00e1llalatok sz\u00e1m\u00e1ra.<\/li>\n<li> <a href=\"https:\/\/moverdb.com\/hu\/association-relocation-professionals\/\">K\u00f6lt\u00f6ztet\u00e9ssel foglalkoz\u00f3 szakemberek sz\u00f6vets\u00e9ge<\/a> (ARP) - A <a href=\"https:\/\/moverdb.com\/hu\/association-relocation-professionals\/\" data-internallinksmanager029f6b8e52c=\"6\" title=\"A K\u00f6lt\u00f6ztet\u00e9si Szakemberek Sz\u00f6vets\u00e9ge (ARP) magyar\u00e1zata\">K\u00f6lt\u00f6ztet\u00e9ssel foglalkoz\u00f3 szakemberek sz\u00f6vets\u00e9ge<\/a> (ARP) az Egyes\u00fclt Kir\u00e1lys\u00e1gban a k\u00f6lt\u00f6ztet\u00e9si ipar\u00e1g szakmai szervezete.<\/li>\n<li> <a href=\"https:\/\/moverdb.com\/hu\/rios\/\">A k\u00f6lt\u00f6ztet\u00e9si ipar\u00e1gi ombudsmani rendszer<\/a> (<a href=\"https:\/\/moverdb.com\/hu\/rios\/\" data-internallinksmanager029f6b8e52c=\"75\" title=\"A k\u00f6lt\u00f6ztet\u00e9si ipar\u00e1gi ombudsmani rendszer (RIOS) magyar\u00e1zata\">RIOS<\/a>) - A k\u00f6lt\u00f6ztet\u00e9si ipar\u00e1gi ombudsmani rendszer (RIOS) foglalkozik az Egyes\u00fclt Kir\u00e1lys\u00e1gban m\u0171k\u00f6d\u0151 k\u00f6lt\u00f6ztet\u00e9si ipar\u00e1gi v\u00e1llalkoz\u00e1sokkal kapcsolatos panaszokkal.<\/li>\n<li> <a href=\"https:\/\/moverdb.com\/hu\/fedemac\/\">Eur\u00f3pai K\u00f6lt\u00f6ztet\u0151k Sz\u00f6vets\u00e9ge<\/a> (FEDEMAC) - A <a href=\"https:\/\/moverdb.com\/hu\/fedemac\/\" data-internallinksmanager029f6b8e52c=\"15\" title=\"Az Eur\u00f3pai K\u00f6lt\u00f6ztet\u0151k Sz\u00f6vets\u00e9g\u00e9nek (FEDEMAC) magyar\u00e1zata\">Eur\u00f3pai K\u00f6lt\u00f6ztet\u0151k Sz\u00f6vets\u00e9ge<\/a> (FEDEMAC) egy eur\u00f3pai szervezet, amelyet a k\u00f6lt\u00f6ztet\u0151ipar eur\u00f3pai szint\u0171 el\u0151mozd\u00edt\u00e1s\u00e1ra hoztak l\u00e9tre.<\/li>\n<li> <a href=\"https:\/\/moverdb.com\/hu\/freight-transport-association\/\">Tehersz\u00e1ll\u00edt\u00e1si Sz\u00f6vets\u00e9g<\/a> (FTA) - A <a href=\"https:\/\/moverdb.com\/hu\/freight-transport-association\/\" data-internallinksmanager029f6b8e52c=\"18\" title=\"A Tehersz\u00e1ll\u00edt\u00e1si Sz\u00f6vets\u00e9g (FTA) magyar\u00e1zata\">Tehersz\u00e1ll\u00edt\u00e1si Sz\u00f6vets\u00e9g<\/a> (FTA) az\u00e9rt j\u00f6tt l\u00e9tre, hogy k\u00e9pviselje a logisztikai v\u00e1llalatok \u00e9rdekeit, f\u00fcggetlen\u00fcl att\u00f3l, hogy tengeri, l\u00e9gi, k\u00f6z\u00fati vagy vas\u00fati \u00e1rusz\u00e1ll\u00edt\u00e1ssal foglalkoznak.<\/li>\n<li> <a href=\"https:\/\/moverdb.com\/hu\/eurovan-movers\/\">Eurovan nemzetk\u00f6zi k\u00f6lt\u00f6ztet\u0151 h\u00e1l\u00f3zat<\/a> - <a href=\"https:\/\/moverdb.com\/hu\/eurovan-movers\/\" data-internallinksmanager029f6b8e52c=\"14\" title=\"Az Eurovan nemzetk\u00f6zi k\u00f6lt\u00f6ztet\u0151h\u00e1l\u00f3zat (EM) magyar\u00e1zata\">Eurovan nemzetk\u00f6zi k\u00f6lt\u00f6ztet\u0151 h\u00e1l\u00f3zat<\/a> (EM) egy f\u00fcggetlen helyi k\u00f6lt\u00f6ztet\u0151kb\u0151l \u00e1ll\u00f3 h\u00e1l\u00f3zat, amelynek sz\u00e9khelye a <a href=\"https:\/\/moverdb.com\/hu\/moving-to-germany\/\" data-internallinksmanager029f6b8e52c=\"321\" title=\"N\u00e9metorsz\u00e1gba k\u00f6lt\u00f6zik? 2023 Meg\u00e9lhet\u00e9si k\u00f6lts\u00e9gek \u00e9s k\u00f6lt\u00f6z\u00e9si tippek\">N\u00e9metorsz\u00e1g<\/a>. A h\u00e1l\u00f3zatot \u00fagy tervezt\u00e9k, hogy megfeleljen annak az ig\u00e9nynek, hogy egys\u00e9ges szolg\u00e1ltat\u00e1si szintet tudjon ny\u00fajtani a t\u00f6bb orsz\u00e1gon \u00e1t\u00edvel\u0151 nemzetk\u00f6zi k\u00f6lt\u00f6z\u00e9sekhez.<\/li>\n<li> <a href=\"https:\/\/moverdb.com\/hu\/ngrs\/\">K\u00f6lt\u00f6ztet\u0151k \u00e9s Rakt\u00e1rosok Nemzeti C\u00e9he<\/a> (NGRS) - A <a href=\"https:\/\/moverdb.com\/hu\/ngrs\/\" data-internallinksmanager029f6b8e52c=\"74\" title=\"A k\u00f6lt\u00f6ztet\u0151k \u00e9s rakt\u00e1rosok nemzeti c\u00e9he (NGRS) magyar\u00e1zata\">K\u00f6lt\u00f6ztet\u0151k \u00e9s Rakt\u00e1rosok Nemzeti C\u00e9he<\/a> (NGRS) azzal a c\u00e9llal j\u00f6tt l\u00e9tre, hogy n\u00e9mi szab\u00e1lyoz\u00e1st biztos\u00edtson az Egyes\u00fclt Kir\u00e1lys\u00e1gban a k\u00f6lt\u00f6ztet\u00e9si \u00e9s rakt\u00e1roz\u00e1si \u00e1gazat sz\u00e1m\u00e1ra.<\/li>\n<li> <a href=\"https:\/\/moverdb.com\/hu\/international-maritime-organization\/\">Nemzetk\u00f6zi Tenger\u00e9szeti Szervezet<\/a> (IMO) - A <a href=\"https:\/\/moverdb.com\/hu\/international-maritime-organisation\/\" data-internallinksmanager029f6b8e52c=\"24\" title=\"A Nemzetk\u00f6zi Tenger\u00e9szeti Szervezet (IMO) magyar\u00e1zata\">Nemzetk\u00f6zi Tenger\u00e9szeti Szervezet<\/a> (IMO) az Egyes\u00fclt Kir\u00e1lys\u00e1gban sz\u00e9khellyel rendelkez\u0151 ENSZ-\u00fcgyn\u00f6ks\u00e9g, amely a haj\u00f3z\u00e1s szab\u00e1lyoz\u00e1s\u00e1\u00e9rt felel\u0151s.<\/li>\n<li> <a href=\"https:\/\/moverdb.com\/hu\/world-shipping-council\/\">Haj\u00f3z\u00e1si Vil\u00e1gtan\u00e1cs<\/a> (WSC) - A <a href=\"https:\/\/moverdb.com\/hu\/world-shipping-council\/\" data-internallinksmanager029f6b8e52c=\"82\" title=\"A Haj\u00f3z\u00e1si Vil\u00e1gtan\u00e1cs (WSC) magyar\u00e1zata\">Haj\u00f3z\u00e1si Vil\u00e1gtan\u00e1cs<\/a> (WSC) hangot ad a vonalhaj\u00f3z\u00e1si \u00e1gazatnak.<\/li>\n<li> <a href=\"https:\/\/moverdb.com\/hu\/world-customs-organization\/\">V\u00e1m\u00fcgyi Vil\u00e1gszervezet<\/a> (<a href=\"https:\/\/moverdb.com\/hu\/world-customs-organization\/\" data-internallinksmanager029f6b8e52c=\"81\" title=\"A V\u00e1m Vil\u00e1gszervezet (WCO) magyar\u00e1zata\">WCO<\/a>) - A V\u00e1m Vil\u00e1gszervezet (WCO) egy f\u00fcggetlen korm\u00e1nyk\u00f6zi test\u00fclet, amely a v\u00e1mk\u00f6z\u00f6ss\u00e9g hangj\u00e1t k\u00e9pviseli. <\/li>\n<li> <a href=\"https:\/\/moverdb.com\/hu\/nemzetkozi-kamarai-hajozas\/\">A Nemzetk\u00f6zi Haj\u00f3z\u00e1si Kamara<\/a> (ICS) -  <a href=\"https:\/\/moverdb.com\/hu\/international-chamber-shipping\/\" data-internallinksmanager029f6b8e52c=\"78\" title=\"A Nemzetk\u00f6zi Haj\u00f3z\u00e1si Kamara (ICS) magyar\u00e1zata\">A Nemzetk\u00f6zi Haj\u00f3z\u00e1si Kamara<\/a> (ICS) egy szakmai sz\u00f6vets\u00e9g, amely a haj\u00f3tulajdonosokat \u00e9s haj\u00f3\u00fczemeltet\u0151ket k\u00e9pviseli a nemzeti haj\u00f3tulajdonosok sz\u00f6vets\u00e9gein kereszt\u00fcl. <\/li>\n<\/ol>","protected":false},"excerpt":{"rendered":"<p>Below is a non-exhaustive list of the most important international moving &#038; shipping organizations, associations, schemes, guilds, councils etc. International Association of Movers (IAM) &#8211; The International Association of Movers (IAM) is a global trade body with members who provide moving, forwarding, shipping, logistics, and related services. FIDI &#038; FIDI Accredited International Mover (FAIM) &#8211; [&hellip;]<\/p>\n","protected":false},"author":1,"featured_media":367,"parent":0,"menu_order":0,"comment_status":"closed","ping_status":"closed","template":"","meta":{"_genesis_hide_title":false,"_genesis_hide_breadcrumbs":false,"_genesis_hide_singular_image":false,"_genesis_hide_footer_widgets":false,"_genesis_custom_body_class":"","_genesis_custom_post_class":"","_genesis_layout":"","footnotes":""},"class_list":{"0":"post-366","1":"page","2":"type-page","3":"status-publish","4":"has-post-thumbnail","6":"entry"},"_links":{"self":[{"href":"https:\/\/moverdb.com\/hu\/wp-json\/wp\/v2\/pages\/366","targetHints":{"allow":["GET"]}}],"collection":[{"href":"https:\/\/moverdb.com\/hu\/wp-json\/wp\/v2\/pages"}],"about":[{"href":"https:\/\/moverdb.com\/hu\/wp-json\/wp\/v2\/types\/page"}],"author":[{"embeddable":true,"href":"https:\/\/moverdb.com\/hu\/wp-json\/wp\/v2\/users\/1"}],"replies":[{"embeddable":true,"href":"https:\/\/moverdb.com\/hu\/wp-json\/wp\/v2\/comments?post=366"}],"version-history":[{"count":29,"href":"https:\/\/moverdb.com\/hu\/wp-json\/wp\/v2\/pages\/366\/revisions"}],"predecessor-version":[{"id":1342,"href":"https:\/\/moverdb.com\/hu\/wp-json\/wp\/v2\/pages\/366\/revisions\/1342"}],"wp:featuredmedia":[{"embeddable":true,"href":"https:\/\/moverdb.com\/hu\/wp-json\/wp\/v2\/media\/367"}],"wp:attachment":[{"href":"https:\/\/moverdb.com\/hu\/wp-json\/wp\/v2\/media?parent=366"}],"curies":[{"name":"wp","href":"https:\/\/api.w.org\/{rel}","templated":true}]}}