{"id":353,"date":"2016-05-22T20:42:36","date_gmt":"2016-05-22T20:42:36","guid":{"rendered":"http:\/\/moverdb.com\/?page_id=353"},"modified":"2026-01-08T15:20:35","modified_gmt":"2026-01-08T15:20:35","slug":"felni-elorejelzo","status":"publish","type":"page","link":"https:\/\/moverdb.com\/hu\/rim-promover\/","title":{"rendered":"A RIM International ProMover tan\u00fas\u00edt\u00e1s magyar\u00e1zata"},"content":{"rendered":"<p>A nemzetk\u00f6zi ProMover min\u0151s\u00edt\u00e9s a Registered International Mover (RIM) program r\u00e9sze, amelyet a Nemzetk\u00f6zi Sz\u00e1ll\u00edtm\u00e1nyoz\u00f3i Kamara hozott l\u00e9tre. <a href=\"https:\/\/moverdb.com\/hu\/amsa\/\">Amerikai K\u00f6lt\u00f6ztet\u0151 \u00e9s T\u00e1rol\u00f3 Sz\u00f6vets\u00e9g<\/a> (<a href=\"https:\/\/moverdb.com\/hu\/amsa\/\" data-internallinksmanager029f6b8e52c=\"5\" title=\"Az Amerikai K\u00f6lt\u00f6ztet\u0151 \u00e9s T\u00e1rol\u00f3 Sz\u00f6vets\u00e9g (AMSA) magyar\u00e1zata\">AMSA<\/a>). <\/p>\n<p>C\u00e9lja, hogy seg\u00edtse a nemzetk\u00f6zi h\u00e1ztart\u00e1si \u00e1ruk k\u00f6lt\u00f6ztet\u00e9si szolg\u00e1ltat\u00e1sait ig\u00e9nybe vev\u0151 \u00fcgyfeleket, \u00e9s megk\u00f6nny\u00edtse a v\u00e1laszt\u00e1st, egyszer\u0171bb\u00e9 t\u00e9ve a lehet\u0151s\u00e9gek k\u00f6z\u00f6tti k\u00fcl\u00f6nbs\u00e9gt\u00e9telt \u00e9s a megfelel\u0151 k\u00f6lt\u00f6ztet\u0151 megtal\u00e1l\u00e1s\u00e1t.<\/p>\n<p><strong>A szervezet legfontosabb adatai:<\/strong><\/p>\n<ol>\n<li> Jelenleg t\u00f6bb mint 200 v\u00e1llalat \u00e9s t\u00f6bb mint 1000 mag\u00e1nszem\u00e9ly rendelkezik v\u00e1llalati vagy egy\u00e9ni RIM tan\u00fas\u00edtv\u00e1nnyal.<\/li>\n<li> A regisztr\u00e1lt nemzetk\u00f6zi k\u00f6lt\u00f6ztet\u0151 az AMSA \u00e1ltal a szakemberek sz\u00e1m\u00e1ra kiadott szakmai tan\u00fas\u00edtv\u00e1nyok egyike.<\/li>\n<li> Az AMSA az amerikai k\u00f6lt\u00f6ztet\u0151 \u00e9s rakt\u00e1roz\u00e1si ipar\u00e1g nemzeti kereskedelmi sz\u00f6vets\u00e9ge. A min\u0151s\u00edt\u00e9s azonban glob\u00e1lis hat\u00f3k\u00f6r\u0171, \u00e9s a vil\u00e1g minden t\u00e1j\u00e1n p\u00e1ly\u00e1zhatnak r\u00e1 a c\u00e9gek.<\/li>\n<li> A regisztr\u00e1lt nemzetk\u00f6zi fuvaroz\u00f3i program c\u00e9lja, hogy \u00e1ltal\u00e1nos szabv\u00e1nyokat \u00e1ll\u00edtson fel a k\u00f6vetkez\u0151kre vonatkoz\u00f3an <a href=\"https:\/\/moverdb.com\/hu\/moving-companies\/\" data-internallinksmanager029f6b8e52c=\"79\" title=\"Top 25 nemzetk\u00f6zi k\u00f6lt\u00f6ztet\u0151 c\u00e9gek online\">nemzetk\u00f6zi k\u00f6lt\u00f6ztet\u0151 c\u00e9gek<\/a> \u00e9s a szem\u00e9lyzet\u00fck.<\/li>\n<li> A ProMover k\u00f6vetelm\u00e9nyeinek megfelel\u0151, RIM tan\u00fas\u00edtv\u00e1nnyal rendelkez\u0151 v\u00e1llalatok \"Nemzetk\u00f6zi ProMoverek\" lesznek.<\/li>\n<li> A RIM meglehet\u0151sen egyed\u00fcl\u00e1ll\u00f3 abban a tekintetben, hogy 1994-ben hozt\u00e1k l\u00e9tre a RIM k\u00e9pvisel\u0151i a <a href=\"https:\/\/moverdb.com\/hu\/hgfaa\/\">HHGFAA<\/a>, NMSA (AMSA), <a href=\"https:\/\/moverdb.com\/hu\/employee-relocation-council\/\" data-internallinksmanager029f6b8e52c=\"83\" title=\"A vil\u00e1gm\u00e9ret\u0171 munkav\u00e1llal\u00f3i \u00e1thelyez\u00e9si tan\u00e1cs (ERC) magyar\u00e1zata\">ERC<\/a>, OMNI, <a href=\"https:\/\/moverdb.com\/hu\/fidi-faim\/\">FIDI<\/a> \u00e9s a top 10 fuvarv\u00e1llalat, a vev\u0151k \u00e9s a versenyk\u00e9pes elad\u00f3k kever\u00e9ke.<\/li>\n<p><strong>RIM szervezeti profil<\/strong><\/p>\n<p>A RIM-tagg\u00e1 v\u00e1l\u00e1s folyamata szigor\u00fa k\u00e9pz\u00e9st, ellen\u0151rz\u00e9st \u00e9s tesztel\u00e9st foglal mag\u00e1ban, amely arra \u00f6sszpontos\u00edt, hogy a berendez\u00e9sek kezel\u00e9s\u00e9re vonatkoz\u00f3 el\u0151\u00edr\u00e1sok megvannak-e, \u00e9s hogy egy v\u00e1llalkoz\u00e1s rendelkezik-e a nemzetk\u00f6zi k\u00f6lt\u00f6z\u00e9s magas sz\u00ednvonal\u00fa lebonyol\u00edt\u00e1s\u00e1hoz sz\u00fcks\u00e9ges er\u0151forr\u00e1sokkal. <\/p>\n<p>A ProMover min\u0151s\u00edt\u00e9s l\u00e9nyege, hogy csak azok a v\u00e1llalkoz\u00e1sok kaphatj\u00e1k meg, amelyek bizony\u00edtani tudj\u00e1k, hogy megfelelnek a k\u00f6lt\u00f6ztet\u0151 \u00e9s t\u00e1rol\u00f3ipar legmagasabb etikai elveinek \u00e9s gyakorlat\u00e1nak. <\/p>\n<p>A ProMover min\u0151s\u00edt\u00e9s abban k\u00fcl\u00f6nb\u00f6zik a t\u00f6bbit\u0151l, hogy szabv\u00e1nyos\u00edtott, f\u00fcggetlen m\u00f3dot biztos\u00edt az \u00fcgyfelek sz\u00e1m\u00e1ra, hogy k\u00fcl\u00f6nbs\u00e9get tegyenek a lehet\u0151s\u00e9gek k\u00f6z\u00f6tt, \u00e9s hogy a nemzetk\u00f6zi k\u00f6lt\u00f6z\u00e9sre alkalmas c\u00e9get v\u00e1lasszanak, b\u00e1rhol is legyen az adott v\u00e1llalkoz\u00e1s sz\u00e9khelye.<\/p>\n<p><strong>A tags\u00e1g krit\u00e9riumai <\/strong><\/p>\n<ul>\n<li> Legal\u00e1bb egy\u00e9ves tapasztalat a nemzetk\u00f6zi h\u00e1ztart\u00e1si \u00e1ruk k\u00f6lt\u00f6ztet\u00e9s\u00e9vel kapcsolatos szolg\u00e1ltat\u00e1sok ter\u00e9n<\/li>\n<li> Legal\u00e1bb 18 h\u00f3napos hib\u00e1tlan AMSA-tags\u00e1g<\/li>\n<li> rendelkeznek a v\u00e1llalkoz\u00e1s jogszer\u0171 m\u0171k\u00f6d\u00e9s\u00e9hez sz\u00fcks\u00e9ges m\u0171k\u00f6d\u00e9si jogosults\u00e1ggal, ak\u00e1r a <a href=\"https:\/\/moverdb.com\/hu\/moving-to-the-united-states\/\" data-internallinksmanager029f6b8e52c=\"94\" title=\"Az Egyes\u00fclt \u00c1llamokba k\u00f6lt\u00f6zik? 2022 Meg\u00e9lhet\u00e9si k\u00f6lts\u00e9gek \u00e9s k\u00f6lt\u00f6z\u00e9si tippek\">US<\/a> vagy m\u00e1shol.<\/li>\n<li> \u00edr\u00e1sbeli vizsga let\u00e9tele (egy\u00e9n a v\u00e1llalat nev\u00e9ben)<\/li>\n<li> Megfelel a RIM felszerel\u00e9sre, l\u00e9tes\u00edtm\u00e9nyekre \u00e9s biztons\u00e1gi dokument\u00e1ci\u00f3ra vonatkoz\u00f3 szabv\u00e1nyoknak - ezeket a helysz\u00edni l\u00e1togat\u00e1sok sor\u00e1n meglepet\u00e9sszer\u0171en ellen\u0151rzik.<\/li>\n<li> Iratkozzon fel a Nemzetk\u00f6zi ProMover Etikai K\u00f3dexre<\/li>\n<li> Az \u00fajb\u00f3li tan\u00fas\u00edt\u00e1shoz legal\u00e1bb h\u00e1rom alkalmazottnak kell tan\u00fas\u00edtv\u00e1nnyal rendelkeznie (irodai szem\u00e9lyzet, csomagol\u00f3k vagy szem\u00e9lyzet tagjai).<\/li>\n<li> \"C\" vagy ann\u00e1l jobb BBB min\u0151s\u00edt\u00e9s a BBB \u00e1ltal min\u0151s\u00edtett v\u00e1llalatok eset\u00e9ben, azokban az orsz\u00e1gokban, ahol BBB min\u0151s\u00edt\u00e9s el\u00e9rhet\u0151.<\/li>\n<li> Az AMSA munkat\u00e1rsai fel\u00fclvizsg\u00e1lj\u00e1k a panaszokat<\/li>\n<li> Az \u00fczleti partnerek referenci\u00e1i elengedhetetlenek<\/li>\n<\/ul>\n<p><strong>Top 10 tagv\u00e1llalat<\/strong> (m\u00e9ret szerint)<\/p>\n<ol>\n<li> <a href=\"https:\/\/moverdb.com\/hu\/united-van-lines\/\">United Van Lines<\/a><\/li>\n<li> <a href=\"https:\/\/moverdb.com\/hu\/atlas-van-lines-international\/\">Atlas Van Lines International<\/a><\/li>\n<li> <a href=\"https:\/\/moverdb.com\/hu\/mayflower-transit\/\">Mayflower Transit<\/a><\/li>\n<li> <a href=\"https:\/\/moverdb.com\/hu\/north-american-van-lines\/\">North American Van Lines<\/a><\/li>\n<li> <a href=\"https:\/\/moverdb.com\/hu\/wheaton\/\">Wheaton World Wide Moving<\/a><\/li>\n<li> <a href=\"https:\/\/moverdb.com\/hu\/bekins-van-lines\/\">Bekins Van Lines<\/a><\/li>\n<li> <a href=\"https:\/\/moverdb.com\/hu\/graebel-van-lines\/\">Graebel Van Lines<\/a><\/li>\n<li> <a href=\"https:\/\/moverdb.com\/hu\/arpin-van-lines\/\">Arpin Van Lines<\/a><\/li>\n<li> <a href=\"https:\/\/moverdb.com\/hu\/stevens-worldwide-van-lines\/\">Stevens Worldwide Van Lines<\/a><\/li>\n<li> <a href=\"https:\/\/moverdb.com\/hu\/suddath\/\">Suddath<\/a><\/li>\n<li> <a href=\"https:\/\/moverdb.com\/hu\/vip-transport\/\">VIP sz\u00e1ll\u00edt\u00e1s<\/a><\/li>\n<li> <a href=\"https:\/\/moverdb.com\/hu\/royal-hawaiian-movers\/\">Royal Hawaiian Movers<\/a><\/li>\n<\/ol>\n<p><strong>V\u00e9lem\u00e9nyek a szervezetr\u0151l<\/strong><\/p>\n<p>Sz\u00e1mos k\u00f6lt\u00f6ztet\u0151 c\u00e9g honlapj\u00e1n szerepel a RIM tan\u00fas\u00edt\u00e1s, \u00e9s sz\u00e1mos tan\u00e1csad\u00f3 oldal a professzion\u00e1lis k\u00f6lt\u00f6ztet\u0151 szervezet jelek\u00e9nt hivatkozik r\u00e1. Minden olyan weboldal, ahol ez szerepel, utal a szigor\u00fa k\u00e9pz\u00e9sre \u00e9s ellen\u0151rz\u00e9sre, amely a tan\u00fas\u00edtv\u00e1ny megszerz\u00e9s\u00e9hez - \u00e9s fenntart\u00e1s\u00e1hoz - sz\u00fcks\u00e9ges. <\/p>\n<p>A p\u00e9nz\u00fcgyi stabilit\u00e1s \u00e9s a magas sz\u00ednvonal\u00fa szolg\u00e1ltat\u00e1s ny\u00fajt\u00e1s\u00e1nak h\u00edrneve a k\u00e9t m\u00e1sik tulajdons\u00e1g, amelyet a RIM tan\u00fas\u00edt\u00e1shoz csatolnak a k\u00f6lt\u00f6ztet\u0151k, akik ezt a honlapjukon megeml\u00edtik. A legt\u00f6bben kiemelik, hogy a tan\u00fas\u00edt\u00e1shoz folyamatos tev\u00e9kenys\u00e9gre van sz\u00fcks\u00e9g - folyamatos k\u00e9pz\u00e9sre \u00e9s oktat\u00e1sra, valamint a v\u00e9letlenszer\u0171 helysz\u00edni l\u00e1togat\u00e1sokon val\u00f3 megfelel\u00e9sre. <\/p>\n<p>Azt is megeml\u00edtik, hogy szigor\u00fa gyakorlati k\u00f3dex betart\u00e1sa is sz\u00fcks\u00e9ges.<\/p>\n<p>T\u00f6bb k\u00f6lt\u00f6ztet\u0151 is id\u00e9zi a ProMover min\u0151s\u00edt\u00e9st - ez az\u00e9rt fontos, mert \"Ez az eredm\u00e9ny biztos\u00edtja \u00fcgyfeleinket, hogy t\u00f6rv\u00e9nyes, profi k\u00f6lt\u00f6ztet\u0151vel van dolguk, \u00e9s nem egy \u00e1tver\u00e9ses sz\u00e9lh\u00e1mossal, aki megpr\u00f3b\u00e1lja \u0151ket leh\u00fazni. A ProMoverr\u00e9 v\u00e1l\u00e1s \u00f6sszhangban van c\u00e9g\u00fcnk hossz\u00fa m\u00faltj\u00e1val, amely szerint tisztess\u00e9gesen \u00e9s becs\u00fcletesen b\u00e1nunk \u00fcgyfeleinkkel\". <\/p>\n<p>Kiemelik, hogy a min\u0151s\u00edt\u00e9s lehet\u0151v\u00e9 teszi a k\u00f6lt\u00f6ztet\u0151 c\u00e9g sz\u00e1m\u00e1ra, hogy rekl\u00e1m- \u00e9s marketinganyagaiban, valamint weboldal\u00e1n megjelen\u00edtse a ProMover v\u00e9djegy\u00e9nek sz\u00e1m\u00edt\u00f3 vastag, nagybet\u0171s \"M\" log\u00f3t.<\/p>\n<p>Hogyan \u00e1br\u00e1zolj\u00e1k a k\u00f6lt\u00f6ztet\u0151k:<\/p>\n<blockquote><p>Az \u00fcgyn\u00f6ks\u00e9gi tan\u00fas\u00edt\u00e1s igazolja, hogy az \u00fcgyn\u00f6ks\u00e9g rendelkezik a RIM\u00ae minimumk\u00f6vetelm\u00e9nyeinek teljes\u00edt\u00e9s\u00e9hez elegend\u0151 felszerel\u00e9ssel, felszerel\u00e9ssel \u00e9s RIM\u00ae tan\u00fas\u00edtott szem\u00e9lyzettel. Tov\u00e1bb\u00e1 megk\u00f6veteli, hogy az igazgat\u00f3 vagy a vezet\u0151 tiszts\u00e9gvisel\u0151 sikeres vizsg\u00e1t tegyen a RIM\u00ae k\u00e9zik\u00f6nyv alapj\u00e1n, \u00e9s hogy rendelkezzen a nemzetk\u00f6zi \u00fczletvitelhez sz\u00fcks\u00e9ges ismeretekkel. Ezenk\u00edv\u00fcl a RIM\u00ae tan\u00fas\u00edt\u00e1ssal rendelkez\u0151 \u00fcgyn\u00f6knek az els\u0151 tan\u00fas\u00edt\u00e1st\u00f3l sz\u00e1m\u00edtott h\u00e1rom \u00e9ven bel\u00fcl egy RIM\u00ae tan\u00fas\u00edt\u00e1ssal rendelkez\u0151 felm\u00e9r\u0151t, koordin\u00e1tort \u00e9s legal\u00e1bb h\u00e1rom tan\u00fas\u00edtott nemzetk\u00f6zi csomagol\u00f3t kell alkalmaznia.<\/p><\/blockquote>\n<p> - <a href=\"http:\/\/www.castinemovers.com\/category\/RIM\/c70\" target=\"_blank\" rel=\"noopener\">Castine K\u00f6lt\u00f6ztet\u0151k<\/a><\/p>\n<blockquote><p>A regisztr\u00e1lt nemzetk\u00f6zi sz\u00e1ll\u00edtm\u00e1nyoz\u00f3 (RIM) tan\u00fas\u00edt\u00e1s \u00f6nk\u00e9ntes. A min\u0151s\u00edt\u00e9s megszerz\u00e9s\u00e9hez a k\u00f6lt\u00f6ztet\u0151 c\u00e9gnek szigor\u00fa k\u00e9pz\u00e9sen \u00e9s tesztel\u00e9sen kell r\u00e9szt vennie. A tan\u00fas\u00edt\u00e1s biztos\u00edtja, hogy a tan\u00fas\u00edtv\u00e1ny birtokosa a nemzetk\u00f6zi k\u00f6lt\u00f6ztet\u00e9s minden aspektus\u00e1t ismeri.<\/p><\/blockquote>\n<p> - <a href=\"http:\/\/www.newworldvanlines.com\/international.html\" target=\"_blank\" rel=\"noopener\">New World Van Lines<\/a><\/p>\n<blockquote><p>A tan\u00fas\u00edtv\u00e1ny megtart\u00e1s\u00e1hoz a vezet\u0151s\u00e9gnek \u00e9s a szem\u00e9lyzetnek h\u00e1rom \u00e9ven bel\u00fcl legal\u00e1bb 15 \u00f3r\u00e1nyi, RIM \u00e1ltal j\u00f3v\u00e1hagyott tov\u00e1bbk\u00e9pz\u00e9st \u00e9s k\u00e9pz\u00e9st kell elv\u00e9geznie, \u00e9s a v\u00e1llalat l\u00e9tes\u00edtm\u00e9nyeit \u00e9s berendez\u00e9seit h\u00e1rom\u00e9vente \u00fajra kell vizsg\u00e1lni. Eddig t\u00f6bb mint 142 k\u00f6lt\u00f6ztet\u0151 \u00e9s rakt\u00e1roz\u00e1si v\u00e1llalat teljes\u00edtette a RIM program kezdeti szakasz\u00e1t.<\/p><\/blockquote>\n<p> - <a href=\"http:\/\/www.movingscam.com\/articles\/planning-an-international-move\" target=\"_blank\" rel=\"noopener\">Mozg\u00f3 \u00e1tver\u00e9s<\/a><\/p>\n<blockquote><p>A RIM (Registered International Mover) program szerinti min\u0151s\u00edt\u00e9shez a k\u00f6lt\u00f6ztet\u0151nek p\u00e9nz\u00fcgyileg stabilnak kell lennie, min\u0151s\u00e9gi szolg\u00e1ltat\u00e1sair\u00f3l h\u00edrnevet kell szereznie, \u00e9s el kell fogadnia egy szigor\u00fa gyakorlati k\u00f3dexet, amelynek c\u00e9lja az \u00d6n teljes el\u00e9gedetts\u00e9g\u00e9nek biztos\u00edt\u00e1sa.<\/p><\/blockquote>\n<p> - <a href=\"http:\/\/taylorinternational.ca\/international-moving-relocation\" target=\"_blank\" rel=\"noopener\">Taylor nemzetk\u00f6zi k\u00f6lt\u00f6ztet\u0151k<\/a><\/p>","protected":false},"excerpt":{"rendered":"<p>The International ProMover certification is part of the Registered International Mover (RIM) program created by the American Moving &#038; Storage Association (AMSA). It is aimed to assist customers using international household goods relocation services and is intended to facilitate easier choices, making it simpler to differentiate between the options and find the right mover. Key [&hellip;]<\/p>\n","protected":false},"author":1,"featured_media":0,"parent":0,"menu_order":0,"comment_status":"closed","ping_status":"closed","template":"","meta":{"_genesis_hide_title":false,"_genesis_hide_breadcrumbs":false,"_genesis_hide_singular_image":false,"_genesis_hide_footer_widgets":false,"_genesis_custom_body_class":"","_genesis_custom_post_class":"","_genesis_layout":"","footnotes":""},"class_list":{"0":"post-353","1":"page","2":"type-page","3":"status-publish","5":"entry"},"_links":{"self":[{"href":"https:\/\/moverdb.com\/hu\/wp-json\/wp\/v2\/pages\/353","targetHints":{"allow":["GET"]}}],"collection":[{"href":"https:\/\/moverdb.com\/hu\/wp-json\/wp\/v2\/pages"}],"about":[{"href":"https:\/\/moverdb.com\/hu\/wp-json\/wp\/v2\/types\/page"}],"author":[{"embeddable":true,"href":"https:\/\/moverdb.com\/hu\/wp-json\/wp\/v2\/users\/1"}],"replies":[{"embeddable":true,"href":"https:\/\/moverdb.com\/hu\/wp-json\/wp\/v2\/comments?post=353"}],"version-history":[{"count":22,"href":"https:\/\/moverdb.com\/hu\/wp-json\/wp\/v2\/pages\/353\/revisions"}],"predecessor-version":[{"id":6232,"href":"https:\/\/moverdb.com\/hu\/wp-json\/wp\/v2\/pages\/353\/revisions\/6232"}],"wp:attachment":[{"href":"https:\/\/moverdb.com\/hu\/wp-json\/wp\/v2\/media?parent=353"}],"curies":[{"name":"wp","href":"https:\/\/api.w.org\/{rel}","templated":true}]}}