{"id":350,"date":"2016-05-22T20:57:46","date_gmt":"2016-05-22T20:57:46","guid":{"rendered":"http:\/\/moverdb.com\/?page_id=350"},"modified":"2026-01-08T15:20:55","modified_gmt":"2026-01-08T15:20:55","slug":"shore-porters-society","status":"publish","type":"page","link":"https:\/\/moverdb.com\/hu\/shore-porters-society\/","title":{"rendered":"The Shore Porters Society Nemzetk\u00f6zi K\u00f6lt\u00f6ztet\u0151 \u00e9s K\u00f6lt\u00f6ztet\u0151k V\u00e9lem\u00e9nyek"},"content":{"rendered":"<p>A Shore Porters Society a k\u00f6vetkez\u0151 szolg\u00e1ltat\u00e1sokat ny\u00fajtja a k\u00fclf\u00f6ldre, region\u00e1lisan \u00e9s helyben k\u00f6lt\u00f6z\u0151k sz\u00e1m\u00e1ra. A t\u00e1rsas\u00e1g profilj\u00e1t \u00e9s szolg\u00e1ltat\u00e1si \u00e9rt\u00e9kel\u00e9seit is megtekintheti.<\/p>\n<p><strong>V\u00e1llalati \u00e9s szem\u00e9lyes k\u00f6lt\u00f6z\u00e9sek k\u00fclf\u00f6ldre<\/strong><\/p>\n<ul>\n<li> K\u00f6lt\u00f6z\u00e9s el\u0151tti felm\u00e9r\u00e9s<\/li>\n<li> H\u00e1zhoz men\u0151 szolg\u00e1ltat\u00e1s<\/li>\n<li> Tengeri vagy l\u00e9gi sz\u00e1ll\u00edtm\u00e1nyoz\u00e1s<\/li>\n<li> K\u00fcl\u00f6nb\u00f6z\u0151 csomagol\u00e1si lehet\u0151s\u00e9gek<\/li>\n<li> T\u00e1rol\u00e1si lehet\u0151s\u00e9gek<\/li>\n<li> Seg\u00edts\u00e9gny\u00fajt\u00e1s a c\u00e9lorsz\u00e1gra vonatkoz\u00f3 dokument\u00e1ci\u00f3val kapcsolatban<\/li>\n<li> A c\u00e9lorsz\u00e1g szab\u00e1lyainak \u00e9s el\u0151\u00edr\u00e1sainak alapos ismerete<\/li>\n<li> A c\u00e9l\u00e1llom\u00e1son lev\u00e1lasztott \u00e9s visszakapcsolt IT-berendez\u00e9sek<\/li>\n<li> Biztos\u00edt\u00e1s<\/li>\n<\/ul>\n<p><strong>K\u00e9pz\u0151m\u0171v\u00e9szet \u00e9s r\u00e9gis\u00e9gek<\/strong><\/p>\n<ul>\n<li> Csomagol\u00e1si \u00e9s sz\u00e1ll\u00edt\u00e1si szakismeretek<\/li>\n<li> Elk\u00eds\u00e9ri az \u00fcgyfeleket a v\u00e1s\u00e1rl\u00e1si utakra a helyes csomagol\u00e1s biztos\u00edt\u00e1sa \u00e9rdek\u00e9ben.<\/li>\n<li> Tan\u00e1csad\u00e1s a dokument\u00e1ci\u00f3val kapcsolatban<\/li>\n<li> V\u00e1mkezel\u00e9s a rendeltet\u00e9si orsz\u00e1gban<\/li>\n<\/ul>\n<p><strong>T\u00e1rol\u00e1s<\/strong><\/p>\n<ul>\n<li> Kont\u00e9neres t\u00e1rol\u00e1s<\/li>\n<li> Hagyom\u00e1nyos t\u00e1rol\u00e1s<\/li>\n<li> Kereskedelmi t\u00e1rol\u00e1s<\/li>\n<li> Arch\u00edvum t\u00e1rol\u00e1s<\/li>\n<li> Lock 'n' Leave - szabad hozz\u00e1f\u00e9r\u00e9s hivatali id\u0151ben<\/li>\n<li> L\u00e1dab\u00e9rl\u00e9s<\/li>\n<li> Raklap t\u00e1rol\u00e1s<\/li>\n<\/ul>\n<p><strong>Helyi k\u00f6lt\u00f6z\u00e9sek<\/strong><\/p>\n<ul>\n<li> H\u00e1zhoz men\u0151 szolg\u00e1ltat\u00e1s<\/li>\n<li> K\u00fcl\u00f6nb\u00f6z\u0151 csomagol\u00e1si lehet\u0151s\u00e9gek<\/li>\n<li> Megszervezett biztos\u00edt\u00e1s<\/li>\n<\/ul>\n<h2>The Shore Porters Society C\u00e9gprofil<\/h2>\n<p>A partra sz\u00e1ll\u00edt\u00f3k t\u00e1rsas\u00e1g\u00e1t 1498-ban, t\u00f6bb mint 500 \u00e9vvel ezel\u0151tt alap\u00edtott\u00e1k. B\u00fcszk\u00e9n b\u00fcszk\u00e9lkedhetnek azzal, hogy \u0151k a vil\u00e1g legr\u00e9gebbi sz\u00e1ll\u00edt\u00e1si t\u00e1rsas\u00e1ga, mivel eredetileg az aberdeeni kik\u00f6t\u0151ben dolgoz\u00f3 hord\u00e1rok sz\u00f6vetkezet\u00e9b\u0151l alakultak. <\/p>\n<p>A v\u00e1llalat a tizenkilencedik sz\u00e1zad k\u00f6zep\u00e9ig az aberdeeni v\u00e1rosi tan\u00e1cs \u00e9gisze alatt \u00e1llt. Ma m\u00e1r mag\u00e1ntulajdonban van, \u00e9s szolg\u00e1ltat\u00e1sai k\u00f6z\u00e9 tartozik a fuvaroz\u00e1s, k\u00f6lt\u00f6ztet\u00e9s, ingatlan- \u00e9s rakt\u00e1roz\u00e1s.<\/p>\n<p>A v\u00e1llalatnak 30 teheraut\u00f3b\u00f3l \u00e9s furgonb\u00f3l \u00e1ll\u00f3 flott\u00e1ja van, amely Aberdeenb\u0151l \u00e9s Richmond on Thamesb\u0151l, valamint 11 rakt\u00e1rb\u00f3l \u00e1ll. <a href=\"https:\/\/moverdb.com\/hu\/moving-to-the-uk\/\" data-internallinksmanager029f6b8e52c=\"93\" title=\"Az Egyes\u00fclt Kir\u00e1lys\u00e1gba k\u00f6lt\u00f6zik? 2022 Meg\u00e9lhet\u00e9si k\u00f6lts\u00e9gek \u00e9s k\u00f6lt\u00f6z\u00e9si tippek\">UK<\/a>. <\/p>\n<p>A v\u00e1llalat j\u00f3 kapcsolatot \u00e1pol a vil\u00e1g nagy aukci\u00f3sh\u00e1zaival, \u00e9s b\u00fcszke a k\u00e9pz\u0151m\u0171v\u00e9szeti \u00e9s antikvit\u00e1sok sz\u00e1ll\u00edt\u00e1sa ter\u00e9n szerzett szak\u00e9rtelm\u00e9re.<\/p>\n<p>Az al\u00e1bbiakban a The Shore Porters Society akkredit\u00e1ci\u00f3inak \u00e9s tags\u00e1g\u00e1nak list\u00e1ja tal\u00e1lhat\u00f3:<\/p>\n<ul>\n<li> <a href=\"https:\/\/moverdb.com\/hu\/british-association-of-removers\/\">A Brit K\u00f6lt\u00f6ztet\u0151k Sz\u00f6vets\u00e9ge (BAR)<\/a><\/li>\n<li> P\u00e9nz\u00fcgyi k\u00f6tel\u00e9k a <a href=\"https:\/\/moverdb.com\/hu\/bar-overseas\/\">BAR Overseas Group<\/a><\/li>\n<li> <a href=\"https:\/\/moverdb.com\/hu\/fidi-faim\/\">FIDI<\/a><\/li>\n<li> <a href=\"https:\/\/moverdb.com\/hu\/en-vagyok\/\">A K\u00f6lt\u00f6ztet\u0151k Nemzetk\u00f6zi Sz\u00f6vets\u00e9ge (IAM)<\/a><\/li>\n<li> Min\u0151s\u00e9gi rendszer tan\u00fas\u00edt\u00e1sa ISO9001<\/li>\n<li> <a href=\"https:\/\/moverdb.com\/hu\/freight-transport-association\/\">FTA tag<\/a><\/li>\n<\/ul>\n<h2>The Shore Porters Society V\u00e9lem\u00e9nyek<\/h2>\n<p>Felh\u00edvjuk figyelm\u00e9t, hogy az elm\u00falt 12 h\u00f3napban nem \u00e9rkezett \u00faj \u00e9rt\u00e9kel\u00e9s a The Shore Porters Society-r\u0151l.<\/p>\n<div itemprop=\"review\" itemscope itemtype=\"http:\/\/schema.org\/Review\">\n<span itemprop=\"author\" itemscope=\"\" itemtype=\"http:\/\/schema.org\/Organization\"><span itemprop=\"name\">MoverDB.com<\/span><\/span> Online weboldal-fel\u00fclvizsg\u00e1lat a <span itemprop=\"itemreviewed\" itemscope=\"\" itemtype=\"http:\/\/schema.org\/Brand\"><span itemprop=\"name\">A partra sz\u00e1ll\u00edt\u00f3k t\u00e1rsas\u00e1ga<\/span><\/span>:<\/p>\n<ol>\n<li> Egy\u00e9rtelm\u0171 el\u00e9rhet\u0151s\u00e9gek a weboldalon (bele\u00e9rtve a telefonsz\u00e1mot is): <strong>Igen<\/strong><\/li>\n<li> K\u00f6nnyen beszerezhet\u0151 <a href=\"https:\/\/moverdb.com\/hu\/idezi\/\">nemzetk\u00f6zi k\u00f6lt\u00f6ztet\u00e9si \u00e1raj\u00e1nlatok<\/a>? (Online \u00e1raj\u00e1nlatk\u00e9r\u0151 \u0171rlap): <strong>Igen<\/strong><\/li>\n<li> Egy\u00e9rtelm\u0171 inform\u00e1ci\u00f3k a honlapon: <strong>R\u00e9szleges<\/strong>. A weboldal hom\u00e1lyos inform\u00e1ci\u00f3kat tartalmaz, amelyek k\u00e9rik, hogy tov\u00e1bbi r\u00e9szletek\u00e9rt l\u00e9pjen kapcsolatba a c\u00e9ggel.<\/li>\n<li> Tags\u00e1g nemzetk\u00f6zi elismert mozgat\u00f3 szervezetekben: <strong>Igen<\/strong>l\u00e1sd fentebb.<\/li>\n<li> \u00dcgyfelek list\u00e1ja \u00e9s\/vagy kor\u00e1bbi v\u00e1s\u00e1rl\u00f3i aj\u00e1nl\u00e1sok: <strong>Nem.<\/strong><\/li>\n<\/ol>\n<div itemprop=\"reviewRating\" itemscope itemtype=\"http:\/\/schema.org\/Rating\"><meta itemprop=\"worstRating\" content = \"0\" \/><meta itemprop=\"bestRating\" content=\"5\" \/><meta itemprop=\"ratingValue\" content=\"4\"><\/div>\n<p><strong>\u00c1ltal\u00e1nos pontsz\u00e1m: 4\/5<\/strong><br \/>\n<strong>Fel\u00fclvizsg\u00e1lat d\u00e1tuma:<\/strong> <span itemprop=\"datePublished\" content=\"2016-05-22\">22\/05\/2016<\/span><\/p>\n<\/div>\n<p>Tov\u00e1bbi inform\u00e1ci\u00f3 <a href=\"https:\/\/moverdb.com\/hu\/nemzetkozi-koltoztetes\/\">Egyes\u00fclt Kir\u00e1lys\u00e1g k\u00f6lt\u00f6ztet\u0151 c\u00e9gek<\/a> \u00e9s a mi <a href=\"https:\/\/moverdb.com\/hu\/ertekelesek\/\">a fel\u00fclvizsg\u00e1lati folyamat magyar\u00e1zata<\/a>.<\/p>\n<p><strong>Weboldal:<\/strong> <a href=\"https:\/\/www.shoreporters.com\/\" target=\"_blank\" rel=\"noopener\">https:\/\/www.shoreporters.com<\/a><\/p>","protected":false},"excerpt":{"rendered":"<p>The Shore Porters Society offers the following services for people moving abroad, regionally and locally. There is also a company profile and service reviews to peruse. Corporate and Personal Moves Abroad Pre-Move survey Door to door service Ocean or Air Freight Various packing options Storage options Assistance with documentation for destination country In depth knowledge [&hellip;]<\/p>\n","protected":false},"author":1,"featured_media":0,"parent":0,"menu_order":0,"comment_status":"closed","ping_status":"closed","template":"","meta":{"_genesis_hide_title":false,"_genesis_hide_breadcrumbs":false,"_genesis_hide_singular_image":false,"_genesis_hide_footer_widgets":false,"_genesis_custom_body_class":"","_genesis_custom_post_class":"","_genesis_layout":"","footnotes":""},"class_list":{"0":"post-350","1":"page","2":"type-page","3":"status-publish","5":"entry"},"_links":{"self":[{"href":"https:\/\/moverdb.com\/hu\/wp-json\/wp\/v2\/pages\/350","targetHints":{"allow":["GET"]}}],"collection":[{"href":"https:\/\/moverdb.com\/hu\/wp-json\/wp\/v2\/pages"}],"about":[{"href":"https:\/\/moverdb.com\/hu\/wp-json\/wp\/v2\/types\/page"}],"author":[{"embeddable":true,"href":"https:\/\/moverdb.com\/hu\/wp-json\/wp\/v2\/users\/1"}],"replies":[{"embeddable":true,"href":"https:\/\/moverdb.com\/hu\/wp-json\/wp\/v2\/comments?post=350"}],"version-history":[{"count":12,"href":"https:\/\/moverdb.com\/hu\/wp-json\/wp\/v2\/pages\/350\/revisions"}],"predecessor-version":[{"id":6246,"href":"https:\/\/moverdb.com\/hu\/wp-json\/wp\/v2\/pages\/350\/revisions\/6246"}],"wp:attachment":[{"href":"https:\/\/moverdb.com\/hu\/wp-json\/wp\/v2\/media?parent=350"}],"curies":[{"name":"wp","href":"https:\/\/api.w.org\/{rel}","templated":true}]}}