{"id":349,"date":"2016-05-22T20:51:02","date_gmt":"2016-05-22T20:51:02","guid":{"rendered":"http:\/\/moverdb.com\/?page_id=349"},"modified":"2026-01-08T15:20:48","modified_gmt":"2026-01-08T15:20:48","slug":"team-relocations","status":"publish","type":"page","link":"https:\/\/moverdb.com\/hu\/team-relocations\/","title":{"rendered":"Team Relocations Nemzetk\u00f6zi K\u00f6lt\u00f6ztet\u00e9s \u00e9s K\u00f6lt\u00f6ztet\u00e9sek V\u00e9lem\u00e9nyek"},"content":{"rendered":"<p>A Team Relocations a k\u00f6vetkez\u0151 k\u00f6lt\u00f6ztet\u00e9si szolg\u00e1ltat\u00e1sokat k\u00edn\u00e1l mag\u00e1nszem\u00e9lyek \u00e9s v\u00e1llalatok sz\u00e1m\u00e1ra, akik szem\u00e9lyzetet vagy eg\u00e9sz irod\u00e1kat k\u00f6lt\u00f6ztetnek k\u00fclf\u00f6ldre. Olvassa el a Team K\u00f6lt\u00f6ztet\u00e9sek c\u00e9gprofilj\u00e1t \u00e9s \u00e9rt\u00e9kel\u00e9seit az al\u00e1bbiakban.<\/p>\n<p><strong>Szem\u00e9lyes \u00e9s v\u00e1llalati k\u00f6lt\u00f6z\u00e9sek<\/strong><\/p>\n<ul>\n<li> Egyedi megold\u00e1sokat k\u00edn\u00e1l\u00f3 tan\u00e1csad\u00f3i szolg\u00e1ltat\u00e1s a k\u00f6lt\u00f6z\u00e9shez<\/li>\n<li> Strat\u00e9giai \u00e1thelyez\u00e9smenedzsment<\/li>\n<li> Fejlett webZone technol\u00f3gia<\/li>\n<li> Csomagol\u00e1s \u00e9s sz\u00e1ll\u00edt\u00e1s<\/li>\n<li> Megszervezett biztos\u00edt\u00e1s<\/li>\n<\/ul>\n<p><strong>Ingatlan szolg\u00e1ltat\u00e1sok<\/strong><\/p>\n<ul>\n<li> F\u0151oldal keres\u00e9s<\/li>\n<li> B\u00e9rleti t\u00e1rgyal\u00e1sok \u00e9s meg\u00faj\u00edt\u00e1sok<\/li>\n<li> Lelt\u00e1r Be- \u00e9s kijelentkez\u00e9s<\/li>\n<li> B\u00fator \u00e9s k\u00e9sz\u00fcl\u00e9k k\u00f6lcs\u00f6nz\u00e9s<\/li>\n<li> Ideiglenes sz\u00e1ll\u00e1s<\/li>\n<li> Indul\u00e1si programok<\/li>\n<li> Otthoni \u00e9rt\u00e9kes\u00edt\u00e9s menedzsment<\/li>\n<li> Ingatlankezel\u00e9s <\/li>\n<li> Garant\u00e1lt lak\u00e1selad\u00e1si program<\/li>\n<\/ul>\n<p><strong>Beilleszked\u00e9s<\/strong><\/p>\n<ul>\n<li> Orient\u00e1ci\u00f3<\/li>\n<li> \u00datic\u00e9l inform\u00e1ci\u00f3<\/li>\n<li> Kultur\u00e1lis t\u00e1j\u00e9koztat\u00f3k<\/li>\n<li> Nyelvi k\u00e9pz\u00e9s<\/li>\n<li> Move Management<\/li>\n<li> Ezermester\/szobal\u00e1ny szolg\u00e1ltat\u00e1sok<\/li>\n<\/ul>\n<p><strong>Csal\u00e1di programok<\/strong><\/p>\n<ul>\n<li> Oktat\u00e1si kutat\u00e1s \u00e9s regisztr\u00e1ci\u00f3<\/li>\n<li> H\u00e1zi\u00e1llat \u00e1thelyez\u00e9s<\/li>\n<li> Partneri t\u00e1mogat\u00e1s<\/li>\n<\/ul>\n<p><strong>T\u00e1rol\u00e1si szolg\u00e1ltat\u00e1sok<\/strong><\/p>\n<ul>\n<li> Speci\u00e1lis t\u00e1rol\u00e1s<\/li>\n<li> Arch\u00edvum \u00e9s dokumentumt\u00e1rol\u00e1s<\/li>\n<li> Hagyom\u00e1nyos t\u00e1rol\u00e1s<\/li>\n<\/ul>\n<p><strong>Speci\u00e1lis szolg\u00e1ltat\u00e1sok<\/strong><\/p>\n<ul>\n<li> Glob\u00e1lis k\u00f6lt\u00f6ztet\u00e9s a mag\u00e1nfuvaroz\u00f3k sz\u00e1m\u00e1ra<\/li>\n<li> Kereskedelmi \u00e9s irodai k\u00f6lt\u00f6ztet\u00e9s \u00e9s \u00e1thelyez\u00e9s<\/li>\n<li> K\u00f3rh\u00e1zi k\u00f6lt\u00f6z\u00e9s<\/li>\n<li> H\u00e1ztart\u00e1si t\u00e1rol\u00e1s<\/li>\n<li> Dokumentumok \u00e9s arch\u00edvumok t\u00e1rol\u00e1sa<\/li>\n<\/ul>\n<p><strong>Tov\u00e1bbi szolg\u00e1ltat\u00e1sok<\/strong><\/p>\n<ul>\n<li> L\u00e9tr\u00e1s felvon\u00f3k a neh\u00e9z hozz\u00e1f\u00e9r\u00e9shez<\/li>\n<li> K\u00e9pz\u0151m\u0171v\u00e9szeti \u00e9s r\u00e9gis\u00e9gek csomagol\u00e1sa<\/li>\n<li> Villanyszerel\u0151i szolg\u00e1ltat\u00e1sok, bele\u00e9rtve<\/li>\n<li> Dug\u00f3k cser\u00e9je a helyi aljzatokhoz val\u00f3 igazod\u00e1s \u00e9rdek\u00e9ben<\/li>\n<li> L\u00e1mp\u00e1k \u00e9s k\u00e9sz\u00fcl\u00e9kek \u00fajrak\u00e1belez\u00e9se<\/li>\n<li> Transzform\u00e1torok biztos\u00edt\u00e1sa<\/li>\n<li> Ezermester<\/li>\n<li> Szobal\u00e1ny szolg\u00e1ltat\u00e1s<\/li>\n<li> Zongorahangol\u00e1s<\/li>\n<li> M\u0171holdas parabolaantenna telep\u00edt\u00e9se\/elt\u00e1vol\u00edt\u00e1sa<\/li>\n<li> Takar\u00edt\u00f3 csapatok<\/li>\n<li> Begy\u0171jt\u00e9s az irod\u00e1ban<\/li>\n<li> J\u00f3t\u00e9konys\u00e1gi dobozok<\/li>\n<li> <a href=\"https:\/\/moverdb.com\/hu\/autoszallitas-szallitas-szallitas\/\">J\u00e1rm\u0171sz\u00e1ll\u00edt\u00e1s<\/a> \u00e9s t\u00e1rol\u00e1s<\/li>\n<\/ul>\n<h2>Team Relocation C\u00e9gprofil<\/h2>\n<p>A Team Relocation 1977-ben alakult, \u00e9s ma m\u00e1r az egyik legnagyobb k\u00f6lt\u00f6ztet\u0151 \u00e9s <a href=\"https:\/\/moverdb.com\/hu\/international-removals\/\" data-internallinksmanager029f6b8e52c=\"27\" title=\"36 legjobb nemzetk\u00f6zi k\u00f6lt\u00f6ztet\u0151 c\u00e9gek az Egyes\u00fclt Kir\u00e1lys\u00e1gban\">k\u00f6lt\u00f6ztet\u0151 c\u00e9gek<\/a> a vil\u00e1gon. A Team Location 13 orsz\u00e1gban rendelkezik irod\u00e1kkal, \u00e9s sz\u00e1mos prominens mag\u00e1nszem\u00e9ly, multinacion\u00e1lis v\u00e1llalat \u00e9s korm\u00e1nyzati \u00fcgyn\u00f6ks\u00e9g veszi ig\u00e9nybe a c\u00e9get a szem\u00e9lyzet \u00e9s a v\u00e1llalatok k\u00fclf\u00f6ldi \u00e9s region\u00e1lis \u00e1thelyez\u00e9s\u00e9hez. <\/p>\n<p>A Team Relocation csak olyan partnerekkel dolgozik egy\u00fctt, akik ugyanazokat az alapvet\u0151 \u00e9rt\u00e9keket vallj\u00e1k, mint \u0151k; ezek k\u00f6z\u00e9 tartozik a kiv\u00e1l\u00f3s\u00e1g, az integrit\u00e1s, a felel\u0151ss\u00e9g \u00e9s a biztons\u00e1g. A v\u00e1llalat az \u00e1thelyez\u00e9sekre, k\u00f6lt\u00f6ztet\u00e9sekre \u00e9s speci\u00e1lis szolg\u00e1ltat\u00e1sokra \u00f6sszpontos\u00edt. <\/p>\n<p>A v\u00e1llalat emellett hat\u00e1rozottan hisz a nemzetk\u00f6zi emberi jogok v\u00e9delm\u00e9ben, \u00e9s vil\u00e1gszerte sz\u00e1mos j\u00f3t\u00e9konys\u00e1gi szervezetet t\u00e1mogat.<\/p>\n<p>A Team Locations akkredit\u00e1ci\u00f3i \u00e9s tags\u00e1gai az al\u00e1bbiakban tal\u00e1lhat\u00f3k:<\/p>\n<ul>\n<li> <a href=\"https:\/\/moverdb.com\/hu\/british-association-of-removers\/\">A Brit K\u00f6lt\u00f6ztet\u0151k Sz\u00f6vets\u00e9ge (BAR)<\/a><\/li>\n<li> DBA<\/li>\n<li> A <a href=\"https:\/\/moverdb.com\/hu\/mtc\/\">Movers Trading Club<\/a> (<a href=\"https:\/\/moverdb.com\/hu\/mtc\/\" data-internallinksmanager029f6b8e52c=\"30\" title=\"Movers Trading Club (MTC) magyar\u00e1zata\">MTC<\/a>)<\/li>\n<li> <a href=\"https:\/\/moverdb.com\/hu\/fidi-faim\/\">FAIM<\/a><\/li>\n<li> <a href=\"https:\/\/moverdb.com\/hu\/fidi-faim\/\">FIDI<\/a><\/li>\n<li> A Vil\u00e1gm\u00e9ret\u0171 Mobilit\u00e1si Sz\u00f6vets\u00e9g <\/li>\n<li> <a href=\"https:\/\/moverdb.com\/hu\/en-vagyok\/\">Nemzetk\u00f6zi K\u00f6lt\u00f6ztet\u0151k Sz\u00f6vets\u00e9ge (IAM)<\/a><\/li>\n<li> OMNI<\/li>\n<\/ul>\n<h2>Team Relocations V\u00e9lem\u00e9nyek<\/h2>\n<p><em>Ebben az id\u0151pontban nem tal\u00e1ltunk a Team Relocations-r\u00f3l sehol m\u00e1shol k\u00f6zz\u00e9tett \u00e9rt\u00e9kel\u00e9st az interneten.<\/em><\/p>\n<div itemprop=\"review\" itemscope itemtype=\"http:\/\/schema.org\/Review\">\n<span itemprop=\"author\" itemscope=\"\" itemtype=\"http:\/\/schema.org\/Organization\"><span itemprop=\"name\">MoverDB.com<\/span><\/span> Online weboldal-fel\u00fclvizsg\u00e1lat a <span itemprop=\"itemreviewed\" itemscope=\"\" itemtype=\"http:\/\/schema.org\/Brand\"><span itemprop=\"name\">Csapat \u00e1thelyez\u00e9sek<\/span><\/span>:<\/p>\n<ol>\n<li> Egy\u00e9rtelm\u0171 el\u00e9rhet\u0151s\u00e9gek a weboldalon (bele\u00e9rtve a telefonsz\u00e1mot is): <strong>Igen<\/strong><\/li>\n<li> K\u00f6nnyen beszerezhet\u0151 <a href=\"https:\/\/moverdb.com\/hu\/idezi\/\">nemzetk\u00f6zi k\u00f6lt\u00f6ztet\u00e9si \u00e1raj\u00e1nlatok<\/a>? (Online \u00e1raj\u00e1nlatk\u00e9r\u0151 \u0171rlap): <strong>Igen<\/strong><\/li>\n<li> Egy\u00e9rtelm\u0171 inform\u00e1ci\u00f3k a honlapon: <strong>Igen<\/strong>. Informat\u00edv weboldal, de a r\u00e9szletes inform\u00e1ci\u00f3kat k\u00f6zvetlen\u00fcl a c\u00e9gt\u0151l kell k\u00e9rni.<\/li>\n<li> Tags\u00e1g nemzetk\u00f6zi elismert mozgat\u00f3 szervezetekben: <strong>Igen<\/strong>l\u00e1sd fentebb.<\/li>\n<li> \u00dcgyfelek list\u00e1ja \u00e9s\/vagy kor\u00e1bbi v\u00e1s\u00e1rl\u00f3i aj\u00e1nl\u00e1sok: <strong>Nem.<\/strong><\/li>\n<\/ol>\n<div itemprop=\"reviewRating\" itemscope itemtype=\"http:\/\/schema.org\/Rating\"><meta itemprop=\"worstRating\" content = \"0\" \/><meta itemprop=\"bestRating\" content=\"5\" \/><meta itemprop=\"ratingValue\" content=\"4\"><\/div>\n<p><strong>\u00c1ltal\u00e1nos pontsz\u00e1m: 4\/5<\/strong><br \/>\n<strong>Fel\u00fclvizsg\u00e1lat d\u00e1tuma:<\/strong> <span itemprop=\"datePublished\" content=\"2016-05-22\">22\/05\/2016<\/span><\/p>\n<\/div>\n<p>Tov\u00e1bbi inform\u00e1ci\u00f3 <a href=\"https:\/\/moverdb.com\/hu\/koltozteto-cegek\/\">nemzetk\u00f6zi k\u00f6lt\u00f6ztet\u0151 c\u00e9gek<\/a> \u00e9s a mi <a href=\"https:\/\/moverdb.com\/hu\/ertekelesek\/\">a fel\u00fclvizsg\u00e1lati folyamat magyar\u00e1zata<\/a>.<\/p>\n<p><strong>Weboldal:<\/strong> <a href=\"http:\/\/www.teamrelocations.com\/\" target=\"_blank\" rel=\"noopener\">http:\/\/www.teamrelocations.com<\/a><\/p>","protected":false},"excerpt":{"rendered":"<p>Team Relocations offers the following moving services for individuals and corporates moving personnel or whole offices abroad. Read Team Locations&#8217; company profile and reviews below. Personal and Corporate Moves Consultancy service offering individual solutions to moving Strategic relocation management Advanced webZone technology Packing and shipping Insurance arranged Property Services Home Search Tenancy Negotiations &#038; Renewals [&hellip;]<\/p>\n","protected":false},"author":1,"featured_media":0,"parent":0,"menu_order":0,"comment_status":"closed","ping_status":"closed","template":"","meta":{"_genesis_hide_title":false,"_genesis_hide_breadcrumbs":false,"_genesis_hide_singular_image":false,"_genesis_hide_footer_widgets":false,"_genesis_custom_body_class":"","_genesis_custom_post_class":"","_genesis_layout":"","footnotes":""},"class_list":{"0":"post-349","1":"page","2":"type-page","3":"status-publish","5":"entry"},"_links":{"self":[{"href":"https:\/\/moverdb.com\/hu\/wp-json\/wp\/v2\/pages\/349","targetHints":{"allow":["GET"]}}],"collection":[{"href":"https:\/\/moverdb.com\/hu\/wp-json\/wp\/v2\/pages"}],"about":[{"href":"https:\/\/moverdb.com\/hu\/wp-json\/wp\/v2\/types\/page"}],"author":[{"embeddable":true,"href":"https:\/\/moverdb.com\/hu\/wp-json\/wp\/v2\/users\/1"}],"replies":[{"embeddable":true,"href":"https:\/\/moverdb.com\/hu\/wp-json\/wp\/v2\/comments?post=349"}],"version-history":[{"count":12,"href":"https:\/\/moverdb.com\/hu\/wp-json\/wp\/v2\/pages\/349\/revisions"}],"predecessor-version":[{"id":6243,"href":"https:\/\/moverdb.com\/hu\/wp-json\/wp\/v2\/pages\/349\/revisions\/6243"}],"wp:attachment":[{"href":"https:\/\/moverdb.com\/hu\/wp-json\/wp\/v2\/media?parent=349"}],"curies":[{"name":"wp","href":"https:\/\/api.w.org\/{rel}","templated":true}]}}