{"id":348,"date":"2016-05-22T19:54:24","date_gmt":"2016-05-22T19:54:24","guid":{"rendered":"http:\/\/moverdb.com\/?page_id=348"},"modified":"2026-01-08T15:20:45","modified_gmt":"2026-01-08T15:20:45","slug":"sterling-relocation","status":"publish","type":"page","link":"https:\/\/moverdb.com\/hu\/sterling-relocation\/","title":{"rendered":"Sterling Relocation Nemzetk\u00f6zi k\u00f6lt\u00f6ztet\u00e9s \u00e9s k\u00f6lt\u00f6ztet\u00e9sek V\u00e9lem\u00e9nyek"},"content":{"rendered":"<p>A Sterling a nemzetk\u00f6zi munk\u00e1ltat\u00f3k sz\u00e1m\u00e1ra egyszer\u0171 m\u00f3dot k\u00edn\u00e1l arra, hogy vil\u00e1gszerte \u00e1thelyezz\u00e9k alkalmazottaikat. Az al\u00e1bbiakban szolg\u00e1ltat\u00e1saik, valamint az \u00fcgyf\u00e9l\u00e9rt\u00e9kel\u00e9sek \u00e9s a c\u00e9g profilja szerepelnek.<\/p>\n<p><strong>K\u00f6lt\u00f6ztet\u00e9si szolg\u00e1ltat\u00e1sok<\/strong><\/p>\n<ul>\n<li> Megb\u00edz\u00e1skezel\u00e9s<\/li>\n<li> Interkultur\u00e1lis k\u00e9pz\u00e9s<\/li>\n<li> Indul\u00e1si szolg\u00e1ltat\u00e1sok<\/li>\n<li> Oktat\u00e1si t\u00e1mogat\u00e1s<\/li>\n<li> K\u00f6lts\u00e9gkezel\u00e9s<\/li>\n<li> B\u00fator k\u00f6lcs\u00f6nz\u00e9s<\/li>\n<li> Garant\u00e1lt otthon elad\u00e1sa<\/li>\n<li> Otthon keres\u0151 szolg\u00e1ltat\u00e1s<\/li>\n<li> Bev\u00e1ndorl\u00e1s, v\u00edzum \u00e9s munkav\u00e1llal\u00e1si enged\u00e9lyek<\/li>\n<li> Nyelvi k\u00e9pz\u00e9s<\/li>\n<li> Move Management<\/li>\n<li> K\u00f6lt\u00f6ztet\u0151 szolg\u00e1ltat\u00e1sok<\/li>\n<li> Orient\u00e1ci\u00f3<\/li>\n<li> Partneri seg\u00edts\u00e9gny\u00fajt\u00e1s<\/li>\n<li> Politikai konzult\u00e1ci\u00f3<\/li>\n<li> Ingatlankezel\u00e9s<\/li>\n<li> Beilleszked\u00e9si szolg\u00e1ltat\u00e1sok<\/li>\n<li> R\u00f6vid t\u00e1v\u00fa sz\u00e1ll\u00e1s<\/li>\n<li> T\u00e1rol\u00e1s<\/li>\n<li> B\u00e9rletkezel\u00e9s<\/li>\n<li> Tranzit fed\u00e9l<\/li>\n<\/ul>\n<h2>Sterling Relocation C\u00e9gprofil<\/h2>\n<p>A Sterling Relocation 1991-ben alakult azzal a c\u00e9llal, hogy a v\u00e1llalati vil\u00e1g sz\u00e1m\u00e1ra a glob\u00e1lis k\u00f6lt\u00f6ztet\u00e9si szolg\u00e1ltat\u00e1sok els\u0151 sz\u00e1m\u00fa szolg\u00e1ltat\u00f3ja legyen. A c\u00e9g az UniGroup tulajdon\u00e1ban van, egy $1,7 milli\u00e1rdos v\u00e1llalat, amely t\u00f6bb mint 80 \u00e9ve foglalkozik emberek \u00e1thelyez\u00e9s\u00e9vel. <\/p>\n<p>Az UniGroup Relocation Network t\u00f6bb mint 180 orsz\u00e1gban, 1200 szolg\u00e1ltat\u00f3 k\u00f6zponton kereszt\u00fcl m\u0171k\u00f6dik.<\/p>\n<p>A Sterling Relocation munkat\u00e1rsai k\u00f6z\u00fcl sokan \u00e9ltek m\u00e1r k\u00fclf\u00f6ld\u00f6n, \u00edgy meg\u00e9rtik, milyen kih\u00edv\u00e1sokkal kell szemben\u00e9zni\u00fck a munkav\u00e1llal\u00f3knak \u00e9s csal\u00e1djaiknak a tengerent\u00fali k\u00f6lt\u00f6z\u00e9s sor\u00e1n. Minden \u00fcgyf\u00e9l k\u00f6zvetlen\u00fcl egy munkat\u00e1rssal \u00e1ll kapcsolatban, aki biztos\u00edtja, hogy a k\u00f6lt\u00f6z\u00e9s minden szempontb\u00f3l z\u00f6kken\u0151mentesen menjen v\u00e9gbe. <\/p>\n<p>2015-ben a Sterling Relocation \u00fcgyfeleinek 99,63%-je volt el\u00e9gedett a k\u00f6lt\u00f6z\u00e9ssel.<\/p>\n<p>A Sterling Relocation szerint \u00e9rt\u00e9keik, k\u00fcldet\u00e9s\u00fck \u00e9s j\u00f6v\u0151k\u00e9p\u00fck k\u00f6z\u00e9 tartozik az ipar\u00e1g ir\u00e1nti szenved\u00e9ly, az \u0151szintes\u00e9g minden t\u00e9ren, az \u00fcgyfelek \u00e9s a szem\u00e9lyzet ir\u00e1nti t\u00f6r\u0151d\u00e9s, valamint a lehet\u0151 legjobb szolg\u00e1ltat\u00e1s ny\u00fajt\u00e1sa.<\/p>\n<p>A Sterling Relocation akkredit\u00e1ci\u00f3inak \u00e9s tags\u00e1g\u00e1nak list\u00e1ja:<\/p>\n<ul>\n<li> <a href=\"https:\/\/moverdb.com\/hu\/fidi-faim\/\">A Nemzetk\u00f6zi K\u00f6lt\u00f6ztet\u0151k Sz\u00f6vets\u00e9ge<\/a> (<a href=\"https:\/\/moverdb.com\/hu\/fidi-faim\/\" data-internallinksmanager029f6b8e52c=\"16\" title=\"FIDI &amp; FAIM (FIDI akkredit\u00e1lt nemzetk\u00f6zi fuvaroz\u00f3) magyar\u00e1zata\">FIDI<\/a>)<\/li>\n<li> <a href=\"https:\/\/moverdb.com\/hu\/association-relocation-professionals\/\">A K\u00f6lt\u00f6ztet\u00e9si Szakemberek Sz\u00f6vets\u00e9ge<\/a> (<a href=\"https:\/\/moverdb.com\/hu\/association-relocation-professionals\/\" data-internallinksmanager029f6b8e52c=\"6\" title=\"A K\u00f6lt\u00f6ztet\u00e9si Szakemberek Sz\u00f6vets\u00e9ge (ARP) magyar\u00e1zata\">ARP<\/a>)<\/li>\n<li> <a href=\"https:\/\/moverdb.com\/hu\/employee-relocation-council\/\">A Munkav\u00e1llal\u00f3k \u00c1thelyez\u00e9si Tan\u00e1csa - Worldwide ERC<\/a><\/li>\n<li> <a href=\"https:\/\/moverdb.com\/hu\/eura\/\">Az Eur\u00f3pai K\u00f6lt\u00f6ztet\u00e9si Sz\u00f6vets\u00e9g<\/a> (<a href=\"https:\/\/moverdb.com\/hu\/eura\/\" data-internallinksmanager029f6b8e52c=\"13\" title=\"Az Eur\u00f3pai K\u00f6lt\u00f6ztet\u00e9si Sz\u00f6vets\u00e9g (EuRA) magyar\u00e1zata\">EuRA<\/a>)<\/li>\n<li> Overseas Moving Network International (OMNI)<\/li>\n<li> <a href=\"https:\/\/moverdb.com\/hu\/en-vagyok\/\">Nemzetk\u00f6zi K\u00f6lt\u00f6ztet\u0151k Sz\u00f6vets\u00e9ge (IAM)<\/a><\/li>\n<li> <a href=\"https:\/\/moverdb.com\/hu\/lacma\/\">Latin-Amerikai \u00e9s Karibi K\u00f6lt\u00f6ztet\u0151k Sz\u00f6vets\u00e9ge<\/a> (<a href=\"https:\/\/moverdb.com\/hu\/lacma\/\" data-internallinksmanager029f6b8e52c=\"28\" title=\"Latin-amerikai \u00e9s Karibi Nemzetk\u00f6zi K\u00f6lt\u00f6ztet\u0151k Sz\u00f6vets\u00e9ge (LACMA)\">LACMA<\/a>)<\/li>\n<li> <a href=\"https:\/\/moverdb.com\/hu\/british-association-of-removers\/\">Brit K\u00f6lt\u00f6ztet\u0151k Sz\u00f6vets\u00e9ge (BAR)<\/a><\/li>\n<\/ul>\n<h2>Sterling Relocation V\u00e9lem\u00e9nyek<\/h2>\n<p><strong>Pozit\u00edv<\/strong><\/p>\n<p><em>\"A Sterlin meghatott a <a href=\"https:\/\/moverdb.com\/hu\/moving-to-london\/\">London<\/a> a  c\u00edmre. <a href=\"https:\/\/moverdb.com\/hu\/moving-to-switzerland\/\" data-internallinksmanager029f6b8e52c=\"327\" title=\"Sv\u00e1jcba k\u00f6lt\u00f6zik? 2023 Meg\u00e9lhet\u00e9si k\u00f6lts\u00e9gek \u00e9s k\u00f6lt\u00f6z\u00e9si tippek\">Sv\u00e1jc<\/a> egy n\u00e9h\u00e1ny \u00e9vvel ezel\u0151tti v\u00e1llalati k\u00f6lt\u00f6z\u00e9s sor\u00e1n. Mivel ezut\u00e1n elszenvedtem n\u00e9h\u00e1ny k\u00f6lt\u00f6z\u00e9st, most m\u00e1r \u00fagy \u00e9rzem, hogy meg tudom \u00edt\u00e9lni \u0151ket. \u00c9s azt kell mondanom, hogy egyszer\u0171en a legjobb k\u00f6lt\u00f6ztet\u00e9semet rendezt\u00e9k.\"<\/em> - fel\u00fclvizsg\u00e1lat <a href=\"http:\/\/www.yelp.co.uk\/biz\/sterling-corporate-relocation-london\" target=\"_blank\" rel=\"noopener\">via Yelp<\/a><\/p>\n<p><strong>Negat\u00edv<\/strong><\/p>\n<p><em>Nem tal\u00e1ltunk negat\u00edv \u00e9rt\u00e9kel\u00e9st a Sterling Relocation online<\/em><\/p>\n<div itemprop=\"review\" itemscope itemtype=\"http:\/\/schema.org\/Review\">\n<span itemprop=\"author\" itemscope=\"\" itemtype=\"http:\/\/schema.org\/Organization\"><span itemprop=\"name\">MoverDB.com<\/span><\/span> Online weboldal-fel\u00fclvizsg\u00e1lat a <span itemprop=\"itemreviewed\" itemscope=\"\" itemtype=\"http:\/\/schema.org\/Brand\"><span itemprop=\"name\">Sterling \u00e1thelyez\u00e9s<\/span><\/span>:<\/p>\n<ol>\n<li> Egy\u00e9rtelm\u0171 el\u00e9rhet\u0151s\u00e9gek a weboldalon (bele\u00e9rtve a telefonsz\u00e1mot is): <strong>Igen<\/strong><\/li>\n<li> K\u00f6nnyen beszerezhet\u0151 <a href=\"https:\/\/moverdb.com\/hu\/idezi\/\">nemzetk\u00f6zi k\u00f6lt\u00f6ztet\u00e9si \u00e1raj\u00e1nlatok<\/a>? (Online \u00e1raj\u00e1nlatk\u00e9r\u0151 \u0171rlap): <strong>Igen<\/strong><\/li>\n<li> Egy\u00e9rtelm\u0171 inform\u00e1ci\u00f3k a honlapon: <strong>Igen<\/strong> A Sterling Relocation honlapja \u00e1tfog\u00f3 inform\u00e1ci\u00f3kat tartalmaz a v\u00e1llalkoz\u00e1suk minden aspektus\u00e1r\u00f3l. A honlapon tal\u00e1lhat\u00f3 egy hasznos \"H\u00edrek\" r\u00e9sz is, amely a v\u00edzumig\u00e9nyl\u00e9ssel \u00e9s a vil\u00e1g k\u00fcl\u00f6nb\u00f6z\u0151 orsz\u00e1gaiban val\u00f3 \u00e9lettel kapcsolatos aktualit\u00e1sokat tartalmazza.<\/li>\n<li> Tags\u00e1g nemzetk\u00f6zi elismert mozgat\u00f3 szervezetekben: <strong>Igen<\/strong>l\u00e1sd fentebb.<\/li>\n<li> \u00dcgyfelek list\u00e1ja \u00e9s\/vagy kor\u00e1bbi v\u00e1s\u00e1rl\u00f3i aj\u00e1nl\u00e1sok: <strong>R\u00e9szleges<\/strong> B\u00e1r nincs \u00fcgyf\u00e9llista, de sz\u00e1mos \u00fcgyf\u00e9lbesz\u00e1mol\u00f3 tal\u00e1lhat\u00f3 az oldalon.<\/li>\n<\/ol>\n<div itemprop=\"reviewRating\" itemscope itemtype=\"http:\/\/schema.org\/Rating\"><meta itemprop=\"worstRating\" content = \"0\" \/><meta itemprop=\"bestRating\" content=\"5\" \/><meta itemprop=\"ratingValue\" content=\"4.5\"><\/div>\n<p><strong>\u00c1ltal\u00e1nos pontsz\u00e1m: 4.5\/5<\/strong><br \/>\n<strong>Fel\u00fclvizsg\u00e1lat d\u00e1tuma:<\/strong> <span itemprop=\"datePublished\" content=\"2016-05-22\">22\/05\/2016<\/span>\n<\/div>\n<p>Tov\u00e1bbi inform\u00e1ci\u00f3 <a href=\"https:\/\/moverdb.com\/hu\/nemzetkozi-koltoztetes\/\">Egyes\u00fclt Kir\u00e1lys\u00e1g k\u00f6lt\u00f6ztet\u0151 c\u00e9gek<\/a> \u00e9s a mi <a href=\"https:\/\/moverdb.com\/hu\/ertekelesek\/\">a fel\u00fclvizsg\u00e1lati folyamat magyar\u00e1zata<\/a>.<\/p>\n<p><strong>Weboldal:<\/strong> <a href=\"http:\/\/www.sterling.com\/\" target=\"_blank\" rel=\"noopener\">http:\/\/www.sterling.com\/<\/a><\/p>","protected":false},"excerpt":{"rendered":"<p>Sterling offers international employers an easy way to relocate their staff worldwide. Their services are listed below, together with customer reviews and a company profile. Relocation Services Assignment Management Cross Culture Training Departure Services Education Assistance Expense Management Furniture Rental Guaranteed Home Sale Home Finding Service Immigration, Visa and Work Permits Language Training Move Management [&hellip;]<\/p>\n","protected":false},"author":1,"featured_media":0,"parent":0,"menu_order":0,"comment_status":"closed","ping_status":"closed","template":"","meta":{"_genesis_hide_title":false,"_genesis_hide_breadcrumbs":false,"_genesis_hide_singular_image":false,"_genesis_hide_footer_widgets":false,"_genesis_custom_body_class":"","_genesis_custom_post_class":"","_genesis_layout":"","footnotes":""},"class_list":{"0":"post-348","1":"page","2":"type-page","3":"status-publish","5":"entry"},"_links":{"self":[{"href":"https:\/\/moverdb.com\/hu\/wp-json\/wp\/v2\/pages\/348","targetHints":{"allow":["GET"]}}],"collection":[{"href":"https:\/\/moverdb.com\/hu\/wp-json\/wp\/v2\/pages"}],"about":[{"href":"https:\/\/moverdb.com\/hu\/wp-json\/wp\/v2\/types\/page"}],"author":[{"embeddable":true,"href":"https:\/\/moverdb.com\/hu\/wp-json\/wp\/v2\/users\/1"}],"replies":[{"embeddable":true,"href":"https:\/\/moverdb.com\/hu\/wp-json\/wp\/v2\/comments?post=348"}],"version-history":[{"count":15,"href":"https:\/\/moverdb.com\/hu\/wp-json\/wp\/v2\/pages\/348\/revisions"}],"predecessor-version":[{"id":6240,"href":"https:\/\/moverdb.com\/hu\/wp-json\/wp\/v2\/pages\/348\/revisions\/6240"}],"wp:attachment":[{"href":"https:\/\/moverdb.com\/hu\/wp-json\/wp\/v2\/media?parent=348"}],"curies":[{"name":"wp","href":"https:\/\/api.w.org\/{rel}","templated":true}]}}