{"id":347,"date":"2016-05-22T19:43:53","date_gmt":"2016-05-22T19:43:53","guid":{"rendered":"http:\/\/moverdb.com\/?page_id=347"},"modified":"2026-01-08T15:20:38","modified_gmt":"2026-01-08T15:20:38","slug":"santa-fe-relocation","status":"publish","type":"page","link":"https:\/\/moverdb.com\/hu\/santa-fe-relocation\/","title":{"rendered":"Santa Fe Relocation Services Nemzetk\u00f6zi k\u00f6lt\u00f6ztet\u00e9s \u00e9s k\u00f6lt\u00f6ztet\u00e9sek V\u00e9lem\u00e9nyek"},"content":{"rendered":"<p>A Santa Fe Relocation Services egy magas sz\u00ednvonal\u00fa k\u00f6lt\u00f6ztet\u0151 c\u00e9g. Sz\u00e1mos k\u00f6lt\u00f6ztet\u00e9si szolg\u00e1ltat\u00e1sa az al\u00e1bbiakban szerepel, a c\u00e9g profilj\u00e1val \u00e9s az \u00fcgyfelek v\u00e9lem\u00e9nyeivel egy\u00fctt.<\/p>\n<p><strong>Glob\u00e1lis mobilit\u00e1si szolg\u00e1ltat\u00e1sok<\/strong><\/p>\n<ul>\n<li> Glob\u00e1lis \u00e1thelyez\u00e9s \u00e9s DSP-menedzsment vil\u00e1gszerte<\/li>\n<li> V\u00edzum- \u00e9s bev\u00e1ndorl\u00e1si \u00fcgyint\u00e9z\u00e9s<\/li>\n<li> K\u00f6lt\u00f6zk\u00f6d\u00e9smenedzsment mag\u00e1nszem\u00e9lyek \u00e9s v\u00e1llalati alkalmazottak sz\u00e1m\u00e1ra<\/li>\n<\/ul>\n<p><strong>K\u00f6lt\u00f6ztet\u00e9s \u00e9s rakt\u00e1roz\u00e1s<\/strong><\/p>\n<ul>\n<li> Nemzetk\u00f6zi k\u00f6lt\u00f6z\u00e9s<\/li>\n<li> Belf\u00f6ldi \u00e9s helyi k\u00f6lt\u00f6ztet\u00e9s<\/li>\n<li> T\u00e1rol\u00e1s<\/li>\n<li> Kis\u00e1llat \u00e1thelyez\u00e9s<\/li>\n<li> <a href=\"https:\/\/moverdb.com\/hu\/autoszallitas-szallitas-szallitas\/\">J\u00e1rm\u0171sz\u00e1ll\u00edt\u00e1s<\/a><\/li>\n<li> V\u00e9delmi fedezetre mutat\u00f3 linkek<\/li>\n<li> Ezermester \u00e9s h\u00e1zmesteri szolg\u00e1ltat\u00e1sok<\/li>\n<li> B\u00fator k\u00f6lcs\u00f6nz\u00e9s<\/li>\n<li> Kiv\u00e1l\u00f3s\u00e1g a k\u00f6lt\u00f6ztet\u00e9si \u00e9s rakt\u00e1roz\u00e1si szolg\u00e1ltat\u00e1sok ter\u00e9n<\/li>\n<\/ul>\n<p><strong>K\u00f6lt\u00f6ztet\u00e9si szolg\u00e1ltat\u00e1sok<\/strong><\/p>\n<ul>\n<li> Egy\u00f6sszeg\u0171 megb\u00edz\u00e1s<\/li>\n<li> R\u00f6vid t\u00e1v\u00fa megb\u00edz\u00e1sok<\/li>\n<li> Keres\u00e9s otthon<\/li>\n<li> Iskolai keres\u00e9s<\/li>\n<li> Beilleszked\u00e9si szolg\u00e1ltat\u00e1sok<\/li>\n<li> Ellen\u0151rz\u0151lista \u00e9s \u00e1thelyez\u00e9s \u00e1ttekint\u00e9s<\/li>\n<li> V\u00edzum \u00e9s bev\u00e1ndorl\u00e1s<\/li>\n<li> \u00datic\u00e9l \u00fatikalauzok<\/li>\n<\/ul>\n<p><strong>Kereskedelmi szolg\u00e1ltat\u00e1sok<\/strong><\/p>\n<ul>\n<li> Irodai k\u00f6lt\u00f6z\u00e9s<\/li>\n<li> Sz\u00e1llodai berendez\u00e9sek<\/li>\n<li> Ki\u00e1ll\u00edt\u00e1sok vil\u00e1gszerte<\/li>\n<li> M\u0171v\u00e9szeti \u00e9s antikvit\u00e1s<\/li>\n<li> Speci\u00e1lis projektek, mint p\u00e9ld\u00e1ul k\u00f3rh\u00e1zak, katonai l\u00e9tes\u00edtm\u00e9nyek, oktat\u00e1si l\u00e9tes\u00edtm\u00e9nyek k\u00f6lt\u00f6ztet\u00e9se.<\/li>\n<\/ul>\n<h2>Santa Fe Relocation Services C\u00e9gprofil<\/h2>\n<p>A Santa Fe glob\u00e1lis mobilit\u00e1si szolg\u00e1ltat\u00e1sokat ny\u00fajt a k\u00fclf\u00f6ld\u00f6n dolgoz\u00f3 v\u00e1llalati alkalmazottak sz\u00e1m\u00e1ra. A v\u00e1llalat b\u00fcszke arra, hogy leveszi a stresszt az alkalmazottak \u00e1thelyez\u00e9s\u00e9b\u0151l, \u00e9s b\u00fcszk\u00e9lkedhet Fortune 500-as \u00fcgyfeleivel. A v\u00e1llalat \u00e9vente mintegy 60 000 nemzetk\u00f6zi k\u00f6lt\u00f6z\u00e9st \u00e9s 15 000 belf\u00f6ldi k\u00f6lt\u00f6z\u00e9st bonyol\u00edt le. <\/p>\n<p>Santa Fe \u00e9let\u00e9t a <a href=\"https:\/\/moverdb.com\/hu\/moving-to-hong-kong\/\" data-internallinksmanager029f6b8e52c=\"350\" title=\"Hongkongba k\u00f6lt\u00f6zik? 2023 Meg\u00e9lhet\u00e9si k\u00f6lts\u00e9gek \u00e9s k\u00f6lt\u00f6z\u00e9si tippek\">Hong Kong<\/a> 1980-ban. A Santa Fe csoport vil\u00e1gszerte v\u00e1s\u00e1rolt fel v\u00e1llalatokat, a legr\u00e9gebbi a Wridgways of <a href=\"https:\/\/moverdb.com\/hu\/moving-to-australia\/living-in-australia\/\" data-internallinksmanager029f6b8e52c=\"240\" title=\"21 Titkok az Ausztr\u00e1li\u00e1ban \u00e9l\u0151kr\u0151l, hogy tudd, miel\u0151tt elk\u00f6lt\u00f6z\u00f6l\">Ausztr\u00e1lia<\/a> amelyet 1892-ben alap\u00edtottak. A Santa Fe hat kontinensen rendelkezik irod\u00e1kkal, a k\u00f6zpontja a k\u00f6vetkez\u0151 helyen tal\u00e1lhat\u00f3 <a href=\"https:\/\/moverdb.com\/hu\/moving-to-london\/\">London<\/a> \u00e9s glob\u00e1lis, region\u00e1lis \u00e9s helyi \u00e1thelyez\u00e9seket k\u00edn\u00e1l \u00fcgyfeleinek. <\/p>\n<p>Santa Fe Relocation Services Egyes\u00fcletek \u00e9s akkredit\u00e1ci\u00f3k:<\/p>\n<ul>\n<li> <a href=\"https:\/\/moverdb.com\/hu\/employee-relocation-council\/\">Az ERC vil\u00e1gszerte<\/a><\/li>\n<li> <a href=\"https:\/\/moverdb.com\/hu\/eura\/\">Eur\u00f3pai K\u00f6lt\u00f6ztet\u00e9si Sz\u00f6vets\u00e9g<\/a> (<a href=\"https:\/\/moverdb.com\/hu\/eura\/\" data-internallinksmanager029f6b8e52c=\"13\" title=\"Az Eur\u00f3pai K\u00f6lt\u00f6ztet\u00e9si Sz\u00f6vets\u00e9g (EuRA) magyar\u00e1zata\">EuRA<\/a>)<\/li>\n<li> <a href=\"https:\/\/moverdb.com\/hu\/fidi-faim\/\">Nemzetk\u00f6zi K\u00f6lt\u00f6ztet\u0151c\u00e9gek Glob\u00e1lis Sz\u00f6vets\u00e9ge<\/a> (<a href=\"https:\/\/moverdb.com\/hu\/fidi-faim\/\" data-internallinksmanager029f6b8e52c=\"16\" title=\"FIDI &amp; FAIM (FIDI akkredit\u00e1lt nemzetk\u00f6zi fuvaroz\u00f3) magyar\u00e1zata\">FIDI<\/a>)<\/li>\n<li> <a href=\"https:\/\/moverdb.com\/hu\/fidi-faim\/\">FIDI-FAIM \u00e9s FAIM Plus akkredit\u00e1ci\u00f3<\/a><\/li>\n<li> <a href=\"https:\/\/moverdb.com\/hu\/en-vagyok\/\">A K\u00f6lt\u00f6ztet\u0151k Nemzetk\u00f6zi Sz\u00f6vets\u00e9ge (IAM)<\/a><\/li>\n<li> <a href=\"https:\/\/moverdb.com\/hu\/lacma\/\">LACMA<\/a><\/li>\n<li> ISO9001 min\u0151s\u00e9gir\u00e1ny\u00edt\u00e1s<\/li>\n<li> ISO14001 K\u00f6rnyezetv\u00e9delmi ir\u00e1ny\u00edt\u00e1s<\/li>\n<li> OHSAS18001 Eg\u00e9szs\u00e9g\u00fcgyi \u00e9s biztons\u00e1gi menedzsment<\/li>\n<li> ISO27001 adatbiztons\u00e1g<\/li>\n<\/ul>\n<h2>Santa Fe Relocation Services V\u00e9lem\u00e9nyek<\/h2>\n<p><strong>Pozit\u00edv<\/strong><\/p>\n<p><em>\"A Santa Fe-nek van egy berlini csapata (<a href=\"https:\/\/moverdb.com\/hu\/moving-to-germany\/\" data-internallinksmanager029f6b8e52c=\"321\" title=\"N\u00e9metorsz\u00e1gba k\u00f6lt\u00f6zik? 2023 Meg\u00e9lhet\u00e9si k\u00f6lts\u00e9gek \u00e9s k\u00f6lt\u00f6z\u00e9si tippek\">N\u00e9metorsz\u00e1g<\/a>), \u00e9s t\u00e9nyleg elsz\u00e1llt az agyam a szolg\u00e1ltat\u00e1sukkal. H. Schulz \u00far \u00e9s A. Hoenow asszony z\u00f6kken\u0151mentesen, hat\u00e9konyan \u00e9s mindig bar\u00e1ts\u00e1gos hozz\u00e1\u00e1ll\u00e1ssal v\u00e9gezt\u00e9k a k\u00f6lt\u00f6z\u00e9semet.\"<\/em> Dot Stein via <a href=\"http:\/\/www.mymovingreviews.com\/movingreviews\/simply-the-best-51520\" target=\"_blank\" rel=\"noopener\">MyMovingReviews<\/a><\/p>\n<p><em>\"A folyamat elej\u00e9t\u0151l a v\u00e9g\u00e9ig a ny\u00fajtott szolg\u00e1ltat\u00e1s professzion\u00e1lis, seg\u00edt\u0151k\u00e9sz volt, \u00e9s a csapat mindent megtett annak \u00e9rdek\u00e9ben, hogy a k\u00f6lt\u00f6z\u00e9s min\u0151s\u00e9gi m\u00f3don t\u00f6rt\u00e9njen.\"<\/em> Linda, Melbourne via <a href=\"http:\/\/www.productreview.com.au\/p\/santa-fe-wridgways.html\" target=\"_blank\" rel=\"noopener\">Term\u00e9k fel\u00fclvizsg\u00e1lata<\/a><\/p>\n<p><strong>Negat\u00edv<\/strong><\/p>\n<p><em>\"NE HASZN\u00c1LJ\u00c1K. A c\u00e9g, amellyel szerz\u0151d\u00e9st k\u00f6t\u00f6ttek (Roy Trevor Removals) teljesen t\u00f6nkretette a vadonat\u00faj fapadl\u00f3mat, \u00e9s val\u00f3j\u00e1ban megpr\u00f3b\u00e1lt\u00e1k hib\u00e1ztatni... <a href=\"https:\/\/moverdb.com\/hu\/moving-to-the-united-states\/\" data-internallinksmanager029f6b8e52c=\"94\" title=\"Az Egyes\u00fclt \u00c1llamokba k\u00f6lt\u00f6zik? 2022 Meg\u00e9lhet\u00e9si k\u00f6lts\u00e9gek \u00e9s k\u00f6lt\u00f6z\u00e9si tippek\">us<\/a> a k\u00e1r\u00e9rt.\"<\/em> Pamela Rollins via <a href=\"http:\/\/www.mymovingreviews.com\/movingreviews\/horrible-damage-to-floors-51782\" target=\"_blank\" rel=\"noopener\">MyMovingReviews<\/a><\/p>\n<p><em>\"Ez egy nemzetk\u00f6zi k\u00f6lt\u00f6z\u00e9s volt P\u00e1pua \u00daj-Guinea \u00e9s Perth k\u00f6z\u00f6tt. 2015 okt\u00f3ber\u00e9re \u00f6sszepakoltunk, t\u00f6bb mint 5 h\u00f3nap telt el, \u00e9s m\u00e9g mindig nincs meg az \u00f6sszes cuccunk.\" <\/em>Liz kereszt\u00fcl <a href=\"http:\/\/www.productreview.com.au\/p\/santa-fe-wridgways.html\" target=\"_blank\" rel=\"noopener\">Term\u00e9k fel\u00fclvizsg\u00e1lata<\/a><\/p>\n<div itemprop=\"review\" itemscope itemtype=\"http:\/\/schema.org\/Review\">\n<span itemprop=\"author\" itemscope=\"\" itemtype=\"http:\/\/schema.org\/Organization\"><span itemprop=\"name\">MoverDB.com<\/span><\/span> Online weboldal-fel\u00fclvizsg\u00e1lat a <span itemprop=\"itemreviewed\" itemscope=\"\" itemtype=\"http:\/\/schema.org\/Brand\"><span itemprop=\"name\">Santa Fe k\u00f6lt\u00f6ztet\u00e9si szolg\u00e1ltat\u00e1sok<\/span><\/span>:<\/p>\n<ol>\n<li> Egy\u00e9rtelm\u0171 el\u00e9rhet\u0151s\u00e9gek a weboldalon (bele\u00e9rtve a telefonsz\u00e1mot is): <strong>Igen<\/strong><\/li>\n<li> K\u00f6nnyen beszerezhet\u0151 <a href=\"https:\/\/moverdb.com\/hu\/idezi\/\">nemzetk\u00f6zi k\u00f6lt\u00f6ztet\u00e9si \u00e1raj\u00e1nlatok<\/a>? (Online \u00e1raj\u00e1nlatk\u00e9r\u0151 \u0171rlap): <strong>Igen<\/strong><\/li>\n<li> Egy\u00e9rtelm\u0171 inform\u00e1ci\u00f3k a honlapon: <strong>Igen<\/strong>. Rendk\u00edv\u00fcl informat\u00edv weboldal.<\/li>\n<li> Tags\u00e1g nemzetk\u00f6zi elismert mozgat\u00f3 szervezetekben: <strong>Igen<\/strong>l\u00e1sd fentebb.<\/li>\n<li> \u00dcgyfelek list\u00e1ja \u00e9s\/vagy kor\u00e1bbi v\u00e1s\u00e1rl\u00f3i aj\u00e1nl\u00e1sok: <strong>Igen<\/strong>, b\u00e1r nincs \u00fcgyf\u00e9llista, sok pozit\u00edv \u00fcgyf\u00e9lv\u00e9lem\u00e9ny van.<\/li>\n<\/ol>\n<div itemprop=\"reviewRating\" itemscope itemtype=\"http:\/\/schema.org\/Rating\"><meta itemprop=\"worstRating\" content = \"0\" \/><meta itemprop=\"bestRating\" content=\"5\" \/><meta itemprop=\"ratingValue\" content=\"5\"><\/div>\n<p><strong>\u00c1ltal\u00e1nos pontsz\u00e1m: 5\/5<\/strong><br \/>\n<strong>Fel\u00fclvizsg\u00e1lat d\u00e1tuma:<\/strong> <span itemprop=\"datePublished\" content=\"2016-05-22\">22\/05\/2016<\/span>\n<\/div>\n<p>Tov\u00e1bbi inform\u00e1ci\u00f3 <a href=\"https:\/\/moverdb.com\/hu\/nemzetkozi-koltoztetes\/\">Egyes\u00fclt Kir\u00e1lys\u00e1g k\u00f6lt\u00f6ztet\u0151 c\u00e9gek<\/a> \u00e9s a mi <a href=\"https:\/\/moverdb.com\/hu\/ertekelesek\/\">a fel\u00fclvizsg\u00e1lati folyamat magyar\u00e1zata<\/a>.<\/p>\n<p><strong>Weboldal:<\/strong> <a href=\"http:\/\/www.santaferelo.com\/\" target=\"_blank\" rel=\"noopener\">http:\/\/www.santaferelo.com\/<\/a><\/p>","protected":false},"excerpt":{"rendered":"<p>Santa Fe Relocation Services is a high-end relocation company. It&#8217;s many removal services are listed below, together with a company profile and customer reviews. Global Mobility Services Global relocation and DSP management worldwide Visa and immigration management Move management for individuals and corporate employees Moving and Storage Services International Moving Domestic and Local Moving Storage [&hellip;]<\/p>\n","protected":false},"author":1,"featured_media":0,"parent":0,"menu_order":0,"comment_status":"closed","ping_status":"closed","template":"","meta":{"_genesis_hide_title":false,"_genesis_hide_breadcrumbs":false,"_genesis_hide_singular_image":false,"_genesis_hide_footer_widgets":false,"_genesis_custom_body_class":"","_genesis_custom_post_class":"","_genesis_layout":"","footnotes":""},"class_list":{"0":"post-347","1":"page","2":"type-page","3":"status-publish","5":"entry"},"_links":{"self":[{"href":"https:\/\/moverdb.com\/hu\/wp-json\/wp\/v2\/pages\/347","targetHints":{"allow":["GET"]}}],"collection":[{"href":"https:\/\/moverdb.com\/hu\/wp-json\/wp\/v2\/pages"}],"about":[{"href":"https:\/\/moverdb.com\/hu\/wp-json\/wp\/v2\/types\/page"}],"author":[{"embeddable":true,"href":"https:\/\/moverdb.com\/hu\/wp-json\/wp\/v2\/users\/1"}],"replies":[{"embeddable":true,"href":"https:\/\/moverdb.com\/hu\/wp-json\/wp\/v2\/comments?post=347"}],"version-history":[{"count":14,"href":"https:\/\/moverdb.com\/hu\/wp-json\/wp\/v2\/pages\/347\/revisions"}],"predecessor-version":[{"id":6235,"href":"https:\/\/moverdb.com\/hu\/wp-json\/wp\/v2\/pages\/347\/revisions\/6235"}],"wp:attachment":[{"href":"https:\/\/moverdb.com\/hu\/wp-json\/wp\/v2\/media?parent=347"}],"curies":[{"name":"wp","href":"https:\/\/api.w.org\/{rel}","templated":true}]}}