{"id":3392,"date":"2019-09-20T11:37:54","date_gmt":"2019-09-20T11:37:54","guid":{"rendered":"https:\/\/moverdb.com\/?page_id=3392"},"modified":"2026-01-08T14:39:59","modified_gmt":"2026-01-08T14:39:59","slug":"international-van-lines","status":"publish","type":"page","link":"https:\/\/moverdb.com\/hu\/international-van-lines\/","title":{"rendered":"International Van Lines (IVL): Relocation &amp; Moving Reviews"},"content":{"rendered":"<p><img loading=\"lazy\" decoding=\"async\" width=\"700\" height=\"158\" src=\"https:\/\/moverdb.com\/wp-content\/uploads\/International-Van-Lines-Logo.png\" alt=\"Nemzetk\u00f6zi Van Lines log\u00f3\" class=\"aligncenter size-full wp-image-3389\" data-wp-pid=\"3389\" srcset=\"https:\/\/moverdb.com\/wp-content\/uploads\/International-Van-Lines-Logo.png 700w, https:\/\/moverdb.com\/wp-content\/uploads\/International-Van-Lines-Logo-300x68.png 300w, https:\/\/moverdb.com\/wp-content\/uploads\/International-Van-Lines-Logo-600x135.png 600w\" sizes=\"auto, (max-width: 700px) 100vw, 700px\" \/><\/p>\n<p>Az International Van Lines egy amerikai sz\u00e9khely\u0171, 2000-ben alap\u00edtott k\u00f6lt\u00f6ztet\u0151 c\u00e9g, amely m\u00e1ra az egyik legnagyobb <a href=\"https:\/\/moverdb.com\/hu\/moving-companies\/\" data-internallinksmanager029f6b8e52c=\"79\" title=\"Top 25 nemzetk\u00f6zi k\u00f6lt\u00f6ztet\u0151 c\u00e9gek online\">nemzetk\u00f6zi k\u00f6lt\u00f6ztet\u0151 c\u00e9gek<\/a> a vil\u00e1gon. A Consumer Advocate 2017-ben, 2018-ban \u00e9s 2019-ben a legjobb k\u00f6lt\u00f6ztet\u0151 c\u00e9gnek min\u0151s\u00edtette \u0151ket.<\/p>\n<p>\u00cdme n\u00e9h\u00e1ny az \u00e1ltaluk ny\u00fajtott szolg\u00e1ltat\u00e1sok k\u00f6z\u00fcl:<\/p>\n<p><a href=\"https:\/\/moverdb.com\/hu\/kontenerszallitas\/\"><strong>Teljes kont\u00e9neres rakom\u00e1ny (FCL) sz\u00e1ll\u00edt\u00e1s<\/strong><\/a><\/p>\n<ul>\n<li> Sz\u00e1raz kont\u00e9nerek<\/li>\n<li> 20\u2032 \u00e9s 40\u2032 opci\u00f3k el\u00e9rhet\u0151ek<\/li>\n<li> H\u00e1zt\u00f3l-h\u00e1zig szolg\u00e1ltat\u00e1s vagy \u00e9l\u0151 rakom\u00e1ny (DIY)<\/li>\n<li> A Sz\u00f6vets\u00e9gi Tenger\u00e9szeti Bizotts\u00e1g \u00e1ltal enged\u00e9lyezett <a href=\"https:\/\/moverdb.com\/hu\/freight-forwarder\/\" data-internallinksmanager029f6b8e52c=\"17\" title=\"Sz\u00e1ll\u00edtm\u00e1nyoz\u00f3 \u00e9s NVOCC nemzetk\u00f6zi k\u00f6lts\u00e9g \u00e9s c\u00e9gek \u00fatmutat\u00f3ja\">sz\u00e1ll\u00edtm\u00e1nyoz\u00f3<\/a>.<\/li>\n<\/ul>\n<p><strong>Tengeri \u00e1rusz\u00e1ll\u00edt\u00e1s<\/strong><\/p>\n<ul>\n<li> Ajt\u00f3t\u00f3l ajt\u00f3ig<\/li>\n<li> Ajt\u00f3 a <a href=\"https:\/\/moverdb.com\/hu\/top-49-container-ports\/\" data-internallinksmanager029f6b8e52c=\"80\" title=\"Top 49 legnagyobb \u00e9s legforgalmasabb kont\u00e9nerkik\u00f6t\u0151 2025-ben\">Port<\/a><\/li>\n<li> Port to Door<\/li>\n<li> Kik\u00f6t\u0151t\u0151l kik\u00f6t\u0151ig<\/li>\n<\/ul>\n<p><strong>L\u00e9gi tehersz\u00e1ll\u00edt\u00e1si szolg\u00e1ltat\u00e1sok<\/strong><\/p>\n<ul>\n<li> L\u00e9gi \u00e9s expressz sz\u00e1ll\u00edtm\u00e1nyoz\u00e1s kezel\u00e9se<\/li>\n<li> Lehet n\u00e9h\u00e1ny haj\u00f3 doboz vagy egy eg\u00e9sz h\u00e1ztart\u00e1s<\/li>\n<li> H\u00e1zr\u00f3l h\u00e1zra, h\u00e1zr\u00f3l termin\u00e1lra, termin\u00e1lr\u00f3l ajt\u00f3ra vagy termin\u00e1lr\u00f3l termin\u00e1lra t\u00f6rt\u00e9n\u0151 szolg\u00e1ltat\u00e1s ny\u00fajt\u00e1sa.<\/li>\n<li> Minden h\u00e1ztart\u00e1si \u00e1rut zsugorf\u00f3li\u00e1zunk \u00e9s raklapokra helyez\u00fcnk, miel\u0151tt berakodn\u00e1nk.<\/li>\n<li> Gondoskodjon a v\u00e1mkezel\u00e9shez sz\u00fcks\u00e9ges \u00f6sszes pap\u00edrmunk\u00e1r\u00f3l.<\/li>\n<\/ul>\n<p><a href=\"https:\/\/moverdb.com\/hu\/autoszallitas-szallitas-szallitas\/\"><strong>Aut\u00f3sz\u00e1ll\u00edt\u00e1s<\/strong><\/a><\/p>\n<ul>\n<li> <a href=\"https:\/\/moverdb.com\/hu\/container-shipping\/\" data-internallinksmanager029f6b8e52c=\"3\" title=\"Nemzetk\u00f6zi kont\u00e9nersz\u00e1ll\u00edt\u00e1si d\u00edjt\u00e1bl\u00e1zat: m\u00e1jus 2026\">Kont\u00e9neres sz\u00e1ll\u00edt\u00e1s<\/a><\/li>\n<li> Konszolid\u00e1ci\u00f3s szolg\u00e1ltat\u00e1s<\/li>\n<li> Roll on Roll off (RO\/RO)<\/li>\n<li> V\u00e1mkezel\u00e9si dokument\u00e1ci\u00f3<\/li>\n<li> Biztos\u00edt\u00e1si lehet\u0151s\u00e9gek<\/li>\n<\/ul>\n<p><strong>Hossz\u00fa t\u00e1v\u00fa k\u00f6lt\u00f6z\u00e9si szolg\u00e1ltat\u00e1sok<\/strong><\/p>\n<ul>\n<li> A k\u00f6lt\u00f6z\u00e9sekn\u00e9l a <a href=\"https:\/\/moverdb.com\/hu\/moving-to-the-united-states\/\" data-internallinksmanager029f6b8e52c=\"94\" title=\"Az Egyes\u00fclt \u00c1llamokba k\u00f6lt\u00f6zik? 2022 Meg\u00e9lhet\u00e9si k\u00f6lts\u00e9gek \u00e9s k\u00f6lt\u00f6z\u00e9si tippek\">Egyes\u00fclt \u00c1llamok<\/a><\/li>\n<li> Csomagol\u00e1s<\/li>\n<li> T\u00e1rol\u00e1s<\/li>\n<li> Crating<\/li>\n<li> Speci\u00e1lis szolg\u00e1ltat\u00e1sok<\/li>\n<\/ul>\n<p><strong>Egy\u00e9b szolg\u00e1ltat\u00e1sok<\/strong><\/p>\n<ul>\n<li> V\u00e1llalati \u00e1thelyez\u00e9s<\/li>\n<li> Irodai k\u00f6lt\u00f6z\u00e9sek<\/li>\n<li> Korm\u00e1nyzati \u00e9s katonai mozg\u00e1sok<\/li>\n<li> Fuvaroz\u00f3i \u00e9s br\u00f3keri szolg\u00e1ltat\u00e1sok<\/li>\n<\/ul>\n<h2>International Van Lines C\u00e9gprofil<\/h2>\n<p>Az International Van Lines azt \u00e1ll\u00edtja, hogy \u00e9vente t\u00f6bb mint 10.000 k\u00f6lt\u00f6z\u00e9st kezel, kevesebb mint 1% panaszh\u00e1nyaddal. Az eg\u00e9sz Egyes\u00fclt \u00c1llamokat \u00e9s t\u00f6bb mint 180 orsz\u00e1got lefednek. A nemzetk\u00f6zi k\u00f6lt\u00f6ztet\u00e9si \u00fczlet\u00e1gban 2000 \u00f3ta vannak jelen, \u00e9s 2004-ben b\u0151v\u00edtett\u00e9k ki a belf\u00f6ldi t\u00e1vols\u00e1gi k\u00f6lt\u00f6z\u00e9sek k\u00edn\u00e1lat\u00e1t. Jelenleg t\u00f6bb mint 200 embert foglalkoztatnak, \u00e9s 2012-ben felker\u00fcltek az INC 5000-es list\u00e1ra, amely az Egyes\u00fclt \u00c1llamok leggyorsabban n\u00f6vekv\u0151 v\u00e1llalatait tartalmazza. <\/p>\n<p>Az International Van Lines-nak nagyszer\u0171 v\u00e9lem\u00e9nye van a k\u00f6vetkez\u0151kt\u0151l is <a href=\"https:\/\/uk.trustpilot.com\/review\/www.internationalvanlines.com\" rel=\"noopener noreferrer\" target=\"_blank\">Trustpilot<\/a> (4,3 az 5-b\u0151l), <a href=\"https:\/\/www.move.org\/international-van-lines-review\/\" rel=\"noopener noreferrer\" target=\"_blank\">Move.org<\/a> (4,7 az 5-b\u0151l) \u00e9s <a href=\"https:\/\/www.consumeraffairs.com\/homeowners\/international-van-lines.html\" rel=\"noopener noreferrer\" target=\"_blank\">Fogyaszt\u00f3i \u00fcgyek<\/a> (4 az 5-b\u0151l). Ez\u00e9rt, ha az Egyes\u00fclt \u00c1llamokba vagy az Egyes\u00fclt \u00c1llamokb\u00f3l k\u00f6lt\u00f6zik, \u00e9rdemes t\u0151l\u00fck \u00e1raj\u00e1nlatot k\u00e9rni.<\/p>\n<p>Ezek akkredit\u00e1ci\u00f3val rendelkeznek:<\/p>\n<ul>\n<li> Enged\u00e9lyezett <a href=\"https:\/\/safer.fmcsa.dot.gov\/query.asp?searchtype=ANY&#038;query_type=queryCarrierSnapshot&#038;query_param=USDOT&#038;query_string=2293832\" rel=\"noopener noreferrer\" target=\"_blank\">DOT fuvaroz\u00f3<\/a><\/li>\n<li> <a href=\"https:\/\/moverdb.com\/hu\/szallitmanyozo\/\">NVOCC<\/a> (nem haj\u00f3\u00fczemeltet\u0151 k\u00f6z\u00f6s fuvaroz\u00f3i) enged\u00e9ly<\/li>\n<li> FMC (Sz\u00f6vets\u00e9gi Tenger\u00e9szeti Bizotts\u00e1g) <\/li>\n<li> <a href=\"https:\/\/moverdb.com\/hu\/felni-elorejelzo\/\">ProMover<\/a><\/li>\n<\/ul>\n<h2>Nemzetk\u00f6zi Van Lines V\u00e9lem\u00e9nyek<\/h2>\n<p><strong>Pozit\u00edv:<\/strong><\/p>\n<ul>\n<li> <em>\"Az IVL nagyszer\u0171 munk\u00e1t v\u00e9gzett a t\u00e1vols\u00e1gi k\u00f6lt\u00f6z\u00e9semmel kapcsolatban. A szem\u00e9lyzet id\u0151ben \u00e9rkezett, j\u00f3l csomagolt, \u00e9s azt tette, amit \u00edg\u00e9rt. Sz\u00fcks\u00e9g eset\u00e9n \u00fajra ig\u00e9nybe venn\u00e9m \u0151ket.\"<\/em> - Martha B. a c\u00e9g honlapj\u00e1n kereszt\u00fcl<\/li>\n<li> <em>\"Az International Van Lines nemr\u00e9g sz\u00e1ll\u00edtotta ki a cuccaimat. Az ellen\u0151rz\u00e9s ut\u00e1n nem volt k\u00e1r vagy vesztes\u00e9g, ami kiv\u00e1l\u00f3.\"<\/em> - IVY Powers via Move.org <\/li>\n<li> <em>\"El\u00e9gedett voltam az IVL-lel szerzett tapasztalataimmal, \u00e9s megfontoln\u00e1m \u0151ket, ha k\u00fclf\u00f6ldre kellene sz\u00e1ll\u00edtanom vagy k\u00f6lt\u00f6zn\u00f6m.\"<\/em> - Jeff a fogyaszt\u00f3v\u00e9delmi \u00fcgyeken kereszt\u00fcl<\/li>\n<li> <em>\"\u00d6sszess\u00e9g\u00e9ben nagyszer\u0171 volt a tapasztalatom! Sz\u00fcks\u00e9g eset\u00e9n \u00fajra vel\u00fck dolgozn\u00e9k.\"<\/em> - Sade via Trustpliot<\/li>\n<\/ul>\n<p><strong>Negat\u00edv:<\/strong><\/p>\n<ul>\n<li> <em>\"T\u00fals\u00e1gosan csal\u00f3dott vagyok, \u00e9s soha senkinek nem aj\u00e1nlan\u00e1m az International Van Lines-t.\"<\/em> - Ezeibe via Trustpilot<\/li>\n<li> <em>\"Elvesztettek egy sz\u0151nyeget \u00e9s m\u00e1s dolgokat.\"<\/em> - Maritini Dog via Move.org<\/li>\n<li> <em>\"Rossz kommunik\u00e1ci\u00f3 az elej\u00e9n arr\u00f3l, hogy mikor fogj\u00e1k t\u00e9nylegesen mozgatni a cuccainkat az \u00faj h\u00e1zunkba\"<\/em> - Erin a fogyaszt\u00f3v\u00e9delmi \u00fcgyeken kereszt\u00fcl<\/li>\n<\/ul>\n<div itemprop=\"review\" itemscope itemtype=\"http:\/\/schema.org\/Review\">\n<span itemprop=\"author\" itemscope=\"\" itemtype=\"http:\/\/schema.org\/Organization\"><span itemprop=\"name\">MoverDB.com<\/span><\/span> Online weboldal-fel\u00fclvizsg\u00e1lat a <span itemprop=\"itemreviewed\" itemscope=\"\" itemtype=\"http:\/\/schema.org\/Brand\"><span itemprop=\"name\">Nemzetk\u00f6zi Van Lines<\/span><\/span>:<\/p>\n<ol>\n<li> Egy\u00e9rtelm\u0171 el\u00e9rhet\u0151s\u00e9gek a weboldalon (bele\u00e9rtve a telefonsz\u00e1mot is): <strong>Igen<\/strong><\/li>\n<li> K\u00f6nnyen beszerezhet\u0151 <a href=\"https:\/\/moverdb.com\/hu\/idezi\/\">nemzetk\u00f6zi mozg\u00f3 \u00e1raj\u00e1nlatok<\/a>? (Online \u00e1raj\u00e1nlatk\u00e9r\u0151 \u0171rlap): <strong>Igen<\/strong><\/li>\n<li> Egy\u00e9rtelm\u0171 inform\u00e1ci\u00f3k a honlapon: <strong>Igen.<\/strong> A honlapon vil\u00e1gosan szerepel a v\u00e1llalat \u00e1ltal k\u00edn\u00e1lt \u00f6sszes szolg\u00e1ltat\u00e1s.<\/li>\n<li> Tags\u00e1g nemzetk\u00f6zi elismert mozgat\u00f3 szervezetekben: <strong>Igen<\/strong>, (l\u00e1sd fent)<\/li>\n<li> \u00dcgyfelek list\u00e1ja \u00e9s\/vagy kor\u00e1bbi v\u00e1s\u00e1rl\u00f3i aj\u00e1nl\u00e1sok. <strong>Igen,<\/strong> Van online \u00e9rt\u00e9kel\u00e9s a honlapjukon, \u00e9s sok pozit\u00edv \u00e9rt\u00e9kel\u00e9ssel is rendelkeznek az interneten.<\/li>\n<\/ol>\n<div itemprop=\"reviewRating\" itemscope itemtype=\"http:\/\/schema.org\/Rating\"><meta itemprop=\"worstRating\" content = \"0\" \/><meta itemprop=\"bestRating\" content=\"5\" \/><meta itemprop=\"ratingValue\" content=\"5\"><\/div>\n<p><strong>\u00c1ltal\u00e1nos pontsz\u00e1m: 5\/5<\/strong><br \/>\n<strong>Fel\u00fclvizsg\u00e1lat d\u00e1tuma:<\/strong> <span itemprop=\"datePublished\" content=\"2019-09-20\">20\/09\/2019<\/span>\n<\/div>\n<p>Tov\u00e1bbi inform\u00e1ci\u00f3 <a href=\"https:\/\/moverdb.com\/hu\/koltozteto-cegek\/\">nemzetk\u00f6zi k\u00f6lt\u00f6ztet\u0151 c\u00e9gek<\/a>, <a href=\"https:\/\/moverdb.com\/hu\/us-canada-movers\/\">hazai k\u00f6lt\u00f6ztet\u0151 c\u00e9gek<\/a> \u00e9s a mi <a href=\"https:\/\/moverdb.com\/hu\/ertekelesek\/\">a fel\u00fclvizsg\u00e1lati folyamat magyar\u00e1zata<\/a>.<\/p>\n<p><strong>Weboldal:<\/strong> <a href=\"https:\/\/internationalvanlines.com\/\" target=\"_blank\" rel=\"noopener noreferrer\">https:\/\/internationalvanlines.com\/<\/a><\/p>","protected":false},"excerpt":{"rendered":"<p>International Van Lines is an American based mover founded in 2000 and is now one the largest international moving companies in the world. They have been rated as The Best Moving Company by Consumer Advocate in 2017, 2018 and 2019. Here are some of the services they provide: Full Container Load (FCL) Shipping Dry Containers [&hellip;]<\/p>\n","protected":false},"author":1,"featured_media":0,"parent":0,"menu_order":0,"comment_status":"closed","ping_status":"closed","template":"","meta":{"_genesis_hide_title":false,"_genesis_hide_breadcrumbs":false,"_genesis_hide_singular_image":false,"_genesis_hide_footer_widgets":false,"_genesis_custom_body_class":"","_genesis_custom_post_class":"","_genesis_layout":"","footnotes":""},"class_list":{"0":"post-3392","1":"page","2":"type-page","3":"status-publish","5":"entry","6":"has-post-thumbnail"},"_links":{"self":[{"href":"https:\/\/moverdb.com\/hu\/wp-json\/wp\/v2\/pages\/3392","targetHints":{"allow":["GET"]}}],"collection":[{"href":"https:\/\/moverdb.com\/hu\/wp-json\/wp\/v2\/pages"}],"about":[{"href":"https:\/\/moverdb.com\/hu\/wp-json\/wp\/v2\/types\/page"}],"author":[{"embeddable":true,"href":"https:\/\/moverdb.com\/hu\/wp-json\/wp\/v2\/users\/1"}],"replies":[{"embeddable":true,"href":"https:\/\/moverdb.com\/hu\/wp-json\/wp\/v2\/comments?post=3392"}],"version-history":[{"count":3,"href":"https:\/\/moverdb.com\/hu\/wp-json\/wp\/v2\/pages\/3392\/revisions"}],"predecessor-version":[{"id":3396,"href":"https:\/\/moverdb.com\/hu\/wp-json\/wp\/v2\/pages\/3392\/revisions\/3396"}],"wp:attachment":[{"href":"https:\/\/moverdb.com\/hu\/wp-json\/wp\/v2\/media?parent=3392"}],"curies":[{"name":"wp","href":"https:\/\/api.w.org\/{rel}","templated":true}]}}