{"id":320,"date":"2016-05-17T21:20:57","date_gmt":"2016-05-17T21:20:57","guid":{"rendered":"http:\/\/moverdb.com\/?page_id=320"},"modified":"2026-01-08T14:40:08","modified_gmt":"2026-01-08T14:40:08","slug":"matthew-james","status":"publish","type":"page","link":"https:\/\/moverdb.com\/hu\/matthew-james\/","title":{"rendered":"Matthew James glob\u00e1lis \u00e1ttelep\u00fcl\u00e9sek"},"content":{"rendered":"<p>A Matthew James Global Relocations egy mag\u00e1ntulajdonban l\u00e9v\u0151 v\u00e1llalat, amely sz\u00e1mos szolg\u00e1ltat\u00e1st k\u00edn\u00e1l k\u00fclf\u00f6ldre \u00e9s helyben k\u00f6lt\u00f6z\u0151 mag\u00e1nszem\u00e9lyek \u00e9s v\u00e1llalatok sz\u00e1m\u00e1ra. Szolg\u00e1ltat\u00e1sai az al\u00e1bbiakban szerepelnek, a c\u00e9g profilj\u00e1val \u00e9s \u00e9rt\u00e9kel\u00e9seivel egy\u00fctt.<\/p>\n<p><strong>Nemzetk\u00f6zi \u00e1ttelep\u00fcl\u00e9sek<\/strong><\/p>\n<ul>\n<li> Teljes k\u00f6r\u0171 h\u00e1zt\u00f3l h\u00e1zig szolg\u00e1ltat\u00e1s<\/li>\n<li> Export csomagol\u00e1si \u00e9s csomagol\u00e1si szolg\u00e1ltat\u00e1sok<\/li>\n<li> Kicsomagol\u00e1si \u00e9s \u00f6sszeszerel\u00e9si szolg\u00e1ltat\u00e1sok<\/li>\n<li> <a href=\"https:\/\/moverdb.com\/hu\/container-shipping\/\" data-internallinksmanager029f6b8e52c=\"3\" title=\"Nemzetk\u00f6zi kont\u00e9nersz\u00e1ll\u00edt\u00e1si d\u00edjt\u00e1bl\u00e1zat: \u00e1prilis 2026\">Nemzetk\u00f6zi sz\u00e1ll\u00edt\u00e1s<\/a> lelt\u00e1r<\/li>\n<li> Dedik\u00e1lt \u00e9s gy\u0171jt\u0151sz\u00e1ll\u00edtm\u00e1nyok<\/li>\n<li> V\u00e1mkezel\u00e9ssel kapcsolatos seg\u00edts\u00e9gny\u00fajt\u00e1s<\/li>\n<li> Egyedi csomagol\u00e1s t\u00f6r\u00e9keny \u00e9s k\u00e9nyes t\u00e1rgyak sz\u00e1m\u00e1ra<\/li>\n<li> Nemzetk\u00f6zi m\u00e9lytengeri biztos\u00edt\u00e1si fedezet<\/li>\n<li> \u00c1ltal\u00e1nos biztos\u00edt\u00e1si fedezet<\/li>\n<\/ul>\n<p><strong>Eur\u00f3pai \u00e1ttelep\u00fcl\u00e9sek<\/strong><\/p>\n<ul>\n<li> Teljes k\u00f6r\u0171 h\u00e1zt\u00f3l h\u00e1zig szolg\u00e1ltat\u00e1s<\/li>\n<li> Csomagol\u00e1s, csomagol\u00e1s \u00e9s kicsomagol\u00e1s<\/li>\n<li> <a href=\"https:\/\/moverdb.com\/hu\/autoszallitas-szallitas-szallitas\/\">J\u00e1rm\u0171<\/a>, haj\u00f3 \u00e9s ker\u00e9kp\u00e1r sz\u00e1ll\u00edt\u00e1s<\/li>\n<li> Megszervezett biztos\u00edt\u00e1s<\/li>\n<\/ul>\n<p><strong>Belf\u00f6ldi k\u00f6lt\u00f6ztet\u00e9s<\/strong><\/p>\n<ul>\n<li> Teljes k\u00f6r\u0171 h\u00e1zt\u00f3l h\u00e1zig szolg\u00e1ltat\u00e1s<\/li>\n<li> Csomagol\u00e1s, csomagol\u00e1s \u00e9s kicsomagol\u00e1s<\/li>\n<li> Automatikusan 50 000 fontig biztos\u00edtott<\/li>\n<\/ul>\n<p><strong>Rakt\u00e1roz\u00e1s Londonban \u00e9s <a href=\"https:\/\/moverdb.com\/hu\/moving-to-spain\/\" data-internallinksmanager029f6b8e52c=\"266\" title=\"Spanyolorsz\u00e1gba k\u00f6lt\u00f6zik? 2023 \u00c9letk\u00f6lts\u00e9gek \u00e9s k\u00f6lt\u00f6z\u00e9si tippek\">Spanyolorsz\u00e1g<\/a><\/strong><\/p>\n<ul>\n<li> Kont\u00e9neres t\u00e1rol\u00e1s<\/li>\n<li> Self-storage<\/li>\n<li> Arch\u00edvum t\u00e1rol\u00e1s<\/li>\n<\/ul>\n<h2>Matthew James C\u00e9gprofil<\/h2>\n<p>A Matthew James Global Relocations m\u00e1r h\u00e1rom gener\u00e1ci\u00f3 \u00f3ta sz\u00e1ll\u00edt embereket a vil\u00e1g minden t\u00e1j\u00e1n. Megb\u00edzhat\u00f3 glob\u00e1lis partnereik r\u00e9v\u00e9n t\u00f6bb mint 300 orsz\u00e1gban t\u00f6bb mint 25 000 c\u00e9l\u00e1llom\u00e1st fednek le. A v\u00e1llalat a Spanyolorsz\u00e1gba t\u00f6rt\u00e9n\u0151 k\u00f6lt\u00f6ztet\u00e9sre specializ\u00e1l\u00f3dott, \u00e9s h\u00e1rom irod\u00e1val rendelkezik az orsz\u00e1gban.<\/p>\n<p>A mai \u00fcgyvezet\u0151 igazgat\u00f3, Matthew De-Machen m\u00e1r kisfi\u00fa kora \u00f3ta szenved\u00e9lyesen szereti a teheraut\u00f3kat, \u00e9s ez be\u00e9p\u00fclt a v\u00e1llalatba. <\/p>\n<p>A v\u00e1llalat a kiv\u00e1l\u00f3 min\u0151s\u00e9g\u0171, szem\u00e9lyre szabott j\u00e1rm\u0171veir\u0151l v\u00e1lt h\u00edress\u00e9, \u00e9s m\u00e9g modellj\u00e1rm\u0171vek is megv\u00e1s\u00e1rolhat\u00f3k. Matthew De-Machen szenved\u00e9lye a teheraut\u00f3k t\u00f6k\u00e9letess\u00e9ge ir\u00e1nt \u00e1tragadt a Matthew James v\u00e1llalatra, ahol a v\u00e1llalat azt \u00e1ll\u00edtja, hogy csak a t\u00f6k\u00e9letess\u00e9g sz\u00e1m\u00edt.<\/p>\n<p>Matthew James Relocation Services kapcsolatok \u00e9s akkredit\u00e1ci\u00f3k:<\/p>\n<ul>\n<li> <a href=\"https:\/\/moverdb.com\/hu\/british-association-of-removers\/\">Brit K\u00f6lt\u00f6ztet\u0151k Sz\u00f6vets\u00e9ge (BAR)<\/a><\/li>\n<li> <a href=\"https:\/\/moverdb.com\/hu\/en-vagyok\/\">Nemzetk\u00f6zi K\u00f6lt\u00f6ztet\u0151k Sz\u00f6vets\u00e9ge (IAM)<\/a><\/li>\n<li> <a href=\"https:\/\/moverdb.com\/hu\/bar-overseas\/\">Brit K\u00f6lt\u00f6ztet\u0151k Sz\u00f6vets\u00e9ge - Nemzetk\u00f6zi t\u00e1rsult tag<\/a><\/li>\n<li> QAS International<\/li>\n<li> <a href=\"https:\/\/moverdb.com\/hu\/fedemac\/\">Fedemac eur\u00f3pai k\u00f6lt\u00f6ztet\u0151k<\/a><\/li>\n<li> Flotta\u00fczemeltet\u0151k elismer\u00e9si rendszere (FORS) - arany fokozat<\/li>\n<li> Min\u0151s\u00e9gbiztos\u00edtott szolg\u00e1ltat\u00e1si szabv\u00e1ny - B\u00fatorsz\u00e1ll\u00edt\u00e1si tev\u00e9kenys\u00e9gek \u00e9s tengerent\u00fali k\u00f6lt\u00f6ztet\u00e9si szolg\u00e1ltat\u00e1sok<\/li>\n<li> Kereskedelmi Szabv\u00e1ny\u00fcgyi Int\u00e9zet (TSI)<\/li>\n<\/ul>\n<h2>Matthew James Relocation V\u00e9lem\u00e9nyek<\/h2>\n<p><strong>Pozit\u00edv<\/strong><\/p>\n<ul>\n<li> <em>\"Nagyon udvarias a k\u00f6lt\u00f6z\u00e9s mindk\u00e9t v\u00e9g\u00e9n. \u00dagy t\u0171nik, minden holmink t\u00fal\u00e9lte az utat\"<\/em> - a <a href=\"http:\/\/www.referenceline.com\/removers_removals-in-dartford-matthewjamesremovalsstorageltd-14758\" target=\"_blank\" rel=\"noopener\">Referenceline<\/a>.<\/li>\n<li> <em>\"professzion\u00e1lis, udvarias, hat\u00e9kony, vid\u00e1m\"<\/em> - a <a href=\"https:\/\/www.trustedmover.org\/questionnaire\/7167\" target=\"_blank\" rel=\"noopener\">Megb\u00edzhat\u00f3 mozgat\u00f3<\/a><\/li>\n<li> <em>\"Csak dics\u00e9rni tudom, hogy a Mathew James munkat\u00e1rsai milyen csod\u00e1latos m\u00f3don kezelt\u00e9k a k\u00f6lt\u00f6z\u00e9semet, a kezdeti konzult\u00e1ci\u00f3t\u00f3l kezdve az \u00e1raj\u00e1nlaton \u00e9s a csomagol\u00e1son \u00e1t a sz\u00e1ll\u00edt\u00e1sig.\"<\/em> - a <a href=\"http:\/\/www.reviews.co.uk\/company-reviews\/store\/matthew-james-removals\" target=\"_blank\" rel=\"noopener\">Reviews.co.uk<\/a><\/li>\n<\/ul>\n<p><strong>Negat\u00edv<\/strong><\/p>\n<ul>\n<li> <em>\"Az \u00fcgyfelek teljes semmibev\u00e9tele \u00e9s a gondoskod\u00e1s teljes hi\u00e1nya.\"<\/em> - a <a href=\"https:\/\/www.yell.com\/biz\/matthew-james-removals-and-storage-dartford-8459632\/\" target=\"_blank\" rel=\"noopener\">Yell<\/a><\/li>\n<\/ul>\n<div itemprop=\"review\" itemscope itemtype=\"http:\/\/schema.org\/Review\">\n<span itemprop=\"author\" itemscope=\"\" itemtype=\"http:\/\/schema.org\/Organization\"><span itemprop=\"name\">MoverDB.com<\/span><\/span> Online weboldal-fel\u00fclvizsg\u00e1lat a <span itemprop=\"itemreviewed\" itemscope=\"\" itemtype=\"http:\/\/schema.org\/Brand\"><span itemprop=\"name\">Matthew James k\u00f6lt\u00f6ztet\u00e9s<\/span><\/span>:<\/p>\n<ol>\n<li> Egy\u00e9rtelm\u0171 el\u00e9rhet\u0151s\u00e9gek a weboldalon (bele\u00e9rtve a telefonsz\u00e1mot is): <strong>Igen<\/strong><\/li>\n<li> K\u00f6nnyen beszerezhet\u0151 <a href=\"https:\/\/moverdb.com\/hu\/idezi\/\">nemzetk\u00f6zi k\u00f6lt\u00f6ztet\u00e9si \u00e1raj\u00e1nlatok<\/a>? (Online \u00e1raj\u00e1nlatk\u00e9r\u0151 \u0171rlap): <strong>Igen<\/strong><\/li>\n<li> Egy\u00e9rtelm\u0171 inform\u00e1ci\u00f3k a honlapon: <strong>R\u00e9szleges.<\/strong> A weboldal nem tartalmaz sok hasznos inform\u00e1ci\u00f3t, \u00e9s azt javasolja, hogy a r\u00e9szletek\u00e9rt forduljon a v\u00e1llalathoz.<\/li>\n<li> Tags\u00e1g nemzetk\u00f6zi elismert mozgat\u00f3 szervezetekben: <strong>Igen<\/strong>l\u00e1sd fentebb.<\/li>\n<li> \u00dcgyfelek list\u00e1ja \u00e9s\/vagy kor\u00e1bbi v\u00e1s\u00e1rl\u00f3i aj\u00e1nl\u00e1sok: <strong>R\u00e9szleges.<\/strong> A honlapon nincs \u00fcgyf\u00e9llista, azonban a ReferenceLine oldalra ir\u00e1ny\u00edtanak, ahol megtekintheti az aj\u00e1nl\u00e1sokat.<\/li>\n<\/ol>\n<div itemprop=\"reviewRating\" itemscope itemtype=\"http:\/\/schema.org\/Rating\"><meta itemprop=\"worstRating\" content = \"0\" \/><meta itemprop=\"bestRating\" content=\"5\" \/><meta itemprop=\"ratingValue\" content=\"4.5\"><\/div>\n<p><strong>\u00c1ltal\u00e1nos pontsz\u00e1m: 4.5\/5<\/strong><br \/>\n<strong>Fel\u00fclvizsg\u00e1lat d\u00e1tuma:<\/strong> <span itemprop=\"datePublished\" content=\"2016-05-017\">17\/05\/2016<\/span><\/p>\n<\/div>\n<p>Tov\u00e1bbi inform\u00e1ci\u00f3 <a href=\"https:\/\/moverdb.com\/hu\/nemzetkozi-koltoztetes\/\">Egyes\u00fclt Kir\u00e1lys\u00e1g k\u00f6lt\u00f6ztet\u0151 c\u00e9gek<\/a> \u00e9s a mi <a href=\"https:\/\/moverdb.com\/hu\/ertekelesek\/\">a fel\u00fclvizsg\u00e1lati folyamat magyar\u00e1zata<\/a>.<\/p>\n<p><strong>Weboldal:<\/strong> <a href=\"http:\/\/www.matthewjamesremovals.com\/\" target=\"_blank\" rel=\"noopener\">http:\/\/www.matthewjamesremovals.com\/<\/a><\/p>","protected":false},"excerpt":{"rendered":"<p>Matthew James Global Relocations is a privately owned company which offers many services for individuals and companies moving abroad and locally. Its services are listed below, together with a company profile and reviews. International Relocations Complete door to door service Export packing and wrapping services Unpacking and reassembly services International shipping inventory Dedicated and Groupage [&hellip;]<\/p>\n","protected":false},"author":1,"featured_media":0,"parent":0,"menu_order":0,"comment_status":"closed","ping_status":"closed","template":"","meta":{"_genesis_hide_title":false,"_genesis_hide_breadcrumbs":false,"_genesis_hide_singular_image":false,"_genesis_hide_footer_widgets":false,"_genesis_custom_body_class":"","_genesis_custom_post_class":"","_genesis_layout":"","footnotes":""},"class_list":{"0":"post-320","1":"page","2":"type-page","3":"status-publish","5":"entry"},"_links":{"self":[{"href":"https:\/\/moverdb.com\/hu\/wp-json\/wp\/v2\/pages\/320","targetHints":{"allow":["GET"]}}],"collection":[{"href":"https:\/\/moverdb.com\/hu\/wp-json\/wp\/v2\/pages"}],"about":[{"href":"https:\/\/moverdb.com\/hu\/wp-json\/wp\/v2\/types\/page"}],"author":[{"embeddable":true,"href":"https:\/\/moverdb.com\/hu\/wp-json\/wp\/v2\/users\/1"}],"replies":[{"embeddable":true,"href":"https:\/\/moverdb.com\/hu\/wp-json\/wp\/v2\/comments?post=320"}],"version-history":[{"count":12,"href":"https:\/\/moverdb.com\/hu\/wp-json\/wp\/v2\/pages\/320\/revisions"}],"predecessor-version":[{"id":13173,"href":"https:\/\/moverdb.com\/hu\/wp-json\/wp\/v2\/pages\/320\/revisions\/13173"}],"wp:attachment":[{"href":"https:\/\/moverdb.com\/hu\/wp-json\/wp\/v2\/media?parent=320"}],"curies":[{"name":"wp","href":"https:\/\/api.w.org\/{rel}","templated":true}]}}