{"id":2804,"date":"2018-05-18T20:05:25","date_gmt":"2018-05-18T20:05:25","guid":{"rendered":"https:\/\/moverdb.com\/?page_id=2804"},"modified":"2026-01-08T14:48:10","modified_gmt":"2026-01-08T14:48:10","slug":"data-processing-policy","status":"publish","type":"page","link":"https:\/\/moverdb.com\/hu\/data-processing-policy\/","title":{"rendered":"Adatfeldolgoz\u00e1si politika"},"content":{"rendered":"<p>Ez az adatkezel\u00e9si szab\u00e1lyzat k\u00f6z\u00e9rthet\u0151en, magyarul elmagyar\u00e1zza, hogy a MoverDB.com hogyan kezeli az adatokat, hogy \u00d6n megalapozottan d\u00f6nthessen arr\u00f3l, hogy ig\u00e9nybe k\u00edv\u00e1nja-e venni szolg\u00e1ltat\u00e1sainkat. Ezt a GDPR-ra v\u00e1laszul hoztuk l\u00e9tre. Ez egy egyszer\u0171 angol nyelv\u0171, r\u00e9szletes kieg\u00e9sz\u00edt\u00e9s a mi <a href=\"https:\/\/moverdb.com\/hu\/adatvedelmi-politika\/\">Adatv\u00e9delmi ir\u00e1nyelvek<\/a> \u00e9s <a href=\"https:\/\/moverdb.com\/hu\/felhasznalasi-feltetelek\/\">Felt\u00e9telek \u00e9s felt\u00e9telek<\/a>.<\/p>\n<p>A MoverDB.com egy ingyenesen haszn\u00e1lhat\u00f3 weboldal, amelynek haszn\u00e1lat\u00e1hoz nem k\u00f6telez\u0151 regisztr\u00e1lni \u00e9s\/vagy szem\u00e9lyes adatokat megadni. Minden inform\u00e1ci\u00f3 ingyenesen hozz\u00e1f\u00e9rhet\u0151 b\u00e1rki sz\u00e1m\u00e1ra.<\/p>\n<p>Azonban akt\u00edvan \u00e9s passz\u00edvan is gy\u0171jt\u00fcnk \u00e9s feldolgozunk olyan adatokat, amelyekr\u0151l \u00fagy \u00e9rezz\u00fck, hogy tudnia kell. A weboldal minden oldal\u00e1t \u00e9s adat\u00e1t biztons\u00e1gos SSL-technol\u00f3gi\u00e1val k\u00fcldj\u00fck.<\/p>\n<p>Minden akt\u00edv adatfeldolgoz\u00e1si tev\u00e9kenys\u00e9g\u00fcnk (l\u00e1sd al\u00e1bb) a k\u00f6vetkez\u0151k szerint t\u00f6rt\u00e9nik <strong>hozz\u00e1j\u00e1rul\u00e1s alapja<\/strong> \u00e9s a passz\u00edv adatfeldolgoz\u00e1si tev\u00e9kenys\u00e9geinket (l\u00e1sd al\u00e1bb) a <strong>jogos \u00e9rdek alapj\u00e1n<\/strong>. <\/p>\n<p>A MoverDB.com t\u00f6bbf\u00e9le adatot dolgoz fel t\u00f6bbf\u00e9le c\u00e9lb\u00f3l, t\u00f6bb harmadik f\u00e9l partner \u00e9s platform seg\u00edts\u00e9g\u00e9vel.<\/p>\n<p><strong>Akt\u00edv adatfeldolgoz\u00e1si tev\u00e9kenys\u00e9gek <\/strong><\/p>\n<p>Els\u0151dleges adatfeldolgoz\u00e1si tev\u00e9kenys\u00e9g\u00fcnk az, hogy ingyenes, k\u00f6telezetts\u00e9g n\u00e9lk\u00fcli \u00e1raj\u00e1nlat-szolg\u00e1ltat\u00e1ssal seg\u00edt\u00fcnk az embereknek nemzetk\u00f6zi k\u00f6lt\u00f6z\u00e9sre vonatkoz\u00f3 \u00e1raj\u00e1nlatok beszerz\u00e9s\u00e9ben. Ezt a szolg\u00e1ltat\u00e1st mag\u00e1nszem\u00e9lyek az EU-n bel\u00fcl \u00e9s k\u00edv\u00fcl egyar\u00e1nt ig\u00e9nybe vehetik.<\/p>\n<p>Felh\u00edvjuk figyelm\u00e9t, hogy a MoverDB.com nem szolg\u00e1ltat saj\u00e1t maga \u00e1raj\u00e1nlatokat, hanem egy\u00fcttm\u0171k\u00f6dik a k\u00f6vetkez\u0151 partnerekkel <a href=\"https:\/\/moverdb.com\/hu\/international-removals\/\" data-internallinksmanager029f6b8e52c=\"27\" title=\"36 legjobb nemzetk\u00f6zi k\u00f6lt\u00f6ztet\u0151 c\u00e9gek az Egyes\u00fclt Kir\u00e1lys\u00e1gban\">Nemzetk\u00f6zi k\u00f6lt\u00f6ztet\u00e9s<\/a> Direct, a TriGlobal B.V. \u00e9s a MyMovingLoads, hogy aj\u00e1nlatokat adjanak. Mindegyik\u00fck viszont k\u00f6zvetlen\u00fcl a saj\u00e1t k\u00e9szlet\u00fckkel dolgozik. <a href=\"https:\/\/moverdb.com\/hu\/moving-companies\/\" data-internallinksmanager029f6b8e52c=\"79\" title=\"Top 25 nemzetk\u00f6zi k\u00f6lt\u00f6ztet\u0151 c\u00e9gek online\">k\u00f6lt\u00f6ztet\u0151 c\u00e9gek<\/a>. <\/p>\n<p>Ez\u00e9rt egyszerre j\u00e1runk el adatkezel\u0151k\u00e9nt (mivel mi k\u00fcld\u00fcnk nekik adatokat) \u00e9s adatfeldolgoz\u00f3k\u00e9nt (mivel \u0151k t\u00e1j\u00e9koztatj\u00e1k \u0151ket arr\u00f3l, hogy milyen adatokra van sz\u00fcks\u00e9g\u00fck, \u00e9s \u0151k d\u00f6ntenek arr\u00f3l, hogyan dolgozz\u00e1k fel azokat). Minden adat, amelyet a nev\u00fckben gy\u0171jt\u00fcnk, arra szolg\u00e1l, hogy seg\u00edtsen kisz\u0171rni az \u00d6n sz\u00e1m\u00e1ra megfelel\u0151 szolg\u00e1ltat\u00f3kat. Ha nem szeretne bizonyos adatokat megosztani, akkor ezt szabadon megteheti, \u00e9s tov\u00e1bbra is megtal\u00e1lja a generikus <a href=\"https:\/\/moverdb.com\/hu\/kontenerszallitas\/\">\u00e1rinform\u00e1ci\u00f3 itt<\/a>.<\/p>\n<p>Az, hogy melyik c\u00e9ggel foglalkozik az adatai feldolgoz\u00e1s\u00e1nak m\u00f3dj\u00e1r\u00f3l, att\u00f3l f\u00fcgg, hogy melyik form\u00e1t haszn\u00e1lja, \u00e9s hogy honnan mozog.  <\/p>\n<p><strong>F\u0151 \u0171rlap (az oldal tetej\u00e9n)<\/strong><\/p>\n<p>A f\u0151 \u0171rlapunk \u00edgy n\u00e9z ki:<\/p>\n<p><img loading=\"lazy\" decoding=\"async\" width=\"833\" height=\"365\" src=\"https:\/\/moverdb.com\/wp-content\/uploads\/Top-page-form.png\" alt=\"\" class=\"aligncenter size-full wp-image-3236\" srcset=\"https:\/\/moverdb.com\/wp-content\/uploads\/Top-page-form.png 833w, https:\/\/moverdb.com\/wp-content\/uploads\/Top-page-form-300x131.png 300w\" sizes=\"auto, (max-width: 833px) 100vw, 833px\" \/><\/p>\n<p>Mi magunk gy\u0171jtj\u00fck \u00f6ssze az adatokat err\u0151l az \u0171rlapr\u00f3l, \u00e9s ezut\u00e1n d\u00f6nt\u00fcnk arr\u00f3l, hogy hov\u00e1 k\u00fcldj\u00fck el azokat.  <\/p>\n<p>Az al\u00e1bbiakban ismertetj\u00fck az \u00f6sszegy\u0171jt\u00f6tt adatokat \u00e9s az adatgy\u0171jt\u00e9s ok\u00e1t:<\/p>\n<ul>\n<li> Hov\u00e1 k\u00f6lt\u00f6zik: Ez seg\u00edt pontos \u00e1raj\u00e1nlatokat kapni, \u00e9s megsz\u0171ri a potenci\u00e1lis k\u00f6lt\u00f6ztet\u0151 c\u00e9geket.<\/li>\n<li> Jelenlegi c\u00edm\/ir\u00e1ny\u00edt\u00f3sz\u00e1m\/ir\u00e1ny\u00edt\u00f3sz\u00e1m\/v\u00e1ros\/orsz\u00e1g: Ez seg\u00edt a pontos \u00e1raj\u00e1nlatok beszerz\u00e9s\u00e9ben \u00e9s a potenci\u00e1lis k\u00f6lt\u00f6ztet\u0151 c\u00e9gek sz\u0171r\u00e9s\u00e9ben.<\/li>\n<li> Milyen v\u00e1rosba k\u00f6lt\u00f6zik: Ez seg\u00edt pontos \u00e1raj\u00e1nlatokat kapni, \u00e9s megsz\u0171ri a potenci\u00e1lis k\u00f6lt\u00f6ztet\u0151 c\u00e9geket.<\/li>\n<li> A k\u00f6lt\u00f6z\u00e9s becs\u00fclt m\u00e9rete: Ez seg\u00edt pontos \u00e1raj\u00e1nlatokat kapni \u00e9s kisz\u0171rni a potenci\u00e1lis k\u00f6lt\u00f6ztet\u0151 c\u00e9geket.<\/li>\n<li> Sz\u00e1ll\u00edtand\u00f3 t\u00e9telek: Ez seg\u00edt pontos \u00e1raj\u00e1nlatokat kapni, kisz\u0171ri a potenci\u00e1lis k\u00f6lt\u00f6ztet\u0151 c\u00e9geket, \u00e9s biztos\u00edtja, hogy nem pr\u00f3b\u00e1l meg illeg\u00e1lis dolgokat sz\u00e1ll\u00edtani.<\/li>\n<li> Becs\u00fclt k\u00f6lt\u00f6z\u00e9si d\u00e1tum: Ez seg\u00edt pontos \u00e1raj\u00e1nlatokat kapni, \u00e9s vegye figyelembe, hogy a legt\u00f6bb c\u00e9g nem tud \u00e1raj\u00e1nlatot adni 3 h\u00f3napn\u00e1l hosszabb id\u0151re el\u0151re.<\/li>\n<li> Az \u00d6n neve: \u00cdgy a v\u00e1llalatok tudj\u00e1k, hogy kivel van dolguk.<\/li>\n<li> Az \u00d6n e-mail c\u00edme: Ahol az \u00e1raj\u00e1nlatok elk\u00fcldhet\u0151k, \u00e9s ahol kapcsolatba l\u00e9phet\u00fcnk \u00d6nnel a k\u00e9r\u00e9s\u00e9vel kapcsolatban.<\/li>\n<li> Az \u00d6n telefonsz\u00e1ma: Telefonsz\u00e1m: Sz\u00fcks\u00e9ges, hogy a v\u00e1llalatok kapcsolatba l\u00e9phessenek \u00d6nnel az \u00e1raj\u00e1nlat\u00e1val kapcsolatban.<\/li>\n<\/ul>\n<p>Miut\u00e1n az \u00f6sszes adatot megadta, \u00e9s elk\u00fcldte az \u0171rlapot, a k\u00f6vetkez\u0151 l\u00e9p\u00e9sek k\u00f6vetkeznek:<\/p>\n<ul>\n<li> Meg fogja l\u00e1tni a k\u00f6sz\u00f6n\u0151 \u00fczenet\u00fcnket, amely egy eszk\u00f6zt is tartalmaz a <a href=\"https:\/\/moverdb.com\/hu\/international-money-transfer-services\/currencies-direct-review\/\" data-internallinksmanager029f6b8e52c=\"237\" title=\"Currencies Direct Nemzetk\u00f6zi P\u00e9nz\u00e1tutal\u00e1s fel\u00fclvizsg\u00e1lata 2023\">Currencies Direct<\/a> amely seg\u00edthet kital\u00e1lni, hogyan kell deviz\u00e1t v\u00e1ltani.<\/li>\n<li> Az \u0171rlap adatait ezut\u00e1n egy biztons\u00e1gos SSL webhookon kereszt\u00fcl elk\u00fcldi a Zapier.com-nak, amely seg\u00edt a k\u00f6vetkez\u0151kben <a href=\"https:\/\/moverdb.com\/hu\/moving-to-the-united-states\/\" data-internallinksmanager029f6b8e52c=\"94\" title=\"Az Egyes\u00fclt \u00c1llamokba k\u00f6lt\u00f6zik? 2022 Meg\u00e9lhet\u00e9si k\u00f6lts\u00e9gek \u00e9s k\u00f6lt\u00f6z\u00e9si tippek\">us<\/a> az adatok feldolgoz\u00e1sa az \u00fagynevezett Zap seg\u00edts\u00e9g\u00e9vel.<\/li>\n<li> Miut\u00e1n az adatokat a Zapier.com megkapta, a Zap megsz\u0171ri az \u00f6sszes \u00f6sszegy\u0171jt\u00f6tt adatot, hogy vagy a International Removals Direct (a k\u00f6lt\u00f6zk\u00f6d\u00e9s a <a href=\"https:\/\/moverdb.com\/hu\/moving-to-the-uk\/\" data-internallinksmanager029f6b8e52c=\"93\" title=\"Az Egyes\u00fclt Kir\u00e1lys\u00e1gba k\u00f6lt\u00f6zik? 2022 Meg\u00e9lhet\u00e9si k\u00f6lts\u00e9gek \u00e9s k\u00f6lt\u00f6z\u00e9si tippek\">UK<\/a>) vagy a TriGlobal B.V. (a vil\u00e1g b\u00e1rmely m\u00e1s pontj\u00e1r\u00f3l) egy biztons\u00e1gos SSL webhookon kereszt\u00fcl. Ezut\u00e1n ellen\u0151rzik az \u00d6n adatait, majd elk\u00fcldik az \u00d6n k\u00e9r\u00e9s\u00e9t legfeljebb 6 megfelel\u0151 k\u00f6lt\u00f6ztet\u0151 c\u00e9gnek, amelyek viszont telefonon \u00e9s\/vagy e-mailben felvehetik \u00d6nnel a kapcsolatot. \u00d6n nem k\u00f6telezhet\u0151 arra, hogy b\u00e1rmit is v\u00e1s\u00e1roljon, \u00e9s t\u00e1j\u00e9koztathatja \u0151ket, hogy nem szeretn\u00e9 folytatni a folyamatot. Ezenk\u00edv\u00fcl k\u00e9rheti, hogy t\u00f6r\u00f6lj\u00fck a k\u00e9r\u00e9s\u00e9t, ha haszn\u00e1lja a <a href=\"https:\/\/moverdb.com\/hu\/contact-us\/\">kapcsolatfelv\u00e9teli \u0171rlap<\/a>.<\/li>\n<li> Az adatok elk\u00fcld\u00e9se ut\u00e1n a Zap a Zapier integr\u00e1ci\u00f3n kereszt\u00fcl elk\u00fcldi az \u0171rlapon megadott e-mail c\u00edmet a Mailchimpnek. Ez ezut\u00e1n egy automatikus e-mailt ind\u00edt, amely meger\u0151s\u00edti a k\u00e9r\u00e9st, \u00e9s ism\u00e9t elmagyar\u00e1zza, hogy mire sz\u00e1m\u00edthat. Ezut\u00e1n 1 nyomon k\u00f6vet\u0151 e-mailt k\u00fcld kb. 5 nappal a k\u00e9r\u00e9se ut\u00e1n, amelyben tov\u00e1bbi inform\u00e1ci\u00f3kat ad a p\u00e9nz tengerent\u00fali mozgat\u00e1s\u00e1r\u00f3l az \u00e1ruval egy\u00fctt. Ezt az\u00e9rt k\u00fcldj\u00fck, mert azt tapasztaltuk, hogy sokan \u00f6ssze vannak zavarodva a k\u00fcl\u00f6nb\u00f6z\u0151 lehet\u0151s\u00e9geikkel kapcsolatban, amikor a tengerent\u00fali p\u00e9nzk\u00fcld\u00e9sr\u0151l van sz\u00f3. K\u00f6nnyed\u00e9n leiratkozhat az \u00f6sszes e-mailr\u0151l, ha az egyes e-mailek tetej\u00e9n vagy alj\u00e1n tal\u00e1lhat\u00f3 leiratkoz\u00e1si linkre kattint, amely minden j\u00f6v\u0151beli e-mailt t\u00f6r\u00f6l. Emellett \u00e9vente legal\u00e1bb egyszer rutinszer\u0171en t\u00f6r\u00f6lj\u00fck az e-maileket.<\/li>\n<li> Ebben a szakaszban a Zap befejez\u0151dik, \u00e9s a Zapier 90 napon bel\u00fcl automatikusan t\u00f6rli az \u00f6sszes adatot. Ez id\u0151t ad nek\u00fcnk, hogy seg\u00edts\u00fcnk rendezni az esetleges probl\u00e9m\u00e1kat, de azt jelenti, hogy az adatokat nem t\u00e1roljuk tov\u00e1bb a sz\u00fcks\u00e9gesn\u00e9l.<\/li>\n<li> E-mail c\u00edm\u00e9t (\u00e9s semmi m\u00e1st) legfeljebb 1 \u00e9vig meg\u0151rizz\u00fck a Mailchimp seg\u00edts\u00e9g\u00e9vel.<\/li>\n<li> A International Removals Direct \u00e9s a TriGlobal B.V. addig \u0151rzi meg az inform\u00e1ci\u00f3kat, ameddig a bels\u0151 szab\u00e1lyzatuk indokolja. Ha b\u00e1rmilyen agg\u00e1lya van az \u00e1ltaluk t\u00e1rolt adatokkal kapcsolatban, k\u00e9rj\u00fck, l\u00e9pjen kapcsolatba vel\u00fcnk, \u00e9s mi mindent megtesz\u00fcnk, hogy seg\u00edts\u00fcnk.<\/li>\n<\/ul>\n<p><strong>#1 m\u00e1sodlagos nyomtatv\u00e1ny (az oldal k\u00f6zepe)<\/strong><\/p>\n<p>Az #1 m\u00e1sodlagos form\u00e1nk \u00edgy n\u00e9z ki.<\/p>\n<p><img loading=\"lazy\" decoding=\"async\" width=\"907\" height=\"512\" src=\"https:\/\/moverdb.com\/wp-content\/uploads\/bottom-page-form.png\" alt=\"\" class=\"aligncenter size-full wp-image-3235\" srcset=\"https:\/\/moverdb.com\/wp-content\/uploads\/bottom-page-form.png 907w, https:\/\/moverdb.com\/wp-content\/uploads\/bottom-page-form-300x169.png 300w\" sizes=\"auto, (max-width: 907px) 100vw, 907px\" \/><\/p>\n<p>Ezt az \u0171rlapot a MyMovingLoads biztos\u00edtja, \u00e9s mi nem ellen\u0151rizz\u00fck, hogy azt hogyan k\u00fcldik vagy dolgozz\u00e1k fel. <\/p>\n<p>Itt vannak az \u00e1ltaluk gy\u0171jt\u00f6tt adatok:<\/p>\n<ul>\n<li> Sz\u00e1rmaz\u00e1si orsz\u00e1g\/v\u00e1ros \u00e9s sz\u00e1ll\u00edt\u00e1si orsz\u00e1g \u00e9s sz\u00e1ll\u00edt\u00e1si v\u00e1ros: Ez seg\u00edt a pontos \u00e1raj\u00e1nlatok beszerz\u00e9s\u00e9ben \u00e9s a potenci\u00e1lis k\u00f6lt\u00f6ztet\u0151 c\u00e9gek sz\u0171r\u00e9s\u00e9ben.<\/li>\n<li> K\u00f6lt\u00f6z\u00e9s id\u0151pontja: Ez seg\u00edt pontos \u00e1raj\u00e1nlatokat kapni, \u00e9s vegye figyelembe, hogy a legt\u00f6bb c\u00e9g nem tud \u00e1raj\u00e1nlatot adni 3 h\u00f3napn\u00e1l hosszabb id\u0151re el\u0151re.<\/li>\n<li> V\u00e1lassza ki az otthon m\u00e9ret\u00e9t: Ez seg\u00edt a pontos \u00e1raj\u00e1nlatok beszerz\u00e9s\u00e9ben \u00e9s a potenci\u00e1lis k\u00f6lt\u00f6ztet\u0151 c\u00e9gek sz\u0171r\u00e9s\u00e9ben.<<\/li>\n<li> Kereszt- \u00e9s vezet\u00e9kn\u00e9v: \u00cdgy a v\u00e1llalatok tudj\u00e1k, hogy kivel \u00e1llnak kapcsolatban.<\/li>\n<li> A telefonod: Telefon: Sz\u00fcks\u00e9ges, hogy a v\u00e1llalatok kapcsolatba l\u00e9phessenek \u00d6nnel az \u00e1raj\u00e1nlat\u00e1val kapcsolatban.<\/li>\n<li> Az \u00d6n e-mail c\u00edme: Ahol az \u00e1raj\u00e1nlatok elk\u00fcldhet\u0151k, \u00e9s ahol kapcsolatba l\u00e9phet\u00fcnk \u00d6nnel a k\u00e9r\u00e9s\u00e9vel kapcsolatban.<\/li>\n<\/ul>\n<p>Miut\u00e1n az \u00f6sszes adatot megadta, \u00e9s elk\u00fcldte az \u0171rlapot, a k\u00f6vetkez\u0151 l\u00e9p\u00e9sek k\u00f6vetkeznek:<\/p>\n<ul>\n<li> Egy k\u00f6sz\u00f6n\u0151 \u00fczenetet fog l\u00e1tni.<\/li>\n<li> Az adatokat elk\u00fcldj\u00fck a MyMovingLoads-nak, amely a szolg\u00e1ltat\u00e1si felt\u00e9teleiknek megfelel\u0151en dolgozza fel azokat, amelyeket az \u0171rlap elk\u00fcld\u00e9sekor el kell fogadnia.<\/li>\n<\/ul>\n<p><strong>#2 m\u00e1sodlagos nyomtatv\u00e1ny (az oldal alj\u00e1n)<\/strong><\/p>\n<p>Az #2 m\u00e1sodlagos form\u00e1nk \u00edgy n\u00e9z ki:<\/p>\n<p><img loading=\"lazy\" decoding=\"async\" src=\"https:\/\/moverdb.com\/wp-content\/uploads\/Triglobal-form.png\" alt=\"\" width=\"597\" height=\"795\" class=\"aligncenter size-full wp-image-3269\" srcset=\"https:\/\/moverdb.com\/wp-content\/uploads\/Triglobal-form.png 597w, https:\/\/moverdb.com\/wp-content\/uploads\/Triglobal-form-225x300.png 225w\" sizes=\"auto, (max-width: 597px) 100vw, 597px\" \/><\/p>\n<p>Ezt az \u0171rlapot a TriGlobal B.V. biztos\u00edtja, \u00e9s mi nem ellen\u0151rizz\u00fck, hogy azt hogyan k\u00fcldik vagy dolgozz\u00e1k fel.<\/p>\n<p>Itt vannak az \u00e1ltaluk gy\u0171jt\u00f6tt adatok:<\/p>\n<ul>\n<li> A jelenlegi \u00e9s a sz\u00e1ll\u00edt\u00e1si c\u00edmhez kapcsol\u00f3d\u00f3 adatok (utca, ir\u00e1ny\u00edt\u00f3sz\u00e1m, v\u00e1ros \u00e9s orsz\u00e1g): Ez seg\u00edt a pontos \u00e1raj\u00e1nlatok beszerz\u00e9s\u00e9ben \u00e9s a potenci\u00e1lis k\u00f6lt\u00f6ztet\u0151 c\u00e9gek sz\u0171r\u00e9s\u00e9ben.<\/li>\n<li> Mozg\u00f3 m\u00e9ret: A seg\u00edt pontos \u00e1raj\u00e1nlatokat gener\u00e1lni<\/li>\n<li> K\u00f6lt\u00f6z\u00e9s id\u0151pontja: Ez seg\u00edt pontos \u00e1raj\u00e1nlatokat kapni, \u00e9s vegye figyelembe, hogy a legt\u00f6bb c\u00e9g nem tud \u00e1raj\u00e1nlatot adni 3 h\u00f3napn\u00e1l hosszabb id\u0151re el\u0151re.<\/li>\n<li> Becs\u00fclt t\u00e9rfogat ft3-ban (opcion\u00e1lis): Seg\u00edt pontosabb \u00e1raj\u00e1nlatot k\u00e9sz\u00edteni.<\/li>\n<li> Csomagol\u00e1s\/\u00f6sszeszerel\u00e9s (opcion\u00e1lis): Seg\u00edt pontosabb \u00e1raj\u00e1nlatot adni.<\/li>\n<li> Megjegyz\u00e9sek (nem k\u00f6telez\u0151): Itt adhat hozz\u00e1 k\u00fcl\u00f6nleges k\u00e9r\u00e9seket, k\u00e9rd\u00e9seket stb.<\/li>\n<li> A k\u00f6lt\u00f6z\u00e9s t\u00edpusa: Ez seg\u00edt elk\u00fcldeni az \u00e1raj\u00e1nlat\u00e1t a k\u00f6lt\u00f6ztet\u0151 c\u00e9gek megfelel\u0151 r\u00e9szleg\u00e9nek.<\/li>\n<li> Kereszt- \u00e9s csal\u00e1di nevek: \u00cdgy a v\u00e1llalatok tudj\u00e1k, hogy kivel \u00e1llnak kapcsolatban.<\/li>\n<li> Telefonsz\u00e1m: #1: Az\u00e9rt sz\u00fcks\u00e9ges, hogy a v\u00e1llalatok kapcsolatba l\u00e9phessenek \u00d6nnel az \u00e1raj\u00e1nlat\u00e1val kapcsolatban.<\/li>\n<li> E-mail: Ahol az \u00e1raj\u00e1nlatok elk\u00fcldhet\u0151k, \u00e9s ahol kapcsolatba l\u00e9phet\u00fcnk \u00d6nnel a k\u00e9r\u00e9s\u00e9vel kapcsolatban.<\/li>\n<\/ul>\n<p>Miut\u00e1n az \u00f6sszes adatot megadta, \u00e9s elk\u00fcldte az \u0171rlapot, a k\u00f6vetkez\u0151 l\u00e9p\u00e9sek k\u00f6vetkeznek:<\/p>\n<ul>\n<li> Egy k\u00f6sz\u00f6n\u0151 \u00fczenetet fog l\u00e1tni.<\/li>\n<li> Az adatokat a TriGlobal B.V. r\u00e9sz\u00e9re tov\u00e1bb\u00edtjuk, amely a szolg\u00e1ltat\u00e1si felt\u00e9teleinek megfelel\u0151en feldolgozza azokat.<\/li>\n<\/ul>\n<p><strong>Passz\u00edv adatfeldolgoz\u00e1si tev\u00e9kenys\u00e9gek <\/strong><\/p>\n<p>A k\u00f6vetkez\u0151 harmadik f\u00e9lt\u0151l sz\u00e1rmaz\u00f3 eszk\u00f6z\u00f6ket haszn\u00e1ljuk, hogy seg\u00edtsenek nek\u00fcnk egy haszn\u00e1lhat\u00f3 weboldal m\u0171k\u00f6dtet\u00e9s\u00e9ben. Ezek nem osztanak meg vel\u00fcnk semmilyen szem\u00e9lyes adatot \u00d6nr\u0151l, de ett\u0151l f\u00fcggetlen\u00fcl gy\u0171jthetnek \u00d6nr\u0151l \u00e9s\/vagy az \u00d6n sz\u00e1m\u00edt\u00f3g\u00e9p\u00e9r\u0151l olyan inform\u00e1ci\u00f3kat, amelyek szem\u00e9lyes adatoknak tekinthet\u0151k.<\/p>\n<p>Az al\u00e1bbiakban ismertetj\u00fck, hogy mire haszn\u00e1ljuk \u0151ket, \u00e9s hol tudhat meg t\u00f6bbet arr\u00f3l, hogyan gy\u0171jthetnek \u00e9s haszn\u00e1lhatnak fel szem\u00e9lyes adatokat:<\/p>\n<p><strong>Google Analytics:<\/strong> Ezt arra haszn\u00e1ljuk, hogy \u00f6sszes\u00edtve nyomon k\u00f6vess\u00fck, hogyan haszn\u00e1lj\u00e1k az emberek a weboldalunkat. Nem haszn\u00e1ljuk az egy\u00e9ni felhaszn\u00e1l\u00f3k nyomon k\u00f6vet\u00e9s\u00e9re. Itt vannak a jelenleg haszn\u00e1lt legfontosabb be\u00e1ll\u00edt\u00e1sok:<\/p>\n<ul>\n<li>Remarketing: OFF<\/li>\n<li>Rekl\u00e1mjelent\u00e9si funkci\u00f3k: OFF<\/li>\n<li>Felhaszn\u00e1l\u00f3i \u00e9s esem\u00e9nyadatok meg\u0151rz\u00e9se: (a legr\u00f6videbb felk\u00edn\u00e1lt opci\u00f3).<\/li>\n<li>\u00daj tev\u00e9kenys\u00e9g eset\u00e9n vissza\u00e1ll\u00edt\u00e1s: ON<\/li>\n<li>Felhaszn\u00e1l\u00f3i azonos\u00edt\u00f3: OFF<\/li>\n<li>Elfogadott GDPR-adatfeldolgoz\u00e1si m\u00f3dos\u00edt\u00e1s<\/li>\n<\/ul>\n<p>A Google jelenleg egy Analytics opt-out lehet\u0151s\u00e9get k\u00edn\u00e1l <a href=\"https:\/\/support.google.com\/analytics\/answer\/181881?hl=en\" rel=\"noopener\" target=\"_blank\">itt<\/a> vagy haszn\u00e1lhat egy harmadik f\u00e9lt\u0151l sz\u00e1rmaz\u00f3 eszk\u00f6zt, mint p\u00e9ld\u00e1ul a <a href=\"https:\/\/www.ghostery.com\/\" rel=\"noopener\" target=\"_blank\">Ghostery<\/a>.<\/p>\n<p><strong>Facebook Social Graph:<\/strong> Ezt arra haszn\u00e1ljuk, hogy megk\u00f6nny\u00edts\u00fck a weboldalunk \u00e9s a blogunk tartalm\u00e1nak megoszt\u00e1s\u00e1t a Facebookon, \u00e9s hogy az emberek l\u00e1thass\u00e1k, milyen gyakran apr\u00edtott\u00e1k a tartalmat. Nem haszn\u00e1ljuk remarketingre vagy retargetingre. L\u00e1sd a Facebook <a href=\"https:\/\/www.facebook.com\/help\/1701730696756992\/?helpref=hc_fnav\" rel=\"noopener\" target=\"_blank\">Adatok oldal<\/a> tov\u00e1bbi inform\u00e1ci\u00f3k\u00e9rt arr\u00f3l, hogyan haszn\u00e1lj\u00e1k fel az \u00d6n adatait.<\/p>\n<p><strong>K\u00f6z\u00f6ss\u00e9gi m\u00e9dia megoszt\u00e1s:<\/strong> A Facebook Social Graph mellett G+, Twitter \u00e9s LinkedIn megoszt\u00f3 gombokat is elhelyezt\u00fcnk az oldalunkon, hogy megk\u00f6nny\u00edts\u00fck a tartalmak megoszt\u00e1s\u00e1t ezeken a platformokon. L\u00e1thatja <a href=\"https:\/\/policies.google.com\/privacy\" rel=\"noopener\" target=\"_blank\">G+ adatv\u00e9delmi szab\u00e1lyzat itt<\/a>, Twitter <a href=\"https:\/\/twitter.com\/en\/privacy\" rel=\"noopener\" target=\"_blank\">Adatv\u00e9delmi ir\u00e1nyelvek<\/a> itt \u00e9s <a href=\"https:\/\/www.linkedin.com\/legal\/privacy-policy\" rel=\"noopener\" target=\"_blank\">A LinkedIn adatv\u00e9delmi ir\u00e1nyelvei itt<\/a>.<\/p>\n<p><strong>K\u00fcls\u0151 \/ affiliate linkek:<\/strong> N\u00e9ha a k\u00fcls\u0151 linkeket a Google Analytics \u00e9s\/vagy harmadik f\u00e9l affiliate nyomk\u00f6vet\u0151 platformok seg\u00edts\u00e9g\u00e9vel k\u00f6vetj\u00fck nyomon. B\u00e1rmilyen nyomon k\u00f6vet\u00e9s csak akkor t\u00f6rt\u00e9nik, ha \u00d6n egy k\u00fcls\u0151 linkre kattint. Minden olyan oldal alj\u00e1n, ahol ez el\u0151fordul, k\u00f6zz\u00e9tessz\u00fck, hogy mely linkek affiliate linkek, de ha agg\u00f3dik emiatt, a legegyszer\u0171bb megold\u00e1s, ha nem kattint a weboldalunkon tal\u00e1lhat\u00f3 k\u00fcls\u0151 linkekre.<\/p>\n<p><strong>Webhosting:<\/strong> A StudioPress Sites-t haszn\u00e1ljuk a weboldalunk \u00fczemeltet\u00e9s\u00e9hez. A legt\u00f6bb t\u00e1rhelyszolg\u00e1ltat\u00f3 c\u00e9ghez hasonl\u00f3an \u0151k is vezetik a weboldal napl\u00f3it, b\u00e1r mi nem f\u00e9r\u00fcnk hozz\u00e1 k\u00f6zvetlen\u00fcl. T\u00f6bbet megtudhat az esetlegesen n\u00e1luk t\u00e1rolt adatokr\u00f3l a <a href=\"https:\/\/www.studiopress.com\/privacy-policy\/\" rel=\"noopener\" target=\"_blank\">adatv\u00e9delmi politika<\/a>.<\/p>","protected":false},"excerpt":{"rendered":"<p>This Data Processing Policy explains in plain English how MoverDB.com processes data so you can make an informed choice about whether or not you&#8217;d like to use our services. We&#8217;ve created it as a response to GDPR. It is a plain English, detailed, addition to our Privacy Policy and Terms and Conditions. MoverDB.com is a [&hellip;]<\/p>\n","protected":false},"author":1,"featured_media":0,"parent":0,"menu_order":0,"comment_status":"closed","ping_status":"closed","template":"","meta":{"_genesis_hide_title":false,"_genesis_hide_breadcrumbs":false,"_genesis_hide_singular_image":false,"_genesis_hide_footer_widgets":false,"_genesis_custom_body_class":"","_genesis_custom_post_class":"","_genesis_layout":"","footnotes":""},"class_list":{"0":"post-2804","1":"page","2":"type-page","3":"status-publish","5":"entry","6":"has-post-thumbnail"},"_links":{"self":[{"href":"https:\/\/moverdb.com\/hu\/wp-json\/wp\/v2\/pages\/2804","targetHints":{"allow":["GET"]}}],"collection":[{"href":"https:\/\/moverdb.com\/hu\/wp-json\/wp\/v2\/pages"}],"about":[{"href":"https:\/\/moverdb.com\/hu\/wp-json\/wp\/v2\/types\/page"}],"author":[{"embeddable":true,"href":"https:\/\/moverdb.com\/hu\/wp-json\/wp\/v2\/users\/1"}],"replies":[{"embeddable":true,"href":"https:\/\/moverdb.com\/hu\/wp-json\/wp\/v2\/comments?post=2804"}],"version-history":[{"count":16,"href":"https:\/\/moverdb.com\/hu\/wp-json\/wp\/v2\/pages\/2804\/revisions"}],"predecessor-version":[{"id":3270,"href":"https:\/\/moverdb.com\/hu\/wp-json\/wp\/v2\/pages\/2804\/revisions\/3270"}],"wp:attachment":[{"href":"https:\/\/moverdb.com\/hu\/wp-json\/wp\/v2\/media?parent=2804"}],"curies":[{"name":"wp","href":"https:\/\/api.w.org\/{rel}","templated":true}]}}