{"id":2752,"date":"2017-05-09T16:25:21","date_gmt":"2017-05-09T16:25:21","guid":{"rendered":"https:\/\/moverdb.com\/?page_id=2752"},"modified":"2026-01-08T14:47:12","modified_gmt":"2026-01-08T14:47:12","slug":"autoszallitas-szallitas-szallitas","status":"publish","type":"page","link":"https:\/\/moverdb.com\/hu\/car-transport-shipping\/","title":{"rendered":"2026 Nemzetk\u00f6zi aut\u00f3sz\u00e1ll\u00edt\u00e1s \u00e9s j\u00e1rm\u0171sz\u00e1ll\u00edt\u00e1s \u00e1raj\u00e1nlatok"},"content":{"rendered":"<p>Nemzetk\u00f6zi aut\u00f3sz\u00e1ll\u00edt\u00e1st vagy j\u00e1rm\u0171sz\u00e1ll\u00edt\u00e1st keres, de nem tudja, hol kezdje? Seg\u00edt\u00fcnk \u00d6nnek a c\u00e9gekt\u0151l kezdve a k\u00f6lts\u00e9geken \u00e1t az \u00e1raj\u00e1nlatokig mindenben. <\/p>\n<p>A fenti aj\u00e1nlatk\u00e9r\u0151 \u0171rlap seg\u00edts\u00e9g\u00e9vel azonnal elkezdheti, vagy tov\u00e1bbi inform\u00e1ci\u00f3k\u00e9rt olvassa el az al\u00e1bbi \u00fatmutat\u00f3t.<\/p>\n<p><img loading=\"lazy\" decoding=\"async\" width=\"720\" height=\"480\" src=\"https:\/\/moverdb.com\/wp-content\/uploads\/car-transport-shipping.jpg\" alt=\"2019 Nemzetk\u00f6zi aut\u00f3sz\u00e1ll\u00edt\u00e1s \u00e9s j\u00e1rm\u0171sz\u00e1ll\u00edt\u00e1s \u00e1raj\u00e1nlatok\" class=\"aligncenter size-full wp-image-2753\" srcset=\"https:\/\/moverdb.com\/wp-content\/uploads\/car-transport-shipping.jpg 720w, https:\/\/moverdb.com\/wp-content\/uploads\/car-transport-shipping-300x200.jpg 300w, https:\/\/moverdb.com\/wp-content\/uploads\/car-transport-shipping-600x400.jpg 600w\" sizes=\"auto, (max-width: 720px) 100vw, 720px\" \/><\/p>\n<div id=\"ez-toc-container\" class=\"ez-toc-v2_0_82_2 ez-toc-wrap-left counter-hierarchy ez-toc-counter ez-toc-transparent ez-toc-container-direction\">\n<div class=\"ez-toc-title-container\">\n<p class=\"ez-toc-title\" style=\"cursor:inherit\">Szakaszok<\/p>\n<span class=\"ez-toc-title-toggle\"><a href=\"#\" class=\"ez-toc-pull-right ez-toc-btn ez-toc-btn-xs ez-toc-btn-default ez-toc-toggle\" aria-label=\"Toggle Tartalomjegyz\u00e9k\"><span class=\"ez-toc-js-icon-con\"><span class=\"\"><span class=\"eztoc-hide\" style=\"display:none;\">Toggle<\/span><span class=\"ez-toc-icon-toggle-span\"><svg style=\"fill: #999;color:#999\" xmlns=\"http:\/\/www.w3.org\/2000\/svg\" class=\"list-377408\" width=\"20px\" height=\"20px\" viewbox=\"0 0 24 24\" fill=\"none\"><path d=\"M6 6H4v2h2V6zm14 0H8v2h12V6zM4 11h2v2H4v-2zm16 0H8v2h12v-2zM4 16h2v2H4v-2zm16 0H8v2h12v-2z\" fill=\"currentColor\"><\/path><\/svg><svg style=\"fill: #999;color:#999\" class=\"arrow-unsorted-368013\" xmlns=\"http:\/\/www.w3.org\/2000\/svg\" width=\"10px\" height=\"10px\" viewbox=\"0 0 24 24\" version=\"1.2\" baseprofile=\"tiny\"><path d=\"M18.2 9.3l-6.2-6.3-6.2 6.3c-.2.2-.3.4-.3.7s.1.5.3.7c.2.2.4.3.7.3h11c.3 0 .5-.1.7-.3.2-.2.3-.5.3-.7s-.1-.5-.3-.7zM5.8 14.7l6.2 6.3 6.2-6.3c.2-.2.3-.5.3-.7s-.1-.5-.3-.7c-.2-.2-.4-.3-.7-.3h-11c-.3 0-.5.1-.7.3-.2.2-.3.5-.3.7s.1.5.3.7z\"\/><\/svg><\/span><\/span><\/span><\/a><\/span><\/div>\n<nav><ul class='ez-toc-list ez-toc-list-level-1 eztoc-toggle-hide-by-default' ><li class='ez-toc-page-1 ez-toc-heading-level-2'><a class=\"ez-toc-link ez-toc-heading-1\" href=\"https:\/\/moverdb.com\/hu\/car-transport-shipping\/#Auto_Transport_Companies\" >Aut\u00f3sz\u00e1ll\u00edt\u00f3 c\u00e9gek<\/a><ul class='ez-toc-list-level-3' ><li class='ez-toc-heading-level-3'><a class=\"ez-toc-link ez-toc-heading-2\" href=\"https:\/\/moverdb.com\/hu\/car-transport-shipping\/#US_Canadian_Auto_Transport_Companies\" >Amerikai \u00e9s kanadai aut\u00f3sz\u00e1ll\u00edt\u00f3 c\u00e9gek<\/a><\/li><li class='ez-toc-page-1 ez-toc-heading-level-3'><a class=\"ez-toc-link ez-toc-heading-3\" href=\"https:\/\/moverdb.com\/hu\/car-transport-shipping\/#UK_Car_Transport_Companies\" >Egyes\u00fclt Kir\u00e1lys\u00e1g Aut\u00f3sz\u00e1ll\u00edt\u00f3 c\u00e9gek<\/a><\/li><li class='ez-toc-page-1 ez-toc-heading-level-3'><a class=\"ez-toc-link ez-toc-heading-4\" href=\"https:\/\/moverdb.com\/hu\/car-transport-shipping\/#Australian_Car_Transport_Companies\" >Ausztr\u00e1l aut\u00f3sz\u00e1ll\u00edt\u00f3 c\u00e9gek<\/a><\/li><\/ul><\/li><li class='ez-toc-page-1 ez-toc-heading-level-2'><a class=\"ez-toc-link ez-toc-heading-5\" href=\"https:\/\/moverdb.com\/hu\/car-transport-shipping\/#International_Car_Transport_Costs\" >Nemzetk\u00f6zi aut\u00f3sz\u00e1ll\u00edt\u00e1s k\u00f6lts\u00e9gei<\/a><ul class='ez-toc-list-level-3' ><li class='ez-toc-heading-level-3'><a class=\"ez-toc-link ez-toc-heading-6\" href=\"https:\/\/moverdb.com\/hu\/car-transport-shipping\/#Car_Transport_Taxes\" >Aut\u00f3sz\u00e1ll\u00edt\u00e1si ad\u00f3k<\/a><\/li><\/ul><\/li><li class='ez-toc-page-1 ez-toc-heading-level-2'><a class=\"ez-toc-link ez-toc-heading-7\" href=\"https:\/\/moverdb.com\/hu\/car-transport-shipping\/#International_Vehicle_Shipping_Documentation\" >Nemzetk\u00f6zi j\u00e1rm\u0171sz\u00e1ll\u00edt\u00e1si dokument\u00e1ci\u00f3<\/a><\/li><li class='ez-toc-page-1 ez-toc-heading-level-2'><a class=\"ez-toc-link ez-toc-heading-8\" href=\"https:\/\/moverdb.com\/hu\/car-transport-shipping\/#Other_Car_Transport_Tips\" >Egy\u00e9b aut\u00f3sz\u00e1ll\u00edt\u00e1si tippek<\/a><\/li><li class='ez-toc-page-1 ez-toc-heading-level-2'><a class=\"ez-toc-link ez-toc-heading-9\" href=\"https:\/\/moverdb.com\/hu\/car-transport-shipping\/#Car_Transport_Quotes\" >Aut\u00f3sz\u00e1ll\u00edt\u00e1s \u00e1raj\u00e1nlatok<\/a><\/li><\/ul><\/nav><\/div>\n<h2><span class=\"ez-toc-section\" id=\"Auto_Transport_Companies\"><\/span>Aut\u00f3sz\u00e1ll\u00edt\u00f3 c\u00e9gek<span class=\"ez-toc-section-end\"><\/span><\/h2>\n<p>A nemzetk\u00f6zi aut\u00f3- \u00e9s g\u00e9pkocsisz\u00e1ll\u00edt\u00e1si piac rendk\u00edv\u00fcl sz\u00e9tt\u00f6redezett, t\u00f6bb sz\u00e1z, esetleg t\u00f6bb ezer kisv\u00e1llalkoz\u00e1s m\u0171k\u00f6dik vil\u00e1gszerte. Az al\u00e1bbiakban felsorolunk n\u00e9h\u00e1nyat a n\u00e9pszer\u0171bb, aut\u00f3sz\u00e1ll\u00edt\u00e1sra szakosodott c\u00e9gek k\u00f6z\u00fcl. <\/p>\n<p>Ugyanakkor mindenk\u00e9ppen aj\u00e1nlatot kell k\u00e9rnie a k\u00f6vetkez\u0151kt\u0151l is <a href=\"https:\/\/moverdb.com\/hu\/koltozteto-cegek\/\">top nemzetk\u00f6zi k\u00f6lt\u00f6ztet\u0151 c\u00e9gek<\/a> \u00e9s <a href=\"https:\/\/moverdb.com\/hu\/szallitmanyozo\/\">sz\u00e1ll\u00edtm\u00e1nyoz\u00f3k<\/a> hogy megbizonyosodjon arr\u00f3l, hogy tisztess\u00e9ges \u00fczletet k\u00f6t.<\/p>\n<p>Alternat\u00edvak\u00e9nt egyszer\u0171en menjen az oldal tetej\u00e9re, \u00e9s t\u00f6ltse ki az \u00e1raj\u00e1nlatk\u00e9r\u0151 \u0171rlapunkat, hogy gyorsan tal\u00e1ljon c\u00e9geket. <\/p>\n<h3><span class=\"ez-toc-section\" id=\"US_Canadian_Auto_Transport_Companies\"><\/span>Amerikai \u00e9s kanadai aut\u00f3sz\u00e1ll\u00edt\u00f3 c\u00e9gek<span class=\"ez-toc-section-end\"><\/span><\/h3>\n<ul>\n<li> A-1 Aut\u00f3sz\u00e1ll\u00edt\u00e1s<\/li>\n<li> Amerikai automatikus sz\u00e1ll\u00edt\u00e1s<\/li>\n<li> AmeriFreight<\/li>\n<li> C.A.R. Transport<\/li>\n<li> Megb\u00edzhat\u00f3 aut\u00f3sz\u00e1ll\u00edt\u00f3k (DAS)<\/li>\n<li> eShip<\/li>\n<li> Executive Auto Shippers<\/li>\n<li> Fisher sz\u00e1ll\u00edt\u00e1s<\/li>\n<li> A k\u00f6z\u00fati k\u00f6zleked\u00e9s kir\u00e1lya<\/li>\n<li> Montway Aut\u00f3sz\u00e1ll\u00edt\u00e1s<\/li>\n<li> Prostar Automotive Transport<\/li>\n<li> K\u00f6zvetlen aut\u00f3sz\u00e1ll\u00edt\u00e1s<\/li>\n<li> Sz\u00e1ll\u00edtsa el aut\u00f3j\u00e1t most<\/li>\n<li> Stateway Aut\u00f3sz\u00e1ll\u00edt\u00e1s<\/li>\n<li> Takar\u00e9kos aut\u00f3sz\u00e1ll\u00edt\u00e1s<\/li>\n<li> Mi fogjuk sz\u00e1ll\u00edtani<\/li>\n<\/ul>\n<h3><span class=\"ez-toc-section\" id=\"UK_Car_Transport_Companies\"><\/span>Egyes\u00fclt Kir\u00e1lys\u00e1g Aut\u00f3sz\u00e1ll\u00edt\u00f3 c\u00e9gek<span class=\"ez-toc-section-end\"><\/span><\/h3>\n<ul>\n<li> Acumen Automotive Logistics<\/li>\n<li> AutoShippers<\/li>\n<li> Aut\u00f3sz\u00e1ll\u00edt\u00e1s Quoter<\/li>\n<li> Classic Automotive Relocation Services<\/li>\n<li> Quinns aut\u00f3sz\u00e1ll\u00edt\u00e1s<\/li>\n<li> V\u00e1lt\u00e1s egy aut\u00f3ban<\/li>\n<li> White j\u00e1rm\u0171sz\u00e1ll\u00edt\u00e1sa<\/li>\n<li> Woodside Motorfreight<\/li>\n<\/ul>\n<p>N\u00e9zze meg a <a href=\"https:\/\/moverdb.com\/hu\/nemzetkozi-koltoztetes\/\">nemzetk\u00f6zi k\u00f6lt\u00f6ztet\u00e9sek<\/a> oldal.<\/p>\n<h3><span class=\"ez-toc-section\" id=\"Australian_Car_Transport_Companies\"><\/span>Ausztr\u00e1l aut\u00f3sz\u00e1ll\u00edt\u00f3 c\u00e9gek<span class=\"ez-toc-section-end\"><\/span><\/h3>\n<ul>\n<li> ACR <a href=\"https:\/\/moverdb.com\/hu\/moving-to-australia\/living-in-australia\/\" data-internallinksmanager029f6b8e52c=\"240\" title=\"21 Titkok az Ausztr\u00e1li\u00e1ban \u00e9l\u0151kr\u0151l, hogy tudd, miel\u0151tt elk\u00f6lt\u00f6z\u00f6l\">Ausztr\u00e1lia<\/a><\/li>\n<li> Ausztr\u00e1l aut\u00f3sz\u00e1ll\u00edt\u00e1s<\/li>\n<li> Auto-Logisztika<\/li>\n<li> Aut\u00f3sz\u00e1ll\u00edt\u00e1s Expressz<\/li>\n<li> Ajt\u00f3r\u00f3l ajt\u00f3ra sz\u00e1ll\u00edt\u00e1s<\/li>\n<li> CEVA Carrying<\/li>\n<li> Mozg\u00f3 aut\u00f3k<\/li>\n<li> PrixCar Transport<\/li>\n<li> SMB Ausztr\u00e1lia Aut\u00f3sz\u00e1ll\u00edt\u00e1s<\/li>\n<li> \u00datd\u00edj<\/li>\n<\/ul>\n<h2><span class=\"ez-toc-section\" id=\"International_Car_Transport_Costs\"><\/span>Nemzetk\u00f6zi aut\u00f3sz\u00e1ll\u00edt\u00e1s k\u00f6lts\u00e9gei<span class=\"ez-toc-section-end\"><\/span><\/h2>\n<p>Az aut\u00f3sz\u00e1ll\u00edt\u00e1si \u00e9s sz\u00e1ll\u00edt\u00e1si k\u00f6lts\u00e9gek nagym\u00e9rt\u00e9kben elt\u00e9rnek att\u00f3l f\u00fcgg\u0151en, hogy milyen gyorsan van sz\u00fcks\u00e9ge a j\u00e1rm\u0171v\u00e9re \u00e9s milyen sz\u00e1ll\u00edt\u00e1si m\u00f3dszerre. Tengeri sz\u00e1ll\u00edt\u00e1s eset\u00e9n egy kont\u00e9nerrel t\u00f6rt\u00e9n\u0151 sz\u00e1ll\u00edt\u00e1s eset\u00e9n a k\u00f6lts\u00e9gek ak\u00e1r n\u00e9h\u00e1ny sz\u00e1z doll\u00e1rt is el\u00e9rhetnek, de j\u00f3val t\u00f6bb mint 1 h\u00f3napig is eltarthatnak. <\/p>\n<p>M\u00e9g t\u00f6bb p\u00e9nzt takar\u00edthat meg, ha nincs sz\u00fcks\u00e9ge h\u00e1zt\u00f3l-h\u00e1zig szolg\u00e1ltat\u00e1sra, \u00e9s helyette a legk\u00f6zelebbi aut\u00f3felv\u00e9telt v\u00e1lasztja. <a href=\"https:\/\/moverdb.com\/hu\/top-49-container-ports\/\" data-internallinksmanager029f6b8e52c=\"80\" title=\"Top 49 legnagyobb \u00e9s legforgalmasabb kont\u00e9nerkik\u00f6t\u0151 2025-ben\">port<\/a> ha tengeri sz\u00e1ll\u00edt\u00e1ssal RoRo (Roll on Roll off) sz\u00e1ll\u00edtm\u00e1nyt sz\u00e1ll\u00edtanak.<\/p>\n<p>\u00datmutat\u00f3nkat elolvasva t\u00f6bbet tudhat meg: <a href=\"https:\/\/moverdb.com\/hu\/kontenerszallitas\/\">Nemzetk\u00f6zi kont\u00e9nersz\u00e1ll\u00edt\u00e1s d\u00edjai \u00e9s k\u00f6lts\u00e9gei<\/a><\/p>\n<p>Egy kontinensen bel\u00fcli mozg\u00e1sok eset\u00e9n (pl. <a href=\"https:\/\/moverdb.com\/hu\/moving-to-the-united-states\/\" data-internallinksmanager029f6b8e52c=\"94\" title=\"Az Egyes\u00fclt \u00c1llamokba k\u00f6lt\u00f6zik? 2022 Meg\u00e9lhet\u00e9si k\u00f6lts\u00e9gek \u00e9s k\u00f6lt\u00f6z\u00e9si tippek\">US<\/a> a  c\u00edmre. <a href=\"https:\/\/moverdb.com\/hu\/moving-to-canada\/\" data-internallinksmanager029f6b8e52c=\"265\" title=\"K\u00f6lt\u00f6z\u00e9s Kanad\u00e1ba? 2023 \u00c9letk\u00f6lts\u00e9gek \u00e9s k\u00f6lt\u00f6z\u00e9si tippek\">Kanada<\/a>, <a href=\"https:\/\/moverdb.com\/hu\/moving-to-the-uk\/\" data-internallinksmanager029f6b8e52c=\"93\" title=\"Az Egyes\u00fclt Kir\u00e1lys\u00e1gba k\u00f6lt\u00f6zik? 2022 Meg\u00e9lhet\u00e9si k\u00f6lts\u00e9gek \u00e9s k\u00f6lt\u00f6z\u00e9si tippek\">UK<\/a> a  c\u00edmre. <a href=\"https:\/\/moverdb.com\/hu\/moving-to-spain\/\" data-internallinksmanager029f6b8e52c=\"266\" title=\"Spanyolorsz\u00e1gba k\u00f6lt\u00f6zik? 2023 \u00c9letk\u00f6lts\u00e9gek \u00e9s k\u00f6lt\u00f6z\u00e9si tippek\">Spanyolorsz\u00e1g<\/a>stb.) felb\u00e9relhet egy aut\u00f3sz\u00e1ll\u00edt\u00f3t, hogy vigye el aut\u00f3j\u00e1t, felt\u00e9ve, hogy aut\u00f3ja m\u0171k\u00f6d\u0151k\u00e9pes \u00e1llapotban van. Ez gyakran l\u00e9nyegesen t\u00f6bbe ker\u00fcl (ak\u00e1r n\u00e9h\u00e1ny ezer doll\u00e1rba, fontba vagy eur\u00f3ba), de azt jelenti, hogy hetek helyett n\u00e9h\u00e1ny nap alatt megkaphatja aut\u00f3j\u00e1t. <\/p>\n<p>Ha az aut\u00f3ja nem \u00fczemk\u00e9pes \u00e1llapotban van, akkor p\u00f3tkocsival vagy m\u00e1s speci\u00e1lis k\u00f6lt\u00f6ztet\u0151 teheraut\u00f3val kell sz\u00e1ll\u00edtani. <\/p>\n<p>A legdr\u00e1g\u00e1bb megold\u00e1s a l\u00e9gi sz\u00e1ll\u00edt\u00e1s, de ez \u00e1ltal\u00e1ban nem aj\u00e1nlott, mivel a k\u00f6lts\u00e9gek megfizethetetlenek.<\/p>\n<p><strong>A k\u00f6lts\u00e9geket befoly\u00e1sol\u00f3 egy\u00e9b dolgok:<\/strong><\/p>\n<ul>\n<li> <strong>T\u00e1vols\u00e1g:<\/strong> Min\u00e9l messzebbre sz\u00e1ll\u00edt, ann\u00e1l dr\u00e1g\u00e1bb lesz a teljes \u00f6sszeg, b\u00e1r m\u00e9rf\u00f6ldenk\u00e9nt l\u00e9nyegesen kevesebbet kell fizetnie.<\/li>\n<li> <strong>\u00c9vszak:<\/strong> Az \u00e9v bizonyos id\u0151szakaiban bizonyos \u00fatvonalakon dr\u00e1g\u00e1bbak, mint m\u00e1skor.<\/li>\n<li> <strong>\u00c1tfut\u00e1si id\u0151:<\/strong> Min\u00e9l el\u0151bb kezdjen el \u00e1raj\u00e1nlatokat beszerezni, ann\u00e1l jobb, mivel a gyorsabb \u00fctemez\u00e9s miatt az \u00e1rak jelent\u0151sen emelkednek.<\/li>\n<li> <strong>Nyitott vs. z\u00e1rt teheraut\u00f3:<\/strong> A nyitott teheraut\u00f3k olcs\u00f3bbak, de a z\u00e1rt teheraut\u00f3khoz k\u00e9pest \u00e1ltal\u00e1ban nagyobb a k\u00e1rvesz\u00e9ly. <\/li>\n<\/ul>\n<h3><span class=\"ez-toc-section\" id=\"Car_Transport_Taxes\"><\/span>Aut\u00f3sz\u00e1ll\u00edt\u00e1si ad\u00f3k<span class=\"ez-toc-section-end\"><\/span><\/h3>\n<p>Att\u00f3l f\u00fcgg\u0151en, hogy hov\u00e1 sz\u00e1ll\u00edtja aut\u00f3j\u00e1t, jelent\u0151s ad\u00f3kat kell fizetnie. P\u00e9ld\u00e1ul az aut\u00f3k <a href=\"https:\/\/moverdb.com\/hu\/shipping-to-singapore\/\">Szingap\u00farba sz\u00e1ll\u00edtva<\/a> az aut\u00f3 v\u00e1m\u00e9rt\u00e9ke ut\u00e1n 20% importad\u00f3t kell fizetnie. <\/p>\n<p>Sok eur\u00f3pai orsz\u00e1gban 10% k\u00f6r\u00fcli behozatali v\u00e1mot sz\u00e1m\u00edtanak fel, de ezen fel\u00fcl \u00e1f\u00e1t is felsz\u00e1m\u00edthatnak, ami tov\u00e1bbi 20%-t jelenthet, att\u00f3l f\u00fcgg\u0151en, hogy az aut\u00f3t hogyan fogj\u00e1k haszn\u00e1lni. <\/p>\n<p>Ez\u00e9rt az \u00e1raj\u00e1nlatok beszerz\u00e9sekor \u00e9s az aut\u00f3 t\u00e9nyleges elsz\u00e1ll\u00edt\u00e1sa el\u0151tt mindenk\u00e9ppen sz\u00e1moljon ezzel a k\u00f6lts\u00e9ggel. Bizonyos esetekben olcs\u00f3bb \u00e9s egyszer\u0171bb lehet egyszer\u0171en \u00faj aut\u00f3t v\u00e1s\u00e1rolni, mint elsz\u00e1ll\u00edtani a r\u00e9git.  <\/p>\n<h2><span class=\"ez-toc-section\" id=\"International_Vehicle_Shipping_Documentation\"><\/span>Nemzetk\u00f6zi j\u00e1rm\u0171sz\u00e1ll\u00edt\u00e1si dokument\u00e1ci\u00f3<span class=\"ez-toc-section-end\"><\/span><\/h2>\n<p>Ahhoz, hogy aut\u00f3j\u00e1t vagy m\u00e1s j\u00e1rm\u0171v\u00e9t nemzetk\u00f6zi \u00faton sz\u00e1ll\u00edtsa, megfelel\u0151 mennyis\u00e9g\u0171 dokument\u00e1ci\u00f3ra lesz sz\u00fcks\u00e9ge. A k\u00f6vetelm\u00e9nyek orsz\u00e1gonk\u00e9nt elt\u00e9r\u0151ek, ez\u00e9rt mindig ellen\u0151rizze a sz\u00e1ll\u00edt\u00e1s el\u0151tt. A leggyakrabban sz\u00fcks\u00e9ges dokumentumok a k\u00f6vetkez\u0151k:<\/p>\n<ul>\n<li> A j\u00e1rm\u0171 eredeti tulajdonjoga<\/li>\n<li> Sz\u00e1rmaz\u00e1si bizony\u00edtv\u00e1ny<\/li>\n<li> Fuvarlev\u00e9l<\/li>\n<li> Biztos\u00edt\u00e1si dokumentumok<\/li>\n<\/ul>\n<h2><span class=\"ez-toc-section\" id=\"Other_Car_Transport_Tips\"><\/span>Egy\u00e9b aut\u00f3sz\u00e1ll\u00edt\u00e1si tippek<span class=\"ez-toc-section-end\"><\/span><\/h2>\n<ul>\n<li> <strong>K\u00e9sz\u00edtsen f\u00e9nyk\u00e9peket:<\/strong> A sz\u00e1ll\u00edt\u00e1s el\u0151tt mindenk\u00e9ppen k\u00e9sz\u00edtsen id\u0151b\u00e9lyegz\u0151vel ell\u00e1tott f\u00e9nyk\u00e9peket a j\u00e1rm\u0171v\u00e9r\u0151l, ha esetleg s\u00e9r\u00fcl\u00e9sek keletkezn\u00e9nek. Ha b\u00e1rmilyen k\u00e1r keletkezik, a vit\u00e1k minimaliz\u00e1l\u00e1sa \u00e9rdek\u00e9ben azonnal k\u00e9sz\u00edtsen f\u00e9nyk\u00e9peket.<\/li>\n<li> <strong>Biztos\u00edt\u00e1s:<\/strong> Gy\u0151z\u0151dj\u00f6n meg r\u00f3la, hogy a biztos\u00edt\u00e1s az aut\u00f3ja \u00e9s az azt esetleg vezet\u0151 szem\u00e9lyek teljes \u00fatj\u00e1ra kiterjed.<\/li>\n<li> <strong>T\u00e1vol\u00edtsa el szem\u00e9lyes t\u00e1rgyait:<\/strong> Gy\u0151z\u0151dj\u00f6n meg r\u00f3la, hogy minden szem\u00e9lyes holmij\u00e1t elt\u00e1vol\u00edtotta az aut\u00f3b\u00f3l a sz\u00e1ll\u00edt\u00e1s el\u0151tt, hogy ne vesszenek el (vagy ne lopj\u00e1k el!)<\/li>\n<li> <strong>Keressen szakembereket:<\/strong> Ha klasszikus vagy kiss\u00e9 szokatlan aut\u00f3t szeretne sz\u00e1ll\u00edttatni, gy\u0151z\u0151dj\u00f6n meg arr\u00f3l, hogy a v\u00e1lasztott c\u00e9gnek van-e tapasztalata az ilyen aut\u00f3k fuvaroz\u00e1s\u00e1ban \u00e9s\/vagy sz\u00e1ll\u00edt\u00e1s\u00e1ban.<\/li>\n<li> <strong>Id\u0151vonalak:<\/strong> Gy\u0151z\u0151dj\u00f6n meg r\u00f3la, hogy tudja, mennyi id\u0151be telik, am\u00edg az aut\u00f3ja eljut A pontb\u00f3l B-be.<\/li>\n<li> <strong>Folyamatos \u00e1llapot:<\/strong> A sz\u00e1ll\u00edt\u00e1s megkezd\u00e9se el\u0151tt mindenk\u00e9ppen ellen\u0151rizze a sz\u00e1ll\u00edt\u00f3 c\u00e9ggel az olyan dolgokat, mint a g\u00e1z (benzin) szintje, a folyad\u00e9kok, a gumiabroncsok nyom\u00e1sa, az akkumul\u00e1tor stb. P\u00e9ld\u00e1ul, ha nemzetk\u00f6zi sz\u00e1ll\u00edt\u00e1st v\u00e9gez kont\u00e9nerrel, el\u0151fordulhat, hogy a g\u00e1ztart\u00e1lyt teljesen ki kell \u00fcr\u00edtenie. M\u00e1sr\u00e9szt, ha valakit megb\u00edz, hogy vezesse az aut\u00f3j\u00e1t, akkor meg kell gy\u0151z\u0151dnie arr\u00f3l, hogy tele van a benzintank.<\/li>\n<\/ul>\n<h2><span class=\"ez-toc-section\" id=\"Car_Transport_Quotes\"><\/span>Aut\u00f3sz\u00e1ll\u00edt\u00e1s \u00e1raj\u00e1nlatok<span class=\"ez-toc-section-end\"><\/span><\/h2>\n<p>Az oldal tetej\u00e9n tal\u00e1lhat\u00f3 \u00e1raj\u00e1nlatk\u00e9r\u0151 \u0171rlap seg\u00edts\u00e9g\u00e9vel nemzetk\u00f6zi aut\u00f3sz\u00e1ll\u00edt\u00e1si \u00e1raj\u00e1nlatokat kaphat. Miel\u0151tt azonban elfogadna egy aj\u00e1nlatot, gy\u0151z\u0151dj\u00f6n meg r\u00f3la, hogy teljes m\u00e9rt\u00e9kben tiszt\u00e1ban van azzal, hogy ki fogja vezetni vagy sz\u00e1ll\u00edtani az aut\u00f3j\u00e1t (az \u00fat minden szakasz\u00e1ban), hogyan lesz a j\u00e1rm\u0171ve biztos\u00edtva, \u00e9s olvassa el a c\u00e9gr\u0151l sz\u00f3l\u00f3 v\u00e9lem\u00e9nyeket. <\/p>","protected":false},"excerpt":{"rendered":"<p>Looking for international car transport or vehicle shipping, but don&#8217;t know where to start? We can help you with everything from companies to costs to quotes. You can get started right away using our quote form above, or keep reading our guide below for more information. Auto Transport Companies The international car and auto transport [&hellip;]<\/p>\n","protected":false},"author":1,"featured_media":2753,"parent":0,"menu_order":0,"comment_status":"closed","ping_status":"closed","template":"","meta":{"_genesis_hide_title":false,"_genesis_hide_breadcrumbs":false,"_genesis_hide_singular_image":false,"_genesis_hide_footer_widgets":false,"_genesis_custom_body_class":"","_genesis_custom_post_class":"","_genesis_layout":"","footnotes":""},"class_list":{"0":"post-2752","1":"page","2":"type-page","3":"status-publish","4":"has-post-thumbnail","6":"entry"},"_links":{"self":[{"href":"https:\/\/moverdb.com\/hu\/wp-json\/wp\/v2\/pages\/2752","targetHints":{"allow":["GET"]}}],"collection":[{"href":"https:\/\/moverdb.com\/hu\/wp-json\/wp\/v2\/pages"}],"about":[{"href":"https:\/\/moverdb.com\/hu\/wp-json\/wp\/v2\/types\/page"}],"author":[{"embeddable":true,"href":"https:\/\/moverdb.com\/hu\/wp-json\/wp\/v2\/users\/1"}],"replies":[{"embeddable":true,"href":"https:\/\/moverdb.com\/hu\/wp-json\/wp\/v2\/comments?post=2752"}],"version-history":[{"count":18,"href":"https:\/\/moverdb.com\/hu\/wp-json\/wp\/v2\/pages\/2752\/revisions"}],"predecessor-version":[{"id":18593,"href":"https:\/\/moverdb.com\/hu\/wp-json\/wp\/v2\/pages\/2752\/revisions\/18593"}],"wp:featuredmedia":[{"embeddable":true,"href":"https:\/\/moverdb.com\/hu\/wp-json\/wp\/v2\/media\/2753"}],"wp:attachment":[{"href":"https:\/\/moverdb.com\/hu\/wp-json\/wp\/v2\/media?parent=2752"}],"curies":[{"name":"wp","href":"https:\/\/api.w.org\/{rel}","templated":true}]}}