{"id":265,"date":"2016-05-01T06:12:45","date_gmt":"2016-05-01T06:12:45","guid":{"rendered":"http:\/\/moverdb.com\/?page_id=265"},"modified":"2026-05-15T14:55:48","modified_gmt":"2026-05-15T14:55:48","slug":"cadogan-tate","status":"publish","type":"page","link":"https:\/\/moverdb.com\/hu\/cadogan-tate\/","title":{"rendered":"Cadogan Tate: Nemzetk\u00f6zi k\u00f6lt\u00f6ztet\u00e9s \u00e9s k\u00f6lt\u00f6ztet\u00e9s V\u00e9lem\u00e9nyek"},"content":{"rendered":"<p>A Cadogan Tate a k\u00f6vetkez\u0151ket k\u00edn\u00e1lja \u00fcgyfeleinek k\u00fclf\u00f6ldi k\u00f6lt\u00f6z\u00e9s\u00fckh\u00f6z. Ezt az inform\u00e1ci\u00f3t k\u00f6veti a c\u00e9g profilja \u00e9s a k\u00fcl\u00f6nb\u00f6z\u0151 \u00fcgyfelek v\u00e9lem\u00e9nye.<\/p>\n<p><strong>Szem\u00e9lyes \u00e9s v\u00e1llalati k\u00f6lt\u00f6z\u00e9sek<\/strong><\/p>\n<p>Mozg\u00e1sszervez\u00e9si szolg\u00e1ltat\u00e1sok<\/p>\n<ul>\n<li> Mozg\u00e1sir\u00e1ny\u00edt\u00e1si terv<\/li>\n<li> Csomagol\u00e1s \u00e9s kicsomagol\u00e1s<\/li>\n<li> Sz\u00e1ll\u00edt\u00e1s \u00e9s sz\u00e1ll\u00edt\u00e1s<\/li>\n<li> V\u00e1mkezel\u00e9s <\/li>\n<li> T\u00e1rol\u00e1s - Glob\u00e1lis lefedetts\u00e9g<\/li>\n<\/ul>\n<p><strong>M\u0171v\u00e9szeti szolg\u00e1ltat\u00e1sok \u00e9s v\u00e1s\u00e1ri szolg\u00e1ltat\u00e1sok<\/strong><\/p>\n<ul>\n<li> K\u00e9pz\u0151m\u0171v\u00e9szeti t\u00e1rol\u00e1s, sz\u00e1ll\u00edt\u00e1s \u00e9s k\u00f6lt\u00f6ztet\u00e9s<\/li>\n<li> Ki\u00e1ll\u00edt\u00e1si \u00e9s v\u00e1s\u00e1ri t\u00e1rgyak mozgat\u00e1sa a vil\u00e1g minden t\u00e1j\u00e1n<\/li>\n<\/ul>\n<p><strong>Szakmai feladatok<\/strong><\/p>\n<ul>\n<li> Finom borok mozgat\u00e1sa <\/li>\n<li> <a href=\"https:\/\/moverdb.com\/hu\/autoszallitas-szallitas-szallitas\/\">Aut\u00f3k sz\u00e1ll\u00edt\u00e1sa<\/a>, haj\u00f3k \u00e9s rep\u00fcl\u0151g\u00e9pek<\/li>\n<li> H\u00e1zi\u00e1llatok \u00e1thelyez\u00e9se<\/li>\n<\/ul>\n<p><strong>Bels\u0151\u00e9p\u00edt\u00e9szi szolg\u00e1ltat\u00e1sok<\/strong><\/p>\n<ul>\n<li> B\u00e1rmely designer term\u00e9k vil\u00e1gm\u00e9ret\u0171 begy\u0171jt\u00e9se \u00e9s mozgat\u00e1sa<\/li>\n<li> Szakszer\u0171en csomagolva\/csomagolva \u00e9s mozgatva nagy tapasztalattal rendelkez\u0151 szem\u00e9lyzet \u00e1ltal<\/li>\n<li> Sz\u00e1ll\u00edt\u00e1s \u00e9s v\u00e1mok <\/li>\n<li> T\u00e1rol\u00e1s <\/li>\n<\/ul>\n<h2>Cadogan Tate V\u00e1llalati profil<\/h2>\n<p>A Cadogan Tate 1977-ben alakult, \u00e9s jelenleg irod\u00e1ink vannak a k\u00f6vetkez\u0151 helyeken <a href=\"https:\/\/moverdb.com\/hu\/moving-to-london\/\">London<\/a>, <a href=\"https:\/\/moverdb.com\/hu\/moving-to-france\/moving-to-paris\/\" data-internallinksmanager029f6b8e52c=\"407\" title=\"P\u00e1rizsba k\u00f6lt\u00f6zik? 2023 Lakhat\u00e1si k\u00f6lts\u00e9gek \u00e9s k\u00f6lt\u00f6z\u00e9si tippek\">P\u00e1rizs<\/a>, Cote d'Azure, <a href=\"https:\/\/moverdb.com\/hu\/moving-to-nyc\/\">New York<\/a> \u00e9s <a href=\"https:\/\/moverdb.com\/hu\/moving-to-los-angeles\/\">Los Angeles<\/a> Nemcsak c\u00e9geket \u00e9s mag\u00e1nszem\u00e9lyeket sz\u00e1ll\u00edtanak szerte a vil\u00e1gon, hanem a vil\u00e1g vezet\u0151 tervez\u0151i \u00e1ltal tervezett m\u0171alkot\u00e1sok, b\u00fatorok \u00e9s d\u00edszt\u00e1rgyak k\u00f6lt\u00f6ztet\u00e9s\u00e9nek szak\u00e9rt\u0151i is. <\/p>\n<p>A Cadogan Tate b\u00fcszke arra, hogy szak\u00e9rtelemmel rendelkezik a m\u0171v\u00e9szeti v\u00e1s\u00e1rok l\u00e9trehoz\u00e1s\u00e1ban, mik\u00f6zben figyelembe veszi a v\u00e1s\u00e1rszervez\u0151k, a v\u00e1s\u00e1rl\u00f3k \u00e9s a ki\u00e1ll\u00edt\u00f3k ig\u00e9nyeit. A Cadogan Tate \u00edrott log\u00f3ja a \"mindent, gondosan kezelve\".<br \/>\nA v\u00e1llalat sz\u00e1mos tags\u00e1ggal \u00e9s akkredit\u00e1ci\u00f3val rendelkezik:<\/p>\n<ul>\n<li> <a href=\"https:\/\/moverdb.com\/hu\/british-association-of-removers\/\">Brit K\u00f6lt\u00f6ztet\u0151k Sz\u00f6vets\u00e9ge (BAR)<\/a><\/li>\n<li> <a href=\"https:\/\/moverdb.com\/hu\/mtc\/\">A Movers Trading Club<\/a> (<a href=\"https:\/\/moverdb.com\/hu\/mtc\/\" data-internallinksmanager029f6b8e52c=\"30\" title=\"Movers Trading Club (MTC) magyar\u00e1zata\">MTC<\/a>)<\/li>\n<li> M\u00fazeumok Sz\u00f6vets\u00e9ge<\/li>\n<li> Bel\u00fcgyminiszt\u00e9rium - <a href=\"https:\/\/moverdb.com\/hu\/moving-to-the-uk\/\" data-internallinksmanager029f6b8e52c=\"93\" title=\"Az Egyes\u00fclt Kir\u00e1lys\u00e1gba k\u00f6lt\u00f6zik? 2022 Meg\u00e9lhet\u00e9si k\u00f6lts\u00e9gek \u00e9s k\u00f6lt\u00f6z\u00e9si tippek\">UK<\/a> Hat\u00e1r\u00fcgyn\u00f6ks\u00e9g<\/li>\n<li> <a href=\"https:\/\/moverdb.com\/hu\/harmony-relocation-network\/\">Harmony Relocation Network<\/a><\/li>\n<li> <a href=\"https:\/\/moverdb.com\/hu\/en-vagyok\/\">Nemzetk\u00f6zi K\u00f6lt\u00f6ztet\u0151k Sz\u00f6vets\u00e9ge (IAM)<\/a><\/li>\n<li> <a href=\"https:\/\/moverdb.com\/hu\/fidi-faim\/\">FAIM<\/a><\/li>\n<li> UK Registrars Group<\/li>\n<li> <a href=\"https:\/\/moverdb.com\/hu\/fidi-faim\/\">FIDI glob\u00e1lis sz\u00f6vets\u00e9g<\/a><\/li>\n<li> A M\u0171v\u00e9szeti \u00e9s Antik Keresked\u0151k Sz\u00f6vets\u00e9ge (LAPADA)<\/li>\n<li> Min\u0151s\u00e9gbiztos\u00edtott szolg\u00e1ltat\u00e1si szabv\u00e1ny - Kereskedelmi k\u00f6lt\u00f6ztet\u00e9s<\/li>\n<li> Min\u0151s\u00e9gbiztos\u00edtott szolg\u00e1ltat\u00e1si szabv\u00e1ny - K\u00f6rnyezetv\u00e9delmi ir\u00e1ny\u00edt\u00e1si rendszerek<\/li>\n<li> Min\u0151s\u00e9gbiztos\u00edtott szolg\u00e1ltat\u00e1si szabv\u00e1ny - Kereskedelmi k\u00f6lt\u00f6ztet\u00e9s<\/li>\n<li> Min\u0151s\u00e9gbiztos\u00edtott szolg\u00e1ltat\u00e1si szabv\u00e1ny - H\u00e1ztart\u00e1si b\u00fatorsz\u00e1ll\u00edt\u00e1sok<\/li>\n<li> Min\u0151s\u00e9gbiztos\u00edtott szolg\u00e1ltat\u00e1si szabv\u00e1ny - Foglalkoz\u00e1s-eg\u00e9szs\u00e9g\u00fcgyi \u00e9s ir\u00e1ny\u00edt\u00e1si rendszerek<\/li>\n<li> Min\u0151s\u00e9gbiztos\u00edtott szolg\u00e1ltat\u00e1si szabv\u00e1ny - Min\u0151s\u00e9gir\u00e1ny\u00edt\u00e1si rendszerek<\/li>\n<\/ul>\n<h2>Cadogan Tate V\u00e9lem\u00e9nyek<\/h2>\n<p><strong>Pozit\u00edv<\/strong><\/p>\n<ul>\n<li> \"<em>El voltunk ragadtatva a Cadogan Tate-t\u0151l. Nem volt olcs\u00f3 v\u00e1laszt\u00e1s, de a vel\u00fck val\u00f3 munka ut\u00e1n \u00fagy d\u00f6nt\u00f6tt\u00fcnk, hogy minden fill\u00e9rt meg\u00e9rtek.\" <\/em> E. Perry kereszt\u00fcl <a href=\"http:\/\/www.reviewcentre.com\/Removal-Companies\/Cadogan-Tate-www-cadogantate-com-review_3591881\" target=\"_blank\" rel=\"noopener\">Fel\u00fclvizsg\u00e1lati k\u00f6zpont<\/a>\n<\/li>\n<li> \"<em>Nemr\u00e9giben rendeltem sz\u00e1ll\u00edtm\u00e1nyt a Cadogan Tate-en kereszt\u00fcl a South of <a href=\"https:\/\/moverdb.com\/hu\/moving-to-france\/\" data-internallinksmanager029f6b8e52c=\"315\" title=\"Franciaorsz\u00e1gba k\u00f6lt\u00f6zik? 2023 Meg\u00e9lhet\u00e9si k\u00f6lts\u00e9gek \u00e9s k\u00f6lt\u00f6z\u00e9si tippek\">Franciaorsz\u00e1g<\/a> Londonba. T\u00f6k\u00e9letesen megoldott\u00e1k.\" <\/em>Rivsalov via <a href=\"http:\/\/www.removalreviews.co.uk\/movingreviews\/smooth-and-efficient-with-a-professional-approach-5733\" target=\"_blank\" rel=\"noopener\">Elt\u00e1vol\u00edt\u00e1s V\u00e9lem\u00e9nyek<\/a>\n<\/li>\n<\/ul>\n<p><strong>Negat\u00edv<\/strong><\/p>\n<ul>\n<li> \"<em>Felh\u00e1bor\u00edt\u00f3, hogy ez a v\u00e1llalat mennyi k\u00f6rnyezeti hullad\u00e9kot termel. A t\u00f6r\u00e9keny t\u00e1rgyak, p\u00e9ld\u00e1ul p\u00e1rn\u00e1k \u00e9s \u00e1gynem\u0171k dobozai zs\u00fafol\u00e1sig megt\u00f6mve vadonat\u00faj pap\u00edrcsomagol\u00e1ssal.\" <\/em>Carl Lyon kereszt\u00fcl <a href=\"http:\/\/www.reviewcentre.com\/Removal-Companies\/Cadogan-Tate-www-cadogantate-com-review_3349791\" target=\"_blank\" rel=\"noopener\">Fel\u00fclvizsg\u00e1lati k\u00f6zpont<\/a>\n<\/li>\n<li> \"<em>A Cadogan Tate-et haszn\u00e1ltuk a Londonb\u00f3l Londonba val\u00f3 visszak\u00f6lt\u00f6z\u00e9shez. <a href=\"https:\/\/moverdb.com\/hu\/moving-to-the-united-states\/\" data-internallinksmanager029f6b8e52c=\"94\" title=\"Az Egyes\u00fclt \u00c1llamokba k\u00f6lt\u00f6zik? 2022 Meg\u00e9lhet\u00e9si k\u00f6lts\u00e9gek \u00e9s k\u00f6lt\u00f6z\u00e9si tippek\">US<\/a>. A k\u00f6lt\u00f6ztet\u0151k nagyon profik \u00e9s bar\u00e1ts\u00e1gosak voltak. Azonban a h\u00e1ts\u00f3 irod\u00e1ban komoly probl\u00e9m\u00e1k vannak.\" <\/em> D J Skillman kereszt\u00fcl <a href=\"http:\/\/www.removalreviews.co.uk\/movers\/cadogan-tate-311\" target=\"_blank\" rel=\"noopener\">Elt\u00e1vol\u00edt\u00e1s V\u00e9lem\u00e9nyek<\/a>\n<\/li>\n<\/ul>\n<div itemprop=\"review\" itemscope itemtype=\"http:\/\/schema.org\/Review\">\n<span itemprop=\"author\" itemscope=\"\" itemtype=\"http:\/\/schema.org\/Organization\"><span itemprop=\"name\">MoverDB.com<\/span><\/span> Online weboldal-fel\u00fclvizsg\u00e1lat a <span itemprop=\"itemreviewed\" itemscope=\"\" itemtype=\"http:\/\/schema.org\/Brand\"><span itemprop=\"name\">Cadogan Tate<\/span><\/span>:<\/p>\n<ol>\n<li> Egy\u00e9rtelm\u0171 el\u00e9rhet\u0151s\u00e9gek a weboldalon (bele\u00e9rtve a telefonsz\u00e1mot is): <strong>Igen<\/strong><\/li>\n<li> K\u00f6nnyen beszerezhet\u0151 <a href=\"https:\/\/moverdb.com\/hu\/idezi\/\">nemzetk\u00f6zi k\u00f6lt\u00f6ztet\u00e9si \u00e1raj\u00e1nlatok<\/a>? (Online \u00e1raj\u00e1nlatk\u00e9r\u0151 \u0171rlap): <strong>Igen<\/strong><\/li>\n<li> Egy\u00e9rtelm\u0171 inform\u00e1ci\u00f3k a honlapon: <strong>R\u00e9szleges.<\/strong> A weboldal nem tartalmaz sok r\u00e9szletes inform\u00e1ci\u00f3t. Ezt a tervez\u00e9si szakaszban szolg\u00e1ltatj\u00e1k.<\/li>\n<li> Tags\u00e1g nemzetk\u00f6zi elismert mozgat\u00f3 szervezetekben: <strong>Igen<\/strong>l\u00e1sd fentebb.<\/li>\n<li> \u00dcgyfelek list\u00e1ja \u00e9s\/vagy kor\u00e1bbi v\u00e1s\u00e1rl\u00f3i aj\u00e1nl\u00e1sok: <strong>R\u00e9szleges.<\/strong> Az oldalon esettanulm\u00e1nyok tal\u00e1lhat\u00f3k, amelyek k\u00fcl\u00f6nb\u00f6z\u0151 l\u00e9p\u00e9seket \u00edrnak le, de nincsenek \u00fcgyf\u00e9lnevek vagy \u00fcgyf\u00e9lv\u00e9lem\u00e9nyek.<\/li>\n<\/ol>\n<div itemprop=\"reviewRating\" itemscope itemtype=\"http:\/\/schema.org\/Rating\"><meta itemprop=\"worstRating\" content = \"0\" \/><meta itemprop=\"bestRating\" content=\"5\" \/><meta itemprop=\"ratingValue\" content=\"4\"><\/div>\n<p><strong>\u00c1ltal\u00e1nos pontsz\u00e1m: 4\/5<\/strong><br \/>\n<strong>Fel\u00fclvizsg\u00e1lat d\u00e1tuma:<\/strong> <span itemprop=\"datePublished\" content=\"2016-05-01\">01\/05\/2016<\/span>\n<\/div>\n<p>Tov\u00e1bbi inform\u00e1ci\u00f3 <a href=\"https:\/\/moverdb.com\/hu\/nemzetkozi-koltoztetes\/\">Egyes\u00fclt Kir\u00e1lys\u00e1g k\u00f6lt\u00f6ztet\u0151 c\u00e9gek<\/a> \u00e9s a mi <a href=\"https:\/\/moverdb.com\/hu\/ertekelesek\/\">a fel\u00fclvizsg\u00e1lati folyamat magyar\u00e1zata<\/a>.<\/p>\n<p><strong>Weboldal:<\/strong> <a href=\"https:\/\/www.cadogantate.com\/en\" target=\"_blank\" rel=\"noopener\">https:\/\/www.cadogantate.com\/en<\/a><\/p>","protected":false},"excerpt":{"rendered":"<p>Cadogan Tate offer their clients the following for their move abroad. This information is followed by a company profile and reviews from various clients. Personal and Corporate Moves Move Management Services Move management plan Packing and unpacking Transportation and shipping Customs clearance Storage &#8211; Global coverage Art Services and Fair Services Fine art storage, shipping [&hellip;]<\/p>\n","protected":false},"author":1,"featured_media":0,"parent":0,"menu_order":0,"comment_status":"closed","ping_status":"closed","template":"","meta":{"_genesis_hide_title":false,"_genesis_hide_breadcrumbs":false,"_genesis_hide_singular_image":false,"_genesis_hide_footer_widgets":false,"_genesis_custom_body_class":"","_genesis_custom_post_class":"","_genesis_layout":"","footnotes":""},"class_list":{"0":"post-265","1":"page","2":"type-page","3":"status-publish","5":"entry"},"_links":{"self":[{"href":"https:\/\/moverdb.com\/hu\/wp-json\/wp\/v2\/pages\/265","targetHints":{"allow":["GET"]}}],"collection":[{"href":"https:\/\/moverdb.com\/hu\/wp-json\/wp\/v2\/pages"}],"about":[{"href":"https:\/\/moverdb.com\/hu\/wp-json\/wp\/v2\/types\/page"}],"author":[{"embeddable":true,"href":"https:\/\/moverdb.com\/hu\/wp-json\/wp\/v2\/users\/1"}],"replies":[{"embeddable":true,"href":"https:\/\/moverdb.com\/hu\/wp-json\/wp\/v2\/comments?post=265"}],"version-history":[{"count":17,"href":"https:\/\/moverdb.com\/hu\/wp-json\/wp\/v2\/pages\/265\/revisions"}],"predecessor-version":[{"id":6190,"href":"https:\/\/moverdb.com\/hu\/wp-json\/wp\/v2\/pages\/265\/revisions\/6190"}],"wp:attachment":[{"href":"https:\/\/moverdb.com\/hu\/wp-json\/wp\/v2\/media?parent=265"}],"curies":[{"name":"wp","href":"https:\/\/api.w.org\/{rel}","templated":true}]}}