{"id":246,"date":"2016-04-21T14:54:42","date_gmt":"2016-04-21T14:54:42","guid":{"rendered":"http:\/\/moverdb.com\/?page_id=246"},"modified":"2026-01-08T14:47:37","modified_gmt":"2026-01-08T14:47:37","slug":"atlas-van-lines-international","status":"publish","type":"page","link":"https:\/\/moverdb.com\/hu\/atlas-van-lines-international\/","title":{"rendered":"Atlas Van Lines International: V\u00e9lem\u00e9nyek: K\u00f6lt\u00f6ztet\u00e9si szolg\u00e1ltat\u00e1sok \u00e9s v\u00e9lem\u00e9nyek"},"content":{"rendered":"<p>Az Atlas Van Lines International a k\u00f6vetkez\u0151 szolg\u00e1ltat\u00e1sokat k\u00edn\u00e1lja a k\u00fclf\u00f6ldre k\u00f6lt\u00f6z\u0151k sz\u00e1m\u00e1ra. Az al\u00e1bbiakban megtekintheti a v\u00e1llalat profilj\u00e1t \u00e9s v\u00e9lem\u00e9nyeket is olvashat:<\/p>\n<p><strong>Szem\u00e9lyes \u00e9s v\u00e1llalati k\u00f6lt\u00f6z\u00e9sek:<\/strong><\/p>\n<p>Sz\u00e1ll\u00edt\u00e1si szolg\u00e1ltat\u00e1sok<\/p>\n<ul>\n<li> Glob\u00e1lis h\u00e1zt\u00f3l-h\u00e1zig tart\u00f3 h\u00e1ztart\u00e1si \u00e1rusz\u00e1ll\u00edt\u00e1s<\/li>\n<li> <a href=\"https:\/\/moverdb.com\/hu\/szallitmanyozo\/\">Tengeri \u00e9s l\u00e9gi sz\u00e1ll\u00edtm\u00e1nyoz\u00e1s<\/a><\/li>\n<li> G\u00e9pj\u00e1rm\u0171vek \u00e9s haj\u00f3k<\/li>\n<li> Projekt sz\u00e1ll\u00edtm\u00e1nyoz\u00e1s (ki\u00e1ll\u00edt\u00e1si t\u00e1rgyak \u00e9s kijelz\u0151k)<\/li>\n<\/ul>\n<p>K\u00f6lt\u00f6ztet\u00e9si szolg\u00e1ltat\u00e1sok<\/p>\n<ul>\n<li> Program adminisztr\u00e1ci\u00f3 \u00e9s t\u00e1mogat\u00e1s<\/li>\n<li> A szakpolitik\u00e1k kidolgoz\u00e1sa<\/li>\n<li> Tan\u00e1csad\u00e1s<\/li>\n<li> \u00c1tvev\u0151 lakhat\u00e1s<\/li>\n<li> C\u00e9l\u00e1llom\u00e1si szolg\u00e1ltat\u00e1sok<\/li>\n<li> \u00c9rt\u00e9kv\u00e9delmi szolg\u00e1ltat\u00e1s<\/li>\n<\/ul>\n<p>Utaz\u00e1si szolg\u00e1ltat\u00e1sok<\/p>\n<ul>\n<li> Teljes k\u00f6r\u0171 szolg\u00e1ltat\u00e1st ny\u00fajt\u00f3 v\u00e1llalati utaz\u00e1si iroda<\/li>\n<li> Programir\u00e1ny\u00edt\u00e1s \u00e9s jelent\u00e9st\u00e9tel<\/li>\n<\/ul>\n<p>Hossz\u00fa t\u00e1v\u00fa t\u00e1rol\u00e1s kezel\u00e9se<\/p>\n<p><strong>Korm\u00e1nyzati \u00e9s katonai l\u00e9p\u00e9sek:<\/strong><\/p>\n<ul>\n<li> A v\u00e9delmi szem\u00e9lyi tulajdon program (DP3) t\u00e1mogat\u00e1sa<\/li>\n<li> Nemzetk\u00f6zi h\u00e1ztart\u00e1si \u00e1ruk mozgat\u00e1s\u00e1nak lebonyol\u00edt\u00e1sa (4., 5. \u00e9s T k\u00f3d)<\/li>\n<li> Belf\u00f6ldi h\u00e1ztart\u00e1si \u00e1ruk k\u00f6lt\u00f6ztet\u00e9s\u00e9nek lebonyol\u00edt\u00e1sa (1. \u00e9s 2. k\u00f3d)<\/li>\n<li> Nemzetk\u00f6zi poggy\u00e1szsz\u00e1ll\u00edtm\u00e1nyok (J k\u00f3d)<\/li>\n<li> OTO sz\u00e1ll\u00edtm\u00e1nyok<\/li>\n<li> Egy elk\u00f6telezett \u00fcgyf\u00e9lszolg\u00e1lati csapat, amely VIP szem\u00e9lyes gondoskod\u00e1st ny\u00fajt a szolg\u00e1ltat\u00e1si tagok sz\u00e1m\u00e1ra.<\/li>\n<li> GSA-sz\u00e1mlacsapat, amely kiz\u00e1r\u00f3lag a nemzetk\u00f6zi k\u00f6lt\u00f6z\u00e9sek lebonyol\u00edt\u00e1s\u00e1ra szakosodott. <a href=\"https:\/\/moverdb.com\/hu\/moving-to-the-united-states\/\" data-internallinksmanager029f6b8e52c=\"94\" title=\"Az Egyes\u00fclt \u00c1llamokba k\u00f6lt\u00f6zik? 2022 Meg\u00e9lhet\u00e9si k\u00f6lts\u00e9gek \u00e9s k\u00f6lt\u00f6z\u00e9si tippek\">US<\/a> korm\u00e1nyzati szervek<\/li>\n<li> I-CHAMP r\u00e9sztvev\u0151<\/li>\n<\/ul>\n<p><strong>Ki\u00e1ll\u00edt\u00e1sok \u00e9s sz\u00e1ll\u00edtm\u00e1nyok:<\/strong><\/p>\n<ul>\n<li> Ki\u00e1ll\u00edt\u00e1sok<\/li>\n<li> Kereskedelmi ki\u00e1ll\u00edt\u00e1si displayek<\/li>\n<li> Bolti berendez\u00e9si t\u00e1rgyak<\/li>\n<li> K\u00fcl\u00f6nleges projektek a tengerent\u00falon<\/li>\n<\/ul>\n<h2>Atlas Van Lines International c\u00e9gprofil<\/h2>\n<p>Az Atlas International a mag\u00e1ntulajdonban l\u00e9v\u0151 Atlas Van Lines le\u00e1nyv\u00e1llalata, \u00e9s az Atlas World Group r\u00e9sze. T\u00f6bb mint 50 \u00e9ve foglalkoznak k\u00fclf\u00f6ldre t\u00f6rt\u00e9n\u0151 k\u00f6lt\u00f6ztet\u00e9ssel. Els\u0151sorban v\u00e1llalati k\u00f6lt\u00f6z\u00e9sekre \u00f6sszpontos\u00edtanak, amelyek \u00e9vi 7000 k\u00f6lt\u00f6z\u00e9s\u00fckb\u0151l 85%-t tesznek ki. <\/p>\n<p>Ugyanakkor egy\u00e9ni szakembereket, korm\u00e1nyzati alkalmazottakat \u00e9s az amerikai hadsereg tagjait (\u00e9s csal\u00e1dtagjaikat) is mozgatj\u00e1k.<\/p>\n<p>A v\u00e1llalat azt \u00e1ll\u00edtja, hogy elk\u00f6telezett az integrit\u00e1s, a min\u0151s\u00e9g \u00e9s a megold\u00e1sok ir\u00e1nt. Tagjai a k\u00f6vetkez\u0151 szervezeteknek:<\/p>\n<ul>\n<li> C-TPAT tan\u00fas\u00edt\u00e1s az amerikai v\u00e1m- \u00e9s hat\u00e1r\u0151rs\u00e9gn\u00e9l<\/li>\n<li> ISO 9001 regisztr\u00e1lt<\/li>\n<li> <a href=\"https:\/\/moverdb.com\/hu\/felni-elorejelzo\/\">RIM\u00ae - Regisztr\u00e1lt nemzetk\u00f6zi k\u00f6lt\u00f6ztet\u0151<\/a><\/li>\n<li> <a href=\"https:\/\/moverdb.com\/hu\/amsa\/\">Amerikai K\u00f6lt\u00f6ztet\u0151 \u00e9s T\u00e1rol\u00f3 Sz\u00f6vets\u00e9g<\/a> (<a href=\"https:\/\/moverdb.com\/hu\/amsa\/\" data-internallinksmanager029f6b8e52c=\"5\" title=\"Az Amerikai K\u00f6lt\u00f6ztet\u0151 \u00e9s T\u00e1rol\u00f3 Sz\u00f6vets\u00e9g (AMSA) magyar\u00e1zata\">AMSA<\/a>)<\/li>\n<li> <a href=\"https:\/\/moverdb.com\/hu\/hgfaa\/\">HHG Forwarders Association of America<\/a> (HHGFAA)<\/li>\n<li> <a href=\"https:\/\/moverdb.com\/hu\/lacma\/\">Latin-Amerikai \u00e9s Karibi Mozg\u00e1sszervezet<\/a> (<a href=\"https:\/\/moverdb.com\/hu\/lacma\/\" data-internallinksmanager029f6b8e52c=\"28\" title=\"Latin-amerikai \u00e9s Karibi Nemzetk\u00f6zi K\u00f6lt\u00f6ztet\u0151k Sz\u00f6vets\u00e9ge (LACMA)\">LACMA<\/a>)<\/li>\n<li> <a href=\"https:\/\/moverdb.com\/hu\/iata\/\">Nemzetk\u00f6zi L\u00e9gi Sz\u00e1ll\u00edt\u00e1si Sz\u00f6vets\u00e9g<\/a> (<a href=\"https:\/\/moverdb.com\/hu\/iata\/\" data-internallinksmanager029f6b8e52c=\"22\" title=\"A Nemzetk\u00f6zi L\u00e9gi Sz\u00e1ll\u00edt\u00e1si Sz\u00f6vets\u00e9g (IATA) magyar\u00e1zata\">IATA<\/a>)<\/li>\n<li> <a href=\"https:\/\/moverdb.com\/hu\/euromovers\/\">European Mover Partnership<\/a><\/li>\n<li> <a href=\"https:\/\/moverdb.com\/hu\/employee-relocation-council\/\">Alkalmazottak \u00e1thelyez\u00e9si tan\u00e1csa<\/a> (Vil\u00e1gszerte <a href=\"https:\/\/moverdb.com\/hu\/employee-relocation-council\/\" data-internallinksmanager029f6b8e52c=\"83\" title=\"A vil\u00e1gm\u00e9ret\u0171 munkav\u00e1llal\u00f3i \u00e1thelyez\u00e9si tan\u00e1cs (ERC) magyar\u00e1zata\">ERC<\/a>)<\/li>\n<li> A Sz\u00f6vets\u00e9gi Tenger\u00e9szeti Bizotts\u00e1g \u00e1ltal enged\u00e9lyezett <a href=\"https:\/\/moverdb.com\/hu\/freight-forwarder\/\" data-internallinksmanager029f6b8e52c=\"17\" title=\"Sz\u00e1ll\u00edtm\u00e1nyoz\u00f3 \u00e9s NVOCC nemzetk\u00f6zi k\u00f6lts\u00e9g \u00e9s c\u00e9gek \u00fatmutat\u00f3ja\">NVOCC<\/a>, Enged\u00e9lysz\u00e1m # 79NF<\/li>\n<li> R\u00e9sztvev\u0151 ITGBL fuvaroz\u00f3 a CHAMP programban az amerikai korm\u00e1nyzati \u00fcgyn\u00f6ks\u00e9gek sz\u00e1m\u00e1ra<\/li>\n<li> R\u00e9sztvev\u0151 ITGBL fuvaroz\u00f3 az Egyes\u00fclt \u00c1llamok V\u00e9delmi Miniszt\u00e9riuma sz\u00e1m\u00e1ra <\/li>\n<\/ul>\n<p>A k\u00f6vetkez\u0151 glob\u00e1lis \u00fcgyn\u00f6ks\u00e9gekkel rendelkeznek:<\/p>\n<ul>\n<li> Magasan k\u00e9pzett Atlas \u00fcgyn\u00f6ks\u00e9gek az Egyes\u00fclt \u00c1llamok mind az 50 \u00e1llam\u00e1ban.<\/li>\n<li> T\u00f6bb mint 130 \u00fcgyn\u00f6k <a href=\"https:\/\/moverdb.com\/hu\/moving-to-canada\/\" data-internallinksmanager029f6b8e52c=\"265\" title=\"K\u00f6lt\u00f6z\u00e9s Kanad\u00e1ba? 2023 \u00c9letk\u00f6lts\u00e9gek \u00e9s k\u00f6lt\u00f6z\u00e9si tippek\">Kanada<\/a>.<\/li>\n<li> T\u00f6bb mint 300 Atlas-prefer\u00e1lt \u00fcgyn\u00f6k dolgozik a vil\u00e1g minden orsz\u00e1g\u00e1ban.<\/li>\n<\/ul>\n<p>Azt is \u00e1ll\u00edtj\u00e1k, hogy a k\u00f6lt\u00f6ztet\u00e9ssel foglalkoz\u00f3 szakemberek, akiket l\u00e1t \u00e9s akikkel kapcsolatba ker\u00fcl - a k\u00f6lt\u00f6z\u00e9s mindk\u00e9t v\u00e9g\u00e9n - el\u0151min\u0151s\u00edtettek.<\/p>\n<h2>Atlas Van Lines International V\u00e9lem\u00e9nyek<\/h2>\n<p><em><strong>K\u00e9rj\u00fck, vegye figyelembe:<\/strong> tartalmazza az Atlas Van Lines \u00e9s az Atlas International \u00e9rt\u00e9kel\u00e9seit is<\/em><\/p>\n<p><strong>Pozit\u00edv<\/strong><\/p>\n<ul>\n<li> <em>\"Nemcsak az ny\u0171g\u00f6z\u00f6tt le, hogy milyen kem\u00e9nyen dolgoztak, hanem az is, hogy milyen gondosan b\u00e1ntak a holmimmal.\"<\/em> - Laurie via <a href=\"http:\/\/www.atlasvanlines.com\/moving-company-reviews\/\" target=\"_blank\" rel=\"noopener\">Atlas Van Lines fel\u00fclvizsg\u00e1lati oldal<\/a><\/li>\n<li> <em>\"Az Atlas nagyszer\u0171 v\u00e1laszt\u00e1s volt. B\u00e1tran aj\u00e1nlom \u0151ket mindenkinek, akinek hossz\u00fa t\u00e1v\u00fa k\u00f6lt\u00f6z\u00e9se van, \u00e9s nyugtalan, hogy idegenek viszik el a holmij\u00e1t.\"<\/em> - Kate via <a href=\"http:\/\/www.mymovingreviews.com\/movingreviews\/great-movers-9968\" target=\"_blank\" rel=\"noopener\">MyMovingReviews<\/a><\/li>\n<li> <em>\"A BBB meg\u00e1llap\u00edtotta, hogy az Atlas Van Lines International megfelel a BBB akkredit\u00e1ci\u00f3s szabv\u00e1nyainak, amelyek k\u00f6z\u00f6tt szerepel az a k\u00f6telezetts\u00e9gv\u00e1llal\u00e1s, hogy j\u00f3hiszem\u0171en igyekszik megoldani a fogyaszt\u00f3i panaszokat.\"<\/em> <a href=\"http:\/\/www.bbb.org\/western-washington\/business-reviews\/movers\/atlas-van-lines-international-in-seattle-wa-27030248\" target=\"_blank\" rel=\"noopener\">Better Business Bureau<\/a><\/li>\n<li> <em>\"Csak egy sort akartam \u00edrni az Atlas Van Lines-szal szerzett nagyszer\u0171 tapasztalataink ut\u00e1n.\"<\/em> - Shahram kereszt\u00fcl <a href=\"https:\/\/www.consumeraffairs.com\/movers\/atlas.html\" target=\"_blank\" rel=\"noopener\">Fogyaszt\u00f3i \u00fcgyek<\/a><\/li>\n<li> <em>\"Nem is lehetn\u00e9k el\u00e9gedettebb az Atlas Van Lines \u00e1ltal ny\u00fajtott szolg\u00e1ltat\u00e1sokkal a k\u00f6lt\u00f6z\u00e9sem sor\u00e1n. <a href=\"https:\/\/moverdb.com\/hu\/koltozik-houston\/\">Houston<\/a>. M\u00e9g a sz\u00f6rny\u0171 id\u0151j\u00e1r\u00e1s ellen\u00e9re is id\u0151ben oda\u00e9rtek a b\u00fatoraim.\"<\/em> Katelyn kereszt\u00fcl <a href=\"http:\/\/www.yelp.co.uk\/biz\/atlas-van-lines-evansville-2?hrid=zrPxDQ8O1DE0pKFgOYoQzA&#038;utm_campaign=www_review_share_popup&#038;utm_medium=copy_link&#038;utm_source=(direct)\" target=\"_blank\" rel=\"noopener\">Yelp<\/a><\/li>\n<\/ul>\n<p><strong>Negat\u00edv<\/strong><\/p>\n<ul>\n<li> <em>\"A kisl\u00e1nyaink babak\u00f6tete elt\u0171nt, p\u00f3tolhatatlan.\"<\/em> - Ruth via <a href=\"http:\/\/www.atlasvanlines.com\/moving-company-reviews\/\" target=\"_blank\" rel=\"noopener\">Atlas Van Lines fel\u00fclvizsg\u00e1lati oldal<\/a><\/li>\n<li> <em>\"Atlas a legrosszabb. Jelenleg egy katonai k\u00f6lt\u00f6z\u00e9s k\u00f6zep\u00e9n vagyunk vel\u00fck, \u00edgy nem tudtunk v\u00e1lasztani. Miut\u00e1n sz\u00f6rny\u0171 \u00e9rt\u00e9kel\u00e9seket olvastam a c\u00e9gr\u0151l, agg\u00f3dtam, de \u00fagy gondoltam, hogy katonai csal\u00e1dk\u00e9nt mindent megtesznek, hogy gondoskodjanak azokr\u00f3l, akik \u00e1ldozatot hoztak \u00e9s szolg\u00e1lt\u00e1k a haz\u00e1jukat. Nem ez volt a helyzet.\"<\/em> - Chrstine kereszt\u00fcl <a href=\"http:\/\/moving-companies.credio.com\/l\/6\/Atlas-Van-Lines-Inc#review\/532419\" target=\"_blank\" rel=\"noopener\">Credio<\/a><\/li>\n<li> <em>\"Nagyon szerettem volna megkedvelni az Atlast \u00e9s a kanadai \u00fcgyn\u00f6k\u00fcket, AMJ Campbellt.  A nekem adott \u00e1raj\u00e1nlatok k\u00f6zep\u00e9n voltak, nem t\u00fal magasak, nem t\u00fal alacsonyak. Egy bar\u00e1tom aj\u00e1nlotta \u0151ket, aki egy \u00e9vvel ezel\u0151tt hasonl\u00f3 nemzetk\u00f6zi k\u00f6lt\u00f6z\u00e9st v\u00e9gzett. De t\u00f6bb esetben is cs\u00fafos kudarcot vallottak.\"<\/em>- Irene A. via <a href=\"http:\/\/www.yelp.co.uk\/biz\/atlas-van-lines-evansville-2?hrid=bDSbnk9dU-dvtTPUKtGOyA&#038;utm_campaign=www_review_share_popup&#038;utm_medium=copy_link&#038;utm_source=(direct)\" target=\"_blank\" rel=\"noopener\">Yelp<\/a><\/li>\n<li> <em>\"A k\u00f6lt\u00f6ztet\u0151k 21 napot k\u00e9stek a t\u00e1rgyaim sz\u00e1ll\u00edt\u00e1s\u00e1val.\"<\/em> - James via <a href=\"http:\/\/www.mymovingreviews.com\/movingreviews\/another-victim-49405\" target=\"_blank\" rel=\"noopener\">MyMovingReviews<\/a><\/li>\n<li> <em>\"Nemr\u00e9giben haszn\u00e1ltuk az ATLAS van lines-t, \u00e9s nem aj\u00e1nljuk ezt a c\u00e9get senkinek. Kevesebb, mint $7.000 forintos \u00e1raj\u00e1nlatot kaptunk a kis k\u00f6lt\u00f6z\u00e9si \u00e9s sz\u00e1ll\u00edt\u00e1si szolg\u00e1ltat\u00e1sunkra. V\u00e9g\u00fcl t\u00f6bb mint $12,000-et fizett\u00fcnk, majd kaptunk egy DROP-OFF szolg\u00e1ltat\u00e1st.\"<\/em> Noreen kereszt\u00fcl <a href=\"https:\/\/www.consumeraffairs.com\/movers\/atlas.html\" target=\"_blank\" rel=\"noopener\">Fogyaszt\u00f3i \u00fcgyek<\/a><\/li>\n<\/ul>\n<div itemprop=\"review\" itemscope itemtype=\"http:\/\/schema.org\/Review\">\n<span itemprop=\"author\" itemscope=\"\" itemtype=\"http:\/\/schema.org\/Organization\"><span itemprop=\"name\">MoverDB.com<\/span><\/span> Online weboldal-fel\u00fclvizsg\u00e1lat a <span itemprop=\"itemreviewed\" itemscope=\"\" itemtype=\"http:\/\/schema.org\/Brand\"><span itemprop=\"name\">Atlas International<\/span><\/span>:<\/p>\n<ol>\n<li> Egy\u00e9rtelm\u0171 el\u00e9rhet\u0151s\u00e9gek a weboldalon (bele\u00e9rtve a telefonsz\u00e1mot is): <strong>Igen<\/strong><\/li>\n<li> K\u00f6nnyen beszerezhet\u0151 <a href=\"https:\/\/moverdb.com\/hu\/idezi\/\">nemzetk\u00f6zi mozg\u00f3 \u00e1raj\u00e1nlatok<\/a>? (Online \u00e1raj\u00e1nlatk\u00e9r\u0151 \u0171rlap): <strong>Igen<\/strong><\/li>\n<li> Egy\u00e9rtelm\u0171 inform\u00e1ci\u00f3k a honlapon: <strong>R\u00e9szleges.<\/strong> B\u00e1r a weboldal sok hasznos inform\u00e1ci\u00f3t tartalmaz, nem t\u00fal j\u00f3l \u00e1ttekinthet\u0151. R\u00e1ad\u00e1sul mobilon nem is teljesen reszponz\u00edv.<\/li>\n<li> Tags\u00e1g nemzetk\u00f6zi elismert mozgat\u00f3 szervezetekben: <strong>Igen<\/strong>, 12 (l\u00e1sd fent)<\/li>\n<li> \u00dcgyfelek list\u00e1ja \u00e9s\/vagy kor\u00e1bbi v\u00e1s\u00e1rl\u00f3i aj\u00e1nl\u00e1sok: <strong>R\u00e9szleges.<\/strong> B\u00e1r a weboldalon elsz\u00f3rtan tal\u00e1lhat\u00f3k aj\u00e1nl\u00e1sok, nincs egy hely, ahol az \u00f6sszeset megn\u00e9zhetn\u00e9. R\u00e1ad\u00e1sul, b\u00e1r van egy \u00fcgyf\u00e9lr\u00e9szleg\u00fck a v\u00e1llalati k\u00f6lt\u00f6ztet\u00e9sek alatt, egyetlen \u00fcgyfelet sem eml\u00edtenek n\u00e9v szerint.<\/li>\n<\/ol>\n<div itemprop=\"reviewRating\" itemscope itemtype=\"http:\/\/schema.org\/Rating\"><meta itemprop=\"worstRating\" content = \"0\" \/><meta itemprop=\"bestRating\" content=\"5\" \/><meta itemprop=\"ratingValue\" content=\"4\"><\/div>\n<p><strong>\u00c1ltal\u00e1nos pontsz\u00e1m: 4\/5<\/strong><br \/>\n<strong>Fel\u00fclvizsg\u00e1lat d\u00e1tuma:<\/strong> <span itemprop=\"datePublished\" content=\"2016-04-21\">21\/04\/2016<\/span>\n<\/div>\n<p>Tov\u00e1bbi inform\u00e1ci\u00f3 <a href=\"https:\/\/moverdb.com\/hu\/koltozteto-cegek\/\">nemzetk\u00f6zi k\u00f6lt\u00f6ztet\u0151 c\u00e9gek<\/a>, <a href=\"https:\/\/moverdb.com\/hu\/us-canada-movers\/\">Amerikai sz\u00e9khely\u0171 k\u00f6lt\u00f6ztet\u0151 c\u00e9gek<\/a> \u00e9s a mi <a href=\"https:\/\/moverdb.com\/hu\/ertekelesek\/\">a fel\u00fclvizsg\u00e1lati folyamat magyar\u00e1zata<\/a>.<\/p>\n<p><strong>Weboldal:<\/strong> <a href=\"https:\/\/www.atlasvanlines.com\/international-movers\" target=\"_blank\" rel=\"noopener\">https:\/\/www.atlasvanlines.com\/international-movers<\/a><\/p>","protected":false},"excerpt":{"rendered":"<p>Atlas Van Lines International offers the following services for people moving abroad. You can also view a company profile and read reviews below: Personal and Corporate moves: Transportation Services Global door-to-door household goods transportation Ocean &#038; air freight Automobiles and boats Project freight (exhibits and displays) Relocation Services Program administration &#038; support Policy development Consulting [&hellip;]<\/p>\n","protected":false},"author":1,"featured_media":0,"parent":0,"menu_order":0,"comment_status":"closed","ping_status":"closed","template":"","meta":{"_genesis_hide_title":false,"_genesis_hide_breadcrumbs":false,"_genesis_hide_singular_image":false,"_genesis_hide_footer_widgets":false,"_genesis_custom_body_class":"","_genesis_custom_post_class":"","_genesis_layout":"","footnotes":""},"class_list":{"0":"post-246","1":"page","2":"type-page","3":"status-publish","5":"entry"},"_links":{"self":[{"href":"https:\/\/moverdb.com\/hu\/wp-json\/wp\/v2\/pages\/246","targetHints":{"allow":["GET"]}}],"collection":[{"href":"https:\/\/moverdb.com\/hu\/wp-json\/wp\/v2\/pages"}],"about":[{"href":"https:\/\/moverdb.com\/hu\/wp-json\/wp\/v2\/types\/page"}],"author":[{"embeddable":true,"href":"https:\/\/moverdb.com\/hu\/wp-json\/wp\/v2\/users\/1"}],"replies":[{"embeddable":true,"href":"https:\/\/moverdb.com\/hu\/wp-json\/wp\/v2\/comments?post=246"}],"version-history":[{"count":29,"href":"https:\/\/moverdb.com\/hu\/wp-json\/wp\/v2\/pages\/246\/revisions"}],"predecessor-version":[{"id":6178,"href":"https:\/\/moverdb.com\/hu\/wp-json\/wp\/v2\/pages\/246\/revisions\/6178"}],"wp:attachment":[{"href":"https:\/\/moverdb.com\/hu\/wp-json\/wp\/v2\/media?parent=246"}],"curies":[{"name":"wp","href":"https:\/\/api.w.org\/{rel}","templated":true}]}}