{"id":225,"date":"2016-03-28T16:58:52","date_gmt":"2016-03-28T16:58:52","guid":{"rendered":"http:\/\/moverdb.com\/?page_id=225"},"modified":"2026-01-08T14:47:25","modified_gmt":"2026-01-08T14:47:25","slug":"a-honlaprol","status":"publish","type":"page","link":"https:\/\/moverdb.com\/hu\/about\/","title":{"rendered":"A  oldalr\u00f3l"},"content":{"rendered":"<p>A MoverDB.com az\u00e9rt j\u00f6tt l\u00e9tre, hogy elfogulatlan inform\u00e1ci\u00f3kat adjon \u00d6nnek a k\u00f6vetkez\u0151kr\u0151l <a href=\"https:\/\/moverdb.com\/hu\/moving-companies\/\" data-internallinksmanager029f6b8e52c=\"79\" title=\"Top 25 nemzetk\u00f6zi k\u00f6lt\u00f6ztet\u0151 c\u00e9gek online\">nemzetk\u00f6zi k\u00f6lt\u00f6ztet\u0151 c\u00e9gek<\/a> \u00e9s a tengerent\u00fali k\u00f6lt\u00f6z\u00e9ssel kapcsolatos k\u00f6lts\u00e9gek. <\/p>\n<p>Seg\u00edts\u00e9g\u00fcl \u00f6ssze\u00e1ll\u00edtottunk n\u00e9h\u00e1ny hasznos \u00fatmutat\u00f3t, amelyekkel k\u00f6nnyebben el tudsz indulni. Megtudhatsz mindent:<\/p>\n<ul>\n<li> <a href=\"https:\/\/moverdb.com\/hu\/kontenerszallitas\/\">Nemzetk\u00f6zi kont\u00e9nersz\u00e1ll\u00edt\u00e1si d\u00edjak<\/a><\/li>\n<li> <a href=\"https:\/\/moverdb.com\/hu\/koltozteto-cegek\/\">Top 25 nemzetk\u00f6zi k\u00f6lt\u00f6ztet\u0151 c\u00e9gek online<\/a><\/li>\n<li> <a href=\"https:\/\/moverdb.com\/hu\/hajozasi-tarsasagok\/\">Top 20 nemzetk\u00f6zi sz\u00e1ll\u00edtm\u00e1nyoz\u00e1si v\u00e1llalat<\/a><\/li>\n<li> <a href=\"https:\/\/moverdb.com\/hu\/nemzetkozi-koltoztetes\/\">Nemzetk\u00f6zi k\u00f6lt\u00f6ztet\u00e9s: Top 12 c\u00e9gek az Egyes\u00fclt Kir\u00e1lys\u00e1gban<\/a><\/li>\n<li> <a href=\"https:\/\/moverdb.com\/hu\/koltozesi-koltsegek\/\">Nemzetk\u00f6zi k\u00f6lt\u00f6z\u00e9si k\u00f6lts\u00e9gek: 9 dolog, amit nem hagyhat figyelmen k\u00edv\u00fcl<\/a><\/li>\n<li> <a href=\"https:\/\/moverdb.com\/hu\/szallitmanyozo\/\">Sz\u00e1ll\u00edtm\u00e1nyoz\u00f3 \u00e9s NVOCC nemzetk\u00f6zi k\u00f6lts\u00e9g \u00e9s c\u00e9gek \u00fatmutat\u00f3ja<\/a><\/li>\n<li> <a href=\"https:\/\/moverdb.com\/hu\/idezi\/\">Nemzetk\u00f6zi k\u00f6lt\u00f6z\u00e9si \u00e1raj\u00e1nlatok: 12 m\u00f3dja a k\u00f6lt\u00f6ztet\u0151 \u00f6sszehasonl\u00edt\u00e1s\u00e1nak<\/a><\/li>\n<\/ul>\n<p>\u00c9rdemes megjegyezni, hogy az oldal tetej\u00e9n tal\u00e1lhat\u00f3 \u0171rlap seg\u00edts\u00e9g\u00e9vel ak\u00e1r 6 nemzetk\u00f6zi k\u00f6lt\u00f6ztet\u0151 c\u00e9gt\u0151l is k\u00e9rhet \u00e1raj\u00e1nlatot. Egy\u00fcttm\u0171k\u00f6d\u00fcnk a <a href=\"https:\/\/moverdb.com\/hu\/international-removals\/\" data-internallinksmanager029f6b8e52c=\"27\" title=\"36 legjobb nemzetk\u00f6zi k\u00f6lt\u00f6ztet\u0151 c\u00e9gek az Egyes\u00fclt Kir\u00e1lys\u00e1gban\">Nemzetk\u00f6zi k\u00f6lt\u00f6ztet\u00e9s<\/a> Direct, hogy biztos\u00edtsuk, hogy a vil\u00e1g legjobb c\u00e9gei k\u00f6z\u00fcl a legjobbakkal ker\u00fclj\u00f6n \u00f6ssze. <\/p>\n<p>Ha van valami, amit sz\u00edvesen l\u00e1tna az oldalunkon, k\u00e9rj\u00fck, b\u00e1tran \u00edrjon nek\u00fcnk <a href=\"https:\/\/moverdb.com\/hu\/contact-us\/\">kapcsolatfelv\u00e9tel<\/a>.<\/p>","protected":false},"excerpt":{"rendered":"<p>MoverDB.com was set-up to give you unbiased information about international moving companies and the costs associated with moving overseas. To help you we&#8217;ve created some handy guides to get you started. You can find out about: International Container Shipping Rates Top 25 International Moving Companies Online Top 20 International Shipping Companies International Removals: Top 12 [&hellip;]<\/p>\n","protected":false},"author":1,"featured_media":0,"parent":0,"menu_order":0,"comment_status":"closed","ping_status":"closed","template":"","meta":{"_genesis_hide_title":false,"_genesis_hide_breadcrumbs":false,"_genesis_hide_singular_image":false,"_genesis_hide_footer_widgets":false,"_genesis_custom_body_class":"","_genesis_custom_post_class":"","_genesis_layout":"","footnotes":""},"class_list":{"0":"post-225","1":"page","2":"type-page","3":"status-publish","5":"entry"},"_links":{"self":[{"href":"https:\/\/moverdb.com\/hu\/wp-json\/wp\/v2\/pages\/225","targetHints":{"allow":["GET"]}}],"collection":[{"href":"https:\/\/moverdb.com\/hu\/wp-json\/wp\/v2\/pages"}],"about":[{"href":"https:\/\/moverdb.com\/hu\/wp-json\/wp\/v2\/types\/page"}],"author":[{"embeddable":true,"href":"https:\/\/moverdb.com\/hu\/wp-json\/wp\/v2\/users\/1"}],"replies":[{"embeddable":true,"href":"https:\/\/moverdb.com\/hu\/wp-json\/wp\/v2\/comments?post=225"}],"version-history":[{"count":4,"href":"https:\/\/moverdb.com\/hu\/wp-json\/wp\/v2\/pages\/225\/revisions"}],"predecessor-version":[{"id":5337,"href":"https:\/\/moverdb.com\/hu\/wp-json\/wp\/v2\/pages\/225\/revisions\/5337"}],"wp:attachment":[{"href":"https:\/\/moverdb.com\/hu\/wp-json\/wp\/v2\/media?parent=225"}],"curies":[{"name":"wp","href":"https:\/\/api.w.org\/{rel}","templated":true}]}}