{"id":1684,"date":"2017-02-23T19:16:05","date_gmt":"2017-02-23T19:16:05","guid":{"rendered":"http:\/\/moverdb.com\/?page_id=1684"},"modified":"2026-01-08T14:45:54","modified_gmt":"2026-01-08T14:45:54","slug":"1-800-pack-rat","status":"publish","type":"page","link":"https:\/\/moverdb.com\/hu\/1-800-pack-rat\/","title":{"rendered":"1-800-Pack-Rat - Nemzetk\u00f6zi k\u00f6lt\u00f6ztet\u00e9s V\u00e9lem\u00e9nyek"},"content":{"rendered":"<p>Az 1-800-Pack-Rat egyszer\u0171 lehet\u0151s\u00e9get k\u00edn\u00e1l \u00fcgyfeleinek a k\u00f6lt\u00f6ztet\u00e9s sor\u00e1n. Az al\u00e1bbiakban a r\u00e9szletek, valamint a c\u00e9g profilja \u00e9s az \u00e9rt\u00e9kel\u00e9sek szerepelnek.<\/p>\n<p><strong>Hossz\u00fa t\u00e1v\u00fa \u00e9s helyi k\u00f6lt\u00f6z\u00e9sek<\/strong><\/p>\n<ul>\n<li> A kont\u00e9ner sz\u00e1ll\u00edt\u00e1sa legal\u00e1bb 30 nappal a k\u00f6lt\u00f6z\u00e9s el\u0151tt<\/li>\n<li> \u00d6ncsomagol\u00f3 kont\u00e9ner vagy profi csomagol\u00f3k alkalmaz\u00e1sa<\/li>\n<li> Ingyenes v\u00e1g\u00e1smentes kont\u00e9nerz\u00e1r<\/li>\n<li> Ingyenes $10,000 tartalmi v\u00e9delem<\/li>\n<li> Hossz\u00fa \u00e9s r\u00f6vid t\u00e1rol\u00e1si lehet\u0151s\u00e9g<\/li>\n<li> Kont\u00e9nerek begy\u0171jt\u00e9se \u00e9s c\u00e9l\u00e1llom\u00e1sra sz\u00e1ll\u00edt\u00e1sa<\/li>\n<\/ul>\n<p><strong>Katonai mozg\u00e1sok<\/strong><\/p>\n<ul>\n<li> A katonai szem\u00e9lyzet v\u00e1laszthat szem\u00e9lyesen beszerzett k\u00f6lt\u00f6z\u00e9si m\u00f3dot (PPM).<\/li>\n<li> A korm\u00e1ny 95% szakmai k\u00f6lts\u00e9get t\u00e9r\u00edt meg. <a href=\"https:\/\/moverdb.com\/hu\/koltozesi-koltsegek\/\">k\u00f6lt\u00f6z\u00e9si k\u00f6lts\u00e9gek<\/a><\/li>\n<li> Kont\u00e9ner h\u00e1zhoz sz\u00e1ll\u00edtva<\/li>\n<li> 30 nap vagy t\u00f6bb a csomagol\u00e1sig<\/li>\n<li> <a href=\"https:\/\/moverdb.com\/hu\/kontenerszallitas\/\">Kont\u00e9neres sz\u00e1ll\u00edt\u00e1s<\/a> \u00faj helyre<\/li>\n<\/ul>\n<p><strong>T\u00e1rol\u00e1s<\/strong><\/p>\n<ul>\n<li> 24\/7 vide\u00f3 fel\u00fcgyelet<\/li>\n<li> Automatiz\u00e1lt locsol\u00f3berendez\u00e9sek<\/li>\n<li> Kl\u00edmavez\u00e9relt<\/li>\n<li> K\u00f6nny\u0171 hozz\u00e1f\u00e9r\u00e9s a helysz\u00ednen<\/li>\n<li> Nem gond a sz\u00e1ll\u00edt\u00e1s<\/li>\n<\/ul>\n<p><strong>Kont\u00e9ner haszn\u00e1lata<\/strong><\/p>\n<ul>\n<li> Helyre\u00e1ll\u00edt\u00e1s \u00e9s k\u00e1rmentes\u00edt\u00e9s<\/li>\n<li> V\u00e1llalkoz\u00f3i szolg\u00e1ltat\u00e1sok<\/li>\n<li> Szezon\u00e1lis t\u00e1rol\u00e1s<\/li>\n<li> Ingatlanszolg\u00e1ltat\u00e1sok<\/li>\n<li> Katasztr\u00f3fav\u00e9delem<\/li>\n<li> Esem\u00e9nyt\u00e1rol\u00e1s<\/li>\n<li> Kiskereskedelmi \u00e9s kereskedelmi t\u00e1rol\u00e1s<\/li>\n<li> Biztos\u00edt\u00f3t\u00e1rsas\u00e1gok<\/li>\n<li> V\u00e1llalati vagy katonai \u00e1thelyez\u00e9s<\/li>\n<li> Sz\u00e1ll\u00edtm\u00e1nyoz\u00e1si \u00e9s logisztikai megold\u00e1sok<\/li>\n<\/ul>\n<h2>1-800-Pack-Rat V\u00e1llalati profil<\/h2>\n<p>Az 1-800-Pack-Rat sz\u00e1mos telephellyel rendelkezik az al\u00e1bbi ter\u00fcleteken <a href=\"https:\/\/moverdb.com\/hu\/moving-to-the-united-states\/\" data-internallinksmanager029f6b8e52c=\"94\" title=\"Az Egyes\u00fclt \u00c1llamokba k\u00f6lt\u00f6zik? 2022 Meg\u00e9lhet\u00e9si k\u00f6lts\u00e9gek \u00e9s k\u00f6lt\u00f6z\u00e9si tippek\">Egyes\u00fclt \u00c1llamok<\/a> \u00e9s <a href=\"https:\/\/moverdb.com\/hu\/moving-to-canada\/\" data-internallinksmanager029f6b8e52c=\"265\" title=\"K\u00f6lt\u00f6z\u00e9s Kanad\u00e1ba? 2023 \u00c9letk\u00f6lts\u00e9gek \u00e9s k\u00f6lt\u00f6z\u00e9si tippek\">Kanada<\/a>. A c\u00e9g t\u00f6bb mint 10 \u00e9ves tapasztalattal rendelkezik a szem\u00e9ly- \u00e9s c\u00e9gt\u00e1rol\u00e1s \u00e9s k\u00f6lt\u00f6ztet\u00e9s ter\u00e9n helyi \u00e9s t\u00e1vols\u00e1gi szinten.<\/p>\n<p>Az 1-800-Pack-Rat a k\u00f6vetkez\u0151 akkredit\u00e1ci\u00f3kkal \u00e9s kapcsolatokkal rendelkezik:<\/p>\n<ul>\n<li> A honlapon nem szerepel, b\u00e1r a <a href=\"https:\/\/moverdb.com\/hu\/en-vagyok\/\" target=\"_blank\" rel=\"noopener\">K\u00f6lt\u00f6ztet\u0151k Nemzetk\u00f6zi Sz\u00f6vets\u00e9ge<\/a> a tagk\u00f6nyv\u00fckben felsorolja \u0151ket.<\/li>\n<\/ul>\n<h2>1-800-Pack-Rat V\u00e9lem\u00e9nyek<\/h2>\n<p><strong>Pozit\u00edv:<\/strong><\/p>\n<ul>\n<li> <em>\"Csod\u00e1latos volt, hogy nem kellett agg\u00f3dnunk a k\u00f6lt\u00f6z\u00e9s\u00fcnk ezen aspektusa miatt. Az eg\u00e9sz tapasztalat a kezdeti h\u00edv\u00e1somt\u00f3l kezdve a versenyk\u00e9pes \u00e1raj\u00e1nlatok beszerz\u00e9s\u00e9n \u00e1t az online \u00fctemez\u00e9sig, az automatikus fizet\u00e9sig, \u00e9s a hozz\u00e1\u00e9rt\u0151 \u00e9s bar\u00e1ts\u00e1gos szem\u00e9lyzettel val\u00f3 foglalkoz\u00e1sig, amikor k\u00e9rd\u00e9seim voltak, stresszmentes volt. M\u00e9g nem fejeztem be a kicsomagol\u00e1st, de eddig minden rendben van azzal, hogy a holmim \u00e9ps\u00e9gben meg\u00e9rkeztek.\"<\/em> - Heather via <a href=\"https:\/\/www.1800packrat.com\/reviews\" target=\"_blank\" rel=\"noopener\">v\u00e1s\u00e1rl\u00f3i aj\u00e1nl\u00e1s<\/a><\/li>\n<li> <em>\"Az 1-800-PACK-RAT-tal k\u00f6lt\u00f6ztett\u00fck \u00e1t az \u00f6sszes holminkat, \u00e9s a tapasztalat nagyszer\u0171 volt. K\u00e9rd\u00e9sekre rendelkez\u00e9sre \u00e1lltak, m\u00e9g \u00e9jszaka is, udvariasak \u00e9s bar\u00e1ts\u00e1gosak voltak. Minden hat\u00e1rid\u0151t betartottak, megengedt\u00e9k, hogy n\u00e9h\u00e1ny nap alatt \u00f6sszepakoljuk a saj\u00e1t dolgainkat &amp; majd 10 napon bel\u00fcl elsz\u00e1ll\u00edtott\u00e1k az \u00faj helyre.\"<\/em> - a <a href=\"https:\/\/uk.trustpilot.com\/reviews\/58acb46d883cc60a283ce37e\" target=\"_blank\" rel=\"noopener\">TrustPilot<\/a><\/li>\n<li> <em>\"Nemr\u00e9g k\u00f6lt\u00f6ztem el egy nagy t\u00e1vols\u00e1gra a <a href=\"https:\/\/moverdb.com\/hu\/moving-to-the-united-states\/moving-to-california\/\" data-internallinksmanager029f6b8e52c=\"330\" title=\"Kaliforni\u00e1ba k\u00f6lt\u00f6zik? 2023 \u00c9letk\u00f6lts\u00e9gek \u00e9s k\u00f6lt\u00f6z\u00e9si tippek\">Kalifornia<\/a> a  c\u00edmre. <a href=\"https:\/\/moverdb.com\/hu\/moving-to-the-united-states\/moving-to-florida\/\" data-internallinksmanager029f6b8e52c=\"331\" title=\"K\u00f6lt\u00f6z\u00e9s Florid\u00e1ba? 2023 \u00c9letk\u00f6lts\u00e9gek \u00e9s k\u00f6lt\u00f6z\u00e9si tippek\">Florida<\/a> a Pack Rat t\u00e1rol\u00f3 haszn\u00e1lat\u00e1val. \u00c9s \u00fajra haszn\u00e1lni fogom \u0151ket, id\u0151ben \u00e9rkeztek a lead\u00e1st\u00f3l a sz\u00e1ll\u00edt\u00e1sig, \u00e9s a Pack Rat olcs\u00f3bb volt, mint a PODS.\"<\/em> - Paul via <a href=\"https:\/\/www.yelp.co.uk\/biz\/1-800-pack-rat-tampa?hrid=sQKUV3MPkChipe8OJiZIcQ&#038;utm_campaign=www_review_share_popup&#038;utm_medium=copy_link&#038;utm_source=(direct)\" target=\"_blank\" rel=\"noopener\">Yelp<\/a><\/li>\n<\/ul>\n<p><strong>Negat\u00edv:<\/strong><\/p>\n<ul>\n<li> <em>\"Egy r\u00e9m\u00e1lom. Ott senki sem tudja, mit csin\u00e1l a m\u00e1sik.\"<\/em> - Mia via <a href=\"https:\/\/www.yelp.com\/biz\/1-800-pack-rat-fremont?hrid=YhOaE8BWuhGeu6UpKuLVVQ&#038;utm_campaign=www_review_share_popup&#038;utm_medium=copy_link&#038;utm_source=(direct)\" target=\"_blank\" rel=\"noopener\">Yelp<\/a><\/li>\n<li> <em>\"K\u00e9ptelenek voltak, vagy ink\u00e1bb nem voltak hajland\u00f3ak m\u00e9g a h\u00e1zamhoz is sz\u00e1ll\u00edtani a kapszul\u00e1t. A sof\u0151r nem m\u00e9rt semmit. Ott volt 2 percig \u00e9s elhajtott. Amikor felh\u00edvtam az \u00fcgyf\u00e9lszolg\u00e1latot, hihetetlen\u00fcl udvariatlanok voltak!\"<\/em> - Leila kereszt\u00fcl <a href=\"https:\/\/www.bbb.org\/boston\/business-reviews\/storage-units-household-and-commercial\/1-800-pack-rat-in-foxboro-ma-116673\/reviews-and-complaints\" target=\"_blank\" rel=\"noopener\">BBB.org<\/a><\/li>\n<li> <em>\"Annyira d\u00fch\u00f6s az 1-800-PackRat\"<\/em> - a <a href=\"https:\/\/www.pissedconsumer.com\/company\/1800-pack-rat\/so-angry-with-1-800-packrat-20161024942159.html\" target=\"_blank\" rel=\"noopener\">Pissed fogyaszt\u00f3<\/a><\/li>\n<\/ul>\n<div itemprop=\"review\" itemscope itemtype=\"http:\/\/schema.org\/Review\">\n<span itemprop=\"author\" itemscope=\"\" itemtype=\"http:\/\/schema.org\/Organization\"><span itemprop=\"name\">MoverDB.com<\/span><\/span> Online weboldal-fel\u00fclvizsg\u00e1lat a <span itemprop=\"itemreviewed\" itemscope=\"\" itemtype=\"http:\/\/schema.org\/Brand\"><span itemprop=\"name\">1-800-Pack-Rat<\/span><\/span>:<\/p>\n<ol>\n<li> Egy\u00e9rtelm\u0171 el\u00e9rhet\u0151s\u00e9gek a weboldalon (bele\u00e9rtve a telefonsz\u00e1mot is): <strong>Igen<\/strong><\/li>\n<li> K\u00f6nnyen beszerezhet\u0151 <a href=\"https:\/\/moverdb.com\/hu\/idezi\/\">k\u00f6lt\u00f6z\u00e9si \u00e1raj\u00e1nlatok<\/a>? (Online \u00e1raj\u00e1nlatk\u00e9r\u0151 \u0171rlap): <strong>Igen<\/strong><\/li>\n<li> Egy\u00e9rtelm\u0171 inform\u00e1ci\u00f3k a honlapon: <strong>Igen,<\/strong> A weboldal vil\u00e1gosan ismerteti a v\u00e1llalat \u00e1ltal k\u00edn\u00e1lt \u00f6sszes szolg\u00e1ltat\u00e1st.<\/li>\n<li> Tags\u00e1g nemzetk\u00f6zi elismert mozgat\u00f3 szervezetekben: <strong>Igen<\/strong>, de nem szerepel a honlapon.<\/li>\n<li> \u00dcgyfelek list\u00e1ja \u00e9s\/vagy kor\u00e1bbi v\u00e1s\u00e1rl\u00f3i aj\u00e1nl\u00e1sok: <strong>Igen,<\/strong> de az internet t\u00f6bbi r\u00e9sz\u00e9nek v\u00e9lem\u00e9nye nagyon vegyes.<\/li>\n<\/ol>\n<div itemprop=\"reviewRating\" itemscope itemtype=\"http:\/\/schema.org\/Rating\"><meta itemprop=\"worstRating\" content = \"0\" \/><meta itemprop=\"bestRating\" content=\"5\" \/><meta itemprop=\"ratingValue\" content=\"4\"><\/div>\n<p><strong>\u00c1ltal\u00e1nos pontsz\u00e1m: 4\/5<\/strong><br \/>\n<strong>Fel\u00fclvizsg\u00e1lat d\u00e1tuma:<\/strong> <span itemprop=\"datePublished\" content=\"2017-02-23\">23\/02\/2017<\/span>\n<\/div>\n<p>Tov\u00e1bbi inform\u00e1ci\u00f3 <a href=\"https:\/\/moverdb.com\/hu\/koltozteto-cegek\/\">nemzetk\u00f6zi k\u00f6lt\u00f6ztet\u0151k<\/a> \u00e9s a mi <a href=\"https:\/\/moverdb.com\/hu\/ertekelesek\/\">fel\u00fclvizsg\u00e1lati folyamat<\/a>.<\/p>\n<p><strong>Weboldal:<\/strong> <a href=\"https:\/\/www.1800packrat.com\/\" target=\"_blank\" rel=\"noopener\">https:\/\/www.1800packrat.com\/<\/a><\/p>","protected":false},"excerpt":{"rendered":"<p>1-800-Pack-Rat offers its customers an easy option when it comes to moving. The details are listed below, together with a company profile and reviews. Long Distance and Local Moves Deliver container at least 30 days prior to moving Self-pack container or employ professional packers Complimentary no-cut container lock Complimentary $10,000 contents protection Long and short [&hellip;]<\/p>\n","protected":false},"author":1,"featured_media":0,"parent":0,"menu_order":0,"comment_status":"closed","ping_status":"closed","template":"","meta":{"_genesis_hide_title":false,"_genesis_hide_breadcrumbs":false,"_genesis_hide_singular_image":false,"_genesis_hide_footer_widgets":false,"_genesis_custom_body_class":"","_genesis_custom_post_class":"","_genesis_layout":"","footnotes":""},"class_list":{"0":"post-1684","1":"page","2":"type-page","3":"status-publish","5":"entry"},"_links":{"self":[{"href":"https:\/\/moverdb.com\/hu\/wp-json\/wp\/v2\/pages\/1684","targetHints":{"allow":["GET"]}}],"collection":[{"href":"https:\/\/moverdb.com\/hu\/wp-json\/wp\/v2\/pages"}],"about":[{"href":"https:\/\/moverdb.com\/hu\/wp-json\/wp\/v2\/types\/page"}],"author":[{"embeddable":true,"href":"https:\/\/moverdb.com\/hu\/wp-json\/wp\/v2\/users\/1"}],"replies":[{"embeddable":true,"href":"https:\/\/moverdb.com\/hu\/wp-json\/wp\/v2\/comments?post=1684"}],"version-history":[{"count":3,"href":"https:\/\/moverdb.com\/hu\/wp-json\/wp\/v2\/pages\/1684\/revisions"}],"predecessor-version":[{"id":6165,"href":"https:\/\/moverdb.com\/hu\/wp-json\/wp\/v2\/pages\/1684\/revisions\/6165"}],"wp:attachment":[{"href":"https:\/\/moverdb.com\/hu\/wp-json\/wp\/v2\/media?parent=1684"}],"curies":[{"name":"wp","href":"https:\/\/api.w.org\/{rel}","templated":true}]}}