{"id":1680,"date":"2017-01-25T11:25:11","date_gmt":"2017-01-25T11:25:11","guid":{"rendered":"http:\/\/moverdb.com\/?page_id=1680"},"modified":"2026-01-08T14:47:26","modified_gmt":"2026-01-08T14:47:26","slug":"mozgekonysag","status":"publish","type":"page","link":"https:\/\/moverdb.com\/hu\/agility\/","title":{"rendered":"Agility - Nemzetk\u00f6zi k\u00f6lt\u00f6ztet\u00e9s \u00e9s sz\u00e1ll\u00edt\u00e1s V\u00e9lem\u00e9nyek"},"content":{"rendered":"<p>Az Agility a legnagyobb logisztikai \u00e9s <a href=\"https:\/\/moverdb.com\/hu\/moving-companies\/\" data-internallinksmanager029f6b8e52c=\"79\" title=\"Top 25 nemzetk\u00f6zi k\u00f6lt\u00f6ztet\u0151 c\u00e9gek online\">k\u00f6lt\u00f6ztet\u0151 c\u00e9g<\/a> a K\u00f6zel-Keleten. \u00dcgyfeleinek a szolg\u00e1ltat\u00e1sok sz\u00e9les sk\u00e1l\u00e1j\u00e1t k\u00edn\u00e1lja, amelyeket az al\u00e1bbiakban felsorolunk, a v\u00e1llalati profillal \u00e9s az \u00e9rt\u00e9kel\u00e9sekkel egy\u00fctt. <strong>Vegye figyelembe, hogy az Agility nem sz\u00e1ll\u00edt h\u00e1ztart\u00e1si vagy szem\u00e9lyes t\u00e1rgyakat mag\u00e1nszem\u00e9lyek sz\u00e1m\u00e1ra.<\/strong>.<\/p>\n<p><strong>Nemzetk\u00f6zi k\u00f6lt\u00f6z\u00e9sek<\/strong><\/p>\n<ul>\n<li> H\u00e1zhoz men\u0151 szolg\u00e1ltat\u00e1s<\/li>\n<li> Tengeri vagy l\u00e9gi sz\u00e1ll\u00edt\u00e1s<\/li>\n<li> Szak\u00e9rt\u0151i csomagol\u00e1si szolg\u00e1ltat\u00e1s<\/li>\n<li> Szak\u00e9rt\u0151i kicsomagol\u00e1si szolg\u00e1ltat\u00e1s<\/li>\n<li> T\u00f6rmel\u00e9k elt\u00e1vol\u00edt\u00e1sa<\/li>\n<li> V\u00e1m\u00fcgyn\u00f6ki \u00e9s v\u00e1mkezel\u00e9si k\u00e9rd\u00e9sek kezel\u00e9se<\/li>\n<li> A speci\u00e1lis kont\u00e9nerek rakod\u00e1s\u00e1nak helysz\u00edni fel\u00fcgyelete<\/li>\n<li> Hossz\u00fa \u00e9s r\u00f6vid t\u00e1v\u00fa t\u00e1rol\u00e1s<\/li>\n<li> Biztos\u00edt\u00e1s<\/li>\n<li> Speci\u00e1lis csomagol\u00e1s<\/li>\n<li> K\u00e9sz\u00fcl\u00e9kek szervizel\u00e9se<\/li>\n<li> Ezermester szolg\u00e1ltat\u00e1s<\/li>\n<li> Villanyszerel\u0151<\/li>\n<li> B\u00fatorok \u00e9s \u00e1ruk sz\u00e9tszerel\u00e9se \u00e9s \u00f6sszeszerel\u00e9se<\/li>\n<li> Nagym\u00e9ret\u0171 \u00e9s\/vagy t\u00f6r\u00e9keny t\u00e1rgyak speci\u00e1lis kezel\u00e9se<\/li>\n<\/ul>\n<p><strong>Rakt\u00e1roz\u00e1s \u00e9s eloszt\u00e1s<\/strong><\/p>\n<ul>\n<li> Teljes k\u00f6r\u0171 menedzsment<\/li>\n<li> K\u00f6z\u00fati, l\u00e9gi \u00e9s tengeri fuvaroz\u00e1s<\/li>\n<li> Rugalmass\u00e1g a l\u00e9tes\u00edtm\u00e9ny m\u00e9ret\u00e9t \u00e9s t\u00edpus\u00e1t illet\u0151en<\/li>\n<li> V\u00e9gpontt\u00f3l v\u00e9gpontig tart\u00f3 k\u00e9szlettervez\u00e9s \u00e9s felt\u00f6lt\u00e9s kezel\u00e9se<\/li>\n<\/ul>\n<p><strong>Ipari megold\u00e1sok<\/strong><\/p>\n<ul>\n<li> Aut\u00f3ipari mozg\u00e1sok<\/li>\n<li> Biztons\u00e1gos, megb\u00edzhat\u00f3 vegyszermozg\u00e1sok<\/li>\n<li> Fogyaszt\u00e1si cikkek<\/li>\n<li> Nemzetk\u00f6zi szervezetek, korm\u00e1nyok, seg\u00e9lyszervezetek \u00e9s katonas\u00e1g mozgat\u00e1sa.<\/li>\n<li> Ipari k\u00f6lt\u00f6z\u00e9sek<\/li>\n<li> Olaj- \u00e9s g\u00e1zlogisztikai megold\u00e1sok<\/li>\n<li> Gy\u00f3gyszeripari \u00e9s \u00e9lettudom\u00e1nyi ell\u00e1t\u00e1si l\u00e1nc<\/li>\n<li> Technol\u00f3gia<\/li>\n<li> V\u00e1s\u00e1rok \u00e9s rendezv\u00e9nyek<\/li>\n<\/ul>\n<h2>Agility C\u00e9gprofil<\/h2>\n<p>Az Agility egy glob\u00e1lis logisztikai v\u00e1llalat, amelynek sz\u00e9khelye Sulaibiya, <a href=\"https:\/\/moverdb.com\/hu\/moving-to-kuwait\/\" data-internallinksmanager029f6b8e52c=\"354\" title=\"Kuvaitba k\u00f6lt\u00f6zik? 2023 \u00c9letk\u00f6lts\u00e9gek \u00e9s k\u00f6lt\u00f6z\u00e9si tippek\">Kuvait<\/a>. Az Agility v\u00e1llalatokat, korm\u00e1nyokat, seg\u00e9lyszervezeteket, a hadsereget \u00e9s nemzetk\u00f6zi szervezeteket szolg\u00e1l ki sz\u00e1ll\u00edt\u00e1ssal, rakt\u00e1roz\u00e1ssal, <a href=\"https:\/\/moverdb.com\/hu\/szallitmanyozo\/\">sz\u00e1ll\u00edtm\u00e1nyoz\u00e1s<\/a> \u00e9s logisztikai megold\u00e1sok. A v\u00e1llalat t\u00f6bb mint 22 000 embert foglalkoztat, \u00e9s t\u00f6bb mint 500 irod\u00e1val rendelkezik 100 orsz\u00e1gban.<\/p>\n<p>Az Agility 1979-ben kezdte \u00e9let\u00e9t egy kuvaiti \u00e1llami tulajdon\u00fa v\u00e1llalatk\u00e9nt - Public Warehousing Co. 1997-ben a v\u00e1llalatot privatiz\u00e1lt\u00e1k, \u00e9s Tarek Sultan Al Essa lett az eln\u00f6ke. Az Agility \u00fagy d\u00f6nt\u00f6tt, hogy olyan kiakn\u00e1zatlan piacokra t\u00f6r, mint Afrika, \u00c1zsia, a K\u00f6zel-Kelet \u00e9s Latin-Amerika. A v\u00e1llalat gyorsan terjeszkedett, \u00e9s vil\u00e1gszerte t\u00f6bb mint 40 logisztikai v\u00e1llalatot \u00e9s eszk\u00f6zt v\u00e1s\u00e1rolt fel. <\/p>\n<p>2004-re az Agility lett a legnagyobb logisztikai szolg\u00e1ltat\u00f3 a K\u00f6zel-Keleten. A PWC csak 2006-ban v\u00e1lt Agility n\u00e9ven ismertt\u00e9, \u00faj szlogennel: \"A New Logistics Leader\".<\/p>\n<p>Az Agilitynek k\u00e9t \u00fczlet\u00e1ga van: az Agility Global Integrated Logistics \u00e9s az Agility Infrastructure. Az el\u0151bbi ell\u00e1t\u00e1si l\u00e1nc megold\u00e1sokat k\u00edn\u00e1l \u00fcgyfeleinek. Az Agility 2,14 milli\u00f3 sz\u00e1ll\u00edtm\u00e1nyt teljes\u00edtett, 60 500 \u00fcgyfelet szolg\u00e1lva ki. A v\u00e1llalat 372 700 tonna l\u00e9gi \u00e1rut \u00e9s 513 100 TEU l\u00e9gi \u00e1rut mozgatott. Az Agility Infrastructure a felt\u00f6rekv\u0151 piacokat seg\u00edti a logisztik\u00e1val kapcsolatos probl\u00e9m\u00e1kban.<\/p>\n<p>Az Agility humanit\u00e1rius katasztr\u00f3f\u00e1k eset\u00e9n pro bono logisztikai t\u00e1mogat\u00e1st ny\u00fajt. Munkat\u00e1rsai a helyi k\u00f6z\u00f6ss\u00e9geket is t\u00e1mogatj\u00e1k<br \/>\n.<br \/>\nAz Agility a k\u00f6vetkez\u0151 tags\u00e1gokkal \u00e9s akkredit\u00e1ci\u00f3kkal rendelkezik:<\/p>\n<ul>\n<li> A honlapon nem szerepel<\/li>\n<\/ul>\n<h2>Agility Moving V\u00e9lem\u00e9nyek<\/h2>\n<p><em>K\u00e9rj\u00fck, vegye figyelembe, hogy az \u00edr\u00e1s id\u0151pontj\u00e1ban nem tal\u00e1ltunk online \u00e9rt\u00e9kel\u00e9st az Agility mozg\u00f3 szolg\u00e1ltat\u00e1sair\u00f3l.<\/em> <\/p>\n<div itemprop=\"review\" itemscope itemtype=\"http:\/\/schema.org\/Review\">\n<span itemprop=\"author\" itemscope=\"\" itemtype=\"http:\/\/schema.org\/Organization\"><span itemprop=\"name\">MoverDB.com<\/span><\/span> Online weboldal-fel\u00fclvizsg\u00e1lat a <span itemprop=\"itemreviewed\" itemscope=\"\" itemtype=\"http:\/\/schema.org\/Brand\"><span itemprop=\"name\">Agility Moving<\/span><\/span>:<\/p>\n<ol>\n<li> Egy\u00e9rtelm\u0171 el\u00e9rhet\u0151s\u00e9gek a weboldalon (bele\u00e9rtve a telefonsz\u00e1mot is): <strong>Igen<\/strong><\/li>\n<li> K\u00f6nnyen beszerezhet\u0151 <a href=\"https:\/\/moverdb.com\/hu\/idezi\/\">nemzetk\u00f6zi mozg\u00f3 \u00e1raj\u00e1nlatok<\/a>? (Online \u00e1raj\u00e1nlatk\u00e9r\u0151 \u0171rlap): <strong>Igen<\/strong><\/li>\n<li> Egy\u00e9rtelm\u0171 inform\u00e1ci\u00f3k a honlapon: <strong>Igen,<\/strong> Az \u00e1ltaluk k\u00edn\u00e1lt szolg\u00e1ltat\u00e1sok list\u00e1ja.<\/li>\n<li> Tags\u00e1g nemzetk\u00f6zi elismert mozgat\u00f3 szervezetekben: <strong>A honlapon nem szerepel<\/strong><\/li>\n<li> \u00dcgyfelek list\u00e1ja \u00e9s\/vagy kor\u00e1bbi v\u00e1s\u00e1rl\u00f3i aj\u00e1nl\u00e1sok. <strong>Igen,<\/strong> A weboldalon r\u00e9szletes besz\u00e1mol\u00f3k tal\u00e1lhat\u00f3k a k\u00fcl\u00f6nb\u00f6z\u0151 speci\u00e1lis mozg\u00e1sokr\u00f3l.<\/li>\n<\/ol>\n<div itemprop=\"reviewRating\" itemscope itemtype=\"http:\/\/schema.org\/Rating\"><meta itemprop=\"worstRating\" content = \"0\" \/><meta itemprop=\"bestRating\" content=\"5\" \/><meta itemprop=\"ratingValue\" content=\"4\"><\/div>\n<p><strong>\u00c1ltal\u00e1nos pontsz\u00e1m: 4\/5<\/strong><br \/>\n<strong>Fel\u00fclvizsg\u00e1lat d\u00e1tuma:<\/strong> <span itemprop=\"datePublished\" content=\"2017-01-25\">25\/01\/2017<\/span>\n<\/div>\n<p>Tov\u00e1bbi inform\u00e1ci\u00f3 <a href=\"https:\/\/moverdb.com\/hu\/koltozteto-cegek\/\">top nemzetk\u00f6zi k\u00f6lt\u00f6ztet\u0151k<\/a> \u00e9s a mi <a href=\"https:\/\/moverdb.com\/hu\/ertekelesek\/\">fel\u00fclvizsg\u00e1lati folyamat<\/a>.<\/p>\n<p><strong>Weboldalak:<\/strong> <a href=\"http:\/\/www.agility.com\/EN\/products-and-services\/Pages\/Household-Goods-Movement.aspx\" target=\"_blank\" rel=\"noopener\">Agilit\u00e1s H\u00e1ztart\u00e1si \u00e1rumozg\u00e1s<\/a><\/p>","protected":false},"excerpt":{"rendered":"<p>Agility is the largest logistics and moving company in the Middle East. It offers its customers a wide range of services which are listed below, together with a company profile and reviews. Note that Agility does not move household goods or personal effects for individuals. International Moves Door to door service Sea freight or airfreight [&hellip;]<\/p>\n","protected":false},"author":1,"featured_media":0,"parent":0,"menu_order":0,"comment_status":"closed","ping_status":"closed","template":"","meta":{"_genesis_hide_title":false,"_genesis_hide_breadcrumbs":false,"_genesis_hide_singular_image":false,"_genesis_hide_footer_widgets":false,"_genesis_custom_body_class":"","_genesis_custom_post_class":"","_genesis_layout":"","footnotes":""},"class_list":{"0":"post-1680","1":"page","2":"type-page","3":"status-publish","5":"entry"},"_links":{"self":[{"href":"https:\/\/moverdb.com\/hu\/wp-json\/wp\/v2\/pages\/1680","targetHints":{"allow":["GET"]}}],"collection":[{"href":"https:\/\/moverdb.com\/hu\/wp-json\/wp\/v2\/pages"}],"about":[{"href":"https:\/\/moverdb.com\/hu\/wp-json\/wp\/v2\/types\/page"}],"author":[{"embeddable":true,"href":"https:\/\/moverdb.com\/hu\/wp-json\/wp\/v2\/users\/1"}],"replies":[{"embeddable":true,"href":"https:\/\/moverdb.com\/hu\/wp-json\/wp\/v2\/comments?post=1680"}],"version-history":[{"count":3,"href":"https:\/\/moverdb.com\/hu\/wp-json\/wp\/v2\/pages\/1680\/revisions"}],"predecessor-version":[{"id":6167,"href":"https:\/\/moverdb.com\/hu\/wp-json\/wp\/v2\/pages\/1680\/revisions\/6167"}],"wp:attachment":[{"href":"https:\/\/moverdb.com\/hu\/wp-json\/wp\/v2\/media?parent=1680"}],"curies":[{"name":"wp","href":"https:\/\/api.w.org\/{rel}","templated":true}]}}