{"id":1662,"date":"2017-02-23T10:26:07","date_gmt":"2017-02-23T10:26:07","guid":{"rendered":"http:\/\/moverdb.com\/?page_id=1662"},"modified":"2026-01-08T14:47:48","modified_gmt":"2026-01-08T14:47:48","slug":"bolliger","status":"publish","type":"page","link":"https:\/\/moverdb.com\/hu\/bolliger\/","title":{"rendered":"Bolliger - Nemzetk\u00f6zi k\u00f6lt\u00f6ztet\u00e9s \u00e9s k\u00f6lt\u00f6ztet\u00e9s V\u00e9lem\u00e9nyek"},"content":{"rendered":"<p>A Bolliger a k\u00f6lt\u00f6ztet\u00e9si szolg\u00e1ltat\u00e1sok sz\u00e9les sk\u00e1l\u00e1j\u00e1t k\u00edn\u00e1lja \u00fcgyfeleinek. Ezeket az al\u00e1bbiakban felsoroljuk a c\u00e9g profilj\u00e1val \u00e9s \u00e9rt\u00e9kel\u00e9s\u00e9vel egy\u00fctt.<\/p>\n<p><strong>Nemzetk\u00f6zi k\u00f6lt\u00f6z\u00e9s<\/strong><\/p>\n<ul>\n<li> Mozg\u00f3 er\u0151forr\u00e1sok vil\u00e1gm\u00e9ret\u0171 h\u00e1l\u00f3zata<\/li>\n<li> Ajt\u00f3t\u00f3l ajt\u00f3ig<\/li>\n<li> Move Manager legal\u00e1bb 5 \u00e9ves tapasztalattal<\/li>\n<li> K\u00f6vesse nyomon a k\u00fcldem\u00e9ny\u00e9t 24\/7<\/li>\n<li> H\u00e1zi felm\u00e9r\u00e9s a csomagol\u00e1si k\u00f6vetelm\u00e9nyek stb. meg\u00e1llap\u00edt\u00e1sa \u00e9rdek\u00e9ben<\/li>\n<li> Megszervezett biztos\u00edt\u00e1s<\/li>\n<li> A szem\u00e9lyes koordin\u00e1tor seg\u00edt a sz\u00fcks\u00e9ges dokument\u00e1ci\u00f3val<\/li>\n<li> Csomagol\u00e1s \u00e9s rakod\u00e1s<\/li>\n<li> V\u00e1mkezel\u00e9s<\/li>\n<li> Sz\u00e1ll\u00edt\u00e1s \u00e9s kicsomagol\u00e1s<\/li>\n<li> Minden t\u00e1rgyat gondosan kirakodnak, \u00e9s \u00f6sszevetik a lelt\u00e1rlist\u00e1val, \u00e9s a megfelel\u0151 helyis\u00e9gekbe helyezik.<\/li>\n<li> T\u00f6r\u00e9keny t\u00e1rgyak, p\u00e9ld\u00e1ul \u00fcveg \u00e9s <a href=\"https:\/\/moverdb.com\/hu\/moving-to-china\/\" data-internallinksmanager029f6b8e52c=\"357\" title=\"K\u00edn\u00e1ba k\u00f6lt\u00f6zik? 2023 Meg\u00e9lhet\u00e9si k\u00f6lts\u00e9gek \u00e9s k\u00f6lt\u00f6z\u00e9si tippek\">porcel\u00e1n<\/a>, s\u00edk fel\u00fcleten ker\u00fcl kicsomagol\u00e1sra<\/li>\n<li> Minden csomagol\u00f3anyagot \u00e9s t\u00f6rmel\u00e9ket gyorsan elt\u00e1vol\u00edtunk otthon\u00e1b\u00f3l.<\/li>\n<\/ul>\n<p><strong>V\u00e1llalati \u00e1thelyez\u00e9si szolg\u00e1ltat\u00e1sok<\/strong><\/p>\n<ul>\n<li> Beilleszked\u00e9si szolg\u00e1ltat\u00e1sok<\/li>\n<li> Iskola- \u00e9s lak\u00e1skeres\u00e9s<\/li>\n<li> Kultur\u00e1lis inform\u00e1ci\u00f3k<\/li>\n<li> Partner\/h\u00e1zast\u00e1rs t\u00e1mogat\u00e1sa<\/li>\n<li> R\u00f6vid t\u00e1v\u00fa sz\u00e1ll\u00e1s<\/li>\n<li> B\u00fatorb\u00e9rl\u00e9s<\/li>\n<\/ul>\n<p><strong>K\u00f6lt\u00f6ztet\u0151 szolg\u00e1ltat\u00e1sok<\/strong><\/p>\n<ul>\n<li> Csomagol\u00f3anyagok biztos\u00edt\u00e1sa<\/li>\n<li> Teljes k\u00f6r\u0171 csomagol\u00e1si szolg\u00e1ltat\u00e1sok<\/li>\n<li> Speci\u00e1lis csomagol\u00e1s<\/li>\n<li> Egyedi l\u00e1d\u00e1k<\/li>\n<li> Zongor\u00e1k \u00e9s sz\u00e9fek kezel\u00e9se<\/li>\n<li> Motoros l\u00e9tr\u00e1k<\/li>\n<li> K\u00f6z\u00fati, l\u00e9gi \u00e9s tengeri sz\u00e1ll\u00edt\u00e1s<\/li>\n<li> V\u00e1mm\u0171veletek<\/li>\n<li> \u00dcgyn\u00f6k\u00f6k az eg\u00e9sz vil\u00e1gon.<\/li>\n<\/ul>\n<p><strong>Irodai k\u00f6lt\u00f6ztet\u00e9s<\/strong><\/p>\n<ul>\n<li> Mozg\u00e1sok tervez\u00e9se \u00e9s tervez\u00e9se<\/li>\n<li> Szakk\u00e9pzett szem\u00e9lyzet \u00e9s felszerel\u00e9s<\/li>\n<li> Motoros l\u00e9tr\u00e1k \u00e9s daruk<\/li>\n<li> Irod\u00e1k fel\u00e1ll\u00edt\u00e1sa<\/li>\n<li> Hullad\u00e9k \u00fajrahasznos\u00edt\u00e1sa \u00e9s \u00e1rtalmatlan\u00edt\u00e1sa<\/li>\n<li> Nappali \u00e9s \u00e9jszakai m\u0171veletek<\/li>\n<\/ul>\n<p><strong>K\u00e9pz\u0151m\u0171v\u00e9szet<\/strong><\/p>\n<ul>\n<li> M\u00e9retre gy\u00e1rtott dobozok \u00e9s l\u00e1d\u00e1k tervez\u00e9se \u00e9s kivitelez\u00e9se<\/li>\n<li> A modern \u00e9s antik m\u0171alkot\u00e1sok behozatal\u00e1ra\/kivitel\u00e9re vonatkoz\u00f3 k\u00e9pz\u0151m\u0171v\u00e9szeti alaki k\u00f6vetelm\u00e9nyek<\/li>\n<li> K\u00f6z\u00fati \/ tengeri \/ l\u00e9gi sz\u00e1ll\u00edt\u00e1s<\/li>\n<li> Szakosodott \u00fcgyn\u00f6k\u00f6k vil\u00e1gszerte<\/li>\n<li> Ki\u00e1ll\u00edt\u00f3terek kialak\u00edt\u00e1sa<\/li>\n<\/ul>\n<p><strong>T\u00e1rol\u00e1s<\/strong><\/p>\n<ul>\n<li> R\u00f6vid \u00e9s hossz\u00fa t\u00e1v\u00fa t\u00e1rol\u00e1s<\/li>\n<li> F\u00e9mtart\u00e1lyok, l\u00e1d\u00e1k vagy raklapok<\/li>\n<li> 24\/7 biztons\u00e1g<\/li>\n<li> F\u00fcstjelz\u0151k<\/li>\n<li> Szab\u00e1lyozott h\u0151m\u00e9rs\u00e9klet \u00e9s p\u00e1ratartalom<\/li>\n<li> Dokumentum arch\u00edvum<\/li>\n<\/ul>\n<h2>Bolliger c\u00e9gprofil<\/h2>\n<p>Arthur Bolliger 1909-ben nyitotta meg az els\u0151 Bolliger irod\u00e1t R\u00f3m\u00e1ban. A c\u00e9get ma m\u00e1r a negyedik gener\u00e1ci\u00f3s Bolligerek vezetik, \u00e9s irod\u00e1kkal rendelkezik Mil\u00e1n\u00f3ban, Lugan\u00f3ban \u00e9s Firenz\u00e9ben, valamint <a href=\"https:\/\/moverdb.com\/hu\/moving-to-switzerland\/\" data-internallinksmanager029f6b8e52c=\"327\" title=\"Sv\u00e1jcba k\u00f6lt\u00f6zik? 2023 Meg\u00e9lhet\u00e9si k\u00f6lts\u00e9gek \u00e9s k\u00f6lt\u00f6z\u00e9si tippek\">Sv\u00e1jc<\/a>, a <a href=\"https:\/\/moverdb.com\/hu\/moving-to-the-uk\/\" data-internallinksmanager029f6b8e52c=\"93\" title=\"Az Egyes\u00fclt Kir\u00e1lys\u00e1gba k\u00f6lt\u00f6zik? 2022 Meg\u00e9lhet\u00e9si k\u00f6lts\u00e9gek \u00e9s k\u00f6lt\u00f6z\u00e9si tippek\">UK<\/a>, a <a href=\"https:\/\/moverdb.com\/hu\/moving-to-the-united-states\/\" data-internallinksmanager029f6b8e52c=\"94\" title=\"Az Egyes\u00fclt \u00c1llamokba k\u00f6lt\u00f6zik? 2022 Meg\u00e9lhet\u00e9si k\u00f6lts\u00e9gek \u00e9s k\u00f6lt\u00f6z\u00e9si tippek\">USA<\/a> \u00e9s <a href=\"https:\/\/moverdb.com\/hu\/moving-to-spain\/\" data-internallinksmanager029f6b8e52c=\"266\" title=\"Spanyolorsz\u00e1gba k\u00f6lt\u00f6zik? 2023 \u00c9letk\u00f6lts\u00e9gek \u00e9s k\u00f6lt\u00f6z\u00e9si tippek\">Spanyolorsz\u00e1g<\/a>.<\/p>\n<p>A v\u00e1llalat els\u0151 teheraut\u00f3it 1919-ben v\u00e1s\u00e1rolt\u00e1k, \u00e9s az els\u0151 vil\u00e1gh\u00e1bor\u00faban haszn\u00e1lt\u00e1k \u0151ket. A v\u00e1llalat ma m\u00e1r t\u00f6bb mint 200 k\u00f6lt\u00f6ztet\u0151j\u00e1rm\u0171b\u0151l \u00e1ll\u00f3 flott\u00e1t \u00fczemeltet, \u00e9s vil\u00e1gszerte sz\u00e1ll\u00edt \u00e1rukat mag\u00e1nszem\u00e9lyek \u00e9s v\u00e1llalatok sz\u00e1m\u00e1ra. A Bolliger egyike volt az alap\u00edt\u00f3 tagoknak. <a href=\"https:\/\/moverdb.com\/hu\/fidi-faim\/\" data-internallinksmanager029f6b8e52c=\"16\" title=\"FIDI &amp; FAIM (FIDI akkredit\u00e1lt nemzetk\u00f6zi fuvaroz\u00f3) magyar\u00e1zata\">FIDI<\/a>. Ma a FIDI a vil\u00e1g legnagyobb ilyen jelleg\u0171 sz\u00f6vets\u00e9ge, 100 orsz\u00e1gban 600 \u00fcgyn\u00f6kkel. <\/p>\n<p>1982-ben a Bolliger lett az Allied International egyetlen olaszorsz\u00e1gi \u00fcgyn\u00f6ke.<\/p>\n<p>1985-ben a Bolliger lett az Overseas Moving Network International (OMNI) egyik alap\u00edt\u00f3 tagja. 2002-ben a v\u00e1llalat szaktud\u00e1s\u00e1t az ISO 9001 tan\u00fas\u00edtv\u00e1nnyal jutalmazt\u00e1k - az els\u0151 <a href=\"https:\/\/moverdb.com\/hu\/moving-companies\/\" data-internallinksmanager029f6b8e52c=\"79\" title=\"Top 25 nemzetk\u00f6zi k\u00f6lt\u00f6ztet\u0151 c\u00e9gek online\">k\u00f6lt\u00f6ztet\u0151 c\u00e9g<\/a> a  oldalon. <a href=\"https:\/\/moverdb.com\/hu\/moving-to-italy\/\" data-internallinksmanager029f6b8e52c=\"346\" title=\"Olaszorsz\u00e1gba k\u00f6lt\u00f6zik? 2023 Lakhat\u00e1si k\u00f6lts\u00e9gek \u00e9s k\u00f6lt\u00f6z\u00e9si tippek\">Olaszorsz\u00e1g<\/a> hogy el\u00e9rje azt.<\/p>\n<p>A Bollinger k\u00f6vetkezetesen igyekszik cs\u00f6kkenteni a v\u00e1llalat bolyg\u00f3ra gyakorolt k\u00f6rnyezeti hat\u00e1s\u00e1t, k\u00fcl\u00f6n\u00f6s figyelmet ford\u00edtva az \u00e1ltaluk haszn\u00e1lt csomagol\u00f3anyagokra, az \u00e1ltaluk \u00fczemeltetett j\u00e1rm\u0171vekre, \u00e9s igyekszik min\u00e9l t\u00f6bbet \u00fajrahasznos\u00edtani. Emellett j\u00f3t\u00e9konys\u00e1gi programokat is folytatnak D\u00e9l-Amerika \u00e9s Afrika elmaradott orsz\u00e1gaiban.<\/p>\n<p>Bolliger a k\u00f6vetkez\u0151 akkredit\u00e1ci\u00f3kkal \u00e9s kapcsolatokkal rendelkezik:<\/p>\n<ul>\n<li> <a href=\"https:\/\/moverdb.com\/hu\/allied-van-lines\/\">Allied International<\/a><\/li>\n<li> ISO 9001<\/li>\n<li> <a href=\"https:\/\/moverdb.com\/hu\/fidi-faim\/\">Nemzetk\u00f6zi K\u00f6lt\u00f6ztet\u0151k Sz\u00f6vets\u00e9ge<\/a> (FIDI)<\/li>\n<li> Overseas Moving Network International (OMNI)<\/li>\n<li> <a href=\"https:\/\/moverdb.com\/hu\/fidi-faim\/\">FIDI akkredit\u00e1lt nemzetk\u00f6zi k\u00f6lt\u00f6ztet\u0151<\/a> (FAIM)<\/li>\n<li> <a href=\"https:\/\/moverdb.com\/hu\/en-vagyok\/\">K\u00f6lt\u00f6ztet\u0151k Nemzetk\u00f6zi Sz\u00f6vets\u00e9ge<\/a> (<a href=\"https:\/\/moverdb.com\/hu\/iam\/\" data-internallinksmanager029f6b8e52c=\"23\" title=\"A K\u00f6lt\u00f6ztet\u0151k Nemzetk\u00f6zi Sz\u00f6vets\u00e9ge (IAM) magyar\u00e1zata\">IAM<\/a>)<\/li>\n<li> <a href=\"https:\/\/moverdb.com\/hu\/iata\/\">Nemzetk\u00f6zi L\u00e9gi Sz\u00e1ll\u00edt\u00e1si Sz\u00f6vets\u00e9g<\/a> (<a href=\"https:\/\/moverdb.com\/hu\/iata\/\" data-internallinksmanager029f6b8e52c=\"22\" title=\"A Nemzetk\u00f6zi L\u00e9gi Sz\u00e1ll\u00edt\u00e1si Sz\u00f6vets\u00e9g (IATA) magyar\u00e1zata\">IATA<\/a>)<\/li>\n<li> <a href=\"https:\/\/moverdb.com\/hu\/fedemac\/\">Eur\u00f3pai K\u00f6lt\u00f6ztet\u0151k Sz\u00f6vets\u00e9ge<\/a> (<a href=\"https:\/\/moverdb.com\/hu\/fedemac\/\" data-internallinksmanager029f6b8e52c=\"15\" title=\"Az Eur\u00f3pai K\u00f6lt\u00f6ztet\u0151k Sz\u00f6vets\u00e9g\u00e9nek (FEDEMAC) magyar\u00e1zata\">FEDEMAC<\/a>)<\/li>\n<\/ul>\n<h2>Bolliger V\u00e9lem\u00e9nyek<\/h2>\n<p><strong>Pozit\u00edv:<\/strong><\/p>\n<ul>\n<li> \"A koordin\u00e1torunk rendk\u00edv\u00fcl profi \u00e9s seg\u00edt\u0151k\u00e9sz volt. Minden k\u00e9rd\u00e9s\u00fcnkre v\u00e1laszolt, \u00e9s megk\u00f6nny\u00edtette a R\u00f3m\u00e1b\u00f3l R\u00f3m\u00e1ba val\u00f3 k\u00f6lt\u00f6z\u00e9s\u00fcnket. <a href=\"https:\/\/moverdb.com\/hu\/moving-to-london\/\">London<\/a> k\u00f6nnyen \u00e9s biztons\u00e1gban \u00e9rzi mag\u00e1t. Mindenr\u0151l gondoskodott. A k\u00f6vetkez\u0151 k\u00f6lt\u00f6z\u00e9s\u00fcnkh\u00f6z biztosan \u00fajra a Bolliger-t fogjuk haszn\u00e1lni, \u00e9s mindenkinek csak aj\u00e1nlani tudjuk \u0151ket.\" - Bolliger \u00fcgyf\u00e9l <a href=\"http:\/\/www.bolliger.co.uk\/testimonials.html\" target=\"_blank\" rel=\"noopener\">Aj\u00e1nl\u00e1s<\/a><\/li>\n<li> <em>\"\u00d6sszess\u00e9g\u00e9ben nagyon el\u00e9gedett vagyok ezzel a k\u00f6lt\u00f6z\u00e9ssel. Dobok \u00e9s cint\u00e1ny\u00e9rok voltak, teh\u00e1t el\u00e9g k\u00e9nyes dolgok. Minden biztons\u00e1gban \u00e9s id\u0151ben meg\u00e9rkezett. A kapcsolattart\u00e1s \u00e9s a kommunik\u00e1ci\u00f3 hib\u00e1tlan \u00e9s id\u0151ben t\u00f6rt\u00e9nt.\"<\/em> - Andrea via <a href=\"http:\/\/www.removalreviews.co.uk\/movers\/bolliger-352#2761  Read more: http:\/\/www.removalreviews.co.uk\/movers\/bolliger-352\" target=\"_blank\" rel=\"noopener\">Elt\u00e1vol\u00edt\u00e1s V\u00e9lem\u00e9nyek<\/a><\/li>\n<li> <em>\"Nem gyakran \u00edrok ilyen jelleg\u0171 aj\u00e1nl\u00e1sokat vagy \u00e9rt\u00e9kel\u00e9seket, de musz\u00e1j volt n\u00e9h\u00e1ny percet sz\u00e1nnom arra, hogy megk\u00f6sz\u00f6njem a Bolliger c\u00e9gnek a nagyszer\u0171 munk\u00e1t, amit a k\u00f6zelm\u00faltban Londonb\u00f3l Berlinbe t\u00f6rt\u00e9n\u0151 k\u00f6lt\u00f6ztet\u00e9sem sor\u00e1n v\u00e9gzett.\"<\/em> - davelucas kereszt\u00fcl <a href=\"https:\/\/www.yell.com\/biz\/bolliger-uk-ltd-west-drayton-7150125\/\" target=\"_blank\" rel=\"noopener\">Yell<\/a><\/li>\n<\/ul>\n<p><strong>Negat\u00edv:<\/strong><\/p>\n<ul>\n<li> <em>\"Ne hagyja mag\u00e1t becsapni a Bolliger Sales Pitch \u00e9s a kiv\u00e1l\u00f3s\u00e1gr\u00f3l sz\u00f3l\u00f3 \u00e1ll\u00edt\u00e1sok...\"<\/em> - Mr D Bruce via <a href=\"http:\/\/www.removalreviews.co.uk\/movers\/bolliger-352#10617  Read more: http:\/\/www.removalreviews.co.uk\/movers\/bolliger-352\" target=\"_blank\" rel=\"noopener\">Elt\u00e1vol\u00edt\u00e1s V\u00e9lem\u00e9nyek<\/a><\/li>\n<li> <em>\"A Bolliger UK abszol\u00fat sz\u00f6rny\u0171 volt...... Tapasztalatlan, mocskos sz\u00e1j\u00fa \u00fcgyn\u00f6ks\u00e9gi szem\u00e9lyzet k\u00e9s\u0151n \u00e9rkezett, \u00e9s nem volt mozg\u00f3felszerel\u00e9s, pedig a lefoglalt k\u00f6lt\u00f6z\u00e9s\u00fcnkben benne volt a zongor\u00e1nk.\"<\/em> - Don.Br kereszt\u00fcl <a href=\"http:\/\/www.reviewcentre.com\/Removal-Companies\/Bolliger-www-bolliger-co-uk-reviews_2387554\" target=\"_blank\" rel=\"noopener\">Fel\u00fclvizsg\u00e1lati k\u00f6zpont<\/a><\/li>\n<\/ul>\n<div itemprop=\"review\" itemscope itemtype=\"http:\/\/schema.org\/Review\">\n<span itemprop=\"author\" itemscope=\"\" itemtype=\"http:\/\/schema.org\/Organization\"><span itemprop=\"name\">MoverDB.com<\/span><\/span> Online weboldal-fel\u00fclvizsg\u00e1lat a <span itemprop=\"itemreviewed\" itemscope=\"\" itemtype=\"http:\/\/schema.org\/Brand\"><span itemprop=\"name\">Bolliger<\/span><\/span>:<\/p>\n<ol>\n<li> Egy\u00e9rtelm\u0171 el\u00e9rhet\u0151s\u00e9gek a weboldalon (bele\u00e9rtve a telefonsz\u00e1mot is): <strong>Igen<\/strong><\/li>\n<li> K\u00f6nnyen beszerezhet\u0151 <a href=\"https:\/\/moverdb.com\/hu\/idezi\/\">nemzetk\u00f6zi mozg\u00f3 \u00e1raj\u00e1nlatok<\/a>? (Online \u00e1raj\u00e1nlatk\u00e9r\u0151 \u0171rlap): <strong>Igen<\/strong><\/li>\n<li> Egy\u00e9rtelm\u0171 inform\u00e1ci\u00f3k a honlapon: <strong>Igen,<\/strong> de nem mindig nagyon r\u00e9szletes.<\/li>\n<li> Tags\u00e1g nemzetk\u00f6zi elismert mozgat\u00f3 szervezetekben: <strong>Igen<\/strong>, (l\u00e1sd fent)<\/li>\n<li> \u00dcgyfelek list\u00e1ja \u00e9s\/vagy kor\u00e1bbi v\u00e1s\u00e1rl\u00f3i aj\u00e1nl\u00e1sok: <strong>Igen,<\/strong> sok pozit\u00edv \u00fcgyf\u00e9lv\u00e9lem\u00e9ny \u00e9s \u00e1ltal\u00e1ban j\u00f3 v\u00e9lem\u00e9nyek a vil\u00e1gh\u00e1l\u00f3 t\u00f6bbi r\u00e9sz\u00e9b\u0151l.<\/li>\n<\/ol>\n<div itemprop=\"reviewRating\" itemscope itemtype=\"http:\/\/schema.org\/Rating\"><meta itemprop=\"worstRating\" content = \"0\" \/><meta itemprop=\"bestRating\" content=\"5\" \/><meta itemprop=\"ratingValue\" content=\"4.5\"><\/div>\n<p><strong>\u00c1ltal\u00e1nos pontsz\u00e1m: 4.5\/5<\/strong><br \/>\n<strong>Fel\u00fclvizsg\u00e1lat d\u00e1tuma:<\/strong> <span itemprop=\"datePublished\" content=\"2017-02-23\">23\/02\/2017<\/span>\n<\/div>\n<p>Tov\u00e1bbi inform\u00e1ci\u00f3 <a href=\"https:\/\/moverdb.com\/hu\/koltozteto-cegek\/\">nemzetk\u00f6zi k\u00f6lt\u00f6ztet\u0151 c\u00e9gek<\/a> \u00e9s a mi <a href=\"https:\/\/moverdb.com\/hu\/ertekelesek\/\">fel\u00fclvizsg\u00e1lati folyamat<\/a>.<\/p>\n<p><strong>Weboldalak:<\/strong> IT: <a href=\"http:\/\/www.bolliger.it\/\" target=\"_blank\" rel=\"noopener\">http:\/\/www.bolliger.it\/<\/a> EGYES\u00dcLT KIR\u00c1LYS\u00c1G: <a href=\"http:\/\/www.bolliger.co.uk\/\" target=\"_blank\" rel=\"noopener\">http:\/\/www.bolliger.co.uk\/<\/a><\/p>","protected":false},"excerpt":{"rendered":"<p>Bolliger offers its customers a wide variety of moving services. These are listed below together with a company profile and reviews. International Moving Worldwide network of moving resources Door to door Move Manager with at least 5 years&#8217; experience Track your shipment 24\/7 House survey to ascertain packing requirements etc Insurance arranged Personal coordinator will [&hellip;]<\/p>\n","protected":false},"author":1,"featured_media":0,"parent":0,"menu_order":0,"comment_status":"closed","ping_status":"closed","template":"","meta":{"_genesis_hide_title":false,"_genesis_hide_breadcrumbs":false,"_genesis_hide_singular_image":false,"_genesis_hide_footer_widgets":false,"_genesis_custom_body_class":"","_genesis_custom_post_class":"","_genesis_layout":"","footnotes":""},"class_list":{"0":"post-1662","1":"page","2":"type-page","3":"status-publish","5":"entry"},"_links":{"self":[{"href":"https:\/\/moverdb.com\/hu\/wp-json\/wp\/v2\/pages\/1662","targetHints":{"allow":["GET"]}}],"collection":[{"href":"https:\/\/moverdb.com\/hu\/wp-json\/wp\/v2\/pages"}],"about":[{"href":"https:\/\/moverdb.com\/hu\/wp-json\/wp\/v2\/types\/page"}],"author":[{"embeddable":true,"href":"https:\/\/moverdb.com\/hu\/wp-json\/wp\/v2\/users\/1"}],"replies":[{"embeddable":true,"href":"https:\/\/moverdb.com\/hu\/wp-json\/wp\/v2\/comments?post=1662"}],"version-history":[{"count":5,"href":"https:\/\/moverdb.com\/hu\/wp-json\/wp\/v2\/pages\/1662\/revisions"}],"predecessor-version":[{"id":6184,"href":"https:\/\/moverdb.com\/hu\/wp-json\/wp\/v2\/pages\/1662\/revisions\/6184"}],"wp:attachment":[{"href":"https:\/\/moverdb.com\/hu\/wp-json\/wp\/v2\/media?parent=1662"}],"curies":[{"name":"wp","href":"https:\/\/api.w.org\/{rel}","templated":true}]}}