{"id":1656,"date":"2017-01-25T11:08:16","date_gmt":"2017-01-25T11:08:16","guid":{"rendered":"http:\/\/moverdb.com\/?page_id=1656"},"modified":"2026-01-08T14:48:11","modified_gmt":"2026-01-08T14:48:11","slug":"db-schenker","status":"publish","type":"page","link":"https:\/\/moverdb.com\/hu\/db-schenker\/","title":{"rendered":"DB Schenker - Nemzetk\u00f6zi k\u00f6lt\u00f6ztet\u00e9s \u00e9s k\u00f6lt\u00f6ztet\u00e9s V\u00e9lem\u00e9nyek"},"content":{"rendered":"<p>A DB Schenker egy vil\u00e1gm\u00e9ret\u0171 logisztikai v\u00e1llalat, amelynek k\u00f6zpontja a k\u00f6vetkez\u0151 v\u00e1rosokban tal\u00e1lhat\u00f3 <a href=\"https:\/\/moverdb.com\/hu\/moving-to-germany\/\" data-internallinksmanager029f6b8e52c=\"321\" title=\"N\u00e9metorsz\u00e1gba k\u00f6lt\u00f6zik? 2023 Meg\u00e9lhet\u00e9si k\u00f6lts\u00e9gek \u00e9s k\u00f6lt\u00f6z\u00e9si tippek\">N\u00e9metorsz\u00e1g<\/a>. \u00dcgyfeleinek a k\u00f6lt\u00f6z\u00e9si \u00e9s k\u00f6lt\u00f6ztet\u00e9si szolg\u00e1ltat\u00e1sok sz\u00e9les sk\u00e1l\u00e1j\u00e1t k\u00edn\u00e1lja, amelyeket az al\u00e1bbiakban a c\u00e9g profilj\u00e1val egy\u00fctt felsorolunk.<\/p>\n<p><strong>Nemzetk\u00f6zi k\u00f6lt\u00f6z\u00e9sek<\/strong><\/p>\n<ul>\n<li> Szem\u00e9lyes tan\u00e1csad\u00f3<\/li>\n<li> H\u00e1zhoz men\u0151 szolg\u00e1ltat\u00e1s<\/li>\n<li> Szakszer\u0171 csomagol\u00e1s \u00e9s kicsomagol\u00e1s<\/li>\n<li> Szem\u00e9lyre szabott csomagol\u00e1s<\/li>\n<li> K\u00f6rnyezetbar\u00e1t csomagol\u00f3anyag<\/li>\n<li> Tengeri \u00e9s l\u00e9gi sz\u00e1ll\u00edtm\u00e1nyoz\u00e1s<\/li>\n<li> Hossz\u00fa \u00e9s r\u00f6vid t\u00e1v\u00fa t\u00e1rol\u00e1s<\/li>\n<li> V\u00e1mkezel\u00e9s<\/li>\n<li> Kiterjedt felszerel\u00e9s-k\u00edn\u00e1lat<\/li>\n<li> K\u00fcls\u0151 felvon\u00f3k<\/li>\n<li> Saj\u00e1t j\u00e1rm\u0171park<\/li>\n<\/ul>\n<p><strong>Helyi \u00e9s eur\u00f3pai k\u00f6lt\u00f6z\u00e9sek<\/strong><\/p>\n<ul>\n<li> Szem\u00e9lyes tan\u00e1csad\u00f3<\/li>\n<li> Ajt\u00f3t\u00f3l ajt\u00f3ig<\/li>\n<li> Teljes k\u00f6r\u0171 csomagol\u00e1si szolg\u00e1ltat\u00e1s<\/li>\n<li> Hossz\u00fa \u00e9s r\u00f6vid t\u00e1v\u00fa t\u00e1rol\u00e1s<\/li>\n<li> Kicsomagol\u00e1si szolg\u00e1ltat\u00e1s<\/li>\n<\/ul>\n<p><strong>V\u00e1llalati \u00e1thelyez\u00e9sek<\/strong><\/p>\n<ul>\n<li> A jelenlegi helyzet \u00e9rt\u00e9kel\u00e9se<\/li>\n<li> Az \u00faj helysz\u00edn elemz\u00e9se<\/li>\n<li> Tapasztalt projektmenedzsment<\/li>\n<li> Az \u00fcgyf\u00e9l egyedi ig\u00e9nyeire szabott \u00e1tfog\u00f3 terv<\/li>\n<li> Sz\u00e9tszerel\u00e9s \u00e9s \u00f6sszeszerel\u00e9s<\/li>\n<li> Egyedi csomagol\u00e1s<\/li>\n<li> T\u00e1rol\u00e1s<\/li>\n<li> Minim\u00e1lis zavar\u00e1s a munkahelyen<\/li>\n<\/ul>\n<p><strong>Speci\u00e1lis mozg\u00e1sok<\/strong><\/p>\n<ul>\n<li> Szem\u00e9lyre szabott ki\u00e1ll\u00edt\u00e1si logisztika v\u00e1s\u00e1rok sz\u00e1m\u00e1ra<\/li>\n<li> Nagy teljes\u00edtm\u00e9ny\u0171 logisztika<\/li>\n<li> Neh\u00e9z \u00e9s speci\u00e1lis sz\u00e1ll\u00edt\u00e1s<\/li>\n<li> Neh\u00e9z \u00e1ruk t\u00e1rol\u00e1sa<\/li>\n<li> Sport- \u00e9s rendezv\u00e9nylogisztika<\/li>\n<li> M\u0171v\u00e9szeti \u00e9s r\u00e9gis\u00e9gsz\u00e1ll\u00edt\u00e1s<\/li>\n<li> M\u00fazeumok<\/li>\n<\/ul>\n<h2>DB Schenker V\u00e1llalati profil<\/h2>\n<p>A DB Schenker integr\u00e1lt logisztikai szolg\u00e1ltat\u00e1sok glob\u00e1lis szolg\u00e1ltat\u00f3ja, amely embereket \u00e9s \u00e1rukat sz\u00e1ll\u00edt vil\u00e1gszerte haj\u00f3n, l\u00e9gi \u00e9s vas\u00fati \u00faton.<\/p>\n<p>A DB Schenker 1872-ben indult B\u00e9csben. A v\u00e1llalatot Gottfried Schenker alap\u00edtotta, \u00e9s az els\u0151 vas\u00fati sz\u00e1ll\u00edtm\u00e1nyt a k\u00f6vetkez\u0151 helyr\u0151l ind\u00edtott\u00e1k <a href=\"https:\/\/moverdb.com\/hu\/moving-to-france\/moving-to-paris\/\" data-internallinksmanager029f6b8e52c=\"407\" title=\"P\u00e1rizsba k\u00f6lt\u00f6zik? 2023 Lakhat\u00e1si k\u00f6lts\u00e9gek \u00e9s k\u00f6lt\u00f6z\u00e9si tippek\">P\u00e1rizs<\/a> B\u00e9csbe 1873-ban. A v\u00e1llalat gyorsan terjeszkedett, irod\u00e1kat nyitott Bukarestben, Budapesten \u00e9s Pr\u00e1g\u00e1ban.<\/p>\n<p>1895-ben Schenker megalap\u00edtotta az Austro-Americana <a href=\"https:\/\/moverdb.com\/hu\/shipping-companies\/\" data-internallinksmanager029f6b8e52c=\"4\" title=\"Top 10 nemzetk\u00f6zi kont\u00e9nersz\u00e1ll\u00edt\u00f3 c\u00e9gek\">Haj\u00f3z\u00e1si v\u00e1llalat<\/a>. 1922-ben Schenker v\u00e9gezte az els\u0151 l\u00e9gi \u00e1rusz\u00e1ll\u00edt\u00e1st N\u00e9metorsz\u00e1gban. A Deutsche Bahn AG (N\u00e9met Vasutak) 1931-ben megv\u00e1s\u00e1rolta a Schenkert, \u00e9s bevezette az els\u0151 tengeri \u00e1rusz\u00e1ll\u00edt\u00e1st. <a href=\"https:\/\/moverdb.com\/hu\/kontenerszallitas\/\">kont\u00e9nersz\u00e1ll\u00edtm\u00e1nyok<\/a>. Az \u00e9vtizedek sor\u00e1n a v\u00e1llalat ugr\u00e1sszer\u0171en n\u00f6vekedett, \u00e9s 1991-ben a Stinnes AG t\u00f6bbs\u00e9gi r\u00e9szesed\u00e9st v\u00e1s\u00e1rolt a N\u00e9met Vas\u00fatt\u00f3l, \u00e9s a v\u00e1llalatot k\u00e9t r\u00e9szre - Schenker International \u00e9s Schenker Eurocargo - osztotta.<\/p>\n<p>1997-ben a Schenker megszabadult \u00f6mlesztett\u00e1ru-\u00fczlet\u00e1g\u00e1t\u00f3l, \u00e9s a logisztik\u00e1ra \u00e9s a k\u00f6lt\u00f6z\u00e9sekre koncentr\u00e1lt. 2007 decembere \u00f3ta a DB Schenker a Deutsche Bahn \u00e1rusz\u00e1ll\u00edt\u00e1si logisztikai le\u00e1nyv\u00e1llalata. A v\u00e1llalat vil\u00e1gszerte t\u00f6bb mint 66 600 embert foglalkoztat 2000 helyen.<\/p>\n<p>A DB Schenker a k\u00f6vetkez\u0151 kapcsolatokkal \u00e9s akkredit\u00e1ci\u00f3kkal rendelkezik:<\/p>\n<ul>\n<li> DIN EN ISO 9001:2008<\/li>\n<\/ul>\n<h2>DB Schenker K\u00f6lt\u00f6ztet\u00e9s V\u00e9lem\u00e9nyek<\/h2>\n<p><em>A cikk meg\u00edr\u00e1s\u00e1nak id\u0151pontj\u00e1ban nem tal\u00e1ltunk online \u00e9rt\u00e9kel\u00e9st kifejezetten a DB Schenker k\u00f6lt\u00f6ztet\u00e9si, \u00e1thelyez\u00e9si vagy k\u00f6lt\u00f6ztet\u00e9si szolg\u00e1ltat\u00e1sair\u00f3l.<\/em> <\/p>\n<div itemprop=\"review\" itemscope itemtype=\"http:\/\/schema.org\/Review\">\n<span itemprop=\"author\" itemscope=\"\" itemtype=\"http:\/\/schema.org\/Organization\"><span itemprop=\"name\">MoverDB.com<\/span><\/span> Online weboldal-fel\u00fclvizsg\u00e1lat a <span itemprop=\"itemreviewed\" itemscope=\"\" itemtype=\"http:\/\/schema.org\/Brand\"><span itemprop=\"name\">DB Schenker<\/span><\/span>:<\/p>\n<ol>\n<li> Egy\u00e9rtelm\u0171 el\u00e9rhet\u0151s\u00e9gek a weboldalon (bele\u00e9rtve a telefonsz\u00e1mot is): <strong>Igen<\/strong><\/li>\n<li> K\u00f6nnyen beszerezhet\u0151 <a href=\"https:\/\/moverdb.com\/hu\/idezi\/\">nemzetk\u00f6zi mozg\u00f3 \u00e1raj\u00e1nlatok<\/a>? (Online \u00e1raj\u00e1nlatk\u00e9r\u0151 \u0171rlap): <strong>Igen<\/strong><\/li>\n<li> Egy\u00e9rtelm\u0171 inform\u00e1ci\u00f3k a honlapon: <strong>Igen,<\/strong> A weboldal vil\u00e1gosan bemutatja a v\u00e1llalat \u00e1ltal k\u00edn\u00e1lt \u00f6sszes szolg\u00e1ltat\u00e1st.<\/li>\n<li> Tags\u00e1g nemzetk\u00f6zi elismert mozgat\u00f3 szervezetekben: <strong>Igen<\/strong>, de nem sok szerepel a honlapjukon.<\/li>\n<li> \u00dcgyfelek list\u00e1ja \u00e9s\/vagy kor\u00e1bbi v\u00e1s\u00e1rl\u00f3i aj\u00e1nl\u00e1sok. <strong>Nem,<\/strong> a honlapjukon egyik sem szerepel.<\/li>\n<\/ol>\n<div itemprop=\"reviewRating\" itemscope itemtype=\"http:\/\/schema.org\/Rating\"><meta itemprop=\"worstRating\" content = \"0\" \/><meta itemprop=\"bestRating\" content=\"5\" \/><meta itemprop=\"ratingValue\" content=\"4\"><\/div>\n<p><strong>\u00c1ltal\u00e1nos pontsz\u00e1m: 4\/5<\/strong><br \/>\n<strong>Fel\u00fclvizsg\u00e1lat d\u00e1tuma:<\/strong> <span itemprop=\"datePublished\" content=\"2017-01-25\">25\/01\/2017<\/span>\n<\/div>\n<p>Tov\u00e1bbi inform\u00e1ci\u00f3 <a href=\"https:\/\/moverdb.com\/hu\/koltozteto-cegek\/\">nemzetk\u00f6zi k\u00f6lt\u00f6ztet\u0151 c\u00e9gek<\/a> \u00e9s a mi <a href=\"https:\/\/moverdb.com\/hu\/ertekelesek\/\">fel\u00fclvizsg\u00e1lati folyamat<\/a>.<\/p>\n<p><strong>Weboldalak:<\/strong> <a href=\"http:\/\/www.dbschenker.com\/ho-en\/products_services\/special_products\/removals\/\" target=\"_blank\" rel=\"noopener\">http:\/\/www.dbschenker.com\/ho-en\/products_services\/special_products\/removals\/ <\/a><\/p>","protected":false},"excerpt":{"rendered":"<p>DB Schenker is a worldwide logistics company with its head office in Germany. It offers its customers a wide range of moving and relocation services which are listed below together with a company profile. International Moves Personal consultant Door to door service Professional packing and unpacking Tailor made packaging Eco friendly packing material Sea freight [&hellip;]<\/p>\n","protected":false},"author":1,"featured_media":0,"parent":0,"menu_order":0,"comment_status":"closed","ping_status":"closed","template":"","meta":{"_genesis_hide_title":false,"_genesis_hide_breadcrumbs":false,"_genesis_hide_singular_image":false,"_genesis_hide_footer_widgets":false,"_genesis_custom_body_class":"","_genesis_custom_post_class":"","_genesis_layout":"","footnotes":""},"class_list":{"0":"post-1656","1":"page","2":"type-page","3":"status-publish","5":"entry"},"_links":{"self":[{"href":"https:\/\/moverdb.com\/hu\/wp-json\/wp\/v2\/pages\/1656","targetHints":{"allow":["GET"]}}],"collection":[{"href":"https:\/\/moverdb.com\/hu\/wp-json\/wp\/v2\/pages"}],"about":[{"href":"https:\/\/moverdb.com\/hu\/wp-json\/wp\/v2\/types\/page"}],"author":[{"embeddable":true,"href":"https:\/\/moverdb.com\/hu\/wp-json\/wp\/v2\/users\/1"}],"replies":[{"embeddable":true,"href":"https:\/\/moverdb.com\/hu\/wp-json\/wp\/v2\/comments?post=1656"}],"version-history":[{"count":4,"href":"https:\/\/moverdb.com\/hu\/wp-json\/wp\/v2\/pages\/1656\/revisions"}],"predecessor-version":[{"id":6200,"href":"https:\/\/moverdb.com\/hu\/wp-json\/wp\/v2\/pages\/1656\/revisions\/6200"}],"wp:attachment":[{"href":"https:\/\/moverdb.com\/hu\/wp-json\/wp\/v2\/media?parent=1656"}],"curies":[{"name":"wp","href":"https:\/\/api.w.org\/{rel}","templated":true}]}}