{"id":1648,"date":"2017-04-21T14:26:25","date_gmt":"2017-04-21T14:26:25","guid":{"rendered":"http:\/\/moverdb.com\/?page_id=1648"},"modified":"2026-01-08T14:47:58","modified_gmt":"2026-01-08T14:47:58","slug":"cma-cgm","status":"publish","type":"page","link":"https:\/\/moverdb.com\/hu\/cma-cgm\/","title":{"rendered":"CMA CGM Csoport - Nemzetk\u00f6zi sz\u00e1ll\u00edt\u00e1si szolg\u00e1ltat\u00e1sok \u00e9s v\u00e9lem\u00e9nyek"},"content":{"rendered":"<p>A CMA CGM Csoport a sz\u00e1ll\u00edt\u00e1si \u00e9s logisztikai megold\u00e1sok sz\u00e9les sk\u00e1l\u00e1j\u00e1t k\u00edn\u00e1lja \u00fcgyfeleinek. Ezeket az al\u00e1bbiakban felsoroljuk a v\u00e1llalati profillal \u00e9s az \u00e9rt\u00e9kel\u00e9sekkel egy\u00fctt.<\/p>\n<h3>Nemzetk\u00f6zi sz\u00e1ll\u00edt\u00e1s<\/h3>\n<p><strong>Sz\u00e1raz kont\u00e9nerek<\/strong><\/p>\n<ul>\n<li> \u00c1ltal\u00e1nos haszn\u00e1lat\u00fa kont\u00e9nerek (20'\/40'\/40\u2032 HC\/45\u2032 HC);<\/li>\n<li> Raklapsz\u00e9less\u00e9g\u0171 kont\u00e9nerek (40\u2032 HC PW\/45\u2032 HC PW);<\/li>\n<li> Speci\u00e1lis kont\u00e9nerek (flat-rack, open-top, open-side, platform, tart\u00e1ly stb.)<\/li>\n<li> Szem\u00e9lyre szabott szolg\u00e1ltat\u00e1s<\/li>\n<\/ul>\n<p><strong>Reefer kont\u00e9nerek<\/strong><\/p>\n<ul>\n<li> 20\u2032 RE\/40\u2032 RH Reefer kont\u00e9nerek,<\/li>\n<li> A piac legnagyobb, 45\u2032 RH raklapsz\u00e9less\u00e9g\u0171, Eur\u00f3p\u00e1n bel\u00fcli kereskedelemre sz\u00e1nt kont\u00e9nerflott\u00e1ja.<\/li>\n<li> Dedik\u00e1lt r\u00e9szleg<\/li>\n<\/ul>\n<p><strong>XXL Cargo<\/strong><\/p>\n<ul>\n<li> Nem szabv\u00e1nyos m\u00e9retekkel \u00e9s s\u00falyokkal rendelkez\u0151 rakom\u00e1ny sz\u00e1ll\u00edt\u00e1sa<\/li>\n<li> Luxusaut\u00f3k<\/li>\n<li> Helikopterek<\/li>\n<li> Nagy g\u00e9pek<\/li>\n<li> Vas\u00fati kocsik<\/li>\n<li> T\u00falm\u00e9retezett turbin\u00e1k \u00e9s gener\u00e1torok<\/li>\n<li> Szak\u00e9rtelem az \u00f6mlesztett \u00e1ru sz\u00e1ll\u00edt\u00e1s\u00e1ban<\/li>\n<\/ul>\n<p><strong>Belf\u00f6ldi - Intermod\u00e1lis szolg\u00e1ltat\u00e1sok - Minden kontinensen<\/strong><\/p>\n<ul>\n<li> \u00c1tfog\u00f3 h\u00e1zt\u00f3l-h\u00e1zig szolg\u00e1ltat\u00e1s<\/li>\n<li> Szem\u00e9lyre szabott sz\u00e1razf\u00f6ldi megold\u00e1sok - (vas\u00fati, k\u00f6z\u00fati \u00e9s folyami)<\/li>\n<li> Optimaliz\u00e1lja az ell\u00e1t\u00e1si l\u00e1ncot k\u00f6lts\u00e9gtakar\u00e9kos h\u00e1zt\u00f3l-h\u00e1zig lehet\u0151s\u00e9gekkel<\/li>\n<li> Vonz\u00f3 specifikus visszatart\u00e1si \u00e9s k\u00e9sedelmi d\u00edjak<\/li>\n<li> Pontos nyomon k\u00f6vet\u00e9s az id\u0151ben t\u00f6rt\u00e9n\u0151 sz\u00e1ll\u00edt\u00e1s \u00e9rdek\u00e9ben<\/li>\n<li> Egyszer\u0171 foglal\u00e1s \u00e9s nyomon k\u00f6vet\u00e9s egy<a>e-business platform<\/a><\/li>\n<\/ul>\n<p><strong>AQUAVIVA - \u00c9l\u0151 hom\u00e1r sz\u00e1ll\u00edt\u00e1sa<\/strong><\/p>\n<ul>\n<li> H\u00e1zt\u00f3l-h\u00e1zig szolg\u00e1ltat\u00e1s<\/li>\n<li> A fagyaszt\u00e1s \u00e9s a k\u00f6lts\u00e9ges l\u00e9gi sz\u00e1ll\u00edt\u00e1s \u00faj alternat\u00edv\u00e1ja<\/li>\n<li> Fenntartja a hom\u00e1r term\u00e9szetes \u00e9l\u0151hely\u00e9t<\/li>\n<li> Garant\u00e1lja az els\u0151 napi frissess\u00e9get \u00e9s min\u0151s\u00e9get m\u00e9g hossz\u00fa t\u00e1v\u00fa tart\u00f3s\u00edt\u00e1s eset\u00e9n is.<\/li>\n<li> Tisztelettud\u00f3an b\u00e1nik a k\u00f6rnyezettel<\/li>\n<\/ul>\n<p><strong>RORO (Roll on Roll off)<\/strong><\/p>\n<ul>\n<li> <strong><a href=\"https:\/\/moverdb.com\/hu\/moving-companies\/algeria\/\" data-internallinksmanager029f6b8e52c=\"166\" title=\"3 legjobb nemzetk\u00f6zi k\u00f6lt\u00f6ztet\u0151 c\u00e9gek Alg\u00e9ri\u00e1ban\">Alg\u00e9ria<\/a><\/strong>: Mostaganem \u00e9s Oran, valamint B\u00e9ja fel\u00e9 k\u00f6zleked\u0151 j\u00e1rat.<\/li>\n<li> <strong><a href=\"https:\/\/moverdb.com\/hu\/moving-companies\/moving-companies-morocco\/\" data-internallinksmanager029f6b8e52c=\"287\" title=\"4 legjobb nemzetk\u00f6zi k\u00f6lt\u00f6ztet\u0151 c\u00e9gek Marokk\u00f3ban\">Marokk\u00f3<\/a><\/strong>: szolg\u00e1ltat\u00e1s Casablanc\u00e1ba<\/li>\n<li> <strong>Tun\u00e9zia<\/strong>: szolg\u00e1ltat\u00e1s Rades \u00e9s La Goulette fel\u00e9<\/li>\n<\/ul>\n<p><strong>Cargo Cruises<\/strong><\/p>\n<ul>\n<li> Megosztani a mindennapi \u00e9letet a leg\u00e9nys\u00e9ggel<\/li>\n<li> 170 tengeri vonal, 450 <a href=\"https:\/\/moverdb.com\/hu\/top-49-container-ports\/\" data-internallinksmanager029f6b8e52c=\"80\" title=\"Top 49 legnagyobb \u00e9s legforgalmasabb kont\u00e9nerkik\u00f6t\u0151 2025-ben\">kik\u00f6t\u0151k<\/a> \u00e9s 150 orsz\u00e1g<\/li>\n<li> Foglaljon n\u00e9h\u00e1ny napra vagy n\u00e9h\u00e1ny h\u00f3napra<\/li>\n<li> Egy napra vagy egy h\u00e9tre partra sz\u00e1llni, \u00e9s elkapni a k\u00f6vetkez\u0151 haj\u00f3t.<\/li>\n<\/ul>\n<h2>CMA CGM Csoport V\u00e1llalati profil<\/h2>\n<p>A CMA CGM csoportot 1978-ban Jacques R. Saad\u00e9 alap\u00edtotta Marseille-ben, aki megalap\u00edtotta a Compagnie Maritime d'Affr\u00e8tement (CMA) haj\u00f3t\u00e1rsas\u00e1got. A CMA-nak egy haj\u00f3ja \u00e9s n\u00e9gy alkalmazottja volt, akik egy Bejr\u00fat, Lattakia, Marseille \u00e9s Livorno k\u00f6z\u00f6tti haj\u00f3z\u00e1si vonalon dolgoztak. <\/p>\n<p>1980-ra a CMA k\u00e9t haj\u00f3val \u00e9s 65 f\u0151s szem\u00e9lyzettel rendelkezik, \u00e9s irod\u00e1kat nyit Eur\u00f3p\u00e1ban. 1983-ban a CMA megkezdte multimod\u00e1lis szolg\u00e1ltat\u00e1s\u00e1t, amely lehet\u0151v\u00e9 tette az \u00e1ruk h\u00e1zr\u00f3l h\u00e1zra t\u00f6rt\u00e9n\u0151 sz\u00e1ll\u00edt\u00e1s\u00e1t.<\/p>\n<p>1999-ben a CGM \u00e9s a CMA egyes\u00fclt, \u00edgy a v\u00e1llalat a vil\u00e1g 12. legnagyobb haj\u00f3ja lett. 2003-ra a v\u00e1llalat az 5. helyre emelkedett.<sup>th<\/sup> poz\u00edci\u00f3. 2006-ban a CMA CGM lett a vil\u00e1g 3. legnagyobb haj\u00f3ja.<sup>rd<\/sup> legnagyobb <a href=\"https:\/\/moverdb.com\/hu\/hajozasi-tarsasagok\/\" target=\"_blank\" rel=\"noopener\">kont\u00e9nerhaj\u00f3z\u00e1si \u00e9s sz\u00e1ll\u00edt\u00e1si v\u00e1llalat<\/a>, ami a mai napig megmaradt.<\/p>\n<p>Ma a CMA CGM csoport vil\u00e1gszerte k\u00f6zel 25 000 embert foglalkoztat, \u00e9s vil\u00e1gszerte 64 irod\u00e1val \u00e9s k\u00e9pviselettel rendelkezik. K\u00e9t f\u0151 k\u00f6zpontja van, egy Marseille-ben \u00e9s egy Norfolkban, <a href=\"https:\/\/moverdb.com\/hu\/moving-to-the-united-states\/moving-to-virginia\/\" data-internallinksmanager029f6b8e52c=\"442\" title=\"K\u00f6lt\u00f6z\u00e9s Virgini\u00e1ba? 2023 \u00c9letk\u00f6lts\u00e9gek \u00e9s k\u00f6lt\u00f6z\u00e9si tippek\">Virginia<\/a>. A t\u00e1rsas\u00e1g 170 tengeri vonalon k\u00f6zlekedik, \u00e9s 150 orsz\u00e1g 450 kik\u00f6t\u0151j\u00e9t keresi fel. Jelenleg a harmadik legnagyobb <a href=\"https:\/\/moverdb.com\/hu\/shipping-companies\/\" data-internallinksmanager029f6b8e52c=\"4\" title=\"Top 10 nemzetk\u00f6zi kont\u00e9nersz\u00e1ll\u00edt\u00f3 c\u00e9gek\">haj\u00f3z\u00e1si v\u00e1llalat<\/a> a vil\u00e1gon, \u00e9s 428 haj\u00f3b\u00f3l \u00e1ll\u00f3 flott\u00e1val rendelkezik.<\/p>\n<p>A CMA CGM a k\u00f6vetkez\u0151 akkredit\u00e1ci\u00f3kkal \u00e9s kapcsolatokkal rendelkezik:<\/p>\n<ul>\n<li> Nemzetk\u00f6zi haj\u00f3v\u00e9delmi bizony\u00edtv\u00e1ny (ISSC)<\/li>\n<li> Biztons\u00e1gir\u00e1ny\u00edt\u00e1si tan\u00fas\u00edtv\u00e1ny (SMC)<\/li>\n<li> Tenger\u00e9szeti munka\u00fcgyi egyezm\u00e9ny (MLC)<\/li>\n<li> <a href=\"https:\/\/moverdb.com\/hu\/world-shipping-council\/\">Haj\u00f3z\u00e1si Vil\u00e1gtan\u00e1cs<\/a> (<a href=\"https:\/\/moverdb.com\/hu\/world-shipping-council\/\" data-internallinksmanager029f6b8e52c=\"82\" title=\"A Haj\u00f3z\u00e1si Vil\u00e1gtan\u00e1cs (WSC) magyar\u00e1zata\">WSC<\/a>)<\/li>\n<\/ul>\n<h2>CMA CGM Csoport V\u00e9lem\u00e9nyek<\/h2>\n<p><em>A cikk \u00edr\u00e1sakor m\u00e9g nem tal\u00e1ltunk online \u00e9rt\u00e9kel\u00e9st a CMA CGM Group sz\u00e1ll\u00edt\u00e1si szolg\u00e1ltat\u00e1sair\u00f3l.<\/em><\/p>\n<div itemprop=\"review\" itemscope itemtype=\"http:\/\/schema.org\/Review\">\n<strong><span itemprop=\"author\" itemscope=\"\" itemtype=\"http:\/\/schema.org\/Organization\"><span itemprop=\"name\">MoverDB.com<\/span><\/span> Online weboldal-fel\u00fclvizsg\u00e1lat a <span itemprop=\"itemreviewed\" itemscope=\"\" itemtype=\"http:\/\/schema.org\/Brand\"><span itemprop=\"name\">CMA CGM csoport<\/span><\/span>:<\/strong><\/p>\n<ol>\n<li> Egy\u00e9rtelm\u0171 el\u00e9rhet\u0151s\u00e9gek a weboldalon (bele\u00e9rtve a telefonsz\u00e1mot is): <strong>Igen<\/strong><\/li>\n<li> K\u00f6nnyen beszerezhet\u0151 <a href=\"https:\/\/moverdb.com\/hu\/container-shipping\/\" data-internallinksmanager029f6b8e52c=\"3\" title=\"Nemzetk\u00f6zi kont\u00e9nersz\u00e1ll\u00edt\u00e1si d\u00edjt\u00e1bl\u00e1zat: \u00e1prilis 2026\">nemzetk\u00f6zi sz\u00e1ll\u00edt\u00e1s<\/a> id\u00e9zetek? (Online \u00e1raj\u00e1nlatk\u00e9r\u0151 \u0171rlap): <strong>Nem<\/strong>, \u00fagy t\u0171nik, hogy regisztr\u00e1lni kell ahhoz, hogy \u00e1raj\u00e1nlatokat kapjunk.<\/li>\n<li> Egy\u00e9rtelm\u0171 inform\u00e1ci\u00f3k a honlapon: <strong>Igen,<\/strong> a honlapon r\u00e9szletes inform\u00e1ci\u00f3k tal\u00e1lhat\u00f3k az \u00f6sszes szolg\u00e1ltat\u00e1sukr\u00f3l.<\/li>\n<li> Tags\u00e1g nemzetk\u00f6zi elismert haj\u00f3z\u00e1si szervezetekben: <strong>Igen<\/strong><\/li>\n<li> \u00dcgyfelek list\u00e1ja \u00e9s\/vagy kor\u00e1bbi v\u00e1s\u00e1rl\u00f3i aj\u00e1nl\u00e1sok. <strong>Nem,<\/strong> a honlapjukon egyik sem szerepel.<\/li>\n<\/ol>\n<div itemprop=\"reviewRating\" itemscope itemtype=\"http:\/\/schema.org\/Rating\"><meta itemprop=\"worstRating\" content = \"0\" \/><meta itemprop=\"bestRating\" content=\"5\" \/><meta itemprop=\"ratingValue\" content=\"3.5\"><\/div>\n<p><strong>\u00c1ltal\u00e1nos pontsz\u00e1m: 3.5\/5<\/strong><br \/>\n<strong>Fel\u00fclvizsg\u00e1lat d\u00e1tuma:<\/strong> <span itemprop=\"datePublished\" content=\"2017-04-21\">21\/04\/2017<\/span>\n<\/div>\n<p>B\u0151vebben m\u00e1s <a href=\"https:\/\/moverdb.com\/hu\/hajozasi-tarsasagok\/\">nemzetk\u00f6zi haj\u00f3z\u00e1si t\u00e1rsas\u00e1gok<\/a>, <a href=\"https:\/\/moverdb.com\/hu\/kontenerszallitas\/\">kont\u00e9neres sz\u00e1ll\u00edt\u00e1si d\u00edjak<\/a> \u00e9s a mi <a href=\"https:\/\/moverdb.com\/hu\/ertekelesek\/\">fel\u00fclvizsg\u00e1lati folyamat<\/a>.<\/p>\n<p><strong>Weboldal:<\/strong> <a href=\"http:\/\/www.cma-cgm.com\/\" target=\"_blank\" rel=\"noopener\">http:\/\/www.cma-cgm.com\/<\/a><\/p>","protected":false},"excerpt":{"rendered":"<p>CMA CGM Group offers its clients a wide range of shipping and logistics solutions. These are listed below together with a company profile and reviews. International Shipping Dry Containers General-use containers (20&#8217;\/40&#8217;\/40&#8242; HC\/45&#8242; HC); Pallet wide containers (40&#8242; HC PW\/45&#8242; HC PW); Specialised containers (flat-rack, open-top, open-side, platform, tank, etc.) Personalised service Reefer Containers 20&#8242; [&hellip;]<\/p>\n","protected":false},"author":1,"featured_media":0,"parent":0,"menu_order":0,"comment_status":"closed","ping_status":"closed","template":"","meta":{"_genesis_hide_title":false,"_genesis_hide_breadcrumbs":false,"_genesis_hide_singular_image":false,"_genesis_hide_footer_widgets":false,"_genesis_custom_body_class":"","_genesis_custom_post_class":"","_genesis_layout":"","footnotes":""},"class_list":{"0":"post-1648","1":"page","2":"type-page","3":"status-publish","5":"entry"},"_links":{"self":[{"href":"https:\/\/moverdb.com\/hu\/wp-json\/wp\/v2\/pages\/1648","targetHints":{"allow":["GET"]}}],"collection":[{"href":"https:\/\/moverdb.com\/hu\/wp-json\/wp\/v2\/pages"}],"about":[{"href":"https:\/\/moverdb.com\/hu\/wp-json\/wp\/v2\/types\/page"}],"author":[{"embeddable":true,"href":"https:\/\/moverdb.com\/hu\/wp-json\/wp\/v2\/users\/1"}],"replies":[{"embeddable":true,"href":"https:\/\/moverdb.com\/hu\/wp-json\/wp\/v2\/comments?post=1648"}],"version-history":[{"count":5,"href":"https:\/\/moverdb.com\/hu\/wp-json\/wp\/v2\/pages\/1648\/revisions"}],"predecessor-version":[{"id":6192,"href":"https:\/\/moverdb.com\/hu\/wp-json\/wp\/v2\/pages\/1648\/revisions\/6192"}],"wp:attachment":[{"href":"https:\/\/moverdb.com\/hu\/wp-json\/wp\/v2\/media?parent=1648"}],"curies":[{"name":"wp","href":"https:\/\/api.w.org\/{rel}","templated":true}]}}