{"id":1644,"date":"2017-02-23T09:28:26","date_gmt":"2017-02-23T09:28:26","guid":{"rendered":"http:\/\/moverdb.com\/?page_id=1644"},"modified":"2026-01-08T14:48:02","modified_gmt":"2026-01-08T14:48:02","slug":"conroy-removals","status":"publish","type":"page","link":"https:\/\/moverdb.com\/hu\/conroy-removals\/","title":{"rendered":"Conroy K\u00f6lt\u00f6ztet\u0151k - Nemzetk\u00f6zi k\u00f6lt\u00f6ztet\u00e9s V\u00e9lem\u00e9nyek"},"content":{"rendered":"<p>A Conroy Removals a k\u00f6lt\u00f6ztet\u00e9si szolg\u00e1ltat\u00e1sok sz\u00e9les sk\u00e1l\u00e1j\u00e1t k\u00edn\u00e1lja \u00fcgyfeleinek mind a k\u00f6vetkez\u0151 ter\u00fcleteken <a href=\"https:\/\/moverdb.com\/hu\/moving-to-australia\/living-in-australia\/\" data-internallinksmanager029f6b8e52c=\"240\" title=\"21 Titkok az Ausztr\u00e1li\u00e1ban \u00e9l\u0151kr\u0151l, hogy tudd, miel\u0151tt elk\u00f6lt\u00f6z\u00f6l\">Ausztr\u00e1lia<\/a> \u00e9s <a href=\"https:\/\/moverdb.com\/hu\/moving-to-new-zealand\/\" data-internallinksmanager029f6b8e52c=\"324\" title=\"\u00daj-Z\u00e9landra k\u00f6lt\u00f6zik? 2023 Meg\u00e9lhet\u00e9si k\u00f6lts\u00e9gek \u00e9s k\u00f6lt\u00f6z\u00e9si tippek\">\u00daj-Z\u00e9land<\/a>. Ezeket az al\u00e1bbiakban felsoroljuk, a v\u00e1llalati profillal \u00e9s a v\u00e9lem\u00e9nyekkel egy\u00fctt.<\/p>\n<p><strong><a href=\"https:\/\/moverdb.com\/hu\/international-removals\/\" data-internallinksmanager029f6b8e52c=\"27\" title=\"36 legjobb nemzetk\u00f6zi k\u00f6lt\u00f6ztet\u0151 c\u00e9gek az Egyes\u00fclt Kir\u00e1lys\u00e1gban\">Nemzetk\u00f6zi k\u00f6lt\u00f6ztet\u00e9s<\/a><\/strong><\/p>\n<ul>\n<li> Szem\u00e9lyes k\u00f6lt\u00f6z\u00e9si koordin\u00e1tor<\/li>\n<li> Ajt\u00f3t\u00f3l ajt\u00f3ig<\/li>\n<li> Teljes k\u00f6r\u0171 csomagol\u00e1s, r\u00e9szleges csomagol\u00e1s \u00e9s bark\u00e1cs\u00e1ru csomagol\u00e1s<\/li>\n<li> B\u00fatorok sz\u00e9tszerel\u00e9se \u00e9s \u00f6sszeszerel\u00e9se<\/li>\n<li> <a href=\"https:\/\/moverdb.com\/hu\/autoszallitas-szallitas-szallitas\/\">Aut\u00f3k sz\u00e1ll\u00edt\u00e1sa<\/a>, motorker\u00e9kp\u00e1rok, cs\u00f3nakok \u00e9s p\u00f3tkocsik<\/li>\n<li> Tengeri fuvaroz\u00e1s - <a href=\"https:\/\/moverdb.com\/hu\/kontenerszallitas\/\">FCL\/LCL kont\u00e9neres sz\u00e1ll\u00edt\u00e1s<\/a><\/li>\n<li> L\u00e9gi sz\u00e1ll\u00edtm\u00e1nyoz\u00e1s<\/li>\n<li> Hossz\u00fa \u00e9s r\u00f6vid t\u00e1v\u00fa t\u00e1rol\u00e1s el\u00e9rhet\u0151<\/li>\n<li> Teljes k\u00f6r\u0171 kicsomagol\u00e1si szolg\u00e1ltat\u00e1s<\/li>\n<li> T\u00f6rmel\u00e9k elt\u00e1vol\u00edt\u00e1sa<\/li>\n<li> V\u00e1mkezel\u00e9s \u00e9s seg\u00edts\u00e9gny\u00fajt\u00e1s a sz\u00fcks\u00e9ges dokument\u00e1ci\u00f3val<\/li>\n<li> Szervezett biztos\u00edt\u00e1s<\/li>\n<li> Devizav\u00e1lt\u00e1si szolg\u00e1ltat\u00e1sok<\/li>\n<\/ul>\n<p><strong>\u00c1llamk\u00f6zi, t\u00e1vols\u00e1gi \u00e9s helyi k\u00f6lt\u00f6z\u00e9sek<\/strong><\/p>\n<ul>\n<li> Elsz\u00e1nt k\u00f6lt\u00f6ztet\u00e9si szak\u00e9rt\u0151<\/li>\n<li> Ajt\u00f3t\u00f3l ajt\u00f3ig<\/li>\n<li> K\u00fcl\u00f6nb\u00f6z\u0151 csomagok \u00e1llnak rendelkez\u00e9sre<\/li>\n<li> Teljes k\u00f6r\u0171 csomagol\u00e1si szolg\u00e1ltat\u00e1s, t\u00f6r\u00e9keny t\u00e1rgyak vagy bark\u00e1cscsomagol\u00e1s<\/li>\n<li> B\u00fatorok sz\u00e9t- \u00e9s \u00f6sszeszerel\u00e9se<\/li>\n<li> Hossz\u00fa \u00e9s r\u00f6vid t\u00e1v\u00fa t\u00e1rol\u00e1s el\u00e9rhet\u0151<\/li>\n<li> Kicsomagol\u00e1si szolg\u00e1ltat\u00e1s el\u00e9rhet\u0151<\/li>\n<li> Megszervezett biztos\u00edt\u00e1s<\/li>\n<\/ul>\n<p><strong>V\u00e1llalati \u00e1thelyez\u00e9sek<\/strong><\/p>\n<ul>\n<li> H\u00e1ztart\u00e1si ing\u00f3s\u00e1gok elsz\u00e1ll\u00edt\u00e1sa<\/li>\n<li> Keres\u00e9s otthon<\/li>\n<li> Iskolai keres\u00e9s<\/li>\n<li> Orient\u00e1ci\u00f3<\/li>\n<li> Nyelvi k\u00e9pz\u00e9s<\/li>\n<li> R\u00f6vid t\u00e1v\u00fa sz\u00e1ll\u00e1s<\/li>\n<li> <a href=\"https:\/\/moverdb.com\/hu\/autoszallitas-szallitas-szallitas\/\">G\u00e9pj\u00e1rm\u0171vek sz\u00e1ll\u00edt\u00e1sa \u00e9s fuvaroz\u00e1sa<\/a><\/li>\n<li> \u00c1llatsz\u00e1ll\u00edt\u00e1s<\/li>\n<li> H\u00e1zi takar\u00edt\u00e1s<\/li>\n<li> Valet kipakol\u00e1s<\/li>\n<li> Deviza<\/li>\n<\/ul>\n<h2>Conroy Removals C\u00e9gprofil<\/h2>\n<p>A Conroy Removals of Australia and New Zealand 1972-ben kezdte meg m\u0171k\u00f6d\u00e9s\u00e9t. Ausztr\u00e1li\u00e1ban \u00e9s \u00daj-Z\u00e9landon egyar\u00e1nt vannak kirendelts\u00e9geik, \u00e9s a r\u00e9gi\u00f3 els\u0151 sz\u00e1m\u00fa k\u00f6lt\u00f6ztet\u0151 c\u00e9g\u00e9nek tartj\u00e1k magukat. A Conroy kiterjedt nemzeti \u00e9s nemzetk\u00f6zi partner- \u00e9s le\u00e1nyv\u00e1llalati h\u00e1l\u00f3zattal rendelkezik, \u00edgy csak a v\u00e1llalat t\u00f6bb mint 350 nemzetk\u00f6zi partnerrel rendelkezik.<\/p>\n<p>A v\u00e1llalat elk\u00f6telezett a sz\u00e9n-dioxid-kibocs\u00e1t\u00e1s cs\u00f6kkent\u00e9se mellett a cs\u00f6kkent\u00e9s, az \u00fajrafelhaszn\u00e1l\u00e1s \u00e9s az \u00fajrahasznos\u00edt\u00e1s r\u00e9v\u00e9n. Emellett b\u00edzik abban, hogy alkalmazottai j\u00f3l k\u00e9pzettek, \u00e9s b\u00edzik abban, hogy minden tev\u00e9kenys\u00e9g\u00fck sor\u00e1n kiv\u00e1l\u00f3 szolg\u00e1ltat\u00e1st ny\u00fajtanak.<\/p>\n<p>A Conroy Removals (Ausztr\u00e1lia \u00e9s \u00daj-Z\u00e9land) a k\u00f6vetkez\u0151 akkredit\u00e1ci\u00f3kkal \u00e9s csatlakoz\u00e1sokkal rendelkezik:<\/p>\n<ul>\n<li> <a href=\"https:\/\/moverdb.com\/hu\/en-vagyok\/\">A k\u00f6lt\u00f6ztet\u0151k nemzetk\u00f6zi sz\u00f6vets\u00e9ge<\/a> (<a href=\"https:\/\/moverdb.com\/hu\/iam\/\" data-internallinksmanager029f6b8e52c=\"23\" title=\"A K\u00f6lt\u00f6ztet\u0151k Nemzetk\u00f6zi Sz\u00f6vets\u00e9ge (IAM) magyar\u00e1zata\">IAM<\/a>)<\/li>\n<li> <a href=\"https:\/\/moverdb.com\/hu\/british-association-of-removers\/\">Brit K\u00f6lt\u00f6ztet\u0151k Sz\u00f6vets\u00e9ge<\/a> (<a href=\"https:\/\/moverdb.com\/hu\/british-association-of-removers\/\" data-internallinksmanager029f6b8e52c=\"9\" title=\"A Brit K\u00f6lt\u00f6ztet\u0151k Sz\u00f6vets\u00e9ge (BAR) magyar\u00e1zata\">BAR<\/a>)<\/li>\n<li> <a href=\"https:\/\/moverdb.com\/hu\/afra\/\">Ausztr\u00e1l B\u00fatorsz\u00e1ll\u00edt\u00f3k Sz\u00f6vets\u00e9ge<\/a> (<a href=\"https:\/\/moverdb.com\/hu\/afra\/\" data-internallinksmanager029f6b8e52c=\"7\" title=\"Az Ausztr\u00e1l B\u00fatorsz\u00e1ll\u00edt\u00f3k Sz\u00f6vets\u00e9ge (AFRA) magyar\u00e1zata\">AFRA<\/a>)<\/li>\n<li> <a href=\"https:\/\/moverdb.com\/hu\/aima\/\">Ausztr\u00e1l Nemzetk\u00f6zi K\u00f6lt\u00f6ztet\u0151k Sz\u00f6vets\u00e9ge<\/a> (<a href=\"https:\/\/moverdb.com\/hu\/aima\/\" data-internallinksmanager029f6b8e52c=\"8\" title=\"Az Ausztr\u00e1l Nemzetk\u00f6zi K\u00f6lt\u00f6ztet\u0151k Sz\u00f6vets\u00e9ge (AIMA) magyar\u00e1zata\">AIMA<\/a>)<\/li>\n<li> D\u00e9l-afrikai Nemzetk\u00f6zi K\u00f6lt\u00f6ztet\u0151k Sz\u00f6vets\u00e9ge (SAIMA)<\/li>\n<li> P\u00e1namerikai Nemzetk\u00f6zi K\u00f6lt\u00f6ztet\u0151k Sz\u00f6vets\u00e9ge (PAIMA)<\/li>\n<li> \u00daj-Z\u00e9landi Tengerent\u00fali K\u00f6lt\u00f6ztet\u0151k Sz\u00f6vets\u00e9ge (NZOMA)<\/li>\n<li> <a href=\"https:\/\/moverdb.com\/hu\/fidi-faim\/\">FIDI glob\u00e1lis sz\u00f6vets\u00e9g<\/a><\/li>\n<\/ul>\n<p>Ausztr\u00e1l irod\u00e1ik vannak:<\/p>\n<ul>\n<li> <a href=\"https:\/\/moverdb.com\/hu\/moving-to-brisbane\/\" data-internallinksmanager029f6b8e52c=\"255\" title=\"Brisbane-be k\u00f6lt\u00f6zik? 2023 Lakhat\u00e1si k\u00f6lts\u00e9gek \u00e9s k\u00f6lt\u00f6z\u00e9si tippek\">Brisbane<\/a><\/li>\n<li> <a href=\"https:\/\/moverdb.com\/hu\/koltozes-sydneybe\/\">Sydney<\/a><\/li>\n<li> Melbourne<\/li>\n<li> Perth<\/li>\n<li> Townsville<\/li>\n<\/ul>\n<p>\u00daj-z\u00e9landi irod\u00e1k:<\/p>\n<ul>\n<li> Napier<\/li>\n<li> Auckland<\/li>\n<li> Tauranga<\/li>\n<li> Wellington<\/li>\n<li> Christchurch<\/li>\n<li> Nelson<\/li>\n<\/ul>\n<h2>Conroy Removals V\u00e9lem\u00e9nyek<\/h2>\n<p><strong>Pozit\u00edv:<\/strong><\/p>\n<ul>\n<li> <em>\"A h\u00e1zam \u00f6sszepakol\u00e1s\u00e1t ragyog\u00f3an v\u00e9gezt\u00e9k, nagy gondoss\u00e1ggal \u00e9s nagyon hat\u00e9kony id\u0151beoszt\u00e1sban. Mindent egy\u00e9rtelm\u0171en katalogiz\u00e1ltak, \u00e9s a kicsomagol\u00e1s k\u00f6nny\u0171 volt, mivel minden t\u00e1rgyat k\u00f6nnyen megtal\u00e1ltak, \u00e9s a dobozokat j\u00f3l elnevezt\u00e9k minden szob\u00e1hoz. Minden szemetet elt\u00e1vol\u00edtottak, \u00e9s m\u00e9g n\u00e9h\u00e1ny r\u00e9gi dobozt is elvittek nekem, ami nagy seg\u00edts\u00e9g volt az \u00fcres h\u00e1z kitakar\u00edt\u00e1sakor.\"<\/em> - V\u00e1s\u00e1rl\u00f3i aj\u00e1nl\u00e1s <a href=\"https:\/\/www.conroy.co.nz\/customer-reviews\/nz-to-overseas\" target=\"_blank\" rel=\"noopener\">az NZ weboldal\u00e1n kereszt\u00fcl<\/a><\/li>\n<li> <em>\"Kiv\u00e1l\u00f3 kommunik\u00e1ci\u00f3 a sz\u00e1ll\u00edt\u00e1st megel\u0151z\u0151en, \u00e9s a k\u00e9t f\u00e9rfi, aki lesz\u00e1ll\u00edtotta az \u00e1rut, udvarias, bar\u00e1ts\u00e1gos, gyors \u00e9s nagyon hat\u00e9kony volt.\"<\/em> - V\u00e1s\u00e1rl\u00f3i v\u00e9lem\u00e9ny a <a href=\"https:\/\/www.conroyremovals.com.au\/customer-reviews\/overseas-to-australia\" target=\"_blank\" rel=\"noopener\">AU weboldal<\/a><\/li>\n<li> <em>\"M\u00e1r 25 alkalommal k\u00f6lt\u00f6ztem, \u00e9s messze ez volt a legjobb k\u00f6lt\u00f6z\u00e9si tapasztalat. K\u00f6sz\u00f6n\u00f6m Conroys!\"<\/em> - Jackie via <a href=\"http:\/\/www.productreview.com.au\/p\/conroy-removals.html?rating=5#reviews\" target=\"_blank\" rel=\"noopener\">Term\u00e9k fel\u00fclvizsg\u00e1lata<\/a><\/li>\n<li> <em>\"A nagym\u00e9ret\u0171 t\u00e1rgyak mozgat\u00e1sa Nz-ben \u00e9s Ausztr\u00e1li\u00e1ban neh\u00e9z lehet, de ezek a sr\u00e1cok t\u00e9nyleg megk\u00f6nny\u00edtett\u00e9k a dolgunkat.\"<\/em> - Dave via <a href=\"https:\/\/yellow.co.nz\/y\/conroy-removals-airpark-drive#detailsRatingsReviews\" target=\"_blank\" rel=\"noopener\">S\u00e1rga<\/a><\/li>\n<\/ul>\n<p><strong>Negat\u00edv:<\/strong><\/p>\n<ul>\n<li> <em>\"A t\u00f6bbsz\u00f6ri h\u00edv\u00e1s (mind hangpost\u00e1ra ment) \u00e9s e-mail ellen\u00e9re k\u00e9t h\u00e9tig semmit sem hallottam az \u00e1ru v\u00e1mkezel\u00e9se \u00e9s a k\u00e9zbes\u00edt\u0151k h\u00edv\u00e1sa k\u00f6z\u00f6tt.\"<\/em> - V\u00e1s\u00e1rl\u00f3i v\u00e9lem\u00e9ny a <a href=\"https:\/\/www.conroy.co.nz\/customer-reviews\/overseas-to-nz\" target=\"_blank\" rel=\"noopener\">NZ weboldal<\/a><\/li>\n<li> <em>\"Az \u00e1rukat 2 hete v\u00e1mkezelt\u00e9k. A GST + v\u00e1m megfizet\u00e9s\u00e9re vonatkoz\u00f3 felsz\u00f3l\u00edt\u00e1son k\u00edv\u00fcl (amit m\u00e1snap meg is tettem), nem hallottam semmit arr\u00f3l, hogy mikor fogj\u00e1k lesz\u00e1ll\u00edtani az \u00e1rut. Hagytam hangpost\u00e1t, e-maileket \u00e9s m\u00e9g mindig semmi. El\u00e9gg\u00e9 belet\u00f6r\u0151dtem abba, hogy nem fogom l\u00e1tni az \u00e1rumat t\u00f6bb\u00e9.\"<\/em> - v\u00e1s\u00e1rl\u00f3i \u00e9rt\u00e9kel\u00e9s a <a href=\"https:\/\/www.conroyremovals.com.au\/customer-reviews\/australia-to-overseas\" target=\"_blank\" rel=\"noopener\">AU weboldal<\/a><\/li>\n<li> <em>\"Sajnos nem volt szerencs\u00e9nk a k\u00f6lt\u00f6ztet\u00e9s\u00fcnkkel, az \u00e1ruk megs\u00e9r\u00fcltek a nem megfelel\u0151 csomagol\u00e1s miatt, \u00e9s a Conroy nem akar semmilyen felel\u0151ss\u00e9get v\u00e1llalni az \u00fcgyben.\"<\/em> - Karen kereszt\u00fcl <a href=\"https:\/\/www.mymovingreviews.com\/movers\/conroy-removals-1807#58945\" target=\"_blank\" rel=\"noopener\">My Moving V\u00e9lem\u00e9nyek<\/a><\/li>\n<li> <em>\"Nagyon k\u00e9s\u0151n, csal\u00f3dott voltam emiatt, de tartott\u00e1k a kapcsolatot, ez\u00e9rt elismer\u00e9sem. Szint\u00e9n elfogadhat\u00f3 \u00e1ron.\"<\/em> - Jon kereszt\u00fcl <a href=\"https:\/\/www.nocowboys.co.nz\/businesses\/conroy-removals-\" target=\"_blank\" rel=\"noopener\">NoCowboys<\/a><\/li>\n<\/ul>\n<div itemprop=\"review\" itemscope itemtype=\"http:\/\/schema.org\/Review\">\n<span itemprop=\"author\" itemscope=\"\" itemtype=\"http:\/\/schema.org\/Organization\"><span itemprop=\"name\">MoverDB.com<\/span><\/span> Online weboldal-fel\u00fclvizsg\u00e1lat a <span itemprop=\"itemreviewed\" itemscope=\"\" itemtype=\"http:\/\/schema.org\/Brand\"><span itemprop=\"name\">Conroy k\u00f6lt\u00f6ztet\u00e9s<\/span><\/span>:<\/p>\n<ol>\n<li> Egy\u00e9rtelm\u0171 el\u00e9rhet\u0151s\u00e9gek a weboldalon (bele\u00e9rtve a telefonsz\u00e1mot is): <strong>Igen<\/strong><\/li>\n<li> K\u00f6nnyen beszerezhet\u0151 <a href=\"https:\/\/moverdb.com\/hu\/idezi\/\">nemzetk\u00f6zi mozg\u00f3 \u00e1raj\u00e1nlatok<\/a>? (Online \u00e1raj\u00e1nlatk\u00e9r\u0151 \u0171rlap): <strong>Igen<\/strong><\/li>\n<li> Egy\u00e9rtelm\u0171 inform\u00e1ci\u00f3k a honlapon: <strong>Igen,<\/strong> a honlapon nagyon sok nagyon r\u00e9szletes inform\u00e1ci\u00f3 tal\u00e1lhat\u00f3.<\/li>\n<li> Tags\u00e1g nemzetk\u00f6zi elismert mozgat\u00f3 szervezetekben: <strong>Igen<\/strong>, (sok, l\u00e1sd fent)<\/li>\n<li> \u00dcgyfelek list\u00e1ja \u00e9s\/vagy kor\u00e1bbi v\u00e1s\u00e1rl\u00f3i aj\u00e1nl\u00e1sok: <strong>Igen,<\/strong> A v\u00e1llalat weboldal\u00e1n pozit\u00edv \u00e9s negat\u00edv \u00fcgyf\u00e9lv\u00e9lem\u00e9nyek egyar\u00e1nt tal\u00e1lhat\u00f3k, amelyeket csillagok \u00e9s a l\u00e9p\u00e9s t\u00edpusa szerint rendezhet.<\/li>\n<\/ol>\n<div itemprop=\"reviewRating\" itemscope itemtype=\"http:\/\/schema.org\/Rating\"><meta itemprop=\"worstRating\" content = \"0\" \/><meta itemprop=\"bestRating\" content=\"5\" \/><meta itemprop=\"ratingValue\" content=\"5\"><\/div>\n<p><strong>\u00c1ltal\u00e1nos pontsz\u00e1m: 5\/5<\/strong><br \/>\n<strong>Fel\u00fclvizsg\u00e1lat d\u00e1tuma:<\/strong> <span itemprop=\"datePublished\" content=\"2017-02-23\">23\/02\/2017<\/span>\n<\/div>\n<p>Tov\u00e1bbi inform\u00e1ci\u00f3 <a href=\"https:\/\/moverdb.com\/hu\/koltozteto-cegek\/\">nemzetk\u00f6zi k\u00f6lt\u00f6ztet\u0151 c\u00e9gek<\/a> \u00e9s a mi <a href=\"https:\/\/moverdb.com\/hu\/ertekelesek\/\">fel\u00fclvizsg\u00e1lati folyamat<\/a>.<\/p>\n<p><strong>Weboldalak:<\/strong> AU: <a href=\"https:\/\/www.conroyremovals.com.au\/\" target=\"_blank\" rel=\"noopener\">https:\/\/www.conroyremovals.com.au\/<\/a>, NZ: <a href=\"https:\/\/www.conroy.co.nz\/\" target=\"_blank\" rel=\"noopener\">https:\/\/www.conroy.co.nz\/<\/a><\/p>","protected":false},"excerpt":{"rendered":"<p>Conroy Removals offers its customers a wide variety of removal services in both Australia and New Zealand. These are listed below, together with a company profile and reviews. International Removals Personal moving coordinator Door to door Full service packing, partial packing and DIY packing Dismantling and reassembly of furniture Shipping of cars, motorbikes, boats and [&hellip;]<\/p>\n","protected":false},"author":1,"featured_media":0,"parent":0,"menu_order":0,"comment_status":"closed","ping_status":"closed","template":"","meta":{"_genesis_hide_title":false,"_genesis_hide_breadcrumbs":false,"_genesis_hide_singular_image":false,"_genesis_hide_footer_widgets":false,"_genesis_custom_body_class":"","_genesis_custom_post_class":"","_genesis_layout":"","footnotes":""},"class_list":{"0":"post-1644","1":"page","2":"type-page","3":"status-publish","5":"entry"},"_links":{"self":[{"href":"https:\/\/moverdb.com\/hu\/wp-json\/wp\/v2\/pages\/1644","targetHints":{"allow":["GET"]}}],"collection":[{"href":"https:\/\/moverdb.com\/hu\/wp-json\/wp\/v2\/pages"}],"about":[{"href":"https:\/\/moverdb.com\/hu\/wp-json\/wp\/v2\/types\/page"}],"author":[{"embeddable":true,"href":"https:\/\/moverdb.com\/hu\/wp-json\/wp\/v2\/users\/1"}],"replies":[{"embeddable":true,"href":"https:\/\/moverdb.com\/hu\/wp-json\/wp\/v2\/comments?post=1644"}],"version-history":[{"count":10,"href":"https:\/\/moverdb.com\/hu\/wp-json\/wp\/v2\/pages\/1644\/revisions"}],"predecessor-version":[{"id":6194,"href":"https:\/\/moverdb.com\/hu\/wp-json\/wp\/v2\/pages\/1644\/revisions\/6194"}],"wp:attachment":[{"href":"https:\/\/moverdb.com\/hu\/wp-json\/wp\/v2\/media?parent=1644"}],"curies":[{"name":"wp","href":"https:\/\/api.w.org\/{rel}","templated":true}]}}