{"id":1640,"date":"2017-02-01T15:26:12","date_gmt":"2017-02-01T15:26:12","guid":{"rendered":"http:\/\/moverdb.com\/?page_id=1640"},"modified":"2026-01-08T14:48:08","modified_gmt":"2026-01-08T14:48:08","slug":"korona-athelyezesek","status":"publish","type":"page","link":"https:\/\/moverdb.com\/hu\/crown-relocations\/","title":{"rendered":"Crown Relocations - Nemzetk\u00f6zi k\u00f6lt\u00f6ztet\u00e9s V\u00e9lem\u00e9nyek"},"content":{"rendered":"<p>A Crown Relocations sz\u00e9khelye <a href=\"https:\/\/moverdb.com\/hu\/moving-to-hong-kong\/\" data-internallinksmanager029f6b8e52c=\"350\" title=\"Hongkongba k\u00f6lt\u00f6zik? 2023 Meg\u00e9lhet\u00e9si k\u00f6lts\u00e9gek \u00e9s k\u00f6lt\u00f6z\u00e9si tippek\">Hong Kong<\/a>. \u00dcgyfeleinek sz\u00e1mos k\u00f6lt\u00f6ztet\u00e9si \u00e9s k\u00f6lt\u00f6ztet\u00e9si szolg\u00e1ltat\u00e1st k\u00edn\u00e1l, \u00e9s ezeket az al\u00e1bbiakban felsoroljuk, a c\u00e9g profilj\u00e1val \u00e9s \u00e9rt\u00e9kel\u00e9s\u00e9vel egy\u00fctt.<\/p>\n<p><strong>Nemzetk\u00f6zi \u00e1thelyez\u00e9s<\/strong><\/p>\n<ul>\n<li> Szem\u00e9lyre szabott szolg\u00e1ltat\u00e1s<\/li>\n<li> H\u00e1zhoz men\u0151 szolg\u00e1ltat\u00e1s<\/li>\n<li> Csomagol\u00e1s - csin\u00e1ld magad, kiv\u00e1lasztott t\u00e9telek vagy teljes k\u00f6r\u0171 szolg\u00e1ltat\u00e1s<\/li>\n<li> Rakt\u00e1roz\u00e1s - r\u00f6vid \u00e9s hossz\u00fa t\u00e1von<\/li>\n<li> Online nyomon k\u00f6vet\u00e9si eszk\u00f6z\u00f6k<\/li>\n<li> H\u00e1zi\u00e1llat \u00e1thelyez\u00e9s<\/li>\n<li> Bev\u00e1ndorl\u00e1si szolg\u00e1ltat\u00e1sok<\/li>\n<li> Interkultur\u00e1lis k\u00e9pz\u00e9s<\/li>\n<li> Nyelvi k\u00e9pz\u00e9s<\/li>\n<li> Otthon-\u00e9rt\u00e9kes\u00edt\u00e9si szolg\u00e1ltat\u00e1sok<\/li>\n<li> Ingatlankezel\u00e9s<\/li>\n<li> Utaz\u00e1si szolg\u00e1ltat\u00e1sok el\u0151n\u00e9zete<\/li>\n<li> Seg\u00edts\u00e9g az otthonkeres\u00e9sben<\/li>\n<li> Iskolai keres\u00e9s<\/li>\n<li> \u00c9rkez\u00e9s ut\u00e1ni t\u00e1j\u00e9koz\u00f3d\u00e1s<\/li>\n<li> Partneri karrier-t\u00e1mogat\u00e1s<\/li>\n<li> Ezermester \u00e9s h\u00e1zi seg\u00edts\u00e9gny\u00fajt\u00e1s<\/li>\n<li> B\u00fatorb\u00e9rl\u00e9s<\/li>\n<li> Kik\u00fcldet\u00e9s k\u00f6zbeni t\u00e1mogat\u00e1s<\/li>\n<\/ul>\n<p><strong>Helyi \u00e9s t\u00e1vols\u00e1gi k\u00f6lt\u00f6z\u00e9s<\/strong><\/p>\n<ul>\n<li> Szem\u00e9lyre szabott szolg\u00e1ltat\u00e1s<\/li>\n<li> H\u00e1zhoz men\u0151 szolg\u00e1ltat\u00e1s<\/li>\n<li> Teljes k\u00f6r\u0171 csomagol\u00e1s, t\u00f6r\u00e9keny t\u00e1rgyak vagy bark\u00e1cs\u00e1ru csomagol\u00e1sa<\/li>\n<li> Kicsomagol\u00e1si szolg\u00e1ltat\u00e1s<\/li>\n<li> A t\u00f6rmel\u00e9k \u00e1rtalmatlan\u00edt\u00e1sa<\/li>\n<li> H\u00e1zi\u00e1llat \u00e1thelyez\u00e9s<\/li>\n<li> Hossz\u00fa \u00e9s r\u00f6vid t\u00e1v\u00fa t\u00e1rol\u00e1s<\/li>\n<li> Biztos\u00edt\u00e1s<\/li>\n<\/ul>\n<h2>Crown Relocations C\u00e9gprofil<\/h2>\n<p>A Crown Relocations a Crown Worldwide csoport r\u00e9sze, amelynek sz\u00e9khelye Hongkongban tal\u00e1lhat\u00f3. James E Thompson 1965-ben alap\u00edtotta a csoportot, mik\u00f6zben Yokoham\u00e1ban \u00e9lt, <a href=\"https:\/\/moverdb.com\/hu\/moving-to-japan\/\" data-internallinksmanager029f6b8e52c=\"342\" title=\"Jap\u00e1nba k\u00f6lt\u00f6zik? 2023 Lakhat\u00e1si k\u00f6lts\u00e9gek \u00e9s k\u00f6lt\u00f6z\u00e9si tippek\">Jap\u00e1n<\/a>. $1,000-rel kezdte, \u00e9s szerz\u0151d\u00e9st kapott a <a href=\"https:\/\/moverdb.com\/hu\/moving-to-the-united-states\/\" data-internallinksmanager029f6b8e52c=\"94\" title=\"Az Egyes\u00fclt \u00c1llamokba k\u00f6lt\u00f6zik? 2022 Meg\u00e9lhet\u00e9si k\u00f6lts\u00e9gek \u00e9s k\u00f6lt\u00f6z\u00e9si tippek\">US<\/a> a hadseregnek a Jap\u00e1nba \u00e9s Jap\u00e1nb\u00f3l val\u00f3 ki- \u00e9s bejuttat\u00e1s\u00e1ra. <\/p>\n<p>Thompson a mai napig a csoport vez\u00e9rigazgat\u00f3ja, \u00e9s 1978-ban saj\u00e1t mag\u00e1t \u00e9s a v\u00e1llalat k\u00f6zpontj\u00e1t Hongkongba k\u00f6lt\u00f6ztette. A v\u00e1llalatnak ma m\u00e1r t\u00f6bb mint 265 irod\u00e1ja van a vil\u00e1g 58 orsz\u00e1g\u00e1ban, \u00e9s 70 k\u00fcl\u00f6nb\u00f6z\u0151 nemzetis\u00e9g\u0171, t\u00f6bb mint 3100 embert foglalkoztat. A Crown Relocations \u00e9vente \u00e1tlagosan 120 000 k\u00f6lt\u00f6z\u00e9st bonyol\u00edt le, \u00e9s k\u00f6r\u00fclbel\u00fcl 3,4 milli\u00f3 n\u00e9gyzetl\u00e1bnyi rakt\u00e1rhelyis\u00e9ggel rendelkezik.<\/p>\n<p>A Crown Relocations a Crown-csoport hatalmas tapasztalat\u00e1ra t\u00e1maszkodva, az embereket a vil\u00e1g minden t\u00e1j\u00e1n k\u00f6lt\u00f6zteti, \u00e9s minden l\u00e9p\u00e9s\u00fckben seg\u00edti \u0151ket. Az elk\u00e9pzel\u00e9s l\u00e9nyege, hogy a lehet\u0151 legkisebbre cs\u00f6kkents\u00fck a felfordul\u00e1st, \u00e9s \u00edgy lehet\u0151v\u00e9 tegy\u00fck a v\u00e1llalat alkalmazottai \u00e9s az egy\u00e9nek sz\u00e1m\u00e1ra, hogy gyorsan alkalmazkodjanak \u00faj \u00e9let\u00fckh\u00f6z.<\/p>\n<p>A Crown Relocation Services a k\u00f6vetkez\u0151 akkredit\u00e1ci\u00f3kkal \u00e9s kapcsolatokkal rendelkezik: -<\/p>\n<ul>\n<li> ISO 9001:2008<\/li>\n<li> <a href=\"https:\/\/moverdb.com\/hu\/en-vagyok\/\">K\u00f6lt\u00f6ztet\u0151k Nemzetk\u00f6zi Sz\u00f6vets\u00e9ge<\/a> (<a href=\"https:\/\/moverdb.com\/hu\/iam\/\" data-internallinksmanager029f6b8e52c=\"23\" title=\"A K\u00f6lt\u00f6ztet\u0151k Nemzetk\u00f6zi Sz\u00f6vets\u00e9ge (IAM) magyar\u00e1zata\">IAM<\/a>)<\/li>\n<\/ul>\n<h2>Crown Relocations V\u00e9lem\u00e9nyek<\/h2>\n<p><strong>Pozit\u00edv:<\/strong><\/p>\n<ul>\n<li> <em>\"Teljesen le voltunk ny\u0171g\u00f6zve, hogy milyen profi, bar\u00e1ts\u00e1gos \u00e9s hozz\u00e1\u00e9rt\u0151 m\u00f3don zajlott sz\u00e1munkra az eg\u00e9sz folyamat, az elej\u00e9t\u0151l a v\u00e9g\u00e9ig abszol\u00fat szuper volt!\"<\/em> - Mr. G. &amp; Ms. J. Webb kereszt\u00fcl <a href=\"https:\/\/www.crownrelo.com\/intl\/en-gb\/page\/testimonials\" target=\"_blank\" rel=\"noopener\">c\u00e9ges aj\u00e1nl\u00f3 oldal<\/a><\/li>\n<li> <em>\"Nagyon el\u00e9gedettek vagyunk a Crown szolg\u00e1ltat\u00e1saival, \u00e9s b\u00e1rkinek aj\u00e1nljuk.\"<\/em> - Phuc Do via <a href=\"http:\/\/www.productreview.com.au\/p\/crown-relocations-australia.html?rating=5#reviews\" target=\"_blank\" rel=\"noopener\">ProductReview.com.au<\/a><\/li>\n<li> <em>\"Egy bar\u00e1tom aj\u00e1nlotta a Crown-t a Doh\u00e1b\u00f3l val\u00f3 k\u00f6lt\u00f6z\u00e9s\u00fcnkh\u00f6z, a szolg\u00e1ltat\u00e1s kiv\u00e1l\u00f3 volt.\"<\/em> - Hilary via <a href=\"https:\/\/www.facebook.com\/pg\/CrownRelocations\/reviews\/\" target=\"_blank\" rel=\"noopener\">Facebook oldal<\/a><\/li>\n<li> <em>\"Ezek a sr\u00e1cok nagyszer\u0171ek voltak. Id\u0151ben j\u00f6ttek, \u00e9s meglep\u0151dtem, milyen gyorsan dolgoztak.\"<\/em> - Yana kereszt\u00fcl <a href=\"https:\/\/www.yelp.com\/biz\/crown-relocations-mililani?hrid=gPhaBuTV20YimRwN7q4Wyw&#038;utm_campaign=www_review_share_popup&#038;utm_medium=copy_link&#038;utm_source=(direct)\" target=\"_blank\" rel=\"noopener\">Yelp<\/a><\/li>\n<\/ul>\n<p><strong>Negat\u00edv:<\/strong><\/p>\n<ul>\n<li> <em>\"A legrosszabb c\u00e9g, amellyel valaha is dolgom volt. Nincs tisztess\u00e9g\u00fck, \u00e9s nem v\u00e1llalj\u00e1k a felel\u0151ss\u00e9get a h\u00e1zamban okozott k\u00e1rok\u00e9rt.\"<\/em> - Benjamin kereszt\u00fcl <a href=\"https:\/\/www.yelp.com\/biz\/crown-relocations-mililani?hrid=R9s-xC375R-HSBYSZZI_ag&#038;utm_campaign=www_review_share_popup&#038;utm_medium=copy_link&#038;utm_source=(direct)\" target=\"_blank\" rel=\"noopener\">Yelp<\/a><\/li>\n<li> <em>\"Rengeteg k\u00e1r keletkezett puszt\u00e1n a gondatlan csomagol\u00e1s miatt. T\u00f6bb h\u00e9tbe telt, mire v\u00e1laszoltak a sok e-mailekre, \u00e9s elismert\u00e9k, hogy a gondatlan csomagol\u00e1s okozta\"<\/em> - Elizabeth via <a href=\"https:\/\/www.facebook.com\/pg\/CrownRelocations\/reviews\/\" target=\"_blank\" rel=\"noopener\">Facebook oldal<\/a><\/li>\n<li> \"Sz\u00f6rny\u0171. Dr\u00e1ga \u00e9s hanyag. A szem\u00e9lyzet nem v\u00e1laszol azonnal a k\u00e9rd\u00e9sekre\" - LillithQ via <a href=\"http:\/\/www.productreview.com.au\/p\/crown-relocations-australia.html?rating=1#reviews\" target=\"_blank\" rel=\"noopener\">ProductReview.com.au<\/a><\/li>\n<\/ul>\n<div itemprop=\"review\" itemscope itemtype=\"http:\/\/schema.org\/Review\">\n<span itemprop=\"author\" itemscope=\"\" itemtype=\"http:\/\/schema.org\/Organization\"><span itemprop=\"name\">MoverDB.com<\/span><\/span> Online weboldal-fel\u00fclvizsg\u00e1lat a <span itemprop=\"itemreviewed\" itemscope=\"\" itemtype=\"http:\/\/schema.org\/Brand\"><span itemprop=\"name\">Korona \u00e1thelyez\u00e9sek<\/span><\/span>:<\/p>\n<ol>\n<li> Egy\u00e9rtelm\u0171 el\u00e9rhet\u0151s\u00e9gek a weboldalon (bele\u00e9rtve a telefonsz\u00e1mot is): <strong>Igen<\/strong><\/li>\n<li> K\u00f6nnyen beszerezhet\u0151 <a href=\"https:\/\/moverdb.com\/hu\/idezi\/\">nemzetk\u00f6zi mozg\u00f3 \u00e1raj\u00e1nlatok<\/a>? (Online \u00e1raj\u00e1nlatk\u00e9r\u0151 \u0171rlap): <strong>Igen<\/strong><\/li>\n<li> Egy\u00e9rtelm\u0171 inform\u00e1ci\u00f3k a honlapon: <strong>Igen.<\/strong> A weboldal vil\u00e1gosan ismerteti az \u00f6sszes k\u00edn\u00e1lt szolg\u00e1ltat\u00e1st, \u00e9s \u00fatic\u00e9l-\u00fatmutat\u00f3kat is tartalmaz.<\/li>\n<li> Tags\u00e1g nemzetk\u00f6zi elismert mozgat\u00f3 szervezetekben: <strong>Igen<\/strong>, (l\u00e1sd fent)<\/li>\n<li> \u00dcgyfelek list\u00e1ja \u00e9s\/vagy kor\u00e1bbi v\u00e1s\u00e1rl\u00f3i aj\u00e1nl\u00e1sok. <strong>Igen,<\/strong> Van egy aj\u00e1nl\u00f3 oldaluk, \u00e9s a webes v\u00e9lem\u00e9nyek \u00e1ltal\u00e1ban pozit\u00edvnak t\u0171nnek.<\/li>\n<\/ol>\n<div itemprop=\"reviewRating\" itemscope itemtype=\"http:\/\/schema.org\/Rating\"><meta itemprop=\"worstRating\" content = \"0\" \/><meta itemprop=\"bestRating\" content=\"5\" \/><meta itemprop=\"ratingValue\" content=\"5\"><\/div>\n<p><strong>\u00c1ltal\u00e1nos pontsz\u00e1m: 5\/5<\/strong><br \/>\n<strong>Fel\u00fclvizsg\u00e1lat d\u00e1tuma:<\/strong> <span itemprop=\"datePublished\" content=\"2017-02-01\">01\/02\/2017<\/span>\n<\/div>\n<p>Tov\u00e1bbi inform\u00e1ci\u00f3 <a href=\"https:\/\/moverdb.com\/hu\/koltozteto-cegek\/\">nemzetk\u00f6zi k\u00f6lt\u00f6ztet\u0151 c\u00e9gek<\/a> \u00e9s a mi <a href=\"https:\/\/moverdb.com\/hu\/ertekelesek\/\">fel\u00fclvizsg\u00e1lati folyamat<\/a>.<\/p>\n<p><strong>Weboldalak:<\/strong> <a href=\"https:\/\/www.crownrelo.com\/\" target=\"_blank\" rel=\"noopener\">https:\/\/www.crownrelo.com\/<\/a>; USA: <a href=\"https:\/\/www.crownworldwide.com\/en-us\" rel=\"noopener\" target=\"_blank\">https:\/\/www.crownworldwide.com\/en-us<\/a><\/p>","protected":false},"excerpt":{"rendered":"<p>Crown Relocations has its headquarters in Hong Kong. It offers its customers a range of relocation and moving services and these are listed below, together with a company profile and reviews. International Relocation Personalised service Door to door service Packing &#8211; do it yourself, selected items or full service Storage &#8211; short and long term [&hellip;]<\/p>\n","protected":false},"author":1,"featured_media":0,"parent":0,"menu_order":0,"comment_status":"closed","ping_status":"closed","template":"","meta":{"_genesis_hide_title":false,"_genesis_hide_breadcrumbs":false,"_genesis_hide_singular_image":false,"_genesis_hide_footer_widgets":false,"_genesis_custom_body_class":"","_genesis_custom_post_class":"","_genesis_layout":"","footnotes":""},"class_list":{"0":"post-1640","1":"page","2":"type-page","3":"status-publish","5":"entry"},"_links":{"self":[{"href":"https:\/\/moverdb.com\/hu\/wp-json\/wp\/v2\/pages\/1640","targetHints":{"allow":["GET"]}}],"collection":[{"href":"https:\/\/moverdb.com\/hu\/wp-json\/wp\/v2\/pages"}],"about":[{"href":"https:\/\/moverdb.com\/hu\/wp-json\/wp\/v2\/types\/page"}],"author":[{"embeddable":true,"href":"https:\/\/moverdb.com\/hu\/wp-json\/wp\/v2\/users\/1"}],"replies":[{"embeddable":true,"href":"https:\/\/moverdb.com\/hu\/wp-json\/wp\/v2\/comments?post=1640"}],"version-history":[{"count":6,"href":"https:\/\/moverdb.com\/hu\/wp-json\/wp\/v2\/pages\/1640\/revisions"}],"predecessor-version":[{"id":6199,"href":"https:\/\/moverdb.com\/hu\/wp-json\/wp\/v2\/pages\/1640\/revisions\/6199"}],"wp:attachment":[{"href":"https:\/\/moverdb.com\/hu\/wp-json\/wp\/v2\/media?parent=1640"}],"curies":[{"name":"wp","href":"https:\/\/api.w.org\/{rel}","templated":true}]}}