{"id":1628,"date":"2017-04-24T11:01:52","date_gmt":"2017-04-24T11:01:52","guid":{"rendered":"http:\/\/moverdb.com\/?page_id=1628"},"modified":"2026-01-08T14:48:18","modified_gmt":"2026-01-08T14:48:18","slug":"evergreen-marine","status":"publish","type":"page","link":"https:\/\/moverdb.com\/hu\/evergreen-marine\/","title":{"rendered":"Evergreen Marine (vonal) - Nemzetk\u00f6zi sz\u00e1ll\u00edt\u00e1si szolg\u00e1ltat\u00e1sok \u00e9s v\u00e9lem\u00e9nyek"},"content":{"rendered":"<p>Az Evergreen Marine, m\u00e1s n\u00e9ven Evergreen Line egy tajvani kont\u00e9nersz\u00e1ll\u00edt\u00f3 \u00e9s kont\u00e9nersz\u00e1ll\u00edt\u00f3 v\u00e1llalat. <a href=\"https:\/\/moverdb.com\/hu\/shipping-companies\/\" data-internallinksmanager029f6b8e52c=\"4\" title=\"Top 10 nemzetk\u00f6zi kont\u00e9nersz\u00e1ll\u00edt\u00f3 c\u00e9gek\">haj\u00f3z\u00e1si v\u00e1llalat<\/a>. Szolg\u00e1ltat\u00e1sok sz\u00e9les sk\u00e1l\u00e1j\u00e1t k\u00edn\u00e1lja \u00fcgyfeleinek. Ezek az al\u00e1bbiakban a c\u00e9g profilj\u00e1val \u00e9s \u00e9rt\u00e9kel\u00e9s\u00e9vel egy\u00fctt szerepelnek.<\/p>\n<h3>Nemzetk\u00f6zi sz\u00e1ll\u00edt\u00e1s<\/h3>\n<p><strong>All-in-one szolg\u00e1ltat\u00e1s<\/strong><\/p>\n<ul>\n<li> Sz\u00e1ll\u00edt\u00e1si \u00e1ttekint\u00e9s<\/li>\n<li> Foglal\u00e1s<\/li>\n<li> B\/L utas\u00edt\u00e1s<\/li>\n<li> B\/L lektor\u00e1l\u00e1s<\/li>\n<li> <a href=\"https:\/\/moverdb.com\/hu\/moving-to-the-united-states\/\" data-internallinksmanager029f6b8e52c=\"94\" title=\"Az Egyes\u00fclt \u00c1llamokba k\u00f6lt\u00f6zik? 2022 Meg\u00e9lhet\u00e9si k\u00f6lts\u00e9gek \u00e9s k\u00f6lt\u00f6z\u00e9si tippek\">US<\/a> az import\u0151r biztons\u00e1gi bejelent\u00e9se (ISF)<\/li>\n<\/ul>\n<p><strong>Intermod\u00e1lis szolg\u00e1ltat\u00e1sok<\/strong><\/p>\n<ul>\n<li> H\u00e1zhozsz\u00e1ll\u00edt\u00e1s<\/li>\n<li> Tenger, foly\u00f3, k\u00f6z\u00fat \u00e9s vas\u00fat<\/li>\n<\/ul>\n<p><strong>Sz\u00e1raz\u00e1ru-kont\u00e9nerek<\/strong><\/p>\n<ul>\n<li> K\u00fcl\u00f6n kijel\u00f6lt \u00e9rt\u00e9kes\u00edt\u0151 szem\u00e9ly<\/li>\n<li> 20\u2032 ac\u00e9l sz\u00e1raz\u00e1ru kont\u00e9ner<\/li>\n<li> 40\u2032 ac\u00e9l sz\u00e1raz\u00e1ru kont\u00e9ner<\/li>\n<li> 40\u2032 Hi-Cube sz\u00e1raz\u00e1ru kont\u00e9ner<\/li>\n<li> 45\u2032 Hi-Cube sz\u00e1raz\u00e1ru-kont\u00e9ner<\/li>\n<\/ul>\n<p><strong>Reefer kont\u00e9ner<\/strong><\/p>\n<ul>\n<li> 20\u2032 MGSS h\u0171t\u0151kont\u00e9ner<\/li>\n<li> 20\u2032 alum\u00ednium h\u0171t\u0151kont\u00e9ner<\/li>\n<li> 40\u2032 Hi-Cube h\u0171t\u0151kont\u00e9ner<\/li>\n<li> 40\u2032 Hi-Cube alum\u00ednium h\u0171t\u0151kont\u00e9ner<\/li>\n<\/ul>\n<p><strong>Speci\u00e1lis kont\u00e9ner<\/strong><\/p>\n<ul>\n<li> 20\u2032 teljes magass\u00e1g\u00fa nyitott tetej\u0171 kont\u00e9ner<\/li>\n<li> 20\u2032-es lapos \u00e1llv\u00e1nytart\u00e1ly n\u00e9gy szabadon \u00e1ll\u00f3 oszlopkal<\/li>\n<li> 20\u2032 lapos \u00e1llv\u00e1nyos kont\u00e9ner \u00f6sszecsukhat\u00f3 v\u00e9ggel<\/li>\n<li> 40\u2032-es lapos \u00e1llv\u00e1nytart\u00e1ly n\u00e9gy szabadon \u00e1ll\u00f3 oszlopkal<\/li>\n<li> 40\u2032 lapos \u00e1llv\u00e1nyos kont\u00e9ner \u00f6sszecsukhat\u00f3 v\u00e9ggel<\/li>\n<li> 40\u2032 teljes magass\u00e1g\u00fa nyitott tetej\u0171 kont\u00e9ner<\/li>\n<li> 40\u2032 Hi-cube hang\u00e1r kont\u00e9ner<\/li>\n<\/ul>\n<h2>Evergreen Marine v\u00e1llalati profil<\/h2>\n<p>Az Evergreen csoport els\u0151 v\u00e1llalat\u00e1t, az Evergreen Marine Corporationt Tajvanon alap\u00edtott\u00e1k 1.<sup>st<\/sup> 1968 szeptember\u00e9ben Dr. Yung-Fa Chang egy haszn\u00e1lt teherhaj\u00f3val. Az Evergreen megkezdte <a href=\"https:\/\/moverdb.com\/hu\/container-shipping\/\" data-internallinksmanager029f6b8e52c=\"3\" title=\"Nemzetk\u00f6zi kont\u00e9nersz\u00e1ll\u00edt\u00e1si d\u00edjt\u00e1bl\u00e1zat: m\u00e1rcius 2026\">kont\u00e9neres sz\u00e1ll\u00edt\u00e1s<\/a> 1975-ben, \u00e9s 1985-re a v\u00e1llalat a vil\u00e1g legnagyobb kont\u00e9nersz\u00e1ll\u00edt\u00f3j\u00e1v\u00e1 v\u00e1lt.<\/p>\n<p>Jelenleg \"Evergreen Line\" m\u00e1rkan\u00e9v alatt m\u0171k\u00f6dik, az Evergreen Marine Corp. (Taiwan) Ltd., Evergreen Marine (<a href=\"https:\/\/moverdb.com\/hu\/moving-to-the-uk\/\" data-internallinksmanager029f6b8e52c=\"93\" title=\"Az Egyes\u00fclt Kir\u00e1lys\u00e1gba k\u00f6lt\u00f6zik? 2022 Meg\u00e9lhet\u00e9si k\u00f6lts\u00e9gek \u00e9s k\u00f6lt\u00f6z\u00e9si tippek\">UK<\/a>) Ltd., Evergreen Marine (<a href=\"https:\/\/moverdb.com\/hu\/moving-to-hong-kong\/\" data-internallinksmanager029f6b8e52c=\"350\" title=\"Hongkongba k\u00f6lt\u00f6zik? 2023 Meg\u00e9lhet\u00e9si k\u00f6lts\u00e9gek \u00e9s k\u00f6lt\u00f6z\u00e9si tippek\">Hong Kong<\/a>) Ltd., Italia Marittima S.p.A. \u00e9s Evergreen Marine (<a href=\"https:\/\/moverdb.com\/hu\/moving-to-singapore\/\" data-internallinksmanager029f6b8e52c=\"68\" title=\"Szingap\u00farba k\u00f6lt\u00f6zik? 2022 \u00c9letk\u00f6lts\u00e9gek \u00e9s k\u00f6lt\u00f6z\u00e9si tippek\">Szingap\u00far<\/a>) Pte Ltd.<\/p>\n<p>Az Evergreen m\u00e9lt\u00f3 a nev\u00e9hez: legnagyobb haj\u00f3i a 7024 TEU-s S-sorozat\u00fa haj\u00f3k, amelyeket kifejezetten \u00fagy terveztek, hogy a lehet\u0151 legkisebb hat\u00e1st gyakorolj\u00e1k a k\u00f6rnyezetre.<\/p>\n<p>Az Evergreen Marine a k\u00f6vetkez\u0151 akkredit\u00e1ci\u00f3kkal \u00e9s kapcsolatokkal rendelkezik:<\/p>\n<ul>\n<li> ISO 9001 2000<\/li>\n<li> ISO 9002<\/li>\n<li> Nemzetk\u00f6zi biztons\u00e1gi ir\u00e1ny\u00edt\u00e1s (ISM)<\/li>\n<li> SOLAS<\/li>\n<li> OPA90<\/li>\n<li> IMDG<\/li>\n<li> <a href=\"https:\/\/moverdb.com\/hu\/world-shipping-council\/\">Haj\u00f3z\u00e1si Vil\u00e1gtan\u00e1cs<\/a> (<a href=\"https:\/\/moverdb.com\/hu\/world-shipping-council\/\" data-internallinksmanager029f6b8e52c=\"82\" title=\"A Haj\u00f3z\u00e1si Vil\u00e1gtan\u00e1cs (WSC) magyar\u00e1zata\">WSC<\/a>)<\/li>\n<li> Csendes-\u00f3ce\u00e1ni \u00fcvegh\u00e1zhat\u00e1s\u00fa g\u00e1zok m\u00e9r\u00e9se (PGGM)<\/li>\n<\/ul>\n<h2>Evergreen Marine V\u00e9lem\u00e9nyek<\/h2>\n<p>A k\u00f6zz\u00e9t\u00e9tel id\u0151pontj\u00e1ban nem tal\u00e1ltunk pozit\u00edv vagy negat\u00edv v\u00e9lem\u00e9nyt az Evergreen Marine vagy az Evergreen vonalakr\u00f3l az interneten.<\/p>\n<div itemprop=\"review\" itemscope itemtype=\"http:\/\/schema.org\/Review\">\n<strong><span itemprop=\"author\" itemscope=\"\" itemtype=\"http:\/\/schema.org\/Organization\"><span itemprop=\"name\">MoverDB.com<\/span><\/span> Online weboldal-fel\u00fclvizsg\u00e1lat a <span itemprop=\"itemreviewed\" itemscope=\"\" itemtype=\"http:\/\/schema.org\/Brand\"><span itemprop=\"name\">Evergreen Marine<\/span><\/span>:<\/strong><\/p>\n<ol>\n<li> Egy\u00e9rtelm\u0171 el\u00e9rhet\u0151s\u00e9gek a weboldalon (bele\u00e9rtve a telefonsz\u00e1mot is): <strong>Igen<\/strong><\/li>\n<li> K\u00f6nny\u0171 nemzetk\u00f6zi sz\u00e1ll\u00edt\u00e1si \u00e1raj\u00e1nlatokat kapni? (Online \u00e1raj\u00e1nlatk\u00e9r\u0151 \u0171rlap): <strong>Igen<\/strong>, k\u00e9rhet\u0151 a kapcsolatfelv\u00e9teli \u0171rlapon kereszt\u00fcl.<\/li>\n<li> Egy\u00e9rtelm\u0171 inform\u00e1ci\u00f3k a honlapon: <strong>Igen,<\/strong> a honlapon r\u00e9szletes inform\u00e1ci\u00f3k tal\u00e1lhat\u00f3k az \u00f6sszes szolg\u00e1ltat\u00e1sukr\u00f3l.<\/li>\n<li> Tags\u00e1g nemzetk\u00f6zi elismert haj\u00f3z\u00e1si szervezetekben: <strong>Igen<\/strong><\/li>\n<li> \u00dcgyfelek list\u00e1ja \u00e9s\/vagy kor\u00e1bbi v\u00e1s\u00e1rl\u00f3i aj\u00e1nl\u00e1sok. <strong>Nem,<\/strong> a honlapjukon egyik sem szerepel.<\/li>\n<\/ol>\n<div itemprop=\"reviewRating\" itemscope itemtype=\"http:\/\/schema.org\/Rating\"><meta itemprop=\"worstRating\" content = \"0\" \/><meta itemprop=\"bestRating\" content=\"5\" \/><meta itemprop=\"ratingValue\" content=\"4\"><\/div>\n<p><strong>\u00c1ltal\u00e1nos pontsz\u00e1m: 4\/5<\/strong><br \/>\n<strong>Fel\u00fclvizsg\u00e1lat d\u00e1tuma:<\/strong> <span itemprop=\"datePublished\" content=\"2017-04-24\">24\/04\/2017<\/span>\n<\/div>\n<p>B\u0151vebben m\u00e1s <a href=\"https:\/\/moverdb.com\/hu\/hajozasi-tarsasagok\/\">kont\u00e9nersz\u00e1ll\u00edt\u00f3 t\u00e1rsas\u00e1gok<\/a>, <a href=\"https:\/\/moverdb.com\/hu\/kontenerszallitas\/\">nemzetk\u00f6zi kont\u00e9neres sz\u00e1ll\u00edt\u00e1si k\u00f6lts\u00e9gek<\/a> \u00e9s a mi <a href=\"https:\/\/moverdb.com\/hu\/ertekelesek\/\">fel\u00fclvizsg\u00e1lati folyamat<\/a>.<\/p>\n<p><strong>Weboldalak:<\/strong> <\/p>\n<ul>\n<li> <a href=\"http:\/\/www.evergreen-line.com\/\" target=\"_blank\" rel=\"noopener\">http:\/\/www.evergreen-line.com\/<\/a><\/li>\n<li> <a href=\"http:\/\/www.evergreen-marine.co.uk\/\" target=\"_blank\" rel=\"noopener\">http:\/\/www.evergreen-marine.co.uk\/<\/a><\/li>\n<li> <a href=\"http:\/\/www.evergreen-marine.com\/\" target=\"_blank\" rel=\"noopener\">http:\/\/www.evergreen-marine.com\/<\/a><\/li>\n<li> <a href=\"http:\/\/www.evergreen-marine.com.hk\/\" target=\"_blank\" rel=\"noopener\">http:\/\/www.evergreen-marine.com.hk\/<\/a><\/li>\n<li> <a href=\"http:\/\/www.evergreen-marine.com.sg\/\" target=\"_blank\" rel=\"noopener\">http:\/\/www.evergreen-marine.com.sg\/<\/a><\/li>\n<li> <a href=\"http:\/\/www.italiamarittima.it\/\" target=\"_blank\" rel=\"noopener\">http:\/\/www.italiamarittima.it\/<\/a><\/li>\n<\/ul>","protected":false},"excerpt":{"rendered":"<p>Evergreen Marine, also known as Evergreen Line, is a Taiwanese container transportation and shipping company. It offers its clients a wide array of services. These are listed below together with a company profile and reviews. International Shipping All-in-one Service Shipment overview Booking B\/L instruction B\/L proofreading US importer security filing (ISF) Intermodal Services Door to [&hellip;]<\/p>\n","protected":false},"author":1,"featured_media":0,"parent":0,"menu_order":0,"comment_status":"closed","ping_status":"closed","template":"","meta":{"_genesis_hide_title":false,"_genesis_hide_breadcrumbs":false,"_genesis_hide_singular_image":false,"_genesis_hide_footer_widgets":false,"_genesis_custom_body_class":"","_genesis_custom_post_class":"","_genesis_layout":"","footnotes":""},"class_list":{"0":"post-1628","1":"page","2":"type-page","3":"status-publish","5":"entry"},"_links":{"self":[{"href":"https:\/\/moverdb.com\/hu\/wp-json\/wp\/v2\/pages\/1628","targetHints":{"allow":["GET"]}}],"collection":[{"href":"https:\/\/moverdb.com\/hu\/wp-json\/wp\/v2\/pages"}],"about":[{"href":"https:\/\/moverdb.com\/hu\/wp-json\/wp\/v2\/types\/page"}],"author":[{"embeddable":true,"href":"https:\/\/moverdb.com\/hu\/wp-json\/wp\/v2\/users\/1"}],"replies":[{"embeddable":true,"href":"https:\/\/moverdb.com\/hu\/wp-json\/wp\/v2\/comments?post=1628"}],"version-history":[{"count":3,"href":"https:\/\/moverdb.com\/hu\/wp-json\/wp\/v2\/pages\/1628\/revisions"}],"predecessor-version":[{"id":6206,"href":"https:\/\/moverdb.com\/hu\/wp-json\/wp\/v2\/pages\/1628\/revisions\/6206"}],"wp:attachment":[{"href":"https:\/\/moverdb.com\/hu\/wp-json\/wp\/v2\/media?parent=1628"}],"curies":[{"name":"wp","href":"https:\/\/api.w.org\/{rel}","templated":true}]}}