{"id":1614,"date":"2017-04-27T14:28:26","date_gmt":"2017-04-27T14:28:26","guid":{"rendered":"http:\/\/moverdb.com\/?page_id=1614"},"modified":"2026-01-08T13:18:27","modified_gmt":"2026-01-08T13:18:27","slug":"hamburg-sud","status":"publish","type":"page","link":"https:\/\/moverdb.com\/hu\/hamburg-sud\/","title":{"rendered":"Hamburg S\u00fcd Csoport - Nemzetk\u00f6zi sz\u00e1ll\u00edt\u00e1si szolg\u00e1ltat\u00e1sok \u00e9s v\u00e9lem\u00e9nyek"},"content":{"rendered":"<p>Hamburg S\u00fcd egy n\u00e9met <a href=\"https:\/\/moverdb.com\/hu\/shipping-companies\/\" data-internallinksmanager029f6b8e52c=\"4\" title=\"Top 10 nemzetk\u00f6zi kont\u00e9nersz\u00e1ll\u00edt\u00f3 c\u00e9gek\">haj\u00f3z\u00e1si v\u00e1llalat<\/a> amely sz\u00e1mos szolg\u00e1ltat\u00e1st k\u00edn\u00e1l \u00fcgyfeleinek. Ezeket az al\u00e1bbiakban felsoroljuk a c\u00e9g profilj\u00e1val \u00e9s \u00e9rt\u00e9kel\u00e9s\u00e9vel egy\u00fctt. (<em><strong>Megjegyz\u00e9s:<\/strong> <a href=\"https:\/\/moverdb.com\/hu\/maersk\/\" target=\"_blank\" rel=\"noopener\">Maersk Line<\/a> folyamatban van a v\u00e1llalat megv\u00e1s\u00e1rl\u00e1sa<\/em>).<\/p>\n<h3>Nemzetk\u00f6zi kont\u00e9nersz\u00e1ll\u00edt\u00e1s<\/h3>\n<ul>\n<li> Szak\u00e9rt\u0151k \u00e1ltali tervez\u00e9s<\/li>\n<li> Ajt\u00f3t\u00f3l ajt\u00f3ig<\/li>\n<li> Intermod\u00e1lis szolg\u00e1ltat\u00e1sok<\/li>\n<\/ul>\n<p><strong>Sz\u00e1raz\u00e1ru<\/strong><\/p>\n<p><strong>Vesz\u00e9lyes rakom\u00e1ny<\/strong><\/p>\n<ul>\n<li> Minden egyes k\u00e9relmet szak\u00e9rt\u0151k vizsg\u00e1lnak meg<\/li>\n<li> Meg kell felelnie a jogszab\u00e1lyi el\u0151\u00edr\u00e1soknak<\/li>\n<li> A tan\u00fas\u00edtott vesz\u00e9lyes \u00e1ruk biztons\u00e1gi tan\u00e1csad\u00f3ja (DGSA) minden sz\u00e1ll\u00edtm\u00e1nyra vonatkoz\u00f3an tan\u00e1csot ad.<\/li>\n<li> Modern haj\u00f3k vesz\u00e9lyes rakom\u00e1nyok sz\u00e1ll\u00edt\u00e1s\u00e1ra<\/li>\n<li> Szigor\u00fa figyelem a rakod\u00e1si szab\u00e1lyok betart\u00e1s\u00e1ra<\/li>\n<\/ul>\n<p><strong>Reefer Cargo<\/strong><\/p>\n<ul>\n<li> Gy\u00fcm\u00f6lcs, z\u00f6lds\u00e9g, vir\u00e1g, n\u00f6v\u00e9ny<\/li>\n<li> H\u00fas, hal \u00e9s tenger gy\u00fcm\u00f6lcsei<\/li>\n<li> Gy\u00f3gyszerek, f\u00e9nyk\u00e9p\u00e9szeti anyagok \u00e9s vegyi anyagok<\/li>\n<li> Tejterm\u00e9kek \u00e9s gy\u00fcm\u00f6lcslevek<\/li>\n<li> <a href=\"https:\/\/moverdb.com\/hu\/kontenerszallitas\/\">20\u2032 \u00e9s 40\u2032 kont\u00e9nerek<\/a><\/li>\n<li> Megszak\u00edt\u00e1s n\u00e9lk\u00fcli hideg ell\u00e1t\u00e1si l\u00e1nc<\/li>\n<li> A betakar\u00edtott gy\u00fcm\u00f6lcs\u00f6k \u00e9s z\u00f6lds\u00e9gek atmoszf\u00e9r\u00e1j\u00e1nak kezel\u00e9se<\/li>\n<li> Multi h\u0151m\u00e9rs\u00e9klet \u00fczemm\u00f3d<\/li>\n<li> Izz\u00f3 \u00fczemm\u00f3d<\/li>\n<\/ul>\n<p><strong>K\u00fcl\u00f6nleges rakom\u00e1ny<\/strong><\/p>\n<ul>\n<li> T\u00f6meges t\u00f6r\u00e9s<\/li>\n<li> M\u00e9reten k\u00edv\u00fcli<\/li>\n<li> Nagy s\u0171r\u0171s\u00e9g\u0171<\/li>\n<\/ul>\n<p><strong>Egy\u00e9b sz\u00e1ll\u00edt\u00e1si szolg\u00e1ltat\u00e1sok<\/strong><\/p>\n<ul>\n<li> Az \u00f6sszes vonatkoz\u00f3 import- \u00e9s exportdokument\u00e1ci\u00f3 kezel\u00e9se<\/li>\n<li> Ideiglenes t\u00e1rol\u00e1s<\/li>\n<li> Nagyobb sz\u00e1ll\u00edtm\u00e1nyok feloszt\u00e1sa egyes sz\u00e1ll\u00edtm\u00e1nyokra<\/li>\n<li> C\u00edmk\u00e9z\u00e9s<\/li>\n<li> Import \u00e9s export v\u00e1mkezel\u00e9s<\/li>\n<\/ul>\n<p><strong>Ed\u00e9nyek<\/strong><\/p>\n<ul>\n<li> Modern flotta<\/li>\n<li> <a href=\"https:\/\/moverdb.com\/hu\/hajozasi-tarsasagok\/\">Kont\u00e9nerhaj\u00f3k<\/a><\/li>\n<li> \u00d6mlesztett\u00e1ru-sz\u00e1ll\u00edt\u00f3 haj\u00f3k<\/li>\n<li> Term\u00e9ksz\u00e1ll\u00edt\u00f3 tart\u00e1lyhaj\u00f3k<\/li>\n<\/ul>\n<p><strong>Haszn\u00e1lt kont\u00e9ner \u00e9rt\u00e9kes\u00edt\u00e9s<\/strong><\/p>\n<ul>\n<li> K\u00fcl\u00f6nb\u00f6z\u0151 t\u00edpus\u00fa tart\u00e1lyok sz\u00e9les v\u00e1laszt\u00e9ka<\/li>\n<li> Hozz\u00e1f\u00e9r\u00e9s haszn\u00e1lt kont\u00e9nerekhez vil\u00e1gszerte<\/li>\n<li> Kiv\u00e1l\u00f3 min\u0151s\u00e9g\u0171 tart\u00e1lyok<\/li>\n<li> Tapasztalt szem\u00e9lyzet<\/li>\n<li> Helyi nyelvi t\u00e1mogat\u00e1s<\/li>\n<\/ul>\n<p><strong>eCommerce<\/strong><\/p>\n<ul>\n<li> Percre pontos menetrendek<\/li>\n<li> Track &amp; Trace (kont\u00e9nerk\u00f6vet\u00e9s)<\/li>\n<li> Foglal\u00e1si \u00e1ttekint\u00e9sek<\/li>\n<li> A foglal\u00e1sok \u00fajrahasznos\u00edt\u00e1sa<\/li>\n<li> A sz\u00e1ll\u00edt\u00e1si utas\u00edt\u00e1sok \u00e1ttekint\u00e9se<\/li>\n<li> \u00daj sz\u00e1ll\u00edt\u00e1si utas\u00edt\u00e1sok beny\u00fajt\u00e1sa<\/li>\n<li> B\/L v\u00e1lt\u00f3k ellen\u0151rz\u00e9se<\/li>\n<li> Szabv\u00e1nyos\u00edtott jelent\u00e9sek k\u00e9sz\u00edt\u00e9se egy sz\u00e1ll\u00edtm\u00e1nyhoz<\/li>\n<li> Track &amp; Trace rakom\u00e1ny<\/li>\n<\/ul>\n<h2>Hamburg S\u00fcd V\u00e1llalati profil<\/h2>\n<p>A Hamburg S\u00fcdot 1871-ben tizenegy hamburgi keresked\u0151h\u00e1z k\u00e9pvisel\u0151i alap\u00edtott\u00e1k Hamburg S\u00fcdamerikanische Dampfschifffahrts-Gesellschaft n\u00e9ven. A t\u00e1rsas\u00e1gnak 1914-re 50 g\u0151zhaj\u00f3ja volt, amelyek mindegyike elpusztult az els\u0151 vil\u00e1gh\u00e1bor\u00faban. <\/p>\n<p>A v\u00e1llalat 1920-ban kezdte meg az \u00fajj\u00e1\u00e9p\u00edt\u00e9st \u00e9s ind\u00edtott egy haj\u00f3z\u00e1si t\u00e1rsas\u00e1got. 1939-re a Hamburg S\u00fcd rendelkezik a vil\u00e1g legnagyobb flott\u00e1j\u00e1val, \u00f6sszesen 52 haj\u00f3val.<\/p>\n<p>A m\u00e1sodik vil\u00e1gh\u00e1bor\u00faban a v\u00e1llalat flott\u00e1ja ism\u00e9t teljesen elpusztult. A Hamburg S\u00fcd lassan \u00fajraind\u00edtotta a k\u00f6rutaz\u00e1si \u00fczlet\u00e1gat, \u00e9s diverzifik\u00e1lta a tramphaj\u00f3z\u00e1s ter\u00fclet\u00e9t. Tankhaj\u00f3z\u00e1si \u00e9s h\u0171t\u0151haj\u00f3z\u00e1si tev\u00e9kenys\u00e9get ind\u00edtottak, 1971-re pedig belev\u00e1gtak a <a href=\"https:\/\/moverdb.com\/hu\/container-shipping\/\" data-internallinksmanager029f6b8e52c=\"3\" title=\"Nemzetk\u00f6zi kont\u00e9nersz\u00e1ll\u00edt\u00e1si d\u00edjt\u00e1bl\u00e1zat: \u00e1prilis 2026\">kont\u00e9neres sz\u00e1ll\u00edt\u00e1s<\/a>.<\/p>\n<p>A v\u00e1llalat ma m\u00e1r a kont\u00e9nersz\u00e1ll\u00edt\u00f3 t\u00e1rsas\u00e1gok els\u0151 t\u00edz helyezettje k\u00f6z\u00f6tt van vil\u00e1gszerte. A v\u00e1llalatnak 127 <a href=\"https:\/\/moverdb.com\/hu\/top-10-largest-container-ships-in-2022\/\" data-internallinksmanager029f6b8e52c=\"84\" title=\"Top 10 legnagyobb kont\u00e9nerhaj\u00f3 2026-ban\">kont\u00e9nerhaj\u00f3k<\/a> t\u00f6bb mint 600 000 TEU r\u00e9sid\u0151-kapacit\u00e1ssal \u00e9s 50 vonalhaj\u00f3z\u00e1si szolg\u00e1ltat\u00e1ssal. A Hamburg S\u00fcd vil\u00e1gszerte 250 irod\u00e1ban t\u00f6bb mint 6000 embert foglalkoztat.<\/p>\n<p>A Hamburg S\u00fcd a k\u00f6vetkez\u0151 akkredit\u00e1ci\u00f3kkal \u00e9s kapcsolatokkal rendelkezik:<\/p>\n<ul>\n<li> <a href=\"https:\/\/moverdb.com\/hu\/world-shipping-council\/\">Haj\u00f3z\u00e1si Vil\u00e1gtan\u00e1cs<\/a> (<a href=\"https:\/\/moverdb.com\/hu\/world-shipping-council\/\" data-internallinksmanager029f6b8e52c=\"82\" title=\"A Haj\u00f3z\u00e1si Vil\u00e1gtan\u00e1cs (WSC) magyar\u00e1zata\">WSC<\/a>)<\/li>\n<li> Tiszta \u00e1ru munkacsoport (CCWG)<\/li>\n<li> <a href=\"https:\/\/moverdb.com\/hu\/moving-to-the-united-states\/\" data-internallinksmanager029f6b8e52c=\"94\" title=\"Az Egyes\u00fclt \u00c1llamokba k\u00f6lt\u00f6zik? 2022 Meg\u00e9lhet\u00e9si k\u00f6lts\u00e9gek \u00e9s k\u00f6lt\u00f6z\u00e9si tippek\">US<\/a> K\u00f6rnyezetv\u00e9delmi \u00dcgyn\u00f6ks\u00e9g (EPA)<\/li>\n<li> Verband Deutsche Reeder (VDR)<\/li>\n<li> Nemzetk\u00f6zi sz\u00e1ll\u00edt\u00e1si biztons\u00e1gi tan\u00fas\u00edtv\u00e1ny (ISSC)<\/li>\n<li> EIPP Szabv\u00e1ny\u00fcgyi Tan\u00e1csad\u00f3 Test\u00fclet<\/li>\n<\/ul>\n<p><strong>Hamburg S\u00fcd csoport V\u00e9lem\u00e9nyek<\/strong><\/p>\n<p><em>A cikk meg\u00edr\u00e1s\u00e1nak id\u0151pontj\u00e1ban nem tal\u00e1ltunk sem pozit\u00edv, sem negat\u00edv v\u00e9lem\u00e9nyt a Hamburg S\u00fcd haj\u00f3z\u00e1si szolg\u00e1ltat\u00e1sair\u00f3l az interneten.<\/em><\/p>\n<p><strong><\/p>\n<div itemprop=\"review\" itemscope itemtype=\"http:\/\/schema.org\/Review\">\n<span itemprop=\"author\" itemscope=\"\" itemtype=\"http:\/\/schema.org\/Organization\"><span itemprop=\"name\">MoverDB.com<\/span><\/span> Online weboldal-fel\u00fclvizsg\u00e1lat a <span itemprop=\"itemreviewed\" itemscope=\"\" itemtype=\"http:\/\/schema.org\/Brand\"><span itemprop=\"name\">Hamburg S\u00fcd<\/span><\/span>:<\/strong><\/p>\n<ol>\n<li> Egy\u00e9rtelm\u0171 el\u00e9rhet\u0151s\u00e9gek a weboldalon (bele\u00e9rtve a telefonsz\u00e1mot is): <strong>Igen<\/strong><\/li>\n<li> K\u00f6nny\u0171 nemzetk\u00f6zi sz\u00e1ll\u00edt\u00e1si \u00e1raj\u00e1nlatokat kapni? (Online \u00e1raj\u00e1nlatk\u00e9r\u0151 \u0171rlap): <strong>Valahogy \u00fagy<\/strong>, \u00faj foglal\u00e1shoz regisztr\u00e1lni kell.<\/li>\n<li> Egy\u00e9rtelm\u0171 inform\u00e1ci\u00f3k a honlapon: <strong>Igen,<\/strong> A weboldal vil\u00e1gosan bemutatja a v\u00e1llalat \u00e1ltal k\u00edn\u00e1lt \u00f6sszes szolg\u00e1ltat\u00e1st.<\/li>\n<li> Tags\u00e1g nemzetk\u00f6zi elismert haj\u00f3z\u00e1si szervezetekben: <strong>Igen<\/strong>l\u00e1sd fentebb.<\/li>\n<li> \u00dcgyfelek list\u00e1ja \u00e9s\/vagy kor\u00e1bbi v\u00e1s\u00e1rl\u00f3i aj\u00e1nl\u00e1sok. <strong>Nem,<\/strong> de felsorolj\u00e1k a sz\u00e1mos d\u00edjat, amelyet elnyertek.<\/li>\n<\/ol>\n<div itemprop=\"reviewRating\" itemscope itemtype=\"http:\/\/schema.org\/Rating\"><meta itemprop=\"worstRating\" content = \"0\" \/><meta itemprop=\"bestRating\" content=\"5\" \/><meta itemprop=\"ratingValue\" content=\"4\"><\/div>\n<p><strong>\u00c1ltal\u00e1nos pontsz\u00e1m: 4\/5<\/strong><br \/>\n<strong>Fel\u00fclvizsg\u00e1lat d\u00e1tuma:<\/strong> <span itemprop=\"datePublished\" content=\"2017-04-27\">27\/04\/2017<\/span>\n<\/div>\n<p>B\u0151vebben m\u00e1s <a href=\"https:\/\/moverdb.com\/hu\/hajozasi-tarsasagok\/\">nemzetk\u00f6zi haj\u00f3z\u00e1si t\u00e1rsas\u00e1gok<\/a>, <a href=\"https:\/\/moverdb.com\/hu\/kontenerszallitas\/\">kont\u00e9neres sz\u00e1ll\u00edt\u00e1si d\u00edjak<\/a> \u00e9s a mi <a href=\"https:\/\/moverdb.com\/hu\/ertekelesek\/\">fel\u00fclvizsg\u00e1lati folyamat<\/a>.<\/p>\n<p><strong>Weboldal:<\/strong> <a href=\"http:\/\/www.hamburgsud.com\" target=\"_blank\" rel=\"noopener\">http:\/\/www.hamburgsud.com<\/a><\/p>","protected":false},"excerpt":{"rendered":"<p>Hamburg S\u00fcd is a German shipping company which offers its customers a range of services. These are listed below together with a company profile and reviews. (Note: Maersk Line is in the process of buying the company). International Container Shipping Planning by experts Door to door Intermodal services available Dry Cargo Hazardous Cargo Each request [&hellip;]<\/p>\n","protected":false},"author":1,"featured_media":0,"parent":0,"menu_order":0,"comment_status":"closed","ping_status":"closed","template":"","meta":{"_genesis_hide_title":false,"_genesis_hide_breadcrumbs":false,"_genesis_hide_singular_image":false,"_genesis_hide_footer_widgets":false,"_genesis_custom_body_class":"","_genesis_custom_post_class":"","_genesis_layout":"","footnotes":""},"class_list":{"0":"post-1614","1":"page","2":"type-page","3":"status-publish","5":"entry"},"_links":{"self":[{"href":"https:\/\/moverdb.com\/hu\/wp-json\/wp\/v2\/pages\/1614","targetHints":{"allow":["GET"]}}],"collection":[{"href":"https:\/\/moverdb.com\/hu\/wp-json\/wp\/v2\/pages"}],"about":[{"href":"https:\/\/moverdb.com\/hu\/wp-json\/wp\/v2\/types\/page"}],"author":[{"embeddable":true,"href":"https:\/\/moverdb.com\/hu\/wp-json\/wp\/v2\/users\/1"}],"replies":[{"embeddable":true,"href":"https:\/\/moverdb.com\/hu\/wp-json\/wp\/v2\/comments?post=1614"}],"version-history":[{"count":4,"href":"https:\/\/moverdb.com\/hu\/wp-json\/wp\/v2\/pages\/1614\/revisions"}],"predecessor-version":[{"id":6217,"href":"https:\/\/moverdb.com\/hu\/wp-json\/wp\/v2\/pages\/1614\/revisions\/6217"}],"wp:attachment":[{"href":"https:\/\/moverdb.com\/hu\/wp-json\/wp\/v2\/media?parent=1614"}],"curies":[{"name":"wp","href":"https:\/\/api.w.org\/{rel}","templated":true}]}}