{"id":1610,"date":"2017-04-24T11:17:52","date_gmt":"2017-04-24T11:17:52","guid":{"rendered":"http:\/\/moverdb.com\/?page_id=1610"},"modified":"2026-01-08T13:18:28","modified_gmt":"2026-01-08T13:18:28","slug":"hapag-lloyd","status":"publish","type":"page","link":"https:\/\/moverdb.com\/hu\/hapag-lloyd\/","title":{"rendered":"Hapag-Lloyd - Nemzetk\u00f6zi sz\u00e1ll\u00edt\u00e1si szolg\u00e1ltat\u00e1sok \u00e9s v\u00e9lem\u00e9nyek"},"content":{"rendered":"<p>A Hapag-Lloyd egy glob\u00e1lis <a href=\"https:\/\/moverdb.com\/hu\/shipping-companies\/\" data-internallinksmanager029f6b8e52c=\"4\" title=\"Top 10 nemzetk\u00f6zi kont\u00e9nersz\u00e1ll\u00edt\u00f3 c\u00e9gek\">haj\u00f3z\u00e1si v\u00e1llalat<\/a> hamburgi sz\u00e9khellyel, <a href=\"https:\/\/moverdb.com\/hu\/moving-to-germany\/\" data-internallinksmanager029f6b8e52c=\"321\" title=\"N\u00e9metorsz\u00e1gba k\u00f6lt\u00f6zik? 2023 Meg\u00e9lhet\u00e9si k\u00f6lts\u00e9gek \u00e9s k\u00f6lt\u00f6z\u00e9si tippek\">N\u00e9metorsz\u00e1g<\/a>. \u00dcgyfeleinek a sz\u00e1ll\u00edt\u00e1si \u00e9s logisztikai megold\u00e1sok sz\u00e9les sk\u00e1l\u00e1j\u00e1t k\u00edn\u00e1lja. Ezek az al\u00e1bbiakban a v\u00e1llalati profillal \u00e9s az \u00e9rt\u00e9kel\u00e9sekkel egy\u00fctt szerepelnek.<\/p>\n<h3>Nemzetk\u00f6zi sz\u00e1ll\u00edt\u00e1s<\/h3>\n<p><strong>Sz\u00e1raz\u00e1ru<\/strong><\/p>\n<ul>\n<li> Kont\u00e9neres megold\u00e1sok sz\u00e9les v\u00e1laszt\u00e9ka<\/li>\n<li> Gyors tranzitid\u0151<\/li>\n<li> A pontos \u00fctemterv megb\u00edzhat\u00f3s\u00e1ga<\/li>\n<li> H\u00e1zhoz men\u0151 szolg\u00e1ltat\u00e1s<\/li>\n<li> Vegyi anyagsz\u00e1ll\u00edt\u00e1sok, betartott el\u0151\u00edr\u00e1sok<\/li>\n<\/ul>\n<p><strong>Reefer Cargo<\/strong><\/p>\n<ul>\n<li> Gy\u00fcm\u00f6lcs, z\u00f6lds\u00e9g, h\u00fas, hal, vir\u00e1g<\/li>\n<li> Nagy \u00e9rt\u00e9k\u0171 gy\u00f3gyszeripari term\u00e9kek<\/li>\n<li> Szab\u00e1lyozott l\u00e9gk\u00f6r<\/li>\n<li> ExtraFresh \u00e9s EverFresh technol\u00f3gia a p\u00e1ralecsap\u00f3d\u00e1s cs\u00f6kkent\u00e9s\u00e9re<\/li>\n<li> Hivat\u00e1sos kezel\u0151k<\/li>\n<\/ul>\n<p><strong>Vesz\u00e9lyes \u00e1ruk<\/strong><\/p>\n<ul>\n<li> Szem\u00e9lyre szabott megold\u00e1sok minden \u00f6sszetett vesz\u00e9lyes \u00e1ru sz\u00e1ll\u00edt\u00e1s\u00e1hoz<\/li>\n<li> 24\/7-es t\u00e1mogat\u00e1s a vesz\u00e9lyes \u00e1ruk szak\u00e9rt\u0151it\u0151l az \u00f6sszes region\u00e1lis k\u00f6zpontban (Hamburg, Valparaiso, Piscataway \u00e9s <a href=\"https:\/\/moverdb.com\/hu\/moving-to-singapore\/\" data-internallinksmanager029f6b8e52c=\"68\" title=\"Szingap\u00farba k\u00f6lt\u00f6zik? 2022 \u00c9letk\u00f6lts\u00e9gek \u00e9s k\u00f6lt\u00f6z\u00e9si tippek\">Szingap\u00far<\/a>)<\/li>\n<li> H\u00e9tv\u00e9g\u00e9n t\u00f6bb vesz\u00e9lyes \u00e1ru szak\u00e9rt\u0151 \u00fcgyeletben<\/li>\n<li> Gyors \u00e9s megb\u00edzhat\u00f3 foglal\u00e1si ellen\u0151rz\u00e9s a nemzetk\u00f6zi jogi k\u00f6vetelm\u00e9nyek \u00e9s a z\u00f6kken\u0151mentes \u00e1rusz\u00e1ll\u00edt\u00e1s biztos\u00edt\u00e1sa \u00e9rdek\u00e9ben.<\/li>\n<li> Megfelel\u0151 rakod\u00e1s \u00e9s elk\u00fcl\u00f6n\u00edt\u00e9s a fed\u00e9lzeten, hogy minden rakom\u00e1ny biztons\u00e1gos tengeri \u00fatja biztos\u00edtott legyen.<\/li>\n<li> Adott esetben az IMDG-szab\u00e1lyzat k\u00f6vetelm\u00e9nyein t\u00falmen\u0151en is alkalmazzon biztons\u00e1gos sz\u00e1ll\u00edt\u00e1si int\u00e9zked\u00e9seket.<\/li>\n<\/ul>\n<p><strong>K\u00fcl\u00f6nleges rakom\u00e1ny<\/strong><\/p>\n<ul>\n<li> Szakosodott csapat<\/li>\n<li> Breakbulk - szak\u00e9rt\u0151k tervezik a t\u00falm\u00e9retes projekteket<\/li>\n<\/ul>\n<p><strong>Kont\u00e9nerek<\/strong><\/p>\n<ul>\n<li> Megfelel az ISO-k\u00f6vetelm\u00e9nyeknek<\/li>\n<li> Sz\u00e1raz rakom\u00e1ny - Standard, Standard High Cube, Standard Hardtop, Standard High Cube Hardtop<\/li>\n<li> Reefer Cargo - A h\u0151m\u00e9rs\u00e9klet fenntart\u00e1sa -35\u00b0C \u00e9s +30\u00b0C k\u00f6z\u00f6tt<\/li>\n<li> Alacsony \u00f6ns\u00faly = nagy hasznos teherb\u00edr\u00e1s<\/li>\n<li> Speci\u00e1lis rakom\u00e1ny - Flatrack\/Platform, Flatrack High Cube, Open Top\/Hard Top, Open Top High Cube, Hardtop High Cube.<\/li>\n<\/ul>\n<p><strong>K\u00f6rutaz\u00e1sok<\/strong><\/p>\n<ul>\n<li> 125 \u00e9ves tapasztalat<\/li>\n<li> Vil\u00e1g k\u00f6rutaz\u00e1sok<\/li>\n<\/ul>\n<h2>Hapag-Lloyd v\u00e1llalati profil<\/h2>\n<p>A Hapag-Lloyd 1970-ben alakult a Hamburg-Amerikanische Packetfahrt-Actien-Gesellschaft (Hapag) \u00e9s a Norddeutscher Lloyd egyes\u00fcl\u00e9s\u00e9vel. Mindk\u00e9t t\u00e1rsas\u00e1g a tizenkilencedik sz\u00e1zad k\u00f6zep\u00e9n indult, amikor a kiv\u00e1ndorl\u00e1s Eur\u00f3p\u00e1b\u00f3l a tengerent\u00falra a <a href=\"https:\/\/moverdb.com\/hu\/moving-to-the-united-states\/\" data-internallinksmanager029f6b8e52c=\"94\" title=\"Az Egyes\u00fclt \u00c1llamokba k\u00f6lt\u00f6zik? 2022 Meg\u00e9lhet\u00e9si k\u00f6lts\u00e9gek \u00e9s k\u00f6lt\u00f6z\u00e9si tippek\">Egyes\u00fclt \u00c1llamok<\/a> komolyan elkezd\u0151d\u00f6tt.<\/p>\n<p>Ma a Hapag-Lloyd vil\u00e1gszerte kiszolg\u00e1lja a piacokat \u00e9s az \u00fcgyfeleket, \u00e9s kiterjedt vonalhaj\u00f3z\u00e1si h\u00e1l\u00f3zattal rendelkezik, amely \u00f6sszek\u00f6ti a vil\u00e1got. T\u00f6bb mint 190 haj\u00f3ja van, amelyek \u00e9vente \u00e1tlagosan 7,4 TEU-t sz\u00e1ll\u00edtanak. A v\u00e1llalat mintegy 9300 embert foglalkoztat, \u00e9s t\u00f6bb mint 600 irod\u00e1ja van a vil\u00e1g 120 orsz\u00e1g\u00e1ban. <\/p>\n<p>A Hapag-Lloyd flott\u00e1j\u00e1nak teljes kapacit\u00e1sa 955 000 TEU, a kont\u00e9nerk\u00e9szlet pedig 1,5 milli\u00f3 TEU. A vil\u00e1g egyik legnagyobb \u00e9s legmodernebb h\u0171t\u0151kont\u00e9ner flott\u00e1j\u00e1val rendelkezik.<\/p>\n<p>A Hapag-Lloyd a k\u00f6vetkez\u0151 akkredit\u00e1ci\u00f3kkal \u00e9s kapcsolatokkal rendelkezik:<\/p>\n<ul>\n<li> Nemzetk\u00f6zi haj\u00f3v\u00e9delmi bizony\u00edtv\u00e1ny (ISSC)<\/li>\n<li> Biztons\u00e1gir\u00e1ny\u00edt\u00e1si tan\u00fas\u00edtv\u00e1ny (SMC)<\/li>\n<li> Tenger\u00e9szeti munka\u00fcgyi egyezm\u00e9ny (MLC)<\/li>\n<li> <a href=\"https:\/\/moverdb.com\/hu\/world-shipping-council\/\">Haj\u00f3z\u00e1si Vil\u00e1gtan\u00e1cs<\/a> (<a href=\"https:\/\/moverdb.com\/hu\/world-shipping-council\/\" data-internallinksmanager029f6b8e52c=\"82\" title=\"A Haj\u00f3z\u00e1si Vil\u00e1gtan\u00e1cs (WSC) magyar\u00e1zata\">WSC<\/a>)<\/li>\n<\/ul>\n<h2>Hapag-Lloyd Shipping V\u00e9lem\u00e9nyek<\/h2>\n<p><em>A cikk \u00edr\u00e1sakor m\u00e9g nem tal\u00e1ltunk \u00e9rt\u00e9kel\u00e9st a Hapag-Lloyd haj\u00f3z\u00e1si szolg\u00e1ltat\u00e1sair\u00f3l az interneten.<\/em>  <\/p>\n<p><strong><\/p>\n<div itemprop=\"review\" itemscope itemtype=\"http:\/\/schema.org\/Review\">\n<span itemprop=\"author\" itemscope=\"\" itemtype=\"http:\/\/schema.org\/Organization\"><span itemprop=\"name\">MoverDB.com<\/span><\/span> Online weboldal-fel\u00fclvizsg\u00e1lat a <span itemprop=\"itemreviewed\" itemscope=\"\" itemtype=\"http:\/\/schema.org\/Brand\"><span itemprop=\"name\">Hapag-Lloyd<\/span><\/span>:<\/strong><\/p>\n<ol>\n<li> Egy\u00e9rtelm\u0171 el\u00e9rhet\u0151s\u00e9gek a weboldalon (bele\u00e9rtve a telefonsz\u00e1mot is): <strong>Igen<\/strong><\/li>\n<li> K\u00f6nnyen beszerezhet\u0151 <a href=\"https:\/\/moverdb.com\/hu\/container-shipping\/\" data-internallinksmanager029f6b8e52c=\"3\" title=\"Nemzetk\u00f6zi kont\u00e9nersz\u00e1ll\u00edt\u00e1si d\u00edjt\u00e1bl\u00e1zat: \u00e1prilis 2026\">nemzetk\u00f6zi sz\u00e1ll\u00edt\u00e1s<\/a> id\u00e9zetek? (Online \u00e1raj\u00e1nlatk\u00e9r\u0151 \u0171rlap): <strong>Igen<\/strong><\/li>\n<li> Egy\u00e9rtelm\u0171 inform\u00e1ci\u00f3k a honlapon: <strong>Igen,<\/strong> A weboldal rendk\u00edv\u00fcl r\u00e9szletes \u00e9s j\u00f3l megtervezett.<\/li>\n<li> Tags\u00e1g nemzetk\u00f6zi elismert haj\u00f3z\u00e1si szervezetekben: <strong>Igen<\/strong>(l\u00e1sd fent).<\/li>\n<li> \u00dcgyfelek list\u00e1ja \u00e9s\/vagy kor\u00e1bbi v\u00e1s\u00e1rl\u00f3i aj\u00e1nl\u00e1sok. <strong>Nem,<\/strong> de felsorolj\u00e1k a d\u00edjakat \u00e9s a min\u0151s\u00edt\u00e9seket.<\/li>\n<\/ol>\n<div itemprop=\"reviewRating\" itemscope itemtype=\"http:\/\/schema.org\/Rating\"><meta itemprop=\"worstRating\" content = \"0\" \/><meta itemprop=\"bestRating\" content=\"5\" \/><meta itemprop=\"ratingValue\" content=\"4.5\"><\/div>\n<p><strong>\u00c1ltal\u00e1nos pontsz\u00e1m: 4.5\/5<\/strong><br \/>\n<strong>Fel\u00fclvizsg\u00e1lat d\u00e1tuma:<\/strong> <span itemprop=\"datePublished\" content=\"2017-04-24\">24\/04\/2017<\/span>\n<\/div>\n<p>B\u0151vebben m\u00e1s <a href=\"https:\/\/moverdb.com\/hu\/hajozasi-tarsasagok\/\">nemzetk\u00f6zi haj\u00f3z\u00e1si t\u00e1rsas\u00e1gok<\/a>, <a href=\"https:\/\/moverdb.com\/hu\/kontenerszallitas\/\">kont\u00e9neres sz\u00e1ll\u00edt\u00e1si k\u00f6lts\u00e9gek<\/a> \u00e9s a mi <a href=\"https:\/\/moverdb.com\/hu\/ertekelesek\/\">fel\u00fclvizsg\u00e1lati folyamat<\/a>.<\/p>\n<p><strong>Weboldal:<\/strong> <a href=\"https:\/\/www.hapag-lloyd.com\/en\/home.html\" target=\"_blank\" rel=\"noopener\">https:\/\/www.hapag-lloyd.com\/en\/home.html<\/a><\/p>","protected":false},"excerpt":{"rendered":"<p>Hapag-Lloyd is a global shipping company with its head office in Hamburg, Germany. It offers its clients a wide range of shipping and logistics solutions. These are listed below together with a company profile and reviews. International Shipping Dry Cargo Broad range of container solutions Fast transit times On point schedule reliability Door to door [&hellip;]<\/p>\n","protected":false},"author":1,"featured_media":0,"parent":0,"menu_order":0,"comment_status":"closed","ping_status":"closed","template":"","meta":{"_genesis_hide_title":false,"_genesis_hide_breadcrumbs":false,"_genesis_hide_singular_image":false,"_genesis_hide_footer_widgets":false,"_genesis_custom_body_class":"","_genesis_custom_post_class":"","_genesis_layout":"","footnotes":""},"class_list":{"0":"post-1610","1":"page","2":"type-page","3":"status-publish","5":"entry"},"_links":{"self":[{"href":"https:\/\/moverdb.com\/hu\/wp-json\/wp\/v2\/pages\/1610","targetHints":{"allow":["GET"]}}],"collection":[{"href":"https:\/\/moverdb.com\/hu\/wp-json\/wp\/v2\/pages"}],"about":[{"href":"https:\/\/moverdb.com\/hu\/wp-json\/wp\/v2\/types\/page"}],"author":[{"embeddable":true,"href":"https:\/\/moverdb.com\/hu\/wp-json\/wp\/v2\/users\/1"}],"replies":[{"embeddable":true,"href":"https:\/\/moverdb.com\/hu\/wp-json\/wp\/v2\/comments?post=1610"}],"version-history":[{"count":3,"href":"https:\/\/moverdb.com\/hu\/wp-json\/wp\/v2\/pages\/1610\/revisions"}],"predecessor-version":[{"id":6218,"href":"https:\/\/moverdb.com\/hu\/wp-json\/wp\/v2\/pages\/1610\/revisions\/6218"}],"wp:attachment":[{"href":"https:\/\/moverdb.com\/hu\/wp-json\/wp\/v2\/media?parent=1610"}],"curies":[{"name":"wp","href":"https:\/\/api.w.org\/{rel}","templated":true}]}}