{"id":1592,"date":"2017-04-21T13:39:38","date_gmt":"2017-04-21T13:39:38","guid":{"rendered":"http:\/\/moverdb.com\/?page_id=1592"},"modified":"2026-01-08T14:40:07","modified_gmt":"2026-01-08T14:40:07","slug":"maersk","status":"publish","type":"page","link":"https:\/\/moverdb.com\/hu\/maersk\/","title":{"rendered":"Maersk Line - Nemzetk\u00f6zi sz\u00e1ll\u00edt\u00e1si szolg\u00e1ltat\u00e1sok \u00e9s v\u00e9lem\u00e9nyek"},"content":{"rendered":"<p>A Maersk Line, az A.P. Moller-Maersk Group r\u00e9sze, amely egy vil\u00e1gm\u00e9ret\u0171 <a href=\"https:\/\/moverdb.com\/hu\/shipping-companies\/\" data-internallinksmanager029f6b8e52c=\"4\" title=\"Top 10 nemzetk\u00f6zi kont\u00e9nersz\u00e1ll\u00edt\u00f3 c\u00e9gek\">haj\u00f3z\u00e1si v\u00e1llalat<\/a> sz\u00e9khelye Koppenh\u00e1ga, <a href=\"https:\/\/moverdb.com\/hu\/moving-to-denmark\/\" data-internallinksmanager029f6b8e52c=\"335\" title=\"D\u00e1ni\u00e1ba k\u00f6lt\u00f6zik? 2023 Meg\u00e9lhet\u00e9si k\u00f6lts\u00e9gek \u00e9s k\u00f6lt\u00f6z\u00e9si tippek\">D\u00e1nia<\/a>. \u00dcgyfeleinek a szolg\u00e1ltat\u00e1sok sz\u00e9les sk\u00e1l\u00e1j\u00e1t k\u00edn\u00e1lja, amelyeket az al\u00e1bbiakban felsorolunk, a v\u00e1llalati profillal \u00e9s az \u00e9rt\u00e9kel\u00e9sekkel egy\u00fctt.<\/p>\n<p><strong>Nemzetk\u00f6zi teherfuvaroz\u00e1si \u00e9s sz\u00e1ll\u00edt\u00e1si szolg\u00e1ltat\u00e1sok<\/strong><\/p>\n<ul>\n<li> Sz\u00e1raz\u00e1ru<\/li>\n<li> Ajt\u00f3t\u00f3l ajt\u00f3ig<\/li>\n<li> 20\u2032-es kont\u00e9nerek 28,2 tonn\u00e1ig terjed\u0151 hasznos teherb\u00edr\u00e1ssal<\/li>\n<li> 40\u2032 8\u2032 6\u2033 kont\u00e9nerek 28,8 tonn\u00e1ig terjed\u0151 hasznos teherb\u00edr\u00e1ssal<\/li>\n<li> 45\u2032 9\u2032 6\u2033 magas, 85 k\u00f6bm\u00e9teres teljes \u0171rtartalommal.<\/li>\n<li> Akaszt\u00f3gerend\u00e1k, amelyek lehet\u0151v\u00e9 teszik a ruh\u00e1k tov\u00e1bbi csomagol\u00e1s n\u00e9lk\u00fcli sz\u00e1ll\u00edt\u00e1s\u00e1t akaszt\u00f3kon.<\/li>\n<li> R\u00f6gz\u00edt\u0151 rudak \u00e9s r\u00f6gz\u00edt\u0151gy\u0171r\u0171k a rakom\u00e1ny tov\u00e1bbi biztons\u00e1ga \u00e9rdek\u00e9ben<\/li>\n<li> El\u00e9rhet\u0151 t\u00e1rol\u00f3<\/li>\n<li> V\u00e1mkezel\u00e9s<\/li>\n<\/ul>\n<p><strong>Reefer Cargo<\/strong><\/p>\n<ul>\n<li> H\u0171t\u00f6tt sz\u00e1ll\u00edt\u00f3tart\u00e1lyok<\/li>\n<li> Ajt\u00f3t\u00f3l ajt\u00f3ig<\/li>\n<li> Apr\u00f3l\u00e9kos rakom\u00e1nykezel\u00e9s a term\u00e9kek frissess\u00e9g\u00e9nek biztos\u00edt\u00e1sa \u00e9rdek\u00e9ben<\/li>\n<li> Az egyedi kont\u00e9nerkialak\u00edt\u00e1s biztos\u00edtja a maxim\u00e1lis hasznos terhelhet\u0151s\u00e9get<\/li>\n<li> Cs\u00f6kkentett CO2-kibocs\u00e1t\u00e1s<\/li>\n<li> Optim\u00e1lis term\u00e9kh\u0151m\u00e9rs\u00e9klet<\/li>\n<li> Cs\u00f6kkentett energiafogyaszt\u00e1s<\/li>\n<li> 3 t\u00edpus\u00fa h\u0171t\u0151kont\u00e9ner, 27 \u00e9s 67 CBM rakod\u00f3t\u00e9rrel<\/li>\n<li> V\u00e1mkezel\u00e9s<\/li>\n<\/ul>\n<p><strong>K\u00fcl\u00f6nleges rakom\u00e1ny<\/strong><\/p>\n<ul>\n<li> A m\u00e9reten k\u00edv\u00fcli, m\u00e9reten bel\u00fcli \u00e9s \u00f6mlesztett rakom\u00e1ny id\u0151ben t\u00f6rt\u00e9n\u0151 sz\u00e1ll\u00edt\u00e1sa<\/li>\n<li> K\u00fcl\u00f6nleges rakom\u00e1ny\u00e1nak id\u0151ben t\u00f6rt\u00e9n\u0151 kisz\u00e1ll\u00edt\u00e1sa a vil\u00e1g minden t\u00e1j\u00e1ra<\/li>\n<li> K\u00fcl\u00f6nleges sz\u00e1ll\u00edtm\u00e1nyoz\u00e1si szak\u00e9rt\u0151k minden id\u0151z\u00f3n\u00e1ban az azonnali v\u00e1laszad\u00e1s \u00e9s t\u00e1mogat\u00e1s \u00e9rdek\u00e9ben<\/li>\n<li> A legmodernebb lapos \u00e1llv\u00e1nyokb\u00f3l \u00e9s nyitott tetej\u0171 \u00e1llv\u00e1nyokb\u00f3l \u00e1ll\u00f3 flotta, amely ott \u00e9s akkor \u00e1ll rendelkez\u00e9sre, ahol \u00e9s amikor sz\u00fcks\u00e9ge van r\u00e1juk<\/li>\n<li> Ajt\u00f3t\u00f3l ajt\u00f3ig<\/li>\n<li> El\u00e9rhet\u0151 t\u00e1rol\u00f3<\/li>\n<li> V\u00e1mkezel\u00e9s<\/li>\n<\/ul>\n<p><strong>Belf\u00f6ldi sz\u00e1ll\u00edt\u00e1si szolg\u00e1ltat\u00e1sok<\/strong><\/p>\n<ul>\n<li> Teljes k\u00f6r\u0171 sz\u00e1ll\u00edt\u00e1si megold\u00e1s<\/li>\n<li> Ajt\u00f3t\u00f3l ajt\u00f3ig<\/li>\n<li> Id\u0151ben t\u00f6rt\u00e9n\u0151 \u00e1tv\u00e9tel \u00e9s sz\u00e1ll\u00edt\u00e1s<\/li>\n<li> Min\u0151s\u00e9gi k\u00f6zleked\u00e9si szolg\u00e1ltat\u00f3k nagy h\u00e1l\u00f3zata<\/li>\n<li> Sz\u00e1razf\u00f6ldi \u00e9s tengeri sz\u00e1ll\u00edt\u00e1si ig\u00e9nyeinek kombin\u00e1l\u00e1sa egyablakos \u00fcgyint\u00e9z\u00e9ssel<\/li>\n<li> Folyamatos ellen\u0151rz\u00e9s \u00e9s min\u0151s\u00e9gbiztos\u00edt\u00e1s<\/li>\n<li> Megszervezett biztos\u00edt\u00e1s<\/li>\n<\/ul>\n<p><strong>Haszn\u00e1lt kont\u00e9nerek elad\u00f3<\/strong><\/p>\n<ul>\n<li> Haszn\u00e1lja rakt\u00e1rnak, irod\u00e1nak, h\u00e1znak, ak\u00e1r \u00fasz\u00f3medenc\u00e9nek is.<\/li>\n<li> Hozz\u00e1f\u00e9r\u00e9s az ig\u00e9nyeinek megfelel\u0151 k\u00e9szlethez<\/li>\n<li> Haszn\u00e1lt kont\u00e9nerek kiterjedt h\u00e1l\u00f3zata<\/li>\n<li> Egyszer\u0171 rendszerek az \u00d6n felv\u00e9teli \u00fctemterv\u00e9nek teljes\u00edt\u00e9s\u00e9hez<\/li>\n<li> Garant\u00e1lt tart\u00e1lymin\u0151s\u00e9g<\/li>\n<\/ul>\n<h2>Maersk Line<\/h2>\n<p>A Maersk Line-t 1928-ban alap\u00edtott\u00e1k. A Maersk Line az A.P. Moller-Maersk csoport tulajdon\u00e1ban van, \u00e9s a vil\u00e1g egyik legnagyobb haj\u00f3t\u00e1rsas\u00e1ga. <a href=\"https:\/\/moverdb.com\/hu\/hajozasi-tarsasagok\/\">legnagyobb kont\u00e9nersz\u00e1ll\u00edt\u00f3 t\u00e1rsas\u00e1g<\/a>, amely rugalmass\u00e1g\u00e1r\u00f3l, megb\u00edzhat\u00f3s\u00e1g\u00e1r\u00f3l \u00e9s k\u00f6rnyezetbar\u00e1t szolg\u00e1ltat\u00e1sair\u00f3l ismert. <\/p>\n<p>K\u00f6zpontja a d\u00e1niai Koppenh\u00e1g\u00e1ban tal\u00e1lhat\u00f3. A v\u00e1llalatnak t\u00f6bb mint 630 haj\u00f3ja van, amelyek 3,3 milli\u00f3 TEU kapacit\u00e1ssal rendelkeznek, \u00e9s vil\u00e1gszerte 59 000 \u00fcgyfelet szolg\u00e1lnak ki.<\/p>\n<p>Tavaly a Maersk mintegy 12 milli\u00f3 kont\u00e9nert sz\u00e1ll\u00edtott vil\u00e1gszerte, \u00e9s 46 000 kik\u00f6t\u0151be 343 kik\u00f6t\u0151ben tett l\u00e1togat\u00e1st. <a href=\"https:\/\/moverdb.com\/hu\/top-49-container-ports\/\" data-internallinksmanager029f6b8e52c=\"80\" title=\"Top 49 legnagyobb \u00e9s legforgalmasabb kont\u00e9nerkik\u00f6t\u0151 2025-ben\">kik\u00f6t\u0151k<\/a> 121 orsz\u00e1gban. A Maersk naponta t\u00f6bbsz\u00f6r is k\u00f6zlekedik az \u00f6sszes f\u0151bb haj\u00f3z\u00e1si \u00fatvonalon. Annak \u00e9rdek\u00e9ben, hogy minden z\u00f6kken\u0151mentesen m\u0171k\u00f6dj\u00f6n, a v\u00e1llalat 7000 tenger\u00e9szt \u00e9s 25000 sz\u00e1razf\u00f6ldi alkalmazottat foglalkoztat a vil\u00e1g 374 irod\u00e1j\u00e1ban.<\/p>\n<p>A Maersk elk\u00f6telezett a k\u00f6z\u00f6ss\u00e9gnek ny\u00fajtott t\u00e1mogat\u00e1s mellett, \u00e9s vil\u00e1gszerte h\u00e1rom glob\u00e1lis program keret\u00e9ben t\u00e1mogat projekteket: katasztr\u00f3faelh\u00e1r\u00edt\u00e1s \u00e9s felk\u00e9sz\u00fclts\u00e9g, k\u00f6rnyezetv\u00e9delem \u00e9s v\u00e1llalkoz\u00f3i szellem \u00f6szt\u00f6nz\u00e9se a h\u00e1tr\u00e1nyos helyzet\u0171 k\u00f6z\u00f6ss\u00e9gekben.<\/p>\n<p>A Maersk Line a k\u00f6vetkez\u0151 akkredit\u00e1ci\u00f3kkal \u00e9s kapcsolatokkal rendelkezik:<\/p>\n<ul>\n<li> Nemzetk\u00f6zi L\u00e9gi \u00e9s Haj\u00f3z\u00e1si Sz\u00f6vets\u00e9g (IASA)<\/li>\n<li> <a href=\"https:\/\/moverdb.com\/hu\/nemzetkozi-kamarai-hajozas\/\">A Nemzetk\u00f6zi Haj\u00f3z\u00e1si Kamara<\/a> (<a href=\"https:\/\/moverdb.com\/hu\/international-chamber-shipping\/\" data-internallinksmanager029f6b8e52c=\"78\" title=\"A Nemzetk\u00f6zi Haj\u00f3z\u00e1si Kamara (ICS) magyar\u00e1zata\">ICS<\/a>)<\/li>\n<li> A WTO glob\u00e1lis sz\u00f6vets\u00e9ge a kereskedelem megk\u00f6nny\u00edt\u00e9s\u00e9\u00e9rt<\/li>\n<li> Az \u00e9letbiztons\u00e1g a tengeren (SOLAS)<\/li>\n<li> A Haj\u00f3k\u00f6zvet\u00edt\u0151k \u00e9s Haj\u00f3\u00fcgyn\u00f6k\u00f6k Nemzeti Sz\u00f6vets\u00e9geinek Sz\u00f6vets\u00e9ge (FONASBA)<\/li>\n<\/ul>\n<h2>Maersk Line Company V\u00e9lem\u00e9nyek<\/h2>\n<p><em>A cikk \u00edr\u00e1sakor nem tal\u00e1ltunk online \u00e9rt\u00e9kel\u00e9st a Maersk Line haj\u00f3z\u00e1si szolg\u00e1ltat\u00e1sair\u00f3l.<\/em><\/p>\n<p><strong><\/p>\n<div itemprop=\"review\" itemscope itemtype=\"http:\/\/schema.org\/Review\">\n<span itemprop=\"author\" itemscope=\"\" itemtype=\"http:\/\/schema.org\/Organization\"><span itemprop=\"name\">MoverDB.com<\/span><\/span> Online weboldal-fel\u00fclvizsg\u00e1lat a <span itemprop=\"itemreviewed\" itemscope=\"\" itemtype=\"http:\/\/schema.org\/Brand\"><span itemprop=\"name\">Maersk Line<\/span><\/span>:<\/strong><\/p>\n<ol>\n<li> Egy\u00e9rtelm\u0171 el\u00e9rhet\u0151s\u00e9gek a weboldalon (bele\u00e9rtve a telefonsz\u00e1mot is): <strong>Igen<\/strong><\/li>\n<li> K\u00f6nnyen beszerezhet\u0151 <a href=\"https:\/\/moverdb.com\/hu\/container-shipping\/\" data-internallinksmanager029f6b8e52c=\"3\" title=\"Nemzetk\u00f6zi kont\u00e9nersz\u00e1ll\u00edt\u00e1si d\u00edjt\u00e1bl\u00e1zat: \u00e1prilis 2026\">nemzetk\u00f6zi sz\u00e1ll\u00edt\u00e1s<\/a> id\u00e9zetek? (Online \u00e1raj\u00e1nlatk\u00e9r\u0151 \u0171rlap): <strong>Igen<\/strong><\/li>\n<li> Egy\u00e9rtelm\u0171 inform\u00e1ci\u00f3k a honlapon: <strong>Igen,<\/strong> A weboldal vil\u00e1gosan bemutatja a v\u00e1llalat \u00e1ltal k\u00edn\u00e1lt \u00f6sszes szolg\u00e1ltat\u00e1st.<\/li>\n<li> Tags\u00e1g nemzetk\u00f6zi elismert haj\u00f3z\u00e1si szervezetekben: <strong>Igen<\/strong>, de nem sok szerepel a honlapjukon.<\/li>\n<li> \u00dcgyfelek list\u00e1ja \u00e9s\/vagy kor\u00e1bbi v\u00e1s\u00e1rl\u00f3i aj\u00e1nl\u00e1sok. <strong>Nem,<\/strong> a honlapjukon egyik sem szerepel.<\/li>\n<\/ol>\n<div itemprop=\"reviewRating\" itemscope itemtype=\"http:\/\/schema.org\/Rating\"><meta itemprop=\"worstRating\" content = \"0\" \/><meta itemprop=\"bestRating\" content=\"5\" \/><meta itemprop=\"ratingValue\" content=\"4\"><\/div>\n<p><strong>\u00c1ltal\u00e1nos pontsz\u00e1m: 4\/5<\/strong><br \/>\n<strong>Fel\u00fclvizsg\u00e1lat d\u00e1tuma:<\/strong> <span itemprop=\"datePublished\" content=\"2017-04-21\">21\/04\/2017<\/span>\n<\/div>\n<p>B\u0151vebben m\u00e1s <a href=\"https:\/\/moverdb.com\/hu\/hajozasi-tarsasagok\/\">nemzetk\u00f6zi haj\u00f3z\u00e1si t\u00e1rsas\u00e1gok<\/a>, <a href=\"https:\/\/moverdb.com\/hu\/kontenerszallitas\/\">kont\u00e9neres sz\u00e1ll\u00edt\u00e1si d\u00edjak<\/a> \u00e9s a mi <a href=\"https:\/\/moverdb.com\/hu\/ertekelesek\/\">fel\u00fclvizsg\u00e1lati folyamat<\/a>.<\/p>\n<p><strong>Weboldal:<\/strong> <a href=\"https:\/\/www2.maerskline.com\/\" target=\"_blank\" rel=\"noopener\">https:\/\/www2.maerskline.com\/<\/a><\/p>","protected":false},"excerpt":{"rendered":"<p>Maersk Line, is part of A.P. Moller\u2013Maersk Group, a worldwide shipping company based in Copenhagen, Denmark. It offers its customers a wide range of services which are listed below, together with a company profile and reviews. International Freight and Shipping Services Dry Cargo Door to door 20&#8242; containers with payload up to 28.2 metric tons [&hellip;]<\/p>\n","protected":false},"author":1,"featured_media":0,"parent":0,"menu_order":0,"comment_status":"closed","ping_status":"closed","template":"","meta":{"_genesis_hide_title":false,"_genesis_hide_breadcrumbs":false,"_genesis_hide_singular_image":false,"_genesis_hide_footer_widgets":false,"_genesis_custom_body_class":"","_genesis_custom_post_class":"","_genesis_layout":"","footnotes":""},"class_list":{"0":"post-1592","1":"page","2":"type-page","3":"status-publish","5":"entry"},"_links":{"self":[{"href":"https:\/\/moverdb.com\/hu\/wp-json\/wp\/v2\/pages\/1592","targetHints":{"allow":["GET"]}}],"collection":[{"href":"https:\/\/moverdb.com\/hu\/wp-json\/wp\/v2\/pages"}],"about":[{"href":"https:\/\/moverdb.com\/hu\/wp-json\/wp\/v2\/types\/page"}],"author":[{"embeddable":true,"href":"https:\/\/moverdb.com\/hu\/wp-json\/wp\/v2\/users\/1"}],"replies":[{"embeddable":true,"href":"https:\/\/moverdb.com\/hu\/wp-json\/wp\/v2\/comments?post=1592"}],"version-history":[{"count":7,"href":"https:\/\/moverdb.com\/hu\/wp-json\/wp\/v2\/pages\/1592\/revisions"}],"predecessor-version":[{"id":13172,"href":"https:\/\/moverdb.com\/hu\/wp-json\/wp\/v2\/pages\/1592\/revisions\/13172"}],"wp:attachment":[{"href":"https:\/\/moverdb.com\/hu\/wp-json\/wp\/v2\/media?parent=1592"}],"curies":[{"name":"wp","href":"https:\/\/api.w.org\/{rel}","templated":true}]}}