{"id":1590,"date":"2017-01-25T12:24:31","date_gmt":"2017-01-25T12:24:31","guid":{"rendered":"http:\/\/moverdb.com\/?page_id=1590"},"modified":"2026-01-08T15:20:28","modified_gmt":"2026-01-08T15:20:28","slug":"nippon-express","status":"publish","type":"page","link":"https:\/\/moverdb.com\/hu\/nippon-express\/","title":{"rendered":"Nippon Express - Nemzetk\u00f6zi k\u00f6lt\u00f6ztet\u00e9s \u00e9s k\u00f6lt\u00f6ztet\u00e9s V\u00e9lem\u00e9nyek"},"content":{"rendered":"<p>A Nippon Express sz\u00e9khelye Toki\u00f3ban van, <a href=\"https:\/\/moverdb.com\/hu\/moving-to-japan\/\" data-internallinksmanager029f6b8e52c=\"342\" title=\"Jap\u00e1nba k\u00f6lt\u00f6zik? 2023 Lakhat\u00e1si k\u00f6lts\u00e9gek \u00e9s k\u00f6lt\u00f6z\u00e9si tippek\">Jap\u00e1n<\/a>. \u00dcgyfeleinek k\u00fcl\u00f6nf\u00e9le k\u00f6lt\u00f6ztet\u00e9si szolg\u00e1ltat\u00e1sokat k\u00edn\u00e1l. Ezek az al\u00e1bbiakban a c\u00e9g profilj\u00e1val \u00e9s \u00e9rt\u00e9kel\u00e9s\u00e9vel egy\u00fctt szerepelnek.<\/p>\n<p><strong>Nemzetk\u00f6zi k\u00f6lt\u00f6z\u00e9sek<\/strong><\/p>\n<ul>\n<li> Szem\u00e9lyes k\u00f6lt\u00f6z\u00e9s menedzser<\/li>\n<li> H\u00e1zhoz men\u0151 szolg\u00e1ltat\u00e1s<\/li>\n<li> Seg\u00edts\u00e9gny\u00fajt\u00e1s a v\u00e1mokkal \u00e9s a dokument\u00e1ci\u00f3val kapcsolatban<\/li>\n<li> Teljes k\u00f6r\u0171 csomagol\u00e1si szolg\u00e1ltat\u00e1s, csak t\u00f6r\u00e9keny t\u00e1rgyak csomagol\u00e1sa vagy csin\u00e1ld magad csomagol\u00e1s<\/li>\n<li> B\u00fatorok sz\u00e9t- \u00e9s \u00f6sszeszerel\u00e9se<\/li>\n<li> Kicsomagol\u00e1si szolg\u00e1ltat\u00e1s<\/li>\n<li> T\u00f6rmel\u00e9k elt\u00e1vol\u00edt\u00e1sa<\/li>\n<li> Hossz\u00fa \u00e9s r\u00f6vid t\u00e1v\u00fa t\u00e1rol\u00e1s<\/li>\n<li> G\u00e9pj\u00e1rm\u0171 mozgat\u00e1s<\/li>\n<li> Motorker\u00e9kp\u00e1rok<\/li>\n<li> Zongor\u00e1k<\/li>\n<\/ul>\n<p><strong>K\u00f6lt\u00f6ztet\u00e9si szolg\u00e1ltat\u00e1sok - Jap\u00e1nba<\/strong><\/p>\n<ul>\n<li> \u00c1thelyez\u00e9si konzult\u00e1ci\u00f3<\/li>\n<li> Orient\u00e1ci\u00f3<\/li>\n<li> Keres\u00e9s otthon<\/li>\n<li> Nemzetk\u00f6zi belf\u00f6ldi k\u00f6lt\u00f6ztet\u00e9s<\/li>\n<li> Iskolai keres\u00e9s<\/li>\n<li> T\u00e1voz\u00e1si szolg\u00e1ltat\u00e1s, azaz b\u00e9rleti szerz\u0151d\u00e9s felmond\u00e1sa, telefon \u00e9s k\u00f6zm\u0171vek kikapcsol\u00e1sa, postai tov\u00e1bb\u00edt\u00e1s.<\/li>\n<\/ul>\n<p><strong>Belf\u00f6ldi k\u00f6lt\u00f6z\u00e9sek - Jap\u00e1non bel\u00fcl<\/strong><\/p>\n<ul>\n<li> H\u00e1zhoz men\u0151 szolg\u00e1ltat\u00e1s<\/li>\n<li> Teljes csomagol\u00e1s, r\u00e9szleges csomagol\u00e1s vagy DIY csomagol\u00e1s<\/li>\n<li> B\u00fatorok sz\u00e9t- \u00e9s \u00f6sszeszerel\u00e9se<\/li>\n<li> Kicsomagol\u00e1si szolg\u00e1ltat\u00e1s<\/li>\n<li> T\u00f6rmel\u00e9k elt\u00e1vol\u00edt\u00e1sa<\/li>\n<li> Hossz\u00fa \u00e9s r\u00f6vid t\u00e1v\u00fa t\u00e1rol\u00e1s el\u00e9rhet\u0151<\/li>\n<li> Megszervezett biztos\u00edt\u00e1s<\/li>\n<\/ul>\n<p><strong>Sz\u00e1ll\u00edtm\u00e1nyoz\u00e1s<\/strong><\/p>\n<ul>\n<li> \u00c1ltal\u00e1nos \u00e1ruk \u00e9s alkatr\u00e9szek<\/li>\n<li> K\u00e9pz\u0151m\u0171v\u00e9szet \u00e9s r\u00e9gis\u00e9gek<\/li>\n<li> Szakmai bemutat\u00f3k \u00e9s ki\u00e1ll\u00edt\u00e1sok<\/li>\n<\/ul>\n<h2>Nippon Express V\u00e1llalati profil<\/h2>\n<p>A Nippon Express az egyik vezet\u0151 <a href=\"https:\/\/moverdb.com\/hu\/moving-companies\/\" data-internallinksmanager029f6b8e52c=\"79\" title=\"Top 25 nemzetk\u00f6zi k\u00f6lt\u00f6ztet\u0151 c\u00e9gek online\">k\u00f6lt\u00f6ztet\u0151 c\u00e9gek<\/a> mag\u00e1nszem\u00e9lyek \u00e9s v\u00e1llalatok Jap\u00e1nba \u00e9s Jap\u00e1nban t\u00f6rt\u00e9n\u0151 mozgat\u00e1s\u00e1hoz. A c\u00e9g a Jap\u00e1nba \u00e9rkez\u0151 \u00e9s onnan t\u00e1voz\u00f3 alkalmazottak \u00e9s csal\u00e1dtagjaik v\u00e1llalati \u00e9s korm\u00e1nyzati k\u00f6lt\u00f6ztet\u00e9s\u00e9re specializ\u00e1l\u00f3dott. A Nippon Express a glob\u00e1lis sz\u00e1ll\u00edtm\u00e1nyoz\u00e1s\u00e1r\u00f3l is ismert. <a href=\"https:\/\/moverdb.com\/hu\/szallitmanyozo\/\">sz\u00e1ll\u00edtm\u00e1nyoz\u00e1s<\/a> szak\u00e9rtelem, \u00e1ruk sz\u00e1ll\u00edt\u00e1sa a vil\u00e1g minden t\u00e1j\u00e1n.<\/p>\n<p>A Nippon Express 1937-ben indult 53% korm\u00e1nyzati tulajdonban volt. A m\u00e1sodik vil\u00e1gh\u00e1bor\u00fa ut\u00e1n a v\u00e1llalatot privatiz\u00e1lt\u00e1k. 1949-ben a v\u00e1llalat nemzetk\u00f6zi sz\u00e1ll\u00edtm\u00e1nyoz\u00e1sba kezdett, k\u00fcl\u00f6nb\u00f6z\u0151 nemzetk\u00f6zi l\u00e9git\u00e1rsas\u00e1gok \u00fcgyn\u00f6keik\u00e9nt m\u0171k\u00f6d\u00f6tt. 1958-ra a Nippon Express megnyitotta els\u0151 tengerent\u00fali irod\u00e1j\u00e1t a k\u00f6vetkez\u0151 v\u00e1rosban <a href=\"https:\/\/moverdb.com\/hu\/moving-to-nyc\/\">New York<\/a>1991-ben m\u00e1r 97 iroda m\u0171k\u00f6d\u00f6tt a <a href=\"https:\/\/moverdb.com\/hu\/moving-to-the-united-states\/\" data-internallinksmanager029f6b8e52c=\"94\" title=\"Az Egyes\u00fclt \u00c1llamokba k\u00f6lt\u00f6zik? 2022 Meg\u00e9lhet\u00e9si k\u00f6lts\u00e9gek \u00e9s k\u00f6lt\u00f6z\u00e9si tippek\">Egyes\u00fclt \u00c1llamok<\/a>. <\/p>\n<p>1973-ban a v\u00e1llalat megv\u00e1s\u00e1rolta els\u0151 <a href=\"https:\/\/moverdb.com\/hu\/hajozasi-tarsasagok\/\">kont\u00e9nersz\u00e1ll\u00edt\u00f3 haj\u00f3<\/a> \u00e9s tehersz\u00e1ll\u00edt\u00f3 j\u00e1ratot ind\u00edtott Toki\u00f3 \u00e9s Tomakomai k\u00f6z\u00f6tt.<\/p>\n<p>Ma a Nippon Express 42 orsz\u00e1g 260 v\u00e1ros\u00e1ban rendelkezik irod\u00e1kkal \u00e9s l\u00e9tes\u00edtm\u00e9nyekkel, \u00e9s 36 700 embert foglalkoztat Jap\u00e1nban \u00e9s tov\u00e1bbi 16 000-et a tengerent\u00falon.<\/p>\n<p>A Nippon Express a k\u00f6vetkez\u0151 akkredit\u00e1ci\u00f3kkal \u00e9s kapcsolatokkal rendelkezik:<\/p>\n<ul>\n<li> <a href=\"https:\/\/moverdb.com\/hu\/fidi-faim\/\">FIDI<\/a><\/li>\n<li> <a href=\"https:\/\/moverdb.com\/hu\/en-vagyok\/\">K\u00f6lt\u00f6ztet\u0151k Nemzetk\u00f6zi Sz\u00f6vets\u00e9ge<\/a> (<a href=\"https:\/\/moverdb.com\/hu\/iam\/\" data-internallinksmanager029f6b8e52c=\"23\" title=\"A K\u00f6lt\u00f6ztet\u0151k Nemzetk\u00f6zi Sz\u00f6vets\u00e9ge (IAM) magyar\u00e1zata\">IAM<\/a>)<\/li>\n<li> ISO 9001<\/li>\n<li> <a href=\"https:\/\/moverdb.com\/hu\/iata\/\">IATA<\/a><\/li>\n<\/ul>\n<h2>Nippon Express V\u00e9lem\u00e9nyek<\/h2>\n<p><strong>Pozit\u00edv:<\/strong><\/p>\n<ul>\n<li> <em>\"Igazi jap\u00e1n st\u00edlusban udvariasak \u00e9s tisztelettud\u00f3ak - m\u00e9g a cip\u0151j\u00fcket is leveszik, hogy behozz\u00e1k a cuccaidat a h\u00e1zba! Nincs semmi ostobas\u00e1g - v\u00e9gigdolgozz\u00e1k a bel\u00fcket, meg\u00e1llnak egy id\u0151z\u00edtett sz\u00fcnetre, azt\u00e1n r\u00f6gt\u00f6n vissza is mennek, \u00e9s nem hagyj\u00e1k abba, am\u00edg a munka be nem fejez\u0151dik.\"<\/em> - KK W kereszt\u00fcl <a href=\"https:\/\/www.yelp.co.uk\/biz\/nippon-express-usa-el-segundo?hrid=ilixQzfFmyj3IAX32d0E-A&#038;utm_campaign=www_review_share_popup&#038;utm_medium=copy_link&#038;utm_source=(direct)\" target=\"_blank\" rel=\"noopener\">Yelp<\/a><\/li>\n<\/ul>\n<p><strong>Negat\u00edv:<\/strong><\/p>\n<p><em>Nem tal\u00e1ltunk negat\u00edv \u00e9rt\u00e9kel\u00e9st a Nippon Express sz\u00e1m\u00e1ra az interneten.<\/em><\/p>\n<div itemprop=\"review\" itemscope itemtype=\"http:\/\/schema.org\/Review\">\n<span itemprop=\"author\" itemscope=\"\" itemtype=\"http:\/\/schema.org\/Organization\"><span itemprop=\"name\">MoverDB.com<\/span><\/span> Online weboldal-fel\u00fclvizsg\u00e1lat a <span itemprop=\"itemreviewed\" itemscope=\"\" itemtype=\"http:\/\/schema.org\/Brand\"><span itemprop=\"name\">Nippon Express<\/span><\/span>:<\/p>\n<ol>\n<li> Egy\u00e9rtelm\u0171 el\u00e9rhet\u0151s\u00e9gek a weboldalon (bele\u00e9rtve a telefonsz\u00e1mot is): <strong>Igen<\/strong><\/li>\n<li> K\u00f6nnyen beszerezhet\u0151 <a href=\"https:\/\/moverdb.com\/hu\/idezi\/\">nemzetk\u00f6zi mozg\u00f3 \u00e1raj\u00e1nlatok<\/a>? (Online \u00e1raj\u00e1nlatk\u00e9r\u0151 \u0171rlap): <strong>Igen<\/strong><\/li>\n<li> Egy\u00e9rtelm\u0171 inform\u00e1ci\u00f3k a honlapon: <strong>Igen,<\/strong> b\u00e1r a honlapjaik kiss\u00e9 elavultnak t\u0171nnek, m\u00e9gis felv\u00e1zolj\u00e1k az \u00f6sszes szolg\u00e1ltat\u00e1sukat.<\/li>\n<li> Tags\u00e1g nemzetk\u00f6zi elismert mozgat\u00f3 szervezetekben: <strong>Igen<\/strong>, (l\u00e1sd fent)<\/li>\n<li> \u00dcgyfelek list\u00e1ja \u00e9s\/vagy kor\u00e1bbi v\u00e1s\u00e1rl\u00f3i aj\u00e1nl\u00e1sok. <strong>Nem,<\/strong> de az online v\u00e9lem\u00e9nyek alapj\u00e1n nagyon j\u00f3 h\u00edr\u00fck van.<\/li>\n<\/ol>\n<div itemprop=\"reviewRating\" itemscope itemtype=\"http:\/\/schema.org\/Rating\"><meta itemprop=\"worstRating\" content = \"0\" \/><meta itemprop=\"bestRating\" content=\"5\" \/><meta itemprop=\"ratingValue\" content=\"4.5\"><\/div>\n<p><strong>\u00c1ltal\u00e1nos pontsz\u00e1m: 4.5\/5<\/strong><br \/>\n<strong>Fel\u00fclvizsg\u00e1lat d\u00e1tuma:<\/strong> <span itemprop=\"datePublished\" content=\"2017-01-25\">25\/01\/2017<\/span>\n<\/div>\n<p>Tov\u00e1bbi inform\u00e1ci\u00f3 <a href=\"https:\/\/moverdb.com\/hu\/koltozteto-cegek\/\">nemzetk\u00f6zi k\u00f6lt\u00f6ztet\u0151 c\u00e9gek<\/a>, \u00e9s a mi <a href=\"https:\/\/moverdb.com\/hu\/ertekelesek\/\">fel\u00fclvizsg\u00e1lati folyamat<\/a>.<\/p>\n<p><strong>Weboldalak:<\/strong> Glob\u00e1lis: <a href=\"http:\/\/www.nipponexpress.com\/\" target=\"_blank\" rel=\"noopener\">http:\/\/www.nipponexpress.com\/<\/a>, US: <a href=\"https:\/\/nipponexpressusa.com\/\" target=\"_blank\" rel=\"noopener\">https:\/\/nipponexpressusa.com\/<\/a> \u00e9s <a href=\"https:\/\/moverdb.com\/hu\/moving-to-the-uk\/\" data-internallinksmanager029f6b8e52c=\"93\" title=\"Az Egyes\u00fclt Kir\u00e1lys\u00e1gba k\u00f6lt\u00f6zik? 2022 Meg\u00e9lhet\u00e9si k\u00f6lts\u00e9gek \u00e9s k\u00f6lt\u00f6z\u00e9si tippek\">UK<\/a>: <a href=\"http:\/\/www.nipponexpress.co.uk\/\" target=\"_blank\" rel=\"noopener\">http:\/\/www.nipponexpress.co.uk\/<\/a><\/p>","protected":false},"excerpt":{"rendered":"<p>Nippon Express is based in Tokyo, Japan. It offers its clients a variety of moving services. These are listed below together with a company profile and reviews. International Moves Personal move manager Door to door service Assistance with customs and documentation Full packing service, fragile items only or do-it-yourself packing Disassembly and reassembly of furniture [&hellip;]<\/p>\n","protected":false},"author":1,"featured_media":0,"parent":0,"menu_order":0,"comment_status":"closed","ping_status":"closed","template":"","meta":{"_genesis_hide_title":false,"_genesis_hide_breadcrumbs":false,"_genesis_hide_singular_image":false,"_genesis_hide_footer_widgets":false,"_genesis_custom_body_class":"","_genesis_custom_post_class":"","_genesis_layout":"","footnotes":""},"class_list":{"0":"post-1590","1":"page","2":"type-page","3":"status-publish","5":"entry"},"_links":{"self":[{"href":"https:\/\/moverdb.com\/hu\/wp-json\/wp\/v2\/pages\/1590","targetHints":{"allow":["GET"]}}],"collection":[{"href":"https:\/\/moverdb.com\/hu\/wp-json\/wp\/v2\/pages"}],"about":[{"href":"https:\/\/moverdb.com\/hu\/wp-json\/wp\/v2\/types\/page"}],"author":[{"embeddable":true,"href":"https:\/\/moverdb.com\/hu\/wp-json\/wp\/v2\/users\/1"}],"replies":[{"embeddable":true,"href":"https:\/\/moverdb.com\/hu\/wp-json\/wp\/v2\/comments?post=1590"}],"version-history":[{"count":4,"href":"https:\/\/moverdb.com\/hu\/wp-json\/wp\/v2\/pages\/1590\/revisions"}],"predecessor-version":[{"id":6226,"href":"https:\/\/moverdb.com\/hu\/wp-json\/wp\/v2\/pages\/1590\/revisions\/6226"}],"wp:attachment":[{"href":"https:\/\/moverdb.com\/hu\/wp-json\/wp\/v2\/media?parent=1590"}],"curies":[{"name":"wp","href":"https:\/\/api.w.org\/{rel}","templated":true}]}}