{"id":1578,"date":"2017-04-21T14:09:10","date_gmt":"2017-04-21T14:09:10","guid":{"rendered":"http:\/\/moverdb.com\/?page_id=1578"},"modified":"2026-01-08T14:40:13","modified_gmt":"2026-01-08T14:40:13","slug":"mediterran-hajozasi-vallalat","status":"publish","type":"page","link":"https:\/\/moverdb.com\/hu\/mediterranean-shipping-company\/","title":{"rendered":"Mediterr\u00e1n haj\u00f3z\u00e1si t\u00e1rsas\u00e1g - Nemzetk\u00f6zi szolg\u00e1ltat\u00e1sok \u00e9s v\u00e9lem\u00e9nyek"},"content":{"rendered":"<p>Mediterr\u00e1n <a href=\"https:\/\/moverdb.com\/hu\/shipping-companies\/\" data-internallinksmanager029f6b8e52c=\"4\" title=\"Top 10 nemzetk\u00f6zi kont\u00e9nersz\u00e1ll\u00edt\u00f3 c\u00e9gek\">Haj\u00f3z\u00e1si v\u00e1llalat<\/a> (MSC) a sz\u00e1ll\u00edt\u00e1si \u00e9s egy\u00e9b szolg\u00e1ltat\u00e1sok sz\u00e9les sk\u00e1l\u00e1j\u00e1t k\u00edn\u00e1lja \u00fcgyfeleinek. Ezeket az al\u00e1bbiakban felsoroljuk, a c\u00e9g profilj\u00e1val \u00e9s az \u00e9rt\u00e9kel\u00e9sekkel egy\u00fctt.<\/p>\n<h3>Nemzetk\u00f6zi sz\u00e1ll\u00edt\u00e1s<\/h3>\n<p><strong>Sz\u00e1raz\u00e1ru<\/strong><\/p>\n<ul>\n<li> Szabv\u00e1nyos 20 l\u00e1b, 40 l\u00e1b vagy 40 l\u00e1b magas kocka kont\u00e9nerek<\/li>\n<li> T\u00falm\u00e9retes \u00e9s \u00f6mlesztett rakom\u00e1ny<\/li>\n<li> Heti \u00e9s rendszeres sz\u00e1ll\u00edt\u00e1si szolg\u00e1ltat\u00e1sok glob\u00e1lis c\u00e9l\u00e1llom\u00e1sokra<\/li>\n<li> V\u00e1mkezel\u00e9s \u00e9s dokument\u00e1ci\u00f3<\/li>\n<\/ul>\n<p><strong>Reefer Cargo<\/strong><\/p>\n<ul>\n<li> Szem\u00e9lyre szabott, v\u00e9gpontt\u00f3l v\u00e9gpontig tart\u00f3 sz\u00e1ll\u00edt\u00e1si megold\u00e1sok<\/li>\n<li> Heti \u00e9s rendszeres sz\u00e1ll\u00edt\u00e1si szolg\u00e1ltat\u00e1sok glob\u00e1lis c\u00e9l\u00e1llom\u00e1sokra<\/li>\n<li> Szak\u00e9rtelem a h\u0171t\u00f6tt \u00e9s fagyasztott \u00e1ruk sz\u00e1ll\u00edt\u00e1s\u00e1ban<\/li>\n<li> Utaz\u00e1s el\u0151tti ellen\u0151rz\u00e9s: <\/li>\n<li> Biztos\u00edtsa a tart\u00e1ly tiszt\u00edt\u00e1s\u00e1t a szennyez\u0151d\u00e9sek \u00e9s szagok elt\u00e1vol\u00edt\u00e1sa \u00e9rdek\u00e9ben.<\/li>\n<li> Ellen\u0151rzi, hogy a tart\u00e1ly belseje megfelel-e az \u00e9lelmiszeripari el\u0151\u00edr\u00e1soknak.<\/li>\n<li> Ellen\u0151rzi, hogy a g\u00e9pek az ipari szabv\u00e1nyoknak megfelel\u0151en m\u0171k\u00f6dnek-e.<\/li>\n<li> Gy\u0151z\u0151dj\u00f6n meg r\u00f3la, hogy a tart\u00e1ly h\u0151m\u00e9rs\u00e9klete a megfelel\u0151 kiv\u00e1lasztott pontra cs\u00f6kkentve van.<\/li>\n<li> V\u00e1mkezel\u00e9s \u00e9s dokument\u00e1ci\u00f3<\/li>\n<\/ul>\n<p><strong>M\u00e9reten k\u00edv\u00fcli \u00e9s \u00f6mlesztett \u00e1ru szolg\u00e1ltat\u00e1sok<\/strong><\/p>\n<ul>\n<li> Szak\u00e9rt\u0151 projekt sz\u00e1ll\u00edtm\u00e1nyoz\u00e1si logisztikai csapat<\/li>\n<li> A rakom\u00e1ny berakod\u00e1sa, r\u00f6gz\u00edt\u00e9se \u00e9s r\u00f6gz\u00edt\u00e9se a sz\u00e1rmaz\u00e1si helyen <a href=\"https:\/\/moverdb.com\/hu\/top-49-container-ports\/\" data-internallinksmanager029f6b8e52c=\"80\" title=\"Top 49 legnagyobb \u00e9s legforgalmasabb kont\u00e9nerkik\u00f6t\u0151 2025-ben\">port<\/a> vagy a k\u00f6zeli rakt\u00e1rban<\/li>\n<li> Belf\u00f6ldi gy\u0171jt\u00e9s \u00e9s sz\u00e1ll\u00edt\u00e1s k\u00fcl\u00f6nb\u00f6z\u0151 berendez\u00e9sekkel<\/li>\n<li> Sz\u00fcks\u00e9g eset\u00e9n rend\u0151rs\u00e9gi\/sz\u00e1razf\u00f6ldi sz\u00e1ll\u00edt\u00e1si \u00e9rtes\u00edt\u00e9sek megszervez\u00e9se<\/li>\n<li> G\u0151zhaj\u00f3z\u00e1si, kik\u00f6t\u0151i rakod\u00e1si \u00e9s kik\u00f6t\u0151i rakt\u00e1roz\u00e1si l\u00e9tes\u00edtm\u00e9nyek<\/li>\n<li> Speci\u00e1lis berendez\u00e9sek<\/li>\n<li> Versenyk\u00e9pes \u00e1rak<\/li>\n<li> V\u00e1mkezel\u00e9s \u00e9s dokument\u00e1ci\u00f3<\/li>\n<\/ul>\n<p><strong>Intermod\u00e1lis sz\u00e1ll\u00edt\u00e1s<\/strong><\/p>\n<ul>\n<li> Ajt\u00f3t\u00f3l ajt\u00f3ig<\/li>\n<li> A gy\u00e1rb\u00f3l a fogyaszt\u00f3hoz<\/li>\n<li> A sz\u00e1ll\u00edt\u00e1si k\u00f6telezetts\u00e9gek teljes\u00edt\u00e9s\u00e9hez rendelkez\u00e9sre \u00e1ll\u00f3 sz\u00e1ll\u00edt\u00e1si kombin\u00e1ci\u00f3k<\/li>\n<\/ul>\n<p><strong>Kont\u00e9ner \u00e9s rakom\u00e1nyt\u00e1rol\u00e1s<\/strong><\/p>\n<ul>\n<li> Glob\u00e1lis h\u00e1l\u00f3zat, rakt\u00e1roz\u00e1s \u00e9s t\u00e1rol\u00e1s<\/li>\n<li> Seg\u00edts\u00e9gny\u00fajt\u00e1s a terjeszt\u00e9si h\u00e1l\u00f3zat\u00e9p\u00edt\u00e9sben<\/li>\n<li> \u00c1tfog\u00f3 felszed\u00e9si\/csomagol\u00e1si, csomagol\u00e1si\/palett\u00e1z\u00e1si \u00e9s \u00f6mlesztett t\u00e1rol\u00e1si szolg\u00e1ltat\u00e1sok \u00e9s l\u00e9tes\u00edtm\u00e9nyek<\/li>\n<\/ul>\n<p><strong>Cross Trading<\/strong><\/p>\n<ul>\n<li> B\u00e1rmelyik kiindul\u00e1si helyr\u0151l b\u00e1rmelyik c\u00e9l\u00e1llom\u00e1sra t\u00f6rt\u00e9n\u0151 sz\u00e1ll\u00edt\u00e1s<\/li>\n<li> Sz\u00e1raz rakom\u00e1ny<\/li>\n<li> Reefer rakom\u00e1ny<\/li>\n<li> M\u00e9reten k\u00edv\u00fcli<\/li>\n<li> \u00c9rt\u00e9kes \u00e9s vesz\u00e9lyes rakom\u00e1ny<\/li>\n<li> A dokument\u00e1ci\u00f3 kezel\u00e9se<\/li>\n<li> Nyomon k\u00f6vet\u00e9s<\/li>\n<li> V\u00e1mkezel\u00e9s<\/li>\n<\/ul>\n<p><strong>Tehersz\u00e1ll\u00edt\u00f3 p\u00f3tkocsik<\/strong><\/p>\n<ul>\n<li> Merev<\/li>\n<li> S\u00edk\u00e1gyas<\/li>\n<li> Billen\u0151plat\u00f3<\/li>\n<li> Alacsony rakod\u00f3<\/li>\n<li> Kont\u00e9ner-emel\u0151 p\u00f3tkocsi<\/li>\n<li> Genset p\u00f3tkocsi<\/li>\n<\/ul>\n<p><strong>Kont\u00e9ner berendez\u00e9sek<\/strong><\/p>\n<ul>\n<li> 20 l\u00e1b \/ 40 l\u00e1b standard \u00e9s magas kocka kont\u00e9nerek<\/li>\n<li> 20 l\u00e1b \/ 40 l\u00e1b nyitott tetej\u0171 kont\u00e9nerek<\/li>\n<li> 20 l\u00e1b \/ 40 l\u00e1b \u00e9s nagykock\u00e1s h\u0171t\u0151kont\u00e9nerek<\/li>\n<li> 20ft \/ 40ft flatrackek<\/li>\n<li> 20 l\u00e1b \/ 40 l\u00e1b platformok<\/li>\n<li> 20 l\u00e1b \/ 40 l\u00e1b nyitott tetej\u0171 kont\u00e9nerek<\/li>\n<\/ul>\n<h2>F\u00f6ldk\u00f6zi-tengeri haj\u00f3z\u00e1si t\u00e1rsas\u00e1g (MSC)<\/h2>\n<p>A Mediterranean Shipping Company egy mag\u00e1ntulajdonban l\u00e9v\u0151 glob\u00e1lis <a href=\"https:\/\/moverdb.com\/hu\/hajozasi-tarsasagok\/\">nemzetk\u00f6zi haj\u00f3z\u00e1si v\u00e1llalat<\/a> amely t\u00f6bb mint 40 \u00e9ve m\u0171k\u00f6dik. N\u00e1polyban alap\u00edtotta Gianluigi Aponte, \u00e9s az Aponte csal\u00e1d vezeti a mai napig. Glob\u00e1lis k\u00f6zpontja <a href=\"https:\/\/moverdb.com\/hu\/moving-to-switzerland\/moving-to-geneva\/\" data-internallinksmanager029f6b8e52c=\"416\" title=\"Genfbe k\u00f6lt\u00f6zik? 2023 Lakhat\u00e1si k\u00f6lts\u00e9gek \u00e9s k\u00f6lt\u00f6z\u00e9si tippek\">Genf<\/a> 150 orsz\u00e1gban 480 irod\u00e1val rendelkezik, \u00e9s vil\u00e1gszerte t\u00f6bb mint 60 000 embert foglalkoztat.<\/p>\n<p>Az MSC flott\u00e1ja 500 kont\u00e9nersz\u00e1ll\u00edt\u00f3 haj\u00f3b\u00f3l \u00e1ll, amelyek kapacit\u00e1sa mintegy 3,0 milli\u00f3 TEU. A v\u00e1llalat \u00e9vente 315 kik\u00f6t\u0151ben \u00e1ll meg vil\u00e1gszerte, \u00e9s mindenf\u00e9le rakom\u00e1nyt sz\u00e1ll\u00edt.<\/p>\n<p>A Mediterranean Shipping Company a k\u00f6vetkez\u0151 akkredit\u00e1ci\u00f3kkal \u00e9s kapcsolatokkal rendelkezik:<\/p>\n<ul>\n<li> Az \u00e9letbiztons\u00e1g a tengeren (SOLAS)<\/li>\n<li> Nemzetk\u00f6zi L\u00e9gi \u00e9s Haj\u00f3z\u00e1si Sz\u00f6vets\u00e9g (IASA)<\/li>\n<li> <a href=\"https:\/\/moverdb.com\/hu\/nemzetkozi-kamarai-hajozas\/\">A Nemzetk\u00f6zi Haj\u00f3z\u00e1si Kamara<\/a> (<a href=\"https:\/\/moverdb.com\/hu\/international-chamber-shipping\/\" data-internallinksmanager029f6b8e52c=\"78\" title=\"A Nemzetk\u00f6zi Haj\u00f3z\u00e1si Kamara (ICS) magyar\u00e1zata\">ICS<\/a>)<\/li>\n<li> A Haj\u00f3k\u00f6zvet\u00edt\u0151k \u00e9s Haj\u00f3\u00fcgyn\u00f6k\u00f6k Nemzeti Sz\u00f6vets\u00e9geinek Sz\u00f6vets\u00e9ge (FONASBA)<\/li>\n<\/ul>\n<p><strong>F\u00f6ldk\u00f6zi-tengeri haj\u00f3z\u00e1si t\u00e1rsas\u00e1g V\u00e9lem\u00e9nyek<\/strong><\/p>\n<p><em>Az \u00edr\u00e1s id\u0151pontj\u00e1ban nem tal\u00e1ltunk online \u00e9rt\u00e9kel\u00e9st a Mediterranean Shipping Company sz\u00e1ll\u00edt\u00e1si szolg\u00e1ltat\u00e1sair\u00f3l.<\/em> <\/p>\n<div itemprop=\"review\" itemscope itemtype=\"http:\/\/schema.org\/Review\">\n<strong><span itemprop=\"author\" itemscope=\"\" itemtype=\"http:\/\/schema.org\/Organization\"><span itemprop=\"name\">MoverDB.com<\/span><\/span> Online weboldal-fel\u00fclvizsg\u00e1lat a <span itemprop=\"itemreviewed\" itemscope=\"\" itemtype=\"http:\/\/schema.org\/Brand\"><span itemprop=\"name\">F\u00f6ldk\u00f6zi-tengeri haj\u00f3z\u00e1si t\u00e1rsas\u00e1g<\/span><\/span>:<\/strong><\/p>\n<ol>\n<li> Egy\u00e9rtelm\u0171 el\u00e9rhet\u0151s\u00e9gek a weboldalon (bele\u00e9rtve a telefonsz\u00e1mot is): <strong>Igen<\/strong><\/li>\n<li> K\u00f6nnyen beszerezhet\u0151 <a href=\"https:\/\/moverdb.com\/hu\/container-shipping\/\" data-internallinksmanager029f6b8e52c=\"3\" title=\"Nemzetk\u00f6zi kont\u00e9nersz\u00e1ll\u00edt\u00e1si d\u00edjt\u00e1bl\u00e1zat: m\u00e1jus 2026\">nemzetk\u00f6zi sz\u00e1ll\u00edt\u00e1s<\/a> id\u00e9zetek? (Online \u00e1raj\u00e1nlatk\u00e9r\u0151 \u0171rlap): <strong>Igen<\/strong><\/li>\n<li> Egy\u00e9rtelm\u0171 inform\u00e1ci\u00f3k a honlapon: <strong>Igen,<\/strong> A weboldalon rengeteg nemzetk\u00f6zi sz\u00e1ll\u00edt\u00e1si inform\u00e1ci\u00f3 tal\u00e1lhat\u00f3.<\/li>\n<li> Tags\u00e1g nemzetk\u00f6zi elismert haj\u00f3z\u00e1si szervezetekben: <strong>Igen<\/strong>.<\/li>\n<li> \u00dcgyfelek list\u00e1ja \u00e9s\/vagy kor\u00e1bbi v\u00e1s\u00e1rl\u00f3i aj\u00e1nl\u00e1sok. <strong>Igen,<\/strong> korl\u00e1tozott sz\u00e1m\u00fa esettanulm\u00e1nyuk van a weboldalukon.<\/li>\n<\/ol>\n<div itemprop=\"reviewRating\" itemscope itemtype=\"http:\/\/schema.org\/Rating\"><meta itemprop=\"worstRating\" content = \"0\" \/><meta itemprop=\"bestRating\" content=\"5\" \/><meta itemprop=\"ratingValue\" content=\"5\"><\/div>\n<p><strong>\u00c1ltal\u00e1nos pontsz\u00e1m: 5\/5<\/strong><br \/>\n<strong>Fel\u00fclvizsg\u00e1lat d\u00e1tuma:<\/strong> <span itemprop=\"datePublished\" content=\"2017-04-21\">21\/04\/2017<\/span>\n<\/div>\n<p>B\u0151vebben m\u00e1s <a href=\"https:\/\/moverdb.com\/hu\/hajozasi-tarsasagok\/\">nemzetk\u00f6zi haj\u00f3z\u00e1si t\u00e1rsas\u00e1gok<\/a>, <a href=\"https:\/\/moverdb.com\/hu\/kontenerszallitas\/\">kont\u00e9neres sz\u00e1ll\u00edt\u00e1si d\u00edjak<\/a> \u00e9s a mi <a href=\"https:\/\/moverdb.com\/hu\/ertekelesek\/\">fel\u00fclvizsg\u00e1lati folyamat<\/a>.<\/p>\n<p><strong>Weboldal:<\/strong> <a href=\"https:\/\/www.msc.com\/\" target=\"_blank\" rel=\"noopener\">https:\/\/www.msc.com\/<\/a><\/p>","protected":false},"excerpt":{"rendered":"<p>Mediterranean Shipping Company (MSC) offers its customers a wide range of shipping and other services. These are listed below, together with a company profile and reviews. International Shipping Dry Cargo Standard 20ft, 40ft or 40ft high cube containers Oversized and breakbulk cargo Weekly and regular shipping services to global destinations Customs clearance and documentation Reefer [&hellip;]<\/p>\n","protected":false},"author":1,"featured_media":0,"parent":0,"menu_order":0,"comment_status":"closed","ping_status":"closed","template":"","meta":{"_genesis_hide_title":false,"_genesis_hide_breadcrumbs":false,"_genesis_hide_singular_image":false,"_genesis_hide_footer_widgets":false,"_genesis_custom_body_class":"","_genesis_custom_post_class":"","_genesis_layout":"","footnotes":""},"class_list":{"0":"post-1578","1":"page","2":"type-page","3":"status-publish","5":"entry"},"_links":{"self":[{"href":"https:\/\/moverdb.com\/hu\/wp-json\/wp\/v2\/pages\/1578","targetHints":{"allow":["GET"]}}],"collection":[{"href":"https:\/\/moverdb.com\/hu\/wp-json\/wp\/v2\/pages"}],"about":[{"href":"https:\/\/moverdb.com\/hu\/wp-json\/wp\/v2\/types\/page"}],"author":[{"embeddable":true,"href":"https:\/\/moverdb.com\/hu\/wp-json\/wp\/v2\/users\/1"}],"replies":[{"embeddable":true,"href":"https:\/\/moverdb.com\/hu\/wp-json\/wp\/v2\/comments?post=1578"}],"version-history":[{"count":6,"href":"https:\/\/moverdb.com\/hu\/wp-json\/wp\/v2\/pages\/1578\/revisions"}],"predecessor-version":[{"id":13177,"href":"https:\/\/moverdb.com\/hu\/wp-json\/wp\/v2\/pages\/1578\/revisions\/13177"}],"wp:attachment":[{"href":"https:\/\/moverdb.com\/hu\/wp-json\/wp\/v2\/media?parent=1578"}],"curies":[{"name":"wp","href":"https:\/\/api.w.org\/{rel}","templated":true}]}}