{"id":1570,"date":"2017-02-24T09:05:40","date_gmt":"2017-02-24T09:05:40","guid":{"rendered":"http:\/\/moverdb.com\/?page_id=1570"},"modified":"2026-01-08T15:20:24","modified_gmt":"2026-01-08T15:20:24","slug":"mudanzas-gou","status":"publish","type":"page","link":"https:\/\/moverdb.com\/hu\/mudanzas-gou\/","title":{"rendered":"Mudanzas Gou - Nemzetk\u00f6zi k\u00f6lt\u00f6ztet\u00e9s V\u00e9lem\u00e9nyek"},"content":{"rendered":"<p>Mudanzas Gou egy mexik\u00f3i <a href=\"https:\/\/moverdb.com\/hu\/moving-companies\/\" data-internallinksmanager029f6b8e52c=\"79\" title=\"Top 25 nemzetk\u00f6zi k\u00f6lt\u00f6ztet\u0151 c\u00e9gek online\">k\u00f6lt\u00f6ztet\u0151 c\u00e9g<\/a> amely az al\u00e1bbiakban felsorolt szolg\u00e1ltat\u00e1sok sz\u00e9les sk\u00e1l\u00e1j\u00e1t k\u00edn\u00e1lja \u00fcgyfeleinek, a c\u00e9g profilj\u00e1val \u00e9s \u00e9rt\u00e9kel\u00e9s\u00e9vel egy\u00fctt.<\/p>\n<p><strong>Nemzetk\u00f6zi k\u00f6lt\u00f6z\u00e9sek<\/strong><\/p>\n<ul>\n<li> Ajt\u00f3t\u00f3l ajt\u00f3ig<\/li>\n<li> Teljes k\u00f6r\u0171 csomagol\u00e1si szolg\u00e1ltat\u00e1s, t\u00f6r\u00e9keny csomagol\u00e1s vagy bark\u00e1cscsomagol\u00e1s<\/li>\n<li> B\u00fatorok sz\u00e9t- \u00e9s \u00f6sszeszerel\u00e9se<\/li>\n<li> V\u00e1mkezel\u00e9s \u00e9s seg\u00edts\u00e9gny\u00fajt\u00e1s a dokument\u00e1ci\u00f3val kapcsolatban<\/li>\n<li> Megszervezett biztos\u00edt\u00e1s<\/li>\n<li> Kicsomagol\u00e1si szolg\u00e1ltat\u00e1s el\u00e9rhet\u0151<\/li>\n<li> R\u00f6vid \u00e9s hossz\u00fa t\u00e1v\u00fa t\u00e1rol\u00e1s el\u00e9rhet\u0151<\/li>\n<\/ul>\n<p><strong>Belf\u00f6ldi \u00e9s t\u00e1vols\u00e1gi k\u00f6lt\u00f6z\u00e9sek<\/strong><\/p>\n<ul>\n<li> Ajt\u00f3t\u00f3l ajt\u00f3ig<\/li>\n<li> Teljes k\u00f6r\u0171 csomagol\u00e1si szolg\u00e1ltat\u00e1s, t\u00f6r\u00e9keny csomagol\u00e1s vagy bark\u00e1cscsomagol\u00e1s<\/li>\n<li> B\u00fatorok sz\u00e9t- \u00e9s \u00f6sszeszerel\u00e9se<\/li>\n<li> Megszervezett biztos\u00edt\u00e1s<\/li>\n<li> Kicsomagol\u00e1si szolg\u00e1ltat\u00e1s el\u00e9rhet\u0151<\/li>\n<li> Hossz\u00fa \u00e9s r\u00f6vid t\u00e1v\u00fa t\u00e1rol\u00e1s el\u00e9rhet\u0151<\/li>\n<\/ul>\n<p><strong>Kereskedelmi k\u00f6lt\u00f6z\u00e9sek<\/strong><\/p>\n<ul>\n<li> \u00d3r\u00e1k ut\u00e1n mozg\u00f3<\/li>\n<li> Logisztikai terv<\/li>\n<li> IT k\u00f6lt\u00f6z\u00e9s<\/li>\n<li> Az \u00f6sszes b\u00fator sz\u00e9t- \u00e9s \u00f6sszeszerel\u00e9se<\/li>\n<\/ul>\n<p><strong>K\u00fcl\u00f6nleges sz\u00e1ll\u00edt\u00e1s \u00e9s sz\u00e1ll\u00edt\u00e1s<\/strong><\/p>\n<ul>\n<li> <a href=\"https:\/\/moverdb.com\/hu\/autoszallitas-szallitas-szallitas\/\">G\u00e9pj\u00e1rm\u0171vek<\/a><\/li>\n<li> Vans<\/li>\n<li> Motorker\u00e9kp\u00e1rok<\/li>\n<li> P\u00e1nc\u00e9lozott j\u00e1rm\u0171vek<\/li>\n<li> Begy\u0171jt\u0151 j\u00e1rm\u0171vek<\/li>\n<li> V\u00e1ltozatos g\u00e9pek<\/li>\n<li> Motorcs\u00f3nakok<\/li>\n<li> Vitorl\u00e1s haj\u00f3k<\/li>\n<li> Orvosi felszerel\u00e9sek \u00e9s k\u00f3rh\u00e1zak<\/li>\n<li> Oktat\u00e1si int\u00e9zm\u00e9nyek<\/li>\n<li> M\u0171v\u00e9szet \u00e9s r\u00e9gis\u00e9gek<\/li>\n<li> Speci\u00e1lis berendez\u00e9sek<\/li>\n<\/ul>\n<p><strong>T\u00e1rol\u00e1s<\/strong><\/p>\n<ul>\n<li> Hossz\u00fa \u00e9s r\u00f6vid t\u00e1v\u00fa<\/li>\n<li> 24\/7 biztons\u00e1g<\/li>\n<li> Lelt\u00e1roz\u00e1si rendszer<\/li>\n<li> Kl\u00edmaberendez\u00e9s el\u00e9rhet\u0151<\/li>\n<li> Rovarirt\u00e1s<\/li>\n<li> T\u0171zv\u00e9delmi rendszer<\/li>\n<li> Arch\u00edvum t\u00e1rol\u00e1s<\/li>\n<\/ul>\n<h2>Mudanzas Gou C\u00e9gprofil<\/h2>\n<p>Mudanzas Gou egyike a legr\u00e9gebbi <a href=\"https:\/\/moverdb.com\/hu\/moving-companies\/moving-companies-mexico\/\" data-internallinksmanager029f6b8e52c=\"288\" title=\"18 legjobb nemzetk\u00f6zi k\u00f6lt\u00f6ztet\u0151 c\u00e9gek Mexik\u00f3ban\">k\u00f6lt\u00f6ztet\u0151 c\u00e9gek Mexik\u00f3ban<\/a>, ahol 1900-ban kezd\u0151d\u00f6tt. Jelenleg 10 irod\u00e1ja van Mexik\u00f3ban, \u00e9s vil\u00e1gszerte kapcsolatban \u00e1ll \u00fcgyn\u00f6k\u00f6kkel. Gou alap\u00edt\u00f3 tagja volt a <a href=\"https:\/\/moverdb.com\/hu\/fidi-faim\/\" data-internallinksmanager029f6b8e52c=\"16\" title=\"FIDI &amp; FAIM (FIDI akkredit\u00e1lt nemzetk\u00f6zi fuvaroz\u00f3) magyar\u00e1zata\">FIDI<\/a>, OMNI, <a href=\"https:\/\/moverdb.com\/hu\/lacma\/\" data-internallinksmanager029f6b8e52c=\"28\" title=\"Latin-amerikai \u00e9s Karibi Nemzetk\u00f6zi K\u00f6lt\u00f6ztet\u0151k Sz\u00f6vets\u00e9ge (LACMA)\">LACMA<\/a>, AMI \u00e9s <a href=\"https:\/\/moverdb.com\/hu\/amsa\/\" data-internallinksmanager029f6b8e52c=\"5\" title=\"Az Amerikai K\u00f6lt\u00f6ztet\u0151 \u00e9s T\u00e1rol\u00f3 Sz\u00f6vets\u00e9g (AMSA) magyar\u00e1zata\">AMSA<\/a>.<\/p>\n<p>A Gou b\u00fcszke a szem\u00e9lyes kiszolg\u00e1l\u00e1sra, \u00e9s ragaszkodik ahhoz, hogy minden egyes \u00fcgyf\u00e9llel szemt\u0151l szembe besz\u00e9ljen, hogy a lehet\u0151 legjobb szolg\u00e1ltat\u00e1st ny\u00fajtsa nekik. Minden j\u00e1rm\u0171ve m\u0171holdas nyomk\u00f6vet\u0151vel rendelkezik, \u00e9s saj\u00e1t szem\u00e9lyzet rakodja \u00e9s vezeti.<\/p>\n<p>Mudanzas Gou a k\u00f6vetkez\u0151 akkredit\u00e1ci\u00f3kkal \u00e9s kapcsolatokkal rendelkezik:<\/p>\n<ul>\n<li> <a href=\"https:\/\/moverdb.com\/hu\/fidi-faim\/\">F\u00e9d\u00e9ration Internationale des D\u00e9m\u00e9nageurs Internationaux (Nemzetk\u00f6zi D\u00e9m\u00e9nageurs Internationaux Sz\u00f6vets\u00e9g)<\/a> (FIDI)<\/li>\n<li> Overseas Moving Network International (OMNI)<\/li>\n<li> <a href=\"https:\/\/moverdb.com\/hu\/lacma\/\">Latin-Amerikai \u00e9s Karibi Nemzetk\u00f6zi K\u00f6lt\u00f6ztet\u0151k Sz\u00f6vets\u00e9ge<\/a> (LACMA)<\/li>\n<li> <a href=\"https:\/\/moverdb.com\/hu\/hgfaa\/\">Amerikai H\u00e1ztart\u00e1si \u00c1ruk Sz\u00e1ll\u00edtm\u00e1nyoz\u00f3k Egyes\u00fclete<\/a> (HHGFA)<\/li>\n<li> <a href=\"https:\/\/moverdb.com\/hu\/amsa\/\" target=\"_blank\" rel=\"noopener\">Amerikai K\u00f6lt\u00f6ztet\u0151 \u00e9s Rakt\u00e1roz\u00e1si Sz\u00f6vets\u00e9g<\/a> (AMSA)<\/li>\n<li> P\u00e1namerikai Nemzetk\u00f6zi K\u00f6lt\u00f6ztet\u0151k Sz\u00f6vets\u00e9ge (PAIMA)<\/li>\n<li> <a href=\"https:\/\/moverdb.com\/hu\/fidi-faim\/\">FAIM<\/a><\/li>\n<li> V\u00e1m- \u00e9s kereskedelmi partners\u00e9g a terrorizmus ellen (C-PAT)<\/li>\n<\/ul>\n<h2>Mudanzas Gou V\u00e9lem\u00e9nyek<\/h2>\n<p>A(z) Mudanzas Gou nem tal\u00e1ltunk angol nyelv\u0171 \u00e9rt\u00e9kel\u00e9st az interneten, \u00e9s \u00fagy t\u0171nik, hogy nincsenek \u00fcgyf\u00e9lv\u00e9lem\u00e9nyek a helysz\u00ednen.<\/p>\n<div itemprop=\"review\" itemscope itemtype=\"http:\/\/schema.org\/Review\">\n<span itemprop=\"author\" itemscope=\"\" itemtype=\"http:\/\/schema.org\/Organization\"><span itemprop=\"name\">MoverDB.com<\/span><\/span> Online weboldal-fel\u00fclvizsg\u00e1lat a <span itemprop=\"itemreviewed\" itemscope=\"\" itemtype=\"http:\/\/schema.org\/Brand\"><span itemprop=\"name\">Mudanzas Gou<\/span><\/span>:<\/p>\n<ol>\n<li> Egy\u00e9rtelm\u0171 el\u00e9rhet\u0151s\u00e9gek a weboldalon (bele\u00e9rtve a telefonsz\u00e1mot is): <strong>Igen<\/strong><\/li>\n<li> K\u00f6nnyen beszerezhet\u0151 <a href=\"https:\/\/moverdb.com\/hu\/idezi\/\">k\u00f6lt\u00f6z\u00e9si \u00e1raj\u00e1nlatok<\/a>? (Online \u00e1raj\u00e1nlatk\u00e9r\u0151 \u0171rlap): <strong>Igen<\/strong><\/li>\n<li> Egy\u00e9rtelm\u0171 inform\u00e1ci\u00f3k a honlapon: <strong>Igen,<\/strong> b\u00e1r alapszint\u0171, de a szolg\u00e1ltat\u00e1saikat angol \u00e9s spanyol nyelven is ismerteti.<\/li>\n<li> Tags\u00e1g nemzetk\u00f6zi elismert mozgat\u00f3 szervezetekben: <strong>Igen<\/strong>, (sokan l\u00e1sd fent)<\/li>\n<li> \u00dcgyfelek list\u00e1ja \u00e9s\/vagy kor\u00e1bbi v\u00e1s\u00e1rl\u00f3i aj\u00e1nl\u00e1sok: <strong>Nem,<\/strong> nem tal\u00e1ltunk semmilyen v\u00e9lem\u00e9nyt vagy v\u00e1s\u00e1rl\u00f3i besz\u00e1mol\u00f3t.<\/li>\n<\/ol>\n<div itemprop=\"reviewRating\" itemscope itemtype=\"http:\/\/schema.org\/Rating\"><meta itemprop=\"worstRating\" content = \"0\" \/><meta itemprop=\"bestRating\" content=\"5\" \/><meta itemprop=\"ratingValue\" content=\"4\"><\/div>\n<p><strong>\u00c1ltal\u00e1nos pontsz\u00e1m: 4\/5<\/strong><br \/>\n<strong>Fel\u00fclvizsg\u00e1lat d\u00e1tuma:<\/strong> <span itemprop=\"datePublished\" content=\"2017-02-24\">24\/02\/2017<\/span>\n<\/div>\n<p>Tov\u00e1bbi inform\u00e1ci\u00f3 <a href=\"https:\/\/moverdb.com\/hu\/koltozteto-cegek\/\">nemzetk\u00f6zi k\u00f6lt\u00f6ztet\u0151 c\u00e9gek<\/a> \u00e9s a mi <a href=\"https:\/\/moverdb.com\/hu\/ertekelesek\/\">fel\u00fclvizsg\u00e1lati folyamat<\/a>.<\/p>\n<p><strong>Weboldalak:<\/strong> Spanyolul: <a href=\"http:\/\/www.mudanzasgou.com.mx\/\" target=\"_blank\" rel=\"noopener\">http:\/\/www.mudanzasgou.com.mx\/<\/a> Angolul: <a href=\"http:\/\/www.mudanzasgou.com\/\" target=\"_blank\" rel=\"noopener\">http:\/\/www.mudanzasgou.com\/<\/a><\/p>","protected":false},"excerpt":{"rendered":"<p>Mudanzas Gou is a Mexican moving company which offers its clients a wide range of services which are listed below, together with a company profile and reviews. International Moves Door to door Full packing service, fragile packing or DIY packing Disassembly and reassembly of furniture Customs clearance and assistance with documentation Insurance arranged Unpacking service [&hellip;]<\/p>\n","protected":false},"author":1,"featured_media":0,"parent":0,"menu_order":0,"comment_status":"closed","ping_status":"closed","template":"","meta":{"_genesis_hide_title":false,"_genesis_hide_breadcrumbs":false,"_genesis_hide_singular_image":false,"_genesis_hide_footer_widgets":false,"_genesis_custom_body_class":"","_genesis_custom_post_class":"","_genesis_layout":"","footnotes":""},"class_list":{"0":"post-1570","1":"page","2":"type-page","3":"status-publish","5":"entry"},"_links":{"self":[{"href":"https:\/\/moverdb.com\/hu\/wp-json\/wp\/v2\/pages\/1570","targetHints":{"allow":["GET"]}}],"collection":[{"href":"https:\/\/moverdb.com\/hu\/wp-json\/wp\/v2\/pages"}],"about":[{"href":"https:\/\/moverdb.com\/hu\/wp-json\/wp\/v2\/types\/page"}],"author":[{"embeddable":true,"href":"https:\/\/moverdb.com\/hu\/wp-json\/wp\/v2\/users\/1"}],"replies":[{"embeddable":true,"href":"https:\/\/moverdb.com\/hu\/wp-json\/wp\/v2\/comments?post=1570"}],"version-history":[{"count":4,"href":"https:\/\/moverdb.com\/hu\/wp-json\/wp\/v2\/pages\/1570\/revisions"}],"predecessor-version":[{"id":6222,"href":"https:\/\/moverdb.com\/hu\/wp-json\/wp\/v2\/pages\/1570\/revisions\/6222"}],"wp:attachment":[{"href":"https:\/\/moverdb.com\/hu\/wp-json\/wp\/v2\/media?parent=1570"}],"curies":[{"name":"wp","href":"https:\/\/api.w.org\/{rel}","templated":true}]}}