{"id":1568,"date":"2017-02-01T16:22:03","date_gmt":"2017-02-01T16:22:03","guid":{"rendered":"http:\/\/moverdb.com\/?page_id=1568"},"modified":"2026-01-08T14:40:03","modified_gmt":"2026-01-08T14:40:03","slug":"leo-packers-movers","status":"publish","type":"page","link":"https:\/\/moverdb.com\/hu\/leo-packers-movers\/","title":{"rendered":"Leo Packers and Movers - Nemzetk\u00f6zi k\u00f6lt\u00f6ztet\u00e9s V\u00e9lem\u00e9nyek"},"content":{"rendered":"<p>Leo Packers and Movers sz\u00e9khelye Bangalore, <a href=\"https:\/\/moverdb.com\/hu\/moving-to-india\/\" data-internallinksmanager029f6b8e52c=\"356\" title=\"Indi\u00e1ba k\u00f6lt\u00f6zik? 2023 \u00c9letk\u00f6lts\u00e9gek \u00e9s k\u00f6lt\u00f6z\u00e9si tippek\">India<\/a>. A v\u00e1llalat a szolg\u00e1ltat\u00e1sok sz\u00e9les sk\u00e1l\u00e1j\u00e1t k\u00edn\u00e1lja \u00fcgyfeleinek, amelyeket az al\u00e1bbiakban felsorolunk, a v\u00e1llalati profillal \u00e9s az \u00e9rt\u00e9kel\u00e9sekkel egy\u00fctt.<\/p>\n<p><strong>Nemzetk\u00f6zi k\u00f6lt\u00f6z\u00e9sek<\/strong><\/p>\n<ul>\n<li> Ajt\u00f3t\u00f3l ajt\u00f3ig<\/li>\n<li> Ajt\u00f3 a termin\u00e1lhoz<\/li>\n<li> Teljes k\u00f6r\u0171 csomagol\u00e1si szolg\u00e1ltat\u00e1s, t\u00f6r\u00e9keny t\u00e1rgyak vagy bark\u00e1cscsomagol\u00e1s<\/li>\n<li> B\u00fatorok sz\u00e9tszerel\u00e9se \u00e9s \u00f6sszeszerel\u00e9se<\/li>\n<li> Teljes k\u00f6r\u0171 kicsomagol\u00e1si szolg\u00e1ltat\u00e1s<\/li>\n<li> T\u00f6rmel\u00e9k elt\u00e1vol\u00edt\u00e1sa<\/li>\n<li> Hossz\u00fa \u00e9s r\u00f6vid t\u00e1v\u00fa t\u00e1rol\u00e1s el\u00e9rhet\u0151<\/li>\n<li> V\u00e1mkezel\u00e9s \u00e9s seg\u00edts\u00e9gny\u00fajt\u00e1s a dokument\u00e1ci\u00f3val kapcsolatban<\/li>\n<li> L\u00e9gi tehersz\u00e1ll\u00edt\u00e1s<\/li>\n<li> Tengeri sz\u00e1ll\u00edt\u00e1s<\/li>\n<li> Megszervezett biztos\u00edt\u00e1s<\/li>\n<\/ul>\n<p><strong>Lakoss\u00e1gi k\u00f6lt\u00f6z\u00e9sek<\/strong><\/p>\n<ul>\n<li> Ajt\u00f3t\u00f3l ajt\u00f3ig<\/li>\n<li> Teljes k\u00f6r\u0171 csomagol\u00e1si szolg\u00e1ltat\u00e1s<\/li>\n<li> B\u00fatorok sz\u00e9tszerel\u00e9se \u00e9s \u00f6sszeszerel\u00e9se<\/li>\n<li> Kicsomagol\u00e1si szolg\u00e1ltat\u00e1s el\u00e9rhet\u0151<\/li>\n<li> T\u00f6rmel\u00e9k elt\u00e1vol\u00edt\u00e1sa<\/li>\n<li> Egyedi \u00e9p\u00edt\u00e9s\u0171 kont\u00e9neres j\u00e1rm\u0171vek<\/li>\n<li> Hossz\u00fa \u00e9s r\u00f6vid t\u00e1v\u00fa t\u00e1rol\u00e1s<\/li>\n<li> Megszervezett biztos\u00edt\u00e1s<\/li>\n<\/ul>\n<p><strong>V\u00e1llalati \u00e1thelyez\u00e9s<\/strong><\/p>\n<ul>\n<li> H\u00e1zhoz men\u0151 szolg\u00e1ltat\u00e1s<\/li>\n<li> B\u00fatorok sz\u00e9tszerel\u00e9se \u00e9s \u00f6sszeszerel\u00e9se<\/li>\n<li> Teljes k\u00f6r\u0171 csomagol\u00e1s<\/li>\n<li> Megfelel\u0151 c\u00edmk\u00e9z\u00e9s<\/li>\n<li> Munka\u00e1llom\u00e1sok fel\u00e1ll\u00edt\u00e1sa<\/li>\n<li> Munkaid\u0151n t\u00fali \u00e9s h\u00e9tv\u00e9gi k\u00f6lt\u00f6z\u00e9sek<\/li>\n<li> T\u00f6rmel\u00e9k elt\u00e1vol\u00edt\u00e1sa<\/li>\n<\/ul>\n<p><strong>T\u00e1rol\u00e1s<\/strong><\/p>\n<ul>\n<li> Egyedi kabinok<\/li>\n<li> Pormentes, Termeszmentes, Szagmentes (k\u00e1rtev\u0151mentes)<\/li>\n<li> RCC \u00e9p\u00fclet az els\u0151 emeleti l\u00e9tes\u00edtm\u00e9nyekkel<\/li>\n<li> Saj\u00e1t tulajdon\u00fa rakt\u00e1rak<\/li>\n<li> \u00c9jjel-nappali biztons\u00e1g<\/li>\n<li> Fel\u00fcgyelet<\/li>\n<\/ul>\n<h2>Leo Packers and Movers C\u00e9gprofil<\/h2>\n<p>A Leo Packers and Movers 1975-ben nyitotta meg kapuit Bangalore-ban, Indi\u00e1ban. A c\u00e9get m\u00e9g mindig az alap\u00edt\u00f3 csal\u00e1d, a Shah-ok vezetik, \u00e9s ma m\u00e1r h\u00e1rom gener\u00e1ci\u00f3 dolgozik benne. A v\u00e1llalat f\u00fcggetlen k\u00f6lt\u00f6ztet\u0151 c\u00e9g, \u00e9s Indi\u00e1ban a h\u00e1ztart\u00e1si \u00e9s v\u00e1llalati k\u00f6lt\u00f6ztet\u00e9sek egyik legjobb v\u00e1llalatak\u00e9nt ismert, mind helyi, mind region\u00e1lis, mind nemzetk\u00f6zi szinten.<\/p>\n<p>A v\u00e1llalat hisz az \u00fcgyfeleivel val\u00f3 j\u00f3 kapcsolat \u00e1pol\u00e1s\u00e1ban \u00e9s fenntart\u00e1s\u00e1ban. Tudj\u00e1k, hogy a k\u00f6lts\u00e9g fontos t\u00e9nyez\u0151, \u00e9s arra t\u00f6rekszenek, hogy az \u00e1rakat alacsonyan tarts\u00e1k, mik\u00f6zben fenntartj\u00e1k a kiv\u00e1l\u00f3 szolg\u00e1ltat\u00e1st. A Leo Packers and Movers szerint minden k\u00f6lt\u00f6z\u00e9s m\u00e1s \u00e9s m\u00e1s, ez\u00e9rt minden k\u00f6lt\u00f6z\u00e9s az \u00fcgyf\u00e9lre szabottan t\u00f6rt\u00e9nik.<\/p>\n<p>A Leo Packers and Movers a k\u00f6vetkez\u0151 akkredit\u00e1ci\u00f3kkal \u00e9s csatlakoz\u00e1sokkal rendelkezik: -<\/p>\n<ul>\n<li> A v\u00e1llalat honlapj\u00e1n nem szerepel<\/li>\n<\/ul>\n<h2>Leo Packers and Movers V\u00e9lem\u00e9nyek<\/h2>\n<p><strong>Pozit\u00edv:<\/strong><\/p>\n<ul>\n<li> <em>\"A csapat tagjai nem csak j\u00f3l viselkedtek, hanem ragaszkodtak a feladatukhoz, \u00e9s t\u00fcrelmesen, koncentr\u00e1ltan v\u00e9gezt\u00e9k a munk\u00e1jukat.\"<\/em> rarami20000 kereszt\u00fcl <a href=\"http:\/\/www.mouthshut.com\/review\/Leo-Packers-and-Movers-Hyderabad-review-mmqtqrslsnm\" target=\"_blank\" rel=\"noopener\">MouthShut.com<\/a>\n<\/ul>\n<p><strong>Negat\u00edv:<\/strong><\/p>\n<ul>\n<li> <em>\"Ezek az emberek a legrosszabbak, el\u0151sz\u00f6r elveszik t\u0151led a p\u00e9nzt, \u00e9s ut\u00e1na soha nem hallgatnak r\u00e1d.\"<\/em> subbu2001978 kereszt\u00fcl <a href=\"http:\/\/www.mouthshut.com\/review\/Leo-Packers-and-Movers-Hyderabad-review-sqtrrrmoqqm\" target=\"_blank\" rel=\"noopener\">MouthShut.com<\/a><\/li>\n<\/ul>\n<div itemprop=\"review\" itemscope itemtype=\"http:\/\/schema.org\/Review\">\n<span itemprop=\"author\" itemscope=\"\" itemtype=\"http:\/\/schema.org\/Organization\"><span itemprop=\"name\">MoverDB.com<\/span><\/span> Online weboldal-fel\u00fclvizsg\u00e1lat a <span itemprop=\"itemreviewed\" itemscope=\"\" itemtype=\"http:\/\/schema.org\/Brand\"><span itemprop=\"name\">Leo Csomagol\u00f3k \u00e9s k\u00f6lt\u00f6ztet\u0151k<\/span><\/span>:<\/p>\n<ol>\n<li> Egy\u00e9rtelm\u0171 el\u00e9rhet\u0151s\u00e9gek a weboldalon (bele\u00e9rtve a telefonsz\u00e1mot is): <strong>Igen<\/strong><\/li>\n<li> K\u00f6nnyen beszerezhet\u0151 <a href=\"https:\/\/moverdb.com\/hu\/idezi\/\">nemzetk\u00f6zi mozg\u00f3 \u00e1raj\u00e1nlatok<\/a>? (Online \u00e1raj\u00e1nlatk\u00e9r\u0151 \u0171rlap): <strong>Igen<\/strong><\/li>\n<li> Egy\u00e9rtelm\u0171 inform\u00e1ci\u00f3k a honlapon: <strong>Korl\u00e1tozott<\/strong> a weboldal csak korl\u00e1tozott inform\u00e1ci\u00f3kat ny\u00fajt a szolg\u00e1ltat\u00e1saikr\u00f3l.<\/li>\n<li> Tags\u00e1g nemzetk\u00f6zi elismert mozgat\u00f3 szervezetekben: <strong>Nem szerepel a list\u00e1n<\/strong><\/li>\n<li> \u00dcgyfelek list\u00e1ja \u00e9s\/vagy kor\u00e1bbi v\u00e1s\u00e1rl\u00f3i aj\u00e1nl\u00e1sok. <strong>Nem,<\/strong> de van egy fot\u00f3gal\u00e9ri\u00e1juk.<\/li>\n<\/ol>\n<div itemprop=\"reviewRating\" itemscope itemtype=\"http:\/\/schema.org\/Rating\"><meta itemprop=\"worstRating\" content = \"0\" \/><meta itemprop=\"bestRating\" content=\"5\" \/><meta itemprop=\"ratingValue\" content=\"3\"><\/div>\n<p><strong>\u00c1ltal\u00e1nos pontsz\u00e1m: 3\/5<\/strong><br \/>\n<strong>Fel\u00fclvizsg\u00e1lat d\u00e1tuma:<\/strong> <span itemprop=\"datePublished\" content=\"2017-02-01\">01\/02\/2017<\/span>\n<\/div>\n<p>Tov\u00e1bbi inform\u00e1ci\u00f3 <a href=\"https:\/\/moverdb.com\/hu\/koltozteto-cegek\/\">nemzetk\u00f6zi k\u00f6lt\u00f6ztet\u0151 c\u00e9gek<\/a> \u00e9s a mi <a href=\"https:\/\/moverdb.com\/hu\/ertekelesek\/\">fel\u00fclvizsg\u00e1lati folyamat<\/a>.<\/p>\n<p><strong>Weboldal:<\/strong> <a href=\"http:\/\/www.leopackersindia.com\/\" target=\"_blank\" rel=\"noopener\">http:\/\/www.leopackersindia.com\/<\/a><\/p>","protected":false},"excerpt":{"rendered":"<p>Leo Packers and Movers is based in Bangalore, India. The company offers its customers a wide range of services which are listed below, together with a company profile and reviews. International Moves Door to door Door to terminal Full packing service, fragile items or DIY packing Dismantling and reassembly of furniture Full unpacking service available [&hellip;]<\/p>\n","protected":false},"author":1,"featured_media":0,"parent":0,"menu_order":0,"comment_status":"closed","ping_status":"closed","template":"","meta":{"_genesis_hide_title":false,"_genesis_hide_breadcrumbs":false,"_genesis_hide_singular_image":false,"_genesis_hide_footer_widgets":false,"_genesis_custom_body_class":"","_genesis_custom_post_class":"","_genesis_layout":"","footnotes":""},"class_list":{"0":"post-1568","1":"page","2":"type-page","3":"status-publish","5":"entry"},"_links":{"self":[{"href":"https:\/\/moverdb.com\/hu\/wp-json\/wp\/v2\/pages\/1568","targetHints":{"allow":["GET"]}}],"collection":[{"href":"https:\/\/moverdb.com\/hu\/wp-json\/wp\/v2\/pages"}],"about":[{"href":"https:\/\/moverdb.com\/hu\/wp-json\/wp\/v2\/types\/page"}],"author":[{"embeddable":true,"href":"https:\/\/moverdb.com\/hu\/wp-json\/wp\/v2\/users\/1"}],"replies":[{"embeddable":true,"href":"https:\/\/moverdb.com\/hu\/wp-json\/wp\/v2\/comments?post=1568"}],"version-history":[{"count":3,"href":"https:\/\/moverdb.com\/hu\/wp-json\/wp\/v2\/pages\/1568\/revisions"}],"predecessor-version":[{"id":13170,"href":"https:\/\/moverdb.com\/hu\/wp-json\/wp\/v2\/pages\/1568\/revisions\/13170"}],"wp:attachment":[{"href":"https:\/\/moverdb.com\/hu\/wp-json\/wp\/v2\/media?parent=1568"}],"curies":[{"name":"wp","href":"https:\/\/api.w.org\/{rel}","templated":true}]}}