{"id":1558,"date":"2017-07-10T10:38:01","date_gmt":"2017-07-10T10:38:01","guid":{"rendered":"http:\/\/moverdb.com\/?page_id=1558"},"modified":"2026-01-08T15:20:30","modified_gmt":"2026-01-08T15:20:30","slug":"packimpex","status":"publish","type":"page","link":"https:\/\/moverdb.com\/hu\/packimpex\/","title":{"rendered":"Packimpex - Nemzetk\u00f6zi k\u00f6lt\u00f6ztet\u00e9s \u00e9s k\u00f6lt\u00f6ztet\u00e9s V\u00e9lem\u00e9nyek"},"content":{"rendered":"<p>A Packimpex egy k\u00f6lt\u00f6ztet\u00e9si \u00e9s <a href=\"https:\/\/moverdb.com\/hu\/international-removals\/\" data-internallinksmanager029f6b8e52c=\"27\" title=\"36 legjobb nemzetk\u00f6zi k\u00f6lt\u00f6ztet\u0151 c\u00e9gek az Egyes\u00fclt Kir\u00e1lys\u00e1gban\">k\u00f6lt\u00f6ztet\u0151 c\u00e9g<\/a> sz\u00e9khelye <a href=\"https:\/\/moverdb.com\/hu\/moving-to-bern\/\" data-internallinksmanager029f6b8e52c=\"262\" title=\"Bernbe k\u00f6lt\u00f6zik? 2023 Meg\u00e9lhet\u00e9si k\u00f6lts\u00e9gek \u00e9s k\u00f6lt\u00f6z\u00e9si tippek\">Bern<\/a>, <a href=\"https:\/\/moverdb.com\/hu\/moving-to-switzerland\/\" data-internallinksmanager029f6b8e52c=\"327\" title=\"Sv\u00e1jcba k\u00f6lt\u00f6zik? 2023 Meg\u00e9lhet\u00e9si k\u00f6lts\u00e9gek \u00e9s k\u00f6lt\u00f6z\u00e9si tippek\">Sv\u00e1jc<\/a>. \u00dcgyfeleinek sz\u00e1mos szolg\u00e1ltat\u00e1st k\u00edn\u00e1l, amelyeket az al\u00e1bbiakban felsorolunk, a v\u00e1llalati profillal \u00e9s az \u00e9rt\u00e9kel\u00e9sekkel egy\u00fctt.<\/p>\n<p><strong>Nemzetk\u00f6zi k\u00f6lt\u00f6z\u00e9sek<\/strong><\/p>\n<ul>\n<li> Dedik\u00e1lt k\u00f6lt\u00f6z\u00e9si menedzser<\/li>\n<li> Teljes csomagol\u00e1si szolg\u00e1ltat\u00e1s, r\u00e9szleges csomagol\u00e1s vagy bark\u00e1cs\u00e1ru csomagol\u00e1s<\/li>\n<li> T\u00f6bbnyelv\u0171 csomagol\u00f3k<\/li>\n<li> Lehet\u0151s\u00e9g szerint \u00fajrafelhaszn\u00e1lhat\u00f3 \u00e9s \u00fajrahasznos\u00edthat\u00f3 csomagol\u00e1s<\/li>\n<li> L\u00e9gi, k\u00f6z\u00fati vagy tengeri sz\u00e1ll\u00edt\u00e1s<\/li>\n<li> H\u00e1zi\u00e1llat \u00e1thelyez\u00e9s<\/li>\n<li> <a href=\"https:\/\/moverdb.com\/hu\/autoszallitas-szallitas-szallitas\/\">Aut\u00f3k<\/a><\/li>\n<li> Hossz\u00fa \u00e9s r\u00f6vid t\u00e1v\u00fa t\u00e1rol\u00e1s<\/li>\n<li> Seg\u00edts\u00e9gny\u00fajt\u00e1s a v\u00e1mkezel\u00e9ssel \u00e9s a dokument\u00e1ci\u00f3val kapcsolatban<\/li>\n<li> Teljes k\u00f6r\u0171 kicsomagol\u00e1si szolg\u00e1ltat\u00e1s<\/li>\n<li> Megszervezett biztos\u00edt\u00e1s<\/li>\n<\/ul>\n<p><strong>C\u00e9l\u00e1llom\u00e1si szolg\u00e1ltat\u00e1sok - Sv\u00e1jc<\/strong><\/p>\n<ul>\n<li> Tan\u00e1csad\u00e1s<\/li>\n<li> Bev\u00e1ndorl\u00e1si szolg\u00e1ltat\u00e1sok<\/li>\n<li> Orient\u00e1ci\u00f3s t\u00fara<\/li>\n<li> \u00c9rkez\u00e9si szolg\u00e1ltat\u00e1s<\/li>\n<li> Ideiglenes sz\u00e1ll\u00e1s biztos\u00edt\u00e1sa<\/li>\n<li> Keres\u00e9s otthon<\/li>\n<li> Oktat\u00e1si \u00e9s gyermekgondoz\u00e1si t\u00e1mogat\u00e1s<\/li>\n<li> Beilleszked\u00e9si szolg\u00e1ltat\u00e1sok<\/li>\n<li> Integr\u00e1ci\u00f3s t\u00e1mogat\u00e1si program<\/li>\n<li> Aut\u00f3k - import vagy v\u00e1s\u00e1rl\u00e1s<\/li>\n<li> Csoportos mozg\u00e1sok<\/li>\n<li> Indul\u00e1si szolg\u00e1ltat\u00e1sok<\/li>\n<\/ul>\n<p><strong>V\u00e1llalati lakhat\u00e1si szolg\u00e1ltat\u00e1sok<\/strong><\/p>\n<ul>\n<li> Foglal\u00e1skezel\u00e9s<\/li>\n<li> Lak\u00e1sgazd\u00e1lkod\u00e1s<\/li>\n<li> K\u00f6lts\u00e9gek kezel\u00e9se<\/li>\n<li> B\u00e9rl\u0151v\u00e1lt\u00e1s t\u00e1mogat\u00e1sa<\/li>\n<li> V\u00e1llalati apartmanok \u00f6sszevon\u00e1sa<\/li>\n<li> B\u00fatorb\u00e9rl\u00e9s<\/li>\n<li> B\u00fatorok kezel\u00e9se<\/li>\n<li> B\u00fatorozott apartmanok a Packimpext\u0151l<\/li>\n<\/ul>\n<p><strong>Helyi k\u00f6lt\u00f6z\u00e9sek<\/strong><\/p>\n<ul>\n<li> Ajt\u00f3t\u00f3l ajt\u00f3ig<\/li>\n<li> Teljes k\u00f6r\u0171 szolg\u00e1ltat\u00e1s<\/li>\n<li> Korl\u00e1tozott szolg\u00e1ltat\u00e1si mozgat\u00e1s<\/li>\n<li> Hossz\u00fa \u00e9s r\u00f6vid t\u00e1v\u00fa t\u00e1rol\u00e1s<\/li>\n<li> Kicsomagol\u00e1si szolg\u00e1ltat\u00e1s el\u00e9rhet\u0151<\/li>\n<li> Biztos\u00edt\u00e1s<\/li>\n<li> T\u00f6rmel\u00e9k elt\u00e1vol\u00edt\u00e1sa<\/li>\n<\/ul>\n<h2>Packimpex V\u00e1llalati profil<\/h2>\n<p>A Packimpex 1977-ben kezdett el nemzetk\u00f6zi k\u00f6lt\u00f6z\u00e9sekre koncentr\u00e1lni, \u00e9s ma m\u00e1r a nemzetk\u00f6zi k\u00f6lt\u00f6ztet\u00e9s \u00e9s \u00e1ttelep\u00edt\u00e9s \u00fatt\u00f6r\u0151je Sv\u00e1jcban. A v\u00e1llalatnak t\u00edz irod\u00e1ja van Sv\u00e1jc k\u00fcl\u00f6nb\u00f6z\u0151 pontjain \u00e9s egy irod\u00e1ja Sv\u00e1jcban. <a href=\"https:\/\/moverdb.com\/hu\/moving-to-germany\/\" data-internallinksmanager029f6b8e52c=\"321\" title=\"N\u00e9metorsz\u00e1gba k\u00f6lt\u00f6zik? 2023 Meg\u00e9lhet\u00e9si k\u00f6lts\u00e9gek \u00e9s k\u00f6lt\u00f6z\u00e9si tippek\">N\u00e9metorsz\u00e1g<\/a>. A Packimpex t\u00f6bb mint 300 alkalmazottat foglalkoztat, akikr\u0151l azt \u00e1ll\u00edtj\u00e1k, hogy mindannyian a saj\u00e1t ter\u00fclet\u00fck szak\u00e9rt\u0151i. A v\u00e1llalat saj\u00e1t k\u00e9pz\u00e9si akad\u00e9mi\u00e1val rendelkezik annak \u00e9rdek\u00e9ben, hogy a k\u00f6lt\u00f6ztet\u00e9si \u00e9s k\u00f6lt\u00f6ztet\u00e9si ipar\u00e1gon bel\u00fcli leg\u00fajabb innov\u00e1ci\u00f3kkal l\u00e9p\u00e9st tartson.<\/p>\n<p>A 100 legnagyobb sv\u00e1jci v\u00e1llalat k\u00f6z\u00fcl t\u00f6bb mint 60% haszn\u00e1lja a Packimpexet helyi k\u00f6lt\u00f6z\u00e9sekhez \u00e9s a szem\u00e9lyzet \u00e1thelyez\u00e9s\u00e9hez. A Packimpex az UniGroup Relocation Network tagja, amely 63 orsz\u00e1gban \u00e9s 1200 helysz\u00ednen biztos\u00edt hozz\u00e1f\u00e9r\u00e9st a k\u00f6lt\u00f6ztet\u0151kh\u00f6z. A v\u00e1llalat 40 b\u00fatorozott lak\u00e1ssal is rendelkezik Sv\u00e1jc nagyv\u00e1rosaiban, amelyeket v\u00e1llalatok \u00e9s tengerent\u00fali szem\u00e9lyzet\u00fck sz\u00e1m\u00e1ra adnak b\u00e9rbe.<\/p>\n<p>A Packimpex b\u00fcszke k\u00f6rnyezetbar\u00e1t \u00fczleti modellj\u00e9re, \u00e9s ahol csak lehet, \u00fajrahasznos\u00edtja csomagol\u00e1sait. A v\u00e1llalat sz\u00e9n-dioxid-kibocs\u00e1t\u00e1s\u00e1nak cs\u00f6kkent\u00e9se \u00e9rdek\u00e9ben folyamatosan k\u00fcl\u00f6nb\u00f6z\u0151 sz\u00e9n-dioxid-kiegyenl\u00edt\u00e9si projekteket hajt v\u00e9gre.<\/p>\n<p>A Packimpex a k\u00f6vetkez\u0151 akkredit\u00e1ci\u00f3kkal \u00e9s kapcsolatokkal rendelkezik:<\/p>\n<ul>\n<li> <a href=\"https:\/\/moverdb.com\/hu\/fidi-faim\/\">FIDI<\/a><\/li>\n<li> <a href=\"https:\/\/moverdb.com\/hu\/fidi-faim\/\" data-internallinksmanager029f6b8e52c=\"16\" title=\"FIDI &amp; FAIM (FIDI akkredit\u00e1lt nemzetk\u00f6zi fuvaroz\u00f3) magyar\u00e1zata\">FAIM<\/a>-ISO<\/li>\n<li> UniGroup Relocation Network<\/li>\n<li> OMNI<\/li>\n<li> <a href=\"https:\/\/moverdb.com\/hu\/employee-relocation-council\/\">Foglalkoztat\u00e1si \u00e1thelyez\u00e9si tan\u00e1cs<\/a> (<a href=\"https:\/\/moverdb.com\/hu\/employee-relocation-council\/\" data-internallinksmanager029f6b8e52c=\"83\" title=\"A vil\u00e1gm\u00e9ret\u0171 munkav\u00e1llal\u00f3i \u00e1thelyez\u00e9si tan\u00e1cs (ERC) magyar\u00e1zata\">ERC<\/a>)<\/li>\n<li> <a href=\"https:\/\/moverdb.com\/hu\/eura\/\">Eur\u00f3pai K\u00f6lt\u00f6ztet\u00e9si Sz\u00f6vets\u00e9g<\/a> (<a href=\"https:\/\/moverdb.com\/hu\/eura\/\" data-internallinksmanager029f6b8e52c=\"13\" title=\"Az Eur\u00f3pai K\u00f6lt\u00f6ztet\u00e9si Sz\u00f6vets\u00e9g (EuRA) magyar\u00e1zata\">EURA<\/a>)<\/li>\n<li> ISO 9001<\/li>\n<li> ISO 14001<\/li>\n<li> ISO 27001<\/li>\n<\/ul>\n<h2>Packimpex V\u00e9lem\u00e9nyek<\/h2>\n<p><strong>Pozit\u00edv:<\/strong><\/p>\n<p><em>\"Ezek a sr\u00e1cok nagyszer\u0171ek voltak. Fogalmam sincs a <a href=\"https:\/\/moverdb.com\/hu\/koltozesi-koltsegek\/\" target=\"_blank\" rel=\"noopener\">k\u00f6lts\u00e9g<\/a> mivel a c\u00e9g gondoskodott err\u0151l, de a gondoss\u00e1g, amit a h\u00e1zam \u00f6sszepakol\u00e1sakor tan\u00fas\u00edtottak a <a href=\"https:\/\/moverdb.com\/hu\/moving-to-london\/\" target=\"_blank\" rel=\"noopener\">London<\/a> \u00e9s nagyszer\u0171 volt az a gondoss\u00e1g, amellyel ezen az oldalon mindent \u00f6sszeszereltek.\"<\/em> - a <a href=\"https:\/\/www.englishforum.ch\/housing-general\/131431-packimpex-review.html\" target=\"_blank\" rel=\"noopener\">Angol f\u00f3rum Sv\u00e1jc<\/a><\/p>\n<p><strong>Negat\u00edv: <\/strong><\/p>\n<p><em>\"Rendk\u00edv\u00fcl rosszul kezelt\u00e9k a t\u00e1voz\u00e1ssal kapcsolatos int\u00e9zked\u00e9seket\"<\/em> - Anu kereszt\u00fcl <a href=\"https:\/\/www.facebook.com\/pg\/packimpex\/reviews\/?ref=page_internal\" target=\"_blank\" rel=\"noopener\">Facebook<\/a><\/p>\n<div itemprop=\"review\" itemscope itemtype=\"http:\/\/schema.org\/Review\">\n<span itemprop=\"author\" itemscope=\"\" itemtype=\"http:\/\/schema.org\/Organization\"><span itemprop=\"name\">MoverDB.com<\/span><\/span> Online weboldal-fel\u00fclvizsg\u00e1lat a <span itemprop=\"itemreviewed\" itemscope=\"\" itemtype=\"http:\/\/schema.org\/Brand\"><span itemprop=\"name\">Packimpex<\/span><\/span>:<\/p>\n<ol>\n<li> Egy\u00e9rtelm\u0171 el\u00e9rhet\u0151s\u00e9gek a weboldalon (bele\u00e9rtve a telefonsz\u00e1mot is): <strong>Igen<\/strong><\/li>\n<li> K\u00f6nnyen beszerezhet\u0151 <a href=\"https:\/\/moverdb.com\/hu\/idezi\/\">nemzetk\u00f6zi mozg\u00f3 \u00e1raj\u00e1nlatok<\/a>? (Online \u00e1raj\u00e1nlatk\u00e9r\u0151 \u0171rlap): <strong>Igen<\/strong><\/li>\n<li> Egy\u00e9rtelm\u0171 inform\u00e1ci\u00f3k a honlapon: <strong>Igen,<\/strong> A honlapon vil\u00e1gosan bemutatt\u00e1k az \u00e1ltaluk k\u00edn\u00e1lt \u00f6sszes szolg\u00e1ltat\u00e1st.<\/li>\n<li> Tags\u00e1g nemzetk\u00f6zi elismert mozgat\u00f3 szervezetekben: <strong>Igen<\/strong>, (l\u00e1sd fent)<\/li>\n<li> \u00dcgyfelek list\u00e1ja \u00e9s\/vagy kor\u00e1bbi v\u00e1s\u00e1rl\u00f3i aj\u00e1nl\u00e1sok. <strong>Nem,<\/strong> de a legt\u00f6bb online \u00e9rt\u00e9kel\u00e9s a c\u00e9gr\u0151l pozit\u00edvnak t\u0171nik.<\/li>\n<\/ol>\n<div itemprop=\"reviewRating\" itemscope itemtype=\"http:\/\/schema.org\/Rating\"><meta itemprop=\"worstRating\" content = \"0\" \/><meta itemprop=\"bestRating\" content=\"5\" \/><meta itemprop=\"ratingValue\" content=\"4.5\"><\/div>\n<p><strong>\u00c1ltal\u00e1nos pontsz\u00e1m: 4.5\/5<\/strong><br \/>\n<strong>Fel\u00fclvizsg\u00e1lat d\u00e1tuma:<\/strong> <span itemprop=\"datePublished\" content=\"2017-07-10\">10\/07\/2017<\/span>\n<\/div>\n<p>Tov\u00e1bbi inform\u00e1ci\u00f3 <a href=\"https:\/\/moverdb.com\/hu\/koltozteto-cegek\/\">nemzetk\u00f6zi k\u00f6lt\u00f6ztet\u0151 c\u00e9gek<\/a> \u00e9s a mi <a href=\"https:\/\/moverdb.com\/hu\/ertekelesek\/\">a fel\u00fclvizsg\u00e1lati folyamat magyar\u00e1zata<\/a>.<\/p>\n<p><strong>Weboldal:<\/strong> <a href=\"http:\/\/www.packimpex.ch\/\" target=\"_blank\" rel=\"noopener\">http:\/\/www.packimpex.ch\/<\/a><\/p>","protected":false},"excerpt":{"rendered":"<p>Packimpex is a relocation and removal company based in Bern, Switzerland. It offers its clients a range of services which are listed below, together with a company profile and reviews. International Moves Dedicated move manager Full packing service, partial packing or DIY packing Multilingual packers Reusable and recyclable packing where possible Air, road or sea [&hellip;]<\/p>\n","protected":false},"author":1,"featured_media":0,"parent":0,"menu_order":0,"comment_status":"closed","ping_status":"closed","template":"","meta":{"_genesis_hide_title":false,"_genesis_hide_breadcrumbs":false,"_genesis_hide_singular_image":false,"_genesis_hide_footer_widgets":false,"_genesis_custom_body_class":"","_genesis_custom_post_class":"","_genesis_layout":"","footnotes":""},"class_list":{"0":"post-1558","1":"page","2":"type-page","3":"status-publish","5":"entry"},"_links":{"self":[{"href":"https:\/\/moverdb.com\/hu\/wp-json\/wp\/v2\/pages\/1558","targetHints":{"allow":["GET"]}}],"collection":[{"href":"https:\/\/moverdb.com\/hu\/wp-json\/wp\/v2\/pages"}],"about":[{"href":"https:\/\/moverdb.com\/hu\/wp-json\/wp\/v2\/types\/page"}],"author":[{"embeddable":true,"href":"https:\/\/moverdb.com\/hu\/wp-json\/wp\/v2\/users\/1"}],"replies":[{"embeddable":true,"href":"https:\/\/moverdb.com\/hu\/wp-json\/wp\/v2\/comments?post=1558"}],"version-history":[{"count":4,"href":"https:\/\/moverdb.com\/hu\/wp-json\/wp\/v2\/pages\/1558\/revisions"}],"predecessor-version":[{"id":6228,"href":"https:\/\/moverdb.com\/hu\/wp-json\/wp\/v2\/pages\/1558\/revisions\/6228"}],"wp:attachment":[{"href":"https:\/\/moverdb.com\/hu\/wp-json\/wp\/v2\/media?parent=1558"}],"curies":[{"name":"wp","href":"https:\/\/api.w.org\/{rel}","templated":true}]}}