{"id":1548,"date":"2017-02-01T15:00:53","date_gmt":"2017-02-01T15:00:53","guid":{"rendered":"http:\/\/moverdb.com\/?page_id=1548"},"modified":"2026-01-08T15:20:43","modified_gmt":"2026-01-08T15:20:43","slug":"sirva","status":"publish","type":"page","link":"https:\/\/moverdb.com\/hu\/sirva\/","title":{"rendered":"SIRVA - Nemzetk\u00f6zi k\u00f6lt\u00f6ztet\u00e9s \u00e9s k\u00f6lt\u00f6ztet\u00e9s V\u00e9lem\u00e9nyek"},"content":{"rendered":"<p>A SIRVA egy glob\u00e1lis k\u00f6lt\u00f6ztet\u00e9si v\u00e1llalat, amelynek sz\u00e9khelye a <a href=\"https:\/\/moverdb.com\/hu\/moving-to-the-united-states\/moving-to-illinois\/\" data-internallinksmanager029f6b8e52c=\"401\" title=\"K\u00f6lt\u00f6z\u00e9s Illinoisba? 2023 \u00c9letk\u00f6lts\u00e9gek \u00e9s k\u00f6lt\u00f6z\u00e9si tippek\">Illinois<\/a>. V\u00e1llalati \u00e9s egy\u00e9ni \u00fcgyfeleinek k\u00fcl\u00f6nf\u00e9le k\u00f6lt\u00f6ztet\u00e9si szolg\u00e1ltat\u00e1sokat k\u00edn\u00e1l. Ezek az al\u00e1bbiakban a c\u00e9g profilj\u00e1val \u00e9s \u00e9rt\u00e9kel\u00e9s\u00e9vel egy\u00fctt szerepelnek.<\/p>\n<p><strong>Nemzetk\u00f6zi k\u00f6lt\u00f6z\u00e9s<\/strong><\/p>\n<ul>\n<li> Mozg\u00f3 er\u0151forr\u00e1sok vil\u00e1gm\u00e9ret\u0171 h\u00e1l\u00f3zata<\/li>\n<li> K\u00f6vesse nyomon a k\u00fcldem\u00e9ny\u00e9t 24\/7<\/li>\n<li> H\u00e1zi felm\u00e9r\u00e9s a csomagol\u00e1si k\u00f6vetelm\u00e9nyek stb. meg\u00e1llap\u00edt\u00e1sa \u00e9rdek\u00e9ben<\/li>\n<li> Megszervezett biztos\u00edt\u00e1s<\/li>\n<li> A szem\u00e9lyes koordin\u00e1tor seg\u00edt a sz\u00fcks\u00e9ges dokument\u00e1ci\u00f3val<\/li>\n<li> Csomagol\u00e1s \u00e9s rakod\u00e1s<\/li>\n<li> V\u00e1mkezel\u00e9s<\/li>\n<li> Sz\u00e1ll\u00edt\u00e1s \u00e9s kicsomagol\u00e1s<\/li>\n<li> Az angolul besz\u00e9l\u0151 szem\u00e9lyzet vezet\u0151i seg\u00edtenek \u00d6nnek a kisz\u00e1ll\u00edt\u00e1skor.<\/li>\n<li> Minden t\u00e1rgyat gondosan kirakodnak, \u00e9s \u00f6sszevetik a lelt\u00e1rlist\u00e1val, \u00e9s a megfelel\u0151 helyis\u00e9gekbe helyezik.<\/li>\n<li> T\u00f6r\u00e9keny t\u00e1rgyak, p\u00e9ld\u00e1ul \u00fcveg \u00e9s <a href=\"https:\/\/moverdb.com\/hu\/moving-to-china\/\" data-internallinksmanager029f6b8e52c=\"357\" title=\"K\u00edn\u00e1ba k\u00f6lt\u00f6zik? 2023 Meg\u00e9lhet\u00e9si k\u00f6lts\u00e9gek \u00e9s k\u00f6lt\u00f6z\u00e9si tippek\">porcel\u00e1n<\/a>, s\u00edk fel\u00fcleten ker\u00fcl kicsomagol\u00e1sra<\/li>\n<li> Minden csomagol\u00f3anyagot \u00e9s t\u00f6rmel\u00e9ket gyorsan elt\u00e1vol\u00edtunk otthon\u00e1b\u00f3l.<\/li>\n<\/ul>\n<p><strong>V\u00e1llalati \u00e1thelyez\u00e9si szolg\u00e1ltat\u00e1sok<\/strong><\/p>\n<ul>\n<li> Beilleszked\u00e9si szolg\u00e1ltat\u00e1sok<\/li>\n<li> V\u00edzumok \u00e9s munkav\u00e1llal\u00e1si enged\u00e9lyek<\/li>\n<li> Iskola- \u00e9s lak\u00e1skeres\u00e9s<\/li>\n<li> Kultur\u00e1lis inform\u00e1ci\u00f3k<\/li>\n<li> Partner\/h\u00e1zast\u00e1rs t\u00e1mogat\u00e1sa<\/li>\n<li> Speci\u00e1lis csomagol\u00e1s<\/li>\n<\/ul>\n<p><strong>K\u00f6lt\u00f6ztet\u0151 szolg\u00e1ltat\u00e1sok<\/strong><\/p>\n<ul>\n<li> H\u00e1ztart\u00e1si k\u00f6lt\u00f6z\u00e9s<\/li>\n<li> V\u00e1llalati k\u00f6lt\u00f6z\u00e9s<\/li>\n<li> Helyi k\u00f6lt\u00f6z\u00e9s<\/li>\n<li> \u00c1llamk\u00f6zi k\u00f6lt\u00f6z\u00e9s<\/li>\n<li> Nemzetk\u00f6zi k\u00f6lt\u00f6z\u00e9s<\/li>\n<li> Szem\u00e9lyes k\u00f6lt\u00f6z\u00e9si terv<\/li>\n<\/ul>\n<h2>SIRVA V\u00e1llalati profil<\/h2>\n<p>A Sirva Inc. 1997-ben alakult, \u00e9s k\u00f6lt\u00f6z\u00e9si \u00e9s k\u00f6lt\u00f6ztet\u00e9si szolg\u00e1ltat\u00e1sokat ny\u00fajt v\u00e1llalatok \u00e9s mag\u00e1nszem\u00e9lyek sz\u00e1m\u00e1ra. T\u00f6bb mint 170 orsz\u00e1gban, t\u00f6bb mint 1400 v\u00e1rosban tev\u00e9kenykedik, \u00e9szak-amerikai m\u00e1rk\u00e1i k\u00f6z\u00e9 tartozik a k\u00f6vetkez\u0151k <a href=\"https:\/\/moverdb.com\/hu\/allied-van-lines\/\">Allied Van Lines<\/a> \u00e9s <a href=\"https:\/\/moverdb.com\/hu\/north-american-van-lines\/\">North American Van Lines<\/a>.<\/p>\n<p>A Sirva \u00e9vente mintegy 385 000 k\u00f6lt\u00f6ztet\u00e9st v\u00e9gez a vil\u00e1g 43 orsz\u00e1g\u00e1ban. Ezek k\u00f6z\u00e9 tartoznak a v\u00e1llalati \u00fcgyfelek, valamint a katonai \u00e9s korm\u00e1nyzati szem\u00e9lyzet.<\/p>\n<p>A Sirva a k\u00f6vetkez\u0151 akkredit\u00e1ci\u00f3kkal \u00e9s kapcsolatokkal rendelkezik:<\/p>\n<ul>\n<li> <a href=\"https:\/\/moverdb.com\/hu\/en-vagyok\/\">K\u00f6lt\u00f6ztet\u0151k Nemzetk\u00f6zi Sz\u00f6vets\u00e9ge<\/a> (<a href=\"https:\/\/moverdb.com\/hu\/iam\/\" data-internallinksmanager029f6b8e52c=\"23\" title=\"A K\u00f6lt\u00f6ztet\u0151k Nemzetk\u00f6zi Sz\u00f6vets\u00e9ge (IAM) magyar\u00e1zata\">IAM<\/a>)<\/li>\n<\/ul>\n<h2>SIRVA V\u00e9lem\u00e9nyek<\/h2>\n<p><strong>Pozit\u00edv:<\/strong><\/p>\n<ul>\n<li> <em>\"A f\u00e9rjem \u00e9s \u00e9n csod\u00e1latos tapasztalatot szerezt\u00fcnk a Sirva jelz\u00e1loghitel haszn\u00e1lat\u00e1val a k\u00f6zelm\u00faltbeli k\u00f6lt\u00f6z\u00e9s\u00fcnk sor\u00e1n.\"<\/em> Karlee via <a href=\"https:\/\/www.reputada.com\/company\/sirva.com\" target=\"_blank\" rel=\"noopener\">Reputada<\/a>.\n<\/ul>\n<p><strong>Negat\u00edv:<\/strong><\/p>\n<ul>\n<li> <em>\"Mindent egybevetve, hogy a v\u00e1laszom ne tekints\u00e9k semmif\u00e9le \"r\u00e1galmaz\u00e1snak\", megpr\u00f3b\u00e1lom a legjobban, hogy csak \u00e1br\u00e1zoljam, mi t\u00f6rt\u00e9nt, \u00e9s megpr\u00f3b\u00e1lok olyan kev\u00e9s lelkes szavakat haszn\u00e1lni, amennyire \u00e9sszer\u0171en elv\u00e1rhat\u00f3\" <\/em> - Lilaora kereszt\u00fcl <a href=\"https:\/\/www.trulia.com\/voices\/Home_Selling\/Has_anyone_dealt_with_a_relocation_firm_called_SIR-29232\" target=\"_blank\" rel=\"noopener\">Trulia<\/a>.\n<\/ul>\n<p>A SIRVA m\u00e1rk\u00e1k eset\u00e9ben olvassa el a k\u00f6vetkez\u0151ket is <a href=\"https:\/\/moverdb.com\/hu\/allied-van-lines\/\">Allied Van Lines v\u00e9lem\u00e9nyek<\/a> \u00e9s <a href=\"https:\/\/moverdb.com\/hu\/north-american-van-lines\/\">North American Van Lines v\u00e9lem\u00e9nyek<\/a>.<\/p>\n<div itemprop=\"review\" itemscope itemtype=\"http:\/\/schema.org\/Review\">\n<span itemprop=\"author\" itemscope=\"\" itemtype=\"http:\/\/schema.org\/Organization\"><span itemprop=\"name\">MoverDB.com<\/span><\/span> Online weboldal-fel\u00fclvizsg\u00e1lat a <span itemprop=\"itemreviewed\" itemscope=\"\" itemtype=\"http:\/\/schema.org\/Brand\"><span itemprop=\"name\">SIRVA<\/span><\/span>:<\/p>\n<ol>\n<li> Egy\u00e9rtelm\u0171 el\u00e9rhet\u0151s\u00e9gek a weboldalon (bele\u00e9rtve a telefonsz\u00e1mot is): <strong>Igen<\/strong><\/li>\n<li> K\u00f6nnyen beszerezhet\u0151 <a href=\"https:\/\/moverdb.com\/hu\/idezi\/\">nemzetk\u00f6zi mozg\u00f3 \u00e1raj\u00e1nlatok<\/a>? (Online \u00e1raj\u00e1nlatk\u00e9r\u0151 \u0171rlap): <strong>Igen<\/strong><\/li>\n<li> Egy\u00e9rtelm\u0171 inform\u00e1ci\u00f3k a honlapon: <strong>Igen,<\/strong> A honlapon vil\u00e1gosan szerepel az \u00e1ltaluk k\u00edn\u00e1lt \u00f6sszes szolg\u00e1ltat\u00e1s.<\/li>\n<li> Tags\u00e1g nemzetk\u00f6zi elismert mozgat\u00f3 szervezetekben: <strong>Igen<\/strong>, (b\u00e1r csak IAM)<\/li>\n<li> \u00dcgyfelek list\u00e1ja \u00e9s\/vagy kor\u00e1bbi v\u00e1s\u00e1rl\u00f3i aj\u00e1nl\u00e1sok. <strong>Igen,<\/strong> van egy esettanulm\u00e1nyok r\u00e9sz a honlapjukon. Ugyanakkor korl\u00e1tozott sz\u00e1m\u00fa v\u00e9lem\u00e9ny tal\u00e1lhat\u00f3 a vil\u00e1gh\u00e1l\u00f3n, amelyek t\u00f6bbs\u00e9ge semleges vagy negat\u00edv.<\/li>\n<\/ol>\n<div itemprop=\"reviewRating\" itemscope itemtype=\"http:\/\/schema.org\/Rating\"><meta itemprop=\"worstRating\" content = \"0\" \/><meta itemprop=\"bestRating\" content=\"5\" \/><meta itemprop=\"ratingValue\" content=\"4.5\"><\/div>\n<p><strong>\u00c1ltal\u00e1nos pontsz\u00e1m: 4.5\/5<\/strong><br \/>\n<strong>Fel\u00fclvizsg\u00e1lat d\u00e1tuma:<\/strong> <span itemprop=\"datePublished\" content=\"2016-02-01\">01\/02\/2017<\/span>\n<\/div>\n<p>Tov\u00e1bbi inform\u00e1ci\u00f3 <a href=\"https:\/\/moverdb.com\/hu\/koltozteto-cegek\/\">nemzetk\u00f6zi k\u00f6lt\u00f6ztet\u0151k<\/a> \u00e9s a mi <a href=\"https:\/\/moverdb.com\/hu\/ertekelesek\/\">fel\u00fclvizsg\u00e1lati folyamat<\/a>.<\/p>\n<p><strong>Weboldal:<\/strong> <a href=\"https:\/\/www.sirva.com\/\" target=\"_blank\" rel=\"noopener\">https:\/\/www.sirva.com\/<\/a> <\/p>","protected":false},"excerpt":{"rendered":"<p>SIRVA is a global relocation company with its head office in Illinois. It offers its corporate and individual clients a variety of moving services. These are listed below together with a company profile and reviews. International Moving Worldwide network of moving resources Track your shipment 24\/7 House survey to ascertain packing requirements etc Insurance arranged [&hellip;]<\/p>\n","protected":false},"author":1,"featured_media":0,"parent":0,"menu_order":0,"comment_status":"closed","ping_status":"closed","template":"","meta":{"_genesis_hide_title":false,"_genesis_hide_breadcrumbs":false,"_genesis_hide_singular_image":false,"_genesis_hide_footer_widgets":false,"_genesis_custom_body_class":"","_genesis_custom_post_class":"","_genesis_layout":"","footnotes":""},"class_list":{"0":"post-1548","1":"page","2":"type-page","3":"status-publish","5":"entry"},"_links":{"self":[{"href":"https:\/\/moverdb.com\/hu\/wp-json\/wp\/v2\/pages\/1548","targetHints":{"allow":["GET"]}}],"collection":[{"href":"https:\/\/moverdb.com\/hu\/wp-json\/wp\/v2\/pages"}],"about":[{"href":"https:\/\/moverdb.com\/hu\/wp-json\/wp\/v2\/types\/page"}],"author":[{"embeddable":true,"href":"https:\/\/moverdb.com\/hu\/wp-json\/wp\/v2\/users\/1"}],"replies":[{"embeddable":true,"href":"https:\/\/moverdb.com\/hu\/wp-json\/wp\/v2\/comments?post=1548"}],"version-history":[{"count":5,"href":"https:\/\/moverdb.com\/hu\/wp-json\/wp\/v2\/pages\/1548\/revisions"}],"predecessor-version":[{"id":6239,"href":"https:\/\/moverdb.com\/hu\/wp-json\/wp\/v2\/pages\/1548\/revisions\/6239"}],"wp:attachment":[{"href":"https:\/\/moverdb.com\/hu\/wp-json\/wp\/v2\/media?parent=1548"}],"curies":[{"name":"wp","href":"https:\/\/api.w.org\/{rel}","templated":true}]}}