{"id":1542,"date":"2017-02-01T16:45:14","date_gmt":"2017-02-01T16:45:14","guid":{"rendered":"http:\/\/moverdb.com\/?page_id=1542"},"modified":"2026-01-08T15:30:38","modified_gmt":"2026-01-08T15:30:38","slug":"vip-transport","status":"publish","type":"page","link":"https:\/\/moverdb.com\/hu\/vip-transport\/","title":{"rendered":"VIP Transport - Nemzetk\u00f6zi k\u00f6lt\u00f6ztet\u00e9s V\u00e9lem\u00e9nyek"},"content":{"rendered":"<p>A VIP Transport sz\u00e9khelye Corona, CA. A v\u00e1llalat sz\u00e1mos k\u00f6lt\u00f6ztet\u00e9si szolg\u00e1ltat\u00e1st k\u00edn\u00e1l \u00fcgyfeleinek, amelyeket az al\u00e1bbiakban felsorolunk, a v\u00e1llalati profillal \u00e9s az \u00e9rt\u00e9kel\u00e9sekkel egy\u00fctt.<\/p>\n<p><strong>Nemzetk\u00f6zi k\u00f6lt\u00f6z\u00e9sek<\/strong><\/p>\n<p>Kik\u00fcldet\u00e9s el\u0151tti szolg\u00e1ltat\u00e1sok<\/p>\n<ul>\n<li>V\u00edzum- \u00e9s bev\u00e1ndorl\u00e1si szolg\u00e1ltat\u00e1sok<\/li>\n<li>El\u0151zetes utaz\u00e1s \u00e9s t\u00e1j\u00e9koz\u00f3d\u00e1s a ter\u00fcleten<\/li>\n<li>Orsz\u00e1g \u00e9s kult\u00fara inform\u00e1ci\u00f3k<\/li>\n<\/ul>\n<p>K\u00f6lt\u00f6ztet\u0151 szolg\u00e1ltat\u00e1sok<\/p>\n<ul>\n<li>K\u00f6lt\u00f6z\u00e9s el\u0151tti tervez\u00e9s<\/li>\n<li>Ing\u00f3s\u00e1gok sz\u00e1ll\u00edt\u00e1sa<\/li>\n<li>A k\u00f6lt\u00f6z\u00e9s ir\u00e1ny\u00edt\u00e1sa<\/li>\n<li>Sz\u00e1ll\u00edt\u00e1s nyomon k\u00f6vet\u00e9se<\/li>\n<\/ul>\n<p>Nemzetk\u00f6zi c\u00e9l\u00e1llom\u00e1s szolg\u00e1ltat\u00e1sok<\/p>\n<ul>\n<li>Kultur\u00e1lis \u00e9s nyelvi k\u00e9pz\u00e9s<\/li>\n<li>Iskolai seg\u00edts\u00e9gny\u00fajt\u00e1s<\/li>\n<li>Partner\/h\u00e1zast\u00e1rs t\u00e1mogat\u00e1sa<\/li>\n<li>Beilleszked\u00e9s a szolg\u00e1latba<\/li>\n<li>Indul\u00e1si seg\u00edts\u00e9gny\u00fajt\u00e1s<\/li>\n<\/ul>\n<p>V\u00e9delmi szolg\u00e1ltat\u00e1sok<\/p>\n<ul>\n<li>S\u00faly szorz\u00f3<\/li>\n<li>Nagy \u00e9rt\u00e9k\u0171 k\u00e9szlet<\/li>\n<li>T\u00e9teles \u00e9rt\u00e9kelt lelt\u00e1r<\/li>\n<\/ul>\n<p>Lakhat\u00e1si t\u00e1mogat\u00e1s<\/p>\n<ul>\n<li>Otthonkeres\u0151 szolg\u00e1ltat\u00e1sok<\/li>\n<li>Ideiglenes sz\u00e1ll\u00e1s<\/li>\n<li>Ingatlan- \u00e9s b\u00e9rlem\u00e9nykezel\u00e9s<\/li>\n<\/ul>\n<p><strong>Otthoni k\u00f6lt\u00f6z\u00e9sek<\/strong><\/p>\n<ul>\n<li>Helyi, t\u00e1vols\u00e1gi \u00e9s nemzetk\u00f6zi k\u00f6lt\u00f6ztet\u00e9s<\/li>\n<li>T\u00e1rol\u00e1s \u00e9s klimatiz\u00e1lt t\u00e1rol\u00e1s<\/li>\n<li>Egyedi csomagol\u00e1s<\/li>\n<li>Csomagol\u00e1si \u00e9s kicsomagol\u00e1si szolg\u00e1ltat\u00e1sok<\/li>\n<li>Aut\u00f3sz\u00e1ll\u00edt\u00e1s<\/li>\n<li>H\u00e1l\u00f3zat, PC \u00e9s sz\u00ednh\u00e1z bek\u00f6t\u00e9se<\/li>\n<li>Ingatlanszolg\u00e1ltat\u00e1sok<\/li>\n<li>Feh\u00e9r keszty\u0171s szolg\u00e1ltat\u00e1sok<\/li>\n<\/ul>\n<p><strong>V\u00e1llalati \u00e1thelyez\u00e9s<\/strong><\/p>\n<ul>\n<li>Szem\u00e9lyi koordin\u00e1tor<\/li>\n<li>Ajt\u00f3t\u00f3l ajt\u00f3ig<\/li>\n<li>Teljes k\u00f6r\u0171 csomagol\u00e1s \u00e9s kicsomagol\u00e1s<\/li>\n<li>Hossz\u00fa \u00e9s r\u00f6vid t\u00e1v\u00fa t\u00e1rol\u00e1s<\/li>\n<li>\u00c1tfog\u00f3 jelent\u00e9s \u00e9s k\u00f6lts\u00e9gk\u00f6vet\u00e9s<\/li>\n<li>T\u00f6bbszint\u0171 szolg\u00e1ltat\u00e1si aj\u00e1nlatok<\/li>\n<li>Rugalmas szolg\u00e1ltat\u00e1sok a juttat\u00e1salap\u00fa kiad\u00e1sokhoz<\/li>\n<li>Egyedi \u00fcdv\u00f6zl\u0151 sz\u00f3r\u00f3lapok<\/li>\n<li>Online nyomon k\u00f6vet\u00e9s<\/li>\n<li>Dedik\u00e1lt sz\u00e1mlavezet\u0151 kiz\u00e1r\u00f3lag a munkav\u00e1llal\u00f3k sz\u00e1m\u00e1ra<\/li>\n<li>Ideiglenes lakhat\u00e1s<\/li>\n<\/ul>\n<p><strong>Speci\u00e1lis szolg\u00e1ltat\u00e1sok<\/strong><\/p>\n<ul>\n<li>Bor k\u00f6lt\u00f6ztet\u00e9si \u00e9s sz\u00e1ll\u00edt\u00e1si szolg\u00e1ltat\u00e1sok<\/li>\n<li>Egyedi csomagol\u00e1s<\/li>\n<li>Feh\u00e9r keszty\u0171s szolg\u00e1ltat\u00e1s<\/li>\n<li>Nagy \u00e9rt\u00e9k\u0171 gy\u0171jtem\u00e9nyek<\/li>\n<li>Orvostechnikai eszk\u00f6z\u00f6k sz\u00e1ll\u00edt\u00e1sa<\/li>\n<li>Elektronika \u00e9s robotika<\/li>\n<li>Vend\u00e9gl\u00e1t\u00e1s \u00e9s eg\u00e9szs\u00e9g\u00fcgy<\/li>\n<li>Zenei \u00e9s sz\u00f3rakoztat\u00f3 m\u0171sorok<\/li>\n<li>\u0170rhaj\u00f3z\u00e1si logisztika<\/li>\n<li>Sportol\u00f3k \u00e9s sportcsapatok \u00e1thelyez\u00e9se<\/li>\n<li>Szolg\u00e1ltat\u00e1s a Hawaii-szigetekre<\/li>\n<li>Laborat\u00f3rium mozgat\u00e1sa<\/li>\n<li>K\u00e9pz\u0151m\u0171v\u00e9szet \u00e9s r\u00e9gis\u00e9gek<\/li>\n<li>Katonai \u00e9s GSA<\/li>\n<li>Egyetemi \u00e9s akad\u00e9miai \u00e1thelyez\u00e9sek<\/li>\n<\/ul>\n<p><strong>Logisztika<\/strong><\/p>\n<ul>\n<li>Logisztika\/ LTL\/ Teheraut\u00f3 rakom\u00e1ny<\/li>\n<li>Rakt\u00e1roz\u00e1s \u00e9s eloszt\u00e1s<\/li>\n<li>Flotta k\u00e9pess\u00e9gek<\/li>\n<li>Kereskedelmi ki\u00e1ll\u00edt\u00e1si szolg\u00e1ltat\u00e1sok<\/li>\n<li>Kereskedelmi \u00e1thelyez\u00e9s<\/li>\n<li>S\u00edk\u00e1gyazott szolg\u00e1ltat\u00e1sok<\/li>\n<li>Felszerel\u00e9si szolg\u00e1ltat\u00e1sok<\/li>\n<li><a href=\"https:\/\/moverdb.com\/hu\/container-shipping\/\" data-internallinksmanager029f6b8e52c=\"3\" title=\"Nemzetk\u00f6zi kont\u00e9nersz\u00e1ll\u00edt\u00e1si d\u00edjt\u00e1bl\u00e1zat: \u00e1prilis 2026\">Nemzetk\u00f6zi sz\u00e1ll\u00edt\u00e1s<\/a><\/li>\n<\/ul>\n<p><strong>T\u00e1rol\u00e1s<\/strong><\/p>\n<ul>\n<li>Hossz\u00fa \u00e9s r\u00f6vid t\u00e1v\u00fa<\/li>\n<li>Kl\u00edmavez\u00e9relt, minim\u00e1lis UV megvil\u00e1g\u00edt\u00e1ssal<\/li>\n<li>Priv\u00e1t bort\u00e1rol\u00f3<\/li>\n<li>24 \u00f3r\u00e1s biztons\u00e1g<\/li>\n<li>Szigor\u00fa t\u0171z-, riaszt\u00f3- \u00e9s biztons\u00e1gi vizsg\u00e1latok<\/li>\n<li>Priv\u00e1t, klimatiz\u00e1lt szob\u00e1k \u00e1llnak rendelkez\u00e9sre, biztons\u00e1gos k\u00f3dos bel\u00e9ptet\u0151 rendszerrel.<\/li>\n<\/ul>\n<h2>VIP Transport C\u00e9gprofil<\/h2>\n<p>A VIP Transport az UniGroup r\u00e9sze, amely a k\u00f6vetkez\u0151 anyav\u00e1llalatok anyav\u00e1llalata <a href=\"https:\/\/moverdb.com\/hu\/mayflower-transit\/\">Mayflower Transit<\/a> \u00e9s <a href=\"https:\/\/moverdb.com\/hu\/united-van-lines\/\">United Van Lines<\/a>. Az 1982-ben indult v\u00e1llalat vil\u00e1gszerte sz\u00e1ll\u00edt szem\u00e9lyeket \u00e9s \u00e1rukat, az UniGroup \u00fcgyn\u00f6ks\u00e9gi h\u00e1l\u00f3zat\u00e1ra t\u00e1maszkodva. <\/p>\n<p>A <a href=\"https:\/\/moverdb.com\/hu\/moving-to-the-united-states\/\" data-internallinksmanager029f6b8e52c=\"94\" title=\"Az Egyes\u00fclt \u00c1llamokba k\u00f6lt\u00f6zik? 2022 Meg\u00e9lhet\u00e9si k\u00f6lts\u00e9gek \u00e9s k\u00f6lt\u00f6z\u00e9si tippek\">Egyes\u00fclt \u00c1llamok<\/a> csak itthon 1100 \u00fcgyn\u00f6k \u00e1ll rendelkez\u00e9sre, nemzetk\u00f6zileg pedig t\u00f6bb mint 1350 \u00fcgyn\u00f6k van. A VIP Transport emellett 46 milli\u00f3 n\u00e9gyzetm\u00e9ternyi rakt\u00e1rter\u00fclethez is hozz\u00e1f\u00e9rhet, amelyb\u0151l 7 milli\u00f3 n\u00e9gyzetm\u00e9ter klimatiz\u00e1lt.<\/p>\n<p>A VIP Transport speci\u00e1lis j\u00e1rm\u0171parkkal rendelkezik, amelybe klimatiz\u00e1lt p\u00f3tkocsik, gener\u00e1torral m\u0171k\u00f6d\u0151 laborat\u00f3riumi kisteheraut\u00f3k \u00e9s speci\u00e1lis rakod\u00e1si k\u00e9pess\u00e9gekkel rendelkez\u0151 lapos \u00e1gyak tartoznak. A v\u00e1llalat szigor\u00fa z\u00f6ld programot k\u00f6vet a sz\u00e9nl\u00e1bnyom minimaliz\u00e1l\u00e1sa \u00e9rdek\u00e9ben.<br \/>\nA VIP Transport a k\u00f6vetkez\u0151 akkredit\u00e1ci\u00f3kkal \u00e9s csatlakoz\u00e1sokkal rendelkezik:<\/p>\n<ul>\n<li> <a href=\"https:\/\/moverdb.com\/hu\/amsa\/\">Amerikai K\u00f6lt\u00f6ztet\u0151 \u00e9s Rakt\u00e1roz\u00e1si Sz\u00f6vets\u00e9g<\/a> (<a href=\"https:\/\/moverdb.com\/hu\/amsa\/\" data-internallinksmanager029f6b8e52c=\"5\" title=\"Az Amerikai K\u00f6lt\u00f6ztet\u0151 \u00e9s T\u00e1rol\u00f3 Sz\u00f6vets\u00e9g (AMSA) magyar\u00e1zata\">AMSA<\/a>)<\/li>\n<li> <a href=\"https:\/\/moverdb.com\/hu\/felni-elorejelzo\/\">ProMover<\/a><\/li>\n<li> Better Business Bureau (BBB) A+<\/li>\n<li> WBENC tan\u00fas\u00edtv\u00e1nnyal<\/li>\n<li> ISO 9001<\/li>\n<\/ul>\n<h2>VIP Transport V\u00e9lem\u00e9nyek<\/h2>\n<p><strong>Pozit\u00edv:<\/strong><\/p>\n<ul>\n<li> <em>\"A <a href=\"https:\/\/moverdb.com\/hu\/moving-to-los-angeles\/\">Los Angeles<\/a> A Clippers \u00e9s a VIP Transport csod\u00e1latos kapcsolatot \u00e1polt az \u00e9vek sor\u00e1n. Mindig k\u00e9szen \u00e1lltak arra, hogy seg\u00edtsenek nek\u00fcnk t\u00f6bb kulcsj\u00e1t\u00e9kosunk k\u00f6lt\u00f6ztet\u00e9s\u00e9ben, \u00e9s mindezt \u00fagy tett\u00e9k, hogy egyik j\u00e1t\u00e9kos sem panaszkodott.\"<\/em> - a <a href=\"http:\/\/www.viptransport.com\/testimonials\/\" target=\"_blank\" rel=\"noopener\">c\u00e9ges aj\u00e1nl\u00f3lev\u00e9l<\/a> oldal.<\/li>\n<li> <em>\"Ezek a sr\u00e1cok 10-b\u0151l 10 pontot kapnak.  Az els\u0151 kapcsolatfelv\u00e9telt\u0151l kezdve a munka befejez\u00e9s\u00e9ig \"A-1 szolg\u00e1ltat\u00e1st\" kaptunk.  \"<\/em> - Robert via <a href=\"https:\/\/www.yelp.com\/biz\/vip-transport-corona-6?hrid=nuC3r_2wy6HRLOm4owqitg&#038;utm_campaign=www_review_share_popup&#038;utm_medium=copy_link&#038;utm_source=(direct)\" target=\"_blank\" rel=\"noopener\">Yelp<\/a><\/li>\n<li> <em>\"Nagyszer\u0171 \u00e9lm\u00e9nyt szereztem a VIP-vel!\"<\/em> - Michelle via <a href=\"https:\/\/www.mymovingreviews.com\/movers\/vip-transport-781#53376\" target=\"_blank\" rel=\"noopener\">MyMovingReviews<\/a><\/li>\n<\/ul>\n<p><strong>Negat\u00edv:<\/strong><\/p>\n<ul>\n<li><em>\"B\u00e1rcsak nulla csillagot adhatn\u00e9k nekik.\"<\/em> - Nancy T kereszt\u00fcl <a href=\"https:\/\/www.yelp.com\/biz\/vip-transport-corona-6?hrid=DvJSu2LKWnFvj2WuqZXtoQ&#038;utm_campaign=www_review_share_popup&#038;utm_medium=copy_link&#038;utm_source=(direct)\" target=\"_blank\" rel=\"noopener\">Yelp<\/a><\/li>\n<li> <em>\"A Mayflower\/VIP Transportot a k\u00e9pvisel\u0151 miatt v\u00e1lasztottam, aki elj\u00f6tt, hogy helysz\u00edni becsl\u00e9st k\u00e9sz\u00edtsen. Az \u0151 magyar\u00e1zatai voltak sz\u00e1momra a leg\u00e9rtelmesebbek m\u00e1s becsl\u00e9sek k\u00f6z\u00fcl. Azonban, mint kider\u00fclt, a s\u00falybecsl\u00e9se 6000 kil\u00f3val t\u00f6bb volt, mint amennyinek a t\u00e9nyleges s\u00falyom bizonyult.\"<\/em> - Ruthie via <a href=\"https:\/\/www.mymovingreviews.com\/movers\/vip-transport-781#50382\" target=\"_blank\" rel=\"noopener\">MyMovingReviews<\/a><\/li>\n<\/ul>\n<div itemprop=\"review\" itemscope itemtype=\"http:\/\/schema.org\/Review\">\n<span itemprop=\"author\" itemscope=\"\" itemtype=\"http:\/\/schema.org\/Organization\"><span itemprop=\"name\">MoverDB.com<\/span><\/span> Online weboldal-fel\u00fclvizsg\u00e1lat a <span itemprop=\"itemreviewed\" itemscope=\"\" itemtype=\"http:\/\/schema.org\/Brand\"><span itemprop=\"name\">VIP sz\u00e1ll\u00edt\u00e1s<\/span><\/span>:<\/p>\n<ol>\n<li> Egy\u00e9rtelm\u0171 el\u00e9rhet\u0151s\u00e9gek a weboldalon (bele\u00e9rtve a telefonsz\u00e1mot is): <strong>Igen<\/strong><\/li>\n<li> K\u00f6nnyen beszerezhet\u0151 <a href=\"https:\/\/moverdb.com\/hu\/idezi\/\">nemzetk\u00f6zi mozg\u00f3 \u00e1raj\u00e1nlatok<\/a>? (Online \u00e1raj\u00e1nlatk\u00e9r\u0151 \u0171rlap): <strong>Igen<\/strong><\/li>\n<li> Egy\u00e9rtelm\u0171 inform\u00e1ci\u00f3k a honlapon: <strong>Igen,<\/strong> a weboldal sok r\u00e9szletes inform\u00e1ci\u00f3t tartalmaz a k\u00f6lt\u00f6z\u00e9ssel kapcsolatban.<\/li>\n<li> Tags\u00e1g nemzetk\u00f6zi elismert mozgat\u00f3 szervezetekben: <strong>Igen<\/strong>, (l\u00e1sd fent)<\/li>\n<li> \u00dcgyfelek list\u00e1ja \u00e9s\/vagy kor\u00e1bbi v\u00e1s\u00e1rl\u00f3i aj\u00e1nl\u00e1sok. <strong>Igen,<\/strong> sz\u00e1mos pozit\u00edv \u00fcgyf\u00e9lv\u00e9lem\u00e9ny tal\u00e1lhat\u00f3 a weboldalukon, \u00e9s t\u00f6bbnyire pozit\u00edv v\u00e9lem\u00e9nyekkel rendelkeznek m\u00e1shol is a vil\u00e1gh\u00e1l\u00f3n.<\/li>\n<\/ol>\n<div itemprop=\"reviewRating\" itemscope itemtype=\"http:\/\/schema.org\/Rating\"><meta itemprop=\"worstRating\" content = \"0\" \/><meta itemprop=\"bestRating\" content=\"5\" \/><meta itemprop=\"ratingValue\" content=\"5\"><\/div>\n<p><strong>\u00c1ltal\u00e1nos pontsz\u00e1m: 5\/5<\/strong><br \/>\n<strong>Fel\u00fclvizsg\u00e1lat d\u00e1tuma:<\/strong> <span itemprop=\"datePublished\" content=\"2017-02-01\">01\/02\/2017<\/span>\n<\/div>\n<p>Tov\u00e1bbi inform\u00e1ci\u00f3 <a href=\"https:\/\/moverdb.com\/hu\/koltozteto-cegek\/\">nemzetk\u00f6zi k\u00f6lt\u00f6ztet\u0151 c\u00e9gek<\/a> \u00e9s a mi <a href=\"https:\/\/moverdb.com\/hu\/ertekelesek\/\">fel\u00fclvizsg\u00e1lati folyamat<\/a>.<\/p>\n<p><strong>Weboldalak:<\/strong> <a href=\"http:\/\/www.viptransport.com\/\" target=\"_blank\" rel=\"noopener\">http:\/\/www.viptransport.com\/<\/a><\/p>","protected":false},"excerpt":{"rendered":"<p>VIP Transport&#8217;s head office is in Corona, CA. The company offers its clients a variety of moving services which are listed below, together with a company profile and reviews. International Moves Pre-assignment Services Visa and immigration services Preview trip and area orientation Country and culture information Moving Services Pre-move planning Transportation of belongings Managing the [&hellip;]<\/p>\n","protected":false},"author":1,"featured_media":0,"parent":0,"menu_order":0,"comment_status":"closed","ping_status":"closed","template":"","meta":{"_genesis_hide_title":false,"_genesis_hide_breadcrumbs":false,"_genesis_hide_singular_image":false,"_genesis_hide_footer_widgets":false,"_genesis_custom_body_class":"","_genesis_custom_post_class":"","_genesis_layout":"","footnotes":""},"class_list":{"0":"post-1542","1":"page","2":"type-page","3":"status-publish","5":"entry"},"_links":{"self":[{"href":"https:\/\/moverdb.com\/hu\/wp-json\/wp\/v2\/pages\/1542","targetHints":{"allow":["GET"]}}],"collection":[{"href":"https:\/\/moverdb.com\/hu\/wp-json\/wp\/v2\/pages"}],"about":[{"href":"https:\/\/moverdb.com\/hu\/wp-json\/wp\/v2\/types\/page"}],"author":[{"embeddable":true,"href":"https:\/\/moverdb.com\/hu\/wp-json\/wp\/v2\/users\/1"}],"replies":[{"embeddable":true,"href":"https:\/\/moverdb.com\/hu\/wp-json\/wp\/v2\/comments?post=1542"}],"version-history":[{"count":5,"href":"https:\/\/moverdb.com\/hu\/wp-json\/wp\/v2\/pages\/1542\/revisions"}],"predecessor-version":[{"id":6250,"href":"https:\/\/moverdb.com\/hu\/wp-json\/wp\/v2\/pages\/1542\/revisions\/6250"}],"wp:attachment":[{"href":"https:\/\/moverdb.com\/hu\/wp-json\/wp\/v2\/media?parent=1542"}],"curies":[{"name":"wp","href":"https:\/\/api.w.org\/{rel}","templated":true}]}}