{"id":1538,"date":"2017-02-23T08:47:51","date_gmt":"2017-02-23T08:47:51","guid":{"rendered":"http:\/\/moverdb.com\/?page_id=1538"},"modified":"2026-01-08T15:20:39","modified_gmt":"2026-01-08T15:20:39","slug":"settelen","status":"publish","type":"page","link":"https:\/\/moverdb.com\/hu\/settelen\/","title":{"rendered":"Settelen - Nemzetk\u00f6zi k\u00f6lt\u00f6ztet\u00e9s \u00e9s k\u00f6lt\u00f6ztet\u00e9s V\u00e9lem\u00e9nyek"},"content":{"rendered":"<p>A Settelen sv\u00e1jci sz\u00e9khely\u0171 v\u00e1llalat <a href=\"https:\/\/moverdb.com\/hu\/moving-to-basel\/\" data-internallinksmanager029f6b8e52c=\"263\" title=\"B\u00e1zelbe k\u00f6lt\u00f6zik? 2023 Lakhat\u00e1si k\u00f6lts\u00e9gek \u00e9s k\u00f6lt\u00f6z\u00e9si tippek\">B\u00e1zel<\/a>. \u00dcgyfeleinek sz\u00e1mos k\u00f6lt\u00f6ztet\u00e9si szolg\u00e1ltat\u00e1st k\u00edn\u00e1l, amelyek az al\u00e1bbiakban vannak felsorolva, a c\u00e9g profilj\u00e1val \u00e9s \u00e9rt\u00e9kel\u00e9ssel egy\u00fctt.<\/p>\n<p><strong>Nemzetk\u00f6zi k\u00f6lt\u00f6ztet\u00e9s \u00e9s k\u00f6lt\u00f6ztet\u00e9s<\/strong><\/p>\n<ul>\n<li> Dedik\u00e1lt k\u00f6lt\u00f6z\u00e9si koordin\u00e1tor<\/li>\n<li> Ajt\u00f3t\u00f3l ajt\u00f3ig<\/li>\n<li> Teljes k\u00f6r\u0171 csomagol\u00e1si szolg\u00e1ltat\u00e1s, csak t\u00f6r\u00e9keny t\u00e1rgyak vagy bark\u00e1cscsomagol\u00e1s<\/li>\n<li> B\u00fatorok sz\u00e9tszerel\u00e9se \u00e9s \u00f6sszeszerel\u00e9se stb.<\/li>\n<li> Szem\u00e9lyre szabott l\u00e1d\u00e1k<\/li>\n<li> K\u00f6lt\u00f6ztet\u0151 bolt a csomagol\u00e1si sz\u00fcks\u00e9gletekhez<\/li>\n<li> Teljes k\u00f6r\u0171 kicsomagol\u00e1si szolg\u00e1ltat\u00e1s<\/li>\n<li> Seg\u00edts\u00e9gny\u00fajt\u00e1s a v\u00e1mokkal \u00e9s a dokument\u00e1ci\u00f3val kapcsolatban<\/li>\n<li> Megszervezett biztos\u00edt\u00e1s<\/li>\n<li> R\u00f6vid \u00e9s hossz\u00fa t\u00e1v\u00fa t\u00e1rol\u00e1s<\/li>\n<\/ul>\n<p><strong>Helyi \u00e9s t\u00e1vols\u00e1gi k\u00f6lt\u00f6ztet\u00e9s<\/strong><\/p>\n<ul>\n<li> Dedik\u00e1lt k\u00f6lt\u00f6z\u00e9si koordin\u00e1tor<\/li>\n<li> Ajt\u00f3t\u00f3l ajt\u00f3ig<\/li>\n<li> Teljes k\u00f6r\u0171 csomagol\u00e1si szolg\u00e1ltat\u00e1s \u00e1ll rendelkez\u00e9sre, ha sz\u00fcks\u00e9ges<\/li>\n<li> B\u00fatorok sz\u00e9tszerel\u00e9se \u00e9s \u00f6sszeszerel\u00e9se stb.<\/li>\n<li> Sz\u00fcks\u00e9g eset\u00e9n teljes kicsomagol\u00e1si szolg\u00e1ltat\u00e1s<\/li>\n<li> Megszervezett biztos\u00edt\u00e1s<\/li>\n<li> R\u00f6vid \u00e9s hossz\u00fa t\u00e1v\u00fa t\u00e1rol\u00e1s el\u00e9rhet\u0151<\/li>\n<li> Teljesen felszerelt k\u00f6lt\u00f6ztet\u0151 bolt minden csomagol\u00e1si cikkhez<\/li>\n<\/ul>\n<p><strong>\u00dczleti k\u00f6lt\u00f6ztet\u00e9s<\/strong><\/p>\n<ul>\n<li> Elk\u00f6telezett k\u00f6lt\u00f6z\u00e9si csapat<\/li>\n<li> Ajt\u00f3t\u00f3l ajt\u00f3ig<\/li>\n<li> A munkaid\u0151n k\u00edv\u00fcli mozg\u00e1s az \u00fczleti zavarok elker\u00fcl\u00e9se \u00e9rdek\u00e9ben<\/li>\n<li> B\u00fatorok sz\u00e9t- \u00e9s \u00f6sszeszerel\u00e9se<\/li>\n<li> IT elt\u00e1vol\u00edt\u00e1s \u00e9s \u00fajratelep\u00edt\u00e9s<\/li>\n<li> Teljes csomagol\u00e1si szolg\u00e1ltat\u00e1s vagy r\u00e9szleges csomagol\u00e1si szolg\u00e1ltat\u00e1s<\/li>\n<li> Megszervezett biztos\u00edt\u00e1s<\/li>\n<li> R\u00f6vid \u00e9s hossz\u00fa t\u00e1v\u00fa t\u00e1rol\u00e1s el\u00e9rhet\u0151<\/li>\n<li> Speci\u00e1lis csomagol\u00e1s<\/li>\n<li> Neh\u00e9zg\u00e9pek k\u00f6lt\u00f6ztet\u00e9se<\/li>\n<li> K\u00fcls\u0151 felvon\u00f3<\/li>\n<\/ul>\n<p><strong>K\u00fcl\u00f6nleges k\u00f6lt\u00f6ztet\u00e9sek<\/strong><\/p>\n<ul>\n<li> V\u00e1s\u00e1rok \u00e9s ki\u00e1ll\u00edt\u00e1sok<\/li>\n<li> M\u0171v\u00e9szet \u00e9s r\u00e9gis\u00e9gek<\/li>\n<li> Neh\u00e9zg\u00e9pek<\/li>\n<li> T\u00f6r\u00e9keny \u00e1ruk<\/li>\n<li> Zongora \u00e9s egy\u00e9b hangszerek<\/li>\n<li> Export\u00e1ruk<\/li>\n<\/ul>\n<p><strong>K\u00fcl\u00f6nleges sz\u00e1ll\u00edt\u00e1s<\/strong><\/p>\n<ul>\n<li> Neh\u00e9z, szokatlan t\u00e1rgyakhoz \u00e9s helyekre<\/li>\n<li> Logisztika \u00e9s szervez\u00e9s<\/li>\n<li> A j\u00e1rm\u0171 kiv\u00e1laszt\u00e1sa<\/li>\n<li> \u00datvonal felt\u00e9rk\u00e9pez\u00e9se<\/li>\n<li> A sz\u00fcks\u00e9ges enged\u00e9lyek beszerz\u00e9se<\/li>\n<\/ul>\n<p><strong>T\u00e1rol\u00e1s<\/strong><\/p>\n<ul>\n<li> F\u00e1b\u00f3l k\u00e9sz\u00fclt kont\u00e9nerek<\/li>\n<li> 24\/7 biztons\u00e1g<\/li>\n<li> A tart\u00e1lyok rendszeres ellen\u0151rz\u00e9se<\/li>\n<li> Speci\u00e1lis csomagol\u00e1s \u00e9s csomagol\u00e1s el\u00e9rhet\u0151<\/li>\n<\/ul>\n<p><strong>Settelen Aut\u00f3k\u00f6lcs\u00f6nz\u00e9s<\/strong><\/p>\n<ul>\n<li> Szem\u00e9lyg\u00e9pkocsik<\/li>\n<li> Kisteheraut\u00f3k \u00e9s kisteheraut\u00f3k<\/li>\n<li> Minibuszok<\/li>\n<li> Speci\u00e1lis c\u00e9l\u00fa j\u00e1rm\u0171vek<\/li>\n<\/ul>\n<h2>Settelen c\u00e9gprofil<\/h2>\n<p>A Settelen AG sz\u00e9khelye B\u00e1zelben tal\u00e1lhat\u00f3, <a href=\"https:\/\/moverdb.com\/hu\/moving-to-switzerland\/\" data-internallinksmanager029f6b8e52c=\"327\" title=\"Sv\u00e1jcba k\u00f6lt\u00f6zik? 2023 Meg\u00e9lhet\u00e9si k\u00f6lts\u00e9gek \u00e9s k\u00f6lt\u00f6z\u00e9si tippek\">Sv\u00e1jc<\/a>. Ezt a mag\u00e1ntulajdonban l\u00e9v\u0151 v\u00e1llalatot 1883-ban alap\u00edtott\u00e1k. F\u0151 tev\u00e9kenys\u00e9ge a sz\u00e1ll\u00edt\u00e1s \u00e9s a logisztika, le\u00e1nyv\u00e1llalata pedig a j\u00e1rm\u0171k\u00f6lcs\u00f6nz\u00e9s, az aut\u00f3buszos utaz\u00e1s, valamint a g\u00e9pj\u00e1rm\u0171vek karbantart\u00e1sa \u00e9s jav\u00edt\u00e1sa.<\/p>\n<p>A Settelen nemzetk\u00f6zi, t\u00e1vols\u00e1gi \u00e9s helyi k\u00f6lt\u00f6ztet\u00e9seket szervez mag\u00e1nszem\u00e9lyek \u00e9s v\u00e1llalatok sz\u00e1m\u00e1ra.<\/p>\n<p>Settelen a k\u00f6vetkez\u0151 akkredit\u00e1ci\u00f3kkal \u00e9s kapcsolatokkal rendelkezik:<\/p>\n<ul>\n<li> <a href=\"https:\/\/moverdb.com\/hu\/fidi-faim\/\">Nemzetk\u00f6zi K\u00f6lt\u00f6ztet\u0151 c\u00e9gek Sz\u00f6vets\u00e9ge<\/a> (<a href=\"https:\/\/moverdb.com\/hu\/fidi-faim\/\" data-internallinksmanager029f6b8e52c=\"16\" title=\"FIDI &amp; FAIM (FIDI akkredit\u00e1lt nemzetk\u00f6zi fuvaroz\u00f3) magyar\u00e1zata\">FIDI<\/a>)<\/li>\n<li> Sv\u00e1jci K\u00f6z\u00fati K\u00f6zleked\u00e9si Sz\u00f6vets\u00e9g (ASTAG)<\/li>\n<li> AGVS<\/li>\n<\/ul>\n<h2>Settelen Company V\u00e9lem\u00e9nyek<\/h2>\n<p>Jelenleg nincsenek angol nyelv\u0171 online \u00e9rt\u00e9kel\u00e9sek a Settelenr\u0151l, b\u00e1r a Google Reviews-on 4,1 csillagot kapott.<\/p>\n<div itemprop=\"review\" itemscope itemtype=\"http:\/\/schema.org\/Review\">\n<span itemprop=\"author\" itemscope=\"\" itemtype=\"http:\/\/schema.org\/Organization\"><span itemprop=\"name\">MoverDB.com<\/span><\/span> Online weboldal-fel\u00fclvizsg\u00e1lat a <span itemprop=\"itemreviewed\" itemscope=\"\" itemtype=\"http:\/\/schema.org\/Brand\"><span itemprop=\"name\">Settelen<\/span><\/span>:<\/p>\n<ol>\n<li> Egy\u00e9rtelm\u0171 el\u00e9rhet\u0151s\u00e9gek a weboldalon (bele\u00e9rtve a telefonsz\u00e1mot is): <strong>Igen<\/strong><\/li>\n<li> K\u00f6nnyen beszerezhet\u0151 <a href=\"https:\/\/moverdb.com\/hu\/idezi\/\">nemzetk\u00f6zi mozg\u00f3 \u00e1raj\u00e1nlatok<\/a>? (Online \u00e1raj\u00e1nlatk\u00e9r\u0151 \u0171rlap): <strong>Igen<\/strong><\/li>\n<li> Egy\u00e9rtelm\u0171 inform\u00e1ci\u00f3k a honlapon: <strong>Korl\u00e1tozott<\/strong> a weboldal felsorolja a szolg\u00e1ltat\u00e1sokat, de ezen t\u00falmen\u0151en nem k\u00edn\u00e1l sok r\u00e9szletet.<\/li>\n<li> Tags\u00e1g nemzetk\u00f6zi elismert mozgat\u00f3 szervezetekben: <strong>Igen<\/strong>, (l\u00e1sd fent)<\/li>\n<li> \u00dcgyfelek list\u00e1ja \u00e9s\/vagy kor\u00e1bbi v\u00e1s\u00e1rl\u00f3i aj\u00e1nl\u00e1sok: <strong>Nem,<\/strong> \u00e9s m\u00e1shol csak korl\u00e1tozott mennyis\u00e9g\u0171 inform\u00e1ci\u00f3 \u00e1ll rendelkez\u00e9sre r\u00f3luk.<\/li>\n<\/ol>\n<div itemprop=\"reviewRating\" itemscope itemtype=\"http:\/\/schema.org\/Rating\"><meta itemprop=\"worstRating\" content = \"0\" \/><meta itemprop=\"bestRating\" content=\"5\" \/><meta itemprop=\"ratingValue\" content=\"4\"><\/div>\n<p><strong>\u00c1ltal\u00e1nos pontsz\u00e1m: 4\/5<\/strong><br \/>\n<strong>Fel\u00fclvizsg\u00e1lat d\u00e1tuma:<\/strong> <span itemprop=\"datePublished\" content=\"2017-02-23\">23\/02\/2017<\/span>\n<\/div>\n<p>Tov\u00e1bbi inform\u00e1ci\u00f3 <a href=\"https:\/\/moverdb.com\/hu\/koltozteto-cegek\/\">nemzetk\u00f6zi k\u00f6lt\u00f6ztet\u0151 c\u00e9gek<\/a> \u00e9s a mi <a href=\"https:\/\/moverdb.com\/hu\/ertekelesek\/\">fel\u00fclvizsg\u00e1lati folyamat<\/a>.<\/p>\n<p><strong>Weboldalak:<\/strong> <a href=\"http:\/\/www.settelen.ch\/\" target=\"_blank\" rel=\"noopener\">http:\/\/www.settelen.ch\/<\/a><\/p>","protected":false},"excerpt":{"rendered":"<p>Settelen is Swiss company based in Basel. It offers its customers a range of moving services which are listed below, together with a company profile and reviews. International Moving &#038; Removals Dedicated move coordinator Door to door Full packing service, fragile items only or DIY packing Disassembly and reassembly of furniture etc Customised crates Removal [&hellip;]<\/p>\n","protected":false},"author":1,"featured_media":0,"parent":0,"menu_order":0,"comment_status":"closed","ping_status":"closed","template":"","meta":{"_genesis_hide_title":false,"_genesis_hide_breadcrumbs":false,"_genesis_hide_singular_image":false,"_genesis_hide_footer_widgets":false,"_genesis_custom_body_class":"","_genesis_custom_post_class":"","_genesis_layout":"","footnotes":""},"class_list":{"0":"post-1538","1":"page","2":"type-page","3":"status-publish","5":"entry"},"_links":{"self":[{"href":"https:\/\/moverdb.com\/hu\/wp-json\/wp\/v2\/pages\/1538","targetHints":{"allow":["GET"]}}],"collection":[{"href":"https:\/\/moverdb.com\/hu\/wp-json\/wp\/v2\/pages"}],"about":[{"href":"https:\/\/moverdb.com\/hu\/wp-json\/wp\/v2\/types\/page"}],"author":[{"embeddable":true,"href":"https:\/\/moverdb.com\/hu\/wp-json\/wp\/v2\/users\/1"}],"replies":[{"embeddable":true,"href":"https:\/\/moverdb.com\/hu\/wp-json\/wp\/v2\/comments?post=1538"}],"version-history":[{"count":3,"href":"https:\/\/moverdb.com\/hu\/wp-json\/wp\/v2\/pages\/1538\/revisions"}],"predecessor-version":[{"id":6236,"href":"https:\/\/moverdb.com\/hu\/wp-json\/wp\/v2\/pages\/1538\/revisions\/6236"}],"wp:attachment":[{"href":"https:\/\/moverdb.com\/hu\/wp-json\/wp\/v2\/media?parent=1538"}],"curies":[{"name":"wp","href":"https:\/\/api.w.org\/{rel}","templated":true}]}}