{"id":1528,"date":"2017-02-01T16:05:53","date_gmt":"2017-02-01T16:05:53","guid":{"rendered":"http:\/\/moverdb.com\/?page_id=1528"},"modified":"2026-01-08T15:20:40","modified_gmt":"2026-01-08T15:20:40","slug":"shipco-transport","status":"publish","type":"page","link":"https:\/\/moverdb.com\/hu\/shipco-transport\/","title":{"rendered":"Shipco Transport - Nemzetk\u00f6zi k\u00f6lt\u00f6ztet\u00e9s V\u00e9lem\u00e9nyek"},"content":{"rendered":"<p>A Shipco Transport tengeri \u00e9s l\u00e9gi \u00e1rusz\u00e1ll\u00edt\u00e1si szolg\u00e1ltat\u00e1sokat k\u00edn\u00e1l professzion\u00e1lis h\u00e1ztart\u00e1si \u00e1rusz\u00e1ll\u00edt\u00f3knak \u00e9s k\u00f6lt\u00f6ztet\u0151 c\u00e9geknek, nem pedig mag\u00e1nszem\u00e9lyeknek. Szolg\u00e1ltat\u00e1sai az al\u00e1bbiakban vannak felsorolva, a c\u00e9g profilj\u00e1val \u00e9s v\u00e9lem\u00e9ny\u00e9vel egy\u00fctt.<\/p>\n<p><strong>H\u00e1ztart\u00e1si cikkek nemzetk\u00f6zi mozg\u00e1sa<\/strong><\/p>\n<ul>\n<li> <a href=\"https:\/\/moverdb.com\/hu\/kontenerszallitas\/\">Nemzetk\u00f6zi kont\u00e9neres sz\u00e1ll\u00edt\u00e1s<\/a><\/li>\n<li>A professzion\u00e1lis h\u00e1ztart\u00e1si ing\u00f3s\u00e1gok k\u00f6lt\u00f6ztet\u0151i r\u00e9v\u00e9n<\/li>\n<li>Professzion\u00e1lis k\u00f6lt\u00f6ztet\u0151 c\u00e9geken kereszt\u00fcl<\/li>\n<li>LCL<\/li>\n<li>FCL<\/li>\n<li>L\u00e9gi tehersz\u00e1ll\u00edt\u00e1s<\/li>\n<li>A csomagol\u00f3 rakt\u00e1r\u00e1b\u00f3l t\u00f6rt\u00e9n\u0151 begy\u0171jt\u00e9s el\u00e9rhet\u0151<\/li>\n<\/ul>\n<p><strong>LCL tengeri sz\u00e1ll\u00edtm\u00e1nyoz\u00e1s<\/strong><\/p>\n<ul>\n<li>Garant\u00e1ltan semleges, k\u00f6zvetlen, \u00e9rintetlen konszolid\u00e1ci\u00f3k minim\u00e1lis rakom\u00e1nykezel\u00e9ssel<\/li>\n<li>Szem\u00e9lyre szabott megold\u00e1sokat ny\u00fajt\u00f3, elk\u00f6telezett \u00fcgyf\u00e9lszolg\u00e1lat<\/li>\n<li>Pr\u00e9mium fuvaroz\u00f3k \u00e9s versenyk\u00e9pes tarif\u00e1k val\u00f3s idej\u0171 glob\u00e1lis haj\u00f3z\u00e1si menetrendekhez kapcsol\u00f3d\u00f3an<\/li>\n<\/ul>\n<p><strong>\u00d3ce\u00e1ni \u00e1rusz\u00e1ll\u00edt\u00e1s FCL<\/strong><\/p>\n<ul>\n<li> T\u00f6bb mint 40 tengeri fuvaroz\u00f3i szolg\u00e1ltat\u00e1si szerz\u0151d\u00e9sen kereszt\u00fcl ny\u00fajtott sokr\u00e9t\u0171 szolg\u00e1ltat\u00e1sok.<\/li>\n<li> Teljes belf\u00f6ldi \u00e1rufuvaroz\u00e1si lefedetts\u00e9g a <a href=\"https:\/\/moverdb.com\/hu\/moving-to-the-united-states\/\" data-internallinksmanager029f6b8e52c=\"94\" title=\"Az Egyes\u00fclt \u00c1llamokba k\u00f6lt\u00f6zik? 2022 Meg\u00e9lhet\u00e9si k\u00f6lts\u00e9gek \u00e9s k\u00f6lt\u00f6z\u00e9si tippek\">US<\/a> 44,000+ ir\u00e1ny\u00edt\u00f3sz\u00e1mb\u00f3l<\/li>\n<li> Az ajt\u00f3, a r\u00e1mpa \u00e9s az ajt\u00f3k \u00e1rainak gyors \u00e1tfut\u00e1sa. <a href=\"https:\/\/moverdb.com\/hu\/top-49-container-ports\/\" data-internallinksmanager029f6b8e52c=\"80\" title=\"Top 49 legnagyobb \u00e9s legforgalmasabb kont\u00e9nerkik\u00f6t\u0151 2025-ben\">port<\/a> szolg\u00e1ltat\u00e1sok. T\u00f6bb ezer \u00fatvonal pillanatok alatt<\/li>\n<\/ul>\n<p><strong>Tengeri projektek \u00e9s speci\u00e1lis rakom\u00e1nyok<\/strong><\/p>\n<ul>\n<li>T\u00f6meges \u00f6mlesztett \u00e1ru, RoRo, m\u00e9reten k\u00edv\u00fcli \u00e9s tengeri teherhaj\u00f3k szolg\u00e1ltat\u00e1sa<\/li>\n<li>T\u00falm\u00e9retes rakom\u00e1nyok, enged\u00e9lyezett rakom\u00e1nyok \u00e9s kont\u00e9nerek orsz\u00e1gos fuvaroz\u00e1sa<\/li>\n<li>Rakod\u00e1s, csomagol\u00e1s \u00e9s merev\u00edt\u00e9s<\/li>\n<li>Versenyk\u00e9pes \u00e1rak az \u00f3ce\u00e1ni \u00e9s l\u00e9gi fuvaroz\u00f3k, rakt\u00e1rak, teheraut\u00f3- \u00e9s daru\u00fczemek kiterjedt h\u00e1l\u00f3zat\u00e1n kereszt\u00fcl.<\/li>\n<li>Split\/Full Air Charters \u00e9s OAG-sz\u00e1ll\u00edtm\u00e1nyok<\/li>\n<\/ul>\n<p><strong>L\u00e9gi tehersz\u00e1ll\u00edt\u00e1s<\/strong><\/p>\n<ul>\n<li>T\u00f6bb mint 100 l\u00e9git\u00e1rsas\u00e1ggal k\u00f6t\u00f6tt szerz\u0151d\u00e9s<\/li>\n<li>Pickup<\/li>\n<li>Rakt\u00e1roz\u00e1s<\/li>\n<li>C\u00edmk\u00e9z\u00e9si \u00e9s dokument\u00e1ci\u00f3s szolg\u00e1ltat\u00e1sok<\/li>\n<li>Beszerz\u00e9si megb\u00edz\u00e1sok nyomon k\u00f6vet\u00e9se<\/li>\n<\/ul>\n<h2>Shipco Transport V\u00e1llalati profil<\/h2>\n<p>A Shipco Transport Inc. a koppenh\u00e1gai Scan Group A\/S le\u00e1nyv\u00e1llalata, \u00e9s 1988 szeptember\u00e9ben kezdte meg a kereskedelmet a k\u00f6vetkez\u0151 orsz\u00e1gokban <a href=\"https:\/\/moverdb.com\/hu\/moving-to-nyc\/\">New York City<\/a>. Ez egy vezet\u0151 <a href=\"https:\/\/moverdb.com\/hu\/szallitmanyozo\/\">NVOCC<\/a>. Eredeti c\u00e9lja az \u00c1zsi\u00e1b\u00f3l \u00e9rkez\u0151 FCL rakom\u00e1ny fogad\u00e1sa volt. Ma a v\u00e1llalat els\u0151sorban LCL-konszolid\u00e1tork\u00e9nt tev\u00e9kenykedik.<\/p>\n<p>Ma a Shipco t\u00f6bb mint 75 irod\u00e1val rendelkezik a vil\u00e1g 30 orsz\u00e1g\u00e1ban, \u00e9s t\u00f6bb mint 2200 embert foglalkoztat. A Shipco LCL \u00e9s FCL tengeri \u00e9s l\u00e9gi \u00e1rufuvaroz\u00e1si szolg\u00e1ltat\u00e1sokat k\u00edn\u00e1l \u00fcgyfeleinek.<\/p>\n<p>A Shipco Transport a k\u00f6vetkez\u0151 akkredit\u00e1ci\u00f3kkal \u00e9s tags\u00e1ggal rendelkezik: -<\/p>\n<ul>\n<li><a href=\"https:\/\/moverdb.com\/hu\/en-vagyok\/\" target=\"_blank\" rel=\"noopener\">K\u00f6lt\u00f6ztet\u0151k Nemzetk\u00f6zi Sz\u00f6vets\u00e9ge<\/a> (<a href=\"https:\/\/moverdb.com\/hu\/iam\/\" data-internallinksmanager029f6b8e52c=\"23\" title=\"A K\u00f6lt\u00f6ztet\u0151k Nemzetk\u00f6zi Sz\u00f6vets\u00e9ge (IAM) magyar\u00e1zata\">IAM<\/a>)<\/li>\n<li>Scan-csoport<\/li>\n<li>World Wide Alliance (WWA)<\/li>\n<li>Air Cargo Group<\/li>\n<\/ul>\n<h2>Shipco Transport V\u00e9lem\u00e9nyek<\/h2>\n<p><strong>Pozit\u00edv:<\/strong><\/p>\n<ul>\n<li><em>\"Mindenemet San Dieg\u00f3b\u00f3l San Dieg\u00f3ba sz\u00e1ll\u00edtottam. <a href=\"https:\/\/moverdb.com\/hu\/moving-companies\/moving-companies-honduras\/\" data-internallinksmanager029f6b8e52c=\"233\" title=\"2 A legjobb nemzetk\u00f6zi k\u00f6lt\u00f6ztet\u0151 c\u00e9gek Hondurasban\">Honduras<\/a>, Shipco nagyszer\u0171 volt.\" <\/em>Madison K kereszt\u00fcl <a href=\"https:\/\/www.yelp.co.uk\/biz\/shipco-transport-long-beach?hrid=hfrOGEwsoHzhivf1ODT9DQ&#038;utm_campaign=www_review_share_popup&#038;utm_medium=copy_link&#038;utm_source=(direct)\" target=\"_blank\" rel=\"noopener\">Yelp<\/a>.\n<li><em>\"Nagyon j\u00f3 szolg\u00e1ltat\u00e1s. Egy\u00e1ltal\u00e1n nem volt probl\u00e9ma.\"<\/em> - Dawn C kereszt\u00fcl <a href=\"https:\/\/www.tryfleet.com\/freight-forwarder-profile\/shipco-transport-inc\" target=\"_blank\" rel=\"noopener\">Flotta<\/a><\/li>\n<\/ul>\n<p><strong>Negat\u00edv:<\/strong><\/p>\n<ul>\n<li><em>\"A legrosszabb c\u00e9g, amellyel valaha is dolgom volt. 2 h\u00e9tig tartott\u00e1k vissza a k\u00fcldem\u00e9nyemet, b\u00e1r teljes eg\u00e9sz\u00e9ben ki voltak fizetve, \u00e9s nem adt\u00e1k ki a k\u00fcldem\u00e9nyt.\" <\/em>Houman M kereszt\u00fcl <a href=\"https:\/\/www.yelp.co.uk\/biz\/shipco-transport-long-beach?hrid=0lZOxg3aNnePXUGvOv7fxw&#038;utm_campaign=www_review_share_popup&#038;utm_medium=copy_link&#038;utm_source=(direct)\" target=\"_blank\" rel=\"noopener\">Yelp<\/a><\/li>\n<\/ul>\n<div itemprop=\"review\" itemscope itemtype=\"http:\/\/schema.org\/Review\">\n<span itemprop=\"author\" itemscope=\"\" itemtype=\"http:\/\/schema.org\/Organization\"><span itemprop=\"name\">MoverDB.com<\/span><\/span> Online weboldal-fel\u00fclvizsg\u00e1lat a <span itemprop=\"itemreviewed\" itemscope=\"\" itemtype=\"http:\/\/schema.org\/Brand\"><span itemprop=\"name\">Shipco Transport<\/span><\/span>:<\/p>\n<ol>\n<li> Egy\u00e9rtelm\u0171 el\u00e9rhet\u0151s\u00e9gek a weboldalon (bele\u00e9rtve a telefonsz\u00e1mot is): <strong>Igen<\/strong><\/li>\n<li> K\u00f6nnyen beszerezhet\u0151 <a href=\"https:\/\/moverdb.com\/hu\/idezi\/\">nemzetk\u00f6zi mozg\u00f3 \u00e1raj\u00e1nlatok<\/a>? (Online \u00e1raj\u00e1nlatk\u00e9r\u0151 \u0171rlap): <strong>Igen<\/strong><\/li>\n<li> Egy\u00e9rtelm\u0171 inform\u00e1ci\u00f3k a honlapon: <strong>Igen,<\/strong> a honlapon az \u00f6sszes fuvaroz\u00e1si \u00e9s sz\u00e1ll\u00edt\u00e1si szolg\u00e1ltat\u00e1sukat ismertetik.<\/li>\n<li> Tags\u00e1g nemzetk\u00f6zi elismert mozgat\u00f3 szervezetekben: <strong>Igen<\/strong>, (l\u00e1sd fent)<\/li>\n<li> \u00dcgyfelek list\u00e1ja \u00e9s\/vagy kor\u00e1bbi v\u00e1s\u00e1rl\u00f3i aj\u00e1nl\u00e1sok. <strong>Nem,<\/strong> nem a honlapjukon, de \u00e1ltal\u00e1ban pozit\u00edv v\u00e9lem\u00e9nyekkel rendelkeznek.<\/li>\n<\/ol>\n<div itemprop=\"reviewRating\" itemscope itemtype=\"http:\/\/schema.org\/Rating\"><meta itemprop=\"worstRating\" content = \"0\" \/><meta itemprop=\"bestRating\" content=\"5\" \/><meta itemprop=\"ratingValue\" content=\"4\"><\/div>\n<p><strong>\u00c1ltal\u00e1nos pontsz\u00e1m: 4\/5<\/strong><br \/>\n<strong>Fel\u00fclvizsg\u00e1lat d\u00e1tuma:<\/strong> <span itemprop=\"datePublished\" content=\"2017-02-01\">01\/02\/2017<\/span>\n<\/div>\n<p>Tov\u00e1bbi inform\u00e1ci\u00f3 <a href=\"https:\/\/moverdb.com\/hu\/koltozteto-cegek\/\">nemzetk\u00f6zi k\u00f6lt\u00f6ztet\u0151 c\u00e9gek<\/a>, <a href=\"https:\/\/moverdb.com\/hu\/hajozasi-tarsasagok\/\">kont\u00e9nersz\u00e1ll\u00edt\u00f3 t\u00e1rsas\u00e1gok<\/a> \u00e9s a mi <a href=\"https:\/\/moverdb.com\/hu\/ertekelesek\/\">fel\u00fclvizsg\u00e1lati folyamat<\/a>.<\/p>\n<p><strong>Weboldal:<\/strong> <a href=\"https:\/\/www.shipco.com\/\" target=\"_blank\" rel=\"noopener\">https:\/\/www.shipco.com\/<\/a><\/p>","protected":false},"excerpt":{"rendered":"<p>Shipco Transport offers ocean and air freight services to professional household goods movers and relocation companies, not individuals. Its services are listed below, together with a company profile and reviews. International Movement of Household Goods International container shipping Through professional household goods movers Through professional relocation companies LCL FCL Airfreight Collection from packer&#8217;s warehouse available [&hellip;]<\/p>\n","protected":false},"author":1,"featured_media":0,"parent":0,"menu_order":0,"comment_status":"closed","ping_status":"closed","template":"","meta":{"_genesis_hide_title":false,"_genesis_hide_breadcrumbs":false,"_genesis_hide_singular_image":false,"_genesis_hide_footer_widgets":false,"_genesis_custom_body_class":"","_genesis_custom_post_class":"","_genesis_layout":"","footnotes":""},"class_list":{"0":"post-1528","1":"page","2":"type-page","3":"status-publish","5":"entry"},"_links":{"self":[{"href":"https:\/\/moverdb.com\/hu\/wp-json\/wp\/v2\/pages\/1528","targetHints":{"allow":["GET"]}}],"collection":[{"href":"https:\/\/moverdb.com\/hu\/wp-json\/wp\/v2\/pages"}],"about":[{"href":"https:\/\/moverdb.com\/hu\/wp-json\/wp\/v2\/types\/page"}],"author":[{"embeddable":true,"href":"https:\/\/moverdb.com\/hu\/wp-json\/wp\/v2\/users\/1"}],"replies":[{"embeddable":true,"href":"https:\/\/moverdb.com\/hu\/wp-json\/wp\/v2\/comments?post=1528"}],"version-history":[{"count":7,"href":"https:\/\/moverdb.com\/hu\/wp-json\/wp\/v2\/pages\/1528\/revisions"}],"predecessor-version":[{"id":6237,"href":"https:\/\/moverdb.com\/hu\/wp-json\/wp\/v2\/pages\/1528\/revisions\/6237"}],"wp:attachment":[{"href":"https:\/\/moverdb.com\/hu\/wp-json\/wp\/v2\/media?parent=1528"}],"curies":[{"name":"wp","href":"https:\/\/api.w.org\/{rel}","templated":true}]}}