{"id":14442,"date":"2023-11-08T15:57:06","date_gmt":"2023-11-08T15:57:06","guid":{"rendered":"https:\/\/moverdb.com\/freight-forwarder\/freight-forwarding-uk\/redhill-freight-forwarder\/"},"modified":"2026-01-08T14:54:28","modified_gmt":"2026-01-08T14:54:28","slug":"redhill-freight-forwarder","status":"publish","type":"page","link":"https:\/\/moverdb.com\/hu\/freight-forwarder\/freight-forwarding-uk\/redhill-freight-forwarder\/","title":{"rendered":"1 Legjobb Redhill sz\u00e1ll\u00edtm\u00e1nyoz\u00f3 c\u00e9gek (2024)"},"content":{"rendered":"<p>Az al\u00e1bbiakban az 1 <em>\"legjobb\"<\/em> Sz\u00e1ll\u00edtm\u00e1nyoz\u00e1si c\u00e9gek Redhillben 2 k\u00f6z\u00fcl.<\/p>\n<p>Ha t\u00f6bbet szeretne megtudni arr\u00f3l, hogyan v\u00e1lasztottuk ki a legjobbakat, k\u00e9rj\u00fck, tekintse meg a v\u00e9g\u00e9n tal\u00e1lhat\u00f3 GYIK r\u00e9szt.<\/p>\n<p><em>K\u00e9rj\u00fck, ne feledje, hogy az al\u00e1bbi list\u00e1k nem \u00e1llnak meghat\u00e1rozott sorrendben, \u00e9s nem tesz\u00fcnk aj\u00e1nl\u00e1sokat egyetlen adott c\u00e9gre sem.<\/em><\/p>\n<h2>Lexington sz\u00e1ll\u00edtm\u00e1nyoz\u00e1s<\/h2>\n<p><img decoding=\"async\" src=\"https:\/\/moverdb.com\/wp-content\/uploads\/thumbnailpanoidqT6veKzsnXp0L1svqeVppgcb_clientsearch.gws-prod.gpsw408h240yaw53.jpg\" alt='Lexington sz\u00e1ll\u00edtm\u00e1nyoz\u00e1s' class=\"aligncenter\"><\/p>\n<p><strong>A v\u00e1llalkoz\u00e1s le\u00edr\u00e1sa: <\/strong>A k\u00f6zeli Redhillben tal\u00e1lhat\u00f3 f\u0151 irod\u00e1nkb\u00f3l kiindulva testreszabott sz\u00e1ll\u00edt\u00e1si megold\u00e1sokat \u00e1ll\u00edtunk \u00f6ssze mindenf\u00e9le m\u00e9ret\u0171 v\u00e1llalkoz\u00e1s sz\u00e1m\u00e1ra, sz\u00e1mos l\u00e9gi, tengeri \u00e9s k\u00f6z\u00fati \u00e1rufuvaroz\u00e1si lehet\u0151s\u00e9get k\u00edn\u00e1lva helyi \u00fcgyfeleinknek Crawley, Reigate, Gatwick \u00e9s a k\u00f6rnyez\u0151 ter\u00fcletek, valamint az eg\u00e9sz vil\u00e1gb\u00f3l \u00e9rkez\u0151 \u00fcgyfeleink sz\u00e1m\u00e1ra. <a href=\"https:\/\/moverdb.com\/hu\/moving-to-the-uk\/\" data-internallinksmanager029f6b8e52c=\"93\" title=\"Az Egyes\u00fclt Kir\u00e1lys\u00e1gba k\u00f6lt\u00f6zik? 2022 Meg\u00e9lhet\u00e9si k\u00f6lts\u00e9gek \u00e9s k\u00f6lt\u00f6z\u00e9si tippek\">UK<\/a>.<\/p>\n<p> Sz\u00e1m\u00edthat a Lexington Freight Forwardingra, amely gondosan kezeli \u00e1ruj\u00e1t \u00e9s gyorsan sz\u00e1ll\u00edtja.<\/p>\n<p> 1998-ban nyitottuk meg kapuinkat, \u00e9s m\u00e1ra a d\u00e9lkeleti r\u00e9gi\u00f3 egyik vezet\u0151 tengeri, l\u00e9gi \u00e9s k\u00f6z\u00fati \u00e1rufuvaroz\u00e1si szervezet\u00e9v\u00e9 v\u00e1ltunk.<\/p>\n<p> T\u00f6bb ezer el\u00e9gedett \u00fcgyf\u00e9llel, akik az orsz\u00e1g minden ipar\u00e1g\u00e1t lefedik, tov\u00e1bbra is egyre er\u0151sebbek vagyunk.<\/p>\n<p><strong>Tov\u00e1bbi szolg\u00e1ltat\u00e1sok:<\/strong><\/p>\n<p>Nincs list\u00e1zva<\/p>\n<p><strong>C\u00edm:<\/strong> Fairlawn Enterprise Park, Bonehurst Rd, Salfords, Redhill RH1 5GH<\/p>\n<p><a href=\"http:\/\/www.lexingtonfreight.com\/\" target=\"_new\" rel=\"noopener\">Lexington Freight Forwarding honlapja<\/a><\/p>\n<p><strong>\u00c9rt\u00e9kel\u00e9si pontsz\u00e1m: <\/strong>4.3<br \/> <strong>V\u00e9lem\u00e9nyek sz\u00e1ma:<\/strong> 3<br \/><a href=\"https:\/\/www.google.co.uk\/maps?cid=3629856542565258832&#038;hl=en&#038;gl=GB\" target=\"_new\" rel=\"noopener\">V\u00e9lem\u00e9nyek olvas\u00e1sa<\/a><\/p>\n<h2>Hogyan v\u00e1lasztottuk ki a legjobb Redhill sz\u00e1ll\u00edtm\u00e1nyoz\u00f3 c\u00e9geket<\/h2>\n<p>2 redhilli sz\u00e1ll\u00edtm\u00e1nyoz\u00e1si v\u00e1llalat adataib\u00f3l indultunk ki, amelyeket a Google Maps seg\u00edts\u00e9g\u00e9vel tal\u00e1ltunk meg, \u00e9s lesz\u0171k\u00edtett\u00fck a legjobb 1-re.<\/p>\n<p>Ehhez elt\u00e1vol\u00edtottunk minden olyan v\u00e1llalatot, amely:<\/p>\n<ul>\n<li> Nem volt honlapja<\/li>\n<li> Nem volt \u00e9rt\u00e9kel\u00e9s<\/li>\n<li> 2.0 alatti \u00e1tlagos \u00e9rt\u00e9kel\u00e9si pontsz\u00e1mmal rendelkezett<\/li>\n<\/ul>\n<p>Ekkor, ha 17 vagy ann\u00e1l kevesebb sz\u00e1ll\u00edt\u00f3nk volt, akkor mindet felsoroltuk.<\/p>\n<p>Azokban a v\u00e1rosokban, ahol 17-n\u00e9l t\u00f6bb sz\u00e1ll\u00edtm\u00e1nyoz\u00f3 maradt, tov\u00e1bbi m\u00f3dos\u00edt\u00e1sokat hajtottunk v\u00e9gre az\u00e1ltal, hogy vagy megemelt\u00fck a sz\u00fcks\u00e9ges \u00e9rt\u00e9kel\u00e9si pontsz\u00e1mot (pl. a minim\u00e1lis 2,0-r\u00f3l 4,0-ra) \u00e9s\/vagy megn\u00f6velt\u00fck a sz\u00fcks\u00e9ges \u00e9rt\u00e9kel\u00e9sek minim\u00e1lis sz\u00e1m\u00e1t (pl. legal\u00e1bb 1 \u00e9rt\u00e9kel\u00e9sr\u0151l legal\u00e1bb 10-re).<\/p>\n<p>Megjegyzend\u0151, hogy csak a Google Maps \u00e1ttekint\u00e9si adatait haszn\u00e1ltuk fel, m\u00e1s, harmadik f\u00e9lt\u0151l sz\u00e1rmaz\u00f3 weboldalakat nem.<\/p>\n<p>Tov\u00e1bbi v\u00e1rosok:<\/p>\n<p><a href=\"https:\/\/moverdb.com\/hu\/szallitmanyozo\/freight-forwarding-uk\/wellingborough-freight-forwarder\/\">Wellingborough sz\u00e1ll\u00edtm\u00e1nyoz\u00f3<\/a><br \/><a href=\"https:\/\/moverdb.com\/hu\/szallitmanyozo\/freight-forwarding-uk\/barnet-freight-forwarder\/\">Barnet sz\u00e1ll\u00edtm\u00e1nyoz\u00f3<\/a><br \/><a href=\"https:\/\/moverdb.com\/hu\/szallitmanyozo\/freight-forwarding-uk\/accrington-freight-forwarder\/\">Accrington sz\u00e1ll\u00edtm\u00e1nyoz\u00f3<\/a><br \/><a href=\"https:\/\/moverdb.com\/hu\/szallitmanyozo\/freight-forwarding-uk\/rickmansworth-freight-forwarder\/\">Rickmansworth sz\u00e1ll\u00edtm\u00e1nyoz\u00f3<\/a><br \/><a href=\"https:\/\/moverdb.com\/hu\/szallitmanyozo\/freight-forwarding-uk\/horsham-freight-forwarder\/\">Horsham sz\u00e1ll\u00edtm\u00e1nyoz\u00f3<\/a><\/p>","protected":false},"excerpt":{"rendered":"<p>Below we look at the 1 &#8220;best&#8221; Freight Forwarding companies in Redhill out of 2. To learn more about how we chose the best please consult our FAQ section at the end. Please not the following listings are in no particular order and we are not making any recommendations for any particular company. Lexington Freight [&hellip;]<\/p>\n","protected":false},"author":1,"featured_media":0,"parent":13427,"menu_order":0,"comment_status":"open","ping_status":"open","template":"","meta":{"_genesis_hide_title":false,"_genesis_hide_breadcrumbs":false,"_genesis_hide_singular_image":false,"_genesis_hide_footer_widgets":false,"_genesis_custom_body_class":"","_genesis_custom_post_class":"","_genesis_layout":"","footnotes":""},"class_list":{"0":"post-14442","1":"page","2":"type-page","3":"status-publish","5":"entry"},"_links":{"self":[{"href":"https:\/\/moverdb.com\/hu\/wp-json\/wp\/v2\/pages\/14442","targetHints":{"allow":["GET"]}}],"collection":[{"href":"https:\/\/moverdb.com\/hu\/wp-json\/wp\/v2\/pages"}],"about":[{"href":"https:\/\/moverdb.com\/hu\/wp-json\/wp\/v2\/types\/page"}],"author":[{"embeddable":true,"href":"https:\/\/moverdb.com\/hu\/wp-json\/wp\/v2\/users\/1"}],"replies":[{"embeddable":true,"href":"https:\/\/moverdb.com\/hu\/wp-json\/wp\/v2\/comments?post=14442"}],"version-history":[{"count":1,"href":"https:\/\/moverdb.com\/hu\/wp-json\/wp\/v2\/pages\/14442\/revisions"}],"predecessor-version":[{"id":15623,"href":"https:\/\/moverdb.com\/hu\/wp-json\/wp\/v2\/pages\/14442\/revisions\/15623"}],"up":[{"embeddable":true,"href":"https:\/\/moverdb.com\/hu\/wp-json\/wp\/v2\/pages\/13427"}],"wp:attachment":[{"href":"https:\/\/moverdb.com\/hu\/wp-json\/wp\/v2\/media?parent=14442"}],"curies":[{"name":"wp","href":"https:\/\/api.w.org\/{rel}","templated":true}]}}