{"id":14416,"date":"2023-11-08T15:56:48","date_gmt":"2023-11-08T15:56:48","guid":{"rendered":"https:\/\/moverdb.com\/freight-forwarder\/freight-forwarding-uk\/hertford-freight-forwarder\/"},"modified":"2026-01-08T14:51:42","modified_gmt":"2026-01-08T14:51:42","slug":"hertford-freight-forwarder","status":"publish","type":"page","link":"https:\/\/moverdb.com\/hu\/freight-forwarder\/freight-forwarding-uk\/hertford-freight-forwarder\/","title":{"rendered":"1 Legjobb Hertfordi sz\u00e1ll\u00edtm\u00e1nyoz\u00f3 c\u00e9gek (2024)"},"content":{"rendered":"<p>Az al\u00e1bbiakban az 1 <em>\"legjobb\"<\/em> Sz\u00e1ll\u00edtm\u00e1nyoz\u00e1si c\u00e9gek Hertfordban 2 k\u00f6z\u00fcl.<\/p>\n<p>Ha t\u00f6bbet szeretne megtudni arr\u00f3l, hogyan v\u00e1lasztottuk ki a legjobbakat, k\u00e9rj\u00fck, tekintse meg a v\u00e9g\u00e9n tal\u00e1lhat\u00f3 GYIK r\u00e9szt.<\/p>\n<p><em>K\u00e9rj\u00fck, ne feledje, hogy az al\u00e1bbi list\u00e1k nem \u00e1llnak meghat\u00e1rozott sorrendben, \u00e9s nem tesz\u00fcnk aj\u00e1nl\u00e1sokat egyetlen adott c\u00e9gre sem.<\/em><\/p>\n<h2>MATTHEWS SZ\u00c1LL\u00cdTM\u00c1NYOZ\u00c1S KFT<\/h2>\n<p><img decoding=\"async\" src=\"https:\/\/moverdb.com\/wp-content\/uploads\/AF1QipPwh_X9ZHgiMWLtp7OUwS2ViaYQBJWPuuf2ncbHw408-h306-k-no.jpg\" alt='MATTHEWS SZ\u00c1LL\u00cdTM\u00c1NYOZ\u00c1S KFT' class=\"aligncenter\"><\/p>\n<p><strong>A v\u00e1llalkoz\u00e1s le\u00edr\u00e1sa: <\/strong>Ha \u00d6n egy Hertfordshire-i sz\u00e9khely\u0171, orsz\u00e1gszerte term\u00e9keket forgalmaz\u00f3 B2B-term\u00e9kekkel foglalkoz\u00f3 v\u00e1llalat, amely jav\u00edtani szeretn\u00e9 az \u00fcgyf\u00e9lszolg\u00e1latot, a rakt\u00e1rforgalmat \u00e9s a j\u00f6vedelmez\u0151s\u00e9get, de jelenleg el\u00e9gedetlen.<\/p>\n<p> Sz\u00e1m\u00edthatsz <a href=\"https:\/\/moverdb.com\/hu\/moving-to-the-united-states\/\" data-internallinksmanager029f6b8e52c=\"94\" title=\"Az Egyes\u00fclt \u00c1llamokba k\u00f6lt\u00f6zik? 2022 Meg\u00e9lhet\u00e9si k\u00f6lts\u00e9gek \u00e9s k\u00f6lt\u00f6z\u00e9si tippek\">us<\/a>.<\/p>\n<p>A Matthews Haulage Ltd. 1975-ben alakult, \u00e9s 1977 \u00f3ta Hertfordban tal\u00e1lhat\u00f3.<\/p>\n<p>A Matthews Haulage Ltd. apr\u00f3l\u00e9kosan fejl\u0151d\u00f6tt a mai \"Rolls Royce\" c\u00e9gg\u00e9.<\/p>\n<p> B\u00fcszk\u00e9k vagyunk arra, hogy mindent megtesz\u00fcnk (nincs sz\u00f3j\u00e1t\u00e9k), hogy biztos\u00edtsuk minden \u00fcgyfel\u00fcnk el\u00e9gedetts\u00e9g\u00e9t, legyen az kicsi vagy nagy.<\/p>\n<p> Els\u0151 oszt\u00e1ly\u00fa szolg\u00e1ltat\u00e1st ny\u00fajtunk versenyk\u00e9pes \u00e1ron, modern, intelligens flott\u00e1val, intelligens, lelkiismeretes sof\u0151r\u00f6kkel.<\/p>\n<p> Van egy rendk\u00edv\u00fcl motiv\u00e1lt menedzsment csapatunk, akik seg\u00edtenek \u00d6nnek minden ig\u00e9ny\u00e9ben, alig kell gondolkodnia!<\/p>\n<p><strong>Tov\u00e1bbi szolg\u00e1ltat\u00e1sok:<\/strong><\/p>\n<p>Nincs list\u00e1zva<\/p>\n<p><strong>C\u00edm:<\/strong> Mead Ln, Hertford SG13 7AX<\/p>\n<p><a href=\"http:\/\/www.matthewshaulage.co.uk\/\" target=\"_new\" rel=\"noopener\">MATTHEWS HAULAGE LTD weboldal<\/a><\/p>\n<p><strong>\u00c9rt\u00e9kel\u00e9si pontsz\u00e1m: <\/strong>4.9<br \/> <strong>V\u00e9lem\u00e9nyek sz\u00e1ma:<\/strong> 10<br \/><a href=\"https:\/\/www.google.co.uk\/maps?cid=15518358092684340918&#038;hl=en&#038;gl=GB\" target=\"_new\" rel=\"noopener\">V\u00e9lem\u00e9nyek olvas\u00e1sa<\/a><\/p>\n<h2>Hogyan v\u00e1lasztottuk ki a legjobb Hertford sz\u00e1ll\u00edtm\u00e1nyoz\u00f3 c\u00e9geket<\/h2>\n<p>2 hertfordi sz\u00e1ll\u00edtm\u00e1nyoz\u00e1si v\u00e1llalat adathalmaz\u00e1val kezdt\u00fck, amelyet a Google Maps seg\u00edts\u00e9g\u00e9vel tal\u00e1ltunk, \u00e9s lesz\u0171k\u00edtett\u00fck a legjobb 1-re.<\/p>\n<p>Ehhez elt\u00e1vol\u00edtottunk minden olyan v\u00e1llalatot, amely:<\/p>\n<ul>\n<li> Nem volt honlapja<\/li>\n<li> Nem volt \u00e9rt\u00e9kel\u00e9s<\/li>\n<li> 2.0 alatti \u00e1tlagos \u00e9rt\u00e9kel\u00e9si pontsz\u00e1mmal rendelkezett<\/li>\n<\/ul>\n<p>Ekkor, ha 17 vagy ann\u00e1l kevesebb sz\u00e1ll\u00edt\u00f3nk volt, akkor mindet felsoroltuk.<\/p>\n<p>Azokban a v\u00e1rosokban, ahol 17-n\u00e9l t\u00f6bb sz\u00e1ll\u00edtm\u00e1nyoz\u00f3 maradt, tov\u00e1bbi m\u00f3dos\u00edt\u00e1sokat hajtottunk v\u00e9gre az\u00e1ltal, hogy vagy megemelt\u00fck a sz\u00fcks\u00e9ges \u00e9rt\u00e9kel\u00e9si pontsz\u00e1mot (pl. a minim\u00e1lis 2,0-r\u00f3l 4,0-ra) \u00e9s\/vagy megn\u00f6velt\u00fck a sz\u00fcks\u00e9ges \u00e9rt\u00e9kel\u00e9sek minim\u00e1lis sz\u00e1m\u00e1t (pl. legal\u00e1bb 1 \u00e9rt\u00e9kel\u00e9sr\u0151l legal\u00e1bb 10-re).<\/p>\n<p>Megjegyzend\u0151, hogy csak a Google Maps \u00e1ttekint\u00e9si adatait haszn\u00e1ltuk fel, m\u00e1s, harmadik f\u00e9lt\u0151l sz\u00e1rmaz\u00f3 weboldalakat nem.<\/p>\n<p>Tov\u00e1bbi v\u00e1rosok:<\/p>\n<p><a href=\"https:\/\/moverdb.com\/hu\/szallitmanyozo\/freight-forwarding-uk\/edenbridge-freight-forwarder\/\">Edenbridge sz\u00e1ll\u00edtm\u00e1nyoz\u00f3<\/a><br \/><a href=\"https:\/\/moverdb.com\/hu\/szallitmanyozo\/freight-forwarding-uk\/towcester-freight-forwarder\/\">Towcester sz\u00e1ll\u00edtm\u00e1nyoz\u00f3<\/a><br \/><a href=\"https:\/\/moverdb.com\/hu\/szallitmanyozo\/freight-forwarding-uk\/pulborough-freight-forwarder\/\">Pulborough sz\u00e1ll\u00edtm\u00e1nyoz\u00f3<\/a><br \/><a href=\"https:\/\/moverdb.com\/hu\/szallitmanyozo\/freight-forwarding-uk\/upminster-freight-forwarder\/\">Upminster sz\u00e1ll\u00edtm\u00e1nyoz\u00f3<\/a><br \/><a href=\"https:\/\/moverdb.com\/hu\/szallitmanyozo\/freight-forwarding-uk\/bala-freight-forwarder\/\">Bala sz\u00e1ll\u00edtm\u00e1nyoz\u00f3<\/a><\/p>","protected":false},"excerpt":{"rendered":"<p>Below we look at the 1 &#8220;best&#8221; Freight Forwarding companies in Hertford out of 2. To learn more about how we chose the best please consult our FAQ section at the end. Please not the following listings are in no particular order and we are not making any recommendations for any particular company. MATTHEWS HAULAGE [&hellip;]<\/p>\n","protected":false},"author":1,"featured_media":0,"parent":13427,"menu_order":0,"comment_status":"open","ping_status":"open","template":"","meta":{"_genesis_hide_title":false,"_genesis_hide_breadcrumbs":false,"_genesis_hide_singular_image":false,"_genesis_hide_footer_widgets":false,"_genesis_custom_body_class":"","_genesis_custom_post_class":"","_genesis_layout":"","footnotes":""},"class_list":{"0":"post-14416","1":"page","2":"type-page","3":"status-publish","5":"entry"},"_links":{"self":[{"href":"https:\/\/moverdb.com\/hu\/wp-json\/wp\/v2\/pages\/14416","targetHints":{"allow":["GET"]}}],"collection":[{"href":"https:\/\/moverdb.com\/hu\/wp-json\/wp\/v2\/pages"}],"about":[{"href":"https:\/\/moverdb.com\/hu\/wp-json\/wp\/v2\/types\/page"}],"author":[{"embeddable":true,"href":"https:\/\/moverdb.com\/hu\/wp-json\/wp\/v2\/users\/1"}],"replies":[{"embeddable":true,"href":"https:\/\/moverdb.com\/hu\/wp-json\/wp\/v2\/comments?post=14416"}],"version-history":[{"count":1,"href":"https:\/\/moverdb.com\/hu\/wp-json\/wp\/v2\/pages\/14416\/revisions"}],"predecessor-version":[{"id":15586,"href":"https:\/\/moverdb.com\/hu\/wp-json\/wp\/v2\/pages\/14416\/revisions\/15586"}],"up":[{"embeddable":true,"href":"https:\/\/moverdb.com\/hu\/wp-json\/wp\/v2\/pages\/13427"}],"wp:attachment":[{"href":"https:\/\/moverdb.com\/hu\/wp-json\/wp\/v2\/media?parent=14416"}],"curies":[{"name":"wp","href":"https:\/\/api.w.org\/{rel}","templated":true}]}}