{"id":14398,"date":"2023-11-08T15:56:48","date_gmt":"2023-11-08T15:56:48","guid":{"rendered":"https:\/\/moverdb.com\/freight-forwarder\/freight-forwarding-uk\/dudley-freight-forwarder\/"},"modified":"2026-01-08T14:51:28","modified_gmt":"2026-01-08T14:51:28","slug":"dudley-freight-forwarder","status":"publish","type":"page","link":"https:\/\/moverdb.com\/hu\/freight-forwarder\/freight-forwarding-uk\/dudley-freight-forwarder\/","title":{"rendered":"1 Legjobb Dudley sz\u00e1ll\u00edtm\u00e1nyoz\u00f3 c\u00e9gek (2024)"},"content":{"rendered":"<p>Az al\u00e1bbiakban az 1 <em>\"legjobb\"<\/em> Sz\u00e1ll\u00edtm\u00e1nyoz\u00e1si c\u00e9gek Dudley-ban 1 k\u00f6z\u00fcl.<\/p>\n<p>Ha t\u00f6bbet szeretne megtudni arr\u00f3l, hogyan v\u00e1lasztottuk ki a legjobbakat, k\u00e9rj\u00fck, tekintse meg a v\u00e9g\u00e9n tal\u00e1lhat\u00f3 GYIK r\u00e9szt.<\/p>\n<p><em>K\u00e9rj\u00fck, ne feledje, hogy az al\u00e1bbi list\u00e1k nem \u00e1llnak meghat\u00e1rozott sorrendben, \u00e9s nem tesz\u00fcnk aj\u00e1nl\u00e1sokat egyetlen adott c\u00e9gre sem.<\/em><\/p>\n<h2>Container Products Ltd Export csomagol\u00e1s West Midlands<\/h2>\n<p><img decoding=\"async\" src=\"https:\/\/moverdb.com\/wp-content\/uploads\/AF1QipOJOfAOFEK0_asMIcC5pZcKFHk3Oawm20Tb5VL8w408-h306-k-no.jpg\" alt='Container Products Ltd Export csomagol\u00e1s West Midlands' class=\"aligncenter\"><\/p>\n<p><strong>A v\u00e1llalkoz\u00e1s le\u00edr\u00e1sa: <\/strong>Itt a Container Products Ltd-n\u00e9l, mi egy speci\u00e1lis csomagol\u00f3 c\u00e9g vagyunk, amely tengeri sz\u00e1ll\u00edtm\u00e1nyoz\u00e1st, l\u00e9gi sz\u00e1ll\u00edtm\u00e1nyoz\u00e1st, export csomagol\u00e1st, fa csomagol\u00f3 l\u00e1d\u00e1kat \u00e9s kont\u00e9nerrakod\u00e1st k\u00edn\u00e1l Dudley-ban \u00e9s a k\u00f6rnyez\u0151 ter\u00fcleteken West Midlandsben.<\/p>\n<p> Igazi szenved\u00e9ly\u00fcnk van ahhoz, amit csin\u00e1lunk, \u00e9s \u00fagy \u00e9rezz\u00fck, hogy ez megmutatkozik az \u00f6sszes csomagol\u00e1si \u00e9s kont\u00e9nerszolg\u00e1ltat\u00e1sban, amelyet West Midlands eg\u00e9sz ter\u00fclet\u00e9n k\u00edn\u00e1lunk.<\/p>\n<p> Ez\u00e9rt \u00e9rezz\u00fck \u00fagy, hogy mi kell az els\u0151 \u00e9s egyetlen <a href=\"https:\/\/moverdb.com\/hu\/top-49-container-ports\/\" data-internallinksmanager029f6b8e52c=\"80\" title=\"Top 49 legnagyobb \u00e9s legforgalmasabb kont\u00e9nerkik\u00f6t\u0151 2025-ben\">port<\/a> a h\u00edv\u00e1s, amikor az export csomagol\u00e1s, tengeri sz\u00e1ll\u00edtm\u00e1nyoz\u00e1s, l\u00e9gi sz\u00e1ll\u00edtm\u00e1nyoz\u00e1s, fa csomagol\u00f3 l\u00e1d\u00e1k \u00e9s kont\u00e9ner rakod\u00e1s a Dudley \u00e9s a k\u00f6rnyez\u0151 ter\u00fcleteken a West Midlands.<\/p>\n<p> Ha szeretne t\u00f6bbet megtudni kont\u00e9ner- \u00e9s csomagol\u00e1si szolg\u00e1ltat\u00e1sainkr\u00f3l, l\u00e9pjen kapcsolatba csapatunkkal m\u00e9g ma.<\/p>\n<p><strong>Tov\u00e1bbi szolg\u00e1ltat\u00e1sok:<\/strong><\/p>\n<p>Kont\u00e9nerszolg\u00e1ltat\u00e1s<\/p>\n<p>Csomagol\u00f3 c\u00e9g<\/p>\n<p>Rakt\u00e1r<\/p>\n<p><strong>C\u00edm:<\/strong> Castle Mill Works, <a href=\"\" data-internallinksmanager029f6b8e52c=\"34\" title=\"Birmingham\">Birmingham<\/a> New Rd, Dudley DY1 4DA<\/p>\n<p><a href=\"https:\/\/www.containerproducts.co.uk\/\" target=\"_new\" rel=\"noopener\">Container Products Ltd Exportcsomagol\u00e1s West Midlands honlapja<\/a><\/p>\n<p><strong>\u00c9rt\u00e9kel\u00e9si pontsz\u00e1m: <\/strong>4.7<br \/> <strong>V\u00e9lem\u00e9nyek sz\u00e1ma:<\/strong> 3<br \/><a href=\"https:\/\/www.google.co.uk\/maps?cid=6089925351874330014&#038;hl=en&#038;gl=GB\" target=\"_new\" rel=\"noopener\">V\u00e9lem\u00e9nyek olvas\u00e1sa<\/a><\/p>\n<h2>Hogyan v\u00e1lasztottuk ki a legjobb Dudley sz\u00e1ll\u00edtm\u00e1nyoz\u00f3 c\u00e9geket<\/h2>\n<p>1 dudley-i sz\u00e1ll\u00edtm\u00e1nyoz\u00f3 c\u00e9get tartalmaz\u00f3 adathalmazzal kezdt\u00fck, amelyet a Google Maps seg\u00edts\u00e9g\u00e9vel tal\u00e1ltunk, \u00e9s lesz\u0171k\u00edtett\u00fck a legjobb 1-re.<\/p>\n<p>Ehhez elt\u00e1vol\u00edtottunk minden olyan v\u00e1llalatot, amely:<\/p>\n<ul>\n<li> Nem volt honlapja<\/li>\n<li> Nem volt \u00e9rt\u00e9kel\u00e9s<\/li>\n<li> 2.0 alatti \u00e1tlagos \u00e9rt\u00e9kel\u00e9si pontsz\u00e1mmal rendelkezett<\/li>\n<\/ul>\n<p>Ekkor, ha 17 vagy ann\u00e1l kevesebb sz\u00e1ll\u00edt\u00f3nk volt, akkor mindet felsoroltuk.<\/p>\n<p>Azokban a v\u00e1rosokban, ahol 17-n\u00e9l t\u00f6bb sz\u00e1ll\u00edtm\u00e1nyoz\u00f3 maradt, tov\u00e1bbi m\u00f3dos\u00edt\u00e1sokat hajtottunk v\u00e9gre az\u00e1ltal, hogy vagy megemelt\u00fck a sz\u00fcks\u00e9ges \u00e9rt\u00e9kel\u00e9si pontsz\u00e1mot (pl. a minim\u00e1lis 2,0-r\u00f3l 4,0-ra) \u00e9s\/vagy megn\u00f6velt\u00fck a sz\u00fcks\u00e9ges \u00e9rt\u00e9kel\u00e9sek minim\u00e1lis sz\u00e1m\u00e1t (pl. legal\u00e1bb 1 \u00e9rt\u00e9kel\u00e9sr\u0151l legal\u00e1bb 10-re).<\/p>\n<p>Megjegyzend\u0151, hogy csak a Google Maps \u00e1ttekint\u00e9si adatait haszn\u00e1ltuk fel, m\u00e1s, harmadik f\u00e9lt\u0151l sz\u00e1rmaz\u00f3 weboldalakat nem.<\/p>\n<p>Tov\u00e1bbi v\u00e1rosok:<\/p>\n<p><a href=\"https:\/\/moverdb.com\/hu\/szallitmanyozo\/freight-forwarding-uk\/andover-freight-forwarder\/\">Andover sz\u00e1ll\u00edtm\u00e1nyoz\u00f3<\/a><br \/><a href=\"https:\/\/moverdb.com\/hu\/szallitmanyozo\/freight-forwarding-uk\/port-of-tilbury-freight-forwarder\/\">Port of Tilbury sz\u00e1ll\u00edtm\u00e1nyoz\u00f3<\/a><br \/><a href=\"https:\/\/moverdb.com\/hu\/szallitmanyozo\/freight-forwarding-uk\/hereford-freight-forwarder\/\">Herefordi sz\u00e1ll\u00edtm\u00e1nyoz\u00f3<\/a><br \/><a href=\"https:\/\/moverdb.com\/hu\/szallitmanyozo\/freight-forwarding-uk\/durham-freight-forwarder\/\">Durham sz\u00e1ll\u00edtm\u00e1nyoz\u00f3<\/a><br \/><a href=\"https:\/\/moverdb.com\/hu\/szallitmanyozo\/freight-forwarding-uk\/thatcham-freight-forwarder\/\">Thatcham sz\u00e1ll\u00edtm\u00e1nyoz\u00f3<\/a><\/p>","protected":false},"excerpt":{"rendered":"<p>Below we look at the 1 &#8220;best&#8221; Freight Forwarding companies in Dudley out of 1. To learn more about how we chose the best please consult our FAQ section at the end. Please not the following listings are in no particular order and we are not making any recommendations for any particular company. Container Products [&hellip;]<\/p>\n","protected":false},"author":1,"featured_media":0,"parent":13427,"menu_order":0,"comment_status":"open","ping_status":"open","template":"","meta":{"_genesis_hide_title":false,"_genesis_hide_breadcrumbs":false,"_genesis_hide_singular_image":false,"_genesis_hide_footer_widgets":false,"_genesis_custom_body_class":"","_genesis_custom_post_class":"","_genesis_layout":"","footnotes":""},"class_list":{"0":"post-14398","1":"page","2":"type-page","3":"status-publish","5":"entry"},"_links":{"self":[{"href":"https:\/\/moverdb.com\/hu\/wp-json\/wp\/v2\/pages\/14398","targetHints":{"allow":["GET"]}}],"collection":[{"href":"https:\/\/moverdb.com\/hu\/wp-json\/wp\/v2\/pages"}],"about":[{"href":"https:\/\/moverdb.com\/hu\/wp-json\/wp\/v2\/types\/page"}],"author":[{"embeddable":true,"href":"https:\/\/moverdb.com\/hu\/wp-json\/wp\/v2\/users\/1"}],"replies":[{"embeddable":true,"href":"https:\/\/moverdb.com\/hu\/wp-json\/wp\/v2\/comments?post=14398"}],"version-history":[{"count":1,"href":"https:\/\/moverdb.com\/hu\/wp-json\/wp\/v2\/pages\/14398\/revisions"}],"predecessor-version":[{"id":15572,"href":"https:\/\/moverdb.com\/hu\/wp-json\/wp\/v2\/pages\/14398\/revisions\/15572"}],"up":[{"embeddable":true,"href":"https:\/\/moverdb.com\/hu\/wp-json\/wp\/v2\/pages\/13427"}],"wp:attachment":[{"href":"https:\/\/moverdb.com\/hu\/wp-json\/wp\/v2\/media?parent=14398"}],"curies":[{"name":"wp","href":"https:\/\/api.w.org\/{rel}","templated":true}]}}