{"id":14244,"date":"2023-11-08T15:55:37","date_gmt":"2023-11-08T15:55:37","guid":{"rendered":"https:\/\/moverdb.com\/freight-forwarder\/freight-forwarding-uk\/west-bromwich-freight-forwarder\/"},"modified":"2026-01-08T14:55:09","modified_gmt":"2026-01-08T14:55:09","slug":"west-bromwich-freight-forwarder","status":"publish","type":"page","link":"https:\/\/moverdb.com\/hu\/freight-forwarder\/freight-forwarding-uk\/west-bromwich-freight-forwarder\/","title":{"rendered":"1 Legjobb West Bromwichi sz\u00e1ll\u00edtm\u00e1nyoz\u00f3 c\u00e9gek (2024)"},"content":{"rendered":"<p>Az al\u00e1bbiakban az 1 <em>\"legjobb\"<\/em> Sz\u00e1ll\u00edtm\u00e1nyoz\u00e1si c\u00e9gek West Bromwich 5-b\u0151l.<\/p>\n<p>Ha t\u00f6bbet szeretne megtudni arr\u00f3l, hogyan v\u00e1lasztottuk ki a legjobbakat, k\u00e9rj\u00fck, tekintse meg a v\u00e9g\u00e9n tal\u00e1lhat\u00f3 GYIK r\u00e9szt.<\/p>\n<p><em>K\u00e9rj\u00fck, ne feledje, hogy az al\u00e1bbi list\u00e1k nem \u00e1llnak meghat\u00e1rozott sorrendben, \u00e9s nem tesz\u00fcnk aj\u00e1nl\u00e1sokat egyetlen adott c\u00e9gre sem.<\/em><\/p>\n<h2>GenX Freight<\/h2>\n<p><img decoding=\"async\" src=\"https:\/\/moverdb.com\/wp-content\/uploads\/thumbnailpanoidS8RNjXOD44wDYfzB5QdMygcb_clientsearch.gws-prod.gpsw408h240yaw250.jpg\" alt='GenX Freight' class=\"aligncenter\"><\/p>\n<p><strong>A v\u00e1llalkoz\u00e1s le\u00edr\u00e1sa: <\/strong>A GenX Freight megnyitotta a sz\u00e1ll\u00edtm\u00e1nyoz\u00e1s leg\u00fajabb m\u00f3djait, mik\u00f6zben az \u00fcgyfelek sz\u00e1m\u00e1ra v\u00e9gpontt\u00f3l v\u00e9gpontig tart\u00f3 \u00e1tl\u00e1that\u00f3s\u00e1got biztos\u00edt.<\/p>\n<p> Korszer\u0171 sz\u00e1ll\u00edt\u00e1si \u00e9s logisztikai megold\u00e1sokat k\u00edn\u00e1lunk, mik\u00f6zben szem el\u0151tt tartjuk az \u00e1rat \u00e9s a biztos\u00edtott optim\u00e1lis \u00e1rusz\u00e1ll\u00edt\u00e1si szolg\u00e1ltat\u00e1sokat.<\/p>\n<p> A nap 24 \u00f3r\u00e1j\u00e1ban rendelkez\u00e9sre \u00e1llunk, biztos\u00edtva az \u00e1ru biztons\u00e1g\u00e1t \u00e9s id\u0151ben t\u00f6rt\u00e9n\u0151 kisz\u00e1ll\u00edt\u00e1s\u00e1t.<\/p>\n<p> Technol\u00f3giailag k\u00e9pzett szakembereink a lehet\u0151 legjobban haszn\u00e1lj\u00e1k a technol\u00f3gi\u00e1t a tehersz\u00e1ll\u00edt\u00e1si folyamat z\u00f6kken\u0151mentes\u00edt\u00e9se \u00e9rdek\u00e9ben.<\/p>\n<p><strong>Tov\u00e1bbi szolg\u00e1ltat\u00e1sok:<\/strong><\/p>\n<p>Nincs list\u00e1zva<\/p>\n<p><strong>C\u00edm:<\/strong> Guardian House, Cronehills Linkway, West Bromwich B70 8GS<\/p>\n<p><a href=\"https:\/\/genxfreight.co.uk\/\" target=\"_new\" rel=\"noopener\">GenX Freight weboldal<\/a><\/p>\n<p><strong>\u00c9rt\u00e9kel\u00e9si pontsz\u00e1m: <\/strong>5<br \/> <strong>V\u00e9lem\u00e9nyek sz\u00e1ma:<\/strong> 1<br \/><a href=\"https:\/\/www.google.co.uk\/maps?cid=4572832678056520042&#038;hl=en&#038;gl=GB\" target=\"_new\" rel=\"noopener\">V\u00e9lem\u00e9nyek olvas\u00e1sa<\/a><\/p>\n<h2>Hogyan v\u00e1lasztottuk ki a legjobb West Bromwichi sz\u00e1ll\u00edtm\u00e1nyoz\u00f3 c\u00e9geket<\/h2>\n<p>A Google Maps seg\u00edts\u00e9g\u00e9vel 5 West Bromwich-i sz\u00e1ll\u00edtm\u00e1nyoz\u00f3 c\u00e9get tartalmaz\u00f3 adatsorral kezdt\u00fck, \u00e9s lesz\u0171k\u00edtett\u00fck a legjobb 1-re.<\/p>\n<p>Ehhez elt\u00e1vol\u00edtottunk minden olyan v\u00e1llalatot, amely:<\/p>\n<ul>\n<li> Nem volt honlapja<\/li>\n<li> Nem volt \u00e9rt\u00e9kel\u00e9s<\/li>\n<li> 2.0 alatti \u00e1tlagos \u00e9rt\u00e9kel\u00e9si pontsz\u00e1mmal rendelkezett<\/li>\n<\/ul>\n<p>Ekkor, ha 17 vagy ann\u00e1l kevesebb sz\u00e1ll\u00edt\u00f3nk volt, akkor mindet felsoroltuk.<\/p>\n<p>Azokban a v\u00e1rosokban, ahol 17-n\u00e9l t\u00f6bb sz\u00e1ll\u00edtm\u00e1nyoz\u00f3 maradt, tov\u00e1bbi m\u00f3dos\u00edt\u00e1sokat hajtottunk v\u00e9gre az\u00e1ltal, hogy vagy megemelt\u00fck a sz\u00fcks\u00e9ges \u00e9rt\u00e9kel\u00e9si pontsz\u00e1mot (pl. a minim\u00e1lis 2,0-r\u00f3l 4,0-ra) \u00e9s\/vagy megn\u00f6velt\u00fck a sz\u00fcks\u00e9ges \u00e9rt\u00e9kel\u00e9sek minim\u00e1lis sz\u00e1m\u00e1t (pl. legal\u00e1bb 1 \u00e9rt\u00e9kel\u00e9sr\u0151l legal\u00e1bb 10-re).<\/p>\n<p>Megjegyzend\u0151, hogy csak a Google Maps \u00e1ttekint\u00e9si adatait haszn\u00e1ltuk fel, m\u00e1s, harmadik f\u00e9lt\u0151l sz\u00e1rmaz\u00f3 weboldalakat nem.<\/p>\n<p>Tov\u00e1bbi v\u00e1rosok:<\/p>\n<p><a href=\"https:\/\/moverdb.com\/hu\/szallitmanyozo\/freight-forwarding-uk\/colnbrook-freight-forwarder\/\">Colnbrook sz\u00e1ll\u00edtm\u00e1nyoz\u00f3<\/a><br \/><a href=\"https:\/\/moverdb.com\/hu\/szallitmanyozo\/freight-forwarding-uk\/wilnecote-freight-forwarder\/\">Wilnecote sz\u00e1ll\u00edtm\u00e1nyoz\u00f3<\/a><br \/><a href=\"https:\/\/moverdb.com\/hu\/szallitmanyozo\/freight-forwarding-uk\/llanelli-freight-forwarder\/\">Llanelli sz\u00e1ll\u00edtm\u00e1nyoz\u00f3<\/a><br \/><a href=\"https:\/\/moverdb.com\/hu\/szallitmanyozo\/freight-forwarding-uk\/worthing-freight-forwarder\/\">Worthing sz\u00e1ll\u00edtm\u00e1nyoz\u00f3<\/a><br \/><a href=\"https:\/\/moverdb.com\/hu\/szallitmanyozo\/freight-forwarding-uk\/llanfyrnach-freight-forwarder\/\">Llanfyrnach Sz\u00e1ll\u00edtm\u00e1nyoz\u00f3<\/a><\/p>","protected":false},"excerpt":{"rendered":"<p>Below we look at the 1 &#8220;best&#8221; Freight Forwarding companies in West Bromwich out of 5. To learn more about how we chose the best please consult our FAQ section at the end. Please not the following listings are in no particular order and we are not making any recommendations for any particular company. GenX [&hellip;]<\/p>\n","protected":false},"author":1,"featured_media":0,"parent":13427,"menu_order":0,"comment_status":"open","ping_status":"open","template":"","meta":{"_genesis_hide_title":false,"_genesis_hide_breadcrumbs":false,"_genesis_hide_singular_image":false,"_genesis_hide_footer_widgets":false,"_genesis_custom_body_class":"","_genesis_custom_post_class":"","_genesis_layout":"","footnotes":""},"class_list":{"0":"post-14244","1":"page","2":"type-page","3":"status-publish","5":"entry"},"_links":{"self":[{"href":"https:\/\/moverdb.com\/hu\/wp-json\/wp\/v2\/pages\/14244","targetHints":{"allow":["GET"]}}],"collection":[{"href":"https:\/\/moverdb.com\/hu\/wp-json\/wp\/v2\/pages"}],"about":[{"href":"https:\/\/moverdb.com\/hu\/wp-json\/wp\/v2\/types\/page"}],"author":[{"embeddable":true,"href":"https:\/\/moverdb.com\/hu\/wp-json\/wp\/v2\/users\/1"}],"replies":[{"embeddable":true,"href":"https:\/\/moverdb.com\/hu\/wp-json\/wp\/v2\/comments?post=14244"}],"version-history":[{"count":1,"href":"https:\/\/moverdb.com\/hu\/wp-json\/wp\/v2\/pages\/14244\/revisions"}],"predecessor-version":[{"id":15665,"href":"https:\/\/moverdb.com\/hu\/wp-json\/wp\/v2\/pages\/14244\/revisions\/15665"}],"up":[{"embeddable":true,"href":"https:\/\/moverdb.com\/hu\/wp-json\/wp\/v2\/pages\/13427"}],"wp:attachment":[{"href":"https:\/\/moverdb.com\/hu\/wp-json\/wp\/v2\/media?parent=14244"}],"curies":[{"name":"wp","href":"https:\/\/api.w.org\/{rel}","templated":true}]}}