{"id":14171,"date":"2023-11-08T15:55:01","date_gmt":"2023-11-08T15:55:01","guid":{"rendered":"https:\/\/moverdb.com\/freight-forwarder\/freight-forwarding-uk\/manningtree-freight-forwarder\/"},"modified":"2026-01-08T14:58:09","modified_gmt":"2026-01-08T14:58:09","slug":"manningtree-freight-forwarder","status":"publish","type":"page","link":"https:\/\/moverdb.com\/hu\/freight-forwarder\/freight-forwarding-uk\/manningtree-freight-forwarder\/","title":{"rendered":"2 Legjobb Manningtree sz\u00e1ll\u00edtm\u00e1nyoz\u00f3 c\u00e9gek (2024)"},"content":{"rendered":"<p>Az al\u00e1bbiakban a 2 <em>\"legjobb\"<\/em> Sz\u00e1ll\u00edtm\u00e1nyoz\u00f3 c\u00e9gek Manningtree-ben 2 k\u00f6z\u00fcl.<\/p>\n<p>Ha t\u00f6bbet szeretne megtudni arr\u00f3l, hogyan v\u00e1lasztottuk ki a legjobbakat, k\u00e9rj\u00fck, tekintse meg a v\u00e9g\u00e9n tal\u00e1lhat\u00f3 GYIK r\u00e9szt.<\/p>\n<p><em>K\u00e9rj\u00fck, ne feledje, hogy az al\u00e1bbi list\u00e1k nem \u00e1llnak meghat\u00e1rozott sorrendben, \u00e9s nem tesz\u00fcnk aj\u00e1nl\u00e1sokat egyetlen adott c\u00e9gre sem.<\/em><\/p>\n<h2>Central Oceans UK CO UK Shipping &amp; Trading Ltd.<\/h2>\n<p><img decoding=\"async\" src=\"https:\/\/moverdb.com\/wp-content\/uploads\/thumbnailpanoidmo_-iyHsxTRdiGyJADKzgcb_clientsearch.gws-prod.gpsw408h240yaw15.jpg\" alt='Central Oceans UK CO UK Shipping &amp; Trading Ltd.' class=\"aligncenter\"><\/p>\n<p><strong>A v\u00e1llalkoz\u00e1s le\u00edr\u00e1sa: <\/strong>Nincs megadva<\/p>\n<p><strong>Tov\u00e1bbi szolg\u00e1ltat\u00e1sok:<\/strong><\/p>\n<p>V\u00e1m\u00fcgyn\u00f6k<\/p>\n<p>Logisztikai szolg\u00e1ltat\u00e1s<\/p>\n<p>Haj\u00f3z\u00e1si berendez\u00e9sek ipara<\/p>\n<p>Sz\u00e1ll\u00edt\u00e1si szolg\u00e1ltat\u00e1s<\/p>\n<p><a href=\"https:\/\/moverdb.com\/hu\/car-transport-shipping\/\" data-internallinksmanager029f6b8e52c=\"2\" title=\"2026 Nemzetk\u00f6zi aut\u00f3sz\u00e1ll\u00edt\u00e1s \u00e9s j\u00e1rm\u0171sz\u00e1ll\u00edt\u00e1s \u00e1raj\u00e1nlatok\">J\u00e1rm\u0171sz\u00e1ll\u00edt\u00e1s<\/a> \u00fcgyn\u00f6k<\/p>\n<p><strong>C\u00edm:<\/strong> 8, The Quayside Maltings, High St, Mistley, Manningtree CO11 1AL<\/p>\n<p><a href=\"http:\/\/centraloceans.com\/\" target=\"_new\" rel=\"noopener\">Central Oceans UK CO UK Shipping &amp; Trading Ltd honlapja<\/a><\/p>\n<p><strong>\u00c9rt\u00e9kel\u00e9si pontsz\u00e1m: <\/strong>5<br \/> <strong>V\u00e9lem\u00e9nyek sz\u00e1ma:<\/strong> 1<br \/><a href=\"https:\/\/www.google.co.uk\/maps?cid=7638780040482065049&#038;hl=en&#038;gl=GB\" target=\"_new\" rel=\"noopener\">V\u00e9lem\u00e9nyek olvas\u00e1sa<\/a><\/p>\n<h2>ARCHIM\u00c9DESZI LOGISZTIKA<\/h2>\n<p><img decoding=\"async\" src=\"https:\/\/moverdb.com\/wp-content\/uploads\/thumbnailpanoidRERy9W0SKGvjjdQ2CTUzPwcb_clientsearch.gws-prod.gpsw408h240yaw17.jpg\" alt='ARCHIM\u00c9DESZI LOGISZTIKA' class=\"aligncenter\"><\/p>\n<p><strong>A v\u00e1llalkoz\u00e1s le\u00edr\u00e1sa: <\/strong>Az Archimedes Logistics nemzetk\u00f6zi sz\u00e1ll\u00edtm\u00e1nyoz\u00e1si \u00e9s exportsz\u00e1ll\u00edt\u00e1si szolg\u00e1ltat\u00e1sokat ny\u00fajt mindenf\u00e9le v\u00e1llalkoz\u00e1s \u00e9s mag\u00e1nszem\u00e9ly sz\u00e1m\u00e1ra.<\/p>\n<p>A sz\u00e9khely\u00fcnk a <a href=\"https:\/\/moverdb.com\/hu\/moving-to-the-uk\/\" data-internallinksmanager029f6b8e52c=\"93\" title=\"Az Egyes\u00fclt Kir\u00e1lys\u00e1gba k\u00f6lt\u00f6zik? 2022 Meg\u00e9lhet\u00e9si k\u00f6lts\u00e9gek \u00e9s k\u00f6lt\u00f6z\u00e9si tippek\">UK<\/a> a Mistley Quay, Manningtree-ben, Essexben, k\u00f6zel a <a href=\"https:\/\/moverdb.com\/hu\/top-49-container-ports\/\" data-internallinksmanager029f6b8e52c=\"80\" title=\"Top 49 legnagyobb \u00e9s legforgalmasabb kont\u00e9nerkik\u00f6t\u0151 2025-ben\">kik\u00f6t\u0151k<\/a> Harwich \u00e9s Felixstowe.<\/p>\n<p>Bar\u00e1ts\u00e1gos szak\u00e9rt\u0151i csapatunk nemzetk\u00f6zi l\u00e9gi \u00e9s tengeri sz\u00e1ll\u00edtm\u00e1nyoz\u00e1st, valamint eur\u00f3pai k\u00f6z\u00fati fuvaroz\u00e1st \u00e9s vil\u00e1gm\u00e9ret\u0171 expressz fut\u00e1rszolg\u00e1latot ny\u00fajt.<\/p>\n<p><strong>Tov\u00e1bbi szolg\u00e1ltat\u00e1sok:<\/strong><\/p>\n<p>Logisztikai szolg\u00e1ltat\u00e1s<\/p>\n<p>Sz\u00e1ll\u00edt\u00e1si szolg\u00e1ltat\u00e1s<\/p>\n<p><strong>C\u00edm:<\/strong> Unit 5, High St, Mistley Quay, Mistley, Colchester CO11 1AL<\/p>\n<p><a href=\"https:\/\/archimedeslogistics.com\/\" target=\"_new\" rel=\"noopener\">ARCHIMEDES LOGISTICS weboldal<\/a><\/p>\n<p><strong>\u00c9rt\u00e9kel\u00e9si pontsz\u00e1m: <\/strong>3.8<br \/> <strong>V\u00e9lem\u00e9nyek sz\u00e1ma:<\/strong> 5<br \/><a href=\"https:\/\/www.google.co.uk\/maps?cid=11454144430054435269&#038;hl=en&#038;gl=GB\" target=\"_new\" rel=\"noopener\">V\u00e9lem\u00e9nyek olvas\u00e1sa<\/a><\/p>\n<h2>Hogyan v\u00e1lasztottuk ki a legjobb Manningtree sz\u00e1ll\u00edtm\u00e1nyoz\u00f3 c\u00e9geket<\/h2>\n<p>2 Manningtree sz\u00e1ll\u00edtm\u00e1nyoz\u00e1si v\u00e1llalatot tartalmaz\u00f3 adatk\u00e9szlettel kezdt\u00fck, amelyeket a Google Maps seg\u00edts\u00e9g\u00e9vel tal\u00e1ltunk, \u00e9s lesz\u0171k\u00edtett\u00fck a 2 legjobbra.<\/p>\n<p>Ehhez elt\u00e1vol\u00edtottunk minden olyan v\u00e1llalatot, amely:<\/p>\n<ul>\n<li> Nem volt honlapja<\/li>\n<li> Nem volt \u00e9rt\u00e9kel\u00e9s<\/li>\n<li> 2.0 alatti \u00e1tlagos \u00e9rt\u00e9kel\u00e9si pontsz\u00e1mmal rendelkezett<\/li>\n<\/ul>\n<p>Ekkor, ha 17 vagy ann\u00e1l kevesebb sz\u00e1ll\u00edt\u00f3nk volt, akkor mindet felsoroltuk.<\/p>\n<p>Azokban a v\u00e1rosokban, ahol 17-n\u00e9l t\u00f6bb sz\u00e1ll\u00edtm\u00e1nyoz\u00f3 maradt, tov\u00e1bbi m\u00f3dos\u00edt\u00e1sokat hajtottunk v\u00e9gre az\u00e1ltal, hogy vagy megemelt\u00fck a sz\u00fcks\u00e9ges \u00e9rt\u00e9kel\u00e9si pontsz\u00e1mot (pl. a minim\u00e1lis 2,0-r\u00f3l 4,0-ra) \u00e9s\/vagy megn\u00f6velt\u00fck a sz\u00fcks\u00e9ges \u00e9rt\u00e9kel\u00e9sek minim\u00e1lis sz\u00e1m\u00e1t (pl. legal\u00e1bb 1 \u00e9rt\u00e9kel\u00e9sr\u0151l legal\u00e1bb 10-re).<\/p>\n<p>Megjegyzend\u0151, hogy csak a Google Maps \u00e1ttekint\u00e9si adatait haszn\u00e1ltuk fel, m\u00e1s, harmadik f\u00e9lt\u0151l sz\u00e1rmaz\u00f3 weboldalakat nem.<\/p>\n<p>Tov\u00e1bbi v\u00e1rosok:<\/p>\n<p><a href=\"https:\/\/moverdb.com\/hu\/szallitmanyozo\/freight-forwarding-uk\/sale-freight-forwarder\/\">Elad\u00e1s Sz\u00e1ll\u00edtm\u00e1nyoz\u00f3<\/a><br \/><a href=\"https:\/\/moverdb.com\/hu\/szallitmanyozo\/freight-forwarding-uk\/salford-freight-forwarder\/\">Salford sz\u00e1ll\u00edtm\u00e1nyoz\u00f3<\/a><br \/><a href=\"https:\/\/moverdb.com\/hu\/szallitmanyozo\/freight-forwarding-uk\/lichfield-freight-forwarder\/\">Lichfield sz\u00e1ll\u00edtm\u00e1nyoz\u00f3<\/a><br \/><a href=\"https:\/\/moverdb.com\/hu\/szallitmanyozo\/freight-forwarding-uk\/castlederg-freight-forwarder\/\">Castlederg sz\u00e1ll\u00edtm\u00e1nyoz\u00f3<\/a><br \/><a href=\"https:\/\/moverdb.com\/hu\/szallitmanyozo\/freight-forwarding-uk\/great-blakenham-freight-forwarder\/\">Nagy Blakenham sz\u00e1ll\u00edtm\u00e1nyoz\u00f3<\/a><\/p>","protected":false},"excerpt":{"rendered":"<p>Below we look at the 2 &#8220;best&#8221; Freight Forwarding companies in Manningtree out of 2. To learn more about how we chose the best please consult our FAQ section at the end. Please not the following listings are in no particular order and we are not making any recommendations for any particular company. Central Oceans [&hellip;]<\/p>\n","protected":false},"author":1,"featured_media":0,"parent":13427,"menu_order":0,"comment_status":"open","ping_status":"open","template":"","meta":{"_genesis_hide_title":false,"_genesis_hide_breadcrumbs":false,"_genesis_hide_singular_image":false,"_genesis_hide_footer_widgets":false,"_genesis_custom_body_class":"","_genesis_custom_post_class":"","_genesis_layout":"","footnotes":""},"class_list":{"0":"post-14171","1":"page","2":"type-page","3":"status-publish","5":"entry"},"_links":{"self":[{"href":"https:\/\/moverdb.com\/hu\/wp-json\/wp\/v2\/pages\/14171","targetHints":{"allow":["GET"]}}],"collection":[{"href":"https:\/\/moverdb.com\/hu\/wp-json\/wp\/v2\/pages"}],"about":[{"href":"https:\/\/moverdb.com\/hu\/wp-json\/wp\/v2\/types\/page"}],"author":[{"embeddable":true,"href":"https:\/\/moverdb.com\/hu\/wp-json\/wp\/v2\/users\/1"}],"replies":[{"embeddable":true,"href":"https:\/\/moverdb.com\/hu\/wp-json\/wp\/v2\/comments?post=14171"}],"version-history":[{"count":1,"href":"https:\/\/moverdb.com\/hu\/wp-json\/wp\/v2\/pages\/14171\/revisions"}],"predecessor-version":[{"id":15727,"href":"https:\/\/moverdb.com\/hu\/wp-json\/wp\/v2\/pages\/14171\/revisions\/15727"}],"up":[{"embeddable":true,"href":"https:\/\/moverdb.com\/hu\/wp-json\/wp\/v2\/pages\/13427"}],"wp:attachment":[{"href":"https:\/\/moverdb.com\/hu\/wp-json\/wp\/v2\/media?parent=14171"}],"curies":[{"name":"wp","href":"https:\/\/api.w.org\/{rel}","templated":true}]}}