{"id":14127,"date":"2023-11-08T15:54:40","date_gmt":"2023-11-08T15:54:40","guid":{"rendered":"https:\/\/moverdb.com\/freight-forwarder\/freight-forwarding-uk\/enfield-freight-forwarder\/"},"modified":"2026-01-08T14:56:06","modified_gmt":"2026-01-08T14:56:06","slug":"enfield-freight-forwarder","status":"publish","type":"page","link":"https:\/\/moverdb.com\/hu\/freight-forwarder\/freight-forwarding-uk\/enfield-freight-forwarder\/","title":{"rendered":"2 Legjobb Enfieldi sz\u00e1ll\u00edtm\u00e1nyoz\u00f3 c\u00e9gek (2024)"},"content":{"rendered":"<p>Az al\u00e1bbiakban a 2 <em>\"legjobb\"<\/em> Sz\u00e1ll\u00edtm\u00e1nyoz\u00f3 c\u00e9gek Enfieldben 7 k\u00f6z\u00fcl.<\/p>\n<p>Ha t\u00f6bbet szeretne megtudni arr\u00f3l, hogyan v\u00e1lasztottuk ki a legjobbakat, k\u00e9rj\u00fck, tekintse meg a v\u00e9g\u00e9n tal\u00e1lhat\u00f3 GYIK r\u00e9szt.<\/p>\n<p><em>K\u00e9rj\u00fck, ne feledje, hogy az al\u00e1bbi list\u00e1k nem \u00e1llnak meghat\u00e1rozott sorrendben, \u00e9s nem tesz\u00fcnk aj\u00e1nl\u00e1sokat egyetlen adott c\u00e9gre sem.<\/em><\/p>\n<h2>Andrews Shipping &amp; Forwarding Company 26-os egys\u00e9g<\/h2>\n<p><img decoding=\"async\" src=\"https:\/\/moverdb.com\/wp-content\/uploads\/AF1QipNxjGQuVPhNhILy9iWIVOsSYzmKYP4lHKewnaHJw408-h725-k-no.jpg\" alt='Andrews Shipping &amp; Forwarding Company 26-os egys\u00e9g' class=\"aligncenter\"><\/p>\n<p><strong>A v\u00e1llalkoz\u00e1s le\u00edr\u00e1sa: <\/strong>Nincs megadva<\/p>\n<p><strong>Tov\u00e1bbi szolg\u00e1ltat\u00e1sok:<\/strong><\/p>\n<p>Utaz\u00e1si \u00fcgyn\u00f6k<\/p>\n<p><strong>C\u00edm:<\/strong> Enfield EN3 7QN<\/p>\n<p><a href=\"http:\/\/www.andrewsshipping.co.uk\/\" target=\"_new\" rel=\"noopener\">Andrews Shipping &amp; Forwarding Company 26-os egys\u00e9g honlapja<\/a><\/p>\n<p><strong>\u00c9rt\u00e9kel\u00e9si pontsz\u00e1m: <\/strong>3.9<br \/> <strong>V\u00e9lem\u00e9nyek sz\u00e1ma:<\/strong> 64<br \/><a href=\"https:\/\/www.google.co.uk\/maps?cid=11822858387122062653&#038;hl=en&#038;gl=GB\" target=\"_new\" rel=\"noopener\">V\u00e9lem\u00e9nyek olvas\u00e1sa<\/a><\/p>\n<h2>Mondial Forwarding Ltd.<\/h2>\n<p><img decoding=\"async\" src=\"https:\/\/moverdb.com\/wp-content\/uploads\/AF1QipNhN514hM2zZ7D3NEepiXgA3t0Rkc9P2t_FR55nw427-h240-k-no.jpg\" alt='Mondial Forwarding Ltd.' class=\"aligncenter\"><\/p>\n<p><strong>A v\u00e1llalkoz\u00e1s le\u00edr\u00e1sa: <\/strong>Speci\u00e1lis fuvaroz\u00f3k a k\u00f6vetkez\u0151 helyekre \u00e9s helyr\u0151l <a href=\"https:\/\/moverdb.com\/hu\/moving-to-greece\/\" data-internallinksmanager029f6b8e52c=\"353\" title=\"G\u00f6r\u00f6gorsz\u00e1gba k\u00f6lt\u00f6zik? 2023 Meg\u00e9lhet\u00e9si k\u00f6lts\u00e9gek \u00e9s k\u00f6lt\u00f6z\u00e9si tippek\">G\u00f6r\u00f6gorsz\u00e1g<\/a>, Korfu, Kr\u00e9ta \u00e9s <a href=\"https:\/\/moverdb.com\/hu\/moving-to-cyprus\/\" data-internallinksmanager029f6b8e52c=\"377\" title=\"K\u00f6lt\u00f6z\u00e9s Ciprusra? 2023 Lakhat\u00e1si k\u00f6lts\u00e9gek \u00e9s k\u00f6lt\u00f6z\u00e9si tippek\">Ciprus<\/a>.<\/p>\n<p>Rakt\u00e1rszolg\u00e1ltat\u00f3k.<\/p>\n<p>T\u00f6bb mint 45 \u00e9ves tapasztalat.<\/p>\n<p><strong>Tov\u00e1bbi szolg\u00e1ltat\u00e1sok:<\/strong><\/p>\n<p>T\u00e1rol\u00f3 l\u00e9tes\u00edtm\u00e9ny<\/p>\n<p>Rakt\u00e1r<\/p>\n<p><strong>C\u00edm:<\/strong> 46 Lockfield Ave, Enfield EN3 7PX<\/p>\n<p><a href=\"http:\/\/www.mondialtransport.co.uk\/\" target=\"_new\" rel=\"noopener\">Mondial Forwarding Ltd honlapja<\/a><\/p>\n<p><strong>\u00c9rt\u00e9kel\u00e9si pontsz\u00e1m: <\/strong>3.7<br \/> <strong>V\u00e9lem\u00e9nyek sz\u00e1ma:<\/strong> 64<br \/><a href=\"https:\/\/www.google.co.uk\/maps?cid=10590099676430872211&#038;hl=en&#038;gl=GB\" target=\"_new\" rel=\"noopener\">V\u00e9lem\u00e9nyek olvas\u00e1sa<\/a><\/p>\n<h2>Hogyan v\u00e1lasztottuk ki a legjobb Enfieldi sz\u00e1ll\u00edtm\u00e1nyoz\u00f3 c\u00e9geket<\/h2>\n<p>7 enfieldi sz\u00e1ll\u00edtm\u00e1nyoz\u00f3 c\u00e9get tartalmaz\u00f3 adathalmazzal kezdt\u00fck, amelyeket a Google Maps seg\u00edts\u00e9g\u00e9vel tal\u00e1ltunk, \u00e9s lesz\u0171k\u00edtett\u00fck a 2 legjobbra.<\/p>\n<p>Ehhez elt\u00e1vol\u00edtottunk minden olyan v\u00e1llalatot, amely:<\/p>\n<ul>\n<li> Nem volt honlapja<\/li>\n<li> Nem volt \u00e9rt\u00e9kel\u00e9s<\/li>\n<li> 2.0 alatti \u00e1tlagos \u00e9rt\u00e9kel\u00e9si pontsz\u00e1mmal rendelkezett<\/li>\n<\/ul>\n<p>Ekkor, ha 17 vagy ann\u00e1l kevesebb sz\u00e1ll\u00edt\u00f3nk volt, akkor mindet felsoroltuk.<\/p>\n<p>Azokban a v\u00e1rosokban, ahol 17-n\u00e9l t\u00f6bb sz\u00e1ll\u00edtm\u00e1nyoz\u00f3 maradt, tov\u00e1bbi m\u00f3dos\u00edt\u00e1sokat hajtottunk v\u00e9gre az\u00e1ltal, hogy vagy megemelt\u00fck a sz\u00fcks\u00e9ges \u00e9rt\u00e9kel\u00e9si pontsz\u00e1mot (pl. a minim\u00e1lis 2,0-r\u00f3l 4,0-ra) \u00e9s\/vagy megn\u00f6velt\u00fck a sz\u00fcks\u00e9ges \u00e9rt\u00e9kel\u00e9sek minim\u00e1lis sz\u00e1m\u00e1t (pl. legal\u00e1bb 1 \u00e9rt\u00e9kel\u00e9sr\u0151l legal\u00e1bb 10-re).<\/p>\n<p>Megjegyzend\u0151, hogy csak a Google Maps \u00e1ttekint\u00e9si adatait haszn\u00e1ltuk fel, m\u00e1s, harmadik f\u00e9lt\u0151l sz\u00e1rmaz\u00f3 weboldalakat nem.<\/p>\n<p>Tov\u00e1bbi v\u00e1rosok:<\/p>\n<p><a href=\"https:\/\/moverdb.com\/hu\/szallitmanyozo\/freight-forwarding-uk\/sutton-coldfield-freight-forwarder\/\">Sutton Coldfield sz\u00e1ll\u00edtm\u00e1nyoz\u00f3<\/a><br \/><a href=\"https:\/\/moverdb.com\/hu\/szallitmanyozo\/freight-forwarding-uk\/redditch-freight-forwarder\/\">Redditch sz\u00e1ll\u00edtm\u00e1nyoz\u00f3<\/a><br \/><a href=\"https:\/\/moverdb.com\/hu\/szallitmanyozo\/freight-forwarding-uk\/greenhithe-freight-forwarder\/\">Greenhithe sz\u00e1ll\u00edtm\u00e1nyoz\u00f3<\/a><br \/><a href=\"https:\/\/moverdb.com\/hu\/szallitmanyozo\/freight-forwarding-uk\/loughborough-freight-forwarder\/\">Loughborough sz\u00e1ll\u00edtm\u00e1nyoz\u00f3<\/a><br \/><a href=\"https:\/\/moverdb.com\/hu\/szallitmanyozo\/freight-forwarding-uk\/ashby-de-la-zouch-freight-forwarder\/\">Ashby-de-la-Zouch Sz\u00e1ll\u00edtm\u00e1nyoz\u00f3<\/a><\/p>","protected":false},"excerpt":{"rendered":"<p>Below we look at the 2 &#8220;best&#8221; Freight Forwarding companies in Enfield out of 7. To learn more about how we chose the best please consult our FAQ section at the end. Please not the following listings are in no particular order and we are not making any recommendations for any particular company. Andrews Shipping [&hellip;]<\/p>\n","protected":false},"author":1,"featured_media":0,"parent":13427,"menu_order":0,"comment_status":"open","ping_status":"open","template":"","meta":{"_genesis_hide_title":false,"_genesis_hide_breadcrumbs":false,"_genesis_hide_singular_image":false,"_genesis_hide_footer_widgets":false,"_genesis_custom_body_class":"","_genesis_custom_post_class":"","_genesis_layout":"","footnotes":""},"class_list":{"0":"post-14127","1":"page","2":"type-page","3":"status-publish","5":"entry"},"_links":{"self":[{"href":"https:\/\/moverdb.com\/hu\/wp-json\/wp\/v2\/pages\/14127","targetHints":{"allow":["GET"]}}],"collection":[{"href":"https:\/\/moverdb.com\/hu\/wp-json\/wp\/v2\/pages"}],"about":[{"href":"https:\/\/moverdb.com\/hu\/wp-json\/wp\/v2\/types\/page"}],"author":[{"embeddable":true,"href":"https:\/\/moverdb.com\/hu\/wp-json\/wp\/v2\/users\/1"}],"replies":[{"embeddable":true,"href":"https:\/\/moverdb.com\/hu\/wp-json\/wp\/v2\/comments?post=14127"}],"version-history":[{"count":1,"href":"https:\/\/moverdb.com\/hu\/wp-json\/wp\/v2\/pages\/14127\/revisions"}],"predecessor-version":[{"id":15716,"href":"https:\/\/moverdb.com\/hu\/wp-json\/wp\/v2\/pages\/14127\/revisions\/15716"}],"up":[{"embeddable":true,"href":"https:\/\/moverdb.com\/hu\/wp-json\/wp\/v2\/pages\/13427"}],"wp:attachment":[{"href":"https:\/\/moverdb.com\/hu\/wp-json\/wp\/v2\/media?parent=14127"}],"curies":[{"name":"wp","href":"https:\/\/api.w.org\/{rel}","templated":true}]}}