{"id":14124,"date":"2023-11-08T15:54:40","date_gmt":"2023-11-08T15:54:40","guid":{"rendered":"https:\/\/moverdb.com\/freight-forwarder\/freight-forwarding-uk\/horley-freight-forwarder\/"},"modified":"2026-01-08T14:58:03","modified_gmt":"2026-01-08T14:58:03","slug":"horley-freight-forwarder","status":"publish","type":"page","link":"https:\/\/moverdb.com\/hu\/freight-forwarder\/freight-forwarding-uk\/horley-freight-forwarder\/","title":{"rendered":"2 Legjobb Horley sz\u00e1ll\u00edtm\u00e1nyoz\u00f3 c\u00e9gek (2024)"},"content":{"rendered":"<p>Az al\u00e1bbiakban a 2 <em>\"legjobb\"<\/em> Sz\u00e1ll\u00edtm\u00e1nyoz\u00f3 c\u00e9gek Horley v\u00e1ros\u00e1ban 5-b\u0151l.<\/p>\n<p>Ha t\u00f6bbet szeretne megtudni arr\u00f3l, hogyan v\u00e1lasztottuk ki a legjobbakat, k\u00e9rj\u00fck, tekintse meg a v\u00e9g\u00e9n tal\u00e1lhat\u00f3 GYIK r\u00e9szt.<\/p>\n<p><em>K\u00e9rj\u00fck, ne feledje, hogy az al\u00e1bbi list\u00e1k nem \u00e1llnak meghat\u00e1rozott sorrendben, \u00e9s nem tesz\u00fcnk aj\u00e1nl\u00e1sokat egyetlen adott c\u00e9gre sem.<\/em><\/p>\n<h2>DMS International Ltd.<\/h2>\n<p><img decoding=\"async\" src=\"https:\/\/moverdb.com\/wp-content\/uploads\/AF1QipPUGYskWBvhLSFrApRfWm5-GRtv3dDiA4EUyQ4_w408-h691-k-no.jpg\" alt='DMS International Ltd.' class=\"aligncenter\"><\/p>\n<p><strong>A v\u00e1llalkoz\u00e1s le\u00edr\u00e1sa: <\/strong>A DMS International Limited nemzetk\u00f6zi logisztikai szak\u00e9rt\u0151k, akik a k\u00f6vetkez\u0151kre specializ\u00e1l\u00f3dtak;<br \/>\nId\u0151kritikus munka 24\/7 vil\u00e1gszerte<br \/>\nFed\u00e9lzeti fut\u00e1r (OBC) mozg\u00e1sok 24\/7 vil\u00e1gszerte<br \/>\nAircraft ON Ground (AOG) szak\u00e9rt\u0151k 24\/\/7 vil\u00e1gszerte<br \/>\nNext Flight Out (NFO) szakemberek 24\/7 vil\u00e1gszerte<br \/>\nFulfilment, Pick and Pack \u00e9s Distribution Facilitators mind a 3PL, mind a 4PL eset\u00e9ben<br \/>\nDedik\u00e1lt j\u00e1rm\u0171sz\u00e1ll\u00edt\u00e1s (Rush Drives) 24\/7 <a href=\"https:\/\/moverdb.com\/hu\/moving-to-the-uk\/\" data-internallinksmanager029f6b8e52c=\"93\" title=\"Az Egyes\u00fclt Kir\u00e1lys\u00e1gba k\u00f6lt\u00f6zik? 2022 Meg\u00e9lhet\u00e9si k\u00f6lts\u00e9gek \u00e9s k\u00f6lt\u00f6z\u00e9si tippek\">UK<\/a> \u00e9s eg\u00e9sz Eur\u00f3pa \u00e9s azon t\u00fal<br \/>\nFut\u00e1rszolg\u00e1latunk a kis furgonokt\u00f3l a csukl\u00f3s j\u00e1rm\u0171vekig k\u00edn\u00e1l j\u00e1rm\u0171veket h\u00e1zhozsz\u00e1ll\u00edt\u00e1sra.<br \/>\nZenei\/sz\u00f3rakoztat\u00e1si ipar\u00e1gi k\u00fcl\u00f6nleges esem\u00e9nyek munk\u00e1ja vil\u00e1gszerte<br \/>\nSzem\u00e9lyre szabott, h\u00e1zon bel\u00fcli informatikai nyomon k\u00f6vet\u00e9si rendszer minden mozg\u00e1shoz<br \/>\nVan egy HUMS r\u00e9szleg\u00fcnk is, \u00e9s az emberi maradv\u00e1nyok glob\u00e1lis hazasz\u00e1ll\u00edt\u00e1s\u00e1nak specialist\u00e1i vagyunk.<\/p>\n<p><strong>Tov\u00e1bbi szolg\u00e1ltat\u00e1sok:<\/strong><\/p>\n<p>Fut\u00e1rszolg\u00e1lat<\/p>\n<p>Forgalmaz\u00e1si szolg\u00e1ltat\u00e1s<\/p>\n<p>Logisztikai szolg\u00e1ltat\u00e1s<\/p>\n<p>Sz\u00e1ll\u00edt\u00e1si szolg\u00e1ltat\u00e1s<\/p>\n<p>Rakt\u00e1r<\/p>\n<p><strong>C\u00edm:<\/strong> Units 1 &amp; 11, Bridge Industrial Estate, Balcombe Rd, Horley RH6 9HU<\/p>\n<p><a href=\"https:\/\/dms-intl.com\/\" target=\"_new\" rel=\"noopener\">DMS International Ltd honlapja<\/a><\/p>\n<p><strong>\u00c9rt\u00e9kel\u00e9si pontsz\u00e1m: <\/strong>4.5<br \/> <strong>V\u00e9lem\u00e9nyek sz\u00e1ma:<\/strong> 2<br \/><a href=\"https:\/\/www.google.co.uk\/maps?cid=16688674639725830230&#038;hl=en&#038;gl=GB\" target=\"_new\" rel=\"noopener\">V\u00e9lem\u00e9nyek olvas\u00e1sa<\/a><\/p>\n<h2>Seaspace Nemzetk\u00f6zi Sz\u00e1ll\u00edtm\u00e1nyoz\u00f3k<\/h2>\n<p><img decoding=\"async\" src=\"https:\/\/moverdb.com\/wp-content\/uploads\/thumbnailpanoidcf9WcnxAC8u-SvFzzOtosgcb_clientsearch.gws-prod.gpsw408h240yaw253.jpg\" alt='Seaspace Nemzetk\u00f6zi Sz\u00e1ll\u00edtm\u00e1nyoz\u00f3k' class=\"aligncenter\"><\/p>\n<p><strong>A v\u00e1llalkoz\u00e1s le\u00edr\u00e1sa: <\/strong>Nincs megadva<\/p>\n<p><strong>Tov\u00e1bbi szolg\u00e1ltat\u00e1sok:<\/strong><\/p>\n<p>Logisztikai szolg\u00e1ltat\u00e1s<\/p>\n<p>T\u00e1rol\u00f3 l\u00e9tes\u00edtm\u00e9ny<\/p>\n<p><strong>C\u00edm:<\/strong> Gatwick House, Peeks Brook Ln, Horley RH6 9ST<\/p>\n<p><a href=\"https:\/\/www.seaspace-int.com\/?utm_source=gmblisting&#038;utm_medium=organic&#038;utm_campaign=gmb\" target=\"_new\" rel=\"noopener\">Seaspace International Forwarders honlapja<\/a><\/p>\n<p><strong>\u00c9rt\u00e9kel\u00e9si pontsz\u00e1m: <\/strong>4.2<br \/> <strong>V\u00e9lem\u00e9nyek sz\u00e1ma:<\/strong> 12<br \/><a href=\"https:\/\/www.google.co.uk\/maps?cid=6167122230326718562&#038;hl=en&#038;gl=GB\" target=\"_new\" rel=\"noopener\">V\u00e9lem\u00e9nyek olvas\u00e1sa<\/a><\/p>\n<h2>Hogyan v\u00e1lasztottuk ki a legjobb Horley sz\u00e1ll\u00edtm\u00e1nyoz\u00f3 c\u00e9geket<\/h2>\n<p>A Google Maps seg\u00edts\u00e9g\u00e9vel 5 Horley-i sz\u00e1ll\u00edtm\u00e1nyoz\u00f3 c\u00e9get tartalmaz\u00f3 adatsorral kezdt\u00fck, \u00e9s a 2 legjobbra sz\u0171k\u00edtett\u00fck a k\u00f6rt.<\/p>\n<p>Ehhez elt\u00e1vol\u00edtottunk minden olyan v\u00e1llalatot, amely:<\/p>\n<ul>\n<li> Nem volt honlapja<\/li>\n<li> Nem volt \u00e9rt\u00e9kel\u00e9s<\/li>\n<li> 2.0 alatti \u00e1tlagos \u00e9rt\u00e9kel\u00e9si pontsz\u00e1mmal rendelkezett<\/li>\n<\/ul>\n<p>Ekkor, ha 17 vagy ann\u00e1l kevesebb sz\u00e1ll\u00edt\u00f3nk volt, akkor mindet felsoroltuk.<\/p>\n<p>Azokban a v\u00e1rosokban, ahol 17-n\u00e9l t\u00f6bb sz\u00e1ll\u00edtm\u00e1nyoz\u00f3 maradt, tov\u00e1bbi m\u00f3dos\u00edt\u00e1sokat hajtottunk v\u00e9gre az\u00e1ltal, hogy vagy megemelt\u00fck a sz\u00fcks\u00e9ges \u00e9rt\u00e9kel\u00e9si pontsz\u00e1mot (pl. a minim\u00e1lis 2,0-r\u00f3l 4,0-ra) \u00e9s\/vagy megn\u00f6velt\u00fck a sz\u00fcks\u00e9ges \u00e9rt\u00e9kel\u00e9sek minim\u00e1lis sz\u00e1m\u00e1t (pl. legal\u00e1bb 1 \u00e9rt\u00e9kel\u00e9sr\u0151l legal\u00e1bb 10-re).<\/p>\n<p>Megjegyzend\u0151, hogy csak a Google Maps \u00e1ttekint\u00e9si adatait haszn\u00e1ltuk fel, m\u00e1s, harmadik f\u00e9lt\u0151l sz\u00e1rmaz\u00f3 weboldalakat nem.<\/p>\n<p>Tov\u00e1bbi v\u00e1rosok:<\/p>\n<p><a href=\"https:\/\/moverdb.com\/hu\/szallitmanyozo\/freight-forwarding-uk\/enfield-freight-forwarder\/\">Enfield sz\u00e1ll\u00edtm\u00e1nyoz\u00f3<\/a><br \/><a href=\"https:\/\/moverdb.com\/hu\/szallitmanyozo\/freight-forwarding-uk\/sutton-coldfield-freight-forwarder\/\">Sutton Coldfield sz\u00e1ll\u00edtm\u00e1nyoz\u00f3<\/a><br \/><a href=\"https:\/\/moverdb.com\/hu\/szallitmanyozo\/freight-forwarding-uk\/redditch-freight-forwarder\/\">Redditch sz\u00e1ll\u00edtm\u00e1nyoz\u00f3<\/a><br \/><a href=\"https:\/\/moverdb.com\/hu\/szallitmanyozo\/freight-forwarding-uk\/greenhithe-freight-forwarder\/\">Greenhithe sz\u00e1ll\u00edtm\u00e1nyoz\u00f3<\/a><br \/><a href=\"https:\/\/moverdb.com\/hu\/szallitmanyozo\/freight-forwarding-uk\/loughborough-freight-forwarder\/\">Loughborough sz\u00e1ll\u00edtm\u00e1nyoz\u00f3<\/a><\/p>","protected":false},"excerpt":{"rendered":"<p>Below we look at the 2 &#8220;best&#8221; Freight Forwarding companies in Horley out of 5. To learn more about how we chose the best please consult our FAQ section at the end. Please not the following listings are in no particular order and we are not making any recommendations for any particular company. DMS International [&hellip;]<\/p>\n","protected":false},"author":1,"featured_media":0,"parent":13427,"menu_order":0,"comment_status":"open","ping_status":"open","template":"","meta":{"_genesis_hide_title":false,"_genesis_hide_breadcrumbs":false,"_genesis_hide_singular_image":false,"_genesis_hide_footer_widgets":false,"_genesis_custom_body_class":"","_genesis_custom_post_class":"","_genesis_layout":"","footnotes":""},"class_list":{"0":"post-14124","1":"page","2":"type-page","3":"status-publish","5":"entry"},"_links":{"self":[{"href":"https:\/\/moverdb.com\/hu\/wp-json\/wp\/v2\/pages\/14124","targetHints":{"allow":["GET"]}}],"collection":[{"href":"https:\/\/moverdb.com\/hu\/wp-json\/wp\/v2\/pages"}],"about":[{"href":"https:\/\/moverdb.com\/hu\/wp-json\/wp\/v2\/types\/page"}],"author":[{"embeddable":true,"href":"https:\/\/moverdb.com\/hu\/wp-json\/wp\/v2\/users\/1"}],"replies":[{"embeddable":true,"href":"https:\/\/moverdb.com\/hu\/wp-json\/wp\/v2\/comments?post=14124"}],"version-history":[{"count":1,"href":"https:\/\/moverdb.com\/hu\/wp-json\/wp\/v2\/pages\/14124\/revisions"}],"predecessor-version":[{"id":15721,"href":"https:\/\/moverdb.com\/hu\/wp-json\/wp\/v2\/pages\/14124\/revisions\/15721"}],"up":[{"embeddable":true,"href":"https:\/\/moverdb.com\/hu\/wp-json\/wp\/v2\/pages\/13427"}],"wp:attachment":[{"href":"https:\/\/moverdb.com\/hu\/wp-json\/wp\/v2\/media?parent=14124"}],"curies":[{"name":"wp","href":"https:\/\/api.w.org\/{rel}","templated":true}]}}