{"id":14112,"date":"2023-11-08T15:54:40","date_gmt":"2023-11-08T15:54:40","guid":{"rendered":"https:\/\/moverdb.com\/freight-forwarder\/freight-forwarding-uk\/bury-saint-edmunds-freight-forwarder\/"},"modified":"2026-01-08T14:55:59","modified_gmt":"2026-01-08T14:55:59","slug":"bury-saint-edmunds-freight-forwarder","status":"publish","type":"page","link":"https:\/\/moverdb.com\/hu\/freight-forwarder\/freight-forwarding-uk\/bury-saint-edmunds-freight-forwarder\/","title":{"rendered":"2 A legjobb Bury Saint Edmunds sz\u00e1ll\u00edtm\u00e1nyoz\u00f3 c\u00e9gek (2024)"},"content":{"rendered":"<p>Az al\u00e1bbiakban a 2 <em>\"legjobb\"<\/em> Sz\u00e1ll\u00edtm\u00e1nyoz\u00e1si c\u00e9gek Bury Saint Edmundsban 2 k\u00f6z\u00fcl.<\/p>\n<p>Ha t\u00f6bbet szeretne megtudni arr\u00f3l, hogyan v\u00e1lasztottuk ki a legjobbakat, k\u00e9rj\u00fck, tekintse meg a v\u00e9g\u00e9n tal\u00e1lhat\u00f3 GYIK r\u00e9szt.<\/p>\n<p><em>K\u00e9rj\u00fck, ne feledje, hogy az al\u00e1bbi list\u00e1k nem \u00e1llnak meghat\u00e1rozott sorrendben, \u00e9s nem tesz\u00fcnk aj\u00e1nl\u00e1sokat egyetlen adott c\u00e9gre sem.<\/em><\/p>\n<h2>Reed Forwarding Ltd<\/h2>\n<p><img decoding=\"async\" src=\"https:\/\/moverdb.com\/wp-content\/uploads\/AF1QipNTbTC32k9gCdbUpF0LLn1UAlicvpNxWWsZuv59w408-h544-k-no.jpg\" alt='Reed Forwarding Ltd' class=\"aligncenter\"><\/p>\n<p><strong>A v\u00e1llalkoz\u00e1s le\u00edr\u00e1sa: <\/strong>A Reed Forwarding Limited egy 1998 \u00f3ta sikeresen m\u0171k\u00f6d\u0151 f\u00fcggetlen sz\u00e1ll\u00edtm\u00e1nyoz\u00e1si v\u00e1llalkoz\u00e1s.<\/p>\n<p> Minden munkat\u00e1rsunk sok\u00e9ves tapasztalattal rendelkezik a sz\u00e1ll\u00edtm\u00e1nyoz\u00e1si \u00e9s rakt\u00e1roz\u00e1si ipar minden ter\u00fclet\u00e9n, amelyet nagyszer\u0171en alkalmazunk mindennapi tev\u00e9kenys\u00e9geink sor\u00e1n.<\/p>\n<p>B\u00fcszk\u00e9k vagyunk a szem\u00e9lyre szabott szolg\u00e1ltat\u00e1sra, amelyet minden \u00fcgyfel\u00fcnknek k\u00edn\u00e1lunk, meg\u00e9rtj\u00fck, hogy minden egyes \u00fcgyf\u00e9l ig\u00e9nyei elt\u00e9r\u0151ek, \u00e9s szolg\u00e1ltat\u00e1sunkat az \u00d6n egyedi ig\u00e9nyeihez igaz\u00edtjuk.<\/p>\n<p><strong>Tov\u00e1bbi szolg\u00e1ltat\u00e1sok:<\/strong><\/p>\n<p>Nincs list\u00e1zva<\/p>\n<p><strong>C\u00edm:<\/strong> 7 Chapel Pond Hill, Bury Saint Edmunds IP32 7HT<\/p>\n<p><a href=\"https:\/\/reedforwarding.co.uk\/\" target=\"_new\" rel=\"noopener\">Reed Forwarding Ltd honlapja<\/a><\/p>\n<p><strong>\u00c9rt\u00e9kel\u00e9si pontsz\u00e1m: <\/strong>3.1<br \/> <strong>V\u00e9lem\u00e9nyek sz\u00e1ma:<\/strong> 8<br \/><a href=\"https:\/\/www.google.co.uk\/maps?cid=15182902090348424627&#038;hl=en&#038;gl=GB\" target=\"_new\" rel=\"noopener\">V\u00e9lem\u00e9nyek olvas\u00e1sa<\/a><\/p>\n<h2>Cross Trades &amp; Logistics Ltd<\/h2>\n<p><img decoding=\"async\" src=\"https:\/\/moverdb.com\/wp-content\/uploads\/thumbnailpanoidpSrqIz_xnoORd9rZ1yInMwcb_clientsearch.gws-prod.gpsw408h240yaw175.jpg\" alt='Cross Trades &amp; Logistics Ltd' class=\"aligncenter\"><\/p>\n<p><strong>A v\u00e1llalkoz\u00e1s le\u00edr\u00e1sa: <\/strong>Nemzetk\u00f6zi logisztika l\u00e9gi, tengeri, k\u00f6z\u00fati \u00e9s vas\u00fati sz\u00e1ll\u00edt\u00e1ssal.<\/p>\n<p><strong>Tov\u00e1bbi szolg\u00e1ltat\u00e1sok:<\/strong><\/p>\n<p>Nincs list\u00e1zva<\/p>\n<p><strong>C\u00edm:<\/strong> 22 Oswyn Cl, Bury Saint Edmunds IP32 7DP<\/p>\n<p><a href=\"http:\/\/www.ctll.co.uk\/\" target=\"_new\" rel=\"noopener\">Cross Trades &amp; Logistics Ltd honlapja<\/a><\/p>\n<p><strong>\u00c9rt\u00e9kel\u00e9si pontsz\u00e1m: <\/strong>5<br \/> <strong>V\u00e9lem\u00e9nyek sz\u00e1ma:<\/strong> 1<br \/><a href=\"https:\/\/www.google.co.uk\/maps?cid=97997939429703085&#038;hl=en&#038;gl=GB\" target=\"_new\" rel=\"noopener\">V\u00e9lem\u00e9nyek olvas\u00e1sa<\/a><\/p>\n<h2>Hogyan v\u00e1lasztottuk ki a legjobb Bury Saint Edmunds sz\u00e1ll\u00edtm\u00e1nyoz\u00f3 c\u00e9geket<\/h2>\n<p>2 Bury Saint Edmunds-i sz\u00e1ll\u00edtm\u00e1nyoz\u00e1si v\u00e1llalat adathalmaz\u00e1val kezdt\u00fck, amelyeket a Google Maps seg\u00edts\u00e9g\u00e9vel tal\u00e1ltunk, \u00e9s lesz\u0171k\u00edtett\u00fck a 2 legjobbra.<\/p>\n<p>Ehhez elt\u00e1vol\u00edtottunk minden olyan v\u00e1llalatot, amely:<\/p>\n<ul>\n<li> Nem volt honlapja<\/li>\n<li> Nem volt \u00e9rt\u00e9kel\u00e9s<\/li>\n<li> 2.0 alatti \u00e1tlagos \u00e9rt\u00e9kel\u00e9si pontsz\u00e1mmal rendelkezett<\/li>\n<\/ul>\n<p>Ekkor, ha 17 vagy ann\u00e1l kevesebb sz\u00e1ll\u00edt\u00f3nk volt, akkor mindet felsoroltuk.<\/p>\n<p>Azokban a v\u00e1rosokban, ahol 17-n\u00e9l t\u00f6bb sz\u00e1ll\u00edtm\u00e1nyoz\u00f3 maradt, tov\u00e1bbi m\u00f3dos\u00edt\u00e1sokat hajtottunk v\u00e9gre az\u00e1ltal, hogy vagy megemelt\u00fck a sz\u00fcks\u00e9ges \u00e9rt\u00e9kel\u00e9si pontsz\u00e1mot (pl. a minim\u00e1lis 2,0-r\u00f3l 4,0-ra) \u00e9s\/vagy megn\u00f6velt\u00fck a sz\u00fcks\u00e9ges \u00e9rt\u00e9kel\u00e9sek minim\u00e1lis sz\u00e1m\u00e1t (pl. legal\u00e1bb 1 \u00e9rt\u00e9kel\u00e9sr\u0151l legal\u00e1bb 10-re).<\/p>\n<p>Megjegyzend\u0151, hogy csak a Google Maps \u00e1ttekint\u00e9si adatait haszn\u00e1ltuk fel, m\u00e1s, harmadik f\u00e9lt\u0151l sz\u00e1rmaz\u00f3 weboldalakat nem.<\/p>\n<p>Tov\u00e1bbi v\u00e1rosok:<\/p>\n<p><a href=\"https:\/\/moverdb.com\/hu\/szallitmanyozo\/freight-forwarding-uk\/denny-freight-forwarder\/\">Denny sz\u00e1ll\u00edtm\u00e1nyoz\u00f3<\/a><br \/><a href=\"https:\/\/moverdb.com\/hu\/szallitmanyozo\/freight-forwarding-uk\/bordon-freight-forwarder\/\">Bordon sz\u00e1ll\u00edtm\u00e1nyoz\u00f3<\/a><br \/><a href=\"https:\/\/moverdb.com\/hu\/szallitmanyozo\/freight-forwarding-uk\/pudsey-freight-forwarder\/\">Pudsey sz\u00e1ll\u00edtm\u00e1nyoz\u00f3<\/a><br \/><a href=\"https:\/\/moverdb.com\/hu\/szallitmanyozo\/freight-forwarding-uk\/horley-freight-forwarder\/\">Horley sz\u00e1ll\u00edtm\u00e1nyoz\u00f3<\/a><br \/><a href=\"https:\/\/moverdb.com\/hu\/szallitmanyozo\/freight-forwarding-uk\/enfield-freight-forwarder\/\">Enfield sz\u00e1ll\u00edtm\u00e1nyoz\u00f3<\/a><\/p>","protected":false},"excerpt":{"rendered":"<p>Below we look at the 2 &#8220;best&#8221; Freight Forwarding companies in Bury Saint Edmunds out of 2. To learn more about how we chose the best please consult our FAQ section at the end. Please not the following listings are in no particular order and we are not making any recommendations for any particular company. [&hellip;]<\/p>\n","protected":false},"author":1,"featured_media":0,"parent":13427,"menu_order":0,"comment_status":"open","ping_status":"open","template":"","meta":{"_genesis_hide_title":false,"_genesis_hide_breadcrumbs":false,"_genesis_hide_singular_image":false,"_genesis_hide_footer_widgets":false,"_genesis_custom_body_class":"","_genesis_custom_post_class":"","_genesis_layout":"","footnotes":""},"class_list":{"0":"post-14112","1":"page","2":"type-page","3":"status-publish","5":"entry"},"_links":{"self":[{"href":"https:\/\/moverdb.com\/hu\/wp-json\/wp\/v2\/pages\/14112","targetHints":{"allow":["GET"]}}],"collection":[{"href":"https:\/\/moverdb.com\/hu\/wp-json\/wp\/v2\/pages"}],"about":[{"href":"https:\/\/moverdb.com\/hu\/wp-json\/wp\/v2\/types\/page"}],"author":[{"embeddable":true,"href":"https:\/\/moverdb.com\/hu\/wp-json\/wp\/v2\/users\/1"}],"replies":[{"embeddable":true,"href":"https:\/\/moverdb.com\/hu\/wp-json\/wp\/v2\/comments?post=14112"}],"version-history":[{"count":1,"href":"https:\/\/moverdb.com\/hu\/wp-json\/wp\/v2\/pages\/14112\/revisions"}],"predecessor-version":[{"id":15709,"href":"https:\/\/moverdb.com\/hu\/wp-json\/wp\/v2\/pages\/14112\/revisions\/15709"}],"up":[{"embeddable":true,"href":"https:\/\/moverdb.com\/hu\/wp-json\/wp\/v2\/pages\/13427"}],"wp:attachment":[{"href":"https:\/\/moverdb.com\/hu\/wp-json\/wp\/v2\/media?parent=14112"}],"curies":[{"name":"wp","href":"https:\/\/api.w.org\/{rel}","templated":true}]}}