{"id":14043,"date":"2023-11-08T15:54:18","date_gmt":"2023-11-08T15:54:18","guid":{"rendered":"https:\/\/moverdb.com\/freight-forwarder\/freight-forwarding-uk\/wembley-freight-forwarder\/"},"modified":"2026-01-08T14:58:43","modified_gmt":"2026-01-08T14:58:43","slug":"wembley-freight-forwarder","status":"publish","type":"page","link":"https:\/\/moverdb.com\/hu\/freight-forwarder\/freight-forwarding-uk\/wembley-freight-forwarder\/","title":{"rendered":"2 Legjobb Wembley sz\u00e1ll\u00edtm\u00e1nyoz\u00f3 c\u00e9gek (2024)"},"content":{"rendered":"<p>Az al\u00e1bbiakban a 2 <em>\"legjobb\"<\/em> Sz\u00e1ll\u00edtm\u00e1nyoz\u00f3 c\u00e9gek Wembley-ben 8 k\u00f6z\u00fcl.<\/p>\n<p>Ha t\u00f6bbet szeretne megtudni arr\u00f3l, hogyan v\u00e1lasztottuk ki a legjobbakat, k\u00e9rj\u00fck, tekintse meg a v\u00e9g\u00e9n tal\u00e1lhat\u00f3 GYIK r\u00e9szt.<\/p>\n<p><em>K\u00e9rj\u00fck, ne feledje, hogy az al\u00e1bbi list\u00e1k nem \u00e1llnak meghat\u00e1rozott sorrendben, \u00e9s nem tesz\u00fcnk aj\u00e1nl\u00e1sokat egyetlen adott c\u00e9gre sem.<\/em><\/p>\n<h2>Air Cargo Global Kenya (www.Kenya-AirCargo.com)<\/h2>\n<p><img decoding=\"async\" src=\"https:\/\/moverdb.com\/wp-content\/uploads\/AF1QipOJY_kDodVzmgJtYC-sWixwmPVY3CyvwDW6i-MZw426-h240-k-no.jpg\" alt='Air Cargo Global Kenya (www.Kenya-AirCargo.com)' class=\"aligncenter\"><\/p>\n<p><strong>A v\u00e1llalkoz\u00e1s le\u00edr\u00e1sa: <\/strong>Az Air Cargo Globaln\u00e1l <a href=\"https:\/\/moverdb.com\/hu\/moving-companies\/moving-companies-kenya\/\" data-internallinksmanager029f6b8e52c=\"305\" title=\"4 legjobb nemzetk\u00f6zi k\u00f6lt\u00f6ztet\u0151 c\u00e9gek Keny\u00e1ban\">Kenya<\/a> vezet\u0151 fuvaroz\u00e1si szolg\u00e1ltat\u00e1st ny\u00fajtunk Keny\u00e1ba, amely k\u00f6lts\u00e9ghat\u00e9kony \u00e9s biztons\u00e1gos.<\/p>\n<p> B\u00fcszk\u00e9k vagyunk arra, hogy h\u00e1zt\u00f3l h\u00e1zig sz\u00e1ll\u00edt\u00e1st biztos\u00edtunk Keny\u00e1ba, ak\u00e1r l\u00e9gi, ak\u00e1r tengeri sz\u00e1ll\u00edtm\u00e1nyt ig\u00e9nyel a szem\u00e9lyi t\u00e1rgyak, online v\u00e1s\u00e1rl\u00e1s, felesleges poggy\u00e1sz vagy kereskedelmi rakom\u00e1ny sz\u00e1m\u00e1ra.<\/p>\n<p>K\u00edn\u00e1lunk:<\/p>\n<p>Teher\u00e1ru Keny\u00e1ba<br \/>\nTeher\u00e1ru Zimbabw\u00e9be<br \/>\nUgand\u00e1ba ir\u00e1nyul\u00f3 rakom\u00e1ny<br \/>\nSzom\u00e1li\u00e1ba ir\u00e1nyul\u00f3 rakom\u00e1ny<br \/>\nTeher\u00e1ru Afrik\u00e1ba<br \/>\nRakom\u00e1ny Ruand\u00e1ba<br \/>\nL\u00e9gi sz\u00e1ll\u00edtm\u00e1nyok Angol\u00e1ba<br \/>\nL\u00e9gi sz\u00e1ll\u00edtm\u00e1nyok <a href=\"https:\/\/moverdb.com\/hu\/moving-companies\/burkina-faso-moving-companies\/\" data-internallinksmanager029f6b8e52c=\"221\" title=\"A legjobb nemzetk\u00f6zi k\u00f6lt\u00f6ztet\u0151 c\u00e9gek Burkina Faso ter\u00fclet\u00e9n\">Burkina Faso<\/a><br \/>\nL\u00e9gi sz\u00e1ll\u00edtm\u00e1nyok Beninbe<br \/>\nL\u00e9gi sz\u00e1ll\u00edtm\u00e1nyok <a href=\"https:\/\/moverdb.com\/hu\/moving-companies\/botswana-moving-companies\/\" data-internallinksmanager029f6b8e52c=\"167\" title=\"A legjobb nemzetk\u00f6zi k\u00f6lt\u00f6ztet\u0151 c\u00e9gek Botswan\u00e1ban\">Botswana<\/a><br \/>\nL\u00e9gi \u00e1rufuvaroz\u00e1s a K\u00f6z\u00e9p-afrikai K\u00f6zt\u00e1rsas\u00e1gba<br \/>\nL\u00e9gi sz\u00e1ll\u00edtm\u00e1nyok Elef\u00e1ntcsontpartra<br \/>\nL\u00e9gi sz\u00e1ll\u00edtm\u00e1nyok <a href=\"https:\/\/moverdb.com\/hu\/moving-companies\/cameroon-moving-companies\/\" data-internallinksmanager029f6b8e52c=\"222\" title=\"A legjobb nemzetk\u00f6zi k\u00f6lt\u00f6ztet\u0151 c\u00e9gek Kamerunban\">Kamerun<\/a><br \/>\nL\u00e9gi sz\u00e1ll\u00edtm\u00e1nyok <a href=\"https:\/\/moverdb.com\/hu\/moving-companies\/algeria\/\" data-internallinksmanager029f6b8e52c=\"166\" title=\"3 legjobb nemzetk\u00f6zi k\u00f6lt\u00f6ztet\u0151 c\u00e9gek Alg\u00e9ri\u00e1ban\">Alg\u00e9ria<\/a><br \/>\nL\u00e9gi sz\u00e1ll\u00edtm\u00e1nyok <a href=\"https:\/\/moverdb.com\/hu\/moving-companies\/egypt-moving-companies\/\" data-internallinksmanager029f6b8e52c=\"200\" title=\"11 legjobb nemzetk\u00f6zi k\u00f6lt\u00f6ztet\u0151 c\u00e9gek Egyiptomban\">Egyiptom<\/a><br \/>\nL\u00e9gi sz\u00e1ll\u00edtm\u00e1nyok Nyugat-Szahar\u00e1ba<br \/>\nL\u00e9gi sz\u00e1ll\u00edtm\u00e1nyok <a href=\"https:\/\/moverdb.com\/hu\/moving-companies\/moving-companies-ethiopia\/\" data-internallinksmanager029f6b8e52c=\"214\" title=\"5 legjobb nemzetk\u00f6zi k\u00f6lt\u00f6ztet\u0151 c\u00e9gek Eti\u00f3pi\u00e1ban\">Eti\u00f3pia<\/a><br \/>\nL\u00e9gi \u00e1rufuvaroz\u00e1s Gabonba<br \/>\nL\u00e9gi sz\u00e1ll\u00edtm\u00e1nyok <a href=\"https:\/\/moverdb.com\/hu\/moving-companies\/moving-companies-ghana\/\" data-internallinksmanager029f6b8e52c=\"228\" title=\"2 A legjobb nemzetk\u00f6zi k\u00f6lt\u00f6ztet\u0151 c\u00e9gek Gh\u00e1n\u00e1ban\">Gh\u00e1na<\/a><br \/>\nL\u00e9gi \u00e1rufuvaroz\u00e1s Gambi\u00e1ba<\/p>\n<p><strong>Tov\u00e1bbi szolg\u00e1ltat\u00e1sok:<\/strong><\/p>\n<p>Fut\u00e1rszolg\u00e1lat<\/p>\n<p><strong>C\u00edm:<\/strong> Wembley Park Business Centre, Access, First Way, Wembley HA9 0JD<\/p>\n<p><a href=\"http:\/\/www.kenya-aircargo.com\/\" target=\"_new\" rel=\"noopener\">Air Cargo Global Kenya (www.Kenya-AirCargo.com) honlapja<\/a><\/p>\n<p><strong>\u00c9rt\u00e9kel\u00e9si pontsz\u00e1m: <\/strong>4.3<br \/> <strong>V\u00e9lem\u00e9nyek sz\u00e1ma:<\/strong> 11<br \/><a href=\"https:\/\/www.google.co.uk\/maps?cid=18136524815790858633&#038;hl=en&#038;gl=GB\" target=\"_new\" rel=\"noopener\">V\u00e9lem\u00e9nyek olvas\u00e1sa<\/a><\/p>\n<h2>Arab Africa Cargo Ltd (DHL Express, K\u00f6zel-Keletre, Afrik\u00e1ba ir\u00e1nyul\u00f3 sz\u00e1ll\u00edtm\u00e1nyok )<\/h2>\n<p><img decoding=\"async\" src=\"https:\/\/moverdb.com\/wp-content\/uploads\/AF1QipMecEC7NKx9s8WtQBwD4kH-jRmke_zzboxdmd5-w648-h240-k-no.jpg\" alt='Arab Africa Cargo Ltd (DHL Express, K\u00f6zel-Keletre, Afrik\u00e1ba ir\u00e1nyul\u00f3 sz\u00e1ll\u00edtm\u00e1nyok )' class=\"aligncenter\"><\/p>\n<p><strong>A v\u00e1llalkoz\u00e1s le\u00edr\u00e1sa: <\/strong>Az Arab Africa cargo gyors \u00e9s biztons\u00e1gos l\u00e9gi \u00e1rusz\u00e1ll\u00edt\u00e1st \u00e9s DHL Express szolg\u00e1ltat\u00e1sokat ny\u00fajt a <a href=\"https:\/\/moverdb.com\/hu\/moving-to-the-uk\/\" data-internallinksmanager029f6b8e52c=\"93\" title=\"Az Egyes\u00fclt Kir\u00e1lys\u00e1gba k\u00f6lt\u00f6zik? 2022 Meg\u00e9lhet\u00e9si k\u00f6lts\u00e9gek \u00e9s k\u00f6lt\u00f6z\u00e9si tippek\">UK<\/a> \u00e9s Eur\u00f3p\u00e1t\u00f3l a K\u00f6zel-Keletig, Afrik\u00e1ig, \u00c1zsi\u00e1ig \u00e9s a vil\u00e1g t\u00f6bbi r\u00e9sz\u00e9ig.<\/p>\n<p> Teljes k\u00f6r\u0171 szolg\u00e1ltat\u00e1st ny\u00fajtunk minden \u00fatvonalon, bele\u00e9rtve az expressz \u00e9s a k\u00f6zvetlen j\u00e1ratokat is.<\/p>\n<p> Ha azonban az id\u0151 nem engedi, alternat\u00edv megold\u00e1sokat is tudunk k\u00edn\u00e1lni, p\u00e9ld\u00e1ul halasztott \u00e9s \u00f6sszevont szolg\u00e1ltat\u00e1sokat, hogy a k\u00f6lts\u00e9geket a hat\u00e1rid\u0151kh\u00f6z igaz\u00edtsuk.<\/p>\n<p>Seg\u00edt\u00fcnk \u00fcgyfeleinknek szem\u00e9lyes \u00e9s kereskedelmi rakom\u00e1nyt sz\u00e1ll\u00edtani, legyen sz\u00f3 ak\u00e1r felesleges poggy\u00e1szr\u00f3l vagy raklapokr\u00f3l l\u00e9gi \u00e1rusz\u00e1ll\u00edt\u00e1ssal a vil\u00e1g t\u00f6bbi r\u00e9sz\u00e9be.<\/p>\n<p>+442030027757<\/p>\n<p><strong>Tov\u00e1bbi szolg\u00e1ltat\u00e1sok:<\/strong><\/p>\n<p>Fut\u00e1rszolg\u00e1lat<\/p>\n<p><strong>C\u00edm:<\/strong> Access Business Centre, First Way, Wembley HA9 0JD<\/p>\n<p><a href=\"http:\/\/arabafricacargo.com\/\" target=\"_new\" rel=\"noopener\">Arab Africa Cargo Ltd (DHL Express, K\u00f6zel-Keletre, Afrik\u00e1ba ir\u00e1nyul\u00f3 sz\u00e1ll\u00edtm\u00e1nyok ) weboldal<\/a><\/p>\n<p><strong>\u00c9rt\u00e9kel\u00e9si pontsz\u00e1m: <\/strong>4.5<br \/> <strong>V\u00e9lem\u00e9nyek sz\u00e1ma:<\/strong> 8<br \/><a href=\"https:\/\/www.google.co.uk\/maps?cid=2013360732440905948&#038;hl=en&#038;gl=GB\" target=\"_new\" rel=\"noopener\">V\u00e9lem\u00e9nyek olvas\u00e1sa<\/a><\/p>\n<h2>Hogyan v\u00e1lasztottuk ki a legjobb Wembley sz\u00e1ll\u00edtm\u00e1nyoz\u00f3 c\u00e9geket<\/h2>\n<p>A Google Maps seg\u00edts\u00e9g\u00e9vel 8 Wembley sz\u00e1ll\u00edtm\u00e1nyoz\u00f3 c\u00e9get tartalmaz\u00f3 adatsorral kezdt\u00fck, \u00e9s lesz\u0171k\u00edtett\u00fck a 2 legjobbra.<\/p>\n<p>Ehhez elt\u00e1vol\u00edtottunk minden olyan v\u00e1llalatot, amely:<\/p>\n<ul>\n<li> Nem volt honlapja<\/li>\n<li> Nem volt \u00e9rt\u00e9kel\u00e9s<\/li>\n<li> 2.0 alatti \u00e1tlagos \u00e9rt\u00e9kel\u00e9si pontsz\u00e1mmal rendelkezett<\/li>\n<\/ul>\n<p>Ekkor, ha 17 vagy ann\u00e1l kevesebb sz\u00e1ll\u00edt\u00f3nk volt, akkor mindet felsoroltuk.<\/p>\n<p>Azokban a v\u00e1rosokban, ahol 17-n\u00e9l t\u00f6bb sz\u00e1ll\u00edtm\u00e1nyoz\u00f3 maradt, tov\u00e1bbi m\u00f3dos\u00edt\u00e1sokat hajtottunk v\u00e9gre az\u00e1ltal, hogy vagy megemelt\u00fck a sz\u00fcks\u00e9ges \u00e9rt\u00e9kel\u00e9si pontsz\u00e1mot (pl. a minim\u00e1lis 2,0-r\u00f3l 4,0-ra) \u00e9s\/vagy megn\u00f6velt\u00fck a sz\u00fcks\u00e9ges \u00e9rt\u00e9kel\u00e9sek minim\u00e1lis sz\u00e1m\u00e1t (pl. legal\u00e1bb 1 \u00e9rt\u00e9kel\u00e9sr\u0151l legal\u00e1bb 10-re).<\/p>\n<p>Megjegyzend\u0151, hogy csak a Google Maps \u00e1ttekint\u00e9si adatait haszn\u00e1ltuk fel, m\u00e1s, harmadik f\u00e9lt\u0151l sz\u00e1rmaz\u00f3 weboldalakat nem.<\/p>\n<p>Tov\u00e1bbi v\u00e1rosok:<\/p>\n<p><a href=\"https:\/\/moverdb.com\/hu\/szallitmanyozo\/freight-forwarding-uk\/hockley-freight-forwarder\/\">Hockley sz\u00e1ll\u00edtm\u00e1nyoz\u00f3<\/a><br \/><a href=\"https:\/\/moverdb.com\/hu\/szallitmanyozo\/freight-forwarding-uk\/fareham-freight-forwarder\/\">Fareham sz\u00e1ll\u00edtm\u00e1nyoz\u00f3<\/a><br \/><a href=\"https:\/\/moverdb.com\/hu\/szallitmanyozo\/freight-forwarding-uk\/normanton-freight-forwarder\/\">Normanton sz\u00e1ll\u00edtm\u00e1nyoz\u00f3<\/a><br \/><a href=\"https:\/\/moverdb.com\/hu\/szallitmanyozo\/freight-forwarding-uk\/solihull-freight-forwarder\/\">Solihull sz\u00e1ll\u00edtm\u00e1nyoz\u00f3<\/a><br \/><a href=\"https:\/\/moverdb.com\/hu\/szallitmanyozo\/freight-forwarding-uk\/cleckheaton-freight-forwarder\/\">Cleckheaton sz\u00e1ll\u00edtm\u00e1nyoz\u00f3<\/a><\/p>","protected":false},"excerpt":{"rendered":"<p>Below we look at the 2 &#8220;best&#8221; Freight Forwarding companies in Wembley out of 8. To learn more about how we chose the best please consult our FAQ section at the end. Please not the following listings are in no particular order and we are not making any recommendations for any particular company. Air Cargo [&hellip;]<\/p>\n","protected":false},"author":1,"featured_media":0,"parent":13427,"menu_order":0,"comment_status":"open","ping_status":"open","template":"","meta":{"_genesis_hide_title":false,"_genesis_hide_breadcrumbs":false,"_genesis_hide_singular_image":false,"_genesis_hide_footer_widgets":false,"_genesis_custom_body_class":"","_genesis_custom_post_class":"","_genesis_layout":"","footnotes":""},"class_list":{"0":"post-14043","1":"page","2":"type-page","3":"status-publish","5":"entry"},"_links":{"self":[{"href":"https:\/\/moverdb.com\/hu\/wp-json\/wp\/v2\/pages\/14043","targetHints":{"allow":["GET"]}}],"collection":[{"href":"https:\/\/moverdb.com\/hu\/wp-json\/wp\/v2\/pages"}],"about":[{"href":"https:\/\/moverdb.com\/hu\/wp-json\/wp\/v2\/types\/page"}],"author":[{"embeddable":true,"href":"https:\/\/moverdb.com\/hu\/wp-json\/wp\/v2\/users\/1"}],"replies":[{"embeddable":true,"href":"https:\/\/moverdb.com\/hu\/wp-json\/wp\/v2\/comments?post=14043"}],"version-history":[{"count":1,"href":"https:\/\/moverdb.com\/hu\/wp-json\/wp\/v2\/pages\/14043\/revisions"}],"predecessor-version":[{"id":15756,"href":"https:\/\/moverdb.com\/hu\/wp-json\/wp\/v2\/pages\/14043\/revisions\/15756"}],"up":[{"embeddable":true,"href":"https:\/\/moverdb.com\/hu\/wp-json\/wp\/v2\/pages\/13427"}],"wp:attachment":[{"href":"https:\/\/moverdb.com\/hu\/wp-json\/wp\/v2\/media?parent=14043"}],"curies":[{"name":"wp","href":"https:\/\/api.w.org\/{rel}","templated":true}]}}