{"id":14034,"date":"2023-11-08T15:53:54","date_gmt":"2023-11-08T15:53:54","guid":{"rendered":"https:\/\/moverdb.com\/freight-forwarder\/freight-forwarding-uk\/newcastle-upon-tyne-freight-forwarder\/"},"modified":"2026-01-08T14:58:11","modified_gmt":"2026-01-08T14:58:11","slug":"newcastle-upon-tyne-freight-forwarder","status":"publish","type":"page","link":"https:\/\/moverdb.com\/hu\/freight-forwarder\/freight-forwarding-uk\/newcastle-upon-tyne-freight-forwarder\/","title":{"rendered":"2 A legjobb Newcastle upon Tyne sz\u00e1ll\u00edtm\u00e1nyoz\u00f3 c\u00e9gek (2024)"},"content":{"rendered":"<p>Az al\u00e1bbiakban a 2 <em>\"legjobb\"<\/em> Newcastle upon Tyne-i sz\u00e1ll\u00edtm\u00e1nyoz\u00f3 c\u00e9gek 9-b\u0151l.<\/p>\n<p>Ha t\u00f6bbet szeretne megtudni arr\u00f3l, hogyan v\u00e1lasztottuk ki a legjobbakat, k\u00e9rj\u00fck, tekintse meg a v\u00e9g\u00e9n tal\u00e1lhat\u00f3 GYIK r\u00e9szt.<\/p>\n<p><em>K\u00e9rj\u00fck, ne feledje, hogy az al\u00e1bbi list\u00e1k nem \u00e1llnak meghat\u00e1rozott sorrendben, \u00e9s nem tesz\u00fcnk aj\u00e1nl\u00e1sokat egyetlen adott c\u00e9gre sem.<\/em><\/p>\n<h2>Vil\u00e1gm\u00e9ret\u0171 rep\u00fcl\u00e9si szolg\u00e1ltat\u00e1sok<\/h2>\n<p><img decoding=\"async\" src=\"\" alt=\"Vil\u00e1gm\u00e9ret\u0171 rep\u00fcl\u00e9si szolg\u00e1ltat\u00e1sok\" class=\"aligncenter\"><\/p>\n<p><strong>A v\u00e1llalkoz\u00e1s le\u00edr\u00e1sa: <\/strong>Nincs megadva<\/p>\n<p><strong>Tov\u00e1bbi szolg\u00e1ltat\u00e1sok:<\/strong><\/p>\n<p>Nincs list\u00e1zva<\/p>\n<p><strong>C\u00edm:<\/strong> Newcastle International Airport, Airport Freightway Freight Village, Woolsington, Newcastle upon Tyne NE13 8BH<\/p>\n<p><a href=\"https:\/\/www.wfs.aero\/\" target=\"_new\" rel=\"noopener\">Worldwide Flight Services weboldal<\/a><\/p>\n<p><strong>\u00c9rt\u00e9kel\u00e9si pontsz\u00e1m: <\/strong>4.3<br \/> <strong>V\u00e9lem\u00e9nyek sz\u00e1ma:<\/strong> 10<br \/><a href=\"https:\/\/www.google.co.uk\/maps?cid=15607528302162113827&#038;hl=en&#038;gl=GB\" target=\"_new\" rel=\"noopener\">V\u00e9lem\u00e9nyek olvas\u00e1sa<\/a><\/p>\n<h2>Stadium Export Services<\/h2>\n<p><img decoding=\"async\" src=\"https:\/\/moverdb.com\/wp-content\/uploads\/AF1QipNbJpafx0rQLiLxsp-PicBp0f6XDpvl3c9HG6kw408-h271-k-no.jpg\" alt='Stadium Export Services' class=\"aligncenter\"><\/p>\n<p><strong>A v\u00e1llalkoz\u00e1s le\u00edr\u00e1sa: <\/strong>A Stadium Export Services \u00e1tfog\u00f3 exportszolg\u00e1ltat\u00e1st ny\u00fajt, amely az exportra szabott csomagol\u00e1st\u00f3l kezdve a k\u00fcl\u00f6nb\u00f6z\u0151 sz\u00e1ll\u00edt\u00e1si megold\u00e1sokig mindent k\u00edn\u00e1l.<\/p>\n<p> Hossz\u00fa t\u00e1v\u00fa fuvaroz\u00e1si szak\u00e9rtelmet \u00f6tv\u00f6z\u00fcnk az \u00d6n sz\u00e1ll\u00edt\u00e1si ig\u00e9nyeihez igaz\u00edtott fuvaroz\u00e1si szolg\u00e1ltat\u00e1scsomaggal.<\/p>\n<p> Bar\u00e1ts\u00e1gos csapatunk az \u00fat minden egyes l\u00e9p\u00e9s\u00e9n\u00e9l seg\u00edts\u00e9g\u00e9re lesz, \u00edgy a sz\u00e1ll\u00edtm\u00e1nyoz\u00e1ssal j\u00e1r\u00f3 terheket is levessz\u00fck a v\u00e1ll\u00e1r\u00f3l.<\/p>\n<p> Tapasztalt tervez\u0151, csomagol\u00f3 \u00e9s sz\u00e1ll\u00edt\u00f3 csapatunk k\u00e9szen \u00e1ll arra, hogy biztons\u00e1gos, robusztus \u00e9s k\u00f6lts\u00e9ghat\u00e9kony megold\u00e1st ny\u00fajtson \u00d6nnek, amely biztos\u00edtja, hogy t\u00e1rgyai minden alkalommal t\u00f6k\u00e9letes \u00e1llapotban \u00e9rkezzenek meg rendeltet\u00e9si hely\u00fckre.<\/p>\n<p>Neh\u00e9z \u00e1rukat kell t\u00e1rolnia? A Stadium Export Services biztons\u00e1gos rakt\u00e1rhelyis\u00e9geket k\u00edn\u00e1l \u00c9szak-Keleten.<\/p>\n<p><strong>Tov\u00e1bbi szolg\u00e1ltat\u00e1sok:<\/strong><\/p>\n<p>V\u00e1m\u00fcgyn\u00f6k<\/p>\n<p>Csomagol\u00f3 c\u00e9g<\/p>\n<p>Csomagol\u00e1si v\u00e1llalkoz\u00f3k \u00e9s szolg\u00e1ltat\u00e1sok<\/p>\n<p>Sz\u00e1ll\u00edt\u00e1si szolg\u00e1ltat\u00e1s<\/p>\n<p>T\u00e1rol\u00f3 l\u00e9tes\u00edtm\u00e9ny<\/p>\n<p>Rakt\u00e1r<\/p>\n<p><strong>C\u00edm:<\/strong> Longrigg, Swalwell, Newcastle upon Tyne NE16 3AS<\/p>\n<p><a href=\"http:\/\/www.stadiumexport.co.uk\/\" target=\"_new\" rel=\"noopener\">Stadium Export Services honlapja<\/a><\/p>\n<p><strong>\u00c9rt\u00e9kel\u00e9si pontsz\u00e1m: <\/strong>5<br \/> <strong>V\u00e9lem\u00e9nyek sz\u00e1ma:<\/strong> 10<br \/><a href=\"https:\/\/www.google.co.uk\/maps?cid=11505822617303750695&#038;hl=en&#038;gl=GB\" target=\"_new\" rel=\"noopener\">V\u00e9lem\u00e9nyek olvas\u00e1sa<\/a><\/p>\n<h2>Hogyan v\u00e1lasztottuk ki a legjobb Newcastle upon Tyne sz\u00e1ll\u00edtm\u00e1nyoz\u00e1si c\u00e9gek<\/h2>\n<p>9 Newcastle upon Tyne-i sz\u00e1ll\u00edtm\u00e1nyoz\u00f3 c\u00e9get tartalmaz\u00f3 adatk\u00e9szlettel kezdt\u00fck, amelyeket a Google Maps seg\u00edts\u00e9g\u00e9vel tal\u00e1ltunk, majd lesz\u0171k\u00edtett\u00fck a 2 legjobbra.<\/p>\n<p>Ehhez elt\u00e1vol\u00edtottunk minden olyan v\u00e1llalatot, amely:<\/p>\n<ul>\n<li> Nem volt honlapja<\/li>\n<li> Nem volt \u00e9rt\u00e9kel\u00e9s<\/li>\n<li> 2.0 alatti \u00e1tlagos \u00e9rt\u00e9kel\u00e9si pontsz\u00e1mmal rendelkezett<\/li>\n<\/ul>\n<p>Ekkor, ha 17 vagy ann\u00e1l kevesebb sz\u00e1ll\u00edt\u00f3nk volt, akkor mindet felsoroltuk.<\/p>\n<p>Azokban a v\u00e1rosokban, ahol 17-n\u00e9l t\u00f6bb sz\u00e1ll\u00edtm\u00e1nyoz\u00f3 maradt, tov\u00e1bbi m\u00f3dos\u00edt\u00e1sokat hajtottunk v\u00e9gre az\u00e1ltal, hogy vagy megemelt\u00fck a sz\u00fcks\u00e9ges \u00e9rt\u00e9kel\u00e9si pontsz\u00e1mot (pl. a minim\u00e1lis 2,0-r\u00f3l 4,0-ra) \u00e9s\/vagy megn\u00f6velt\u00fck a sz\u00fcks\u00e9ges \u00e9rt\u00e9kel\u00e9sek minim\u00e1lis sz\u00e1m\u00e1t (pl. legal\u00e1bb 1 \u00e9rt\u00e9kel\u00e9sr\u0151l legal\u00e1bb 10-re).<\/p>\n<p>Megjegyzend\u0151, hogy csak a Google Maps \u00e1ttekint\u00e9si adatait haszn\u00e1ltuk fel, m\u00e1s, harmadik f\u00e9lt\u0151l sz\u00e1rmaz\u00f3 weboldalakat nem.<\/p>\n<p>Tov\u00e1bbi v\u00e1rosok:<\/p>\n<p><a href=\"https:\/\/moverdb.com\/hu\/szallitmanyozo\/freight-forwarding-uk\/great-yarmouth-freight-forwarder\/\">Great Yarmouth sz\u00e1ll\u00edtm\u00e1nyoz\u00f3<\/a><br \/><a href=\"https:\/\/moverdb.com\/hu\/szallitmanyozo\/freight-forwarding-uk\/newport-freight-forwarder\/\">Newport sz\u00e1ll\u00edtm\u00e1nyoz\u00f3<\/a><br \/><a href=\"https:\/\/moverdb.com\/hu\/szallitmanyozo\/freight-forwarding-uk\/wembley-freight-forwarder\/\">Wembley sz\u00e1ll\u00edtm\u00e1nyoz\u00f3<\/a><br \/><a href=\"https:\/\/moverdb.com\/hu\/szallitmanyozo\/freight-forwarding-uk\/hockley-freight-forwarder\/\">Hockley sz\u00e1ll\u00edtm\u00e1nyoz\u00f3<\/a><br \/><a href=\"https:\/\/moverdb.com\/hu\/szallitmanyozo\/freight-forwarding-uk\/fareham-freight-forwarder\/\">Fareham sz\u00e1ll\u00edtm\u00e1nyoz\u00f3<\/a><\/p>","protected":false},"excerpt":{"rendered":"<p>Below we look at the 2 &#8220;best&#8221; Freight Forwarding companies in Newcastle upon Tyne out of 9. To learn more about how we chose the best please consult our FAQ section at the end. Please not the following listings are in no particular order and we are not making any recommendations for any particular company. [&hellip;]<\/p>\n","protected":false},"author":1,"featured_media":0,"parent":13427,"menu_order":0,"comment_status":"open","ping_status":"open","template":"","meta":{"_genesis_hide_title":false,"_genesis_hide_breadcrumbs":false,"_genesis_hide_singular_image":false,"_genesis_hide_footer_widgets":false,"_genesis_custom_body_class":"","_genesis_custom_post_class":"","_genesis_layout":"","footnotes":""},"class_list":{"0":"post-14034","1":"page","2":"type-page","3":"status-publish","5":"entry"},"_links":{"self":[{"href":"https:\/\/moverdb.com\/hu\/wp-json\/wp\/v2\/pages\/14034","targetHints":{"allow":["GET"]}}],"collection":[{"href":"https:\/\/moverdb.com\/hu\/wp-json\/wp\/v2\/pages"}],"about":[{"href":"https:\/\/moverdb.com\/hu\/wp-json\/wp\/v2\/types\/page"}],"author":[{"embeddable":true,"href":"https:\/\/moverdb.com\/hu\/wp-json\/wp\/v2\/users\/1"}],"replies":[{"embeddable":true,"href":"https:\/\/moverdb.com\/hu\/wp-json\/wp\/v2\/comments?post=14034"}],"version-history":[{"count":1,"href":"https:\/\/moverdb.com\/hu\/wp-json\/wp\/v2\/pages\/14034\/revisions"}],"predecessor-version":[{"id":15729,"href":"https:\/\/moverdb.com\/hu\/wp-json\/wp\/v2\/pages\/14034\/revisions\/15729"}],"up":[{"embeddable":true,"href":"https:\/\/moverdb.com\/hu\/wp-json\/wp\/v2\/pages\/13427"}],"wp:attachment":[{"href":"https:\/\/moverdb.com\/hu\/wp-json\/wp\/v2\/media?parent=14034"}],"curies":[{"name":"wp","href":"https:\/\/api.w.org\/{rel}","templated":true}]}}