{"id":14023,"date":"2023-11-08T15:53:54","date_gmt":"2023-11-08T15:53:54","guid":{"rendered":"https:\/\/moverdb.com\/freight-forwarder\/freight-forwarding-uk\/middlesex-freight-forwarder\/"},"modified":"2026-01-08T14:58:10","modified_gmt":"2026-01-08T14:58:10","slug":"middlesex-freight-forwarder","status":"publish","type":"page","link":"https:\/\/moverdb.com\/hu\/freight-forwarder\/freight-forwarding-uk\/middlesex-freight-forwarder\/","title":{"rendered":"2 Legjobb Middlesex sz\u00e1ll\u00edtm\u00e1nyoz\u00f3 c\u00e9gek (2024)"},"content":{"rendered":"<p>Az al\u00e1bbiakban a 2 <em>\"legjobb\"<\/em> Sz\u00e1ll\u00edtm\u00e1nyoz\u00e1si c\u00e9gek Middlesexben 5-b\u0151l.<\/p>\n<p>Ha t\u00f6bbet szeretne megtudni arr\u00f3l, hogyan v\u00e1lasztottuk ki a legjobbakat, k\u00e9rj\u00fck, tekintse meg a v\u00e9g\u00e9n tal\u00e1lhat\u00f3 GYIK r\u00e9szt.<\/p>\n<p><em>K\u00e9rj\u00fck, ne feledje, hogy az al\u00e1bbi list\u00e1k nem \u00e1llnak meghat\u00e1rozott sorrendben, \u00e9s nem tesz\u00fcnk aj\u00e1nl\u00e1sokat egyetlen adott c\u00e9gre sem.<\/em><\/p>\n<h2>J J Freight Solutions Ltd<\/h2>\n<p><img decoding=\"async\" src=\"https:\/\/moverdb.com\/wp-content\/uploads\/AF1QipPvOqLphcc66DJrQp8oQRalNsN9f2KZCrDFOcWew494-h240-k-no.jpg\" alt='J J Freight Solutions Ltd' class=\"aligncenter\"><\/p>\n<p><strong>A v\u00e1llalkoz\u00e1s le\u00edr\u00e1sa: <\/strong>A JJ Freight egy olyan v\u00e1llalkoz\u00e1s, amely a t\u00fals\u00falyos poggy\u00e1sz \u00e9s a nemzetk\u00f6zi k\u00f6lt\u00f6ztet\u00e9si ipar\u00e1g egyik vezet\u0151 versenyz\u0151jek\u00e9nt van jelen.<\/p>\n<p> V\u00e1llalatunk h\u00e1zhoz sz\u00e1ll\u00edtja a tulajdonos \u00e1ltal csomagolt \u00e1rukat tengeri, l\u00e9gi vagy k\u00f6z\u00fati \u00faton vil\u00e1gszerte, \u00e9s mind a mai napig a piac specialist\u00e1ja.<\/p>\n<p>A szem\u00e9lyes t\u00e1rgyakt\u00f3l kezdve a h\u00e1zi\u00e1llatokon \u00e9s a h\u00e1zi\u00e1llatokon \u00e1t az aut\u00f3kig, motorker\u00e9kp\u00e1rokig stb. b\u00e1rmit sz\u00e1ll\u00edtunk, biztos\u00edtva, hogy minden t\u00e1rgy biztons\u00e1gosan legyen becsomagolva, \u00e9s id\u0151ben \u00e9rkezzen meg a c\u00e9l\u00e1llom\u00e1sra.<\/p>\n<p><strong>Tov\u00e1bbi szolg\u00e1ltat\u00e1sok:<\/strong><\/p>\n<p>Fut\u00e1rszolg\u00e1lat<\/p>\n<p>Import-export v\u00e1llalat<\/p>\n<p>Csomagol\u00f3anyag \u00fczlet<\/p>\n<p>Sz\u00e1ll\u00edt\u00f3 c\u00e9g<\/p>\n<p>Sz\u00e1ll\u00edt\u00e1si szolg\u00e1ltat\u00e1s<\/p>\n<p>Sz\u00e1ll\u00edt\u00e1si szolg\u00e1ltat\u00e1s<\/p>\n<p>J\u00e1rm\u0171 export\u0151r<\/p>\n<p><strong>C\u00edm:<\/strong> 60-as egys\u00e9g, <a href=\"https:\/\/moverdb.com\/hu\/moving-to-phoenix\/\" data-internallinksmanager029f6b8e52c=\"62\" title=\"Phoenixbe k\u00f6lt\u00f6zik? 2022 Lakhat\u00e1si k\u00f6lts\u00e9gek \u00e9s k\u00f6lt\u00f6z\u00e9si tippek\">Phoenix<\/a> Distribution Park, Phoenix Way, Heston, Middlesex TW5 9NB<\/p>\n<p><a href=\"http:\/\/www.jjfreight.co.uk\/\" target=\"_new\" rel=\"noopener\">J J Freight Solutions Ltd honlapja<\/a><\/p>\n<p><strong>\u00c9rt\u00e9kel\u00e9si pontsz\u00e1m: <\/strong>4.8<br \/> <strong>V\u00e9lem\u00e9nyek sz\u00e1ma:<\/strong> 4<br \/><a href=\"https:\/\/www.google.co.uk\/maps?cid=17068642107029710430&#038;hl=en&#038;gl=GB\" target=\"_new\" rel=\"noopener\">V\u00e9lem\u00e9nyek olvas\u00e1sa<\/a><\/p>\n<h2>L\u00e9gi t\u00e1mogat\u00f3 szolg\u00e1ltat\u00e1sok<\/h2>\n<p><img decoding=\"async\" src=\"\" alt=\"L\u00e9gi t\u00e1mogat\u00f3 szolg\u00e1ltat\u00e1sok\" class=\"aligncenter\"><\/p>\n<p><strong>A v\u00e1llalkoz\u00e1s le\u00edr\u00e1sa: <\/strong>Nincs megadva<\/p>\n<p><strong>Tov\u00e1bbi szolg\u00e1ltat\u00e1sok:<\/strong><\/p>\n<p>Toborz\u00f3<\/p>\n<p><strong>C\u00edm:<\/strong> Northumberland Close, 1. emelet Westpoint, Stanwell, Middlesex TW19 7LN<\/p>\n<p><a href=\"http:\/\/airuk.net\/\" target=\"_new\" rel=\"noopener\">Air Support Services weboldal<\/a><\/p>\n<p><strong>\u00c9rt\u00e9kel\u00e9si pontsz\u00e1m: <\/strong>4.5<br \/> <strong>V\u00e9lem\u00e9nyek sz\u00e1ma:<\/strong> 8<br \/><a href=\"https:\/\/www.google.co.uk\/maps?cid=501882555168221795&#038;hl=en&#038;gl=GB\" target=\"_new\" rel=\"noopener\">V\u00e9lem\u00e9nyek olvas\u00e1sa<\/a><\/p>\n<h2>Hogyan v\u00e1lasztottuk ki a legjobb Middlesex sz\u00e1ll\u00edtm\u00e1nyoz\u00f3 c\u00e9geket<\/h2>\n<p>A Google Maps seg\u00edts\u00e9g\u00e9vel 5 Middlesex-i sz\u00e1ll\u00edtm\u00e1nyoz\u00f3 c\u00e9get tartalmaz\u00f3 adatsorral kezdt\u00fck, \u00e9s lesz\u0171k\u00edtett\u00fck a 2 legjobbra.<\/p>\n<p>Ehhez elt\u00e1vol\u00edtottunk minden olyan v\u00e1llalatot, amely:<\/p>\n<ul>\n<li> Nem volt honlapja<\/li>\n<li> Nem volt \u00e9rt\u00e9kel\u00e9s<\/li>\n<li> 2.0 alatti \u00e1tlagos \u00e9rt\u00e9kel\u00e9si pontsz\u00e1mmal rendelkezett<\/li>\n<\/ul>\n<p>Ekkor, ha 17 vagy ann\u00e1l kevesebb sz\u00e1ll\u00edt\u00f3nk volt, akkor mindet felsoroltuk.<\/p>\n<p>Azokban a v\u00e1rosokban, ahol 17-n\u00e9l t\u00f6bb sz\u00e1ll\u00edtm\u00e1nyoz\u00f3 maradt, tov\u00e1bbi m\u00f3dos\u00edt\u00e1sokat hajtottunk v\u00e9gre az\u00e1ltal, hogy vagy megemelt\u00fck a sz\u00fcks\u00e9ges \u00e9rt\u00e9kel\u00e9si pontsz\u00e1mot (pl. a minim\u00e1lis 2,0-r\u00f3l 4,0-ra) \u00e9s\/vagy megn\u00f6velt\u00fck a sz\u00fcks\u00e9ges \u00e9rt\u00e9kel\u00e9sek minim\u00e1lis sz\u00e1m\u00e1t (pl. legal\u00e1bb 1 \u00e9rt\u00e9kel\u00e9sr\u0151l legal\u00e1bb 10-re).<\/p>\n<p>Megjegyzend\u0151, hogy csak a Google Maps \u00e1ttekint\u00e9si adatait haszn\u00e1ltuk fel, m\u00e1s, harmadik f\u00e9lt\u0151l sz\u00e1rmaz\u00f3 weboldalakat nem.<\/p>\n<p>Tov\u00e1bbi v\u00e1rosok:<\/p>\n<p><a href=\"https:\/\/moverdb.com\/hu\/szallitmanyozo\/freight-forwarding-uk\/wisbech-freight-forwarder\/\">Wisbech sz\u00e1ll\u00edtm\u00e1nyoz\u00f3<\/a><br \/><a href=\"https:\/\/moverdb.com\/hu\/szallitmanyozo\/freight-forwarding-uk\/east-cowes-freight-forwarder\/\">East Cowes sz\u00e1ll\u00edtm\u00e1nyoz\u00f3<\/a><br \/><a href=\"https:\/\/moverdb.com\/hu\/szallitmanyozo\/freight-forwarding-uk\/bury-freight-forwarder\/\">Bury sz\u00e1ll\u00edtm\u00e1nyoz\u00f3<\/a><br \/><a href=\"https:\/\/moverdb.com\/hu\/szallitmanyozo\/freight-forwarding-uk\/newcastle-upon-tyne-freight-forwarder\/\">Newcastle upon Tyne Sz\u00e1ll\u00edtm\u00e1nyoz\u00f3<\/a><br \/><a href=\"https:\/\/moverdb.com\/hu\/szallitmanyozo\/freight-forwarding-uk\/great-yarmouth-freight-forwarder\/\">Great Yarmouth sz\u00e1ll\u00edtm\u00e1nyoz\u00f3<\/a><\/p>","protected":false},"excerpt":{"rendered":"<p>Below we look at the 2 &#8220;best&#8221; Freight Forwarding companies in Middlesex out of 5. To learn more about how we chose the best please consult our FAQ section at the end. Please not the following listings are in no particular order and we are not making any recommendations for any particular company. J J [&hellip;]<\/p>\n","protected":false},"author":1,"featured_media":0,"parent":13427,"menu_order":0,"comment_status":"open","ping_status":"open","template":"","meta":{"_genesis_hide_title":false,"_genesis_hide_breadcrumbs":false,"_genesis_hide_singular_image":false,"_genesis_hide_footer_widgets":false,"_genesis_custom_body_class":"","_genesis_custom_post_class":"","_genesis_layout":"","footnotes":""},"class_list":{"0":"post-14023","1":"page","2":"type-page","3":"status-publish","5":"entry"},"_links":{"self":[{"href":"https:\/\/moverdb.com\/hu\/wp-json\/wp\/v2\/pages\/14023","targetHints":{"allow":["GET"]}}],"collection":[{"href":"https:\/\/moverdb.com\/hu\/wp-json\/wp\/v2\/pages"}],"about":[{"href":"https:\/\/moverdb.com\/hu\/wp-json\/wp\/v2\/types\/page"}],"author":[{"embeddable":true,"href":"https:\/\/moverdb.com\/hu\/wp-json\/wp\/v2\/users\/1"}],"replies":[{"embeddable":true,"href":"https:\/\/moverdb.com\/hu\/wp-json\/wp\/v2\/comments?post=14023"}],"version-history":[{"count":1,"href":"https:\/\/moverdb.com\/hu\/wp-json\/wp\/v2\/pages\/14023\/revisions"}],"predecessor-version":[{"id":15728,"href":"https:\/\/moverdb.com\/hu\/wp-json\/wp\/v2\/pages\/14023\/revisions\/15728"}],"up":[{"embeddable":true,"href":"https:\/\/moverdb.com\/hu\/wp-json\/wp\/v2\/pages\/13427"}],"wp:attachment":[{"href":"https:\/\/moverdb.com\/hu\/wp-json\/wp\/v2\/media?parent=14023"}],"curies":[{"name":"wp","href":"https:\/\/api.w.org\/{rel}","templated":true}]}}