{"id":13993,"date":"2023-11-08T15:53:54","date_gmt":"2023-11-08T15:53:54","guid":{"rendered":"https:\/\/moverdb.com\/freight-forwarder\/freight-forwarding-uk\/maldon-freight-forwarder\/"},"modified":"2026-01-08T13:17:37","modified_gmt":"2026-01-08T13:17:37","slug":"maldon-freight-forwarder","status":"publish","type":"page","link":"https:\/\/moverdb.com\/hu\/freight-forwarder\/freight-forwarding-uk\/maldon-freight-forwarder\/","title":{"rendered":"3 legjobb Maldon sz\u00e1ll\u00edtm\u00e1nyoz\u00f3 c\u00e9gek (2024)"},"content":{"rendered":"<p>Az al\u00e1bbiakban megvizsg\u00e1ljuk a 3 <em>\"legjobb\"<\/em> Sz\u00e1ll\u00edtm\u00e1nyoz\u00f3 c\u00e9gek Maldonban 10-b\u0151l.<\/p>\n<p>Ha t\u00f6bbet szeretne megtudni arr\u00f3l, hogyan v\u00e1lasztottuk ki a legjobbakat, k\u00e9rj\u00fck, tekintse meg a v\u00e9g\u00e9n tal\u00e1lhat\u00f3 GYIK r\u00e9szt.<\/p>\n<p><em>K\u00e9rj\u00fck, ne feledje, hogy az al\u00e1bbi list\u00e1k nem \u00e1llnak meghat\u00e1rozott sorrendben, \u00e9s nem tesz\u00fcnk aj\u00e1nl\u00e1sokat egyetlen adott c\u00e9gre sem.<\/em><\/p>\n<div id=\"ez-toc-container\" class=\"ez-toc-v2_0_82_2 ez-toc-wrap-left counter-hierarchy ez-toc-counter ez-toc-transparent ez-toc-container-direction\">\n<div class=\"ez-toc-title-container\">\n<p class=\"ez-toc-title\" style=\"cursor:inherit\">Szakaszok<\/p>\n<span class=\"ez-toc-title-toggle\"><a href=\"#\" class=\"ez-toc-pull-right ez-toc-btn ez-toc-btn-xs ez-toc-btn-default ez-toc-toggle\" aria-label=\"Toggle Tartalomjegyz\u00e9k\"><span class=\"ez-toc-js-icon-con\"><span class=\"\"><span class=\"eztoc-hide\" style=\"display:none;\">Toggle<\/span><span class=\"ez-toc-icon-toggle-span\"><svg style=\"fill: #999;color:#999\" xmlns=\"http:\/\/www.w3.org\/2000\/svg\" class=\"list-377408\" width=\"20px\" height=\"20px\" viewbox=\"0 0 24 24\" fill=\"none\"><path d=\"M6 6H4v2h2V6zm14 0H8v2h12V6zM4 11h2v2H4v-2zm16 0H8v2h12v-2zM4 16h2v2H4v-2zm16 0H8v2h12v-2z\" fill=\"currentColor\"><\/path><\/svg><svg style=\"fill: #999;color:#999\" class=\"arrow-unsorted-368013\" xmlns=\"http:\/\/www.w3.org\/2000\/svg\" width=\"10px\" height=\"10px\" viewbox=\"0 0 24 24\" version=\"1.2\" baseprofile=\"tiny\"><path d=\"M18.2 9.3l-6.2-6.3-6.2 6.3c-.2.2-.3.4-.3.7s.1.5.3.7c.2.2.4.3.7.3h11c.3 0 .5-.1.7-.3.2-.2.3-.5.3-.7s-.1-.5-.3-.7zM5.8 14.7l6.2 6.3 6.2-6.3c.2-.2.3-.5.3-.7s-.1-.5-.3-.7c-.2-.2-.4-.3-.7-.3h-11c-.3 0-.5.1-.7.3-.2.2-.3.5-.3.7s.1.5.3.7z\"\/><\/svg><\/span><\/span><\/span><\/a><\/span><\/div>\n<nav><ul class='ez-toc-list ez-toc-list-level-1 eztoc-toggle-hide-by-default' ><li class='ez-toc-page-1 ez-toc-heading-level-2'><a class=\"ez-toc-link ez-toc-heading-1\" href=\"https:\/\/moverdb.com\/hu\/freight-forwarder\/freight-forwarding-uk\/maldon-freight-forwarder\/#Power_Forwarding_Ltd_Essex\" >Power Forwarding Ltd Essex<\/a><\/li><li class='ez-toc-page-1 ez-toc-heading-level-2'><a class=\"ez-toc-link ez-toc-heading-2\" href=\"https:\/\/moverdb.com\/hu\/freight-forwarder\/freight-forwarding-uk\/maldon-freight-forwarder\/#Car_Shipping_Made_Simple\" >Aut\u00f3sz\u00e1ll\u00edt\u00e1s egyszer\u0171en<\/a><\/li><li class='ez-toc-page-1 ez-toc-heading-level-2'><a class=\"ez-toc-link ez-toc-heading-3\" href=\"https:\/\/moverdb.com\/hu\/freight-forwarder\/freight-forwarding-uk\/maldon-freight-forwarder\/#Cargo_Marketing_Services_Ltd\" >Cargo Marketing Services Ltd.<\/a><\/li><li class='ez-toc-page-1 ez-toc-heading-level-2'><a class=\"ez-toc-link ez-toc-heading-4\" href=\"https:\/\/moverdb.com\/hu\/freight-forwarder\/freight-forwarding-uk\/maldon-freight-forwarder\/#How_we_picked_the_best_Maldon_Freight_Forwarding_Companies\" >Hogyan v\u00e1lasztottuk ki a legjobb Maldon sz\u00e1ll\u00edtm\u00e1nyoz\u00f3 c\u00e9geket<\/a><\/li><\/ul><\/nav><\/div>\n<h2><span class=\"ez-toc-section\" id=\"Power_Forwarding_Ltd_Essex\"><\/span>Power Forwarding Ltd Essex<span class=\"ez-toc-section-end\"><\/span><\/h2>\n<p><img decoding=\"async\" src=\"https:\/\/moverdb.com\/wp-content\/uploads\/AF1QipNldDWo1WcV0NHQxxXaIAJ9TSSP34S-EpuJFAKqw408-h593-k-no.jpg\" alt='Power Forwarding Ltd Essex' class=\"aligncenter\"><\/p>\n<p><strong>A v\u00e1llalkoz\u00e1s le\u00edr\u00e1sa: <\/strong>A Power Forwarding arra t\u00f6rekszik, hogy kik\u00fcsz\u00f6b\u00f6lje az export\u0151r\u00f6k \u00e9s import\u0151r\u00f6k sz\u00e1m\u00e1ra a sz\u00e1ll\u00edt\u00e1ssal kapcsolatos \u00f6sszes bonyolult probl\u00e9m\u00e1t.<\/p>\n<p> Szakmai \u00fatmutat\u00e1st ny\u00fajtanak, hogy a folyamat a lehet\u0151 legg\u00f6rd\u00fcl\u00e9kenyebben menjen minden \u00fcgyfel\u00fck sz\u00e1m\u00e1ra.<\/p>\n<p> Szakter\u00fclete a l\u00e9gi, tengeri, k\u00f6z\u00fati \u00e9s rakt\u00e1roz\u00e1s, valamint a v\u00e1mkezel\u00e9s.<\/p>\n<p> Gyors v\u00e1laszid\u0151t, kiv\u00e1l\u00f3 \u00e1rakat, BIFA \u00e9s FIATA akkredit\u00e1lt szem\u00e9lyzetet \u00e9s teljes m\u00e9rt\u00e9kben m\u0171k\u00f6d\u0151 glob\u00e1lis h\u00e1l\u00f3zatot k\u00edn\u00e1lnak, hogy a legjobbak legyenek a szakter\u00fclet\u00fck\u00f6n.<\/p>\n<p> Azzal a k\u00e9pess\u00e9ggel, hogy a vil\u00e1gm\u00e9ret\u0171 sz\u00e1ll\u00edt\u00e1st k\u00edn\u00e1lnak, \u0151k az \u00d6n els\u0151 <a href=\"https:\/\/moverdb.com\/hu\/top-49-container-ports\/\" data-internallinksmanager029f6b8e52c=\"80\" title=\"Top 49 legnagyobb \u00e9s legforgalmasabb kont\u00e9nerkik\u00f6t\u0151 2025-ben\">port<\/a> a nemzetk\u00f6zi exporttal vagy importtal kapcsolatos b\u00e1rmilyen k\u00e9rd\u00e9ssel kapcsolatban.<\/p>\n<p> Vegye fel a kapcsolatot a csapattal, hogy t\u00f6bbet megtudjon, \u0151k t\u00f6bb mint boldogan v\u00e1laszolnak k\u00e9rd\u00e9seire vagy k\u00e9rd\u00e9seire, b\u00e1rhogy is legyen.<\/p>\n<p><strong>Tov\u00e1bbi szolg\u00e1ltat\u00e1sok:<\/strong><\/p>\n<p>Nincs list\u00e1zva<\/p>\n<p><strong>C\u00edm:<\/strong> 12. iroda, Bentalls bev\u00e1s\u00e1rl\u00f3k\u00f6zpont, 28 Colchester Rd, Heybridge, Maldon CM9 4GD<\/p>\n<p><a href=\"http:\/\/www.powerforwarding.com\/\" target=\"_new\" rel=\"noopener\">Power Forwarding Ltd Essex weboldal<\/a><\/p>\n<p><strong>\u00c9rt\u00e9kel\u00e9si pontsz\u00e1m: <\/strong>4.3<br \/> <strong>V\u00e9lem\u00e9nyek sz\u00e1ma:<\/strong> 16<br \/><a href=\"https:\/\/www.google.co.uk\/maps?cid=14541926269948356998&#038;hl=en&#038;gl=GB\" target=\"_new\" rel=\"noopener\">V\u00e9lem\u00e9nyek olvas\u00e1sa<\/a><\/p>\n<h2><span class=\"ez-toc-section\" id=\"Car_Shipping_Made_Simple\"><\/span>Aut\u00f3sz\u00e1ll\u00edt\u00e1s egyszer\u0171en<span class=\"ez-toc-section-end\"><\/span><\/h2>\n<p><img decoding=\"async\" src=\"https:\/\/moverdb.com\/wp-content\/uploads\/AF1QipNYyFib9uPjEVa7o-aTIDoeKF_sKZmOsJyYEg1Uw426-h240-k-no.png\" alt='Aut\u00f3sz\u00e1ll\u00edt\u00e1s egyszer\u0171en' class=\"aligncenter\"><\/p>\n<p><strong>A v\u00e1llalkoz\u00e1s le\u00edr\u00e1sa: <\/strong>A <a href=\"https:\/\/moverdb.com\/hu\/car-transport-shipping\/\" data-internallinksmanager029f6b8e52c=\"2\" title=\"2026 Nemzetk\u00f6zi aut\u00f3sz\u00e1ll\u00edt\u00e1s \u00e9s j\u00e1rm\u0171sz\u00e1ll\u00edt\u00e1s \u00e1raj\u00e1nlatok\">Aut\u00f3sz\u00e1ll\u00edt\u00e1s<\/a> szak\u00e9rt\u0151k, heti export \u00e9s import szolg\u00e1ltat\u00e1sok vil\u00e1gszerte.<\/p>\n<p> \u00c1tl\u00e1that\u00f3 \u00e1rk\u00e9pz\u00e9s 24\/7 el\u00e9rhet\u0151 a weboldalunkon, teljes nyomon k\u00f6vet\u00e9s \u00e9s nyomon k\u00f6vet\u00e9s<\/p>\n<p><strong>Tov\u00e1bbi szolg\u00e1ltat\u00e1sok:<\/strong><\/p>\n<p>J\u00e1rm\u0171sz\u00e1ll\u00edt\u00f3 \u00fcgyn\u00f6k<\/p>\n<p><strong>C\u00edm:<\/strong> Fullbridge House, Fullbridge, Maldon CM9 4NX<\/p>\n<p><a href=\"http:\/\/www.carshippingmadesimple.com\/\" target=\"_new\" rel=\"noopener\">Egyszer\u0171v\u00e9 tett aut\u00f3sz\u00e1ll\u00edt\u00e1s weboldal<\/a><\/p>\n<p><strong>\u00c9rt\u00e9kel\u00e9si pontsz\u00e1m: <\/strong>4.5<br \/> <strong>V\u00e9lem\u00e9nyek sz\u00e1ma:<\/strong> 8<br \/><a href=\"https:\/\/www.google.co.uk\/maps?cid=17489635601078454444&#038;hl=en&#038;gl=GB\" target=\"_new\" rel=\"noopener\">V\u00e9lem\u00e9nyek olvas\u00e1sa<\/a><\/p>\n<h2><span class=\"ez-toc-section\" id=\"Cargo_Marketing_Services_Ltd\"><\/span>Cargo Marketing Services Ltd.<span class=\"ez-toc-section-end\"><\/span><\/h2>\n<p><img decoding=\"async\" src=\"https:\/\/moverdb.com\/wp-content\/uploads\/AF1QipPu7J42kn6yl02liPMy9JT_2Cmo_IthVFgNPsU0w426-h240-k-no.jpg\" alt='Cargo Marketing Services Ltd.' class=\"aligncenter\"><\/p>\n<p><strong>A v\u00e1llalkoz\u00e1s le\u00edr\u00e1sa: <\/strong>Nincs megadva<\/p>\n<p><strong>Tov\u00e1bbi szolg\u00e1ltat\u00e1sok:<\/strong><\/p>\n<p>Nincs list\u00e1zva<\/p>\n<p><strong>C\u00edm:<\/strong> Fullbridge House, Fullbridge, Maldon CM9 4NX<\/p>\n<p><a href=\"https:\/\/www.cargomarketing.com\/\" target=\"_new\" rel=\"noopener\">Cargo Marketing Services Ltd honlapja<\/a><\/p>\n<p><strong>\u00c9rt\u00e9kel\u00e9si pontsz\u00e1m: <\/strong>5<br \/> <strong>V\u00e9lem\u00e9nyek sz\u00e1ma:<\/strong> 1<br \/><a href=\"https:\/\/www.google.co.uk\/maps?cid=2265029552815970914&#038;hl=en&#038;gl=GB\" target=\"_new\" rel=\"noopener\">V\u00e9lem\u00e9nyek olvas\u00e1sa<\/a><\/p>\n<h2><span class=\"ez-toc-section\" id=\"How_we_picked_the_best_Maldon_Freight_Forwarding_Companies\"><\/span>Hogyan v\u00e1lasztottuk ki a legjobb Maldon sz\u00e1ll\u00edtm\u00e1nyoz\u00f3 c\u00e9geket<span class=\"ez-toc-section-end\"><\/span><\/h2>\n<p>A 10 maldoni sz\u00e1ll\u00edtm\u00e1nyoz\u00e1si v\u00e1llalatot tartalmaz\u00f3 adatsorb\u00f3l indultunk ki, amelyet a Google Maps seg\u00edts\u00e9g\u00e9vel tal\u00e1ltunk, majd lesz\u0171k\u00edtett\u00fck a 3 legjobbra.<\/p>\n<p>Ehhez elt\u00e1vol\u00edtottunk minden olyan v\u00e1llalatot, amely:<\/p>\n<ul>\n<li> Nem volt honlapja<\/li>\n<li> Nem volt \u00e9rt\u00e9kel\u00e9s<\/li>\n<li> 2.0 alatti \u00e1tlagos \u00e9rt\u00e9kel\u00e9si pontsz\u00e1mmal rendelkezett<\/li>\n<\/ul>\n<p>Ekkor, ha 17 vagy ann\u00e1l kevesebb sz\u00e1ll\u00edt\u00f3nk volt, akkor mindet felsoroltuk.<\/p>\n<p>Azokban a v\u00e1rosokban, ahol 17-n\u00e9l t\u00f6bb sz\u00e1ll\u00edtm\u00e1nyoz\u00f3 maradt, tov\u00e1bbi m\u00f3dos\u00edt\u00e1sokat hajtottunk v\u00e9gre az\u00e1ltal, hogy vagy megemelt\u00fck a sz\u00fcks\u00e9ges \u00e9rt\u00e9kel\u00e9si pontsz\u00e1mot (pl. a minim\u00e1lis 2,0-r\u00f3l 4,0-ra) \u00e9s\/vagy megn\u00f6velt\u00fck a sz\u00fcks\u00e9ges \u00e9rt\u00e9kel\u00e9sek minim\u00e1lis sz\u00e1m\u00e1t (pl. legal\u00e1bb 1 \u00e9rt\u00e9kel\u00e9sr\u0151l legal\u00e1bb 10-re).<\/p>\n<p>Megjegyzend\u0151, hogy csak a Google Maps \u00e1ttekint\u00e9si adatait haszn\u00e1ltuk fel, m\u00e1s, harmadik f\u00e9lt\u0151l sz\u00e1rmaz\u00f3 weboldalakat nem.<\/p>\n<p>Tov\u00e1bbi v\u00e1rosok:<\/p>\n<p><a href=\"https:\/\/moverdb.com\/hu\/szallitmanyozo\/freight-forwarding-uk\/bellshill-freight-forwarder\/\">Bellshill sz\u00e1ll\u00edtm\u00e1nyoz\u00f3<\/a><br \/><a href=\"https:\/\/moverdb.com\/hu\/szallitmanyozo\/freight-forwarding-uk\/middlesbrough-freight-forwarder\/\">Middlesbrough Sz\u00e1ll\u00edtm\u00e1nyoz\u00f3<\/a><br \/><a href=\"https:\/\/moverdb.com\/hu\/szallitmanyozo\/freight-forwarding-uk\/hessle-freight-forwarder\/\">Hessle sz\u00e1ll\u00edtm\u00e1nyoz\u00f3<\/a><br \/><a href=\"https:\/\/moverdb.com\/hu\/szallitmanyozo\/freight-forwarding-uk\/newtownabbey-freight-forwarder\/\">Newtownabbey Sz\u00e1ll\u00edtm\u00e1nyoz\u00f3<\/a><br \/><a href=\"https:\/\/moverdb.com\/hu\/szallitmanyozo\/freight-forwarding-uk\/preston-freight-forwarder\/\">Preston sz\u00e1ll\u00edtm\u00e1nyoz\u00f3<\/a><\/p>","protected":false},"excerpt":{"rendered":"<p>Below we look at the 3 &#8220;best&#8221; Freight Forwarding companies in Maldon out of 10. To learn more about how we chose the best please consult our FAQ section at the end. Please not the following listings are in no particular order and we are not making any recommendations for any particular company. Power Forwarding [&hellip;]<\/p>\n","protected":false},"author":1,"featured_media":0,"parent":13427,"menu_order":0,"comment_status":"open","ping_status":"open","template":"","meta":{"_genesis_hide_title":false,"_genesis_hide_breadcrumbs":false,"_genesis_hide_singular_image":false,"_genesis_hide_footer_widgets":false,"_genesis_custom_body_class":"","_genesis_custom_post_class":"","_genesis_layout":"","footnotes":""},"class_list":{"0":"post-13993","1":"page","2":"type-page","3":"status-publish","5":"entry"},"_links":{"self":[{"href":"https:\/\/moverdb.com\/hu\/wp-json\/wp\/v2\/pages\/13993","targetHints":{"allow":["GET"]}}],"collection":[{"href":"https:\/\/moverdb.com\/hu\/wp-json\/wp\/v2\/pages"}],"about":[{"href":"https:\/\/moverdb.com\/hu\/wp-json\/wp\/v2\/types\/page"}],"author":[{"embeddable":true,"href":"https:\/\/moverdb.com\/hu\/wp-json\/wp\/v2\/users\/1"}],"replies":[{"embeddable":true,"href":"https:\/\/moverdb.com\/hu\/wp-json\/wp\/v2\/comments?post=13993"}],"version-history":[{"count":1,"href":"https:\/\/moverdb.com\/hu\/wp-json\/wp\/v2\/pages\/13993\/revisions"}],"predecessor-version":[{"id":15770,"href":"https:\/\/moverdb.com\/hu\/wp-json\/wp\/v2\/pages\/13993\/revisions\/15770"}],"up":[{"embeddable":true,"href":"https:\/\/moverdb.com\/hu\/wp-json\/wp\/v2\/pages\/13427"}],"wp:attachment":[{"href":"https:\/\/moverdb.com\/hu\/wp-json\/wp\/v2\/media?parent=13993"}],"curies":[{"name":"wp","href":"https:\/\/api.w.org\/{rel}","templated":true}]}}