{"id":13985,"date":"2023-11-08T15:53:54","date_gmt":"2023-11-08T15:53:54","guid":{"rendered":"https:\/\/moverdb.com\/freight-forwarder\/freight-forwarding-uk\/dagenham-freight-forwarder\/"},"modified":"2026-01-08T13:17:28","modified_gmt":"2026-01-08T13:17:28","slug":"dagenham-freight-forwarder","status":"publish","type":"page","link":"https:\/\/moverdb.com\/hu\/freight-forwarder\/freight-forwarding-uk\/dagenham-freight-forwarder\/","title":{"rendered":"3 Legjobb Dagenham sz\u00e1ll\u00edtm\u00e1nyoz\u00f3 c\u00e9gek (2024)"},"content":{"rendered":"<p>Az al\u00e1bbiakban megvizsg\u00e1ljuk a 3 <em>\"legjobb\"<\/em> Sz\u00e1ll\u00edtm\u00e1nyoz\u00e1si c\u00e9gek Dagenhamban 9-b\u0151l.<\/p>\n<p>Ha t\u00f6bbet szeretne megtudni arr\u00f3l, hogyan v\u00e1lasztottuk ki a legjobbakat, k\u00e9rj\u00fck, tekintse meg a v\u00e9g\u00e9n tal\u00e1lhat\u00f3 GYIK r\u00e9szt.<\/p>\n<p><em>K\u00e9rj\u00fck, ne feledje, hogy az al\u00e1bbi list\u00e1k nem \u00e1llnak meghat\u00e1rozott sorrendben, \u00e9s nem tesz\u00fcnk aj\u00e1nl\u00e1sokat egyetlen adott c\u00e9gre sem.<\/em><\/p>\n<div id=\"ez-toc-container\" class=\"ez-toc-v2_0_82_2 ez-toc-wrap-left counter-hierarchy ez-toc-counter ez-toc-transparent ez-toc-container-direction\">\n<div class=\"ez-toc-title-container\">\n<p class=\"ez-toc-title\" style=\"cursor:inherit\">Szakaszok<\/p>\n<span class=\"ez-toc-title-toggle\"><a href=\"#\" class=\"ez-toc-pull-right ez-toc-btn ez-toc-btn-xs ez-toc-btn-default ez-toc-toggle\" aria-label=\"Toggle Tartalomjegyz\u00e9k\"><span class=\"ez-toc-js-icon-con\"><span class=\"\"><span class=\"eztoc-hide\" style=\"display:none;\">Toggle<\/span><span class=\"ez-toc-icon-toggle-span\"><svg style=\"fill: #999;color:#999\" xmlns=\"http:\/\/www.w3.org\/2000\/svg\" class=\"list-377408\" width=\"20px\" height=\"20px\" viewbox=\"0 0 24 24\" fill=\"none\"><path d=\"M6 6H4v2h2V6zm14 0H8v2h12V6zM4 11h2v2H4v-2zm16 0H8v2h12v-2zM4 16h2v2H4v-2zm16 0H8v2h12v-2z\" fill=\"currentColor\"><\/path><\/svg><svg style=\"fill: #999;color:#999\" class=\"arrow-unsorted-368013\" xmlns=\"http:\/\/www.w3.org\/2000\/svg\" width=\"10px\" height=\"10px\" viewbox=\"0 0 24 24\" version=\"1.2\" baseprofile=\"tiny\"><path d=\"M18.2 9.3l-6.2-6.3-6.2 6.3c-.2.2-.3.4-.3.7s.1.5.3.7c.2.2.4.3.7.3h11c.3 0 .5-.1.7-.3.2-.2.3-.5.3-.7s-.1-.5-.3-.7zM5.8 14.7l6.2 6.3 6.2-6.3c.2-.2.3-.5.3-.7s-.1-.5-.3-.7c-.2-.2-.4-.3-.7-.3h-11c-.3 0-.5.1-.7.3-.2.2-.3.5-.3.7s.1.5.3.7z\"\/><\/svg><\/span><\/span><\/span><\/a><\/span><\/div>\n<nav><ul class='ez-toc-list ez-toc-list-level-1 eztoc-toggle-hide-by-default' ><li class='ez-toc-page-1 ez-toc-heading-level-2'><a class=\"ez-toc-link ez-toc-heading-1\" href=\"https:\/\/moverdb.com\/hu\/freight-forwarder\/freight-forwarding-uk\/dagenham-freight-forwarder\/#APA_AIRLINES_MANAGEMENT\" >APA L\u00c9GIT\u00c1RSAS\u00c1GOK IR\u00c1NY\u00cdT\u00c1SA<\/a><\/li><li class='ez-toc-page-1 ez-toc-heading-level-2'><a class=\"ez-toc-link ez-toc-heading-2\" href=\"https:\/\/moverdb.com\/hu\/freight-forwarder\/freight-forwarding-uk\/dagenham-freight-forwarder\/#H_A_Mandate_Cargo_Services\" >H&amp;A Mand\u00e1tum Cargo Services<\/a><\/li><li class='ez-toc-page-1 ez-toc-heading-level-2'><a class=\"ez-toc-link ez-toc-heading-3\" href=\"https:\/\/moverdb.com\/hu\/freight-forwarder\/freight-forwarding-uk\/dagenham-freight-forwarder\/#Worldwide_Logistics_Group_UK\" >Worldwide Logistics Group UK<\/a><\/li><li class='ez-toc-page-1 ez-toc-heading-level-2'><a class=\"ez-toc-link ez-toc-heading-4\" href=\"https:\/\/moverdb.com\/hu\/freight-forwarder\/freight-forwarding-uk\/dagenham-freight-forwarder\/#How_we_picked_the_best_Dagenham_Freight_Forwarding_Companies\" >Hogyan v\u00e1lasztottuk ki a legjobb dagenhami sz\u00e1ll\u00edtm\u00e1nyoz\u00f3 c\u00e9geket<\/a><\/li><\/ul><\/nav><\/div>\n<h2><span class=\"ez-toc-section\" id=\"APA_AIRLINES_MANAGEMENT\"><\/span>APA L\u00c9GIT\u00c1RSAS\u00c1GOK IR\u00c1NY\u00cdT\u00c1SA<span class=\"ez-toc-section-end\"><\/span><\/h2>\n<p><img decoding=\"async\" src=\"https:\/\/moverdb.com\/wp-content\/uploads\/AF1QipOQX1SN_oPFzNhG06Qj-UB4JGrjdQ3_So8PvueKw408-h306-k-no.jpg\" alt='APA L\u00c9GIT\u00c1RSAS\u00c1GOK IR\u00c1NY\u00cdT\u00c1SA' class=\"aligncenter\"><\/p>\n<p><strong>A v\u00e1llalkoz\u00e1s le\u00edr\u00e1sa: <\/strong>L\u00e9git\u00e1rsas\u00e1gi nagykeresked\u0151k \u00e9s szakosodott sz\u00e1ll\u00edtm\u00e1nyoz\u00f3k a k\u00f6vetkez\u0151kt\u0151l <a href=\"https:\/\/moverdb.com\/hu\/moving-to-the-uk\/\" data-internallinksmanager029f6b8e52c=\"93\" title=\"Az Egyes\u00fclt Kir\u00e1lys\u00e1gba k\u00f6lt\u00f6zik? 2022 Meg\u00e9lhet\u00e9si k\u00f6lts\u00e9gek \u00e9s k\u00f6lt\u00f6z\u00e9si tippek\">UK<\/a> Lagosba, <a href=\"https:\/\/moverdb.com\/hu\/moving-companies\/moving-companies-nigeria\/\" data-internallinksmanager029f6b8e52c=\"280\" title=\"10 Legjobb nemzetk\u00f6zi k\u00f6lt\u00f6ztet\u0151 c\u00e9gek Nig\u00e9ria\">Nig\u00e9ria<\/a>.<\/p>\n<p>Vil\u00e1gszerte <a href=\"https:\/\/moverdb.com\/hu\/freight-forwarder\/\" data-internallinksmanager029f6b8e52c=\"17\" title=\"Sz\u00e1ll\u00edtm\u00e1nyoz\u00f3 \u00e9s NVOCC nemzetk\u00f6zi k\u00f6lts\u00e9g \u00e9s c\u00e9gek \u00fatmutat\u00f3ja\">Sz\u00e1ll\u00edtm\u00e1nyoz\u00f3<\/a>.<\/p>\n<p><strong>Tov\u00e1bbi szolg\u00e1ltat\u00e1sok:<\/strong><\/p>\n<p>V\u00e1llalati iroda<\/p>\n<p><strong>C\u00edm:<\/strong> 13A egys\u00e9g, Heathway Ipari Park, Off <a href=\"\" data-internallinksmanager029f6b8e52c=\"52\" title=\"Manchester\">Manchester<\/a> Way, Wantz Rd, Dagenham RM10 8PN<\/p>\n<p><a href=\"https:\/\/apaairlines.com\/\" target=\"_new\" rel=\"noopener\">APA AIRLINES MANAGEMENT honlapja<\/a><\/p>\n<p><strong>\u00c9rt\u00e9kel\u00e9si pontsz\u00e1m: <\/strong>4.1<br \/> <strong>V\u00e9lem\u00e9nyek sz\u00e1ma:<\/strong> 12<br \/><a href=\"https:\/\/www.google.co.uk\/maps?cid=2369266708385342453&#038;hl=en&#038;gl=GB\" target=\"_new\" rel=\"noopener\">V\u00e9lem\u00e9nyek olvas\u00e1sa<\/a><\/p>\n<h2><span class=\"ez-toc-section\" id=\"H_A_Mandate_Cargo_Services\"><\/span>H&amp;A Mand\u00e1tum Cargo Services<span class=\"ez-toc-section-end\"><\/span><\/h2>\n<p><img decoding=\"async\" src=\"https:\/\/moverdb.com\/wp-content\/uploads\/AF1QipPAy1YZT2KrcJQTwK-PeL-UFl1Tn352wevkpv7Pw408-h306-k-no.jpg\" alt='H&amp;A Mand\u00e1tum Cargo Services' class=\"aligncenter\"><\/p>\n<p><strong>A v\u00e1llalkoz\u00e1s le\u00edr\u00e1sa: <\/strong>Teher\u00e1ru Nig\u00e9ri\u00e1ba.<\/p>\n<p> Mi vagyunk egy alacsony k\u00f6lts\u00e9g\u0171 l\u00e9gi, tengeri sz\u00e1ll\u00edtm\u00e1nyoz\u00e1s, \u00e9s <a href=\"https:\/\/moverdb.com\/hu\/international-money-transfer-services\/\" data-internallinksmanager029f6b8e52c=\"239\" title=\"11 Legjobb nemzetk\u00f6zi p\u00e9nz\u00e1tutal\u00e1si szolg\u00e1ltat\u00e1sok 2026-ben\">p\u00e9nz\u00e1tutal\u00e1s<\/a> c\u00e9g.<\/p>\n<p> Az Egyes\u00fclt Kir\u00e1lys\u00e1g \u00e9s Nig\u00e9ria k\u00f6z\u00f6tt m\u0171k\u00f6d\u00fcnk.<\/p>\n<p> \u00c1rk\u00e9pz\u00e9s\u00fcnk egyed\u00fcl\u00e1ll\u00f3, \u00e9s a sz\u00e1ll\u00edt\u00e1s garant\u00e1ltan n\u00e9h\u00e1ny napon bel\u00fcl t\u00f6rt\u00e9nik.<\/p>\n<p><strong>Tov\u00e1bbi szolg\u00e1ltat\u00e1sok:<\/strong><\/p>\n<p>Nincs list\u00e1zva<\/p>\n<p><strong>C\u00edm:<\/strong> 221 Reede Rd, Dagenham RM10 8EH<\/p>\n<p><a href=\"http:\/\/www.handamandate.co.uk\/\" target=\"_new\" rel=\"noopener\">H&amp;A Mandate Cargo Services honlapja<\/a><\/p>\n<p><strong>\u00c9rt\u00e9kel\u00e9si pontsz\u00e1m: <\/strong>3.8<br \/> <strong>V\u00e9lem\u00e9nyek sz\u00e1ma:<\/strong> 8<br \/><a href=\"https:\/\/www.google.co.uk\/maps?cid=918139188002691525&#038;hl=en&#038;gl=GB\" target=\"_new\" rel=\"noopener\">V\u00e9lem\u00e9nyek olvas\u00e1sa<\/a><\/p>\n<h2><span class=\"ez-toc-section\" id=\"Worldwide_Logistics_Group_UK\"><\/span>Worldwide Logistics Group UK<span class=\"ez-toc-section-end\"><\/span><\/h2>\n<p><img decoding=\"async\" src=\"https:\/\/moverdb.com\/wp-content\/uploads\/AF1QipN_skR5BP8K0vnt5CzjAtyxsduBWjdlGfz_qNRqw408-h544-k-no.jpg\" alt='Worldwide Logistics Group UK' class=\"aligncenter\"><\/p>\n<p><strong>A v\u00e1llalkoz\u00e1s le\u00edr\u00e1sa: <\/strong>A Worldwide Logistics UK egy U.<\/p>\n<p>K.<\/p>\n<p> sz\u00e9khely\u0171 sz\u00e1ll\u00edtm\u00e1nyoz\u00e1si v\u00e1llalat, amely import \u00e9s export szolg\u00e1ltat\u00e1sokat k\u00edn\u00e1l a vil\u00e1g minden t\u00e1j\u00e1n.<\/p>\n<p> FBA \u00e9s kereskedelmi sz\u00e1ll\u00edtm\u00e1nyokra szakosodott.<\/p>\n<p> A rakt\u00e1rhelyis\u00e9gek az eg\u00e9sz U.<\/p>\n<p>K.<\/p>\n<p><strong>Tov\u00e1bbi szolg\u00e1ltat\u00e1sok:<\/strong><\/p>\n<p>Logisztikai szolg\u00e1ltat\u00e1s<\/p>\n<p>Rakt\u00e1r<\/p>\n<p><strong>C\u00edm:<\/strong> 16-os egys\u00e9g Thames Gateway Park, Chequers Ln, Dagenham RM9 6FB<\/p>\n<p><a href=\"https:\/\/worldwidelogisticsltd.com\/uk\/\" target=\"_new\" rel=\"noopener\">Worldwide Logistics Group UK honlapja<\/a><\/p>\n<p><strong>\u00c9rt\u00e9kel\u00e9si pontsz\u00e1m: <\/strong>4.3<br \/> <strong>V\u00e9lem\u00e9nyek sz\u00e1ma:<\/strong> 34<br \/><a href=\"https:\/\/www.google.co.uk\/maps?cid=13452110533918890274&#038;hl=en&#038;gl=GB\" target=\"_new\" rel=\"noopener\">V\u00e9lem\u00e9nyek olvas\u00e1sa<\/a><\/p>\n<h2><span class=\"ez-toc-section\" id=\"How_we_picked_the_best_Dagenham_Freight_Forwarding_Companies\"><\/span>Hogyan v\u00e1lasztottuk ki a legjobb dagenhami sz\u00e1ll\u00edtm\u00e1nyoz\u00f3 c\u00e9geket<span class=\"ez-toc-section-end\"><\/span><\/h2>\n<p>9 dagenhami sz\u00e1ll\u00edtm\u00e1nyoz\u00f3 c\u00e9get tartalmaz\u00f3 adatk\u00e9szlettel kezdt\u00fck, amelyeket a Google Maps seg\u00edts\u00e9g\u00e9vel tal\u00e1ltunk, majd lesz\u0171k\u00edtett\u00fck a 3 legjobbra.<\/p>\n<p>Ehhez elt\u00e1vol\u00edtottunk minden olyan v\u00e1llalatot, amely:<\/p>\n<ul>\n<li> Nem volt honlapja<\/li>\n<li> Nem volt \u00e9rt\u00e9kel\u00e9s<\/li>\n<li> 2.0 alatti \u00e1tlagos \u00e9rt\u00e9kel\u00e9si pontsz\u00e1mmal rendelkezett<\/li>\n<\/ul>\n<p>Ekkor, ha 17 vagy ann\u00e1l kevesebb sz\u00e1ll\u00edt\u00f3nk volt, akkor mindet felsoroltuk.<\/p>\n<p>Azokban a v\u00e1rosokban, ahol 17-n\u00e9l t\u00f6bb sz\u00e1ll\u00edtm\u00e1nyoz\u00f3 maradt, tov\u00e1bbi m\u00f3dos\u00edt\u00e1sokat hajtottunk v\u00e9gre az\u00e1ltal, hogy vagy megemelt\u00fck a sz\u00fcks\u00e9ges \u00e9rt\u00e9kel\u00e9si pontsz\u00e1mot (pl. a minim\u00e1lis 2,0-r\u00f3l 4,0-ra) \u00e9s\/vagy megn\u00f6velt\u00fck a sz\u00fcks\u00e9ges \u00e9rt\u00e9kel\u00e9sek minim\u00e1lis sz\u00e1m\u00e1t (pl. legal\u00e1bb 1 \u00e9rt\u00e9kel\u00e9sr\u0151l legal\u00e1bb 10-re).<\/p>\n<p>Megjegyzend\u0151, hogy csak a Google Maps \u00e1ttekint\u00e9si adatait haszn\u00e1ltuk fel, m\u00e1s, harmadik f\u00e9lt\u0151l sz\u00e1rmaz\u00f3 weboldalakat nem.<\/p>\n<p>Tov\u00e1bbi v\u00e1rosok:<\/p>\n<p><a href=\"https:\/\/moverdb.com\/hu\/szallitmanyozo\/freight-forwarding-uk\/renfrew-freight-forwarder\/\">Renfrew sz\u00e1ll\u00edtm\u00e1nyoz\u00f3<\/a><br \/><a href=\"https:\/\/moverdb.com\/hu\/szallitmanyozo\/freight-forwarding-uk\/maldon-freight-forwarder\/\">Maldon sz\u00e1ll\u00edtm\u00e1nyoz\u00f3<\/a><br \/><a href=\"https:\/\/moverdb.com\/hu\/szallitmanyozo\/freight-forwarding-uk\/bellshill-freight-forwarder\/\">Bellshill sz\u00e1ll\u00edtm\u00e1nyoz\u00f3<\/a><br \/><a href=\"https:\/\/moverdb.com\/hu\/szallitmanyozo\/freight-forwarding-uk\/middlesbrough-freight-forwarder\/\">Middlesbrough Sz\u00e1ll\u00edtm\u00e1nyoz\u00f3<\/a><br \/><a href=\"https:\/\/moverdb.com\/hu\/szallitmanyozo\/freight-forwarding-uk\/hessle-freight-forwarder\/\">Hessle sz\u00e1ll\u00edtm\u00e1nyoz\u00f3<\/a><\/p>","protected":false},"excerpt":{"rendered":"<p>Below we look at the 3 &#8220;best&#8221; Freight Forwarding companies in Dagenham out of 9. To learn more about how we chose the best please consult our FAQ section at the end. Please not the following listings are in no particular order and we are not making any recommendations for any particular company. APA AIRLINES [&hellip;]<\/p>\n","protected":false},"author":1,"featured_media":0,"parent":13427,"menu_order":0,"comment_status":"open","ping_status":"open","template":"","meta":{"_genesis_hide_title":false,"_genesis_hide_breadcrumbs":false,"_genesis_hide_singular_image":false,"_genesis_hide_footer_widgets":false,"_genesis_custom_body_class":"","_genesis_custom_post_class":"","_genesis_layout":"","footnotes":""},"class_list":{"0":"post-13985","1":"page","2":"type-page","3":"status-publish","5":"entry"},"_links":{"self":[{"href":"https:\/\/moverdb.com\/hu\/wp-json\/wp\/v2\/pages\/13985","targetHints":{"allow":["GET"]}}],"collection":[{"href":"https:\/\/moverdb.com\/hu\/wp-json\/wp\/v2\/pages"}],"about":[{"href":"https:\/\/moverdb.com\/hu\/wp-json\/wp\/v2\/types\/page"}],"author":[{"embeddable":true,"href":"https:\/\/moverdb.com\/hu\/wp-json\/wp\/v2\/users\/1"}],"replies":[{"embeddable":true,"href":"https:\/\/moverdb.com\/hu\/wp-json\/wp\/v2\/comments?post=13985"}],"version-history":[{"count":1,"href":"https:\/\/moverdb.com\/hu\/wp-json\/wp\/v2\/pages\/13985\/revisions"}],"predecessor-version":[{"id":15764,"href":"https:\/\/moverdb.com\/hu\/wp-json\/wp\/v2\/pages\/13985\/revisions\/15764"}],"up":[{"embeddable":true,"href":"https:\/\/moverdb.com\/hu\/wp-json\/wp\/v2\/pages\/13427"}],"wp:attachment":[{"href":"https:\/\/moverdb.com\/hu\/wp-json\/wp\/v2\/media?parent=13985"}],"curies":[{"name":"wp","href":"https:\/\/api.w.org\/{rel}","templated":true}]}}