{"id":13961,"date":"2023-11-08T15:53:26","date_gmt":"2023-11-08T15:53:26","guid":{"rendered":"https:\/\/moverdb.com\/freight-forwarder\/freight-forwarding-uk\/colchester-freight-forwarder\/"},"modified":"2026-01-08T14:58:50","modified_gmt":"2026-01-08T14:58:50","slug":"colchester-freight-forwarder","status":"publish","type":"page","link":"https:\/\/moverdb.com\/hu\/freight-forwarder\/freight-forwarding-uk\/colchester-freight-forwarder\/","title":{"rendered":"3 Legjobb Colchester sz\u00e1ll\u00edtm\u00e1nyoz\u00f3 c\u00e9gek (2024)"},"content":{"rendered":"<p>Az al\u00e1bbiakban megvizsg\u00e1ljuk a 3 <em>\"legjobb\"<\/em> Sz\u00e1ll\u00edtm\u00e1nyoz\u00f3 c\u00e9gek Colchesterben 15-b\u0151l.<\/p>\n<p>Ha t\u00f6bbet szeretne megtudni arr\u00f3l, hogyan v\u00e1lasztottuk ki a legjobbakat, k\u00e9rj\u00fck, tekintse meg a v\u00e9g\u00e9n tal\u00e1lhat\u00f3 GYIK r\u00e9szt.<\/p>\n<p><em>K\u00e9rj\u00fck, ne feledje, hogy az al\u00e1bbi list\u00e1k nem \u00e1llnak meghat\u00e1rozott sorrendben, \u00e9s nem tesz\u00fcnk aj\u00e1nl\u00e1sokat egyetlen adott c\u00e9gre sem.<\/em><\/p>\n<div id=\"ez-toc-container\" class=\"ez-toc-v2_0_82_2 ez-toc-wrap-left counter-hierarchy ez-toc-counter ez-toc-transparent ez-toc-container-direction\">\n<div class=\"ez-toc-title-container\">\n<p class=\"ez-toc-title\" style=\"cursor:inherit\">Szakaszok<\/p>\n<span class=\"ez-toc-title-toggle\"><a href=\"#\" class=\"ez-toc-pull-right ez-toc-btn ez-toc-btn-xs ez-toc-btn-default ez-toc-toggle\" aria-label=\"Toggle Tartalomjegyz\u00e9k\"><span class=\"ez-toc-js-icon-con\"><span class=\"\"><span class=\"eztoc-hide\" style=\"display:none;\">Toggle<\/span><span class=\"ez-toc-icon-toggle-span\"><svg style=\"fill: #999;color:#999\" xmlns=\"http:\/\/www.w3.org\/2000\/svg\" class=\"list-377408\" width=\"20px\" height=\"20px\" viewbox=\"0 0 24 24\" fill=\"none\"><path d=\"M6 6H4v2h2V6zm14 0H8v2h12V6zM4 11h2v2H4v-2zm16 0H8v2h12v-2zM4 16h2v2H4v-2zm16 0H8v2h12v-2z\" fill=\"currentColor\"><\/path><\/svg><svg style=\"fill: #999;color:#999\" class=\"arrow-unsorted-368013\" xmlns=\"http:\/\/www.w3.org\/2000\/svg\" width=\"10px\" height=\"10px\" viewbox=\"0 0 24 24\" version=\"1.2\" baseprofile=\"tiny\"><path d=\"M18.2 9.3l-6.2-6.3-6.2 6.3c-.2.2-.3.4-.3.7s.1.5.3.7c.2.2.4.3.7.3h11c.3 0 .5-.1.7-.3.2-.2.3-.5.3-.7s-.1-.5-.3-.7zM5.8 14.7l6.2 6.3 6.2-6.3c.2-.2.3-.5.3-.7s-.1-.5-.3-.7c-.2-.2-.4-.3-.7-.3h-11c-.3 0-.5.1-.7.3-.2.2-.3.5-.3.7s.1.5.3.7z\"\/><\/svg><\/span><\/span><\/span><\/a><\/span><\/div>\n<nav><ul class='ez-toc-list ez-toc-list-level-1 eztoc-toggle-hide-by-default' ><li class='ez-toc-page-1 ez-toc-heading-level-2'><a class=\"ez-toc-link ez-toc-heading-1\" href=\"https:\/\/moverdb.com\/hu\/freight-forwarder\/freight-forwarding-uk\/colchester-freight-forwarder\/#Reliable_Shipping_Limited\" >Reliable Shipping Limited<\/a><\/li><li class='ez-toc-page-1 ez-toc-heading-level-2'><a class=\"ez-toc-link ez-toc-heading-2\" href=\"https:\/\/moverdb.com\/hu\/freight-forwarder\/freight-forwarding-uk\/colchester-freight-forwarder\/#Cassilon_Ltd\" >Cassilon Ltd<\/a><\/li><li class='ez-toc-page-1 ez-toc-heading-level-2'><a class=\"ez-toc-link ez-toc-heading-3\" href=\"https:\/\/moverdb.com\/hu\/freight-forwarder\/freight-forwarding-uk\/colchester-freight-forwarder\/#Freight_Unlocked_Ltd\" >Freight Unlocked Ltd<\/a><\/li><li class='ez-toc-page-1 ez-toc-heading-level-2'><a class=\"ez-toc-link ez-toc-heading-4\" href=\"https:\/\/moverdb.com\/hu\/freight-forwarder\/freight-forwarding-uk\/colchester-freight-forwarder\/#How_we_picked_the_best_Colchester_Freight_Forwarding_Companies\" >Hogyan v\u00e1lasztottuk ki a legjobb Colchester sz\u00e1ll\u00edtm\u00e1nyoz\u00f3 c\u00e9geket<\/a><\/li><\/ul><\/nav><\/div>\n<h2><span class=\"ez-toc-section\" id=\"Reliable_Shipping_Limited\"><\/span>Reliable Shipping Limited<span class=\"ez-toc-section-end\"><\/span><\/h2>\n<p><img decoding=\"async\" src=\"https:\/\/moverdb.com\/wp-content\/uploads\/AF1QipN5NQRqVKkBhSOqbVgVbEb4dnlw8bReKWqd5wbDw408-h544-k-no.jpg\" alt='Reliable Shipping Limited' class=\"aligncenter\"><\/p>\n<p><strong>A v\u00e1llalkoz\u00e1s le\u00edr\u00e1sa: <\/strong>Nemzetk\u00f6zi sz\u00e1ll\u00edtm\u00e1nyoz\u00e1s \u00e9s logisztika<\/p>\n<p><strong>Tov\u00e1bbi szolg\u00e1ltat\u00e1sok:<\/strong><\/p>\n<p>Nincs list\u00e1zva<\/p>\n<p><strong>C\u00edm:<\/strong> A egys\u00e9g <a href=\"https:\/\/moverdb.com\/hu\/international-money-transfer-services\/caxton-review\/\" data-internallinksmanager029f6b8e52c=\"372\" title=\"Caxton International Money Transfer fel\u00fclvizsg\u00e1lata 2023\">Caxton<\/a> Court Severalls Industrial Estate, Newcomen Way, Colchester CO4 9TG<\/p>\n<p><a href=\"http:\/\/reliableshipping.co.uk\/\" target=\"_new\" rel=\"noopener\">Reliable Shipping Limited honlapja<\/a><\/p>\n<p><strong>\u00c9rt\u00e9kel\u00e9si pontsz\u00e1m: <\/strong>4.1<br \/> <strong>V\u00e9lem\u00e9nyek sz\u00e1ma:<\/strong> 8<br \/><a href=\"https:\/\/www.google.co.uk\/maps?cid=5883449715287398858&#038;hl=en&#038;gl=GB\" target=\"_new\" rel=\"noopener\">V\u00e9lem\u00e9nyek olvas\u00e1sa<\/a><\/p>\n<h2><span class=\"ez-toc-section\" id=\"Cassilon_Ltd\"><\/span>Cassilon Ltd<span class=\"ez-toc-section-end\"><\/span><\/h2>\n<p><img decoding=\"async\" src=\"https:\/\/moverdb.com\/wp-content\/uploads\/thumbnailpanoidnTeZX5YmJMalWITQuBV00Qcb_clientsearch.gws-prod.gpsw408h240yaw237.jpg\" alt='Cassilon Ltd' class=\"aligncenter\"><\/p>\n<p><strong>A v\u00e1llalkoz\u00e1s le\u00edr\u00e1sa: <\/strong>Nincs megadva<\/p>\n<p><strong>Tov\u00e1bbi szolg\u00e1ltat\u00e1sok:<\/strong><\/p>\n<p>Nincs list\u00e1zva<\/p>\n<p><strong>C\u00edm:<\/strong> The Dhoon, Quintons Road, East Bergholt, Colchester CO7 6RB<\/p>\n<p><a href=\"http:\/\/www.cassilon.com\/\" target=\"_new\" rel=\"noopener\">Cassilon Ltd honlapja<\/a><\/p>\n<p><strong>\u00c9rt\u00e9kel\u00e9si pontsz\u00e1m: <\/strong>5<br \/> <strong>V\u00e9lem\u00e9nyek sz\u00e1ma:<\/strong> 1<br \/><a href=\"https:\/\/www.google.co.uk\/maps?cid=6185132341801117124&#038;hl=en&#038;gl=GB\" target=\"_new\" rel=\"noopener\">V\u00e9lem\u00e9nyek olvas\u00e1sa<\/a><\/p>\n<h2><span class=\"ez-toc-section\" id=\"Freight_Unlocked_Ltd\"><\/span>Freight Unlocked Ltd<span class=\"ez-toc-section-end\"><\/span><\/h2>\n<p><img decoding=\"async\" src=\"https:\/\/moverdb.com\/wp-content\/uploads\/thumbnailpanoide06Etnagy7TbfR4PlJGk-wcb_clientsearch.gws-prod.gpsw408h240yaw98.jpg\" alt='Freight Unlocked Ltd' class=\"aligncenter\"><\/p>\n<p><strong>A v\u00e1llalkoz\u00e1s le\u00edr\u00e1sa: <\/strong>Logisztikai \u00fcgyn\u00f6k\u00f6k \u00e1tfog\u00f3, kifinomult h\u00e1l\u00f3zat\u00e1val dolgozunk vil\u00e1gszerte.<\/p>\n<p> \u00dcgyn\u00f6keink <a href=\"https:\/\/moverdb.com\/hu\/moving-to-the-united-states\/\" data-internallinksmanager029f6b8e52c=\"94\" title=\"Az Egyes\u00fclt \u00c1llamokba k\u00f6lt\u00f6zik? 2022 Meg\u00e9lhet\u00e9si k\u00f6lts\u00e9gek \u00e9s k\u00f6lt\u00f6z\u00e9si tippek\">us<\/a> felbecs\u00fclhetetlen tud\u00e1ssal \u00e9s t\u00e1mogat\u00e1ssal a sz\u00e1ll\u00edtm\u00e1ny biztons\u00e1gos biztons\u00e1ga \u00e9s tranzitja \u00e9rdek\u00e9ben.<\/p>\n<p> Szolg\u00e1ltat\u00e1sok<\/p>\n<p>Tengeri sz\u00e1ll\u00edt\u00e1s:<br \/>\n(LCL) Kevesebb, mint a kont\u00e9nerrakom\u00e1ny<br \/>\n(FCL) Teljes kont\u00e9nerrakom\u00e1ny<br \/>\n\u00e2 \u00a2 Out Of Gauge<br \/>\n\u00e2 Reefers<br \/>\n\u00e2 \u00a2 Projektmozg\u00e1sok<br \/>\nVesz\u00e9lyes rakom\u00e1ny<br \/>\nKereszt\u00fczletek<br \/>\nEgy\u00e9ni v\u00e1mszabads\u00e1gok import\u00e1l\u00e1sa<\/p>\n<p>L\u00e9gi sz\u00e1ll\u00edtm\u00e1ny:<br \/>\n\u00e2 \u00a2 Export \u00e9s import konszolid\u00e1ci\u00f3k<br \/>\nKereszt\u00fczletek<br \/>\n\u00e2 \u00a2 Out Of Gauge<br \/>\nVesz\u00e9lyes rakom\u00e1ny<br \/>\n\u00e2 \u00a2 Import v\u00e1mkezel\u00e9s<\/p>\n<p>K\u00f6z\u00fati \u00e1rufuvaroz\u00e1s:<br \/>\nTeljes \u00e9s r\u00e9szleges terhel\u00e9s<br \/>\nExpressz szolg\u00e1ltat\u00e1sok<br \/>\n\u00e2 \u00a2 H\u0151m\u00e9rs\u00e9klet-szab\u00e1lyozott<br \/>\nVesz\u00e9lyes rakom\u00e1ny<br \/>\n\u00e2 \u00a2 Projektmozg\u00e1sok<\/p>\n<p>Rakt\u00e1roz\u00e1s:<br \/>\nV\u00e1logat\u00e1s \u00e9s csomagol\u00e1s<br \/>\n\u00e2 \u00a2 Az \u00e1ruk t\u00e1rol\u00e1sa<br \/>\nKreat\u00edv egyedi csomagol\u00e1s<br \/>\n\u00e2 \u00a2 A csomagol\u00e1s beszerz\u00e9se<\/p>\n<p><strong>Tov\u00e1bbi szolg\u00e1ltat\u00e1sok:<\/strong><\/p>\n<p>Nincs list\u00e1zva<\/p>\n<p><strong>C\u00edm:<\/strong> The Colchester Centre, Hawkins Rd, Colchester CO2 8JX<\/p>\n<p><a href=\"https:\/\/www.freightunlocked.co.uk\/\" target=\"_new\" rel=\"noopener\">Freight Unlocked Ltd honlapja<\/a><\/p>\n<p><strong>\u00c9rt\u00e9kel\u00e9si pontsz\u00e1m: <\/strong>5<br \/> <strong>V\u00e9lem\u00e9nyek sz\u00e1ma:<\/strong> 1<br \/><a href=\"https:\/\/www.google.co.uk\/maps?cid=14185732652483765426&#038;hl=en&#038;gl=GB\" target=\"_new\" rel=\"noopener\">V\u00e9lem\u00e9nyek olvas\u00e1sa<\/a><\/p>\n<h2><span class=\"ez-toc-section\" id=\"How_we_picked_the_best_Colchester_Freight_Forwarding_Companies\"><\/span>Hogyan v\u00e1lasztottuk ki a legjobb Colchester sz\u00e1ll\u00edtm\u00e1nyoz\u00f3 c\u00e9geket<span class=\"ez-toc-section-end\"><\/span><\/h2>\n<p>Egy 15 colchesteri sz\u00e1ll\u00edtm\u00e1nyoz\u00f3 c\u00e9get tartalmaz\u00f3 adathalmazzal kezdt\u00fck, amelyet a Google Maps seg\u00edts\u00e9g\u00e9vel tal\u00e1ltunk, \u00e9s lesz\u0171k\u00edtett\u00fck a 3 legjobbra.<\/p>\n<p>Ehhez elt\u00e1vol\u00edtottunk minden olyan v\u00e1llalatot, amely:<\/p>\n<ul>\n<li> Nem volt honlapja<\/li>\n<li> Nem volt \u00e9rt\u00e9kel\u00e9s<\/li>\n<li> 2.0 alatti \u00e1tlagos \u00e9rt\u00e9kel\u00e9si pontsz\u00e1mmal rendelkezett<\/li>\n<\/ul>\n<p>Ekkor, ha 17 vagy ann\u00e1l kevesebb sz\u00e1ll\u00edt\u00f3nk volt, akkor mindet felsoroltuk.<\/p>\n<p>Azokban a v\u00e1rosokban, ahol 17-n\u00e9l t\u00f6bb sz\u00e1ll\u00edtm\u00e1nyoz\u00f3 maradt, tov\u00e1bbi m\u00f3dos\u00edt\u00e1sokat hajtottunk v\u00e9gre az\u00e1ltal, hogy vagy megemelt\u00fck a sz\u00fcks\u00e9ges \u00e9rt\u00e9kel\u00e9si pontsz\u00e1mot (pl. a minim\u00e1lis 2,0-r\u00f3l 4,0-ra) \u00e9s\/vagy megn\u00f6velt\u00fck a sz\u00fcks\u00e9ges \u00e9rt\u00e9kel\u00e9sek minim\u00e1lis sz\u00e1m\u00e1t (pl. legal\u00e1bb 1 \u00e9rt\u00e9kel\u00e9sr\u0151l legal\u00e1bb 10-re).<\/p>\n<p>Megjegyzend\u0151, hogy csak a Google Maps \u00e1ttekint\u00e9si adatait haszn\u00e1ltuk fel, m\u00e1s, harmadik f\u00e9lt\u0151l sz\u00e1rmaz\u00f3 weboldalakat nem.<\/p>\n<p>Tov\u00e1bbi v\u00e1rosok:<\/p>\n<p><a href=\"https:\/\/moverdb.com\/hu\/szallitmanyozo\/freight-forwarding-uk\/northampton-freight-forwarder\/\">Northampton sz\u00e1ll\u00edtm\u00e1nyoz\u00f3<\/a><br \/><a href=\"https:\/\/moverdb.com\/hu\/szallitmanyozo\/freight-forwarding-uk\/iver-freight-forwarder\/\">Iver sz\u00e1ll\u00edtm\u00e1nyoz\u00f3<\/a><br \/><a href=\"https:\/\/moverdb.com\/hu\/szallitmanyozo\/freight-forwarding-uk\/nuneaton-freight-forwarder\/\">Nuneaton sz\u00e1ll\u00edtm\u00e1nyoz\u00f3<\/a><br \/><a href=\"https:\/\/moverdb.com\/hu\/szallitmanyozo\/freight-forwarding-uk\/belvedere-freight-forwarder\/\">Belvedere sz\u00e1ll\u00edtm\u00e1nyoz\u00f3<\/a><br \/><a href=\"https:\/\/moverdb.com\/hu\/szallitmanyozo\/freight-forwarding-uk\/portsmouth-freight-forwarder\/\">Portsmouth sz\u00e1ll\u00edtm\u00e1nyoz\u00f3<\/a><\/p>","protected":false},"excerpt":{"rendered":"<p>Below we look at the 3 &#8220;best&#8221; Freight Forwarding companies in Colchester out of 15. To learn more about how we chose the best please consult our FAQ section at the end. Please not the following listings are in no particular order and we are not making any recommendations for any particular company. Reliable Shipping [&hellip;]<\/p>\n","protected":false},"author":1,"featured_media":0,"parent":13427,"menu_order":0,"comment_status":"open","ping_status":"open","template":"","meta":{"_genesis_hide_title":false,"_genesis_hide_breadcrumbs":false,"_genesis_hide_singular_image":false,"_genesis_hide_footer_widgets":false,"_genesis_custom_body_class":"","_genesis_custom_post_class":"","_genesis_layout":"","footnotes":""},"class_list":{"0":"post-13961","1":"page","2":"type-page","3":"status-publish","5":"entry"},"_links":{"self":[{"href":"https:\/\/moverdb.com\/hu\/wp-json\/wp\/v2\/pages\/13961","targetHints":{"allow":["GET"]}}],"collection":[{"href":"https:\/\/moverdb.com\/hu\/wp-json\/wp\/v2\/pages"}],"about":[{"href":"https:\/\/moverdb.com\/hu\/wp-json\/wp\/v2\/types\/page"}],"author":[{"embeddable":true,"href":"https:\/\/moverdb.com\/hu\/wp-json\/wp\/v2\/users\/1"}],"replies":[{"embeddable":true,"href":"https:\/\/moverdb.com\/hu\/wp-json\/wp\/v2\/comments?post=13961"}],"version-history":[{"count":1,"href":"https:\/\/moverdb.com\/hu\/wp-json\/wp\/v2\/pages\/13961\/revisions"}],"predecessor-version":[{"id":15763,"href":"https:\/\/moverdb.com\/hu\/wp-json\/wp\/v2\/pages\/13961\/revisions\/15763"}],"up":[{"embeddable":true,"href":"https:\/\/moverdb.com\/hu\/wp-json\/wp\/v2\/pages\/13427"}],"wp:attachment":[{"href":"https:\/\/moverdb.com\/hu\/wp-json\/wp\/v2\/media?parent=13961"}],"curies":[{"name":"wp","href":"https:\/\/api.w.org\/{rel}","templated":true}]}}